{"id":2346,"date":"2024-11-18T10:11:24","date_gmt":"2024-11-18T10:11:24","guid":{"rendered":"https:\/\/svenskamedbaby.se\/?page_id=2346"},"modified":"2024-11-18T10:22:54","modified_gmt":"2024-11-18T10:22:54","slug":"anna-sarkadi-fullstandig-text","status":"publish","type":"page","link":"https:\/\/svenskamedbaby.se\/ar\/anna-sarkadi-fullstandig-text\/","title":{"rendered":"Anna Sarkadi, fullst\u00e4ndig text"},"content":{"rendered":"\t\t<div data-elementor-type=\"wp-page\" data-elementor-id=\"2346\" class=\"elementor elementor-2346\" data-elementor-post-type=\"page\">\n\t\t\t\t<div class=\"elementor-element elementor-element-474e230 e-flex e-con-boxed e-con e-parent\" data-id=\"474e230\" data-element_type=\"container\" data-e-type=\"container\" data-settings=\"{&quot;background_background&quot;:&quot;classic&quot;}\">\n\t\t\t\t\t<div class=\"e-con-inner\">\n\t\t<div class=\"elementor-element elementor-element-95b4d03 e-con-full animated-slow e-flex elementor-invisible e-con e-child\" data-id=\"95b4d03\" data-element_type=\"container\" data-e-type=\"container\" data-settings=\"{&quot;animation&quot;:&quot;fadeIn&quot;,&quot;animation_delay&quot;:100,&quot;animation_mobile&quot;:&quot;none&quot;}\">\n\t\t\t\t<div class=\"elementor-element elementor-element-1084ba81 elementor-view-default elementor-widget elementor-widget-icon\" data-id=\"1084ba81\" data-element_type=\"widget\" data-e-type=\"widget\" data-widget_type=\"icon.default\">\n\t\t\t\t<div class=\"elementor-widget-container\">\n\t\t\t\t\t\t\t<div class=\"elementor-icon-wrapper\">\n\t\t\t<div class=\"elementor-icon\">\n\t\t\t<svg aria-hidden=\"true\" class=\"e-font-icon-svg e-fas-quote-left\" viewBox=\"0 0 512 512\" xmlns=\"http:\/\/www.w3.org\/2000\/svg\"><path d=\"M464 256h-80v-64c0-35.3 28.7-64 64-64h8c13.3 0 24-10.7 24-24V56c0-13.3-10.7-24-24-24h-8c-88.4 0-160 71.6-160 160v240c0 26.5 21.5 48 48 48h128c26.5 0 48-21.5 48-48V304c0-26.5-21.5-48-48-48zm-288 0H96v-64c0-35.3 28.7-64 64-64h8c13.3 0 24-10.7 24-24V56c0-13.3-10.7-24-24-24h-8C71.6 32 0 103.6 0 192v240c0 26.5 21.5 48 48 48h128c26.5 0 48-21.5 48-48V304c0-26.5-21.5-48-48-48z\"><\/path><\/svg>\t\t\t<\/div>\n\t\t<\/div>\n\t\t\t\t\t\t<\/div>\n\t\t\t\t<\/div>\n\t\t\t\t<div class=\"elementor-element elementor-element-2421867c elementor-widget elementor-widget-heading\" data-id=\"2421867c\" data-element_type=\"widget\" data-e-type=\"widget\" data-widget_type=\"heading.default\">\n\t\t\t\t<div class=\"elementor-widget-container\">\n\t\t\t\t\t<h2 class=\"elementor-heading-title elementor-size-default\">Det beh\u00f6vs mer kunskap om pappors betydelse.\u201d<\/h2>\t\t\t\t<\/div>\n\t\t\t\t<\/div>\n\t\t\t\t<div class=\"elementor-element elementor-element-6712e222 elementor-widget-divider--view-line elementor-widget elementor-widget-divider\" data-id=\"6712e222\" data-element_type=\"widget\" data-e-type=\"widget\" data-widget_type=\"divider.default\">\n\t\t\t\t<div class=\"elementor-widget-container\">\n\t\t\t\t\t\t\t<div class=\"elementor-divider\">\n\t\t\t<span class=\"elementor-divider-separator\">\n\t\t\t\t\t\t<\/span>\n\t\t<\/div>\n\t\t\t\t\t\t<\/div>\n\t\t\t\t<\/div>\n\t\t\t\t<div class=\"elementor-element elementor-element-6e0b430b elementor-widget elementor-widget-text-editor\" data-id=\"6e0b430b\" data-element_type=\"widget\" data-e-type=\"widget\" data-widget_type=\"text-editor.default\">\n\t\t\t\t<div class=\"elementor-widget-container\">\n\t\t\t\t\t\t\t\t\t<p style=\"font-weight: 400;\"><strong>Barn med engagerade pappor utvecklar b\u00e4ttre spr\u00e5k, f\u00e4rre beteendeproblem och starkare emotionell sj\u00e4lvreglering. Trots detta riktas v\u00e5rdens information och st\u00f6d oftast mot mamman, och pappans avg\u00f6rande roll f\u00f6rbises. M\u00f6t Anna Sarkadi som bland annat forskar om pappans roll.\u00a0<\/strong><br \/><br \/>Pappans roll i barnets liv har under de senaste decennierna f\u00e5tt allt st\u00f6rre uppm\u00e4rksamhet inom forskningen. Anna Sarkadi \u00e4r professor i socialmedicin vid Uppsala universitet och medlem i forskargruppen CHAP, Child Health and Parenting. Hennes forskning fokuserar p\u00e5 f\u00f6r\u00e4ldraskapets betydelse f\u00f6r barns h\u00e4lsa och utveckling. Hon har genom sina studier belyst hur viktig pappans n\u00e4rvaro och engagemang \u00e4r f\u00f6r barnets kognitiva och emotionella utveckling. S\u00e5 pass viktigt att Sarkadi tycker att det \u00e4r m\u00e4rkligt att det inte g\u00f6rs st\u00f6rre satsningar f\u00f6r att inkludera papporna mer i f\u00f6r\u00e4ldraskapet.\u00a0<\/p><p style=\"font-weight: 400;\"><strong>Pappans p\u00e5verkan p\u00e5 barns utveckling<\/strong><br \/>Anna Sarkadi ser att det finns otroligt mycket att jobba med f\u00f6r de instanser som m\u00f6ter f\u00f6r\u00e4ldrar till de minsta barnen.\u00a0Forskning visar att pappans delaktighet p\u00e5verkar barnets utveckling inom tre centrala omr\u00e5den. Spr\u00e5klig utveckling: Barn som har en engagerad pappa tenderar att ha en b\u00e4ttre spr\u00e5kutveckling. Pappor bidrar ofta med ett annat s\u00e4tt att kommunicera, vilket berikar barnets spr\u00e5kliga f\u00f6rm\u00e5gor. Adekvat stimulans: Genom lek och interaktion erbjuder pappor en unik form av stimulans. De utmanar ofta barnet p\u00e5 s\u00e4tt som fr\u00e4mjar problem- l\u00f6sning och kreativt t\u00e4nkande. Emotionell sj\u00e4lvreglering och minskade beteendeproblem:\u00a0Barn med engagerade pappor utvecklar b\u00e4ttre f\u00f6rm\u00e5ga att hantera k\u00e4nslor och stress. Detta leder till f\u00e4rre beteendproblem.\u00a0<br \/><br \/><strong>Sambandet mellan pappainvolvering och kriminalitet<\/strong><br \/>Med den \u00f6kande kriminaliteten bland barn och unga lyfts fr\u00e5gorna kring varf\u00f6r detta sker, vad f\u00e5r en ton\u00e5ring att ansluta sig till den undre v\u00e4rlden?<br \/>\u201dSom jag n\u00e4mnt s\u00e5 visar forskningen att bristande f\u00f6r\u00e4ldrainvolvering, s\u00e4rskilt fr\u00e5n pappans sida, kan leda till \u00f6kade risker f\u00f6r beteendeproblem och sociala sv\u00e5righeter hos barn och ungdomar\u201d,\u00a0s\u00e4ger Sarkadi. \u00c4ven om sambandet mellan fr\u00e5nvarande f\u00f6r\u00e4ldrar och kriminalitet \u00e4r komplext och p\u00e5verkas av m\u00e5nga faktorer som socioekonomiska f\u00f6rh\u00e5llanden, utbildningsm\u00f6jligheter och samh\u00e4llets st\u00f6dstrukturer, anser Sarkadi att pappors engagemang \u00e4r en viktig del i att minska dessa risker.\u00a0\u00a0<\/p><p style=\"font-weight: 400;\"><strong>Bristande representation och st\u00f6d f\u00f6r pappor inom v\u00e5rden<\/strong><br \/>Trots den erk\u00e4nda betydelsen av pappans roll, pekar Sarkadis studier p\u00e5 att barnav\u00e5rdscentraler (BVC) och f\u00f6r\u00e4ldrast\u00f6dsprogram ofta riktar sig mer till mammor. Material och information \u00e4r i huvudsak utformade f\u00f6r m\u00f6drar, och det finns f\u00e4rre bilder och representation av pappor med barn. Affischer p\u00e5 mottagningar fokuserar ibland mer p\u00e5 negativa aspekter, s\u00e5som m\u00e4ns v\u00e5ld mot kvinnor, snarare \u00e4n att lyfta fram pappans positiva roll.<br \/>\u201cTilltalet \u00e4r oerh\u00f6rt viktigt och m\u00e5ste f\u00f6r\u00e4ndras om papporna ska k\u00e4nna sig inbjudna p\u00e5 samma s\u00e4tt som mammorna\u201d, menar Sarkadi.<br \/>\u201cGenom att explicit bjuda in pappor och inkludera dem i kommunikation och aktiviteter, \u00f6kar chansen att de deltar aktivt i barnets v\u00e5rd och utveckling. Det handlar sj\u00e4lvklart ocks\u00e5 om personalen p\u00e5 BVC och liknande institutioner. Genom att uppmuntra pappor att delta i bes\u00f6k och skapa m\u00f6jligheter f\u00f6r dem att diskutera sitt f\u00f6r\u00e4ldraskap och psykiska h\u00e4lsa, kan man \u00f6ka deras engagemang.\u201d\u00a0<br \/>Vissa mottagningar har lyckats f\u00e5 upp till 100 procent av papporna att delta genom riktade insatser och v\u00e4lkomnande attityder. <br \/><br \/><strong>Psykisk oh\u00e4lsa hos pappor<\/strong><br \/>Det \u00e4r ocks\u00e5 viktigt att uppm\u00e4rksamma att pappor, liksom mammor, kan drabbas av psykisk oh\u00e4lsa s\u00e5som depression. Man r\u00e4knar med att omkring 8-10 procent av alla pappor drabbas av det, efter att ha f\u00e5tt barn. Genom att inkludera pappor i v\u00e5rden kan man tidigt uppt\u00e4cka och behandla dessa problem.\u00a0Sarkadi n\u00e4mner ocks\u00e5 att det beh\u00f6vs mer information om praktikaliteter, s\u00e5 som att man kan ta ut f\u00f6r\u00e4ldrapenning f\u00f6r att f\u00f6lja med barnet till h\u00e4lsoinsatser, som BVC.\u00a0<\/p><p style=\"font-weight: 400;\"><strong>Ekonomiska och kulturella utmaningar<\/strong><br \/>Ekonomin \u00e4r ett viktigt kapitel.\u00a0I vissa l\u00e4nder \u00e4r pappans viktigaste roll att st\u00e5 f\u00f6r inkomsterna, att se till att familjen har mat p\u00e5 bordet helt enkelt. Att f\u00f6rv\u00e4nta sig att m\u00e4nniskor som\u00a0kommer till Sverige per automatik ska anpassa sig till hur vi ser p\u00e5 f\u00f6r\u00e4ldrarollen g\u00e5r inte, menar Sarkadi, h\u00e4r m\u00e5ste vi kunna m\u00f6tas och kompromissa.<br \/>\u201cAtt vara en bra pappa ser olika ut i olika kulturer. Det g\u00e5r inte att f\u00f6rs\u00f6ka forma alla pappor efter en enda mall, som latte-hipster-pappan. Ist\u00e4llet b\u00f6r man uppskatta och st\u00f6dja olika s\u00e4tt att vara pappa, s\u00e5 l\u00e4nge relationen till barnet \u00e4r varm och st\u00f6ttande.\u201d<\/p><p style=\"font-weight: 400;\"><strong>Vikten av pappans delaktighet f\u00f6r barnets framtid<\/strong><br \/>Pappans delaktighet \u00e4r avg\u00f6rande f\u00f6r barnets holistiska utveckling, det visar en i stort sett \u00a0enh\u00e4llig forskning. Genom att erk\u00e4nna och fr\u00e4mja pappans roll kan vi bidra till f\u00f6rb\u00e4ttrad spr\u00e5kutveckling, emotionell sj\u00e4lvreglering och minskade beteendeproblem hos barn. Det \u00e4r dock viktigt att betona att det biologiska bandet till barnet inte \u00e4r det viktiga: det \u00e4r vilken roll en pappa eller pappafigur spelar i barnets liv, visar forskningen. Verksamheter inom v\u00e5rd och omsorg beh\u00f6ver allts\u00e5 aktivt inkludera pappor och anpassa sina milj\u00f6er och kommunikation f\u00f6r att vara mer v\u00e4lkomnande.<\/p><p style=\"font-weight: 400;\">Med st\u00f6d fr\u00e5n samh\u00e4llet och medvetenhet om kulturella skillnader kan vi tillsammans arbeta f\u00f6r att alla f\u00f6r\u00e4ldrar ska k\u00e4nna sig viktiga och delaktiga i sina barns liv. Och trots de utmaningar som finns \u00e4r Sarkadi optimistisk. Det finns en \u00f6kad \u00f6ppenhet och f\u00f6rst\u00e5else f\u00f6r pappans betydelse i barnets liv. Lokala initiativ som de pappatr\u00e4ffar som Svenska med baby h\u00e5ller och ut\u00f6kade hembes\u00f6k av BVC d\u00e4r man aktivt f\u00f6rs\u00f6ker inkludera pappor, visar lovande resultat. Det \u00e4r ocks\u00e5 positivt att det numera ing\u00e5r ett eget bes\u00f6k f\u00f6r den icke-f\u00f6dande f\u00f6r\u00e4ldern vid BVC n\u00e4r barnet \u00e4r fyra m\u00e5nader gammalt. Genom tidiga insatser och ett samh\u00e4lle som v\u00e4rdes\u00e4tter b\u00e5da f\u00f6r\u00e4ldrarnas roll, kan vi skapa b\u00e4ttre f\u00f6ruts\u00e4ttningar f\u00f6r framtida generationer.<br \/><br \/><strong>\u201cAlla f\u00f6r\u00e4ldrar vill sina barns b\u00e4sta, och genom att st\u00f6tta b\u00e5de mammor och pappor kan vi skapa en starkare och mer inkluderande framtid f\u00f6r v\u00e5ra barn,\u201d\u00a0<\/strong>avslutar Sarkadi.<\/p><p style=\"font-weight: 400;\"><strong>L\u00e4s hela rapporten\u00a0<\/strong><a href=\"https:\/\/shorturl.at\/jDSQU\"><strong>h\u00e4r<\/strong><\/a><\/p>\t\t\t\t\t\t\t\t<\/div>\n\t\t\t\t<\/div>\n\t\t\t\t<\/div>\n\t\t<div class=\"elementor-element elementor-element-1422b1bd e-con-full elementor-hidden-mobile image-500x500 e-flex elementor-invisible e-con e-child\" data-id=\"1422b1bd\" data-element_type=\"container\" data-e-type=\"container\" data-settings=\"{&quot;animation&quot;:&quot;slideInUp&quot;}\">\n\t\t\t\t<div class=\"elementor-element elementor-element-69606069 image-500x500 elementor-widget elementor-widget-image\" data-id=\"69606069\" data-element_type=\"widget\" data-e-type=\"widget\" data-settings=\"{&quot;motion_fx_motion_fx_scrolling&quot;:&quot;yes&quot;,&quot;motion_fx_translateY_effect&quot;:&quot;yes&quot;,&quot;motion_fx_translateY_speed&quot;:{&quot;unit&quot;:&quot;px&quot;,&quot;size&quot;:1.8,&quot;sizes&quot;:[]},&quot;motion_fx_translateY_affectedRange&quot;:{&quot;unit&quot;:&quot;%&quot;,&quot;size&quot;:&quot;&quot;,&quot;sizes&quot;:{&quot;start&quot;:0,&quot;end&quot;:100}},&quot;motion_fx_devices&quot;:[&quot;desktop&quot;,&quot;tablet&quot;,&quot;mobile&quot;]}\" data-widget_type=\"image.default\">\n\t\t\t\t<div class=\"elementor-widget-container\">\n\t\t\t\t\t\t\t\t\t\t\t\t\t\t\t<img fetchpriority=\"high\" decoding=\"async\" width=\"500\" height=\"500\" src=\"https:\/\/svenskamedbaby.se\/wp-content\/uploads\/2024\/11\/Anna-Sarkadi_square-500x500.png\" class=\"attachment-thumbrelated size-thumbrelated wp-image-2315\" alt=\"\" srcset=\"https:\/\/svenskamedbaby.se\/wp-content\/uploads\/2024\/11\/Anna-Sarkadi_square-500x500.png 500w, https:\/\/svenskamedbaby.se\/wp-content\/uploads\/2024\/11\/Anna-Sarkadi_square-150x150.png 150w, https:\/\/svenskamedbaby.se\/wp-content\/uploads\/2024\/11\/Anna-Sarkadi_square-300x300.png 300w, https:\/\/svenskamedbaby.se\/wp-content\/uploads\/2024\/11\/Anna-Sarkadi_square-13x12.png 13w\" sizes=\"(max-width: 500px) 100vw, 500px\" \/>\t\t\t\t\t\t\t\t\t\t\t\t\t\t\t<\/div>\n\t\t\t\t<\/div>\n\t\t\t\t<\/div>\n\t\t\t\t\t<\/div>\n\t\t\t\t<\/div>\n\t\t\t\t<\/div>\n\t\t","protected":false},"excerpt":{"rendered":"<p>Det beh\u00f6vs mer kunskap om pappors betydelse.\u201d Barn med engagerade pappor utvecklar b\u00e4ttre spr\u00e5k, f\u00e4rre beteendeproblem och starkare emotionell sj\u00e4lvreglering. Trots detta riktas v\u00e5rdens information och st\u00f6d oftast mot mamman, och pappans avg\u00f6rande roll f\u00f6rbises. M\u00f6t Anna Sarkadi som bland annat forskar om pappans roll.\u00a0 Pappans roll i barnets liv har under de senaste decennierna&#8230;<\/p>","protected":false},"author":4,"featured_media":0,"parent":0,"menu_order":0,"comment_status":"closed","ping_status":"closed","template":"","meta":{"_kad_post_transparent":"","_kad_post_title":"hide","_kad_post_layout":"fullwidth","_kad_post_sidebar_id":"","_kad_post_content_style":"unboxed","_kad_post_vertical_padding":"hide","_kad_post_feature":"hide","_kad_post_feature_position":"","_kad_post_header":false,"_kad_post_footer":false,"footnotes":""},"class_list":["post-2346","page","type-page","status-publish","hentry"],"yoast_head":"<!-- This site is optimized with the Yoast SEO plugin v27.3 - https:\/\/yoast.com\/product\/yoast-seo-wordpress\/ -->\n<title>Anna Sarkadi, fullst\u00e4ndig text - Svenska med baby<\/title>\n<meta name=\"robots\" content=\"index, follow, max-snippet:-1, max-image-preview:large, max-video-preview:-1\" \/>\n<link rel=\"canonical\" href=\"https:\/\/svenskamedbaby.se\/ar\/anna-sarkadi-fullstandig-text\/\" \/>\n<meta property=\"og:locale\" content=\"ar_AR\" \/>\n<meta property=\"og:type\" content=\"article\" \/>\n<meta property=\"og:title\" content=\"Anna Sarkadi, fullst\u00e4ndig text - Svenska med baby\" \/>\n<meta property=\"og:description\" content=\"Det beh\u00f6vs mer kunskap om pappors betydelse.\u201d Barn med engagerade pappor utvecklar b\u00e4ttre spr\u00e5k, f\u00e4rre beteendeproblem och starkare emotionell sj\u00e4lvreglering. Trots detta riktas v\u00e5rdens information och st\u00f6d oftast mot mamman, och pappans avg\u00f6rande roll f\u00f6rbises. M\u00f6t Anna Sarkadi som bland annat forskar om pappans roll.\u00a0 Pappans roll i barnets liv har under de senaste decennierna...\" \/>\n<meta property=\"og:url\" content=\"https:\/\/svenskamedbaby.se\/ar\/anna-sarkadi-fullstandig-text\/\" \/>\n<meta property=\"og:site_name\" content=\"Svenska med baby\" \/>\n<meta property=\"article:publisher\" content=\"https:\/\/www.facebook.com\/svenskamedbaby\" \/>\n<meta property=\"article:modified_time\" content=\"2024-11-18T10:22:54+00:00\" \/>\n<meta property=\"og:image\" content=\"https:\/\/svenskamedbaby.se\/wp-content\/uploads\/2024\/11\/Anna-Sarkadi_square-500x500.png\" \/>\n<meta name=\"twitter:card\" content=\"summary_large_image\" \/>\n<meta name=\"twitter:label1\" content=\"\u0648\u0642\u062a \u0627\u0644\u0642\u0631\u0627\u0621\u0629 \u0627\u0644\u0645\u064f\u0642\u062f\u0651\u0631\" \/>\n\t<meta name=\"twitter:data1\" content=\"5 \u062f\u0642\u0627\u0626\u0642\" \/>\n<script type=\"application\/ld+json\" class=\"yoast-schema-graph\">{\"@context\":\"https:\\\/\\\/schema.org\",\"@graph\":[{\"@type\":\"WebPage\",\"@id\":\"https:\\\/\\\/svenskamedbaby.se\\\/anna-sarkadi-fullstandig-text\\\/\",\"url\":\"https:\\\/\\\/svenskamedbaby.se\\\/anna-sarkadi-fullstandig-text\\\/\",\"name\":\"Anna Sarkadi, fullst\u00e4ndig text - Svenska med baby\",\"isPartOf\":{\"@id\":\"https:\\\/\\\/svenskamedbaby.se\\\/#website\"},\"primaryImageOfPage\":{\"@id\":\"https:\\\/\\\/svenskamedbaby.se\\\/anna-sarkadi-fullstandig-text\\\/#primaryimage\"},\"image\":{\"@id\":\"https:\\\/\\\/svenskamedbaby.se\\\/anna-sarkadi-fullstandig-text\\\/#primaryimage\"},\"thumbnailUrl\":\"https:\\\/\\\/svenskamedbaby.se\\\/wp-content\\\/uploads\\\/2024\\\/11\\\/Anna-Sarkadi_square-500x500.png\",\"datePublished\":\"2024-11-18T10:11:24+00:00\",\"dateModified\":\"2024-11-18T10:22:54+00:00\",\"breadcrumb\":{\"@id\":\"https:\\\/\\\/svenskamedbaby.se\\\/anna-sarkadi-fullstandig-text\\\/#breadcrumb\"},\"inLanguage\":\"ar\",\"potentialAction\":[{\"@type\":\"ReadAction\",\"target\":[\"https:\\\/\\\/svenskamedbaby.se\\\/anna-sarkadi-fullstandig-text\\\/\"]}]},{\"@type\":\"ImageObject\",\"inLanguage\":\"ar\",\"@id\":\"https:\\\/\\\/svenskamedbaby.se\\\/anna-sarkadi-fullstandig-text\\\/#primaryimage\",\"url\":\"https:\\\/\\\/svenskamedbaby.se\\\/wp-content\\\/uploads\\\/2024\\\/11\\\/Anna-Sarkadi_square-500x500.png\",\"contentUrl\":\"https:\\\/\\\/svenskamedbaby.se\\\/wp-content\\\/uploads\\\/2024\\\/11\\\/Anna-Sarkadi_square-500x500.png\"},{\"@type\":\"BreadcrumbList\",\"@id\":\"https:\\\/\\\/svenskamedbaby.se\\\/anna-sarkadi-fullstandig-text\\\/#breadcrumb\",\"itemListElement\":[{\"@type\":\"ListItem\",\"position\":1,\"name\":\"Home\",\"item\":\"https:\\\/\\\/svenskamedbaby.se\\\/\"},{\"@type\":\"ListItem\",\"position\":2,\"name\":\"Anna Sarkadi, fullst\u00e4ndig text\"}]},{\"@type\":\"WebSite\",\"@id\":\"https:\\\/\\\/svenskamedbaby.se\\\/#website\",\"url\":\"https:\\\/\\\/svenskamedbaby.se\\\/\",\"name\":\"Svenska med baby\",\"description\":\"Tr\u00e4ffar f\u00f6r sm\u00e5barn och vuxna med olika bakrund\",\"publisher\":{\"@id\":\"https:\\\/\\\/svenskamedbaby.se\\\/#organization\"},\"potentialAction\":[{\"@type\":\"SearchAction\",\"target\":{\"@type\":\"EntryPoint\",\"urlTemplate\":\"https:\\\/\\\/svenskamedbaby.se\\\/?s={search_term_string}\"},\"query-input\":{\"@type\":\"PropertyValueSpecification\",\"valueRequired\":true,\"valueName\":\"search_term_string\"}}],\"inLanguage\":\"ar\"},{\"@type\":\"Organization\",\"@id\":\"https:\\\/\\\/svenskamedbaby.se\\\/#organization\",\"name\":\"Svenska med baby\",\"url\":\"https:\\\/\\\/svenskamedbaby.se\\\/\",\"logo\":{\"@type\":\"ImageObject\",\"inLanguage\":\"ar\",\"@id\":\"https:\\\/\\\/svenskamedbaby.se\\\/#\\\/schema\\\/logo\\\/image\\\/\",\"url\":\"https:\\\/\\\/svenskamedbaby.se\\\/wp-content\\\/uploads\\\/2024\\\/01\\\/cropped-logo-liggande_orange.png\",\"contentUrl\":\"https:\\\/\\\/svenskamedbaby.se\\\/wp-content\\\/uploads\\\/2024\\\/01\\\/cropped-logo-liggande_orange.png\",\"width\":3101,\"height\":1056,\"caption\":\"Svenska med baby\"},\"image\":{\"@id\":\"https:\\\/\\\/svenskamedbaby.se\\\/#\\\/schema\\\/logo\\\/image\\\/\"},\"sameAs\":[\"https:\\\/\\\/www.facebook.com\\\/svenskamedbaby\",\"https:\\\/\\\/www.instagram.com\\\/svenskamedbaby\\\/\",\"https:\\\/\\\/www.youtube.com\\\/@svenskamedbaby2469\"]}]}<\/script>\n<!-- \/ Yoast SEO plugin. -->","yoast_head_json":{"title":"Anna Sarkadi, fullst\u00e4ndig text - Svenska med baby","robots":{"index":"index","follow":"follow","max-snippet":"max-snippet:-1","max-image-preview":"max-image-preview:large","max-video-preview":"max-video-preview:-1"},"canonical":"https:\/\/svenskamedbaby.se\/ar\/anna-sarkadi-fullstandig-text\/","og_locale":"ar_AR","og_type":"article","og_title":"Anna Sarkadi, fullst\u00e4ndig text - Svenska med baby","og_description":"Det beh\u00f6vs mer kunskap om pappors betydelse.\u201d Barn med engagerade pappor utvecklar b\u00e4ttre spr\u00e5k, f\u00e4rre beteendeproblem och starkare emotionell sj\u00e4lvreglering. Trots detta riktas v\u00e5rdens information och st\u00f6d oftast mot mamman, och pappans avg\u00f6rande roll f\u00f6rbises. M\u00f6t Anna Sarkadi som bland annat forskar om pappans roll.\u00a0 Pappans roll i barnets liv har under de senaste decennierna...","og_url":"https:\/\/svenskamedbaby.se\/ar\/anna-sarkadi-fullstandig-text\/","og_site_name":"Svenska med baby","article_publisher":"https:\/\/www.facebook.com\/svenskamedbaby","article_modified_time":"2024-11-18T10:22:54+00:00","og_image":[{"url":"https:\/\/svenskamedbaby.se\/wp-content\/uploads\/2024\/11\/Anna-Sarkadi_square-500x500.png","type":"","width":"","height":""}],"twitter_card":"summary_large_image","twitter_misc":{"\u0648\u0642\u062a \u0627\u0644\u0642\u0631\u0627\u0621\u0629 \u0627\u0644\u0645\u064f\u0642\u062f\u0651\u0631":"5 \u062f\u0642\u0627\u0626\u0642"},"schema":{"@context":"https:\/\/schema.org","@graph":[{"@type":"WebPage","@id":"https:\/\/svenskamedbaby.se\/anna-sarkadi-fullstandig-text\/","url":"https:\/\/svenskamedbaby.se\/anna-sarkadi-fullstandig-text\/","name":"Anna Sarkadi, fullst\u00e4ndig text - Svenska med baby","isPartOf":{"@id":"https:\/\/svenskamedbaby.se\/#website"},"primaryImageOfPage":{"@id":"https:\/\/svenskamedbaby.se\/anna-sarkadi-fullstandig-text\/#primaryimage"},"image":{"@id":"https:\/\/svenskamedbaby.se\/anna-sarkadi-fullstandig-text\/#primaryimage"},"thumbnailUrl":"https:\/\/svenskamedbaby.se\/wp-content\/uploads\/2024\/11\/Anna-Sarkadi_square-500x500.png","datePublished":"2024-11-18T10:11:24+00:00","dateModified":"2024-11-18T10:22:54+00:00","breadcrumb":{"@id":"https:\/\/svenskamedbaby.se\/anna-sarkadi-fullstandig-text\/#breadcrumb"},"inLanguage":"ar","potentialAction":[{"@type":"ReadAction","target":["https:\/\/svenskamedbaby.se\/anna-sarkadi-fullstandig-text\/"]}]},{"@type":"ImageObject","inLanguage":"ar","@id":"https:\/\/svenskamedbaby.se\/anna-sarkadi-fullstandig-text\/#primaryimage","url":"https:\/\/svenskamedbaby.se\/wp-content\/uploads\/2024\/11\/Anna-Sarkadi_square-500x500.png","contentUrl":"https:\/\/svenskamedbaby.se\/wp-content\/uploads\/2024\/11\/Anna-Sarkadi_square-500x500.png"},{"@type":"BreadcrumbList","@id":"https:\/\/svenskamedbaby.se\/anna-sarkadi-fullstandig-text\/#breadcrumb","itemListElement":[{"@type":"ListItem","position":1,"name":"Home","item":"https:\/\/svenskamedbaby.se\/"},{"@type":"ListItem","position":2,"name":"Anna Sarkadi, fullst\u00e4ndig text"}]},{"@type":"WebSite","@id":"https:\/\/svenskamedbaby.se\/#website","url":"https:\/\/svenskamedbaby.se\/","name":"Svenska med baby","description":"\u0627\u062c\u062a\u0645\u0627\u0639\u0627\u062a \u0644\u0644\u0623\u0637\u0641\u0627\u0644 \u0627\u0644\u0635\u063a\u0627\u0631 \u0648\u0627\u0644\u0643\u0628\u0627\u0631 \u0645\u0646 \u062e\u0644\u0641\u064a\u0627\u062a \u0645\u062e\u062a\u0644\u0641\u0629","publisher":{"@id":"https:\/\/svenskamedbaby.se\/#organization"},"potentialAction":[{"@type":"SearchAction","target":{"@type":"EntryPoint","urlTemplate":"https:\/\/svenskamedbaby.se\/?s={search_term_string}"},"query-input":{"@type":"PropertyValueSpecification","valueRequired":true,"valueName":"search_term_string"}}],"inLanguage":"ar"},{"@type":"Organization","@id":"https:\/\/svenskamedbaby.se\/#organization","name":"Svenska med baby","url":"https:\/\/svenskamedbaby.se\/","logo":{"@type":"ImageObject","inLanguage":"ar","@id":"https:\/\/svenskamedbaby.se\/#\/schema\/logo\/image\/","url":"https:\/\/svenskamedbaby.se\/wp-content\/uploads\/2024\/01\/cropped-logo-liggande_orange.png","contentUrl":"https:\/\/svenskamedbaby.se\/wp-content\/uploads\/2024\/01\/cropped-logo-liggande_orange.png","width":3101,"height":1056,"caption":"Svenska med baby"},"image":{"@id":"https:\/\/svenskamedbaby.se\/#\/schema\/logo\/image\/"},"sameAs":["https:\/\/www.facebook.com\/svenskamedbaby","https:\/\/www.instagram.com\/svenskamedbaby\/","https:\/\/www.youtube.com\/@svenskamedbaby2469"]}]}},"_links":{"self":[{"href":"https:\/\/svenskamedbaby.se\/ar\/wp-json\/wp\/v2\/pages\/2346","targetHints":{"allow":["GET"]}}],"collection":[{"href":"https:\/\/svenskamedbaby.se\/ar\/wp-json\/wp\/v2\/pages"}],"about":[{"href":"https:\/\/svenskamedbaby.se\/ar\/wp-json\/wp\/v2\/types\/page"}],"author":[{"embeddable":true,"href":"https:\/\/svenskamedbaby.se\/ar\/wp-json\/wp\/v2\/users\/4"}],"replies":[{"embeddable":true,"href":"https:\/\/svenskamedbaby.se\/ar\/wp-json\/wp\/v2\/comments?post=2346"}],"version-history":[{"count":0,"href":"https:\/\/svenskamedbaby.se\/ar\/wp-json\/wp\/v2\/pages\/2346\/revisions"}],"wp:attachment":[{"href":"https:\/\/svenskamedbaby.se\/ar\/wp-json\/wp\/v2\/media?parent=2346"}],"curies":[{"name":"wp","href":"https:\/\/api.w.org\/{rel}","templated":true}]}}