{"id":2357,"date":"2024-11-18T11:54:52","date_gmt":"2024-11-18T11:54:52","guid":{"rendered":"https:\/\/svenskamedbaby.se\/?page_id=2357"},"modified":"2024-11-18T13:34:20","modified_gmt":"2024-11-18T13:34:20","slug":"jag-valde-inte-uppdraget-det-kom-till-mig-fullstandig-text","status":"publish","type":"page","link":"https:\/\/svenskamedbaby.se\/ar\/jag-valde-inte-uppdraget-det-kom-till-mig-fullstandig-text\/","title":{"rendered":"Jag valde inte uppdraget, det kom till mig. Fullst\u00e4ndig text"},"content":{"rendered":"\t\t<div data-elementor-type=\"wp-page\" data-elementor-id=\"2357\" class=\"elementor elementor-2357\" data-elementor-post-type=\"page\">\n\t\t\t\t<div class=\"elementor-element elementor-element-3aba0b65 e-flex e-con-boxed e-con e-parent\" data-id=\"3aba0b65\" data-element_type=\"container\" data-e-type=\"container\" data-settings=\"{&quot;background_background&quot;:&quot;classic&quot;}\">\n\t\t\t\t\t<div class=\"e-con-inner\">\n\t\t<div class=\"elementor-element elementor-element-4aeb1c9f e-con-full elementor-hidden-mobile e-flex elementor-invisible e-con e-child\" data-id=\"4aeb1c9f\" data-element_type=\"container\" data-e-type=\"container\" data-settings=\"{&quot;animation&quot;:&quot;slideInUp&quot;}\">\n\t\t\t\t<div class=\"elementor-element elementor-element-17ce6dce elementor-widget elementor-widget-image\" data-id=\"17ce6dce\" data-element_type=\"widget\" data-e-type=\"widget\" data-settings=\"{&quot;motion_fx_motion_fx_scrolling&quot;:&quot;yes&quot;,&quot;motion_fx_translateY_effect&quot;:&quot;yes&quot;,&quot;motion_fx_translateY_speed&quot;:{&quot;unit&quot;:&quot;px&quot;,&quot;size&quot;:1.8,&quot;sizes&quot;:[]},&quot;motion_fx_translateY_affectedRange&quot;:{&quot;unit&quot;:&quot;%&quot;,&quot;size&quot;:&quot;&quot;,&quot;sizes&quot;:{&quot;start&quot;:0,&quot;end&quot;:100}},&quot;motion_fx_devices&quot;:[&quot;desktop&quot;,&quot;tablet&quot;,&quot;mobile&quot;]}\" data-widget_type=\"image.default\">\n\t\t\t\t<div class=\"elementor-widget-container\">\n\t\t\t\t\t\t\t\t\t\t\t\t\t\t\t<img fetchpriority=\"high\" decoding=\"async\" width=\"500\" height=\"500\" src=\"https:\/\/svenskamedbaby.se\/wp-content\/uploads\/2024\/11\/Ursi_cropped-e1756386533537-500x500.jpg\" class=\"attachment-thumbrelated size-thumbrelated wp-image-2353\" alt=\"\" srcset=\"https:\/\/svenskamedbaby.se\/wp-content\/uploads\/2024\/11\/Ursi_cropped-e1756386533537-500x500.jpg 500w, https:\/\/svenskamedbaby.se\/wp-content\/uploads\/2024\/11\/Ursi_cropped-e1756386533537-150x150.jpg 150w, https:\/\/svenskamedbaby.se\/wp-content\/uploads\/2024\/11\/Ursi_cropped-e1756386533537-300x300.jpg 300w\" sizes=\"(max-width: 500px) 100vw, 500px\" \/>\t\t\t\t\t\t\t\t\t\t\t\t\t\t\t<\/div>\n\t\t\t\t<\/div>\n\t\t\t\t<\/div>\n\t\t<div class=\"elementor-element elementor-element-3d51e702 e-con-full animated-slow e-flex elementor-invisible e-con e-child\" data-id=\"3d51e702\" data-element_type=\"container\" data-e-type=\"container\" data-settings=\"{&quot;animation&quot;:&quot;fadeIn&quot;,&quot;animation_delay&quot;:100,&quot;animation_mobile&quot;:&quot;none&quot;}\">\n\t\t\t\t<div class=\"elementor-element elementor-element-29a3fe65 elementor-widget elementor-widget-heading\" data-id=\"29a3fe65\" data-element_type=\"widget\" data-e-type=\"widget\" data-widget_type=\"heading.default\">\n\t\t\t\t<div class=\"elementor-widget-container\">\n\t\t\t\t\t<h2 class=\"elementor-heading-title elementor-size-default\">Reportage<\/h2>\t\t\t\t<\/div>\n\t\t\t\t<\/div>\n\t\t\t\t<div class=\"elementor-element elementor-element-3fa1f0f elementor-view-default elementor-widget elementor-widget-icon\" data-id=\"3fa1f0f\" data-element_type=\"widget\" data-e-type=\"widget\" data-widget_type=\"icon.default\">\n\t\t\t\t<div class=\"elementor-widget-container\">\n\t\t\t\t\t\t\t<div class=\"elementor-icon-wrapper\">\n\t\t\t<div class=\"elementor-icon\">\n\t\t\t<svg aria-hidden=\"true\" class=\"e-font-icon-svg e-fas-quote-left\" viewBox=\"0 0 512 512\" xmlns=\"http:\/\/www.w3.org\/2000\/svg\"><path d=\"M464 256h-80v-64c0-35.3 28.7-64 64-64h8c13.3 0 24-10.7 24-24V56c0-13.3-10.7-24-24-24h-8c-88.4 0-160 71.6-160 160v240c0 26.5 21.5 48 48 48h128c26.5 0 48-21.5 48-48V304c0-26.5-21.5-48-48-48zm-288 0H96v-64c0-35.3 28.7-64 64-64h8c13.3 0 24-10.7 24-24V56c0-13.3-10.7-24-24-24h-8C71.6 32 0 103.6 0 192v240c0 26.5 21.5 48 48 48h128c26.5 0 48-21.5 48-48V304c0-26.5-21.5-48-48-48z\"><\/path><\/svg>\t\t\t<\/div>\n\t\t<\/div>\n\t\t\t\t\t\t<\/div>\n\t\t\t\t<\/div>\n\t\t\t\t<div class=\"elementor-element elementor-element-71f657d1 elementor-widget elementor-widget-heading\" data-id=\"71f657d1\" data-element_type=\"widget\" data-e-type=\"widget\" data-widget_type=\"heading.default\">\n\t\t\t\t<div class=\"elementor-widget-container\">\n\t\t\t\t\t<h2 class=\"elementor-heading-title elementor-size-default\">Jag valde inte uppdraget, det kom till mig.\" <\/h2>\t\t\t\t<\/div>\n\t\t\t\t<\/div>\n\t\t\t\t<div class=\"elementor-element elementor-element-658b7be2 elementor-widget-divider--view-line elementor-widget elementor-widget-divider\" data-id=\"658b7be2\" data-element_type=\"widget\" data-e-type=\"widget\" data-widget_type=\"divider.default\">\n\t\t\t\t<div class=\"elementor-widget-container\">\n\t\t\t\t\t\t\t<div class=\"elementor-divider\">\n\t\t\t<span class=\"elementor-divider-separator\">\n\t\t\t\t\t\t<\/span>\n\t\t<\/div>\n\t\t\t\t\t\t<\/div>\n\t\t\t\t<\/div>\n\t\t\t\t<div class=\"elementor-element elementor-element-4d04b41a elementor-widget elementor-widget-text-editor\" data-id=\"4d04b41a\" data-element_type=\"widget\" data-e-type=\"widget\" data-widget_type=\"text-editor.default\">\n\t\t\t\t<div class=\"elementor-widget-container\">\n\t\t\t\t\t\t\t\t\t<p style=\"font-weight: 400;\">Att bli volont\u00e4r f\u00f6r Svenska med babys projekt Tre generationer m\u00f6ts skedde genom en lycklig slump.<br \/>&#8221;Jag blev erbjuden att bli frivillig, t\u00e4nkte till en stund och tackade ja. Uppdraget lockade mig och jag tog den utstr\u00e4ckta handen. Mitt motto har alltid varit att finnas till f\u00f6r medm\u00e4nniskan,&#8221; s\u00e4ger Ursula Sundstr\u00f6m. Denna inst\u00e4llning har pr\u00e4glat hennes liv, b\u00e5de som barnsk\u00f6terska, genom vilket hon har arbetat p\u00e5 flera utlandsuppdrag, och i hennes engagemang att st\u00f6tta andra medm\u00e4nniskor.<\/p><p style=\"font-weight: 400;\">Som nybliven volont\u00e4r i h\u00f6st beskriver Ursula sin roll som att ta sina f\u00f6rsta steg i n\u00e5got sp\u00e4nnande och betydelsefullt.<br \/>&#8221;Jag har \u00e4nnu inte pr\u00f6vat mina vingar, d\u00e5 jag \u00e4r nybliven volont\u00e4r i h\u00f6st. \u00c4n s\u00e5 l\u00e4nge har jag inte beh\u00f6vt ta eget ansvar, men &#8217;lyssnar in&#8217; och l\u00e4r mig genom att vara aktiv och delta p\u00e5 tr\u00e4ffarna.&#8221; Hon uppskattar att f\u00e5 tid att v\u00e4xa in i uppgiften som gruppledare, n\u00e5got som ger henne b\u00e5de gl\u00e4dje och trygghet.<\/p><p style=\"font-weight: 400;\">&#8221;Det b\u00e4sta med tr\u00e4ffarna \u00e4r att man l\u00e4r k\u00e4nna nya m\u00e4nniskor fr\u00e5n olika kulturer, att man blir bekant med familjer med helt andra erfarenheter \u00e4n jag sj\u00e4lv, vilket \u00e4r berikande! Tr\u00e4ffarna ger oss alla m\u00f6jlighet till trevliga upplevelser, d\u00e4r delandet spelar en viktig roll,&#8221; s\u00e4ger hon. \u201cVarje m\u00f6te \u00f6ppnar d\u00f6rrar till nya perspektiv och gemensamma upplevelser.\u201d<\/p><p style=\"font-weight: 400;\">F\u00f6r Ursula \u00e4r Svenska med babys tr\u00e4ffar s\u00e4rskilt viktiga f\u00f6r nyanl\u00e4nda, eftersom de ofta st\u00e5r inf\u00f6r en l\u00e5ng och sn\u00e5rig resa f\u00f6r att finna sin plats i samh\u00e4llet.<br \/>&#8221;Tr\u00e4ffarna fyller en viktig funktion f\u00f6r v\u00e5ra nysvenskar, d\u00e5 det tar tid att komma in i samh\u00e4llet och allt som underl\u00e4ttar l\u00e4ngs den ibland mycket sn\u00e5riga v\u00e4gen \u00e4r positivt. Att v\u00e4lkomna dessa m\u00e4nniskor och f\u00f6rmedla en k\u00e4nsla av tillh\u00f6righet kan vara av yttersta vikt,&#8221; menar hon.<\/p><p style=\"font-weight: 400;\">Ursula visar att det ofta \u00e4r de sm\u00e5 sakerna som g\u00f6r st\u00f6rst skillnad \u2013 ett leende, en hj\u00e4lpande hand eller ett v\u00e4nligt ord. Det \u00e4r just s\u00e5dana m\u00f6ten som skapar gemenskap och sprider hopp.<\/p>\t\t\t\t\t\t\t\t<\/div>\n\t\t\t\t<\/div>\n\t\t\t\t<div class=\"elementor-element elementor-element-4169ead7 elementor-align-left elementor-widget elementor-widget-button\" data-id=\"4169ead7\" data-element_type=\"widget\" data-e-type=\"widget\" data-widget_type=\"button.default\">\n\t\t\t\t<div class=\"elementor-widget-container\">\n\t\t\t\t\t\t\t\t\t<div class=\"elementor-button-wrapper\">\n\t\t\t\t\t<a class=\"elementor-button elementor-button-link elementor-size-sm\" href=\"https:\/\/svenskamedbaby.se\/ar\/reportage\/\">\n\t\t\t\t\t\t<span class=\"elementor-button-content-wrapper\">\n\t\t\t\t\t\t\t\t\t<span class=\"elementor-button-text\">L\u00e4s fler reportage<\/span>\n\t\t\t\t\t<\/span>\n\t\t\t\t\t<\/a>\n\t\t\t\t<\/div>\n\t\t\t\t\t\t\t\t<\/div>\n\t\t\t\t<\/div>\n\t\t\t\t<\/div>\n\t\t\t\t\t<\/div>\n\t\t\t\t<\/div>\n\t\t\t\t<\/div>\n\t\t","protected":false},"excerpt":{"rendered":"<p>Reportage Jag valde inte uppdraget, det kom till mig.&#8221; Att bli volont\u00e4r f\u00f6r Svenska med babys projekt Tre generationer m\u00f6ts skedde genom en lycklig slump.&#8221;Jag blev erbjuden att bli frivillig, t\u00e4nkte till en stund och tackade ja. Uppdraget lockade mig och jag tog den utstr\u00e4ckta handen. Mitt motto har alltid varit att finnas till f\u00f6r&#8230;<\/p>","protected":false},"author":4,"featured_media":0,"parent":0,"menu_order":0,"comment_status":"closed","ping_status":"closed","template":"","meta":{"_kad_post_transparent":"","_kad_post_title":"hide","_kad_post_layout":"fullwidth","_kad_post_sidebar_id":"","_kad_post_content_style":"unboxed","_kad_post_vertical_padding":"hide","_kad_post_feature":"hide","_kad_post_feature_position":"","_kad_post_header":false,"_kad_post_footer":false,"footnotes":""},"class_list":["post-2357","page","type-page","status-publish","hentry"],"yoast_head":"<!-- This site is optimized with the Yoast SEO plugin v27.3 - https:\/\/yoast.com\/product\/yoast-seo-wordpress\/ -->\n<title>Jag valde inte uppdraget, det kom till mig. Fullst\u00e4ndig text - Svenska med baby<\/title>\n<meta name=\"robots\" content=\"index, follow, max-snippet:-1, max-image-preview:large, max-video-preview:-1\" \/>\n<link rel=\"canonical\" href=\"https:\/\/svenskamedbaby.se\/ar\/jag-valde-inte-uppdraget-det-kom-till-mig-fullstandig-text\/\" \/>\n<meta property=\"og:locale\" content=\"ar_AR\" \/>\n<meta property=\"og:type\" content=\"article\" \/>\n<meta property=\"og:title\" content=\"Jag valde inte uppdraget, det kom till mig. Fullst\u00e4ndig text - Svenska med baby\" \/>\n<meta property=\"og:description\" content=\"Reportage Jag valde inte uppdraget, det kom till mig.&#8221; Att bli volont\u00e4r f\u00f6r Svenska med babys projekt Tre generationer m\u00f6ts skedde genom en lycklig slump.&#8221;Jag blev erbjuden att bli frivillig, t\u00e4nkte till en stund och tackade ja. Uppdraget lockade mig och jag tog den utstr\u00e4ckta handen. Mitt motto har alltid varit att finnas till f\u00f6r...\" \/>\n<meta property=\"og:url\" content=\"https:\/\/svenskamedbaby.se\/ar\/jag-valde-inte-uppdraget-det-kom-till-mig-fullstandig-text\/\" \/>\n<meta property=\"og:site_name\" content=\"Svenska med baby\" \/>\n<meta property=\"article:publisher\" content=\"https:\/\/www.facebook.com\/svenskamedbaby\" \/>\n<meta property=\"article:modified_time\" content=\"2024-11-18T13:34:20+00:00\" \/>\n<meta property=\"og:image\" content=\"https:\/\/svenskamedbaby.se\/wp-content\/uploads\/2024\/11\/Ursi_cropped-500x500.jpg\" \/>\n<meta name=\"twitter:card\" content=\"summary_large_image\" \/>\n<meta name=\"twitter:label1\" content=\"\u0648\u0642\u062a \u0627\u0644\u0642\u0631\u0627\u0621\u0629 \u0627\u0644\u0645\u064f\u0642\u062f\u0651\u0631\" \/>\n\t<meta name=\"twitter:data1\" content=\"\u062f\u0642\u064a\u0642\u062a\u0627\u0646\" \/>\n<script type=\"application\/ld+json\" class=\"yoast-schema-graph\">{\"@context\":\"https:\\\/\\\/schema.org\",\"@graph\":[{\"@type\":\"WebPage\",\"@id\":\"https:\\\/\\\/svenskamedbaby.se\\\/jag-valde-inte-uppdraget-det-kom-till-mig-fullstandig-text\\\/\",\"url\":\"https:\\\/\\\/svenskamedbaby.se\\\/jag-valde-inte-uppdraget-det-kom-till-mig-fullstandig-text\\\/\",\"name\":\"Jag valde inte uppdraget, det kom till mig. Fullst\u00e4ndig text - Svenska med baby\",\"isPartOf\":{\"@id\":\"https:\\\/\\\/svenskamedbaby.se\\\/#website\"},\"primaryImageOfPage\":{\"@id\":\"https:\\\/\\\/svenskamedbaby.se\\\/jag-valde-inte-uppdraget-det-kom-till-mig-fullstandig-text\\\/#primaryimage\"},\"image\":{\"@id\":\"https:\\\/\\\/svenskamedbaby.se\\\/jag-valde-inte-uppdraget-det-kom-till-mig-fullstandig-text\\\/#primaryimage\"},\"thumbnailUrl\":\"https:\\\/\\\/svenskamedbaby.se\\\/wp-content\\\/uploads\\\/2024\\\/11\\\/Ursi_cropped-500x500.jpg\",\"datePublished\":\"2024-11-18T11:54:52+00:00\",\"dateModified\":\"2024-11-18T13:34:20+00:00\",\"breadcrumb\":{\"@id\":\"https:\\\/\\\/svenskamedbaby.se\\\/jag-valde-inte-uppdraget-det-kom-till-mig-fullstandig-text\\\/#breadcrumb\"},\"inLanguage\":\"ar\",\"potentialAction\":[{\"@type\":\"ReadAction\",\"target\":[\"https:\\\/\\\/svenskamedbaby.se\\\/jag-valde-inte-uppdraget-det-kom-till-mig-fullstandig-text\\\/\"]}]},{\"@type\":\"ImageObject\",\"inLanguage\":\"ar\",\"@id\":\"https:\\\/\\\/svenskamedbaby.se\\\/jag-valde-inte-uppdraget-det-kom-till-mig-fullstandig-text\\\/#primaryimage\",\"url\":\"https:\\\/\\\/svenskamedbaby.se\\\/wp-content\\\/uploads\\\/2024\\\/11\\\/Ursi_cropped-500x500.jpg\",\"contentUrl\":\"https:\\\/\\\/svenskamedbaby.se\\\/wp-content\\\/uploads\\\/2024\\\/11\\\/Ursi_cropped-500x500.jpg\"},{\"@type\":\"BreadcrumbList\",\"@id\":\"https:\\\/\\\/svenskamedbaby.se\\\/jag-valde-inte-uppdraget-det-kom-till-mig-fullstandig-text\\\/#breadcrumb\",\"itemListElement\":[{\"@type\":\"ListItem\",\"position\":1,\"name\":\"Home\",\"item\":\"https:\\\/\\\/svenskamedbaby.se\\\/\"},{\"@type\":\"ListItem\",\"position\":2,\"name\":\"Jag valde inte uppdraget, det kom till mig. Fullst\u00e4ndig text\"}]},{\"@type\":\"WebSite\",\"@id\":\"https:\\\/\\\/svenskamedbaby.se\\\/#website\",\"url\":\"https:\\\/\\\/svenskamedbaby.se\\\/\",\"name\":\"Svenska med baby\",\"description\":\"Tr\u00e4ffar f\u00f6r sm\u00e5barn och vuxna med olika bakrund\",\"publisher\":{\"@id\":\"https:\\\/\\\/svenskamedbaby.se\\\/#organization\"},\"potentialAction\":[{\"@type\":\"SearchAction\",\"target\":{\"@type\":\"EntryPoint\",\"urlTemplate\":\"https:\\\/\\\/svenskamedbaby.se\\\/?s={search_term_string}\"},\"query-input\":{\"@type\":\"PropertyValueSpecification\",\"valueRequired\":true,\"valueName\":\"search_term_string\"}}],\"inLanguage\":\"ar\"},{\"@type\":\"Organization\",\"@id\":\"https:\\\/\\\/svenskamedbaby.se\\\/#organization\",\"name\":\"Svenska med baby\",\"url\":\"https:\\\/\\\/svenskamedbaby.se\\\/\",\"logo\":{\"@type\":\"ImageObject\",\"inLanguage\":\"ar\",\"@id\":\"https:\\\/\\\/svenskamedbaby.se\\\/#\\\/schema\\\/logo\\\/image\\\/\",\"url\":\"https:\\\/\\\/svenskamedbaby.se\\\/wp-content\\\/uploads\\\/2024\\\/01\\\/cropped-logo-liggande_orange.png\",\"contentUrl\":\"https:\\\/\\\/svenskamedbaby.se\\\/wp-content\\\/uploads\\\/2024\\\/01\\\/cropped-logo-liggande_orange.png\",\"width\":3101,\"height\":1056,\"caption\":\"Svenska med baby\"},\"image\":{\"@id\":\"https:\\\/\\\/svenskamedbaby.se\\\/#\\\/schema\\\/logo\\\/image\\\/\"},\"sameAs\":[\"https:\\\/\\\/www.facebook.com\\\/svenskamedbaby\",\"https:\\\/\\\/www.instagram.com\\\/svenskamedbaby\\\/\",\"https:\\\/\\\/www.youtube.com\\\/@svenskamedbaby2469\"]}]}<\/script>\n<!-- \/ Yoast SEO plugin. -->","yoast_head_json":{"title":"Jag valde inte uppdraget, det kom till mig. Fullst\u00e4ndig text - Svenska med baby","robots":{"index":"index","follow":"follow","max-snippet":"max-snippet:-1","max-image-preview":"max-image-preview:large","max-video-preview":"max-video-preview:-1"},"canonical":"https:\/\/svenskamedbaby.se\/ar\/jag-valde-inte-uppdraget-det-kom-till-mig-fullstandig-text\/","og_locale":"ar_AR","og_type":"article","og_title":"Jag valde inte uppdraget, det kom till mig. Fullst\u00e4ndig text - Svenska med baby","og_description":"Reportage Jag valde inte uppdraget, det kom till mig.&#8221; Att bli volont\u00e4r f\u00f6r Svenska med babys projekt Tre generationer m\u00f6ts skedde genom en lycklig slump.&#8221;Jag blev erbjuden att bli frivillig, t\u00e4nkte till en stund och tackade ja. Uppdraget lockade mig och jag tog den utstr\u00e4ckta handen. Mitt motto har alltid varit att finnas till f\u00f6r...","og_url":"https:\/\/svenskamedbaby.se\/ar\/jag-valde-inte-uppdraget-det-kom-till-mig-fullstandig-text\/","og_site_name":"Svenska med baby","article_publisher":"https:\/\/www.facebook.com\/svenskamedbaby","article_modified_time":"2024-11-18T13:34:20+00:00","og_image":[{"url":"https:\/\/svenskamedbaby.se\/wp-content\/uploads\/2024\/11\/Ursi_cropped-500x500.jpg","type":"","width":"","height":""}],"twitter_card":"summary_large_image","twitter_misc":{"\u0648\u0642\u062a \u0627\u0644\u0642\u0631\u0627\u0621\u0629 \u0627\u0644\u0645\u064f\u0642\u062f\u0651\u0631":"\u062f\u0642\u064a\u0642\u062a\u0627\u0646"},"schema":{"@context":"https:\/\/schema.org","@graph":[{"@type":"WebPage","@id":"https:\/\/svenskamedbaby.se\/jag-valde-inte-uppdraget-det-kom-till-mig-fullstandig-text\/","url":"https:\/\/svenskamedbaby.se\/jag-valde-inte-uppdraget-det-kom-till-mig-fullstandig-text\/","name":"Jag valde inte uppdraget, det kom till mig. Fullst\u00e4ndig text - Svenska med baby","isPartOf":{"@id":"https:\/\/svenskamedbaby.se\/#website"},"primaryImageOfPage":{"@id":"https:\/\/svenskamedbaby.se\/jag-valde-inte-uppdraget-det-kom-till-mig-fullstandig-text\/#primaryimage"},"image":{"@id":"https:\/\/svenskamedbaby.se\/jag-valde-inte-uppdraget-det-kom-till-mig-fullstandig-text\/#primaryimage"},"thumbnailUrl":"https:\/\/svenskamedbaby.se\/wp-content\/uploads\/2024\/11\/Ursi_cropped-500x500.jpg","datePublished":"2024-11-18T11:54:52+00:00","dateModified":"2024-11-18T13:34:20+00:00","breadcrumb":{"@id":"https:\/\/svenskamedbaby.se\/jag-valde-inte-uppdraget-det-kom-till-mig-fullstandig-text\/#breadcrumb"},"inLanguage":"ar","potentialAction":[{"@type":"ReadAction","target":["https:\/\/svenskamedbaby.se\/jag-valde-inte-uppdraget-det-kom-till-mig-fullstandig-text\/"]}]},{"@type":"ImageObject","inLanguage":"ar","@id":"https:\/\/svenskamedbaby.se\/jag-valde-inte-uppdraget-det-kom-till-mig-fullstandig-text\/#primaryimage","url":"https:\/\/svenskamedbaby.se\/wp-content\/uploads\/2024\/11\/Ursi_cropped-500x500.jpg","contentUrl":"https:\/\/svenskamedbaby.se\/wp-content\/uploads\/2024\/11\/Ursi_cropped-500x500.jpg"},{"@type":"BreadcrumbList","@id":"https:\/\/svenskamedbaby.se\/jag-valde-inte-uppdraget-det-kom-till-mig-fullstandig-text\/#breadcrumb","itemListElement":[{"@type":"ListItem","position":1,"name":"Home","item":"https:\/\/svenskamedbaby.se\/"},{"@type":"ListItem","position":2,"name":"Jag valde inte uppdraget, det kom till mig. Fullst\u00e4ndig text"}]},{"@type":"WebSite","@id":"https:\/\/svenskamedbaby.se\/#website","url":"https:\/\/svenskamedbaby.se\/","name":"Svenska med baby","description":"\u0627\u062c\u062a\u0645\u0627\u0639\u0627\u062a \u0644\u0644\u0623\u0637\u0641\u0627\u0644 \u0627\u0644\u0635\u063a\u0627\u0631 \u0648\u0627\u0644\u0643\u0628\u0627\u0631 \u0645\u0646 \u062e\u0644\u0641\u064a\u0627\u062a \u0645\u062e\u062a\u0644\u0641\u0629","publisher":{"@id":"https:\/\/svenskamedbaby.se\/#organization"},"potentialAction":[{"@type":"SearchAction","target":{"@type":"EntryPoint","urlTemplate":"https:\/\/svenskamedbaby.se\/?s={search_term_string}"},"query-input":{"@type":"PropertyValueSpecification","valueRequired":true,"valueName":"search_term_string"}}],"inLanguage":"ar"},{"@type":"Organization","@id":"https:\/\/svenskamedbaby.se\/#organization","name":"Svenska med baby","url":"https:\/\/svenskamedbaby.se\/","logo":{"@type":"ImageObject","inLanguage":"ar","@id":"https:\/\/svenskamedbaby.se\/#\/schema\/logo\/image\/","url":"https:\/\/svenskamedbaby.se\/wp-content\/uploads\/2024\/01\/cropped-logo-liggande_orange.png","contentUrl":"https:\/\/svenskamedbaby.se\/wp-content\/uploads\/2024\/01\/cropped-logo-liggande_orange.png","width":3101,"height":1056,"caption":"Svenska med baby"},"image":{"@id":"https:\/\/svenskamedbaby.se\/#\/schema\/logo\/image\/"},"sameAs":["https:\/\/www.facebook.com\/svenskamedbaby","https:\/\/www.instagram.com\/svenskamedbaby\/","https:\/\/www.youtube.com\/@svenskamedbaby2469"]}]}},"_links":{"self":[{"href":"https:\/\/svenskamedbaby.se\/ar\/wp-json\/wp\/v2\/pages\/2357","targetHints":{"allow":["GET"]}}],"collection":[{"href":"https:\/\/svenskamedbaby.se\/ar\/wp-json\/wp\/v2\/pages"}],"about":[{"href":"https:\/\/svenskamedbaby.se\/ar\/wp-json\/wp\/v2\/types\/page"}],"author":[{"embeddable":true,"href":"https:\/\/svenskamedbaby.se\/ar\/wp-json\/wp\/v2\/users\/4"}],"replies":[{"embeddable":true,"href":"https:\/\/svenskamedbaby.se\/ar\/wp-json\/wp\/v2\/comments?post=2357"}],"version-history":[{"count":0,"href":"https:\/\/svenskamedbaby.se\/ar\/wp-json\/wp\/v2\/pages\/2357\/revisions"}],"wp:attachment":[{"href":"https:\/\/svenskamedbaby.se\/ar\/wp-json\/wp\/v2\/media?parent=2357"}],"curies":[{"name":"wp","href":"https:\/\/api.w.org\/{rel}","templated":true}]}}