{"id":2395,"date":"2024-11-25T12:41:19","date_gmt":"2024-11-25T12:41:19","guid":{"rendered":"https:\/\/svenskamedbaby.se\/?page_id=2395"},"modified":"2024-11-25T13:01:58","modified_gmt":"2024-11-25T13:01:58","slug":"jamstallda-foraldrar-jamstallt-arbetsliv","status":"publish","type":"page","link":"https:\/\/svenskamedbaby.se\/ar\/jamstallda-foraldrar-jamstallt-arbetsliv\/","title":{"rendered":"&#8221;J\u00e4mst\u00e4llda f\u00f6r\u00e4ldrar, j\u00e4mst\u00e4llt arbetsliv&#8221;"},"content":{"rendered":"\t\t<div data-elementor-type=\"wp-page\" data-elementor-id=\"2395\" class=\"elementor elementor-2395\" data-elementor-post-type=\"page\">\n\t\t\t\t<div class=\"elementor-element elementor-element-3aba0b65 e-flex e-con-boxed e-con e-parent\" data-id=\"3aba0b65\" data-element_type=\"container\" data-e-type=\"container\" data-settings=\"{&quot;background_background&quot;:&quot;classic&quot;}\">\n\t\t\t\t\t<div class=\"e-con-inner\">\n\t\t<div class=\"elementor-element elementor-element-3d51e702 e-con-full animated-slow e-flex elementor-invisible e-con e-child\" data-id=\"3d51e702\" data-element_type=\"container\" data-e-type=\"container\" data-settings=\"{&quot;animation&quot;:&quot;fadeIn&quot;,&quot;animation_delay&quot;:100,&quot;animation_mobile&quot;:&quot;none&quot;}\">\n\t\t\t\t<div class=\"elementor-element elementor-element-29a3fe65 elementor-widget elementor-widget-heading\" data-id=\"29a3fe65\" data-element_type=\"widget\" data-e-type=\"widget\" data-widget_type=\"heading.default\">\n\t\t\t\t<div class=\"elementor-widget-container\">\n\t\t\t\t\t<h2 class=\"elementor-heading-title elementor-size-default\">Reportage<\/h2>\t\t\t\t<\/div>\n\t\t\t\t<\/div>\n\t\t\t\t<div class=\"elementor-element elementor-element-3fa1f0f elementor-view-default elementor-widget elementor-widget-icon\" data-id=\"3fa1f0f\" data-element_type=\"widget\" data-e-type=\"widget\" data-widget_type=\"icon.default\">\n\t\t\t\t<div class=\"elementor-widget-container\">\n\t\t\t\t\t\t\t<div class=\"elementor-icon-wrapper\">\n\t\t\t<div class=\"elementor-icon\">\n\t\t\t<svg aria-hidden=\"true\" class=\"e-font-icon-svg e-fas-quote-left\" viewBox=\"0 0 512 512\" xmlns=\"http:\/\/www.w3.org\/2000\/svg\"><path d=\"M464 256h-80v-64c0-35.3 28.7-64 64-64h8c13.3 0 24-10.7 24-24V56c0-13.3-10.7-24-24-24h-8c-88.4 0-160 71.6-160 160v240c0 26.5 21.5 48 48 48h128c26.5 0 48-21.5 48-48V304c0-26.5-21.5-48-48-48zm-288 0H96v-64c0-35.3 28.7-64 64-64h8c13.3 0 24-10.7 24-24V56c0-13.3-10.7-24-24-24h-8C71.6 32 0 103.6 0 192v240c0 26.5 21.5 48 48 48h128c26.5 0 48-21.5 48-48V304c0-26.5-21.5-48-48-48z\"><\/path><\/svg>\t\t\t<\/div>\n\t\t<\/div>\n\t\t\t\t\t\t<\/div>\n\t\t\t\t<\/div>\n\t\t\t\t<div class=\"elementor-element elementor-element-71f657d1 elementor-widget elementor-widget-heading\" data-id=\"71f657d1\" data-element_type=\"widget\" data-e-type=\"widget\" data-widget_type=\"heading.default\">\n\t\t\t\t<div class=\"elementor-widget-container\">\n\t\t\t\t\t<h2 class=\"elementor-heading-title elementor-size-default\">J\u00e4mst\u00e4llda f\u00f6r\u00e4ldrar, j\u00e4mst\u00e4llt arbetsliv.\"<\/h2>\t\t\t\t<\/div>\n\t\t\t\t<\/div>\n\t\t\t\t<div class=\"elementor-element elementor-element-658b7be2 elementor-widget-divider--view-line elementor-widget elementor-widget-divider\" data-id=\"658b7be2\" data-element_type=\"widget\" data-e-type=\"widget\" data-widget_type=\"divider.default\">\n\t\t\t\t<div class=\"elementor-widget-container\">\n\t\t\t\t\t\t\t<div class=\"elementor-divider\">\n\t\t\t<span class=\"elementor-divider-separator\">\n\t\t\t\t\t\t<\/span>\n\t\t<\/div>\n\t\t\t\t\t\t<\/div>\n\t\t\t\t<\/div>\n\t\t\t\t<div class=\"elementor-element elementor-element-4d04b41a elementor-widget elementor-widget-text-editor\" data-id=\"4d04b41a\" data-element_type=\"widget\" data-e-type=\"widget\" data-widget_type=\"text-editor.default\">\n\t\t\t\t<div class=\"elementor-widget-container\">\n\t\t\t\t\t\t\t\t\t<p style=\"font-weight: 400;\"><strong>Det finns m\u00e5nga goda sk\u00e4l att st\u00e4rka pappans roll som en n\u00e4rvarande och ansvarstagande part i familjen. Lina Stenberg, debatt\u00f6r och initiativtagare till J\u00e4mst\u00e4lldhetsinstitutet, ber\u00e4ttar om hur kvinnornas deltagande p\u00e5 arbetsmarknaden p\u00e5verkas.<br \/><\/strong><\/p><p style=\"font-weight: 400;\">Att st\u00e4rka pappans roll som en aktiv och n\u00e4rvarande del i familjen \u00e4r avg\u00f6rande, inte bara f\u00f6r barnens v\u00e4lm\u00e5ende utan ocks\u00e5 f\u00f6r att frig\u00f6ra tid och utrymme f\u00f6r kvinnor m\u00f6jligheter och utveckling p\u00e5 arbetsmarknaden. N\u00e4r pappor tar st\u00f6rre ansvar f\u00f6r barnen och hemmet \u00f6kar mammors m\u00f6jligheter p\u00e5 arbetsmarknaden, vilket i sin tur minskar den ekonomiska oj\u00e4mst\u00e4lldheten mellan k\u00f6nen.<\/p><p>Enligt SCB arbetade 77 procent av m\u00e4nnen och 72 procent av kvinnorna i Sverige under f\u00f6rsta kvartalet 2024. Orsakerna till att kvinnor arbetar mindre beror p\u00e5 oj\u00e4mst\u00e4llda f\u00f6r\u00e4ldraansvar, men ocks\u00e5 p\u00e5 en \u00f6verrepresentation i otrygga anst\u00e4llningar och h\u00f6gre sjukskrivningstal.<\/p><p style=\"font-weight: 400;\">Enligt LOs J\u00e4mst\u00e4lldhetsbarometer har endast 48 procent av arbetarkvinnorna tillsvidare-<br \/>anst\u00e4llningar p\u00e5 heltid, att j\u00e4mf\u00f6ra med 74 procent av arbetarm\u00e4nnen. Den vanligaste orsaken till att kvinnor arbetar deltid \u00e4r att de inte erbjuds heltidstj\u00e4nster. Ett \u00f6kat pappauttag av f\u00f6r\u00e4ldraledighet och vab skulle kunna f\u00f6rb\u00e4ttra kvinnors ekonomiska f\u00f6ruts\u00e4ttningar och minska denna klyfta.<\/p><p style=\"font-weight: 400;\">Ett oj\u00e4mnt f\u00f6r\u00e4ldraansvar p\u00e5verkar ocks\u00e5 kvinnors l\u00e5ngsiktiga karri\u00e4rm\u00f6jligheter. Forskning fr\u00e5n IFAU visar hur inkomstskillnaderna mellan mammor och pappor \u00f6kar \u00f6ver tid, d\u00e4r \u201dmoderskapsbestraffningen\u201d inneb\u00e4r att mammor f\u00f6rlorar l\u00f6neutveckling till f\u00f6ljd av f\u00f6r\u00e4ldraledighet, vab och deltidstj\u00e4nster. \u00c4ven kvinnor utan barn p\u00e5verkas, d\u00e5 samh\u00e4llets f\u00f6rv\u00e4ntningar p\u00e5 kvinnors familjeansvar tenderar att minska arbetsgivares villighet att satsa p\u00e5 deras karri\u00e4r.<\/p><p style=\"font-weight: 400;\">N\u00e4r f\u00f6r\u00e4ldraf\u00f6rs\u00e4kringen lanserades f\u00f6r nu 50 \u00e5r sedan, 1974, tog mammorna ut 99.5% av f\u00f6r\u00e4ldra-<br \/>dagarna. F\u00f6r att f\u00e5 en mer j\u00e4mst\u00e4lld f\u00f6rdelning av f\u00f6r\u00e4ldraledigheten har flera f\u00f6r\u00e4ndringar gjorts, bl a har s\u00e4rskilda m\u00e5nader reservats f\u00f6r papporna\/vardera f\u00f6r\u00e4lder (1995, 2002 och 2016). Pappornas uttag av f\u00f6r\u00e4ldraledigheten har \u00f6kat \u00f6ver \u00e5ren, men f\u00f6rdelningen \u00e4r \u00e4nnu l\u00e5ngt ifr\u00e5n j\u00e4mst\u00e4lld. Idag tar m\u00e4nnen st\u00e5r m\u00e4nnen f\u00f6r ungef\u00e4r 30% av f\u00f6r\u00e4ldradagarna och kvinnorna tar ut ungef\u00e4r 70%. Trots de vikta pappam\u00e5naderna har var tredje barn en pappa som tar ut f\u00e4rre \u00e4n 30 dagars f\u00f6r\u00e4ldrapenning. Pappor f\u00f6dda utanf\u00f6r Sverige tar i l\u00e4gre utstr\u00e4ckning ut f\u00f6r\u00e4ldraledighet \u00e4n pappor f\u00f6dda i Sverige. De senaste \u00e5ren st\u00e5r utvecklingen mot ett mer j\u00e4mst\u00e4llt uttag av f\u00f6r\u00e4ldradagarna i princip stilla.<\/p><p style=\"font-weight: 400;\">Enligt F\u00f6rs\u00e4kringskassan \u00e4r det endast i 16 procent av svenska familjer som vab-dagar tas ut j\u00e4mst\u00e4llt. Fler pappam\u00e5nader skulle kunna hj\u00e4lpa till att skapa en mer j\u00e4mlik f\u00f6rdelning, vilket i f\u00f6rl\u00e4ngningen ger kvinnorna m\u00f6jlighet att st\u00e4rka sin position p\u00e5 arbetsmarknaden.M\u00f6nstret \u00e4r s\u00e4rskilt tydligt bland kvinnor med utl\u00e4ndsk bakgrund, som ofta har ett svagare f\u00e4ste p\u00e5 arbetsmarknaden. Enligt J\u00e4mst\u00e4lldhetsmyndigheten \u00e4r en miljon kvinnor i Sverige f\u00f6dda utomlands, och bland dem \u00e4r arbetsl\u00f6sheten h\u00f6gre. Det \u00e4r d\u00e4rf\u00f6r extra viktigt att pappor i dessa familjer f\u00e5r st\u00f6d och motivation att vara n\u00e4rvarande i familjelivet, vilket kan g\u00f6ra det m\u00f6jligt f\u00f6r mammorna att n\u00e4rma sig arbetsmarknaden.<\/p><p style=\"font-weight: 400;\">Att ifr\u00e5gas\u00e4tta traditionella k\u00f6nsroller och f\u00f6rest\u00e4llningar om vem som ska ta hand om hem och barn \u00e4r en viktig del i detta arbete. Genom att fler pappor deltar i f\u00f6r\u00e4ldraledigheten och tar ett st\u00f6rre ansvar f\u00f6r barnens v\u00e5rd minskar arbetsgivares f\u00f6rv\u00e4ntningar p\u00e5 att kvinnor ska vara familjens prim\u00e4ra omsorgsperson. Pappor som agerar f\u00f6rebilder och delar lika p\u00e5 familjeansvaret kan d\u00e4rf\u00f6r bli katalysatorer f\u00f6r ett mer j\u00e4mst\u00e4llt samh\u00e4lle, b\u00e5de p\u00e5 arbetsmarknaden och i hemmet.<br \/><span style=\"font-family: var(--global-body-font-family);\"><br \/>De positiva effekterna av ett j\u00e4mst\u00e4llt f\u00f6r\u00e4ldraskap \u00e4r stora och str\u00e4cker sig fr\u00e5n barnens trygga relationer till m\u00f6jligheten f\u00f6r b\u00e5de mammor och pappor att utvecklas i sina yrkesliv. N\u00e4r pappor v\u00e4ljer att ta en st\u00f6rre roll i familjen bryts normer, och v\u00e4gen till och ett st\u00f6rre deltagande p\u00e5 arbetsmarknaden kan \u00f6ppnas f\u00f6r fler kvinnor. Det leder till ekonomisk stabilitet f\u00f6r familjer och st\u00e4rker j\u00e4mst\u00e4lldheten i samh\u00e4llet, med goda effekter p\u00e5 s\u00e5v\u00e4l individ- som samh\u00e4llsniv\u00e5.<\/span><strong>\u00a0<\/strong><\/p>\t\t\t\t\t\t\t\t<\/div>\n\t\t\t\t<\/div>\n\t\t\t\t<div class=\"elementor-element elementor-element-4169ead7 elementor-align-left elementor-widget elementor-widget-button\" data-id=\"4169ead7\" data-element_type=\"widget\" data-e-type=\"widget\" data-widget_type=\"button.default\">\n\t\t\t\t<div class=\"elementor-widget-container\">\n\t\t\t\t\t\t\t\t\t<div class=\"elementor-button-wrapper\">\n\t\t\t\t\t<a class=\"elementor-button elementor-button-link elementor-size-sm\" href=\"https:\/\/svenskamedbaby.se\/ar\/reportage\/\">\n\t\t\t\t\t\t<span class=\"elementor-button-content-wrapper\">\n\t\t\t\t\t\t\t\t\t<span class=\"elementor-button-text\">L\u00e4s fler reportage<\/span>\n\t\t\t\t\t<\/span>\n\t\t\t\t\t<\/a>\n\t\t\t\t<\/div>\n\t\t\t\t\t\t\t\t<\/div>\n\t\t\t\t<\/div>\n\t\t\t\t<\/div>\n\t\t<div class=\"elementor-element elementor-element-4aeb1c9f e-con-full elementor-hidden-mobile e-flex elementor-invisible e-con e-child\" data-id=\"4aeb1c9f\" data-element_type=\"container\" data-e-type=\"container\" data-settings=\"{&quot;animation&quot;:&quot;slideInUp&quot;}\">\n\t\t\t\t<div class=\"elementor-element elementor-element-17ce6dce elementor-widget elementor-widget-image\" data-id=\"17ce6dce\" data-element_type=\"widget\" data-e-type=\"widget\" data-settings=\"{&quot;motion_fx_motion_fx_scrolling&quot;:&quot;yes&quot;,&quot;motion_fx_translateY_effect&quot;:&quot;yes&quot;,&quot;motion_fx_translateY_speed&quot;:{&quot;unit&quot;:&quot;px&quot;,&quot;size&quot;:1.8,&quot;sizes&quot;:[]},&quot;motion_fx_translateY_affectedRange&quot;:{&quot;unit&quot;:&quot;%&quot;,&quot;size&quot;:&quot;&quot;,&quot;sizes&quot;:{&quot;start&quot;:0,&quot;end&quot;:100}},&quot;motion_fx_devices&quot;:[&quot;desktop&quot;,&quot;tablet&quot;,&quot;mobile&quot;]}\" data-widget_type=\"image.default\">\n\t\t\t\t<div class=\"elementor-widget-container\">\n\t\t\t\t\t\t\t\t\t\t\t\t\t\t\t<img fetchpriority=\"high\" decoding=\"async\" width=\"500\" height=\"500\" src=\"https:\/\/svenskamedbaby.se\/wp-content\/uploads\/2024\/11\/Papparapporten_Lina-500x500.jpg\" class=\"attachment-thumbrelated size-thumbrelated wp-image-2397\" alt=\"\" srcset=\"https:\/\/svenskamedbaby.se\/wp-content\/uploads\/2024\/11\/Papparapporten_Lina-500x500.jpg 500w, https:\/\/svenskamedbaby.se\/wp-content\/uploads\/2024\/11\/Papparapporten_Lina-300x300.jpg 300w, https:\/\/svenskamedbaby.se\/wp-content\/uploads\/2024\/11\/Papparapporten_Lina-1024x1024.jpg 1024w, https:\/\/svenskamedbaby.se\/wp-content\/uploads\/2024\/11\/Papparapporten_Lina-150x150.jpg 150w, https:\/\/svenskamedbaby.se\/wp-content\/uploads\/2024\/11\/Papparapporten_Lina-768x768.jpg 768w, https:\/\/svenskamedbaby.se\/wp-content\/uploads\/2024\/11\/Papparapporten_Lina-1536x1536.jpg 1536w, https:\/\/svenskamedbaby.se\/wp-content\/uploads\/2024\/11\/Papparapporten_Lina-2048x2048.jpg 2048w, https:\/\/svenskamedbaby.se\/wp-content\/uploads\/2024\/11\/Papparapporten_Lina-12x12.jpg 12w\" sizes=\"(max-width: 500px) 100vw, 500px\" \/>\t\t\t\t\t\t\t\t\t\t\t\t\t\t\t<\/div>\n\t\t\t\t<\/div>\n\t\t\t\t<\/div>\n\t\t\t\t\t<\/div>\n\t\t\t\t<\/div>\n\t\t\t\t<\/div>\n\t\t","protected":false},"excerpt":{"rendered":"<p>Reportage J\u00e4mst\u00e4llda f\u00f6r\u00e4ldrar, j\u00e4mst\u00e4llt arbetsliv.&#8221; Det finns m\u00e5nga goda sk\u00e4l att st\u00e4rka pappans roll som en n\u00e4rvarande och ansvarstagande part i familjen. Lina Stenberg, debatt\u00f6r och initiativtagare till J\u00e4mst\u00e4lldhetsinstitutet, ber\u00e4ttar om hur kvinnornas deltagande p\u00e5 arbetsmarknaden p\u00e5verkas. Att st\u00e4rka pappans roll som en aktiv och n\u00e4rvarande del i familjen \u00e4r avg\u00f6rande, inte bara f\u00f6r barnens&#8230;<\/p>","protected":false},"author":4,"featured_media":2397,"parent":0,"menu_order":0,"comment_status":"closed","ping_status":"closed","template":"","meta":{"_kad_post_transparent":"","_kad_post_title":"hide","_kad_post_layout":"fullwidth","_kad_post_sidebar_id":"","_kad_post_content_style":"unboxed","_kad_post_vertical_padding":"hide","_kad_post_feature":"hide","_kad_post_feature_position":"","_kad_post_header":false,"_kad_post_footer":false,"footnotes":""},"class_list":["post-2395","page","type-page","status-publish","has-post-thumbnail","hentry"],"yoast_head":"<!-- This site is optimized with the Yoast SEO plugin v27.3 - https:\/\/yoast.com\/product\/yoast-seo-wordpress\/ -->\n<title>&quot;J\u00e4mst\u00e4llda f\u00f6r\u00e4ldrar, j\u00e4mst\u00e4llt arbetsliv&quot;<\/title>\n<meta name=\"description\" content=\"Svenska med baby &quot;J\u00e4mst\u00e4llda f\u00f6r\u00e4ldrar, j\u00e4mst\u00e4llt arbetsliv&quot;\" \/>\n<meta name=\"robots\" content=\"index, follow, max-snippet:-1, max-image-preview:large, max-video-preview:-1\" \/>\n<link rel=\"canonical\" href=\"https:\/\/svenskamedbaby.se\/ar\/jamstallda-foraldrar-jamstallt-arbetsliv\/\" \/>\n<meta property=\"og:locale\" content=\"ar_AR\" \/>\n<meta property=\"og:type\" content=\"article\" \/>\n<meta property=\"og:title\" content=\"&quot;J\u00e4mst\u00e4llda f\u00f6r\u00e4ldrar, j\u00e4mst\u00e4llt arbetsliv&quot;\" \/>\n<meta property=\"og:description\" content=\"Svenska med baby &quot;J\u00e4mst\u00e4llda f\u00f6r\u00e4ldrar, j\u00e4mst\u00e4llt arbetsliv&quot;\" \/>\n<meta property=\"og:url\" content=\"https:\/\/svenskamedbaby.se\/ar\/jamstallda-foraldrar-jamstallt-arbetsliv\/\" \/>\n<meta property=\"og:site_name\" content=\"Svenska med baby\" \/>\n<meta property=\"article:publisher\" content=\"https:\/\/www.facebook.com\/svenskamedbaby\" \/>\n<meta property=\"article:modified_time\" content=\"2024-11-25T13:01:58+00:00\" \/>\n<meta property=\"og:image\" content=\"https:\/\/svenskamedbaby.se\/wp-content\/uploads\/2024\/11\/Papparapporten_Lina-scaled.jpg\" \/>\n\t<meta property=\"og:image:width\" content=\"2560\" \/>\n\t<meta property=\"og:image:height\" content=\"2560\" \/>\n\t<meta property=\"og:image:type\" content=\"image\/jpeg\" \/>\n<meta name=\"twitter:card\" content=\"summary_large_image\" \/>\n<meta name=\"twitter:label1\" content=\"\u0648\u0642\u062a \u0627\u0644\u0642\u0631\u0627\u0621\u0629 \u0627\u0644\u0645\u064f\u0642\u062f\u0651\u0631\" \/>\n\t<meta name=\"twitter:data1\" content=\"4 \u062f\u0642\u0627\u0626\u0642\" \/>\n<script type=\"application\/ld+json\" class=\"yoast-schema-graph\">{\"@context\":\"https:\\\/\\\/schema.org\",\"@graph\":[{\"@type\":\"WebPage\",\"@id\":\"https:\\\/\\\/svenskamedbaby.se\\\/jamstallda-foraldrar-jamstallt-arbetsliv\\\/\",\"url\":\"https:\\\/\\\/svenskamedbaby.se\\\/jamstallda-foraldrar-jamstallt-arbetsliv\\\/\",\"name\":\"\\\"J\u00e4mst\u00e4llda f\u00f6r\u00e4ldrar, j\u00e4mst\u00e4llt arbetsliv\\\"\",\"isPartOf\":{\"@id\":\"https:\\\/\\\/svenskamedbaby.se\\\/#website\"},\"primaryImageOfPage\":{\"@id\":\"https:\\\/\\\/svenskamedbaby.se\\\/jamstallda-foraldrar-jamstallt-arbetsliv\\\/#primaryimage\"},\"image\":{\"@id\":\"https:\\\/\\\/svenskamedbaby.se\\\/jamstallda-foraldrar-jamstallt-arbetsliv\\\/#primaryimage\"},\"thumbnailUrl\":\"https:\\\/\\\/svenskamedbaby.se\\\/wp-content\\\/uploads\\\/2024\\\/11\\\/Papparapporten_Lina-scaled.jpg\",\"datePublished\":\"2024-11-25T12:41:19+00:00\",\"dateModified\":\"2024-11-25T13:01:58+00:00\",\"description\":\"Svenska med baby \\\"J\u00e4mst\u00e4llda f\u00f6r\u00e4ldrar, j\u00e4mst\u00e4llt arbetsliv\\\"\",\"breadcrumb\":{\"@id\":\"https:\\\/\\\/svenskamedbaby.se\\\/jamstallda-foraldrar-jamstallt-arbetsliv\\\/#breadcrumb\"},\"inLanguage\":\"ar\",\"potentialAction\":[{\"@type\":\"ReadAction\",\"target\":[\"https:\\\/\\\/svenskamedbaby.se\\\/jamstallda-foraldrar-jamstallt-arbetsliv\\\/\"]}]},{\"@type\":\"ImageObject\",\"inLanguage\":\"ar\",\"@id\":\"https:\\\/\\\/svenskamedbaby.se\\\/jamstallda-foraldrar-jamstallt-arbetsliv\\\/#primaryimage\",\"url\":\"https:\\\/\\\/svenskamedbaby.se\\\/wp-content\\\/uploads\\\/2024\\\/11\\\/Papparapporten_Lina-scaled.jpg\",\"contentUrl\":\"https:\\\/\\\/svenskamedbaby.se\\\/wp-content\\\/uploads\\\/2024\\\/11\\\/Papparapporten_Lina-scaled.jpg\",\"width\":2560,\"height\":2560,\"caption\":\"Happy father helping little son walking in living room\"},{\"@type\":\"BreadcrumbList\",\"@id\":\"https:\\\/\\\/svenskamedbaby.se\\\/jamstallda-foraldrar-jamstallt-arbetsliv\\\/#breadcrumb\",\"itemListElement\":[{\"@type\":\"ListItem\",\"position\":1,\"name\":\"Home\",\"item\":\"https:\\\/\\\/svenskamedbaby.se\\\/\"},{\"@type\":\"ListItem\",\"position\":2,\"name\":\"&#8221;J\u00e4mst\u00e4llda f\u00f6r\u00e4ldrar, j\u00e4mst\u00e4llt arbetsliv&#8221;\"}]},{\"@type\":\"WebSite\",\"@id\":\"https:\\\/\\\/svenskamedbaby.se\\\/#website\",\"url\":\"https:\\\/\\\/svenskamedbaby.se\\\/\",\"name\":\"Svenska med baby\",\"description\":\"Tr\u00e4ffar f\u00f6r sm\u00e5barn och vuxna med olika bakrund\",\"publisher\":{\"@id\":\"https:\\\/\\\/svenskamedbaby.se\\\/#organization\"},\"potentialAction\":[{\"@type\":\"SearchAction\",\"target\":{\"@type\":\"EntryPoint\",\"urlTemplate\":\"https:\\\/\\\/svenskamedbaby.se\\\/?s={search_term_string}\"},\"query-input\":{\"@type\":\"PropertyValueSpecification\",\"valueRequired\":true,\"valueName\":\"search_term_string\"}}],\"inLanguage\":\"ar\"},{\"@type\":\"Organization\",\"@id\":\"https:\\\/\\\/svenskamedbaby.se\\\/#organization\",\"name\":\"Svenska med baby\",\"url\":\"https:\\\/\\\/svenskamedbaby.se\\\/\",\"logo\":{\"@type\":\"ImageObject\",\"inLanguage\":\"ar\",\"@id\":\"https:\\\/\\\/svenskamedbaby.se\\\/#\\\/schema\\\/logo\\\/image\\\/\",\"url\":\"https:\\\/\\\/svenskamedbaby.se\\\/wp-content\\\/uploads\\\/2024\\\/01\\\/cropped-logo-liggande_orange.png\",\"contentUrl\":\"https:\\\/\\\/svenskamedbaby.se\\\/wp-content\\\/uploads\\\/2024\\\/01\\\/cropped-logo-liggande_orange.png\",\"width\":3101,\"height\":1056,\"caption\":\"Svenska med baby\"},\"image\":{\"@id\":\"https:\\\/\\\/svenskamedbaby.se\\\/#\\\/schema\\\/logo\\\/image\\\/\"},\"sameAs\":[\"https:\\\/\\\/www.facebook.com\\\/svenskamedbaby\",\"https:\\\/\\\/www.instagram.com\\\/svenskamedbaby\\\/\",\"https:\\\/\\\/www.youtube.com\\\/@svenskamedbaby2469\"]}]}<\/script>\n<!-- \/ Yoast SEO plugin. -->","yoast_head_json":{"title":"\"J\\u00e4mst\\u00e4llda f\\u00f6r\\u00e4ldrar, j\\u00e4mst\\u00e4llt arbetsliv\"","description":"Svenska med baby \"J\u00e4mst\u00e4llda f\u00f6r\u00e4ldrar, j\u00e4mst\u00e4llt arbetsliv\"","robots":{"index":"index","follow":"follow","max-snippet":"max-snippet:-1","max-image-preview":"max-image-preview:large","max-video-preview":"max-video-preview:-1"},"canonical":"https:\/\/svenskamedbaby.se\/ar\/jamstallda-foraldrar-jamstallt-arbetsliv\/","og_locale":"ar_AR","og_type":"article","og_title":"\"J\u00e4mst\u00e4llda f\u00f6r\u00e4ldrar, j\u00e4mst\u00e4llt arbetsliv\"","og_description":"Svenska med baby \"J\u00e4mst\u00e4llda f\u00f6r\u00e4ldrar, j\u00e4mst\u00e4llt arbetsliv\"","og_url":"https:\/\/svenskamedbaby.se\/ar\/jamstallda-foraldrar-jamstallt-arbetsliv\/","og_site_name":"Svenska med baby","article_publisher":"https:\/\/www.facebook.com\/svenskamedbaby","article_modified_time":"2024-11-25T13:01:58+00:00","og_image":[{"width":2560,"height":2560,"url":"https:\/\/svenskamedbaby.se\/wp-content\/uploads\/2024\/11\/Papparapporten_Lina-scaled.jpg","type":"image\/jpeg"}],"twitter_card":"summary_large_image","twitter_misc":{"\u0648\u0642\u062a \u0627\u0644\u0642\u0631\u0627\u0621\u0629 \u0627\u0644\u0645\u064f\u0642\u062f\u0651\u0631":"4 \u062f\u0642\u0627\u0626\u0642"},"schema":{"@context":"https:\/\/schema.org","@graph":[{"@type":"WebPage","@id":"https:\/\/svenskamedbaby.se\/jamstallda-foraldrar-jamstallt-arbetsliv\/","url":"https:\/\/svenskamedbaby.se\/jamstallda-foraldrar-jamstallt-arbetsliv\/","name":"\"J\\u00e4mst\\u00e4llda f\\u00f6r\\u00e4ldrar, j\\u00e4mst\\u00e4llt arbetsliv\"","isPartOf":{"@id":"https:\/\/svenskamedbaby.se\/#website"},"primaryImageOfPage":{"@id":"https:\/\/svenskamedbaby.se\/jamstallda-foraldrar-jamstallt-arbetsliv\/#primaryimage"},"image":{"@id":"https:\/\/svenskamedbaby.se\/jamstallda-foraldrar-jamstallt-arbetsliv\/#primaryimage"},"thumbnailUrl":"https:\/\/svenskamedbaby.se\/wp-content\/uploads\/2024\/11\/Papparapporten_Lina-scaled.jpg","datePublished":"2024-11-25T12:41:19+00:00","dateModified":"2024-11-25T13:01:58+00:00","description":"Svenska med baby \"J\u00e4mst\u00e4llda f\u00f6r\u00e4ldrar, j\u00e4mst\u00e4llt arbetsliv\"","breadcrumb":{"@id":"https:\/\/svenskamedbaby.se\/jamstallda-foraldrar-jamstallt-arbetsliv\/#breadcrumb"},"inLanguage":"ar","potentialAction":[{"@type":"ReadAction","target":["https:\/\/svenskamedbaby.se\/jamstallda-foraldrar-jamstallt-arbetsliv\/"]}]},{"@type":"ImageObject","inLanguage":"ar","@id":"https:\/\/svenskamedbaby.se\/jamstallda-foraldrar-jamstallt-arbetsliv\/#primaryimage","url":"https:\/\/svenskamedbaby.se\/wp-content\/uploads\/2024\/11\/Papparapporten_Lina-scaled.jpg","contentUrl":"https:\/\/svenskamedbaby.se\/wp-content\/uploads\/2024\/11\/Papparapporten_Lina-scaled.jpg","width":2560,"height":2560,"caption":"Happy father helping little son walking in living room"},{"@type":"BreadcrumbList","@id":"https:\/\/svenskamedbaby.se\/jamstallda-foraldrar-jamstallt-arbetsliv\/#breadcrumb","itemListElement":[{"@type":"ListItem","position":1,"name":"Home","item":"https:\/\/svenskamedbaby.se\/"},{"@type":"ListItem","position":2,"name":"&#8221;J\u00e4mst\u00e4llda f\u00f6r\u00e4ldrar, j\u00e4mst\u00e4llt arbetsliv&#8221;"}]},{"@type":"WebSite","@id":"https:\/\/svenskamedbaby.se\/#website","url":"https:\/\/svenskamedbaby.se\/","name":"Svenska med baby","description":"\u0627\u062c\u062a\u0645\u0627\u0639\u0627\u062a \u0644\u0644\u0623\u0637\u0641\u0627\u0644 \u0627\u0644\u0635\u063a\u0627\u0631 \u0648\u0627\u0644\u0643\u0628\u0627\u0631 \u0645\u0646 \u062e\u0644\u0641\u064a\u0627\u062a \u0645\u062e\u062a\u0644\u0641\u0629","publisher":{"@id":"https:\/\/svenskamedbaby.se\/#organization"},"potentialAction":[{"@type":"SearchAction","target":{"@type":"EntryPoint","urlTemplate":"https:\/\/svenskamedbaby.se\/?s={search_term_string}"},"query-input":{"@type":"PropertyValueSpecification","valueRequired":true,"valueName":"search_term_string"}}],"inLanguage":"ar"},{"@type":"Organization","@id":"https:\/\/svenskamedbaby.se\/#organization","name":"Svenska med baby","url":"https:\/\/svenskamedbaby.se\/","logo":{"@type":"ImageObject","inLanguage":"ar","@id":"https:\/\/svenskamedbaby.se\/#\/schema\/logo\/image\/","url":"https:\/\/svenskamedbaby.se\/wp-content\/uploads\/2024\/01\/cropped-logo-liggande_orange.png","contentUrl":"https:\/\/svenskamedbaby.se\/wp-content\/uploads\/2024\/01\/cropped-logo-liggande_orange.png","width":3101,"height":1056,"caption":"Svenska med baby"},"image":{"@id":"https:\/\/svenskamedbaby.se\/#\/schema\/logo\/image\/"},"sameAs":["https:\/\/www.facebook.com\/svenskamedbaby","https:\/\/www.instagram.com\/svenskamedbaby\/","https:\/\/www.youtube.com\/@svenskamedbaby2469"]}]}},"_links":{"self":[{"href":"https:\/\/svenskamedbaby.se\/ar\/wp-json\/wp\/v2\/pages\/2395","targetHints":{"allow":["GET"]}}],"collection":[{"href":"https:\/\/svenskamedbaby.se\/ar\/wp-json\/wp\/v2\/pages"}],"about":[{"href":"https:\/\/svenskamedbaby.se\/ar\/wp-json\/wp\/v2\/types\/page"}],"author":[{"embeddable":true,"href":"https:\/\/svenskamedbaby.se\/ar\/wp-json\/wp\/v2\/users\/4"}],"replies":[{"embeddable":true,"href":"https:\/\/svenskamedbaby.se\/ar\/wp-json\/wp\/v2\/comments?post=2395"}],"version-history":[{"count":0,"href":"https:\/\/svenskamedbaby.se\/ar\/wp-json\/wp\/v2\/pages\/2395\/revisions"}],"wp:featuredmedia":[{"embeddable":true,"href":"https:\/\/svenskamedbaby.se\/ar\/wp-json\/wp\/v2\/media\/2397"}],"wp:attachment":[{"href":"https:\/\/svenskamedbaby.se\/ar\/wp-json\/wp\/v2\/media?parent=2395"}],"curies":[{"name":"wp","href":"https:\/\/api.w.org\/{rel}","templated":true}]}}