{"id":2449,"date":"2024-12-09T14:59:02","date_gmt":"2024-12-09T14:59:02","guid":{"rendered":"https:\/\/svenskamedbaby.se\/?page_id=2449"},"modified":"2024-12-09T14:59:02","modified_gmt":"2024-12-09T14:59:02","slug":"vi-kande-oss-som-om-vi-hade-landat-pa-en-annan-planet","status":"publish","type":"page","link":"https:\/\/svenskamedbaby.se\/ar\/vi-kande-oss-som-om-vi-hade-landat-pa-en-annan-planet\/","title":{"rendered":"&#8221;Vi k\u00e4nde oss som om vi hade landat p\u00e5 en annan planet&#8221;"},"content":{"rendered":"\t\t<div data-elementor-type=\"wp-page\" data-elementor-id=\"2449\" class=\"elementor elementor-2449\" data-elementor-post-type=\"page\">\n\t\t\t\t<div class=\"elementor-element elementor-element-3aba0b65 e-flex e-con-boxed e-con e-parent\" data-id=\"3aba0b65\" data-element_type=\"container\" data-e-type=\"container\" data-settings=\"{&quot;background_background&quot;:&quot;classic&quot;}\">\n\t\t\t\t\t<div class=\"e-con-inner\">\n\t\t<div class=\"elementor-element elementor-element-3d51e702 e-con-full animated-slow e-flex elementor-invisible e-con e-child\" data-id=\"3d51e702\" data-element_type=\"container\" data-e-type=\"container\" data-settings=\"{&quot;animation&quot;:&quot;fadeIn&quot;,&quot;animation_delay&quot;:100,&quot;animation_mobile&quot;:&quot;none&quot;}\">\n\t\t\t\t<div class=\"elementor-element elementor-element-29a3fe65 elementor-widget elementor-widget-heading\" data-id=\"29a3fe65\" data-element_type=\"widget\" data-e-type=\"widget\" data-widget_type=\"heading.default\">\n\t\t\t\t<div class=\"elementor-widget-container\">\n\t\t\t\t\t<h2 class=\"elementor-heading-title elementor-size-default\">Reportage<\/h2>\t\t\t\t<\/div>\n\t\t\t\t<\/div>\n\t\t\t\t<div class=\"elementor-element elementor-element-3fa1f0f elementor-view-default elementor-widget elementor-widget-icon\" data-id=\"3fa1f0f\" data-element_type=\"widget\" data-e-type=\"widget\" data-widget_type=\"icon.default\">\n\t\t\t\t<div class=\"elementor-widget-container\">\n\t\t\t\t\t\t\t<div class=\"elementor-icon-wrapper\">\n\t\t\t<div class=\"elementor-icon\">\n\t\t\t<svg aria-hidden=\"true\" class=\"e-font-icon-svg e-fas-quote-left\" viewBox=\"0 0 512 512\" xmlns=\"http:\/\/www.w3.org\/2000\/svg\"><path d=\"M464 256h-80v-64c0-35.3 28.7-64 64-64h8c13.3 0 24-10.7 24-24V56c0-13.3-10.7-24-24-24h-8c-88.4 0-160 71.6-160 160v240c0 26.5 21.5 48 48 48h128c26.5 0 48-21.5 48-48V304c0-26.5-21.5-48-48-48zm-288 0H96v-64c0-35.3 28.7-64 64-64h8c13.3 0 24-10.7 24-24V56c0-13.3-10.7-24-24-24h-8C71.6 32 0 103.6 0 192v240c0 26.5 21.5 48 48 48h128c26.5 0 48-21.5 48-48V304c0-26.5-21.5-48-48-48z\"><\/path><\/svg>\t\t\t<\/div>\n\t\t<\/div>\n\t\t\t\t\t\t<\/div>\n\t\t\t\t<\/div>\n\t\t\t\t<div class=\"elementor-element elementor-element-71f657d1 elementor-widget elementor-widget-heading\" data-id=\"71f657d1\" data-element_type=\"widget\" data-e-type=\"widget\" data-widget_type=\"heading.default\">\n\t\t\t\t<div class=\"elementor-widget-container\">\n\t\t\t\t\t<h2 class=\"elementor-heading-title elementor-size-default\">Vi k\u00e4nde oss som om vi hade landat p\u00e5 en annan planet\"<\/h2>\t\t\t\t<\/div>\n\t\t\t\t<\/div>\n\t\t\t\t<div class=\"elementor-element elementor-element-658b7be2 elementor-widget-divider--view-line elementor-widget elementor-widget-divider\" data-id=\"658b7be2\" data-element_type=\"widget\" data-e-type=\"widget\" data-widget_type=\"divider.default\">\n\t\t\t\t<div class=\"elementor-widget-container\">\n\t\t\t\t\t\t\t<div class=\"elementor-divider\">\n\t\t\t<span class=\"elementor-divider-separator\">\n\t\t\t\t\t\t<\/span>\n\t\t<\/div>\n\t\t\t\t\t\t<\/div>\n\t\t\t\t<\/div>\n\t\t\t\t<div class=\"elementor-element elementor-element-4d04b41a elementor-widget elementor-widget-text-editor\" data-id=\"4d04b41a\" data-element_type=\"widget\" data-e-type=\"widget\" data-widget_type=\"text-editor.default\">\n\t\t\t\t<div class=\"elementor-widget-container\">\n\t\t\t\t\t\t\t\t\t<p><strong>N\u00e4r Larysa Serhieieva och hennes familj anl\u00e4nde till Sverige i h\u00f6stas, f\u00f6r knappt tv\u00e5 m\u00e5nader sedan, var allt nytt och \u00f6verv\u00e4ldigande. De l\u00e4mnade kriget och oroligheterna i Ukraina bakom sig och sitt hem i Izmail, en stad i Odessa-regionen, f\u00f6r att b\u00f6rja om i ett land d\u00e4r de varken kan spr\u00e5ket eller k\u00e4nner till vardagen. <br \/>&#8221;Vi visste ingenting om Sverige, och jag f\u00f6rstod snabbt att min engelska inte r\u00e4cker h\u00e4r,&#8221; s\u00e4ger Larysa, 43, med ett skratt.<\/strong><\/p><p><span style=\"font-weight: 400;\">Med sin yngsta dotter och make f\u00f6rs\u00f6ker hon nu hitta fotf\u00e4stet i den svenska tillvaron.<br \/>&#8221;Min \u00e4ldre dotter \u00e4r i Polen, och vi tre tog oss till Sverige. Vi k\u00e4nde oss v\u00e4ldigt vilsna i b\u00f6rjan,&#8221; ber\u00e4ttar hon. Det var via Migrationsverket som Larysa fick h\u00f6ra om Svenska med baby. En ukrainsk kvinna delade en Telegramkanal, och efter att ha b\u00f6rjat g\u00e5 till tr\u00e4ffarna k\u00e4nner hon sig alltmer hemma. &#8221;Vi blev v\u00e4lkomnade direkt, och \u00e4ven om vi inte pratar svenska \u00f6vers\u00e4tts allt f\u00f6r oss. Det k\u00e4nns som ett viktigt f\u00f6rsta steg,&#8221; s\u00e4ger hon.<\/span><\/p><p><span style=\"font-weight: 400;\">Tr\u00e4ffarna har blivit en trygg plats d\u00e4r hon m\u00f6ter b\u00e5de andra ukrainare och svenskar. &#8221;Att f\u00e5 l\u00e4sa de f\u00f6rsta svenska fraserna och prata med andra \u00e4r en l\u00e4ttnad. Jag har \u00e4ven tr\u00e4ffat en kvinna fr\u00e5n Odessa, och vi h\u00e5ller kontakten utanf\u00f6r tr\u00e4ffarna.&#8221; <br \/><\/span><span style=\"font-weight: 400;\">Vardagen b\u00f6rjar sakta f\u00f6r\u00e4ndras. I tv\u00e4ttstugan m\u00f6tte Larysa en annan ukrainsk kvinna, som nu blivit en v\u00e4n. <br \/>&#8221;Vi g\u00e5r till gymmet tillsammans, handlar och pratar. Hon hj\u00e4lper mig med information, och det betyder mycket,&#8221; s\u00e4ger Larysa. <\/span><span style=\"font-family: var(--global-body-font-family);\">Samtidigt beskriver hon hur spr\u00e5ket fortfarande \u00e4r en stor utmaning. &#8221;Det \u00e4r sv\u00e5rt att inte kunna kommunicera. Vi beh\u00f6ver fler spr\u00e5kkurser och aktiviteter d\u00e4r vi kan tr\u00e4na.&#8221;<\/span><\/p><p><span style=\"font-weight: 400;\">Larysa uppskattar dock m\u00e5nga saker i sitt nya land. <br \/>&#8221;Jag gillar att allt \u00e4r s\u00e5 tillg\u00e4ngligt, som till exempel ramper f\u00f6r barnvagnar och personer med funktionsneds\u00e4ttning. Och dekorationerna \u00f6verallt inf\u00f6r julen g\u00f6r st\u00e4mningen s\u00e5 fin.&#8221;<br \/><\/span><span style=\"font-family: var(--global-body-font-family);\">Hon har ocks\u00e5 hittat egna s\u00e4tt att hantera omst\u00e4llningen. &#8221;Jag b\u00f6rjade leta efter ett gym direkt. Jag m\u00e5dde psykiskt d\u00e5ligt i b\u00f6rjan, men att ha n\u00e5got att fokusera p\u00e5 hj\u00e4lpte mig mycket.&#8221; <\/span><span style=\"font-family: var(--global-body-font-family);\">F\u00f6r andra nyanl\u00e4nda har hon ett tydligt r\u00e5d: <br \/><\/span><span style=\"font-family: var(--global-body-font-family);\">&#8221;Man m\u00e5ste leta efter spr\u00e5kcaf\u00e9er och aktiviteter som intresserar en. Det g\u00f6r skillnad att hitta gemenskap, och det finns alltid n\u00e5gon som vill hj\u00e4lpa.&#8221;<\/span><\/p><p><span style=\"font-family: var(--global-body-font-family);\">Med st\u00f6d fr\u00e5n tr\u00e4ffarna och de nya relationer hon bygger, k\u00e4nner Larysa att hon l\u00e5ngsamt b\u00f6rjar landa p\u00e5 denna &#8221;nya planet&#8221;. <br \/>&#8221;Det \u00e4r inte l\u00e4tt att b\u00f6rja om, men det g\u00e5r. Och ibland r\u00e4cker det att n\u00e5gon s\u00e4ger: &#8217;Du \u00e4r v\u00e4lkommen hit. Det \u00e4r s\u00e5 lite som beh\u00f6vs f\u00f6r att g\u00f6ra en glad och k\u00e4nna att man blir sedd&#8221;, avslutar Larysa.\u00a0<\/span><\/p><p><span style=\"font-weight: 400;\">Svenska med babys projekt, som Larysa deltar i och som finansieras av L\u00e4nsstyrelsen Stockholm, erbjuder asyls\u00f6kande och ukrainska flyktingar aktiviteter som underl\u00e4ttar integration. Syftet \u00e4r att f\u00f6rb\u00e4ttra deras psykiska och fysiska h\u00e4lsa, \u00f6ka spr\u00e5kkunskaperna och skapa b\u00e4ttre f\u00f6ruts\u00e4ttningar att bli en del av samh\u00e4llet.<\/span><\/p>\t\t\t\t\t\t\t\t<\/div>\n\t\t\t\t<\/div>\n\t\t\t\t<div class=\"elementor-element elementor-element-4169ead7 elementor-align-left elementor-widget elementor-widget-button\" data-id=\"4169ead7\" data-element_type=\"widget\" data-e-type=\"widget\" data-widget_type=\"button.default\">\n\t\t\t\t<div class=\"elementor-widget-container\">\n\t\t\t\t\t\t\t\t\t<div class=\"elementor-button-wrapper\">\n\t\t\t\t\t<a class=\"elementor-button elementor-button-link elementor-size-sm\" href=\"https:\/\/svenskamedbaby.se\/ar\/reportage\/\">\n\t\t\t\t\t\t<span class=\"elementor-button-content-wrapper\">\n\t\t\t\t\t\t\t\t\t<span class=\"elementor-button-text\">L\u00e4s fler reportage<\/span>\n\t\t\t\t\t<\/span>\n\t\t\t\t\t<\/a>\n\t\t\t\t<\/div>\n\t\t\t\t\t\t\t\t<\/div>\n\t\t\t\t<\/div>\n\t\t\t\t<\/div>\n\t\t<div class=\"elementor-element elementor-element-4aeb1c9f e-con-full elementor-hidden-mobile e-flex elementor-invisible e-con e-child\" data-id=\"4aeb1c9f\" data-element_type=\"container\" data-e-type=\"container\" data-settings=\"{&quot;animation&quot;:&quot;slideInUp&quot;}\">\n\t\t\t\t<div class=\"elementor-element elementor-element-17ce6dce elementor-widget elementor-widget-image\" data-id=\"17ce6dce\" data-element_type=\"widget\" data-e-type=\"widget\" data-settings=\"{&quot;motion_fx_motion_fx_scrolling&quot;:&quot;yes&quot;,&quot;motion_fx_translateY_effect&quot;:&quot;yes&quot;,&quot;motion_fx_translateY_speed&quot;:{&quot;unit&quot;:&quot;px&quot;,&quot;size&quot;:1.8,&quot;sizes&quot;:[]},&quot;motion_fx_translateY_affectedRange&quot;:{&quot;unit&quot;:&quot;%&quot;,&quot;size&quot;:&quot;&quot;,&quot;sizes&quot;:{&quot;start&quot;:0,&quot;end&quot;:100}},&quot;motion_fx_devices&quot;:[&quot;desktop&quot;,&quot;tablet&quot;,&quot;mobile&quot;]}\" data-widget_type=\"image.default\">\n\t\t\t\t<div class=\"elementor-widget-container\">\n\t\t\t\t\t\t\t\t\t\t\t\t\t\t\t<img fetchpriority=\"high\" decoding=\"async\" width=\"500\" height=\"500\" src=\"https:\/\/svenskamedbaby.se\/wp-content\/uploads\/2024\/12\/Larysa_square-500x500.jpg\" class=\"attachment-thumbrelated size-thumbrelated wp-image-2447\" alt=\"\" srcset=\"https:\/\/svenskamedbaby.se\/wp-content\/uploads\/2024\/12\/Larysa_square-500x500.jpg 500w, https:\/\/svenskamedbaby.se\/wp-content\/uploads\/2024\/12\/Larysa_square-300x300.jpg 300w, https:\/\/svenskamedbaby.se\/wp-content\/uploads\/2024\/12\/Larysa_square-150x150.jpg 150w, https:\/\/svenskamedbaby.se\/wp-content\/uploads\/2024\/12\/Larysa_square-12x12.jpg 12w, https:\/\/svenskamedbaby.se\/wp-content\/uploads\/2024\/12\/Larysa_square.jpg 723w\" sizes=\"(max-width: 500px) 100vw, 500px\" \/>\t\t\t\t\t\t\t\t\t\t\t\t\t\t\t<\/div>\n\t\t\t\t<\/div>\n\t\t\t\t<\/div>\n\t\t\t\t\t<\/div>\n\t\t\t\t<\/div>\n\t\t\t\t<\/div>\n\t\t","protected":false},"excerpt":{"rendered":"<p>Reportage Vi k\u00e4nde oss som om vi hade landat p\u00e5 en annan planet&#8221; N\u00e4r Larysa Serhieieva och hennes familj anl\u00e4nde till Sverige i h\u00f6stas, f\u00f6r knappt tv\u00e5 m\u00e5nader sedan, var allt nytt och \u00f6verv\u00e4ldigande. De l\u00e4mnade kriget och oroligheterna i Ukraina bakom sig och sitt hem i Izmail, en stad i Odessa-regionen, f\u00f6r att b\u00f6rja&#8230;<\/p>","protected":false},"author":4,"featured_media":2447,"parent":0,"menu_order":0,"comment_status":"closed","ping_status":"closed","template":"","meta":{"_kad_post_transparent":"","_kad_post_title":"hide","_kad_post_layout":"fullwidth","_kad_post_sidebar_id":"","_kad_post_content_style":"unboxed","_kad_post_vertical_padding":"hide","_kad_post_feature":"hide","_kad_post_feature_position":"","_kad_post_header":false,"_kad_post_footer":false,"footnotes":""},"class_list":["post-2449","page","type-page","status-publish","has-post-thumbnail","hentry"],"yoast_head":"<!-- This site is optimized with the Yoast SEO plugin v27.3 - https:\/\/yoast.com\/product\/yoast-seo-wordpress\/ -->\n<title>&quot;Vi k\u00e4nde oss som om vi hade landat p\u00e5 en annan planet&quot;<\/title>\n<meta name=\"description\" content=\"Svenska med baby &quot;Vi k\u00e4nde oss som om vi hade landat p\u00e5 en annan planet&quot;\" \/>\n<meta name=\"robots\" content=\"index, follow, max-snippet:-1, max-image-preview:large, max-video-preview:-1\" \/>\n<link rel=\"canonical\" href=\"https:\/\/svenskamedbaby.se\/ar\/vi-kande-oss-som-om-vi-hade-landat-pa-en-annan-planet\/\" \/>\n<meta property=\"og:locale\" content=\"ar_AR\" \/>\n<meta property=\"og:type\" content=\"article\" \/>\n<meta property=\"og:title\" content=\"&quot;Vi k\u00e4nde oss som om vi hade landat p\u00e5 en annan planet&quot;\" \/>\n<meta property=\"og:description\" content=\"Svenska med baby &quot;Vi k\u00e4nde oss som om vi hade landat p\u00e5 en annan planet&quot;\" \/>\n<meta property=\"og:url\" content=\"https:\/\/svenskamedbaby.se\/ar\/vi-kande-oss-som-om-vi-hade-landat-pa-en-annan-planet\/\" \/>\n<meta property=\"og:site_name\" content=\"Svenska med baby\" \/>\n<meta property=\"article:publisher\" content=\"https:\/\/www.facebook.com\/svenskamedbaby\" \/>\n<meta property=\"og:image\" content=\"https:\/\/svenskamedbaby.se\/wp-content\/uploads\/2024\/12\/Larysa_square.jpg\" \/>\n\t<meta property=\"og:image:width\" content=\"723\" \/>\n\t<meta property=\"og:image:height\" content=\"723\" \/>\n\t<meta property=\"og:image:type\" content=\"image\/jpeg\" \/>\n<meta name=\"twitter:card\" content=\"summary_large_image\" \/>\n<meta name=\"twitter:label1\" content=\"\u0648\u0642\u062a \u0627\u0644\u0642\u0631\u0627\u0621\u0629 \u0627\u0644\u0645\u064f\u0642\u062f\u0651\u0631\" \/>\n\t<meta name=\"twitter:data1\" content=\"3 \u062f\u0642\u0627\u0626\u0642\" \/>\n<script type=\"application\/ld+json\" class=\"yoast-schema-graph\">{\"@context\":\"https:\\\/\\\/schema.org\",\"@graph\":[{\"@type\":\"WebPage\",\"@id\":\"https:\\\/\\\/svenskamedbaby.se\\\/vi-kande-oss-som-om-vi-hade-landat-pa-en-annan-planet\\\/\",\"url\":\"https:\\\/\\\/svenskamedbaby.se\\\/vi-kande-oss-som-om-vi-hade-landat-pa-en-annan-planet\\\/\",\"name\":\"\\\"Vi k\u00e4nde oss som om vi hade landat p\u00e5 en annan planet\\\"\",\"isPartOf\":{\"@id\":\"https:\\\/\\\/svenskamedbaby.se\\\/#website\"},\"primaryImageOfPage\":{\"@id\":\"https:\\\/\\\/svenskamedbaby.se\\\/vi-kande-oss-som-om-vi-hade-landat-pa-en-annan-planet\\\/#primaryimage\"},\"image\":{\"@id\":\"https:\\\/\\\/svenskamedbaby.se\\\/vi-kande-oss-som-om-vi-hade-landat-pa-en-annan-planet\\\/#primaryimage\"},\"thumbnailUrl\":\"https:\\\/\\\/svenskamedbaby.se\\\/wp-content\\\/uploads\\\/2024\\\/12\\\/Larysa_square.jpg\",\"datePublished\":\"2024-12-09T14:59:02+00:00\",\"description\":\"Svenska med baby \\\"Vi k\u00e4nde oss som om vi hade landat p\u00e5 en annan planet\\\"\",\"breadcrumb\":{\"@id\":\"https:\\\/\\\/svenskamedbaby.se\\\/vi-kande-oss-som-om-vi-hade-landat-pa-en-annan-planet\\\/#breadcrumb\"},\"inLanguage\":\"ar\",\"potentialAction\":[{\"@type\":\"ReadAction\",\"target\":[\"https:\\\/\\\/svenskamedbaby.se\\\/vi-kande-oss-som-om-vi-hade-landat-pa-en-annan-planet\\\/\"]}]},{\"@type\":\"ImageObject\",\"inLanguage\":\"ar\",\"@id\":\"https:\\\/\\\/svenskamedbaby.se\\\/vi-kande-oss-som-om-vi-hade-landat-pa-en-annan-planet\\\/#primaryimage\",\"url\":\"https:\\\/\\\/svenskamedbaby.se\\\/wp-content\\\/uploads\\\/2024\\\/12\\\/Larysa_square.jpg\",\"contentUrl\":\"https:\\\/\\\/svenskamedbaby.se\\\/wp-content\\\/uploads\\\/2024\\\/12\\\/Larysa_square.jpg\",\"width\":723,\"height\":723},{\"@type\":\"BreadcrumbList\",\"@id\":\"https:\\\/\\\/svenskamedbaby.se\\\/vi-kande-oss-som-om-vi-hade-landat-pa-en-annan-planet\\\/#breadcrumb\",\"itemListElement\":[{\"@type\":\"ListItem\",\"position\":1,\"name\":\"Home\",\"item\":\"https:\\\/\\\/svenskamedbaby.se\\\/\"},{\"@type\":\"ListItem\",\"position\":2,\"name\":\"&#8221;Vi k\u00e4nde oss som om vi hade landat p\u00e5 en annan planet&#8221;\"}]},{\"@type\":\"WebSite\",\"@id\":\"https:\\\/\\\/svenskamedbaby.se\\\/#website\",\"url\":\"https:\\\/\\\/svenskamedbaby.se\\\/\",\"name\":\"Svenska med baby\",\"description\":\"Tr\u00e4ffar f\u00f6r sm\u00e5barn och vuxna med olika bakrund\",\"publisher\":{\"@id\":\"https:\\\/\\\/svenskamedbaby.se\\\/#organization\"},\"potentialAction\":[{\"@type\":\"SearchAction\",\"target\":{\"@type\":\"EntryPoint\",\"urlTemplate\":\"https:\\\/\\\/svenskamedbaby.se\\\/?s={search_term_string}\"},\"query-input\":{\"@type\":\"PropertyValueSpecification\",\"valueRequired\":true,\"valueName\":\"search_term_string\"}}],\"inLanguage\":\"ar\"},{\"@type\":\"Organization\",\"@id\":\"https:\\\/\\\/svenskamedbaby.se\\\/#organization\",\"name\":\"Svenska med baby\",\"url\":\"https:\\\/\\\/svenskamedbaby.se\\\/\",\"logo\":{\"@type\":\"ImageObject\",\"inLanguage\":\"ar\",\"@id\":\"https:\\\/\\\/svenskamedbaby.se\\\/#\\\/schema\\\/logo\\\/image\\\/\",\"url\":\"https:\\\/\\\/svenskamedbaby.se\\\/wp-content\\\/uploads\\\/2024\\\/01\\\/cropped-logo-liggande_orange.png\",\"contentUrl\":\"https:\\\/\\\/svenskamedbaby.se\\\/wp-content\\\/uploads\\\/2024\\\/01\\\/cropped-logo-liggande_orange.png\",\"width\":3101,\"height\":1056,\"caption\":\"Svenska med baby\"},\"image\":{\"@id\":\"https:\\\/\\\/svenskamedbaby.se\\\/#\\\/schema\\\/logo\\\/image\\\/\"},\"sameAs\":[\"https:\\\/\\\/www.facebook.com\\\/svenskamedbaby\",\"https:\\\/\\\/www.instagram.com\\\/svenskamedbaby\\\/\",\"https:\\\/\\\/www.youtube.com\\\/@svenskamedbaby2469\"]}]}<\/script>\n<!-- \/ Yoast SEO plugin. -->","yoast_head_json":{"title":"\"Vi k\\u00e4nde oss som om vi hade landat p\\u00e5 en annan planet\"","description":"Svenska med baby \"Vi k\u00e4nde oss som om vi hade landat p\u00e5 en annan planet\"","robots":{"index":"index","follow":"follow","max-snippet":"max-snippet:-1","max-image-preview":"max-image-preview:large","max-video-preview":"max-video-preview:-1"},"canonical":"https:\/\/svenskamedbaby.se\/ar\/vi-kande-oss-som-om-vi-hade-landat-pa-en-annan-planet\/","og_locale":"ar_AR","og_type":"article","og_title":"\"Vi k\u00e4nde oss som om vi hade landat p\u00e5 en annan planet\"","og_description":"Svenska med baby \"Vi k\u00e4nde oss som om vi hade landat p\u00e5 en annan planet\"","og_url":"https:\/\/svenskamedbaby.se\/ar\/vi-kande-oss-som-om-vi-hade-landat-pa-en-annan-planet\/","og_site_name":"Svenska med baby","article_publisher":"https:\/\/www.facebook.com\/svenskamedbaby","og_image":[{"width":723,"height":723,"url":"https:\/\/svenskamedbaby.se\/wp-content\/uploads\/2024\/12\/Larysa_square.jpg","type":"image\/jpeg"}],"twitter_card":"summary_large_image","twitter_misc":{"\u0648\u0642\u062a \u0627\u0644\u0642\u0631\u0627\u0621\u0629 \u0627\u0644\u0645\u064f\u0642\u062f\u0651\u0631":"3 \u062f\u0642\u0627\u0626\u0642"},"schema":{"@context":"https:\/\/schema.org","@graph":[{"@type":"WebPage","@id":"https:\/\/svenskamedbaby.se\/vi-kande-oss-som-om-vi-hade-landat-pa-en-annan-planet\/","url":"https:\/\/svenskamedbaby.se\/vi-kande-oss-som-om-vi-hade-landat-pa-en-annan-planet\/","name":"\"Vi k\\u00e4nde oss som om vi hade landat p\\u00e5 en annan planet\"","isPartOf":{"@id":"https:\/\/svenskamedbaby.se\/#website"},"primaryImageOfPage":{"@id":"https:\/\/svenskamedbaby.se\/vi-kande-oss-som-om-vi-hade-landat-pa-en-annan-planet\/#primaryimage"},"image":{"@id":"https:\/\/svenskamedbaby.se\/vi-kande-oss-som-om-vi-hade-landat-pa-en-annan-planet\/#primaryimage"},"thumbnailUrl":"https:\/\/svenskamedbaby.se\/wp-content\/uploads\/2024\/12\/Larysa_square.jpg","datePublished":"2024-12-09T14:59:02+00:00","description":"Svenska med baby \"Vi k\u00e4nde oss som om vi hade landat p\u00e5 en annan planet\"","breadcrumb":{"@id":"https:\/\/svenskamedbaby.se\/vi-kande-oss-som-om-vi-hade-landat-pa-en-annan-planet\/#breadcrumb"},"inLanguage":"ar","potentialAction":[{"@type":"ReadAction","target":["https:\/\/svenskamedbaby.se\/vi-kande-oss-som-om-vi-hade-landat-pa-en-annan-planet\/"]}]},{"@type":"ImageObject","inLanguage":"ar","@id":"https:\/\/svenskamedbaby.se\/vi-kande-oss-som-om-vi-hade-landat-pa-en-annan-planet\/#primaryimage","url":"https:\/\/svenskamedbaby.se\/wp-content\/uploads\/2024\/12\/Larysa_square.jpg","contentUrl":"https:\/\/svenskamedbaby.se\/wp-content\/uploads\/2024\/12\/Larysa_square.jpg","width":723,"height":723},{"@type":"BreadcrumbList","@id":"https:\/\/svenskamedbaby.se\/vi-kande-oss-som-om-vi-hade-landat-pa-en-annan-planet\/#breadcrumb","itemListElement":[{"@type":"ListItem","position":1,"name":"Home","item":"https:\/\/svenskamedbaby.se\/"},{"@type":"ListItem","position":2,"name":"&#8221;Vi k\u00e4nde oss som om vi hade landat p\u00e5 en annan planet&#8221;"}]},{"@type":"WebSite","@id":"https:\/\/svenskamedbaby.se\/#website","url":"https:\/\/svenskamedbaby.se\/","name":"Svenska med baby","description":"\u0627\u062c\u062a\u0645\u0627\u0639\u0627\u062a \u0644\u0644\u0623\u0637\u0641\u0627\u0644 \u0627\u0644\u0635\u063a\u0627\u0631 \u0648\u0627\u0644\u0643\u0628\u0627\u0631 \u0645\u0646 \u062e\u0644\u0641\u064a\u0627\u062a \u0645\u062e\u062a\u0644\u0641\u0629","publisher":{"@id":"https:\/\/svenskamedbaby.se\/#organization"},"potentialAction":[{"@type":"SearchAction","target":{"@type":"EntryPoint","urlTemplate":"https:\/\/svenskamedbaby.se\/?s={search_term_string}"},"query-input":{"@type":"PropertyValueSpecification","valueRequired":true,"valueName":"search_term_string"}}],"inLanguage":"ar"},{"@type":"Organization","@id":"https:\/\/svenskamedbaby.se\/#organization","name":"Svenska med baby","url":"https:\/\/svenskamedbaby.se\/","logo":{"@type":"ImageObject","inLanguage":"ar","@id":"https:\/\/svenskamedbaby.se\/#\/schema\/logo\/image\/","url":"https:\/\/svenskamedbaby.se\/wp-content\/uploads\/2024\/01\/cropped-logo-liggande_orange.png","contentUrl":"https:\/\/svenskamedbaby.se\/wp-content\/uploads\/2024\/01\/cropped-logo-liggande_orange.png","width":3101,"height":1056,"caption":"Svenska med baby"},"image":{"@id":"https:\/\/svenskamedbaby.se\/#\/schema\/logo\/image\/"},"sameAs":["https:\/\/www.facebook.com\/svenskamedbaby","https:\/\/www.instagram.com\/svenskamedbaby\/","https:\/\/www.youtube.com\/@svenskamedbaby2469"]}]}},"_links":{"self":[{"href":"https:\/\/svenskamedbaby.se\/ar\/wp-json\/wp\/v2\/pages\/2449","targetHints":{"allow":["GET"]}}],"collection":[{"href":"https:\/\/svenskamedbaby.se\/ar\/wp-json\/wp\/v2\/pages"}],"about":[{"href":"https:\/\/svenskamedbaby.se\/ar\/wp-json\/wp\/v2\/types\/page"}],"author":[{"embeddable":true,"href":"https:\/\/svenskamedbaby.se\/ar\/wp-json\/wp\/v2\/users\/4"}],"replies":[{"embeddable":true,"href":"https:\/\/svenskamedbaby.se\/ar\/wp-json\/wp\/v2\/comments?post=2449"}],"version-history":[{"count":0,"href":"https:\/\/svenskamedbaby.se\/ar\/wp-json\/wp\/v2\/pages\/2449\/revisions"}],"wp:featuredmedia":[{"embeddable":true,"href":"https:\/\/svenskamedbaby.se\/ar\/wp-json\/wp\/v2\/media\/2447"}],"wp:attachment":[{"href":"https:\/\/svenskamedbaby.se\/ar\/wp-json\/wp\/v2\/media?parent=2449"}],"curies":[{"name":"wp","href":"https:\/\/api.w.org\/{rel}","templated":true}]}}