{"id":3360,"date":"2025-06-05T12:33:04","date_gmt":"2025-06-05T12:33:04","guid":{"rendered":"https:\/\/svenskamedbaby.se\/?page_id=3360"},"modified":"2025-06-05T12:40:07","modified_gmt":"2025-06-05T12:40:07","slug":"fran-sumy-till-sigtuna","status":"publish","type":"page","link":"https:\/\/svenskamedbaby.se\/ar\/fran-sumy-till-sigtuna\/","title":{"rendered":"Fr\u00e5n Sumy till Sigtuna \u2013 Olenas resa till gemenskapen i Sverige"},"content":{"rendered":"\t\t<div data-elementor-type=\"wp-page\" data-elementor-id=\"3360\" class=\"elementor elementor-3360\" data-elementor-post-type=\"page\">\n\t\t\t\t<div class=\"elementor-element elementor-element-3aba0b65 e-flex e-con-boxed e-con e-parent\" data-id=\"3aba0b65\" data-element_type=\"container\" data-e-type=\"container\" data-settings=\"{&quot;background_background&quot;:&quot;classic&quot;}\">\n\t\t\t\t\t<div class=\"e-con-inner\">\n\t\t<div class=\"elementor-element elementor-element-3d51e702 e-con-full animated-slow e-flex elementor-invisible e-con e-child\" data-id=\"3d51e702\" data-element_type=\"container\" data-e-type=\"container\" data-settings=\"{&quot;animation&quot;:&quot;fadeIn&quot;,&quot;animation_delay&quot;:100,&quot;animation_mobile&quot;:&quot;none&quot;}\">\n\t\t\t\t<div class=\"elementor-element elementor-element-29a3fe65 elementor-widget elementor-widget-heading\" data-id=\"29a3fe65\" data-element_type=\"widget\" data-e-type=\"widget\" data-widget_type=\"heading.default\">\n\t\t\t\t<div class=\"elementor-widget-container\">\n\t\t\t\t\t<h2 class=\"elementor-heading-title elementor-size-default\">Reportage<\/h2>\t\t\t\t<\/div>\n\t\t\t\t<\/div>\n\t\t\t\t<div class=\"elementor-element elementor-element-3fa1f0f elementor-view-default elementor-widget elementor-widget-icon\" data-id=\"3fa1f0f\" data-element_type=\"widget\" data-e-type=\"widget\" data-widget_type=\"icon.default\">\n\t\t\t\t<div class=\"elementor-widget-container\">\n\t\t\t\t\t\t\t<div class=\"elementor-icon-wrapper\">\n\t\t\t<div class=\"elementor-icon\">\n\t\t\t<svg aria-hidden=\"true\" class=\"e-font-icon-svg e-fas-quote-left\" viewBox=\"0 0 512 512\" xmlns=\"http:\/\/www.w3.org\/2000\/svg\"><path d=\"M464 256h-80v-64c0-35.3 28.7-64 64-64h8c13.3 0 24-10.7 24-24V56c0-13.3-10.7-24-24-24h-8c-88.4 0-160 71.6-160 160v240c0 26.5 21.5 48 48 48h128c26.5 0 48-21.5 48-48V304c0-26.5-21.5-48-48-48zm-288 0H96v-64c0-35.3 28.7-64 64-64h8c13.3 0 24-10.7 24-24V56c0-13.3-10.7-24-24-24h-8C71.6 32 0 103.6 0 192v240c0 26.5 21.5 48 48 48h128c26.5 0 48-21.5 48-48V304c0-26.5-21.5-48-48-48z\"><\/path><\/svg>\t\t\t<\/div>\n\t\t<\/div>\n\t\t\t\t\t\t<\/div>\n\t\t\t\t<\/div>\n\t\t\t\t<div class=\"elementor-element elementor-element-2f6d760 elementor-widget elementor-widget-heading\" data-id=\"2f6d760\" data-element_type=\"widget\" data-e-type=\"widget\" data-widget_type=\"heading.default\">\n\t\t\t\t<div class=\"elementor-widget-container\">\n\t\t\t\t\t<h2 class=\"elementor-heading-title elementor-size-default\">Fr\u00e5n Sumy till Sigtuna \u2013 Olenas resa till gemenskap i Sverige<\/h2>\t\t\t\t<\/div>\n\t\t\t\t<\/div>\n\t\t\t\t<div class=\"elementor-element elementor-element-658b7be2 elementor-widget-divider--view-line elementor-widget elementor-widget-divider\" data-id=\"658b7be2\" data-element_type=\"widget\" data-e-type=\"widget\" data-widget_type=\"divider.default\">\n\t\t\t\t<div class=\"elementor-widget-container\">\n\t\t\t\t\t\t\t<div class=\"elementor-divider\">\n\t\t\t<span class=\"elementor-divider-separator\">\n\t\t\t\t\t\t<\/span>\n\t\t<\/div>\n\t\t\t\t\t\t<\/div>\n\t\t\t\t<\/div>\n\t\t\t\t<div class=\"elementor-element elementor-element-4d04b41a elementor-widget elementor-widget-text-editor\" data-id=\"4d04b41a\" data-element_type=\"widget\" data-e-type=\"widget\" data-widget_type=\"text-editor.default\">\n\t\t\t\t<div class=\"elementor-widget-container\">\n\t\t\t\t\t\t\t\t\t<p><strong>Olena \u00e4r en 31-\u00e5rig nyb\u00f6rjarfotograf fr\u00e5n Sumy i Ukraina. I februari 2025 anl\u00e4nde hon till Sverige, d\u00e4r hon idag bor tillsammans med sin pojkv\u00e4n i Sigtuna. Resan har inneburit m\u00e5nga utmaningar \u2013 men ocks\u00e5 nya m\u00f6ten, m\u00f6jligheter och steg mot integration.<\/strong><\/p><p class=\"MsoNormal\" style=\"margin: 0cm 0cm 8pt; line-height: normal; font-size: 12pt; font-family: Aptos, sans-serif; color: #000000;\"><span style=\"font-family: 'Times New Roman', serif;\">N\u00e4r Olena f\u00f6rst kom till Sverige var hon ny i b\u00e5de landet och spr\u00e5ket. En bekant ukrainsk kvinna tipsade henne om TIA-tr\u00e4ffarna med\u00a0<i>Svenska med baby<\/i>\u00a0\u2013 ett initiativ som v\u00e4lkomnar alla, oavsett om man har barn eller inte.<\/span><\/p><p class=\"MsoNormal\" style=\"margin: 0cm 0cm 8pt; line-height: normal; font-size: 12pt; font-family: Aptos, sans-serif; color: #000000;\"><span style=\"font-family: 'Times New Roman', serif;\">\u2013 Det som fick mig att v\u00e5ga komma var att det inte finns n\u00e5gra krav, alla som vill f\u00e5r vara med. Eftersom jag varit i Sverige en s\u00e5 kort tid, beh\u00f6vde jag verkligen kommunikation \u2013 helst med landsm\u00e4n, ber\u00e4ttar Olena.<\/span><\/p><p class=\"MsoNormal\" style=\"margin: 0cm 0cm 8pt; line-height: normal; font-size: 12pt; font-family: Aptos, sans-serif; color: #000000;\"><b><span style=\"font-size: 13.5pt; font-family: 'Times New Roman', serif;\">Ensamhet och spr\u00e5kbarri\u00e4rer \u2013 de st\u00f6rsta utmaningarna<\/span><\/b><\/p><p class=\"MsoNormal\" style=\"margin: 0cm 0cm 8pt; line-height: normal; font-size: 12pt; font-family: Aptos, sans-serif; color: #000000;\"><span style=\"font-family: 'Times New Roman', serif;\">F\u00f6r Olena var den st\u00f6rsta utmaningen i b\u00f6rjan av vistelsen att inte ha n\u00e5gra v\u00e4nner eller bekanta i n\u00e4rheten.<\/span><\/p><p class=\"MsoNormal\" style=\"margin: 0cm 0cm 8pt; line-height: normal; font-size: 12pt; font-family: Aptos, sans-serif; color: #000000;\"><span style=\"font-family: 'Times New Roman', serif;\">\u2013 Det var sv\u00e5rt att k\u00e4nna sig ensam, och spr\u00e5ket var ocks\u00e5 ett hinder. D\u00e4rf\u00f6r har tr\u00e4ffarna varit s\u00e5 viktiga \u2013 ni g\u00f6r ett bra jobb, ni f\u00f6renar ukrainare och andra m\u00e4nniskor. Man l\u00e4r k\u00e4nna nya m\u00e4nniskor, och det \u00e4r inte l\u00e4tt att bara g\u00f6ra det ute p\u00e5 gatan, s\u00e4ger hon.<\/span><\/p><p class=\"MsoNormal\" style=\"margin: 0cm 0cm 8pt; line-height: normal; font-size: 12pt; font-family: Aptos, sans-serif; color: #000000;\"><span style=\"font-family: 'Times New Roman', serif;\">Hon har ocks\u00e5 deltagit i aktiviteter p\u00e5\u00a0<i>House of Ukraine<\/i>\u00a0och i projektet\u00a0<i>UCareFum 2.0<\/i>, d\u00e4r hon tr\u00e4ffat andra i liknande situationer.<\/span><\/p><p class=\"MsoNormal\" style=\"margin: 0cm 0cm 8pt; line-height: normal; font-size: 12pt; font-family: Aptos, sans-serif; color: #000000;\"><b><span style=\"font-size: 13.5pt; font-family: 'Times New Roman', serif;\">Spr\u00e5ktr\u00e4ning, kulturm\u00f6ten och gemenskap<\/span><\/b><\/p><p class=\"MsoNormal\" style=\"margin: 0cm 0cm 8pt; line-height: normal; font-size: 12pt; font-family: Aptos, sans-serif; color: #000000;\"><span style=\"font-family: 'Times New Roman', serif;\">Under tr\u00e4ffarna har Olena f\u00e5tt chans att \u00f6va lite p\u00e5 svenska, men framf\u00f6r allt har hon lyssnat mycket. Det har ocks\u00e5 blivit en m\u00f6jlighet att m\u00f6ta nya familjer och individer att umg\u00e5s med.<\/span><\/p><p class=\"MsoNormal\" style=\"margin: 0cm 0cm 8pt; line-height: normal; font-size: 12pt; font-family: Aptos, sans-serif; color: #000000;\"><span style=\"font-family: 'Times New Roman', serif;\">\u2013 Jag har inte l\u00e4rt k\u00e4nna s\u00e5 m\u00e5nga \u00e4n, men n\u00e5gra \u2013 och det har p\u00e5verkat mig v\u00e4ldigt positivt.<\/span><\/p><p class=\"MsoNormal\" style=\"margin: 0cm 0cm 8pt; line-height: normal; font-size: 12pt; font-family: Aptos, sans-serif; color: #000000;\"><span style=\"font-family: 'Times New Roman', serif;\">Genom aktiviteterna k\u00e4nner hon ocks\u00e5 att hon sakta men s\u00e4kert b\u00f6rjar ta steg in i det svenska samh\u00e4llet.<\/span><\/p><p class=\"MsoNormal\" style=\"margin: 0cm 0cm 8pt; line-height: normal; font-size: 12pt; font-family: Aptos, sans-serif; color: #000000;\"><span style=\"font-family: 'Times New Roman', serif;\">\u2013 Svenska med baby hj\u00e4lper till att l\u00e4ra k\u00e4nna den svenska kulturen, Stockholm och viktiga platser som museer och parker. Det g\u00f6r mycket.<\/span><\/p><p class=\"MsoNormal\" style=\"margin: 0cm 0cm 8pt; line-height: normal; font-size: 12pt; font-family: Aptos, sans-serif; color: #000000;\"><b><span style=\"font-size: 13.5pt; font-family: 'Times New Roman', serif;\">\u00d6nskar mer st\u00f6d f\u00f6r integration och arbete<\/span><\/b><\/p><p class=\"MsoNormal\" style=\"margin: 0cm 0cm 8pt; line-height: normal; font-size: 12pt; font-family: Aptos, sans-serif; color: #000000;\"><span style=\"font-family: 'Times New Roman', serif;\">N\u00e4r Olena blickar fram\u00e5t hoppas hon p\u00e5 mer st\u00f6d kring integration, spr\u00e5k och m\u00f6jligheter att arbeta.<\/span><\/p><p class=\"MsoNormal\" style=\"margin: 0cm 0cm 8pt; line-height: normal; font-size: 12pt; font-family: Aptos, sans-serif; color: #000000;\"><span style=\"font-family: 'Times New Roman', serif;\">\u2013 Jag vill verkligen l\u00e4ra mig spr\u00e5ket, hitta ett jobb, och f\u00e5 fler att k\u00e4nna till mitt arbete som fotograf. Jag vill kunna dela med mig av det jag kan.<\/span><\/p><p class=\"MsoNormal\" style=\"margin: 0cm 0cm 8pt; line-height: normal; font-size: 12pt; font-family: Aptos, sans-serif; color: #000000;\"><span style=\"font-family: 'Times New Roman', serif;\">Hon betonar ocks\u00e5 hur viktigt det \u00e4r att v\u00e5ga delta i gemensamma aktiviteter \u2013 s\u00e4rskilt f\u00f6r nyanl\u00e4nda familjer.<\/span><\/p><p class=\"MsoNormal\" style=\"margin: 0cm 0cm 8pt; line-height: normal; font-size: 12pt; font-family: Aptos, sans-serif; color: #000000;\"><span style=\"font-family: 'Times New Roman', serif;\">\u2013 Att byta land \u00e4r en stor stress f\u00f6r vem som helst. D\u00e4rf\u00f6r \u00e4r det s\u00e5 betydelsefullt att vara med i s\u00e5dana h\u00e4r evenemang. Jag rekommenderar verkligen att delta s\u00e5 mycket som m\u00f6jligt.<\/span><\/p><p class=\"MsoNormal\" style=\"margin: 0cm 0cm 8pt; line-height: normal; font-size: 12pt; font-family: Aptos, sans-serif; color: #000000;\"><b><span style=\"font-size: 13.5pt; font-family: 'Times New Roman', serif;\">En kultur som k\u00e4nns ny \u2013 men med \u00f6ppningar f\u00f6r mer<\/span><\/b><\/p><p class=\"MsoNormal\" style=\"margin: 0cm 0cm 8pt; line-height: normal; font-size: 12pt; font-family: Aptos, sans-serif; color: #000000;\"><span style=\"font-family: 'Times New Roman', serif;\">\u00c4ven om Olena \u00e4nnu inte haft s\u00e5 mycket kontakt med svenskar, b\u00f6rjar hon l\u00e4gga m\u00e4rke till vissa skillnader mellan den svenska kulturen och den ukrainska.<\/span><\/p><p class=\"MsoNormal\" style=\"margin: 0cm 0cm 8pt; line-height: normal; font-size: 12pt; font-family: Aptos, sans-serif; color: #000000;\"><span style=\"font-family: 'Times New Roman', serif;\">\u2013 Svenskar verkar vara mer reserverade och fokuserade p\u00e5 sitt eget liv. De verkar ocks\u00e5 f\u00f6rs\u00f6ka undvika stress. Men jag hoppas f\u00e5 m\u00f6jlighet att l\u00e4ra k\u00e4nna kulturen mer med tiden.<\/span><\/p><p><strong>\u00a0<\/strong><\/p><p><strong>\u00a0<\/strong><\/p>\t\t\t\t\t\t\t\t<\/div>\n\t\t\t\t<\/div>\n\t\t\t\t<div class=\"elementor-element elementor-element-4169ead7 elementor-align-left elementor-widget elementor-widget-button\" data-id=\"4169ead7\" data-element_type=\"widget\" data-e-type=\"widget\" data-widget_type=\"button.default\">\n\t\t\t\t<div class=\"elementor-widget-container\">\n\t\t\t\t\t\t\t\t\t<div class=\"elementor-button-wrapper\">\n\t\t\t\t\t<a class=\"elementor-button elementor-button-link elementor-size-sm\" href=\"https:\/\/svenskamedbaby.se\/ar\/reportage\/\">\n\t\t\t\t\t\t<span class=\"elementor-button-content-wrapper\">\n\t\t\t\t\t\t\t\t\t<span class=\"elementor-button-text\">L\u00e4s fler reportage<\/span>\n\t\t\t\t\t<\/span>\n\t\t\t\t\t<\/a>\n\t\t\t\t<\/div>\n\t\t\t\t\t\t\t\t<\/div>\n\t\t\t\t<\/div>\n\t\t\t\t<\/div>\n\t\t<div class=\"elementor-element elementor-element-4aeb1c9f e-con-full elementor-hidden-mobile e-flex elementor-invisible e-con e-child\" data-id=\"4aeb1c9f\" data-element_type=\"container\" data-e-type=\"container\" data-settings=\"{&quot;animation&quot;:&quot;slideInUp&quot;}\">\n\t\t\t\t<div class=\"elementor-element elementor-element-17ce6dce elementor-widget elementor-widget-image\" data-id=\"17ce6dce\" data-element_type=\"widget\" data-e-type=\"widget\" data-settings=\"{&quot;motion_fx_motion_fx_scrolling&quot;:&quot;yes&quot;,&quot;motion_fx_translateY_effect&quot;:&quot;yes&quot;,&quot;motion_fx_translateY_speed&quot;:{&quot;unit&quot;:&quot;px&quot;,&quot;size&quot;:1.8,&quot;sizes&quot;:[]},&quot;motion_fx_translateY_affectedRange&quot;:{&quot;unit&quot;:&quot;%&quot;,&quot;size&quot;:&quot;&quot;,&quot;sizes&quot;:{&quot;start&quot;:0,&quot;end&quot;:100}},&quot;motion_fx_devices&quot;:[&quot;desktop&quot;,&quot;tablet&quot;,&quot;mobile&quot;]}\" data-widget_type=\"image.default\">\n\t\t\t\t<div class=\"elementor-widget-container\">\n\t\t\t\t\t\t\t\t\t\t\t\t\t\t\t<img fetchpriority=\"high\" decoding=\"async\" width=\"500\" height=\"500\" src=\"https:\/\/svenskamedbaby.se\/wp-content\/uploads\/2025\/06\/photo_2025-06-02_12-10-5242.jpg-500x500.png\" class=\"attachment-thumbrelated size-thumbrelated wp-image-3361\" alt=\"\" srcset=\"https:\/\/svenskamedbaby.se\/wp-content\/uploads\/2025\/06\/photo_2025-06-02_12-10-5242.jpg-500x500.png 500w, https:\/\/svenskamedbaby.se\/wp-content\/uploads\/2025\/06\/photo_2025-06-02_12-10-5242.jpg-150x150.png 150w, https:\/\/svenskamedbaby.se\/wp-content\/uploads\/2025\/06\/photo_2025-06-02_12-10-5242.jpg-300x300.png 300w\" sizes=\"(max-width: 500px) 100vw, 500px\" \/>\t\t\t\t\t\t\t\t\t\t\t\t\t\t\t<\/div>\n\t\t\t\t<\/div>\n\t\t\t\t<\/div>\n\t\t\t\t\t<\/div>\n\t\t\t\t<\/div>\n\t\t\t\t<\/div>\n\t\t","protected":false},"excerpt":{"rendered":"<p>Reportage Fr\u00e5n Sumy till Sigtuna \u2013 Olenas resa till gemenskap i Sverige Olena \u00e4r en 31-\u00e5rig nyb\u00f6rjarfotograf fr\u00e5n Sumy i Ukraina. I februari 2025 anl\u00e4nde hon till Sverige, d\u00e4r hon idag bor tillsammans med sin pojkv\u00e4n i Sigtuna. Resan har inneburit m\u00e5nga utmaningar \u2013 men ocks\u00e5 nya m\u00f6ten, m\u00f6jligheter och steg mot integration. N\u00e4r Olena&#8230;<\/p>","protected":false},"author":20,"featured_media":3361,"parent":0,"menu_order":0,"comment_status":"closed","ping_status":"closed","template":"","meta":{"_kad_post_transparent":"","_kad_post_title":"hide","_kad_post_layout":"fullwidth","_kad_post_sidebar_id":"","_kad_post_content_style":"unboxed","_kad_post_vertical_padding":"hide","_kad_post_feature":"hide","_kad_post_feature_position":"","_kad_post_header":false,"_kad_post_footer":false,"footnotes":""},"class_list":["post-3360","page","type-page","status-publish","has-post-thumbnail","hentry"],"yoast_head":"<!-- This site is optimized with the Yoast SEO plugin v27.3 - https:\/\/yoast.com\/product\/yoast-seo-wordpress\/ -->\n<title>Fr\u00e5n Sumy till Sigtuna \u2013 Olenas resa till gemenskapen i Sverige<\/title>\n<meta name=\"description\" content=\"Svenska med baby Fr\u00e5n Sumy till Sigtuna \u2013 Olenas resa till gemenskapen i Sverige\" \/>\n<meta name=\"robots\" content=\"index, follow, max-snippet:-1, max-image-preview:large, max-video-preview:-1\" \/>\n<link rel=\"canonical\" href=\"https:\/\/svenskamedbaby.se\/ar\/fran-sumy-till-sigtuna\/\" \/>\n<meta property=\"og:locale\" content=\"ar_AR\" \/>\n<meta property=\"og:type\" content=\"article\" \/>\n<meta property=\"og:title\" content=\"Fr\u00e5n Sumy till Sigtuna \u2013 Olenas resa till gemenskapen i Sverige\" \/>\n<meta property=\"og:description\" content=\"Svenska med baby Fr\u00e5n Sumy till Sigtuna \u2013 Olenas resa till gemenskapen i Sverige\" \/>\n<meta property=\"og:url\" content=\"https:\/\/svenskamedbaby.se\/ar\/fran-sumy-till-sigtuna\/\" \/>\n<meta property=\"og:site_name\" content=\"Svenska med baby\" \/>\n<meta property=\"article:publisher\" content=\"https:\/\/www.facebook.com\/svenskamedbaby\" \/>\n<meta property=\"article:modified_time\" content=\"2025-06-05T12:40:07+00:00\" \/>\n<meta property=\"og:image\" content=\"https:\/\/svenskamedbaby.se\/wp-content\/uploads\/2025\/06\/photo_2025-06-02_12-10-5242.jpg.png\" \/>\n\t<meta property=\"og:image:width\" content=\"959\" \/>\n\t<meta property=\"og:image:height\" content=\"1280\" \/>\n\t<meta property=\"og:image:type\" content=\"image\/png\" \/>\n<meta name=\"twitter:card\" content=\"summary_large_image\" \/>\n<meta name=\"twitter:label1\" content=\"\u0648\u0642\u062a \u0627\u0644\u0642\u0631\u0627\u0621\u0629 \u0627\u0644\u0645\u064f\u0642\u062f\u0651\u0631\" \/>\n\t<meta name=\"twitter:data1\" content=\"3 \u062f\u0642\u0627\u0626\u0642\" \/>\n<script type=\"application\/ld+json\" class=\"yoast-schema-graph\">{\"@context\":\"https:\\\/\\\/schema.org\",\"@graph\":[{\"@type\":\"WebPage\",\"@id\":\"https:\\\/\\\/svenskamedbaby.se\\\/fran-sumy-till-sigtuna\\\/\",\"url\":\"https:\\\/\\\/svenskamedbaby.se\\\/fran-sumy-till-sigtuna\\\/\",\"name\":\"Fr\u00e5n Sumy till Sigtuna \u2013 Olenas resa till gemenskapen i Sverige\",\"isPartOf\":{\"@id\":\"https:\\\/\\\/svenskamedbaby.se\\\/#website\"},\"primaryImageOfPage\":{\"@id\":\"https:\\\/\\\/svenskamedbaby.se\\\/fran-sumy-till-sigtuna\\\/#primaryimage\"},\"image\":{\"@id\":\"https:\\\/\\\/svenskamedbaby.se\\\/fran-sumy-till-sigtuna\\\/#primaryimage\"},\"thumbnailUrl\":\"https:\\\/\\\/svenskamedbaby.se\\\/wp-content\\\/uploads\\\/2025\\\/06\\\/photo_2025-06-02_12-10-5242.jpg.png\",\"datePublished\":\"2025-06-05T12:33:04+00:00\",\"dateModified\":\"2025-06-05T12:40:07+00:00\",\"description\":\"Svenska med baby Fr\u00e5n Sumy till Sigtuna \u2013 Olenas resa till gemenskapen i Sverige\",\"breadcrumb\":{\"@id\":\"https:\\\/\\\/svenskamedbaby.se\\\/fran-sumy-till-sigtuna\\\/#breadcrumb\"},\"inLanguage\":\"ar\",\"potentialAction\":[{\"@type\":\"ReadAction\",\"target\":[\"https:\\\/\\\/svenskamedbaby.se\\\/fran-sumy-till-sigtuna\\\/\"]}]},{\"@type\":\"ImageObject\",\"inLanguage\":\"ar\",\"@id\":\"https:\\\/\\\/svenskamedbaby.se\\\/fran-sumy-till-sigtuna\\\/#primaryimage\",\"url\":\"https:\\\/\\\/svenskamedbaby.se\\\/wp-content\\\/uploads\\\/2025\\\/06\\\/photo_2025-06-02_12-10-5242.jpg.png\",\"contentUrl\":\"https:\\\/\\\/svenskamedbaby.se\\\/wp-content\\\/uploads\\\/2025\\\/06\\\/photo_2025-06-02_12-10-5242.jpg.png\",\"width\":959,\"height\":1280},{\"@type\":\"BreadcrumbList\",\"@id\":\"https:\\\/\\\/svenskamedbaby.se\\\/fran-sumy-till-sigtuna\\\/#breadcrumb\",\"itemListElement\":[{\"@type\":\"ListItem\",\"position\":1,\"name\":\"Home\",\"item\":\"https:\\\/\\\/svenskamedbaby.se\\\/\"},{\"@type\":\"ListItem\",\"position\":2,\"name\":\"Fr\u00e5n Sumy till Sigtuna \u2013 Olenas resa till gemenskapen i Sverige\"}]},{\"@type\":\"WebSite\",\"@id\":\"https:\\\/\\\/svenskamedbaby.se\\\/#website\",\"url\":\"https:\\\/\\\/svenskamedbaby.se\\\/\",\"name\":\"Svenska med baby\",\"description\":\"Tr\u00e4ffar f\u00f6r sm\u00e5barn och vuxna med olika bakrund\",\"publisher\":{\"@id\":\"https:\\\/\\\/svenskamedbaby.se\\\/#organization\"},\"potentialAction\":[{\"@type\":\"SearchAction\",\"target\":{\"@type\":\"EntryPoint\",\"urlTemplate\":\"https:\\\/\\\/svenskamedbaby.se\\\/?s={search_term_string}\"},\"query-input\":{\"@type\":\"PropertyValueSpecification\",\"valueRequired\":true,\"valueName\":\"search_term_string\"}}],\"inLanguage\":\"ar\"},{\"@type\":\"Organization\",\"@id\":\"https:\\\/\\\/svenskamedbaby.se\\\/#organization\",\"name\":\"Svenska med baby\",\"url\":\"https:\\\/\\\/svenskamedbaby.se\\\/\",\"logo\":{\"@type\":\"ImageObject\",\"inLanguage\":\"ar\",\"@id\":\"https:\\\/\\\/svenskamedbaby.se\\\/#\\\/schema\\\/logo\\\/image\\\/\",\"url\":\"https:\\\/\\\/svenskamedbaby.se\\\/wp-content\\\/uploads\\\/2024\\\/01\\\/cropped-logo-liggande_orange.png\",\"contentUrl\":\"https:\\\/\\\/svenskamedbaby.se\\\/wp-content\\\/uploads\\\/2024\\\/01\\\/cropped-logo-liggande_orange.png\",\"width\":3101,\"height\":1056,\"caption\":\"Svenska med baby\"},\"image\":{\"@id\":\"https:\\\/\\\/svenskamedbaby.se\\\/#\\\/schema\\\/logo\\\/image\\\/\"},\"sameAs\":[\"https:\\\/\\\/www.facebook.com\\\/svenskamedbaby\",\"https:\\\/\\\/www.instagram.com\\\/svenskamedbaby\\\/\",\"https:\\\/\\\/www.youtube.com\\\/@svenskamedbaby2469\"]}]}<\/script>\n<!-- \/ Yoast SEO plugin. -->","yoast_head_json":{"title":"Fr\u00e5n Sumy till Sigtuna \u2013 Olenas resa till gemenskapen i Sverige","description":"Svenska med baby Fr\u00e5n Sumy till Sigtuna \u2013 Olenas resa till gemenskapen i Sverige","robots":{"index":"index","follow":"follow","max-snippet":"max-snippet:-1","max-image-preview":"max-image-preview:large","max-video-preview":"max-video-preview:-1"},"canonical":"https:\/\/svenskamedbaby.se\/ar\/fran-sumy-till-sigtuna\/","og_locale":"ar_AR","og_type":"article","og_title":"Fr\u00e5n Sumy till Sigtuna \u2013 Olenas resa till gemenskapen i Sverige","og_description":"Svenska med baby Fr\u00e5n Sumy till Sigtuna \u2013 Olenas resa till gemenskapen i Sverige","og_url":"https:\/\/svenskamedbaby.se\/ar\/fran-sumy-till-sigtuna\/","og_site_name":"Svenska med baby","article_publisher":"https:\/\/www.facebook.com\/svenskamedbaby","article_modified_time":"2025-06-05T12:40:07+00:00","og_image":[{"width":959,"height":1280,"url":"https:\/\/svenskamedbaby.se\/wp-content\/uploads\/2025\/06\/photo_2025-06-02_12-10-5242.jpg.png","type":"image\/png"}],"twitter_card":"summary_large_image","twitter_misc":{"\u0648\u0642\u062a \u0627\u0644\u0642\u0631\u0627\u0621\u0629 \u0627\u0644\u0645\u064f\u0642\u062f\u0651\u0631":"3 \u062f\u0642\u0627\u0626\u0642"},"schema":{"@context":"https:\/\/schema.org","@graph":[{"@type":"WebPage","@id":"https:\/\/svenskamedbaby.se\/fran-sumy-till-sigtuna\/","url":"https:\/\/svenskamedbaby.se\/fran-sumy-till-sigtuna\/","name":"Fr\u00e5n Sumy till Sigtuna \u2013 Olenas resa till gemenskapen i Sverige","isPartOf":{"@id":"https:\/\/svenskamedbaby.se\/#website"},"primaryImageOfPage":{"@id":"https:\/\/svenskamedbaby.se\/fran-sumy-till-sigtuna\/#primaryimage"},"image":{"@id":"https:\/\/svenskamedbaby.se\/fran-sumy-till-sigtuna\/#primaryimage"},"thumbnailUrl":"https:\/\/svenskamedbaby.se\/wp-content\/uploads\/2025\/06\/photo_2025-06-02_12-10-5242.jpg.png","datePublished":"2025-06-05T12:33:04+00:00","dateModified":"2025-06-05T12:40:07+00:00","description":"Svenska med baby Fr\u00e5n Sumy till Sigtuna \u2013 Olenas resa till gemenskapen i Sverige","breadcrumb":{"@id":"https:\/\/svenskamedbaby.se\/fran-sumy-till-sigtuna\/#breadcrumb"},"inLanguage":"ar","potentialAction":[{"@type":"ReadAction","target":["https:\/\/svenskamedbaby.se\/fran-sumy-till-sigtuna\/"]}]},{"@type":"ImageObject","inLanguage":"ar","@id":"https:\/\/svenskamedbaby.se\/fran-sumy-till-sigtuna\/#primaryimage","url":"https:\/\/svenskamedbaby.se\/wp-content\/uploads\/2025\/06\/photo_2025-06-02_12-10-5242.jpg.png","contentUrl":"https:\/\/svenskamedbaby.se\/wp-content\/uploads\/2025\/06\/photo_2025-06-02_12-10-5242.jpg.png","width":959,"height":1280},{"@type":"BreadcrumbList","@id":"https:\/\/svenskamedbaby.se\/fran-sumy-till-sigtuna\/#breadcrumb","itemListElement":[{"@type":"ListItem","position":1,"name":"Home","item":"https:\/\/svenskamedbaby.se\/"},{"@type":"ListItem","position":2,"name":"Fr\u00e5n Sumy till Sigtuna \u2013 Olenas resa till gemenskapen i Sverige"}]},{"@type":"WebSite","@id":"https:\/\/svenskamedbaby.se\/#website","url":"https:\/\/svenskamedbaby.se\/","name":"Svenska med baby","description":"\u0627\u062c\u062a\u0645\u0627\u0639\u0627\u062a \u0644\u0644\u0623\u0637\u0641\u0627\u0644 \u0627\u0644\u0635\u063a\u0627\u0631 \u0648\u0627\u0644\u0643\u0628\u0627\u0631 \u0645\u0646 \u062e\u0644\u0641\u064a\u0627\u062a \u0645\u062e\u062a\u0644\u0641\u0629","publisher":{"@id":"https:\/\/svenskamedbaby.se\/#organization"},"potentialAction":[{"@type":"SearchAction","target":{"@type":"EntryPoint","urlTemplate":"https:\/\/svenskamedbaby.se\/?s={search_term_string}"},"query-input":{"@type":"PropertyValueSpecification","valueRequired":true,"valueName":"search_term_string"}}],"inLanguage":"ar"},{"@type":"Organization","@id":"https:\/\/svenskamedbaby.se\/#organization","name":"Svenska med baby","url":"https:\/\/svenskamedbaby.se\/","logo":{"@type":"ImageObject","inLanguage":"ar","@id":"https:\/\/svenskamedbaby.se\/#\/schema\/logo\/image\/","url":"https:\/\/svenskamedbaby.se\/wp-content\/uploads\/2024\/01\/cropped-logo-liggande_orange.png","contentUrl":"https:\/\/svenskamedbaby.se\/wp-content\/uploads\/2024\/01\/cropped-logo-liggande_orange.png","width":3101,"height":1056,"caption":"Svenska med baby"},"image":{"@id":"https:\/\/svenskamedbaby.se\/#\/schema\/logo\/image\/"},"sameAs":["https:\/\/www.facebook.com\/svenskamedbaby","https:\/\/www.instagram.com\/svenskamedbaby\/","https:\/\/www.youtube.com\/@svenskamedbaby2469"]}]}},"_links":{"self":[{"href":"https:\/\/svenskamedbaby.se\/ar\/wp-json\/wp\/v2\/pages\/3360","targetHints":{"allow":["GET"]}}],"collection":[{"href":"https:\/\/svenskamedbaby.se\/ar\/wp-json\/wp\/v2\/pages"}],"about":[{"href":"https:\/\/svenskamedbaby.se\/ar\/wp-json\/wp\/v2\/types\/page"}],"author":[{"embeddable":true,"href":"https:\/\/svenskamedbaby.se\/ar\/wp-json\/wp\/v2\/users\/20"}],"replies":[{"embeddable":true,"href":"https:\/\/svenskamedbaby.se\/ar\/wp-json\/wp\/v2\/comments?post=3360"}],"version-history":[{"count":0,"href":"https:\/\/svenskamedbaby.se\/ar\/wp-json\/wp\/v2\/pages\/3360\/revisions"}],"wp:featuredmedia":[{"embeddable":true,"href":"https:\/\/svenskamedbaby.se\/ar\/wp-json\/wp\/v2\/media\/3361"}],"wp:attachment":[{"href":"https:\/\/svenskamedbaby.se\/ar\/wp-json\/wp\/v2\/media?parent=3360"}],"curies":[{"name":"wp","href":"https:\/\/api.w.org\/{rel}","templated":true}]}}