{"id":3277,"date":"2025-05-15T11:02:21","date_gmt":"2025-05-15T11:02:21","guid":{"rendered":"https:\/\/svenskamedbaby.se\/?page_id=3277"},"modified":"2025-05-15T11:12:03","modified_gmt":"2025-05-15T11:12:03","slug":"liselott-fortsatter-bygga-broar-efter-pensionen","status":"publish","type":"page","link":"https:\/\/svenskamedbaby.se\/en\/liselott-fortsatter-bygga-broar-efter-pensionen\/","title":{"rendered":"Ett spr\u00e5k, vilket som helst Liselott forts\u00e4tter bygga broar \u2013 efter pensionen"},"content":{"rendered":"\t\t<div data-elementor-type=\"wp-page\" data-elementor-id=\"3277\" class=\"elementor elementor-3277\" data-elementor-post-type=\"page\">\n\t\t\t\t<div class=\"elementor-element elementor-element-3aba0b65 e-flex e-con-boxed e-con e-parent\" data-id=\"3aba0b65\" data-element_type=\"container\" data-e-type=\"container\" data-settings=\"{&quot;background_background&quot;:&quot;classic&quot;}\">\n\t\t\t\t\t<div class=\"e-con-inner\">\n\t\t<div class=\"elementor-element elementor-element-3d51e702 e-con-full animated-slow e-flex elementor-invisible e-con e-child\" data-id=\"3d51e702\" data-element_type=\"container\" data-e-type=\"container\" data-settings=\"{&quot;animation&quot;:&quot;fadeIn&quot;,&quot;animation_delay&quot;:100,&quot;animation_mobile&quot;:&quot;none&quot;}\">\n\t\t\t\t<div class=\"elementor-element elementor-element-29a3fe65 elementor-widget elementor-widget-heading\" data-id=\"29a3fe65\" data-element_type=\"widget\" data-e-type=\"widget\" data-widget_type=\"heading.default\">\n\t\t\t\t<div class=\"elementor-widget-container\">\n\t\t\t\t\t<h2 class=\"elementor-heading-title elementor-size-default\">Reportage<\/h2>\t\t\t\t<\/div>\n\t\t\t\t<\/div>\n\t\t\t\t<div class=\"elementor-element elementor-element-3fa1f0f elementor-view-default elementor-widget elementor-widget-icon\" data-id=\"3fa1f0f\" data-element_type=\"widget\" data-e-type=\"widget\" data-widget_type=\"icon.default\">\n\t\t\t\t<div class=\"elementor-widget-container\">\n\t\t\t\t\t\t\t<div class=\"elementor-icon-wrapper\">\n\t\t\t<div class=\"elementor-icon\">\n\t\t\t<svg aria-hidden=\"true\" class=\"e-font-icon-svg e-fas-quote-left\" viewBox=\"0 0 512 512\" xmlns=\"http:\/\/www.w3.org\/2000\/svg\"><path d=\"M464 256h-80v-64c0-35.3 28.7-64 64-64h8c13.3 0 24-10.7 24-24V56c0-13.3-10.7-24-24-24h-8c-88.4 0-160 71.6-160 160v240c0 26.5 21.5 48 48 48h128c26.5 0 48-21.5 48-48V304c0-26.5-21.5-48-48-48zm-288 0H96v-64c0-35.3 28.7-64 64-64h8c13.3 0 24-10.7 24-24V56c0-13.3-10.7-24-24-24h-8C71.6 32 0 103.6 0 192v240c0 26.5 21.5 48 48 48h128c26.5 0 48-21.5 48-48V304c0-26.5-21.5-48-48-48z\"><\/path><\/svg>\t\t\t<\/div>\n\t\t<\/div>\n\t\t\t\t\t\t<\/div>\n\t\t\t\t<\/div>\n\t\t\t\t<div class=\"elementor-element elementor-element-71f657d1 elementor-widget elementor-widget-heading\" data-id=\"71f657d1\" data-element_type=\"widget\" data-e-type=\"widget\" data-widget_type=\"heading.default\">\n\t\t\t\t<div class=\"elementor-widget-container\">\n\t\t\t\t\t<h2 class=\"elementor-heading-title elementor-size-default\">Ett spr\u00e5k, vilket som helst\n\nLiselott forts\u00e4tter bygga broar \u2013 efter pensionen<\/h2>\t\t\t\t<\/div>\n\t\t\t\t<\/div>\n\t\t\t\t<div class=\"elementor-element elementor-element-658b7be2 elementor-widget-divider--view-line elementor-widget elementor-widget-divider\" data-id=\"658b7be2\" data-element_type=\"widget\" data-e-type=\"widget\" data-widget_type=\"divider.default\">\n\t\t\t\t<div class=\"elementor-widget-container\">\n\t\t\t\t\t\t\t<div class=\"elementor-divider\">\n\t\t\t<span class=\"elementor-divider-separator\">\n\t\t\t\t\t\t<\/span>\n\t\t<\/div>\n\t\t\t\t\t\t<\/div>\n\t\t\t\t<\/div>\n\t\t\t\t<div class=\"elementor-element elementor-element-4d04b41a elementor-widget elementor-widget-text-editor\" data-id=\"4d04b41a\" data-element_type=\"widget\" data-e-type=\"widget\" data-widget_type=\"text-editor.default\">\n\t\t\t\t<div class=\"elementor-widget-container\">\n\t\t\t\t\t\t\t\t\t<p><strong>Efter fyra decennier i skolans tj\u00e4nst v\u00e4xlar Liselott Tillberg Ljung sp\u00e5r \u2013 men inte riktning. Som volont\u00e4r i Svenska med baby skapar hon nya m\u00f6ten och meningsfullhet, och b\u00e4r med sig insikterna fr\u00e5n ett yrkesliv bland barn, spr\u00e5k och samh\u00e4llsklyftor.<\/strong><\/p>\n<p>N\u00e4r Liselott Tillberg Ljung 65, \u00a0gick i pension i somras var det med en tydlig k\u00e4nsla: det var dags att hitta n\u00e5got nytt \u2013 men det skulle fortfarande k\u00e4nnas viktigt.<\/p>\n<p>\u2013 Att sluta jobba var inte sv\u00e5rt, men jag ville g\u00f6ra n\u00e5got meningsfullt. N\u00e4r jag s\u00e5g Svenska med baby k\u00e4nde jag direkt att det var r\u00e4tt. Jag har ju alltid arbetat med spr\u00e5k \u2013 det \u00e4r A och O. Det viktiga \u00e4r inte vilket spr\u00e5k det \u00e4r, bara att man har ett, s\u00e4ger hon.<\/p>\n<p>I dag \u00e4r hon en av flera seniora volont\u00e4rer som varje vecka deltar i tr\u00e4ffar med sm\u00e5barnsfamiljer i Farsta. Genom s\u00e5ng, samtal och fika skapas m\u00f6ten \u00f6ver b\u00e5de spr\u00e5k- och generationsgr\u00e4nser.<\/p>\n<p><strong>Kista och S\u00f6dermalm \u2013 tv\u00e5 verkligheter<\/strong><\/p>\n<p>Liselott, eller Lotta som hon ofta kallas, b\u00f6rjade arbeta som f\u00f6rskoll\u00e4rare 1983 i Kista. D\u00e4r m\u00f6tte hon en vardag fylld av m\u00e5ngfald, spr\u00e5kvariation och kulturella utmaningar.<\/p>\n<p>\u2013 I en av mina sista klasser talade barnen elva olika spr\u00e5k. Bara ett barn hade en svensk f\u00f6r\u00e4lder. P\u00e5 f\u00f6r\u00e4ldram\u00f6ten hade vi ofta flera tolkar, det var en sj\u00e4lvklarhet, ber\u00e4ttar hon.<\/p>\n<p>Efter m\u00e5nga \u00e5r i Kista flyttade hon sitt arbetsliv till S\u00f6dermalm. En f\u00f6r\u00e4ndring som var p\u00e5taglig.<\/p>\n<p>\u2013 P\u00e5 Mariatorget \u00e4r det ofta homogent \u2013 etablerade svenskar, h\u00f6g inkomstniv\u00e5, inga tolkar. Jag blev till och med varnad f\u00f6r att jobba d\u00e4r, folk sa att f\u00f6r\u00e4ldrarna var kr\u00e4vande. Men det var inte min upplevelse. Det var bara en annan verklighet.<\/p>\n<p><strong>Nytt liv, ny roll \u2013 men samma engagemang<\/strong><\/p>\n<p>Som volont\u00e4r har Liselott hittat ett s\u00e4tt att bidra utan den stress som l\u00e4raryrket ofta innebar. Hon beskriver hur rutiner och samarbete med biblioteket i Farsta skapar trygghet \u2013 b\u00e5de f\u00f6r deltagare och volont\u00e4rer.<\/p>\n<p>\u2013 Det finns en kontinuitet. Samma plats, samma tid varje vecka. Och ibland kommer samma f\u00f6r\u00e4lder tillbaka flera g\u00e5nger \u2013 d\u00e5 hinner man skapa en relation. Samtalen kretsar ofta kring barnen, det \u00e4r d\u00e4r vi m\u00f6ts.<\/p>\n<p>Trots att hon nu \u00e4r pension\u00e4r upplever hon fortfarande att hon l\u00e4r sig n\u00e5got nytt vid varje tr\u00e4ff.<\/p>\n<p>\u2013 Alla b\u00e4r p\u00e5 sina egna erfarenheter. Jag befinner mig verkligen i ett l\u00e4rande.<\/p>\n<p><strong>En barndomsdr\u00f6m som aldrig tog slut<\/strong><\/p>\n<p>Liselott visste tidigt att hon ville arbeta med barn. Som storasyster v\u00e4cktes intresset f\u00f6r barns utveckling, och det blev startskottet f\u00f6r en l\u00e5ng karri\u00e4r i f\u00f6rskola och skola.<\/p>\n<p>Om hon n\u00e5gon g\u00e5ng skulle flytta utomlands? D\u00e5 blir det England \u2013 ett land hon tycker om, och d\u00e4r hon beh\u00e4rskar spr\u00e5ket hyggligt. Men samtidigt vet hon att de flesta inte har den lyxen.<\/p>\n<p>\u2013 M\u00e5nga som kommer till Sverige har inte valt det sj\u00e4lva. Och det p\u00e5verkar s\u00e5klart inst\u00e4llningen till att b\u00f6rja om \u2013 s\u00e4rskilt spr\u00e5kligt.<\/p>\n<p><strong>Spr\u00e5ket som nyckel \u2013 och mur<\/strong><\/p>\n<p>Ett s\u00e4rskilt minne fr\u00e5n 1990-talet har stannat kvar hos Liselott. D\u00e5 erbj\u00f6d stadsdelen Kista en universitetskurs i tv\u00e5spr\u00e5kighet, som h\u00f6lls p\u00e5 dagtid \u2013 med vikarieinsatser f\u00f6r deltagarna.<\/p>\n<p>\u2013 Det var helt fantastiskt. Vi fick vidareutbilda oss mitt i jobbet, skriva rapporter och koppla teori till praktik. Det borde fler f\u00e5 m\u00f6jlighet till. Det var s\u00e5 r\u00e4tt satsade pengar.<\/p>\n<p>Men erfarenheterna fr\u00e5n olika skolmilj\u00f6er har ocks\u00e5 gett henne insikt i hur stora skillnaderna \u00e4r \u2013 och hur spr\u00e5k kan bli b\u00e5de bro och barri\u00e4r.<\/p>\n<p>\u2013 Att minska klyftorna mellan omr\u00e5den som Kista och S\u00f6dermalm \u00e4r sv\u00e5rt. Man har f\u00f6rs\u00f6kt bussa barn, men det kanske skapar nya problem, jag vet inte. Spr\u00e5k \u00e4r starkt kopplat till identitet. Om man inte har valt att flytta, kanske man inte heller vill l\u00e4ra sig det nya spr\u00e5ket alltid. Det \u00e4r ett motst\u00e5nd som m\u00e5ste f\u00f6rst\u00e5s, inte d\u00f6mas.<\/p>\n<p><strong>Utanf\u00f6rskapets m\u00e5nga lager<\/strong><\/p>\n<p>Kan spr\u00e5kliga sv\u00e5righeter leda till socialt utanf\u00f6rskap \u2013 till och med kriminalitet? Liselott tvekar, men reflekterar.<\/p>\n<p>\u2013 Det finns s\u00e4kert ett samband. M\u00e5nga f\u00f6r\u00e4ldrar k\u00e4nner sig maktl\u00f6sa, placerade i ett samh\u00e4lle d\u00e4r de har f\u00e5 valm\u00f6jligheter. Barnen l\u00e4r sig svenska snabbt, men f\u00f6r\u00e4ldrarna halkar efter. Den obalansen kan skapa problem. Det \u00e4r en komplex fr\u00e5ga, men en vi m\u00e5ste v\u00e5ga prata om.<\/p>\n<p>\u00a0<\/p>\t\t\t\t\t\t\t\t<\/div>\n\t\t\t\t<\/div>\n\t\t\t\t<div class=\"elementor-element elementor-element-4169ead7 elementor-align-left elementor-widget elementor-widget-button\" data-id=\"4169ead7\" data-element_type=\"widget\" data-e-type=\"widget\" data-widget_type=\"button.default\">\n\t\t\t\t<div class=\"elementor-widget-container\">\n\t\t\t\t\t\t\t\t\t<div class=\"elementor-button-wrapper\">\n\t\t\t\t\t<a class=\"elementor-button elementor-button-link elementor-size-sm\" href=\"https:\/\/svenskamedbaby.se\/en\/reportage\/\">\n\t\t\t\t\t\t<span class=\"elementor-button-content-wrapper\">\n\t\t\t\t\t\t\t\t\t<span class=\"elementor-button-text\">L\u00e4s fler reportage<\/span>\n\t\t\t\t\t<\/span>\n\t\t\t\t\t<\/a>\n\t\t\t\t<\/div>\n\t\t\t\t\t\t\t\t<\/div>\n\t\t\t\t<\/div>\n\t\t\t\t<\/div>\n\t\t<div class=\"elementor-element elementor-element-4aeb1c9f e-con-full elementor-hidden-mobile e-flex elementor-invisible e-con e-child\" data-id=\"4aeb1c9f\" data-element_type=\"container\" data-e-type=\"container\" data-settings=\"{&quot;animation&quot;:&quot;slideInUp&quot;}\">\n\t\t\t\t<div class=\"elementor-element elementor-element-17ce6dce elementor-widget elementor-widget-image\" data-id=\"17ce6dce\" data-element_type=\"widget\" data-e-type=\"widget\" data-settings=\"{&quot;motion_fx_motion_fx_scrolling&quot;:&quot;yes&quot;,&quot;motion_fx_translateY_effect&quot;:&quot;yes&quot;,&quot;motion_fx_translateY_speed&quot;:{&quot;unit&quot;:&quot;px&quot;,&quot;size&quot;:1.8,&quot;sizes&quot;:[]},&quot;motion_fx_translateY_affectedRange&quot;:{&quot;unit&quot;:&quot;%&quot;,&quot;size&quot;:&quot;&quot;,&quot;sizes&quot;:{&quot;start&quot;:0,&quot;end&quot;:100}},&quot;motion_fx_devices&quot;:[&quot;desktop&quot;,&quot;tablet&quot;,&quot;mobile&quot;]}\" data-widget_type=\"image.default\">\n\t\t\t\t<div class=\"elementor-widget-container\">\n\t\t\t\t\t\t\t\t\t\t\t\t\t\t\t<img fetchpriority=\"high\" decoding=\"async\" width=\"500\" height=\"500\" src=\"https:\/\/svenskamedbaby.se\/wp-content\/uploads\/2025\/05\/Lotta-500x500.jpg\" class=\"attachment-thumbrelated size-thumbrelated wp-image-3272\" alt=\"\" srcset=\"https:\/\/svenskamedbaby.se\/wp-content\/uploads\/2025\/05\/Lotta-500x500.jpg 500w, https:\/\/svenskamedbaby.se\/wp-content\/uploads\/2025\/05\/Lotta-150x150.jpg 150w, https:\/\/svenskamedbaby.se\/wp-content\/uploads\/2025\/05\/Lotta-300x300.jpg 300w\" sizes=\"(max-width: 500px) 100vw, 500px\" \/>\t\t\t\t\t\t\t\t\t\t\t\t\t\t\t<\/div>\n\t\t\t\t<\/div>\n\t\t\t\t<\/div>\n\t\t\t\t\t<\/div>\n\t\t\t\t<\/div>\n\t\t\t\t<\/div>\n\t\t","protected":false},"excerpt":{"rendered":"<p>Reportage Ett spr\u00e5k, vilket som helst Liselott forts\u00e4tter bygga broar \u2013 efter pensionen Efter fyra decennier i skolans tj\u00e4nst v\u00e4xlar Liselott Tillberg Ljung sp\u00e5r \u2013 men inte riktning. Som volont\u00e4r i Svenska med baby skapar hon nya m\u00f6ten och meningsfullhet, och b\u00e4r med sig insikterna fr\u00e5n ett yrkesliv bland barn, spr\u00e5k och samh\u00e4llsklyftor. N\u00e4r Liselott&#8230;<\/p>","protected":false},"author":9,"featured_media":3272,"parent":0,"menu_order":0,"comment_status":"closed","ping_status":"closed","template":"","meta":{"_kad_post_transparent":"","_kad_post_title":"hide","_kad_post_layout":"fullwidth","_kad_post_sidebar_id":"","_kad_post_content_style":"unboxed","_kad_post_vertical_padding":"hide","_kad_post_feature":"hide","_kad_post_feature_position":"","_kad_post_header":false,"_kad_post_footer":false,"footnotes":""},"class_list":["post-3277","page","type-page","status-publish","has-post-thumbnail","hentry"],"yoast_head":"<!-- This site is optimized with the Yoast SEO plugin v27.3 - https:\/\/yoast.com\/product\/yoast-seo-wordpress\/ -->\n<title>Ett spr\u00e5k, vilket som helst Liselott forts\u00e4tter bygga broar \u2013 efter pensionen<\/title>\n<meta name=\"description\" content=\"Svenska med baby Ett spr\u00e5k, vilket som helst Liselott forts\u00e4tter bygga broar \u2013 efter pensionen\" \/>\n<meta name=\"robots\" content=\"index, follow, max-snippet:-1, max-image-preview:large, max-video-preview:-1\" \/>\n<link rel=\"canonical\" href=\"https:\/\/svenskamedbaby.se\/en\/liselott-fortsatter-bygga-broar-efter-pensionen\/\" \/>\n<meta property=\"og:locale\" content=\"en_US\" \/>\n<meta property=\"og:type\" content=\"article\" \/>\n<meta property=\"og:title\" content=\"Ett spr\u00e5k, vilket som helst Liselott forts\u00e4tter bygga broar \u2013 efter pensionen\" \/>\n<meta property=\"og:description\" content=\"Svenska med baby Ett spr\u00e5k, vilket som helst Liselott forts\u00e4tter bygga broar \u2013 efter pensionen\" \/>\n<meta property=\"og:url\" content=\"https:\/\/svenskamedbaby.se\/en\/liselott-fortsatter-bygga-broar-efter-pensionen\/\" \/>\n<meta property=\"og:site_name\" content=\"Svenska med baby\" \/>\n<meta property=\"article:publisher\" content=\"https:\/\/www.facebook.com\/svenskamedbaby\" \/>\n<meta property=\"article:modified_time\" content=\"2025-05-15T11:12:03+00:00\" \/>\n<meta property=\"og:image\" content=\"https:\/\/svenskamedbaby.se\/wp-content\/uploads\/2025\/05\/Lotta.jpg\" \/>\n\t<meta property=\"og:image:width\" content=\"696\" \/>\n\t<meta property=\"og:image:height\" content=\"1280\" \/>\n\t<meta property=\"og:image:type\" content=\"image\/jpeg\" \/>\n<meta name=\"twitter:card\" content=\"summary_large_image\" \/>\n<meta name=\"twitter:label1\" content=\"Est. reading time\" \/>\n\t<meta name=\"twitter:data1\" content=\"4 minutes\" \/>\n<script type=\"application\/ld+json\" class=\"yoast-schema-graph\">{\"@context\":\"https:\\\/\\\/schema.org\",\"@graph\":[{\"@type\":\"WebPage\",\"@id\":\"https:\\\/\\\/svenskamedbaby.se\\\/liselott-fortsatter-bygga-broar-efter-pensionen\\\/\",\"url\":\"https:\\\/\\\/svenskamedbaby.se\\\/liselott-fortsatter-bygga-broar-efter-pensionen\\\/\",\"name\":\"Ett spr\u00e5k, vilket som helst Liselott forts\u00e4tter bygga broar \u2013 efter pensionen\",\"isPartOf\":{\"@id\":\"https:\\\/\\\/svenskamedbaby.se\\\/#website\"},\"primaryImageOfPage\":{\"@id\":\"https:\\\/\\\/svenskamedbaby.se\\\/liselott-fortsatter-bygga-broar-efter-pensionen\\\/#primaryimage\"},\"image\":{\"@id\":\"https:\\\/\\\/svenskamedbaby.se\\\/liselott-fortsatter-bygga-broar-efter-pensionen\\\/#primaryimage\"},\"thumbnailUrl\":\"https:\\\/\\\/svenskamedbaby.se\\\/wp-content\\\/uploads\\\/2025\\\/05\\\/Lotta.jpg\",\"datePublished\":\"2025-05-15T11:02:21+00:00\",\"dateModified\":\"2025-05-15T11:12:03+00:00\",\"description\":\"Svenska med baby Ett spr\u00e5k, vilket som helst Liselott forts\u00e4tter bygga broar \u2013 efter pensionen\",\"breadcrumb\":{\"@id\":\"https:\\\/\\\/svenskamedbaby.se\\\/liselott-fortsatter-bygga-broar-efter-pensionen\\\/#breadcrumb\"},\"inLanguage\":\"en-US\",\"potentialAction\":[{\"@type\":\"ReadAction\",\"target\":[\"https:\\\/\\\/svenskamedbaby.se\\\/liselott-fortsatter-bygga-broar-efter-pensionen\\\/\"]}]},{\"@type\":\"ImageObject\",\"inLanguage\":\"en-US\",\"@id\":\"https:\\\/\\\/svenskamedbaby.se\\\/liselott-fortsatter-bygga-broar-efter-pensionen\\\/#primaryimage\",\"url\":\"https:\\\/\\\/svenskamedbaby.se\\\/wp-content\\\/uploads\\\/2025\\\/05\\\/Lotta.jpg\",\"contentUrl\":\"https:\\\/\\\/svenskamedbaby.se\\\/wp-content\\\/uploads\\\/2025\\\/05\\\/Lotta.jpg\",\"width\":696,\"height\":1280},{\"@type\":\"BreadcrumbList\",\"@id\":\"https:\\\/\\\/svenskamedbaby.se\\\/liselott-fortsatter-bygga-broar-efter-pensionen\\\/#breadcrumb\",\"itemListElement\":[{\"@type\":\"ListItem\",\"position\":1,\"name\":\"Home\",\"item\":\"https:\\\/\\\/svenskamedbaby.se\\\/\"},{\"@type\":\"ListItem\",\"position\":2,\"name\":\"Ett spr\u00e5k, vilket som helst Liselott forts\u00e4tter bygga broar \u2013 efter pensionen\"}]},{\"@type\":\"WebSite\",\"@id\":\"https:\\\/\\\/svenskamedbaby.se\\\/#website\",\"url\":\"https:\\\/\\\/svenskamedbaby.se\\\/\",\"name\":\"Svenska med baby\",\"description\":\"Tr\u00e4ffar f\u00f6r sm\u00e5barn och vuxna med olika bakrund\",\"publisher\":{\"@id\":\"https:\\\/\\\/svenskamedbaby.se\\\/#organization\"},\"potentialAction\":[{\"@type\":\"SearchAction\",\"target\":{\"@type\":\"EntryPoint\",\"urlTemplate\":\"https:\\\/\\\/svenskamedbaby.se\\\/?s={search_term_string}\"},\"query-input\":{\"@type\":\"PropertyValueSpecification\",\"valueRequired\":true,\"valueName\":\"search_term_string\"}}],\"inLanguage\":\"en-US\"},{\"@type\":\"Organization\",\"@id\":\"https:\\\/\\\/svenskamedbaby.se\\\/#organization\",\"name\":\"Svenska med baby\",\"url\":\"https:\\\/\\\/svenskamedbaby.se\\\/\",\"logo\":{\"@type\":\"ImageObject\",\"inLanguage\":\"en-US\",\"@id\":\"https:\\\/\\\/svenskamedbaby.se\\\/#\\\/schema\\\/logo\\\/image\\\/\",\"url\":\"https:\\\/\\\/svenskamedbaby.se\\\/wp-content\\\/uploads\\\/2024\\\/01\\\/cropped-logo-liggande_orange.png\",\"contentUrl\":\"https:\\\/\\\/svenskamedbaby.se\\\/wp-content\\\/uploads\\\/2024\\\/01\\\/cropped-logo-liggande_orange.png\",\"width\":3101,\"height\":1056,\"caption\":\"Svenska med baby\"},\"image\":{\"@id\":\"https:\\\/\\\/svenskamedbaby.se\\\/#\\\/schema\\\/logo\\\/image\\\/\"},\"sameAs\":[\"https:\\\/\\\/www.facebook.com\\\/svenskamedbaby\",\"https:\\\/\\\/www.instagram.com\\\/svenskamedbaby\\\/\",\"https:\\\/\\\/www.youtube.com\\\/@svenskamedbaby2469\"]}]}<\/script>\n<!-- \/ Yoast SEO plugin. -->","yoast_head_json":{"title":"Ett spr\u00e5k, vilket som helst Liselott forts\u00e4tter bygga broar \u2013 efter pensionen","description":"Svenska med baby Ett spr\u00e5k, vilket som helst Liselott forts\u00e4tter bygga broar \u2013 efter pensionen","robots":{"index":"index","follow":"follow","max-snippet":"max-snippet:-1","max-image-preview":"max-image-preview:large","max-video-preview":"max-video-preview:-1"},"canonical":"https:\/\/svenskamedbaby.se\/en\/liselott-fortsatter-bygga-broar-efter-pensionen\/","og_locale":"en_US","og_type":"article","og_title":"Ett spr\u00e5k, vilket som helst Liselott forts\u00e4tter bygga broar \u2013 efter pensionen","og_description":"Svenska med baby Ett spr\u00e5k, vilket som helst Liselott forts\u00e4tter bygga broar \u2013 efter pensionen","og_url":"https:\/\/svenskamedbaby.se\/en\/liselott-fortsatter-bygga-broar-efter-pensionen\/","og_site_name":"Svenska med baby","article_publisher":"https:\/\/www.facebook.com\/svenskamedbaby","article_modified_time":"2025-05-15T11:12:03+00:00","og_image":[{"width":696,"height":1280,"url":"https:\/\/svenskamedbaby.se\/wp-content\/uploads\/2025\/05\/Lotta.jpg","type":"image\/jpeg"}],"twitter_card":"summary_large_image","twitter_misc":{"Est. reading time":"4 minutes"},"schema":{"@context":"https:\/\/schema.org","@graph":[{"@type":"WebPage","@id":"https:\/\/svenskamedbaby.se\/liselott-fortsatter-bygga-broar-efter-pensionen\/","url":"https:\/\/svenskamedbaby.se\/liselott-fortsatter-bygga-broar-efter-pensionen\/","name":"Ett spr\u00e5k, vilket som helst Liselott forts\u00e4tter bygga broar \u2013 efter pensionen","isPartOf":{"@id":"https:\/\/svenskamedbaby.se\/#website"},"primaryImageOfPage":{"@id":"https:\/\/svenskamedbaby.se\/liselott-fortsatter-bygga-broar-efter-pensionen\/#primaryimage"},"image":{"@id":"https:\/\/svenskamedbaby.se\/liselott-fortsatter-bygga-broar-efter-pensionen\/#primaryimage"},"thumbnailUrl":"https:\/\/svenskamedbaby.se\/wp-content\/uploads\/2025\/05\/Lotta.jpg","datePublished":"2025-05-15T11:02:21+00:00","dateModified":"2025-05-15T11:12:03+00:00","description":"Svenska med baby Ett spr\u00e5k, vilket som helst Liselott forts\u00e4tter bygga broar \u2013 efter pensionen","breadcrumb":{"@id":"https:\/\/svenskamedbaby.se\/liselott-fortsatter-bygga-broar-efter-pensionen\/#breadcrumb"},"inLanguage":"en-US","potentialAction":[{"@type":"ReadAction","target":["https:\/\/svenskamedbaby.se\/liselott-fortsatter-bygga-broar-efter-pensionen\/"]}]},{"@type":"ImageObject","inLanguage":"en-US","@id":"https:\/\/svenskamedbaby.se\/liselott-fortsatter-bygga-broar-efter-pensionen\/#primaryimage","url":"https:\/\/svenskamedbaby.se\/wp-content\/uploads\/2025\/05\/Lotta.jpg","contentUrl":"https:\/\/svenskamedbaby.se\/wp-content\/uploads\/2025\/05\/Lotta.jpg","width":696,"height":1280},{"@type":"BreadcrumbList","@id":"https:\/\/svenskamedbaby.se\/liselott-fortsatter-bygga-broar-efter-pensionen\/#breadcrumb","itemListElement":[{"@type":"ListItem","position":1,"name":"Home","item":"https:\/\/svenskamedbaby.se\/"},{"@type":"ListItem","position":2,"name":"Ett spr\u00e5k, vilket som helst Liselott forts\u00e4tter bygga broar \u2013 efter pensionen"}]},{"@type":"WebSite","@id":"https:\/\/svenskamedbaby.se\/#website","url":"https:\/\/svenskamedbaby.se\/","name":"Svenska med baby","description":"Meetings for young children and adults from different backgrounds","publisher":{"@id":"https:\/\/svenskamedbaby.se\/#organization"},"potentialAction":[{"@type":"SearchAction","target":{"@type":"EntryPoint","urlTemplate":"https:\/\/svenskamedbaby.se\/?s={search_term_string}"},"query-input":{"@type":"PropertyValueSpecification","valueRequired":true,"valueName":"search_term_string"}}],"inLanguage":"en-US"},{"@type":"Organization","@id":"https:\/\/svenskamedbaby.se\/#organization","name":"Svenska med baby","url":"https:\/\/svenskamedbaby.se\/","logo":{"@type":"ImageObject","inLanguage":"en-US","@id":"https:\/\/svenskamedbaby.se\/#\/schema\/logo\/image\/","url":"https:\/\/svenskamedbaby.se\/wp-content\/uploads\/2024\/01\/cropped-logo-liggande_orange.png","contentUrl":"https:\/\/svenskamedbaby.se\/wp-content\/uploads\/2024\/01\/cropped-logo-liggande_orange.png","width":3101,"height":1056,"caption":"Svenska med baby"},"image":{"@id":"https:\/\/svenskamedbaby.se\/#\/schema\/logo\/image\/"},"sameAs":["https:\/\/www.facebook.com\/svenskamedbaby","https:\/\/www.instagram.com\/svenskamedbaby\/","https:\/\/www.youtube.com\/@svenskamedbaby2469"]}]}},"_links":{"self":[{"href":"https:\/\/svenskamedbaby.se\/en\/wp-json\/wp\/v2\/pages\/3277","targetHints":{"allow":["GET"]}}],"collection":[{"href":"https:\/\/svenskamedbaby.se\/en\/wp-json\/wp\/v2\/pages"}],"about":[{"href":"https:\/\/svenskamedbaby.se\/en\/wp-json\/wp\/v2\/types\/page"}],"author":[{"embeddable":true,"href":"https:\/\/svenskamedbaby.se\/en\/wp-json\/wp\/v2\/users\/9"}],"replies":[{"embeddable":true,"href":"https:\/\/svenskamedbaby.se\/en\/wp-json\/wp\/v2\/comments?post=3277"}],"version-history":[{"count":0,"href":"https:\/\/svenskamedbaby.se\/en\/wp-json\/wp\/v2\/pages\/3277\/revisions"}],"wp:featuredmedia":[{"embeddable":true,"href":"https:\/\/svenskamedbaby.se\/en\/wp-json\/wp\/v2\/media\/3272"}],"wp:attachment":[{"href":"https:\/\/svenskamedbaby.se\/en\/wp-json\/wp\/v2\/media?parent=3277"}],"curies":[{"name":"wp","href":"https:\/\/api.w.org\/{rel}","templated":true}]}}