{"id":618,"date":"2024-02-21T12:44:54","date_gmt":"2024-02-21T12:44:54","guid":{"rendered":"https:\/\/svenskamedbaby.se\/?page_id=618"},"modified":"2026-01-15T13:42:39","modified_gmt":"2026-01-15T13:42:39","slug":"volontar-pappatraffar","status":"publish","type":"page","link":"https:\/\/svenskamedbaby.se\/en\/volontar-pappatraffar\/","title":{"rendered":"Volont\u00e4r Pappatr\u00e4ffar"},"content":{"rendered":"\t\t<div data-elementor-type=\"wp-page\" data-elementor-id=\"618\" class=\"elementor elementor-618\" data-elementor-post-type=\"page\">\n\t\t\t\t<div class=\"elementor-element elementor-element-748f4fba e-con-full e-flex e-con e-parent\" data-id=\"748f4fba\" data-element_type=\"container\" data-e-type=\"container\" data-settings=\"{&quot;background_background&quot;:&quot;classic&quot;}\">\n\t\t\t\t<\/div>\n\t\t<div class=\"elementor-element elementor-element-49eb907e e-flex e-con-boxed e-con e-parent\" data-id=\"49eb907e\" data-element_type=\"container\" data-e-type=\"container\" data-settings=\"{&quot;background_background&quot;:&quot;classic&quot;}\">\n\t\t\t\t\t<div class=\"e-con-inner\">\n\t\t\t\t<div class=\"elementor-element elementor-element-793180a9 animated-slow elementor-invisible elementor-widget elementor-widget-heading\" data-id=\"793180a9\" data-element_type=\"widget\" data-e-type=\"widget\" data-settings=\"{&quot;_animation&quot;:&quot;fadeIn&quot;,&quot;_animation_mobile&quot;:&quot;none&quot;}\" data-widget_type=\"heading.default\">\n\t\t\t\t<div class=\"elementor-widget-container\">\n\t\t\t\t\t<h2 class=\"elementor-heading-title elementor-size-default\">Bli volont\u00e4r f\u00f6r<br> pappatr\u00e4ffar<\/h2>\t\t\t\t<\/div>\n\t\t\t\t<\/div>\n\t\t\t\t\t<\/div>\n\t\t\t\t<\/div>\n\t\t<div class=\"elementor-element elementor-element-27cea136 e-flex e-con-boxed e-con e-parent\" data-id=\"27cea136\" data-element_type=\"container\" data-e-type=\"container\" data-settings=\"{&quot;background_background&quot;:&quot;classic&quot;}\">\n\t\t\t\t\t<div class=\"e-con-inner\">\n\t\t<div class=\"elementor-element elementor-element-5821ab e-con-full elementor-hidden-mobile e-flex e-con e-child\" data-id=\"5821ab\" data-element_type=\"container\" data-e-type=\"container\">\n\t\t\t\t<\/div>\n\t\t<div class=\"elementor-element elementor-element-7e39d4ce e-con-full e-flex e-con e-child\" data-id=\"7e39d4ce\" data-element_type=\"container\" data-e-type=\"container\">\n\t\t\t\t<div class=\"elementor-element elementor-element-611dbef8 elementor-widget elementor-widget-text-editor\" data-id=\"611dbef8\" data-element_type=\"widget\" data-e-type=\"widget\" data-widget_type=\"text-editor.default\">\n\t\t\t\t<div class=\"elementor-widget-container\">\n\t\t\t\t\t\t\t\t\t<p>P\u00e5 v\u00e5ra pappatr\u00e4ffar tr\u00e4ffas pappor med olika bakgrund tillsammans med sina barn. Vi g\u00f6r kostnadsfria, roliga och barncentrerade aktiviteter med tematiska samtal. Tr\u00e4ffarna riktar sig till b\u00e5de nyanl\u00e4nda, utlandsf\u00f6dda och sm\u00e5barnspappor f\u00f6dda i Sverige och deras barn 0\u20135 \u00e5r. Tillsammans motverkar vi segregationen.\u00a0<\/p><p>Vi s\u00f6ker dig som \u00e4r pappa och vill leda dessa tr\u00e4ffar som volont\u00e4r gruppledare.<\/p>\t\t\t\t\t\t\t\t<\/div>\n\t\t\t\t<\/div>\n\t\t\t\t<\/div>\n\t\t<div class=\"elementor-element elementor-element-5739967d e-con-full elementor-hidden-mobile e-flex e-con e-child\" data-id=\"5739967d\" data-element_type=\"container\" data-e-type=\"container\">\n\t\t\t\t<\/div>\n\t\t\t\t\t<\/div>\n\t\t\t\t<\/div>\n\t\t<div class=\"elementor-element elementor-element-3a3e4c4a e-flex e-con-boxed e-con e-parent\" data-id=\"3a3e4c4a\" data-element_type=\"container\" data-e-type=\"container\" data-settings=\"{&quot;background_background&quot;:&quot;classic&quot;}\">\n\t\t\t\t\t<div class=\"e-con-inner\">\n\t\t<div class=\"elementor-element elementor-element-6ad86d25 e-con-full elementor-hidden-mobile e-flex e-con e-child\" data-id=\"6ad86d25\" data-element_type=\"container\" data-e-type=\"container\">\n\t\t\t\t<\/div>\n\t\t<div class=\"elementor-element elementor-element-4eee0207 e-con-full e-flex e-con e-child\" data-id=\"4eee0207\" data-element_type=\"container\" data-e-type=\"container\">\n\t\t\t\t<div class=\"elementor-element elementor-element-708dc90e elementor-widget elementor-widget-text-editor\" data-id=\"708dc90e\" data-element_type=\"widget\" data-e-type=\"widget\" data-widget_type=\"text-editor.default\">\n\t\t\t\t<div class=\"elementor-widget-container\">\n\t\t\t\t\t\t\t\t\t<h5>Fyll i formul\u00e4ret nedan f\u00f6r att ans\u00f6ka om att bli volont\u00e4r f\u00f6r pappatr\u00e4ffar.\u00a0<\/h5>\t\t\t\t\t\t\t\t<\/div>\n\t\t\t\t<\/div>\n\t\t\t\t<\/div>\n\t\t<div class=\"elementor-element elementor-element-4bf14be5 e-con-full elementor-hidden-mobile e-flex e-con e-child\" data-id=\"4bf14be5\" data-element_type=\"container\" data-e-type=\"container\">\n\t\t\t\t<\/div>\n\t\t\t\t\t<\/div>\n\t\t\t\t<\/div>\n\t\t<div class=\"elementor-element elementor-element-594aab84 e-flex e-con-boxed e-con e-parent\" data-id=\"594aab84\" data-element_type=\"container\" data-e-type=\"container\" data-settings=\"{&quot;background_background&quot;:&quot;classic&quot;}\">\n\t\t\t\t\t<div class=\"e-con-inner\">\n\t\t<div class=\"elementor-element elementor-element-659fb146 e-con-full elementor-hidden-mobile e-flex e-con e-child\" data-id=\"659fb146\" data-element_type=\"container\" data-e-type=\"container\">\n\t\t\t\t<\/div>\n\t\t<div class=\"elementor-element elementor-element-732f4bc2 e-con-full e-flex e-con e-child\" data-id=\"732f4bc2\" data-element_type=\"container\" data-e-type=\"container\">\n\t\t\t\t<div class=\"elementor-element elementor-element-17fd988e elementor-button-align-stretch elementor-widget elementor-widget-form\" data-id=\"17fd988e\" data-element_type=\"widget\" data-e-type=\"widget\" data-settings=\"{&quot;button_width&quot;:&quot;33&quot;,&quot;step_next_label&quot;:&quot;Next&quot;,&quot;step_previous_label&quot;:&quot;Previous&quot;,&quot;step_type&quot;:&quot;number_text&quot;,&quot;step_icon_shape&quot;:&quot;circle&quot;}\" data-widget_type=\"form.default\">\n\t\t\t\t<div class=\"elementor-widget-container\">\n\t\t\t\t\t\t\t<form class=\"elementor-form\" method=\"post\" name=\"New Form\" aria-label=\"New Form\">\n\t\t\t<input type=\"hidden\" name=\"post_id\" value=\"618\"\/>\n\t\t\t<input type=\"hidden\" name=\"form_id\" value=\"17fd988e\"\/>\n\t\t\t<input type=\"hidden\" name=\"referer_title\" value=\"Svenska med baby - Gruppledare pappatr\u00e4ffar\" \/>\n\n\t\t\t\t\t\t\t<input type=\"hidden\" name=\"queried_id\" value=\"618\"\/>\n\t\t\t\n\t\t\t<div class=\"elementor-form-fields-wrapper elementor-labels-above\">\n\t\t\t\t\t\t\t\t<div class=\"elementor-field-type-text elementor-field-group elementor-column elementor-field-group-name elementor-col-50 elementor-field-required elementor-mark-required\">\n\t\t\t\t\t\t\t\t\t\t\t\t<label for=\"form-field-name\" class=\"elementor-field-label\">\n\t\t\t\t\t\t\t\tNamn\t\t\t\t\t\t\t<\/label>\n\t\t\t\t\t\t\t\t\t\t\t\t\t\t<input size=\"1\" type=\"text\" name=\"form_fields[name]\" id=\"form-field-name\" class=\"elementor-field elementor-size-lg  elementor-field-textual\" placeholder=\"Namn\" required=\"required\">\n\t\t\t\t\t\t\t\t\t\t\t<\/div>\n\t\t\t\t\t\t\t\t<div class=\"elementor-field-type-email elementor-field-group elementor-column elementor-field-group-email elementor-col-50 elementor-field-required elementor-mark-required\">\n\t\t\t\t\t\t\t\t\t\t\t\t<label for=\"form-field-email\" class=\"elementor-field-label\">\n\t\t\t\t\t\t\t\tEpost\t\t\t\t\t\t\t<\/label>\n\t\t\t\t\t\t\t\t\t\t\t\t\t\t<input size=\"1\" type=\"email\" name=\"form_fields[email]\" id=\"form-field-email\" class=\"elementor-field elementor-size-lg  elementor-field-textual\" placeholder=\"Epost\" required=\"required\">\n\t\t\t\t\t\t\t\t\t\t\t<\/div>\n\t\t\t\t\t\t\t\t<div class=\"elementor-field-type-tel elementor-field-group elementor-column elementor-field-group-message elementor-col-50 elementor-field-required elementor-mark-required\">\n\t\t\t\t\t\t\t\t\t\t\t\t<label for=\"form-field-message\" class=\"elementor-field-label\">\n\t\t\t\t\t\t\t\tTelefonnummer\t\t\t\t\t\t\t<\/label>\n\t\t\t\t\t\t\t\t<input size=\"1\" type=\"tel\" name=\"form_fields[message]\" id=\"form-field-message\" class=\"elementor-field elementor-size-lg  elementor-field-textual\" placeholder=\"Telefonnummer\" required=\"required\" pattern=\"[0-9()#&amp;+*-=.]+\" title=\"Only numbers and phone characters (#, -, *, etc) are accepted.\">\n\n\t\t\t\t\t\t<\/div>\n\t\t\t\t\t\t\t\t<div class=\"elementor-field-type-select elementor-field-group elementor-column elementor-field-group-field_21349dd elementor-col-50\">\n\t\t\t\t\t\t\t\t\t\t\t\t<label for=\"form-field-field_21349dd\" class=\"elementor-field-label\">\n\t\t\t\t\t\t\t\tVilket omr\u00e5de passar dig b\u00e4st?\t\t\t\t\t\t\t<\/label>\n\t\t\t\t\t\t\t\t<div class=\"elementor-field elementor-select-wrapper remove-before \">\n\t\t\t<div class=\"select-caret-down-wrapper\">\n\t\t\t\t<svg aria-hidden=\"true\" class=\"e-font-icon-svg e-eicon-caret-down\" viewBox=\"0 0 571.4 571.4\" xmlns=\"http:\/\/www.w3.org\/2000\/svg\"><path d=\"M571 393Q571 407 561 418L311 668Q300 679 286 679T261 668L11 418Q0 407 0 393T11 368 36 357H536Q550 357 561 368T571 393Z\"><\/path><\/svg>\t\t\t<\/div>\n\t\t\t<select name=\"form_fields[field_21349dd]\" id=\"form-field-field_21349dd\" class=\"elementor-field-textual elementor-size-lg\">\n\t\t\t\t\t\t\t\t\t<option value=\"Sk\u00e4rholmen\">Sk\u00e4rholmen<\/option>\n\t\t\t\t\t\t\t\t\t<option value=\"Bromma\">Bromma<\/option>\n\t\t\t\t\t\t\t\t\t<option value=\"Nacka\">Nacka<\/option>\n\t\t\t\t\t\t\t\t\t<option value=\"H\u00e4sselby\">H\u00e4sselby<\/option>\n\t\t\t\t\t\t\t\t\t<option value=\"V\u00e4llingby\">V\u00e4llingby<\/option>\n\t\t\t\t\t\t\t<\/select>\n\t\t<\/div>\n\t\t\t\t\t\t<\/div>\n\t\t\t\t\t\t\t\t<div class=\"elementor-field-type-text elementor-field-group elementor-column elementor-field-group-field_a004c7f elementor-col-100\">\n\t\t\t\t\t\t\t\t\t\t\t\t<label for=\"form-field-field_a004c7f\" class=\"elementor-field-label\">\n\t\t\t\t\t\t\t\tVarf\u00f6r vill du bli gruppledare?\t\t\t\t\t\t\t<\/label>\n\t\t\t\t\t\t\t\t\t\t\t\t\t\t<input size=\"1\" type=\"text\" name=\"form_fields[field_a004c7f]\" id=\"form-field-field_a004c7f\" class=\"elementor-field elementor-size-lg  elementor-field-textual\" placeholder=\"Skriv\">\n\t\t\t\t\t\t\t\t\t\t\t<\/div>\n\t\t\t\t\t\t\t\t<div class=\"elementor-field-type-text elementor-field-group elementor-column elementor-field-group-field_1dc5865 elementor-col-100\">\n\t\t\t\t\t\t\t\t\t\t\t\t<label for=\"form-field-field_1dc5865\" class=\"elementor-field-label\">\n\t\t\t\t\t\t\t\tBer\u00e4tta om dig, tidigare erfaranheter, kunskap eller annat av vikt f\u00f6r ditt ideella engagemang\t\t\t\t\t\t\t<\/label>\n\t\t\t\t\t\t\t\t\t\t\t\t\t\t<input size=\"1\" type=\"text\" name=\"form_fields[field_1dc5865]\" id=\"form-field-field_1dc5865\" class=\"elementor-field elementor-size-lg  elementor-field-textual\" placeholder=\"Skriv\">\n\t\t\t\t\t\t\t\t\t\t\t<\/div>\n\t\t\t\t\t\t\t\t<div class=\"elementor-field-type-recaptcha elementor-field-group elementor-column elementor-field-group-field_1b2c5b4 elementor-col-100\">\n\t\t\t\t\t<div class=\"elementor-field\" id=\"form-field-field_1b2c5b4\"><div class=\"elementor-g-recaptcha\" data-sitekey=\"6LdG5zEqAAAAAPkJT8LocjMeeJJbS6BmCReIbwjw\" data-type=\"v2_checkbox\" data-theme=\"light\" data-size=\"normal\"><\/div><\/div>\t\t\t\t<\/div>\n\t\t\t\t\t\t\t\t<div class=\"elementor-field-group elementor-column elementor-field-type-submit elementor-col-33 e-form__buttons\">\n\t\t\t\t\t<button class=\"elementor-button elementor-size-md\" type=\"submit\">\n\t\t\t\t\t\t<span class=\"elementor-button-content-wrapper\">\n\t\t\t\t\t\t\t\t\t\t\t\t\t\t\t\t\t\t\t\t\t\t<span class=\"elementor-button-text\">Skicka<\/span>\n\t\t\t\t\t\t\t\t\t\t\t\t\t<\/span>\n\t\t\t\t\t<\/button>\n\t\t\t\t<\/div>\n\t\t\t<\/div>\n\t\t<\/form>\n\t\t\t\t\t\t<\/div>\n\t\t\t\t<\/div>\n\t\t\t\t<\/div>\n\t\t<div class=\"elementor-element elementor-element-13c1976a e-con-full elementor-hidden-mobile e-flex e-con e-child\" data-id=\"13c1976a\" data-element_type=\"container\" data-e-type=\"container\">\n\t\t\t\t<\/div>\n\t\t\t\t\t<\/div>\n\t\t\t\t<\/div>\n\t\t<div class=\"elementor-element elementor-element-32c498e e-flex e-con-boxed e-con e-parent\" data-id=\"32c498e\" data-element_type=\"container\" data-e-type=\"container\">\n\t\t\t\t\t<div class=\"e-con-inner\">\n\t\t<div class=\"elementor-element elementor-element-69bc133 e-con-full e-flex e-con e-child\" data-id=\"69bc133\" data-element_type=\"container\" data-e-type=\"container\">\n\t\t<div class=\"elementor-element elementor-element-a6513b5 e-con-full animated-slow e-flex elementor-invisible e-con e-child\" data-id=\"a6513b5\" data-element_type=\"container\" data-e-type=\"container\" data-settings=\"{&quot;animation&quot;:&quot;fadeIn&quot;,&quot;animation_delay&quot;:100,&quot;animation_mobile&quot;:&quot;none&quot;}\">\n\t\t\t\t<div class=\"elementor-element elementor-element-15d6086 elementor-widget elementor-widget-text-editor\" data-id=\"15d6086\" data-element_type=\"widget\" data-e-type=\"widget\" data-widget_type=\"text-editor.default\">\n\t\t\t\t<div class=\"elementor-widget-container\">\n\t\t\t\t\t\t\t\t\t<h5><span style=\"font-weight: 300;\">Vad inneb\u00e4r rollen som volont\u00e4r p\u00e5 Svenska med baby?<\/span><\/h5><p><span style=\"font-weight: 300;\">Det inneb\u00e4r att du planerar och leder tr\u00e4ffar och aktiviteter baserade p\u00e5 olika teman, cirka tv\u00e5 till tre timmar i veckan. Du f\u00e5r introduktionsutbildning och material f\u00f6r att underl\u00e4tta din roll. Dessutom har du alltid en samordnare fr\u00e5n Svenska med baby som st\u00f6d och bollplank.<\/span><\/p><h5><span style=\"font-weight: 300;\">Varf\u00f6r bli volont\u00e4r hos oss?<\/span><\/h5><p><span style=\"font-weight: 300;\">Genom att bli volont\u00e4r f\u00f6r Svenska med baby \u00e4r du delaktig i att skapa ett mer inkluderande samh\u00e4lle. Du och ditt barn f\u00e5r m\u00f6jlighet att tr\u00e4ffa andra barn och f\u00f6r\u00e4ldrar med olika bakgrunder. Det \u00e4r ocks\u00e5 en v\u00e4rdefull merit f\u00f6r ditt CV.<\/span><\/p>\t\t\t\t\t\t\t\t<\/div>\n\t\t\t\t<\/div>\n\t\t\t\t<\/div>\n\t\t\t\t<\/div>\n\t\t<div class=\"elementor-element elementor-element-ea970bf e-con-full e-flex e-con e-child\" data-id=\"ea970bf\" data-element_type=\"container\" data-e-type=\"container\">\n\t\t\t\t<div class=\"elementor-element elementor-element-a678905 elementor-widget__width-initial elementor-widget elementor-widget-video\" data-id=\"a678905\" data-element_type=\"widget\" data-e-type=\"widget\" data-settings=\"{&quot;youtube_url&quot;:&quot;https:\\\/\\\/youtu.be\\\/icyj-i8c-J8&quot;,&quot;loop&quot;:&quot;yes&quot;,&quot;autoplay&quot;:&quot;yes&quot;,&quot;mute&quot;:&quot;yes&quot;,&quot;play_on_mobile&quot;:&quot;yes&quot;,&quot;yt_privacy&quot;:&quot;yes&quot;,&quot;lazy_load&quot;:&quot;yes&quot;,&quot;video_type&quot;:&quot;youtube&quot;,&quot;controls&quot;:&quot;yes&quot;}\" data-widget_type=\"video.default\">\n\t\t\t\t<div class=\"elementor-widget-container\">\n\t\t\t\t\t\t\t<div class=\"elementor-wrapper elementor-open-inline\">\n\t\t\t<div class=\"elementor-video\"><\/div>\t\t<\/div>\n\t\t\t\t\t\t<\/div>\n\t\t\t\t<\/div>\n\t\t\t\t<\/div>\n\t\t\t\t\t<\/div>\n\t\t\t\t<\/div>\n\t\t<div class=\"elementor-element elementor-element-6858e777 elementor-hidden-mobile e-flex e-con-boxed e-con e-parent\" data-id=\"6858e777\" data-element_type=\"container\" data-e-type=\"container\" data-settings=\"{&quot;background_background&quot;:&quot;classic&quot;}\">\n\t\t\t\t\t<div class=\"e-con-inner\">\n\t\t\t\t<div class=\"elementor-element elementor-element-7baff790 elementor-widget elementor-widget-heading\" data-id=\"7baff790\" data-element_type=\"widget\" data-e-type=\"widget\" data-widget_type=\"heading.default\">\n\t\t\t\t<div class=\"elementor-widget-container\">\n\t\t\t\t\t<h4 class=\"elementor-heading-title elementor-size-default\"><span class=\"typed-me\" data-string0=\"Hej och v\u00e4lkommen\" data-string1=\"\u041f\u0440\u0438\u0432\u0456\u0442 \u0456 \u043b\u0430\u0441\u043a\u0430\u0432\u043e \u043f\u0440\u043e\u0441\u0438\u043c\u043e\" data-string2=\"\u0623\u0647\u0644\u0627 \u0648\u0645\u0631\u062d\u0628\u0627\" data-string3=\"Salaan iyo soo dhawayn\" data-string4=\"Hi and welcome\" data-type-speed=\"40\" data-start-delay=\"0\" data-back-speed=\"40\" data-back-delay=\"500\" data-loop=\"1\" data-shuffle=\"1\"><\/span><\/h4>\t\t\t\t<\/div>\n\t\t\t\t<\/div>\n\t\t\t\t\t<\/div>\n\t\t\t\t<\/div>\n\t\t\t\t<\/div>\n\t\t","protected":false},"excerpt":{"rendered":"<p>Bli volont\u00e4r f\u00f6r pappatr\u00e4ffar P\u00e5 v\u00e5ra pappatr\u00e4ffar tr\u00e4ffas pappor med olika bakgrund tillsammans med sina barn. Vi g\u00f6r kostnadsfria, roliga och barncentrerade aktiviteter med tematiska samtal. Tr\u00e4ffarna riktar sig till b\u00e5de nyanl\u00e4nda, utlandsf\u00f6dda och sm\u00e5barnspappor f\u00f6dda i Sverige och deras barn 0\u20135 \u00e5r. Tillsammans motverkar vi segregationen.\u00a0 Vi s\u00f6ker dig som \u00e4r pappa och vill&#8230;<\/p>","protected":false},"author":2,"featured_media":0,"parent":0,"menu_order":0,"comment_status":"closed","ping_status":"closed","template":"","meta":{"_kad_post_transparent":"","_kad_post_title":"hide","_kad_post_layout":"fullwidth","_kad_post_sidebar_id":"","_kad_post_content_style":"unboxed","_kad_post_vertical_padding":"hide","_kad_post_feature":"hide","_kad_post_feature_position":"","_kad_post_header":false,"_kad_post_footer":false,"footnotes":""},"class_list":["post-618","page","type-page","status-publish","hentry"],"yoast_head":"<!-- This site is optimized with the Yoast SEO plugin v27.3 - https:\/\/yoast.com\/product\/yoast-seo-wordpress\/ -->\n<title>Svenska med baby - Gruppledare pappatr\u00e4ffar<\/title>\n<meta name=\"description\" content=\"Vill du bli gruppledare f\u00f6r v\u00e5ra pappatr\u00e4ffar? H\u00e4r kan du f\u00e5 information och skicka in din anm\u00e4lan f\u00f6r att bli gruppledare. V\u00e4lkommen!\" \/>\n<meta name=\"robots\" content=\"index, follow, max-snippet:-1, max-image-preview:large, max-video-preview:-1\" \/>\n<link rel=\"canonical\" href=\"https:\/\/svenskamedbaby.se\/en\/volontar-pappatraffar\/\" \/>\n<meta property=\"og:locale\" content=\"en_US\" \/>\n<meta property=\"og:type\" content=\"article\" \/>\n<meta property=\"og:title\" content=\"Svenska med baby - Gruppledare pappatr\u00e4ffar\" \/>\n<meta property=\"og:description\" content=\"Vill du bli gruppledare f\u00f6r v\u00e5ra pappatr\u00e4ffar? H\u00e4r kan du f\u00e5 information och skicka in din anm\u00e4lan f\u00f6r att bli gruppledare. V\u00e4lkommen!\" \/>\n<meta property=\"og:url\" content=\"https:\/\/svenskamedbaby.se\/en\/volontar-pappatraffar\/\" \/>\n<meta property=\"og:site_name\" content=\"Svenska med baby\" \/>\n<meta property=\"article:publisher\" content=\"https:\/\/www.facebook.com\/svenskamedbaby\" \/>\n<meta property=\"article:modified_time\" content=\"2026-01-15T13:42:39+00:00\" \/>\n<meta property=\"og:image\" content=\"https:\/\/svenskamedbaby.se\/wp-content\/uploads\/2024\/08\/Svenska_med_baby_sharing_image.jpg\" \/>\n\t<meta property=\"og:image:width\" content=\"1920\" \/>\n\t<meta property=\"og:image:height\" content=\"1121\" \/>\n\t<meta property=\"og:image:type\" content=\"image\/jpeg\" \/>\n<meta name=\"twitter:card\" content=\"summary_large_image\" \/>\n<meta name=\"twitter:label1\" content=\"Est. reading time\" \/>\n\t<meta name=\"twitter:data1\" content=\"2 minutes\" \/>\n<script type=\"application\/ld+json\" class=\"yoast-schema-graph\">{\"@context\":\"https:\\\/\\\/schema.org\",\"@graph\":[{\"@type\":\"WebPage\",\"@id\":\"https:\\\/\\\/svenskamedbaby.se\\\/volontar-pappatraffar\\\/\",\"url\":\"https:\\\/\\\/svenskamedbaby.se\\\/volontar-pappatraffar\\\/\",\"name\":\"Svenska med baby - Gruppledare pappatr\u00e4ffar\",\"isPartOf\":{\"@id\":\"https:\\\/\\\/svenskamedbaby.se\\\/#website\"},\"datePublished\":\"2024-02-21T12:44:54+00:00\",\"dateModified\":\"2026-01-15T13:42:39+00:00\",\"description\":\"Vill du bli gruppledare f\u00f6r v\u00e5ra pappatr\u00e4ffar? H\u00e4r kan du f\u00e5 information och skicka in din anm\u00e4lan f\u00f6r att bli gruppledare. V\u00e4lkommen!\",\"breadcrumb\":{\"@id\":\"https:\\\/\\\/svenskamedbaby.se\\\/volontar-pappatraffar\\\/#breadcrumb\"},\"inLanguage\":\"en-US\",\"potentialAction\":[{\"@type\":\"ReadAction\",\"target\":[\"https:\\\/\\\/svenskamedbaby.se\\\/volontar-pappatraffar\\\/\"]}]},{\"@type\":\"BreadcrumbList\",\"@id\":\"https:\\\/\\\/svenskamedbaby.se\\\/volontar-pappatraffar\\\/#breadcrumb\",\"itemListElement\":[{\"@type\":\"ListItem\",\"position\":1,\"name\":\"Home\",\"item\":\"https:\\\/\\\/svenskamedbaby.se\\\/\"},{\"@type\":\"ListItem\",\"position\":2,\"name\":\"Volont\u00e4r Pappatr\u00e4ffar\"}]},{\"@type\":\"WebSite\",\"@id\":\"https:\\\/\\\/svenskamedbaby.se\\\/#website\",\"url\":\"https:\\\/\\\/svenskamedbaby.se\\\/\",\"name\":\"Svenska med baby\",\"description\":\"Tr\u00e4ffar f\u00f6r sm\u00e5barn och vuxna med olika bakrund\",\"publisher\":{\"@id\":\"https:\\\/\\\/svenskamedbaby.se\\\/#organization\"},\"potentialAction\":[{\"@type\":\"SearchAction\",\"target\":{\"@type\":\"EntryPoint\",\"urlTemplate\":\"https:\\\/\\\/svenskamedbaby.se\\\/?s={search_term_string}\"},\"query-input\":{\"@type\":\"PropertyValueSpecification\",\"valueRequired\":true,\"valueName\":\"search_term_string\"}}],\"inLanguage\":\"en-US\"},{\"@type\":\"Organization\",\"@id\":\"https:\\\/\\\/svenskamedbaby.se\\\/#organization\",\"name\":\"Svenska med baby\",\"url\":\"https:\\\/\\\/svenskamedbaby.se\\\/\",\"logo\":{\"@type\":\"ImageObject\",\"inLanguage\":\"en-US\",\"@id\":\"https:\\\/\\\/svenskamedbaby.se\\\/#\\\/schema\\\/logo\\\/image\\\/\",\"url\":\"https:\\\/\\\/svenskamedbaby.se\\\/wp-content\\\/uploads\\\/2024\\\/01\\\/cropped-logo-liggande_orange.png\",\"contentUrl\":\"https:\\\/\\\/svenskamedbaby.se\\\/wp-content\\\/uploads\\\/2024\\\/01\\\/cropped-logo-liggande_orange.png\",\"width\":3101,\"height\":1056,\"caption\":\"Svenska med baby\"},\"image\":{\"@id\":\"https:\\\/\\\/svenskamedbaby.se\\\/#\\\/schema\\\/logo\\\/image\\\/\"},\"sameAs\":[\"https:\\\/\\\/www.facebook.com\\\/svenskamedbaby\",\"https:\\\/\\\/www.instagram.com\\\/svenskamedbaby\\\/\",\"https:\\\/\\\/www.youtube.com\\\/@svenskamedbaby2469\"]}]}<\/script>\n<!-- \/ Yoast SEO plugin. -->","yoast_head_json":{"title":"Svenska med baby - Gruppledare pappatr\u00e4ffar","description":"Vill du bli gruppledare f\u00f6r v\u00e5ra pappatr\u00e4ffar? H\u00e4r kan du f\u00e5 information och skicka in din anm\u00e4lan f\u00f6r att bli gruppledare. V\u00e4lkommen!","robots":{"index":"index","follow":"follow","max-snippet":"max-snippet:-1","max-image-preview":"max-image-preview:large","max-video-preview":"max-video-preview:-1"},"canonical":"https:\/\/svenskamedbaby.se\/en\/volontar-pappatraffar\/","og_locale":"en_US","og_type":"article","og_title":"Svenska med baby - Gruppledare pappatr\u00e4ffar","og_description":"Vill du bli gruppledare f\u00f6r v\u00e5ra pappatr\u00e4ffar? H\u00e4r kan du f\u00e5 information och skicka in din anm\u00e4lan f\u00f6r att bli gruppledare. V\u00e4lkommen!","og_url":"https:\/\/svenskamedbaby.se\/en\/volontar-pappatraffar\/","og_site_name":"Svenska med baby","article_publisher":"https:\/\/www.facebook.com\/svenskamedbaby","article_modified_time":"2026-01-15T13:42:39+00:00","og_image":[{"width":1920,"height":1121,"url":"https:\/\/svenskamedbaby.se\/wp-content\/uploads\/2024\/08\/Svenska_med_baby_sharing_image.jpg","type":"image\/jpeg"}],"twitter_card":"summary_large_image","twitter_misc":{"Est. reading time":"2 minutes"},"schema":{"@context":"https:\/\/schema.org","@graph":[{"@type":"WebPage","@id":"https:\/\/svenskamedbaby.se\/volontar-pappatraffar\/","url":"https:\/\/svenskamedbaby.se\/volontar-pappatraffar\/","name":"Svenska med baby - Gruppledare pappatr\u00e4ffar","isPartOf":{"@id":"https:\/\/svenskamedbaby.se\/#website"},"datePublished":"2024-02-21T12:44:54+00:00","dateModified":"2026-01-15T13:42:39+00:00","description":"Vill du bli gruppledare f\u00f6r v\u00e5ra pappatr\u00e4ffar? H\u00e4r kan du f\u00e5 information och skicka in din anm\u00e4lan f\u00f6r att bli gruppledare. V\u00e4lkommen!","breadcrumb":{"@id":"https:\/\/svenskamedbaby.se\/volontar-pappatraffar\/#breadcrumb"},"inLanguage":"en-US","potentialAction":[{"@type":"ReadAction","target":["https:\/\/svenskamedbaby.se\/volontar-pappatraffar\/"]}]},{"@type":"BreadcrumbList","@id":"https:\/\/svenskamedbaby.se\/volontar-pappatraffar\/#breadcrumb","itemListElement":[{"@type":"ListItem","position":1,"name":"Home","item":"https:\/\/svenskamedbaby.se\/"},{"@type":"ListItem","position":2,"name":"Volont\u00e4r Pappatr\u00e4ffar"}]},{"@type":"WebSite","@id":"https:\/\/svenskamedbaby.se\/#website","url":"https:\/\/svenskamedbaby.se\/","name":"Svenska med baby","description":"Meetings for young children and adults from different backgrounds","publisher":{"@id":"https:\/\/svenskamedbaby.se\/#organization"},"potentialAction":[{"@type":"SearchAction","target":{"@type":"EntryPoint","urlTemplate":"https:\/\/svenskamedbaby.se\/?s={search_term_string}"},"query-input":{"@type":"PropertyValueSpecification","valueRequired":true,"valueName":"search_term_string"}}],"inLanguage":"en-US"},{"@type":"Organization","@id":"https:\/\/svenskamedbaby.se\/#organization","name":"Svenska med baby","url":"https:\/\/svenskamedbaby.se\/","logo":{"@type":"ImageObject","inLanguage":"en-US","@id":"https:\/\/svenskamedbaby.se\/#\/schema\/logo\/image\/","url":"https:\/\/svenskamedbaby.se\/wp-content\/uploads\/2024\/01\/cropped-logo-liggande_orange.png","contentUrl":"https:\/\/svenskamedbaby.se\/wp-content\/uploads\/2024\/01\/cropped-logo-liggande_orange.png","width":3101,"height":1056,"caption":"Svenska med baby"},"image":{"@id":"https:\/\/svenskamedbaby.se\/#\/schema\/logo\/image\/"},"sameAs":["https:\/\/www.facebook.com\/svenskamedbaby","https:\/\/www.instagram.com\/svenskamedbaby\/","https:\/\/www.youtube.com\/@svenskamedbaby2469"]}]}},"_links":{"self":[{"href":"https:\/\/svenskamedbaby.se\/en\/wp-json\/wp\/v2\/pages\/618","targetHints":{"allow":["GET"]}}],"collection":[{"href":"https:\/\/svenskamedbaby.se\/en\/wp-json\/wp\/v2\/pages"}],"about":[{"href":"https:\/\/svenskamedbaby.se\/en\/wp-json\/wp\/v2\/types\/page"}],"author":[{"embeddable":true,"href":"https:\/\/svenskamedbaby.se\/en\/wp-json\/wp\/v2\/users\/2"}],"replies":[{"embeddable":true,"href":"https:\/\/svenskamedbaby.se\/en\/wp-json\/wp\/v2\/comments?post=618"}],"version-history":[{"count":0,"href":"https:\/\/svenskamedbaby.se\/en\/wp-json\/wp\/v2\/pages\/618\/revisions"}],"wp:attachment":[{"href":"https:\/\/svenskamedbaby.se\/en\/wp-json\/wp\/v2\/media?parent=618"}],"curies":[{"name":"wp","href":"https:\/\/api.w.org\/{rel}","templated":true}]}}