{"id":107,"date":"2024-01-12T08:16:20","date_gmt":"2024-01-12T08:16:20","guid":{"rendered":"https:\/\/svenskamedbaby.se\/?page_id=107"},"modified":"2025-09-08T07:47:40","modified_gmt":"2025-09-08T07:47:40","slug":"lediga-jobb","status":"publish","type":"page","link":"https:\/\/svenskamedbaby.se\/fa\/lediga-jobb\/","title":{"rendered":"\u0645\u0634\u0627\u063a\u0644 \u0631\u0627\u06cc\u06af\u0627\u0646"},"content":{"rendered":"\t\t<div data-elementor-type=\"wp-page\" data-elementor-id=\"107\" class=\"elementor elementor-107\" data-elementor-post-type=\"page\">\n\t\t\t\t<div class=\"elementor-element elementor-element-58a2f670 e-con-full e-flex e-con e-parent\" data-id=\"58a2f670\" data-element_type=\"container\" data-e-type=\"container\" data-settings=\"{&quot;background_background&quot;:&quot;classic&quot;}\">\n\t\t\t\t<\/div>\n\t\t<div class=\"elementor-element elementor-element-7ceecafd e-flex e-con-boxed e-con e-parent\" data-id=\"7ceecafd\" data-element_type=\"container\" data-e-type=\"container\" data-settings=\"{&quot;background_background&quot;:&quot;classic&quot;}\">\n\t\t\t\t\t<div class=\"e-con-inner\">\n\t\t\t\t<div class=\"elementor-element elementor-element-3b3bcb8a animated-slow elementor-invisible elementor-widget elementor-widget-heading\" data-id=\"3b3bcb8a\" data-element_type=\"widget\" data-e-type=\"widget\" data-settings=\"{&quot;_animation&quot;:&quot;fadeIn&quot;,&quot;_animation_mobile&quot;:&quot;none&quot;}\" data-widget_type=\"heading.default\">\n\t\t\t\t<div class=\"elementor-widget-container\">\n\t\t\t\t\t<h2 class=\"elementor-heading-title elementor-size-default\">Jobba hos oss<\/h2>\t\t\t\t<\/div>\n\t\t\t\t<\/div>\n\t\t\t\t\t<\/div>\n\t\t\t\t<\/div>\n\t\t<div class=\"elementor-element elementor-element-743a6395 e-flex e-con-boxed e-con e-parent\" data-id=\"743a6395\" data-element_type=\"container\" data-e-type=\"container\" data-settings=\"{&quot;background_background&quot;:&quot;classic&quot;}\">\n\t\t\t\t\t<div class=\"e-con-inner\">\n\t\t<div class=\"elementor-element elementor-element-5aa2aa92 e-con-full elementor-hidden-mobile e-flex e-con e-child\" data-id=\"5aa2aa92\" data-element_type=\"container\" data-e-type=\"container\">\n\t\t\t\t<\/div>\n\t\t<div class=\"elementor-element elementor-element-59ea7274 e-con-full e-flex e-con e-child\" data-id=\"59ea7274\" data-element_type=\"container\" data-e-type=\"container\">\n\t\t\t\t<div class=\"elementor-element elementor-element-667c51b1 elementor-widget elementor-widget-text-editor\" data-id=\"667c51b1\" data-element_type=\"widget\" data-e-type=\"widget\" data-widget_type=\"text-editor.default\">\n\t\t\t\t<div class=\"elementor-widget-container\">\n\t\t\t\t\t\t\t\t\t<p><span style=\"font-weight: 300;\">N\u00e4r vi har lediga jobb hittar du dem h\u00e4r. Vi blir extra glada om du som s\u00f6ker arbete p\u00e5 Svenska med baby sj\u00e4lv kommer fr\u00e5n ett annat land \u00e4n Sverige och liksom m\u00e5nga av v\u00e5ra deltagare har erfarenhet av att ha flytt fr\u00e5n ditt hemland. Du kan sj\u00e4lvklart skicka in en spontanans\u00f6kan ocks\u00e5, men ta inte illa upp om svar dr\u00f6jer. Vi har helt enkelt alltid lite f\u00f6r mycket att g\u00f6ra.\u00a0<\/span><\/p>\t\t\t\t\t\t\t\t<\/div>\n\t\t\t\t<\/div>\n\t\t\t\t<\/div>\n\t\t<div class=\"elementor-element elementor-element-3d7df65e e-con-full elementor-hidden-mobile e-flex e-con e-child\" data-id=\"3d7df65e\" data-element_type=\"container\" data-e-type=\"container\">\n\t\t\t\t<\/div>\n\t\t\t\t\t<\/div>\n\t\t\t\t<\/div>\n\t\t<div class=\"elementor-element elementor-element-2d8c2200 e-flex e-con-boxed e-con e-parent\" data-id=\"2d8c2200\" data-element_type=\"container\" data-e-type=\"container\" data-settings=\"{&quot;background_background&quot;:&quot;classic&quot;}\">\n\t\t\t\t\t<div class=\"e-con-inner\">\n\t\t<div class=\"elementor-element elementor-element-99b08a4 e-con-full e-flex elementor-invisible e-con e-child\" data-id=\"99b08a4\" data-element_type=\"container\" data-e-type=\"container\" data-settings=\"{&quot;animation&quot;:&quot;slideInUp&quot;}\">\n\t\t\t\t<div class=\"elementor-element elementor-element-3e23463e elementor-widget elementor-widget-image\" data-id=\"3e23463e\" data-element_type=\"widget\" data-e-type=\"widget\" data-widget_type=\"image.default\">\n\t\t\t\t<div class=\"elementor-widget-container\">\n\t\t\t\t\t\t\t\t\t\t\t\t\t\t\t<img fetchpriority=\"high\" decoding=\"async\" width=\"1200\" height=\"878\" src=\"https:\/\/svenskamedbaby.se\/wp-content\/uploads\/2024\/03\/SMB-team-1.jpg\" class=\"attachment-full size-full wp-image-809\" alt=\"\" srcset=\"https:\/\/svenskamedbaby.se\/wp-content\/uploads\/2024\/03\/SMB-team-1.jpg 1200w, https:\/\/svenskamedbaby.se\/wp-content\/uploads\/2024\/03\/SMB-team-1-300x220.jpg 300w, https:\/\/svenskamedbaby.se\/wp-content\/uploads\/2024\/03\/SMB-team-1-1024x749.jpg 1024w, https:\/\/svenskamedbaby.se\/wp-content\/uploads\/2024\/03\/SMB-team-1-768x562.jpg 768w\" sizes=\"(max-width: 1200px) 100vw, 1200px\" \/>\t\t\t\t\t\t\t\t\t\t\t\t\t\t\t<\/div>\n\t\t\t\t<\/div>\n\t\t\t\t<\/div>\n\t\t<div class=\"elementor-element elementor-element-54d96d0a e-con-full animated-slow e-flex elementor-invisible e-con e-child\" data-id=\"54d96d0a\" data-element_type=\"container\" data-e-type=\"container\" data-settings=\"{&quot;animation&quot;:&quot;fadeIn&quot;,&quot;animation_delay&quot;:100,&quot;animation_mobile&quot;:&quot;none&quot;}\">\n\t\t\t\t<div class=\"elementor-element elementor-element-1bd1b9b7 elementor-widget elementor-widget-heading\" data-id=\"1bd1b9b7\" data-element_type=\"widget\" data-e-type=\"widget\" data-widget_type=\"heading.default\">\n\t\t\t\t<div class=\"elementor-widget-container\">\n\t\t\t\t\t<h2 class=\"elementor-heading-title elementor-size-default\">Lediga tj\u00e4nster<\/h2>\t\t\t\t<\/div>\n\t\t\t\t<\/div>\n\t\t\t\t<div class=\"elementor-element elementor-element-71297217 elementor-widget-divider--view-line elementor-widget elementor-widget-divider\" data-id=\"71297217\" data-element_type=\"widget\" data-e-type=\"widget\" data-widget_type=\"divider.default\">\n\t\t\t\t<div class=\"elementor-widget-container\">\n\t\t\t\t\t\t\t<div class=\"elementor-divider\">\n\t\t\t<span class=\"elementor-divider-separator\">\n\t\t\t\t\t\t<\/span>\n\t\t<\/div>\n\t\t\t\t\t\t<\/div>\n\t\t\t\t<\/div>\n\t\t\t\t<div class=\"elementor-element elementor-element-090a6d3 elementor-widget elementor-widget-text-editor\" data-id=\"090a6d3\" data-element_type=\"widget\" data-e-type=\"widget\" data-widget_type=\"text-editor.default\">\n\t\t\t\t<div class=\"elementor-widget-container\">\n\t\t\t\t\t\t\t\t\t<p>Inga lediga tj\u00e4nster just nu.<\/p>\t\t\t\t\t\t\t\t<\/div>\n\t\t\t\t<\/div>\n\t\t\t\t<\/div>\n\t\t\t\t\t<\/div>\n\t\t\t\t<\/div>\n\t\t<div class=\"elementor-element elementor-element-3de63d5f e-flex e-con-boxed e-con e-parent\" data-id=\"3de63d5f\" data-element_type=\"container\" data-e-type=\"container\" data-settings=\"{&quot;background_background&quot;:&quot;classic&quot;}\">\n\t\t\t\t\t<div class=\"e-con-inner\">\n\t\t<div class=\"elementor-element elementor-element-372f9501 e-con-full elementor-hidden-mobile e-flex elementor-invisible e-con e-child\" data-id=\"372f9501\" data-element_type=\"container\" data-e-type=\"container\" data-settings=\"{&quot;animation&quot;:&quot;slideInUp&quot;}\">\n\t\t\t\t<div class=\"elementor-element elementor-element-6af8dab2 elementor-widget elementor-widget-image\" data-id=\"6af8dab2\" data-element_type=\"widget\" data-e-type=\"widget\" data-settings=\"{&quot;motion_fx_motion_fx_scrolling&quot;:&quot;yes&quot;,&quot;motion_fx_translateY_effect&quot;:&quot;yes&quot;,&quot;motion_fx_translateY_speed&quot;:{&quot;unit&quot;:&quot;px&quot;,&quot;size&quot;:1.8,&quot;sizes&quot;:[]},&quot;motion_fx_translateY_affectedRange&quot;:{&quot;unit&quot;:&quot;%&quot;,&quot;size&quot;:&quot;&quot;,&quot;sizes&quot;:{&quot;start&quot;:0,&quot;end&quot;:100}},&quot;motion_fx_devices&quot;:[&quot;desktop&quot;,&quot;tablet&quot;,&quot;mobile&quot;]}\" data-widget_type=\"image.default\">\n\t\t\t\t<div class=\"elementor-widget-container\">\n\t\t\t\t\t\t\t\t\t\t\t\t\t\t\t<img decoding=\"async\" width=\"1400\" height=\"1726\" src=\"https:\/\/svenskamedbaby.se\/wp-content\/uploads\/2024\/03\/SMB-team.jpg\" class=\"attachment-full size-full wp-image-807\" alt=\"Teamet hos Svenska med baby. Anst\u00e4llda sitter i en trappa och vinkar.\" srcset=\"https:\/\/svenskamedbaby.se\/wp-content\/uploads\/2024\/03\/SMB-team.jpg 1400w, https:\/\/svenskamedbaby.se\/wp-content\/uploads\/2024\/03\/SMB-team-243x300.jpg 243w, https:\/\/svenskamedbaby.se\/wp-content\/uploads\/2024\/03\/SMB-team-831x1024.jpg 831w, https:\/\/svenskamedbaby.se\/wp-content\/uploads\/2024\/03\/SMB-team-768x947.jpg 768w, https:\/\/svenskamedbaby.se\/wp-content\/uploads\/2024\/03\/SMB-team-1246x1536.jpg 1246w\" sizes=\"(max-width: 1400px) 100vw, 1400px\" \/>\t\t\t\t\t\t\t\t\t\t\t\t\t\t\t<\/div>\n\t\t\t\t<\/div>\n\t\t\t\t<\/div>\n\t\t<div class=\"elementor-element elementor-element-2b3e5b3f e-con-full animated-slow e-flex elementor-invisible e-con e-child\" data-id=\"2b3e5b3f\" data-element_type=\"container\" data-e-type=\"container\" data-settings=\"{&quot;animation&quot;:&quot;fadeIn&quot;,&quot;animation_delay&quot;:100,&quot;animation_mobile&quot;:&quot;none&quot;}\">\n\t\t\t\t<div class=\"elementor-element elementor-element-37dd9e91 elementor-widget elementor-widget-heading\" data-id=\"37dd9e91\" data-element_type=\"widget\" data-e-type=\"widget\" data-widget_type=\"heading.default\">\n\t\t\t\t<div class=\"elementor-widget-container\">\n\t\t\t\t\t<h2 class=\"elementor-heading-title elementor-size-default\">En unik arbetsplats<\/h2>\t\t\t\t<\/div>\n\t\t\t\t<\/div>\n\t\t\t\t<div class=\"elementor-element elementor-element-1d9824e8 elementor-widget-divider--view-line elementor-widget elementor-widget-divider\" data-id=\"1d9824e8\" data-element_type=\"widget\" data-e-type=\"widget\" data-widget_type=\"divider.default\">\n\t\t\t\t<div class=\"elementor-widget-container\">\n\t\t\t\t\t\t\t<div class=\"elementor-divider\">\n\t\t\t<span class=\"elementor-divider-separator\">\n\t\t\t\t\t\t<\/span>\n\t\t<\/div>\n\t\t\t\t\t\t<\/div>\n\t\t\t\t<\/div>\n\t\t\t\t<div class=\"elementor-element elementor-element-28c58a94 elementor-widget elementor-widget-text-editor\" data-id=\"28c58a94\" data-element_type=\"widget\" data-e-type=\"widget\" data-widget_type=\"text-editor.default\">\n\t\t\t\t<div class=\"elementor-widget-container\">\n\t\t\t\t\t\t\t\t\t<div class=\"elementor-element elementor-element-4e2782e7 elementor-widget elementor-widget-text-editor\" data-id=\"4e2782e7\" data-element_type=\"widget\" data-widget_type=\"text-editor.default\"><div class=\"elementor-widget-container\"><p><span style=\"font-weight: 400;\">Vi som \u00e4r anst\u00e4llda p\u00e5 Svenska med baby har olika bakgrunder, pratar olika spr\u00e5k och har olika \u00e5ldrar. M\u00e5nga av oss fick v\u00e5rt f\u00f6rsta jobb i Sverige just h\u00e4r. En del av oss har flyktingbakgrund, medan andra har kommit till Sverige av andra sk\u00e4l. Ytterligare n\u00e5gra av oss har bott hela v\u00e5ra liv i Sverige.\u00a0<\/span><\/p><p><span style=\"font-weight: 400;\">Vi \u00f6nskar att fler organisationer och f\u00f6retag kunde se alla positiva sidor av m\u00e5ngfald, n\u00e4r de anst\u00e4ller. Som det h\u00e4r med spr\u00e5kkunskaper. Vi p\u00e5 Svenska med baby talar sammanlagt 18 spr\u00e5k!<\/span><\/p><p><span style=\"font-weight: 400;\">Vi l\u00e4r av varandra varje dag, vi f\u00e5r \u00f6kad f\u00f6rst\u00e5else f\u00f6r olika religioner och f\u00f6r olika s\u00e4tt att hantera de situationer som kan uppst\u00e5 p\u00e5 en arbetsplats.\u00a0<\/span><\/p><\/div><\/div><div class=\"elementor-element elementor-element-4898300c elementor-align-left elementor-widget elementor-widget-button\" data-id=\"4898300c\" data-element_type=\"widget\" data-widget_type=\"button.default\"><div class=\"elementor-widget-container\"><div class=\"elementor-button-wrapper\">\u00a0<\/div><\/div><\/div>\t\t\t\t\t\t\t\t<\/div>\n\t\t\t\t<\/div>\n\t\t\t\t<\/div>\n\t\t\t\t\t<\/div>\n\t\t\t\t<\/div>\n\t\t<div class=\"elementor-element elementor-element-1129af0b elementor-hidden-mobile typing-block e-flex e-con-boxed e-con e-parent\" data-id=\"1129af0b\" data-element_type=\"container\" data-e-type=\"container\" data-settings=\"{&quot;background_background&quot;:&quot;classic&quot;}\">\n\t\t\t\t\t<div class=\"e-con-inner\">\n\t\t\t\t<div class=\"elementor-element elementor-element-47ebd6d4 elementor-widget elementor-widget-heading\" data-id=\"47ebd6d4\" data-element_type=\"widget\" data-e-type=\"widget\" data-widget_type=\"heading.default\">\n\t\t\t\t<div class=\"elementor-widget-container\">\n\t\t\t\t\t<h4 class=\"elementor-heading-title elementor-size-default\"><span class=\"typed-me\" data-string0=\"Hej och v\u00e4lkommen\" data-string1=\"\u041f\u0440\u0438\u0432\u0456\u0442 \u0456 \u043b\u0430\u0441\u043a\u0430\u0432\u043e \u043f\u0440\u043e\u0441\u0438\u043c\u043e\" data-string2=\"\u0623\u0647\u0644\u0627 \u0648\u0645\u0631\u062d\u0628\u0627\" data-string3=\"Salaan iyo soo dhawayn\" data-string4=\"Hi and welcome\" data-type-speed=\"40\" data-start-delay=\"0\" data-back-speed=\"40\" data-back-delay=\"500\" data-loop=\"1\" data-shuffle=\"1\"><\/span><\/h4>\t\t\t\t<\/div>\n\t\t\t\t<\/div>\n\t\t\t\t\t<\/div>\n\t\t\t\t<\/div>\n\t\t<div class=\"elementor-element elementor-element-af98d71 e-flex e-con-boxed e-con e-parent\" data-id=\"af98d71\" data-element_type=\"container\" data-e-type=\"container\">\n\t\t\t\t\t<div class=\"e-con-inner\">\n\t\t\t\t\t<\/div>\n\t\t\t\t<\/div>\n\t\t\t\t<\/div>\n\t\t","protected":false},"excerpt":{"rendered":"<p>Jobba hos oss N\u00e4r vi har lediga jobb hittar du dem h\u00e4r. Vi blir extra glada om du som s\u00f6ker arbete p\u00e5 Svenska med baby sj\u00e4lv kommer fr\u00e5n ett annat land \u00e4n Sverige och liksom m\u00e5nga av v\u00e5ra deltagare har erfarenhet av att ha flytt fr\u00e5n ditt hemland. Du kan sj\u00e4lvklart skicka in en spontanans\u00f6kan&#8230;<\/p>","protected":false},"author":2,"featured_media":0,"parent":0,"menu_order":5,"comment_status":"closed","ping_status":"closed","template":"","meta":{"_kad_post_transparent":"","_kad_post_title":"hide","_kad_post_layout":"fullwidth","_kad_post_sidebar_id":"","_kad_post_content_style":"unboxed","_kad_post_vertical_padding":"hide","_kad_post_feature":"hide","_kad_post_feature_position":"","_kad_post_header":false,"_kad_post_footer":false,"footnotes":""},"class_list":["post-107","page","type-page","status-publish","hentry"],"yoast_head":"<!-- This site is optimized with the Yoast SEO plugin v27.3 - https:\/\/yoast.com\/product\/yoast-seo-wordpress\/ -->\n<title>Svenska med baby - Lediga jobb<\/title>\n<meta name=\"description\" content=\"Svenska med baby s\u00f6ker ny personal. H\u00e4r annonserar vi v\u00e5ra lediga tj\u00e4nster. V\u00e4lkommen att h\u00f6ra av dig till oss!\" \/>\n<meta name=\"robots\" content=\"index, follow, max-snippet:-1, max-image-preview:large, max-video-preview:-1\" \/>\n<link rel=\"canonical\" href=\"https:\/\/svenskamedbaby.se\/fa\/lediga-jobb\/\" \/>\n<meta property=\"og:locale\" content=\"en_US\" \/>\n<meta property=\"og:type\" content=\"article\" \/>\n<meta property=\"og:title\" content=\"Svenska med baby - Lediga jobb\" \/>\n<meta property=\"og:description\" content=\"Svenska med baby s\u00f6ker ny personal. H\u00e4r annonserar vi v\u00e5ra lediga tj\u00e4nster. V\u00e4lkommen att h\u00f6ra av dig till oss!\" \/>\n<meta property=\"og:url\" content=\"https:\/\/svenskamedbaby.se\/fa\/lediga-jobb\/\" \/>\n<meta property=\"og:site_name\" content=\"Svenska med baby\" \/>\n<meta property=\"article:publisher\" content=\"https:\/\/www.facebook.com\/svenskamedbaby\" \/>\n<meta property=\"article:modified_time\" content=\"2025-09-08T07:47:40+00:00\" \/>\n<meta property=\"og:image\" content=\"https:\/\/svenskamedbaby.se\/wp-content\/uploads\/2024\/03\/SMB-team-1.jpg\" \/>\n\t<meta property=\"og:image:width\" content=\"1200\" \/>\n\t<meta property=\"og:image:height\" content=\"878\" \/>\n\t<meta property=\"og:image:type\" content=\"image\/jpeg\" \/>\n<meta name=\"twitter:card\" content=\"summary_large_image\" \/>\n<meta name=\"twitter:label1\" content=\"Est. reading time\" \/>\n\t<meta name=\"twitter:data1\" content=\"3 \u062f\u0642\u06cc\u0642\u0647\" \/>\n<script type=\"application\/ld+json\" class=\"yoast-schema-graph\">{\"@context\":\"https:\\\/\\\/schema.org\",\"@graph\":[{\"@type\":\"WebPage\",\"@id\":\"https:\\\/\\\/svenskamedbaby.se\\\/lediga-jobb\\\/\",\"url\":\"https:\\\/\\\/svenskamedbaby.se\\\/lediga-jobb\\\/\",\"name\":\"Svenska med baby - Lediga jobb\",\"isPartOf\":{\"@id\":\"https:\\\/\\\/svenskamedbaby.se\\\/#website\"},\"primaryImageOfPage\":{\"@id\":\"https:\\\/\\\/svenskamedbaby.se\\\/lediga-jobb\\\/#primaryimage\"},\"image\":{\"@id\":\"https:\\\/\\\/svenskamedbaby.se\\\/lediga-jobb\\\/#primaryimage\"},\"thumbnailUrl\":\"https:\\\/\\\/svenskamedbaby.se\\\/wp-content\\\/uploads\\\/2024\\\/03\\\/SMB-team-1.jpg\",\"datePublished\":\"2024-01-12T08:16:20+00:00\",\"dateModified\":\"2025-09-08T07:47:40+00:00\",\"description\":\"Svenska med baby s\u00f6ker ny personal. H\u00e4r annonserar vi v\u00e5ra lediga tj\u00e4nster. V\u00e4lkommen att h\u00f6ra av dig till oss!\",\"breadcrumb\":{\"@id\":\"https:\\\/\\\/svenskamedbaby.se\\\/lediga-jobb\\\/#breadcrumb\"},\"inLanguage\":\"fa-AF\",\"potentialAction\":[{\"@type\":\"ReadAction\",\"target\":[\"https:\\\/\\\/svenskamedbaby.se\\\/lediga-jobb\\\/\"]}]},{\"@type\":\"ImageObject\",\"inLanguage\":\"fa-AF\",\"@id\":\"https:\\\/\\\/svenskamedbaby.se\\\/lediga-jobb\\\/#primaryimage\",\"url\":\"https:\\\/\\\/svenskamedbaby.se\\\/wp-content\\\/uploads\\\/2024\\\/03\\\/SMB-team-1.jpg\",\"contentUrl\":\"https:\\\/\\\/svenskamedbaby.se\\\/wp-content\\\/uploads\\\/2024\\\/03\\\/SMB-team-1.jpg\"},{\"@type\":\"BreadcrumbList\",\"@id\":\"https:\\\/\\\/svenskamedbaby.se\\\/lediga-jobb\\\/#breadcrumb\",\"itemListElement\":[{\"@type\":\"ListItem\",\"position\":1,\"name\":\"Home\",\"item\":\"https:\\\/\\\/svenskamedbaby.se\\\/\"},{\"@type\":\"ListItem\",\"position\":2,\"name\":\"Lediga jobb\"}]},{\"@type\":\"WebSite\",\"@id\":\"https:\\\/\\\/svenskamedbaby.se\\\/#website\",\"url\":\"https:\\\/\\\/svenskamedbaby.se\\\/\",\"name\":\"Svenska med baby\",\"description\":\"Tr\u00e4ffar f\u00f6r sm\u00e5barn och vuxna med olika bakrund\",\"publisher\":{\"@id\":\"https:\\\/\\\/svenskamedbaby.se\\\/#organization\"},\"potentialAction\":[{\"@type\":\"SearchAction\",\"target\":{\"@type\":\"EntryPoint\",\"urlTemplate\":\"https:\\\/\\\/svenskamedbaby.se\\\/?s={search_term_string}\"},\"query-input\":{\"@type\":\"PropertyValueSpecification\",\"valueRequired\":true,\"valueName\":\"search_term_string\"}}],\"inLanguage\":\"fa-AF\"},{\"@type\":\"Organization\",\"@id\":\"https:\\\/\\\/svenskamedbaby.se\\\/#organization\",\"name\":\"Svenska med baby\",\"url\":\"https:\\\/\\\/svenskamedbaby.se\\\/\",\"logo\":{\"@type\":\"ImageObject\",\"inLanguage\":\"fa-AF\",\"@id\":\"https:\\\/\\\/svenskamedbaby.se\\\/#\\\/schema\\\/logo\\\/image\\\/\",\"url\":\"https:\\\/\\\/svenskamedbaby.se\\\/wp-content\\\/uploads\\\/2024\\\/01\\\/cropped-logo-liggande_orange.png\",\"contentUrl\":\"https:\\\/\\\/svenskamedbaby.se\\\/wp-content\\\/uploads\\\/2024\\\/01\\\/cropped-logo-liggande_orange.png\",\"width\":3101,\"height\":1056,\"caption\":\"Svenska med baby\"},\"image\":{\"@id\":\"https:\\\/\\\/svenskamedbaby.se\\\/#\\\/schema\\\/logo\\\/image\\\/\"},\"sameAs\":[\"https:\\\/\\\/www.facebook.com\\\/svenskamedbaby\",\"https:\\\/\\\/www.instagram.com\\\/svenskamedbaby\\\/\",\"https:\\\/\\\/www.youtube.com\\\/@svenskamedbaby2469\"]}]}<\/script>\n<!-- \/ Yoast SEO plugin. -->","yoast_head_json":{"title":"Svenska med baby - Lediga jobb","description":"Svenska med baby s\u00f6ker ny personal. H\u00e4r annonserar vi v\u00e5ra lediga tj\u00e4nster. V\u00e4lkommen att h\u00f6ra av dig till oss!","robots":{"index":"index","follow":"follow","max-snippet":"max-snippet:-1","max-image-preview":"max-image-preview:large","max-video-preview":"max-video-preview:-1"},"canonical":"https:\/\/svenskamedbaby.se\/fa\/lediga-jobb\/","og_locale":"en_US","og_type":"article","og_title":"Svenska med baby - Lediga jobb","og_description":"Svenska med baby s\u00f6ker ny personal. H\u00e4r annonserar vi v\u00e5ra lediga tj\u00e4nster. V\u00e4lkommen att h\u00f6ra av dig till oss!","og_url":"https:\/\/svenskamedbaby.se\/fa\/lediga-jobb\/","og_site_name":"Svenska med baby","article_publisher":"https:\/\/www.facebook.com\/svenskamedbaby","article_modified_time":"2025-09-08T07:47:40+00:00","og_image":[{"width":1200,"height":878,"url":"https:\/\/svenskamedbaby.se\/wp-content\/uploads\/2024\/03\/SMB-team-1.jpg","type":"image\/jpeg"}],"twitter_card":"summary_large_image","twitter_misc":{"Est. reading time":"3 \u062f\u0642\u06cc\u0642\u0647"},"schema":{"@context":"https:\/\/schema.org","@graph":[{"@type":"WebPage","@id":"https:\/\/svenskamedbaby.se\/lediga-jobb\/","url":"https:\/\/svenskamedbaby.se\/lediga-jobb\/","name":"Svenska med baby - Lediga jobb","isPartOf":{"@id":"https:\/\/svenskamedbaby.se\/#website"},"primaryImageOfPage":{"@id":"https:\/\/svenskamedbaby.se\/lediga-jobb\/#primaryimage"},"image":{"@id":"https:\/\/svenskamedbaby.se\/lediga-jobb\/#primaryimage"},"thumbnailUrl":"https:\/\/svenskamedbaby.se\/wp-content\/uploads\/2024\/03\/SMB-team-1.jpg","datePublished":"2024-01-12T08:16:20+00:00","dateModified":"2025-09-08T07:47:40+00:00","description":"Svenska med baby s\u00f6ker ny personal. H\u00e4r annonserar vi v\u00e5ra lediga tj\u00e4nster. V\u00e4lkommen att h\u00f6ra av dig till oss!","breadcrumb":{"@id":"https:\/\/svenskamedbaby.se\/lediga-jobb\/#breadcrumb"},"inLanguage":"fa-AF","potentialAction":[{"@type":"ReadAction","target":["https:\/\/svenskamedbaby.se\/lediga-jobb\/"]}]},{"@type":"ImageObject","inLanguage":"fa-AF","@id":"https:\/\/svenskamedbaby.se\/lediga-jobb\/#primaryimage","url":"https:\/\/svenskamedbaby.se\/wp-content\/uploads\/2024\/03\/SMB-team-1.jpg","contentUrl":"https:\/\/svenskamedbaby.se\/wp-content\/uploads\/2024\/03\/SMB-team-1.jpg"},{"@type":"BreadcrumbList","@id":"https:\/\/svenskamedbaby.se\/lediga-jobb\/#breadcrumb","itemListElement":[{"@type":"ListItem","position":1,"name":"Home","item":"https:\/\/svenskamedbaby.se\/"},{"@type":"ListItem","position":2,"name":"Lediga jobb"}]},{"@type":"WebSite","@id":"https:\/\/svenskamedbaby.se\/#website","url":"https:\/\/svenskamedbaby.se\/","name":"Svenska med baby","description":"\u062c\u0644\u0633\u0627\u062a \u0628\u0631\u0627\u06cc \u06a9\u0648\u062f\u06a9\u0627\u0646 \u0646\u0648\u067e\u0627 \u0648 \u0628\u0632\u0631\u06af\u0633\u0627\u0644\u0627\u0646 \u0628\u0627 \u067e\u06cc\u0634\u06cc\u0646\u0647 \u0647\u0627\u06cc \u0645\u062e\u062a\u0644\u0641","publisher":{"@id":"https:\/\/svenskamedbaby.se\/#organization"},"potentialAction":[{"@type":"SearchAction","target":{"@type":"EntryPoint","urlTemplate":"https:\/\/svenskamedbaby.se\/?s={search_term_string}"},"query-input":{"@type":"PropertyValueSpecification","valueRequired":true,"valueName":"search_term_string"}}],"inLanguage":"fa-AF"},{"@type":"Organization","@id":"https:\/\/svenskamedbaby.se\/#organization","name":"Svenska med baby","url":"https:\/\/svenskamedbaby.se\/","logo":{"@type":"ImageObject","inLanguage":"fa-AF","@id":"https:\/\/svenskamedbaby.se\/#\/schema\/logo\/image\/","url":"https:\/\/svenskamedbaby.se\/wp-content\/uploads\/2024\/01\/cropped-logo-liggande_orange.png","contentUrl":"https:\/\/svenskamedbaby.se\/wp-content\/uploads\/2024\/01\/cropped-logo-liggande_orange.png","width":3101,"height":1056,"caption":"Svenska med baby"},"image":{"@id":"https:\/\/svenskamedbaby.se\/#\/schema\/logo\/image\/"},"sameAs":["https:\/\/www.facebook.com\/svenskamedbaby","https:\/\/www.instagram.com\/svenskamedbaby\/","https:\/\/www.youtube.com\/@svenskamedbaby2469"]}]}},"_links":{"self":[{"href":"https:\/\/svenskamedbaby.se\/fa\/wp-json\/wp\/v2\/pages\/107","targetHints":{"allow":["GET"]}}],"collection":[{"href":"https:\/\/svenskamedbaby.se\/fa\/wp-json\/wp\/v2\/pages"}],"about":[{"href":"https:\/\/svenskamedbaby.se\/fa\/wp-json\/wp\/v2\/types\/page"}],"author":[{"embeddable":true,"href":"https:\/\/svenskamedbaby.se\/fa\/wp-json\/wp\/v2\/users\/2"}],"replies":[{"embeddable":true,"href":"https:\/\/svenskamedbaby.se\/fa\/wp-json\/wp\/v2\/comments?post=107"}],"version-history":[{"count":0,"href":"https:\/\/svenskamedbaby.se\/fa\/wp-json\/wp\/v2\/pages\/107\/revisions"}],"wp:attachment":[{"href":"https:\/\/svenskamedbaby.se\/fa\/wp-json\/wp\/v2\/media?parent=107"}],"curies":[{"name":"wp","href":"https:\/\/api.w.org\/{rel}","templated":true}]}}