{"id":1042,"date":"2024-05-24T14:17:50","date_gmt":"2024-05-24T14:17:50","guid":{"rendered":"https:\/\/svenskamedbaby.se\/?page_id=1042"},"modified":"2024-08-26T00:27:33","modified_gmt":"2024-08-26T00:27:33","slug":"reportage-andreas-pa","status":"publish","type":"page","link":"https:\/\/svenskamedbaby.se\/fa_ir\/reportage-andreas-pa\/","title":{"rendered":"Reportage- Andreas PA"},"content":{"rendered":"\t\t<div data-elementor-type=\"wp-page\" data-elementor-id=\"1042\" class=\"elementor elementor-1042\" data-elementor-post-type=\"page\">\n\t\t\t\t<div class=\"elementor-element elementor-element-380a7058 e-flex e-con-boxed e-con e-parent\" data-id=\"380a7058\" data-element_type=\"container\" data-e-type=\"container\" data-settings=\"{&quot;background_background&quot;:&quot;classic&quot;}\">\n\t\t\t\t\t<div class=\"e-con-inner\">\n\t\t<div class=\"elementor-element elementor-element-6dcc9ae6 e-con-full elementor-hidden-mobile e-flex elementor-invisible e-con e-child\" data-id=\"6dcc9ae6\" data-element_type=\"container\" data-e-type=\"container\" data-settings=\"{&quot;animation&quot;:&quot;slideInUp&quot;}\">\n\t\t\t\t<div class=\"elementor-element elementor-element-2a2e90e0 elementor-widget elementor-widget-image\" data-id=\"2a2e90e0\" data-element_type=\"widget\" data-e-type=\"widget\" data-settings=\"{&quot;motion_fx_motion_fx_scrolling&quot;:&quot;yes&quot;,&quot;motion_fx_translateY_effect&quot;:&quot;yes&quot;,&quot;motion_fx_translateY_speed&quot;:{&quot;unit&quot;:&quot;px&quot;,&quot;size&quot;:1.8,&quot;sizes&quot;:[]},&quot;motion_fx_translateY_affectedRange&quot;:{&quot;unit&quot;:&quot;%&quot;,&quot;size&quot;:&quot;&quot;,&quot;sizes&quot;:{&quot;start&quot;:0,&quot;end&quot;:100}},&quot;motion_fx_devices&quot;:[&quot;desktop&quot;,&quot;tablet&quot;,&quot;mobile&quot;]}\" data-widget_type=\"image.default\">\n\t\t\t\t<div class=\"elementor-widget-container\">\n\t\t\t\t\t\t\t\t\t\t\t\t\t\t\t<img fetchpriority=\"high\" decoding=\"async\" width=\"419\" height=\"500\" src=\"https:\/\/svenskamedbaby.se\/wp-content\/uploads\/2024\/02\/Andreas_pappaambassador_01-2-1.jpg\" class=\"attachment-thumbrelated size-thumbrelated wp-image-312\" alt=\"Glad pappa med glad bebis\" srcset=\"https:\/\/svenskamedbaby.se\/wp-content\/uploads\/2024\/02\/Andreas_pappaambassador_01-2-1.jpg 926w, https:\/\/svenskamedbaby.se\/wp-content\/uploads\/2024\/02\/Andreas_pappaambassador_01-2-1-252x300.jpg 252w, https:\/\/svenskamedbaby.se\/wp-content\/uploads\/2024\/02\/Andreas_pappaambassador_01-2-1-859x1024.jpg 859w, https:\/\/svenskamedbaby.se\/wp-content\/uploads\/2024\/02\/Andreas_pappaambassador_01-2-1-768x916.jpg 768w\" sizes=\"(max-width: 419px) 100vw, 419px\" \/>\t\t\t\t\t\t\t\t\t\t\t\t\t\t\t<\/div>\n\t\t\t\t<\/div>\n\t\t\t\t<\/div>\n\t\t<div class=\"elementor-element elementor-element-512c1749 e-con-full animated-slow e-flex elementor-invisible e-con e-child\" data-id=\"512c1749\" data-element_type=\"container\" data-e-type=\"container\" data-settings=\"{&quot;animation&quot;:&quot;fadeIn&quot;,&quot;animation_delay&quot;:100,&quot;animation_mobile&quot;:&quot;none&quot;}\">\n\t\t\t\t<div class=\"elementor-element elementor-element-402dc998 elementor-widget elementor-widget-heading\" data-id=\"402dc998\" data-element_type=\"widget\" data-e-type=\"widget\" data-widget_type=\"heading.default\">\n\t\t\t\t<div class=\"elementor-widget-container\">\n\t\t\t\t\t<h2 class=\"elementor-heading-title elementor-size-default\">Reportage<\/h2>\t\t\t\t<\/div>\n\t\t\t\t<\/div>\n\t\t\t\t<div class=\"elementor-element elementor-element-1845acc1 elementor-view-default elementor-widget elementor-widget-icon\" data-id=\"1845acc1\" data-element_type=\"widget\" data-e-type=\"widget\" data-widget_type=\"icon.default\">\n\t\t\t\t<div class=\"elementor-widget-container\">\n\t\t\t\t\t\t\t<div class=\"elementor-icon-wrapper\">\n\t\t\t<div class=\"elementor-icon\">\n\t\t\t<svg aria-hidden=\"true\" class=\"e-font-icon-svg e-fas-quote-left\" viewBox=\"0 0 512 512\" xmlns=\"http:\/\/www.w3.org\/2000\/svg\"><path d=\"M464 256h-80v-64c0-35.3 28.7-64 64-64h8c13.3 0 24-10.7 24-24V56c0-13.3-10.7-24-24-24h-8c-88.4 0-160 71.6-160 160v240c0 26.5 21.5 48 48 48h128c26.5 0 48-21.5 48-48V304c0-26.5-21.5-48-48-48zm-288 0H96v-64c0-35.3 28.7-64 64-64h8c13.3 0 24-10.7 24-24V56c0-13.3-10.7-24-24-24h-8C71.6 32 0 103.6 0 192v240c0 26.5 21.5 48 48 48h128c26.5 0 48-21.5 48-48V304c0-26.5-21.5-48-48-48z\"><\/path><\/svg>\t\t\t<\/div>\n\t\t<\/div>\n\t\t\t\t\t\t<\/div>\n\t\t\t\t<\/div>\n\t\t\t\t<div class=\"elementor-element elementor-element-5cedf467 elementor-widget elementor-widget-heading\" data-id=\"5cedf467\" data-element_type=\"widget\" data-e-type=\"widget\" data-widget_type=\"heading.default\">\n\t\t\t\t<div class=\"elementor-widget-container\">\n\t\t\t\t\t<h2 class=\"elementor-heading-title elementor-size-default\">M\u00f6t Andreas, v\u00e5r nya pappa-ambassad\u00f6r i V\u00e4llingby<\/h2>\t\t\t\t<\/div>\n\t\t\t\t<\/div>\n\t\t\t\t<div class=\"elementor-element elementor-element-6a318340 elementor-widget-divider--view-line elementor-widget elementor-widget-divider\" data-id=\"6a318340\" data-element_type=\"widget\" data-e-type=\"widget\" data-widget_type=\"divider.default\">\n\t\t\t\t<div class=\"elementor-widget-container\">\n\t\t\t\t\t\t\t<div class=\"elementor-divider\">\n\t\t\t<span class=\"elementor-divider-separator\">\n\t\t\t\t\t\t<\/span>\n\t\t<\/div>\n\t\t\t\t\t\t<\/div>\n\t\t\t\t<\/div>\n\t\t\t\t<div class=\"elementor-element elementor-element-15c4f619 elementor-widget elementor-widget-text-editor\" data-id=\"15c4f619\" data-element_type=\"widget\" data-e-type=\"widget\" data-widget_type=\"text-editor.default\">\n\t\t\t\t<div class=\"elementor-widget-container\">\n\t\t\t\t\t\t\t\t\t<p>\u201dAtt samla pappor och skapa ett gemensamt forum d\u00e4r man kan diskutera och utforska rollen som pappa och allt vad det inneb\u00e4r \u00e4r f\u00f6r mig superviktigt! Men det \u00e4r ocks\u00e5 viktigt med en plats d\u00e4r vi pappor kan umg\u00e5s och ha roligt tillsammans med v\u00e5ra barn\u201d, s\u00e4ger Andreas, Svenska med babys nya pappa-ambassad\u00f6r, samtidigt som han plockar upp sin sju m\u00e5nader gamla son Hannes i famnen.<br \/>\u2028<\/p><p>\u201dN\u00e4r jag var f\u00f6r\u00e4ldraledig med min f\u00f6rsta son, saknade jag ett forum d\u00e4r jag kunde tr\u00e4ffa andra pappor. Jag kan t\u00e4nka mig att det \u00e4r \u00e4nnu sv\u00e5rare att hitta ett s\u00e5dant sammanhang f\u00f6r dem som \u00e4r nya i Sverige, och inte vet var de ska v\u00e4nda sig, eller kanske inte k\u00e4nner till de olika m\u00f6jligheter som erbjuds till f\u00f6r\u00e4ldralediga.\u201d<\/p><p>Andreas saknade ocks\u00e5 samtal med andra pappor. Fr\u00e5n egen erfarenhet vet han att pappornas samtal om f\u00f6r\u00e4ldraskapet ofta skiljer sig fr\u00e5n de som mammor har. Genom att bara samla pappor, skapas en milj\u00f6 d\u00e4r man kan prata \u00f6ppet och dela sina tankar p\u00e5 ett annat s\u00e4tt.<\/p><p>\u201dDet kan vara fr\u00e5gor som till exempel att en del pappor k\u00e4nner sig otillr\u00e4ckliga j\u00e4mf\u00f6rt med sina partners. Det finns en os\u00e4kerhet kring att lyfta fram sina egna sv\u00e5righeter, n\u00e4r ens partner har varit igenom graviditet, f\u00f6rlossning och amning. Det \u00e4r viktigt att skapa ett utrymme d\u00e4r vi kan st\u00f6tta varandra f\u00f6r att v\u00e4xa som f\u00f6r\u00e4ldrar.\u201d\u2028<\/p><p>Andreas pratar om v\u00e4rdet av att engagera pappor i f\u00f6r\u00e4ldraskapet. Forskningen visar att barnets k\u00e4nslom\u00e4ssiga anknytning till b\u00e5da f\u00f6r\u00e4ldrarna \u00e4r avg\u00f6rande f\u00f6r deras utveckling.<\/p><p>\u201dJag ser fram emot att utvecklas med v\u00e5ra barn tillsammans med andra pappor. Att leka, prata och dela erfarenheter med n\u00e5gon som f\u00f6rst\u00e5r, lyssnar och respekterar, ja, det \u00e4r ju viktigt f\u00f6r oss alla!\u201d, s\u00e4ger Andreas. \u201dSom pappa-ambassad\u00f6r vill inspirera och ge st\u00f6d \u00e5t andra pappor, och att uppmuntra dem att ta en aktiv roll i f\u00f6r\u00e4ldraskapet.\u201d<\/p><p>Han betonar vikten av samtalen om f\u00f6r\u00e4ldraskap och \u00e4ven att reflektera \u00f6ver sitt eget agerande som f\u00f6r\u00e4lder.\u00a0<\/p><p>\u201dAtt ha barn \u00e4r b\u00e5de superroligt och utmanande p\u00e5 m\u00e5nga vis. Ibland kan det vara sv\u00e5rt att diskutera s\u00e5dant med sin partner, och i dessa fall vill jag att v\u00e5ra tr\u00e4ffar ska vara en trygg plats d\u00e4r pappor i liknande situationer kan dela sina erfarenheter och tankar utan att beh\u00f6va k\u00e4nna sig os\u00e4kra\u201d.<\/p><p>\u201dAtt knyta starka band med sitt barn redan fr\u00e5n tidig \u00e5lder \u00e4r otroligt viktigt. Det handlar om att vara n\u00e4rvarande, \u00e4ven i de sm\u00e5 stunderna. Ibland ser jag pappor som \u00e4r distraherade av sina mobiler i lekparken. Men, det kanske inte handlar om brist p\u00e5 intresse utan kan lika g\u00e4rna bero p\u00e5 os\u00e4kerhet kring hur de ska umg\u00e5s med sina barn. Genom v\u00e5ra pappatr\u00e4ffar kan papporna tillsammans diskutera och f\u00e5 r\u00e5d om hur de kan engagera sig mer i sina barns liv\u201d, avslutar Andreas, medan Hannes ivrigt pockar p\u00e5 uppm\u00e4rksamhet, och det \u00e4r dags att ta fram flaskan f\u00f6r eftermiddagsvila.<\/p>\t\t\t\t\t\t\t\t<\/div>\n\t\t\t\t<\/div>\n\t\t\t\t<div class=\"elementor-element elementor-element-43f12d9 elementor-align-left elementor-widget elementor-widget-button\" data-id=\"43f12d9\" data-element_type=\"widget\" data-e-type=\"widget\" data-widget_type=\"button.default\">\n\t\t\t\t<div class=\"elementor-widget-container\">\n\t\t\t\t\t\t\t\t\t<div class=\"elementor-button-wrapper\">\n\t\t\t\t\t<a class=\"elementor-button elementor-button-link elementor-size-sm\" href=\"https:\/\/svenskamedbaby.se\/fa_ir\/reportage\/\">\n\t\t\t\t\t\t<span class=\"elementor-button-content-wrapper\">\n\t\t\t\t\t\t\t\t\t<span class=\"elementor-button-text\">L\u00e4s fler reportage<\/span>\n\t\t\t\t\t<\/span>\n\t\t\t\t\t<\/a>\n\t\t\t\t<\/div>\n\t\t\t\t\t\t\t\t<\/div>\n\t\t\t\t<\/div>\n\t\t\t\t<\/div>\n\t\t\t\t\t<\/div>\n\t\t\t\t<\/div>\n\t\t\t\t<\/div>\n\t\t","protected":false},"excerpt":{"rendered":"<p>Reportage M\u00f6t Andreas, v\u00e5r nya pappa-ambassad\u00f6r i V\u00e4llingby \u201dAtt samla pappor och skapa ett gemensamt forum d\u00e4r man kan diskutera och utforska rollen som pappa och allt vad det inneb\u00e4r \u00e4r f\u00f6r mig superviktigt! Men det \u00e4r ocks\u00e5 viktigt med en plats d\u00e4r vi pappor kan umg\u00e5s och ha roligt tillsammans med v\u00e5ra barn\u201d, s\u00e4ger&#8230;<\/p>","protected":false},"author":5,"featured_media":0,"parent":0,"menu_order":0,"comment_status":"closed","ping_status":"closed","template":"","meta":{"_kad_post_transparent":"","_kad_post_title":"hide","_kad_post_layout":"fullwidth","_kad_post_sidebar_id":"","_kad_post_content_style":"unboxed","_kad_post_vertical_padding":"hide","_kad_post_feature":"hide","_kad_post_feature_position":"","_kad_post_header":false,"_kad_post_footer":false,"footnotes":""},"class_list":["post-1042","page","type-page","status-publish","hentry"],"yoast_head":"<!-- This site is optimized with the Yoast SEO plugin v27.4 - https:\/\/yoast.com\/product\/yoast-seo-wordpress\/ -->\n<title>Reportage- Andreas PA - Svenska med baby<\/title>\n<meta name=\"robots\" content=\"index, follow, max-snippet:-1, max-image-preview:large, max-video-preview:-1\" \/>\n<link rel=\"canonical\" href=\"https:\/\/svenskamedbaby.se\/fa_ir\/reportage-andreas-pa\/\" \/>\n<meta property=\"og:locale\" content=\"fa_IR\" \/>\n<meta property=\"og:type\" content=\"article\" \/>\n<meta property=\"og:title\" content=\"Reportage- Andreas PA - Svenska med baby\" \/>\n<meta property=\"og:description\" content=\"Reportage M\u00f6t Andreas, v\u00e5r nya pappa-ambassad\u00f6r i V\u00e4llingby \u201dAtt samla pappor och skapa ett gemensamt forum d\u00e4r man kan diskutera och utforska rollen som pappa och allt vad det inneb\u00e4r \u00e4r f\u00f6r mig superviktigt! Men det \u00e4r ocks\u00e5 viktigt med en plats d\u00e4r vi pappor kan umg\u00e5s och ha roligt tillsammans med v\u00e5ra barn\u201d, s\u00e4ger...\" \/>\n<meta property=\"og:url\" content=\"https:\/\/svenskamedbaby.se\/fa_ir\/reportage-andreas-pa\/\" \/>\n<meta property=\"og:site_name\" content=\"Svenska med baby\" \/>\n<meta property=\"article:publisher\" content=\"https:\/\/www.facebook.com\/svenskamedbaby\" \/>\n<meta property=\"article:modified_time\" content=\"2024-08-26T00:27:33+00:00\" \/>\n<meta property=\"og:image\" content=\"https:\/\/svenskamedbaby.se\/wp-content\/uploads\/2024\/02\/Andreas_pappaambassador_01-2-1.jpg\" \/>\n<meta name=\"twitter:card\" content=\"summary_large_image\" \/>\n<meta name=\"twitter:label1\" content=\"\u0632\u0645\u0627\u0646 \u062a\u0642\u0631\u06cc\u0628\u06cc \u0628\u0631\u0627\u06cc \u062e\u0648\u0627\u0646\u062f\u0646\" \/>\n\t<meta name=\"twitter:data1\" content=\"3 \u062f\u0642\u06cc\u0642\u0647\" \/>\n<script type=\"application\/ld+json\" class=\"yoast-schema-graph\">{\"@context\":\"https:\\\/\\\/schema.org\",\"@graph\":[{\"@type\":\"WebPage\",\"@id\":\"https:\\\/\\\/svenskamedbaby.se\\\/reportage-andreas-pa\\\/\",\"url\":\"https:\\\/\\\/svenskamedbaby.se\\\/reportage-andreas-pa\\\/\",\"name\":\"Reportage- Andreas PA - Svenska med baby\",\"isPartOf\":{\"@id\":\"https:\\\/\\\/svenskamedbaby.se\\\/#website\"},\"primaryImageOfPage\":{\"@id\":\"https:\\\/\\\/svenskamedbaby.se\\\/reportage-andreas-pa\\\/#primaryimage\"},\"image\":{\"@id\":\"https:\\\/\\\/svenskamedbaby.se\\\/reportage-andreas-pa\\\/#primaryimage\"},\"thumbnailUrl\":\"https:\\\/\\\/svenskamedbaby.se\\\/wp-content\\\/uploads\\\/2024\\\/02\\\/Andreas_pappaambassador_01-2-1.jpg\",\"datePublished\":\"2024-05-24T14:17:50+00:00\",\"dateModified\":\"2024-08-26T00:27:33+00:00\",\"breadcrumb\":{\"@id\":\"https:\\\/\\\/svenskamedbaby.se\\\/reportage-andreas-pa\\\/#breadcrumb\"},\"inLanguage\":\"fa-IR\",\"potentialAction\":[{\"@type\":\"ReadAction\",\"target\":[\"https:\\\/\\\/svenskamedbaby.se\\\/reportage-andreas-pa\\\/\"]}]},{\"@type\":\"ImageObject\",\"inLanguage\":\"fa-IR\",\"@id\":\"https:\\\/\\\/svenskamedbaby.se\\\/reportage-andreas-pa\\\/#primaryimage\",\"url\":\"https:\\\/\\\/svenskamedbaby.se\\\/wp-content\\\/uploads\\\/2024\\\/02\\\/Andreas_pappaambassador_01-2-1.jpg\",\"contentUrl\":\"https:\\\/\\\/svenskamedbaby.se\\\/wp-content\\\/uploads\\\/2024\\\/02\\\/Andreas_pappaambassador_01-2-1.jpg\"},{\"@type\":\"BreadcrumbList\",\"@id\":\"https:\\\/\\\/svenskamedbaby.se\\\/reportage-andreas-pa\\\/#breadcrumb\",\"itemListElement\":[{\"@type\":\"ListItem\",\"position\":1,\"name\":\"Home\",\"item\":\"https:\\\/\\\/svenskamedbaby.se\\\/\"},{\"@type\":\"ListItem\",\"position\":2,\"name\":\"Reportage- Andreas PA\"}]},{\"@type\":\"WebSite\",\"@id\":\"https:\\\/\\\/svenskamedbaby.se\\\/#website\",\"url\":\"https:\\\/\\\/svenskamedbaby.se\\\/\",\"name\":\"Svenska med baby\",\"description\":\"Tr\u00e4ffar f\u00f6r sm\u00e5barn och vuxna med olika bakrund\",\"publisher\":{\"@id\":\"https:\\\/\\\/svenskamedbaby.se\\\/#organization\"},\"potentialAction\":[{\"@type\":\"SearchAction\",\"target\":{\"@type\":\"EntryPoint\",\"urlTemplate\":\"https:\\\/\\\/svenskamedbaby.se\\\/?s={search_term_string}\"},\"query-input\":{\"@type\":\"PropertyValueSpecification\",\"valueRequired\":true,\"valueName\":\"search_term_string\"}}],\"inLanguage\":\"fa-IR\"},{\"@type\":\"Organization\",\"@id\":\"https:\\\/\\\/svenskamedbaby.se\\\/#organization\",\"name\":\"Svenska med baby\",\"url\":\"https:\\\/\\\/svenskamedbaby.se\\\/\",\"logo\":{\"@type\":\"ImageObject\",\"inLanguage\":\"fa-IR\",\"@id\":\"https:\\\/\\\/svenskamedbaby.se\\\/#\\\/schema\\\/logo\\\/image\\\/\",\"url\":\"https:\\\/\\\/svenskamedbaby.se\\\/wp-content\\\/uploads\\\/2024\\\/01\\\/cropped-logo-liggande_orange.png\",\"contentUrl\":\"https:\\\/\\\/svenskamedbaby.se\\\/wp-content\\\/uploads\\\/2024\\\/01\\\/cropped-logo-liggande_orange.png\",\"width\":3101,\"height\":1056,\"caption\":\"Svenska med baby\"},\"image\":{\"@id\":\"https:\\\/\\\/svenskamedbaby.se\\\/#\\\/schema\\\/logo\\\/image\\\/\"},\"sameAs\":[\"https:\\\/\\\/www.facebook.com\\\/svenskamedbaby\",\"https:\\\/\\\/www.instagram.com\\\/svenskamedbaby\\\/\",\"https:\\\/\\\/www.youtube.com\\\/@svenskamedbaby2469\"]}]}<\/script>\n<!-- \/ Yoast SEO plugin. -->","yoast_head_json":{"title":"Reportage- Andreas PA - Svenska med baby","robots":{"index":"index","follow":"follow","max-snippet":"max-snippet:-1","max-image-preview":"max-image-preview:large","max-video-preview":"max-video-preview:-1"},"canonical":"https:\/\/svenskamedbaby.se\/fa_ir\/reportage-andreas-pa\/","og_locale":"fa_IR","og_type":"article","og_title":"Reportage- Andreas PA - Svenska med baby","og_description":"Reportage M\u00f6t Andreas, v\u00e5r nya pappa-ambassad\u00f6r i V\u00e4llingby \u201dAtt samla pappor och skapa ett gemensamt forum d\u00e4r man kan diskutera och utforska rollen som pappa och allt vad det inneb\u00e4r \u00e4r f\u00f6r mig superviktigt! Men det \u00e4r ocks\u00e5 viktigt med en plats d\u00e4r vi pappor kan umg\u00e5s och ha roligt tillsammans med v\u00e5ra barn\u201d, s\u00e4ger...","og_url":"https:\/\/svenskamedbaby.se\/fa_ir\/reportage-andreas-pa\/","og_site_name":"Svenska med baby","article_publisher":"https:\/\/www.facebook.com\/svenskamedbaby","article_modified_time":"2024-08-26T00:27:33+00:00","og_image":[{"url":"https:\/\/svenskamedbaby.se\/wp-content\/uploads\/2024\/02\/Andreas_pappaambassador_01-2-1.jpg","type":"","width":"","height":""}],"twitter_card":"summary_large_image","twitter_misc":{"\u0632\u0645\u0627\u0646 \u062a\u0642\u0631\u06cc\u0628\u06cc \u0628\u0631\u0627\u06cc \u062e\u0648\u0627\u0646\u062f\u0646":"3 \u062f\u0642\u06cc\u0642\u0647"},"schema":{"@context":"https:\/\/schema.org","@graph":[{"@type":"WebPage","@id":"https:\/\/svenskamedbaby.se\/reportage-andreas-pa\/","url":"https:\/\/svenskamedbaby.se\/reportage-andreas-pa\/","name":"Reportage- Andreas PA - Svenska med baby","isPartOf":{"@id":"https:\/\/svenskamedbaby.se\/#website"},"primaryImageOfPage":{"@id":"https:\/\/svenskamedbaby.se\/reportage-andreas-pa\/#primaryimage"},"image":{"@id":"https:\/\/svenskamedbaby.se\/reportage-andreas-pa\/#primaryimage"},"thumbnailUrl":"https:\/\/svenskamedbaby.se\/wp-content\/uploads\/2024\/02\/Andreas_pappaambassador_01-2-1.jpg","datePublished":"2024-05-24T14:17:50+00:00","dateModified":"2024-08-26T00:27:33+00:00","breadcrumb":{"@id":"https:\/\/svenskamedbaby.se\/reportage-andreas-pa\/#breadcrumb"},"inLanguage":"fa-IR","potentialAction":[{"@type":"ReadAction","target":["https:\/\/svenskamedbaby.se\/reportage-andreas-pa\/"]}]},{"@type":"ImageObject","inLanguage":"fa-IR","@id":"https:\/\/svenskamedbaby.se\/reportage-andreas-pa\/#primaryimage","url":"https:\/\/svenskamedbaby.se\/wp-content\/uploads\/2024\/02\/Andreas_pappaambassador_01-2-1.jpg","contentUrl":"https:\/\/svenskamedbaby.se\/wp-content\/uploads\/2024\/02\/Andreas_pappaambassador_01-2-1.jpg"},{"@type":"BreadcrumbList","@id":"https:\/\/svenskamedbaby.se\/reportage-andreas-pa\/#breadcrumb","itemListElement":[{"@type":"ListItem","position":1,"name":"Home","item":"https:\/\/svenskamedbaby.se\/"},{"@type":"ListItem","position":2,"name":"Reportage- Andreas PA"}]},{"@type":"WebSite","@id":"https:\/\/svenskamedbaby.se\/#website","url":"https:\/\/svenskamedbaby.se\/","name":"Svenska med baby","description":"\u062c\u0644\u0633\u0627\u062a \u0628\u0631\u0627\u06cc \u06a9\u0648\u062f\u06a9\u0627\u0646 \u0646\u0648\u067e\u0627 \u0648 \u0628\u0632\u0631\u06af\u0633\u0627\u0644\u0627\u0646 \u0628\u0627 \u067e\u06cc\u0634\u06cc\u0646\u0647 \u0647\u0627\u06cc \u0645\u062e\u062a\u0644\u0641","publisher":{"@id":"https:\/\/svenskamedbaby.se\/#organization"},"potentialAction":[{"@type":"SearchAction","target":{"@type":"EntryPoint","urlTemplate":"https:\/\/svenskamedbaby.se\/?s={search_term_string}"},"query-input":{"@type":"PropertyValueSpecification","valueRequired":true,"valueName":"search_term_string"}}],"inLanguage":"fa-IR"},{"@type":"Organization","@id":"https:\/\/svenskamedbaby.se\/#organization","name":"Svenska med baby","url":"https:\/\/svenskamedbaby.se\/","logo":{"@type":"ImageObject","inLanguage":"fa-IR","@id":"https:\/\/svenskamedbaby.se\/#\/schema\/logo\/image\/","url":"https:\/\/svenskamedbaby.se\/wp-content\/uploads\/2024\/01\/cropped-logo-liggande_orange.png","contentUrl":"https:\/\/svenskamedbaby.se\/wp-content\/uploads\/2024\/01\/cropped-logo-liggande_orange.png","width":3101,"height":1056,"caption":"Svenska med baby"},"image":{"@id":"https:\/\/svenskamedbaby.se\/#\/schema\/logo\/image\/"},"sameAs":["https:\/\/www.facebook.com\/svenskamedbaby","https:\/\/www.instagram.com\/svenskamedbaby\/","https:\/\/www.youtube.com\/@svenskamedbaby2469"]}]}},"_links":{"self":[{"href":"https:\/\/svenskamedbaby.se\/fa_ir\/wp-json\/wp\/v2\/pages\/1042","targetHints":{"allow":["GET"]}}],"collection":[{"href":"https:\/\/svenskamedbaby.se\/fa_ir\/wp-json\/wp\/v2\/pages"}],"about":[{"href":"https:\/\/svenskamedbaby.se\/fa_ir\/wp-json\/wp\/v2\/types\/page"}],"author":[{"embeddable":true,"href":"https:\/\/svenskamedbaby.se\/fa_ir\/wp-json\/wp\/v2\/users\/5"}],"replies":[{"embeddable":true,"href":"https:\/\/svenskamedbaby.se\/fa_ir\/wp-json\/wp\/v2\/comments?post=1042"}],"version-history":[{"count":0,"href":"https:\/\/svenskamedbaby.se\/fa_ir\/wp-json\/wp\/v2\/pages\/1042\/revisions"}],"wp:attachment":[{"href":"https:\/\/svenskamedbaby.se\/fa_ir\/wp-json\/wp\/v2\/media?parent=1042"}],"curies":[{"name":"wp","href":"https:\/\/api.w.org\/{rel}","templated":true}]}}