{"id":1046,"date":"2024-05-27T11:45:16","date_gmt":"2024-05-27T11:45:16","guid":{"rendered":"https:\/\/svenskamedbaby.se\/?page_id=1046"},"modified":"2024-08-26T00:16:22","modified_gmt":"2024-08-26T00:16:22","slug":"en-ukrainsk-barnfamilj","status":"publish","type":"page","link":"https:\/\/svenskamedbaby.se\/fa_ir\/en-ukrainsk-barnfamilj\/","title":{"rendered":"En ukrainsk barnfamilj"},"content":{"rendered":"\t\t<div data-elementor-type=\"wp-page\" data-elementor-id=\"1046\" class=\"elementor elementor-1046\" data-elementor-post-type=\"page\">\n\t\t\t\t<div class=\"elementor-element elementor-element-5784fbb2 e-flex e-con-boxed e-con e-parent\" data-id=\"5784fbb2\" data-element_type=\"container\" data-e-type=\"container\" data-settings=\"{&quot;background_background&quot;:&quot;classic&quot;}\">\n\t\t\t\t\t<div class=\"e-con-inner\">\n\t\t<div class=\"elementor-element elementor-element-615f74b1 e-con-full elementor-hidden-mobile e-flex elementor-invisible e-con e-child\" data-id=\"615f74b1\" data-element_type=\"container\" data-e-type=\"container\" data-settings=\"{&quot;animation&quot;:&quot;slideInUp&quot;}\">\n\t\t\t\t<div class=\"elementor-element elementor-element-61271d37 elementor-widget elementor-widget-image\" data-id=\"61271d37\" data-element_type=\"widget\" data-e-type=\"widget\" data-settings=\"{&quot;motion_fx_motion_fx_scrolling&quot;:&quot;yes&quot;,&quot;motion_fx_translateY_effect&quot;:&quot;yes&quot;,&quot;motion_fx_translateY_speed&quot;:{&quot;unit&quot;:&quot;px&quot;,&quot;size&quot;:1.8,&quot;sizes&quot;:[]},&quot;motion_fx_translateY_affectedRange&quot;:{&quot;unit&quot;:&quot;%&quot;,&quot;size&quot;:&quot;&quot;,&quot;sizes&quot;:{&quot;start&quot;:0,&quot;end&quot;:100}},&quot;motion_fx_devices&quot;:[&quot;desktop&quot;,&quot;tablet&quot;,&quot;mobile&quot;]}\" data-widget_type=\"image.default\">\n\t\t\t\t<div class=\"elementor-widget-container\">\n\t\t\t\t\t\t\t\t\t\t\t\t\t\t\t<img fetchpriority=\"high\" decoding=\"async\" width=\"500\" height=\"500\" src=\"https:\/\/svenskamedbaby.se\/wp-content\/uploads\/2024\/05\/Hrebeniuk-Tetiana-2500x1843-1-500x500.jpg\" class=\"attachment-thumbrelated size-thumbrelated wp-image-1045\" alt=\"\" srcset=\"https:\/\/svenskamedbaby.se\/wp-content\/uploads\/2024\/05\/Hrebeniuk-Tetiana-2500x1843-1-500x500.jpg 500w, https:\/\/svenskamedbaby.se\/wp-content\/uploads\/2024\/05\/Hrebeniuk-Tetiana-2500x1843-1-150x150.jpg 150w, https:\/\/svenskamedbaby.se\/wp-content\/uploads\/2024\/05\/Hrebeniuk-Tetiana-2500x1843-1-300x300.jpg 300w\" sizes=\"(max-width: 500px) 100vw, 500px\" \/>\t\t\t\t\t\t\t\t\t\t\t\t\t\t\t<\/div>\n\t\t\t\t<\/div>\n\t\t\t\t<\/div>\n\t\t<div class=\"elementor-element elementor-element-4d0d0b2b e-con-full animated-slow e-flex elementor-invisible e-con e-child\" data-id=\"4d0d0b2b\" data-element_type=\"container\" data-e-type=\"container\" data-settings=\"{&quot;animation&quot;:&quot;fadeIn&quot;,&quot;animation_delay&quot;:100,&quot;animation_mobile&quot;:&quot;none&quot;}\">\n\t\t\t\t<div class=\"elementor-element elementor-element-a508da6 elementor-widget elementor-widget-heading\" data-id=\"a508da6\" data-element_type=\"widget\" data-e-type=\"widget\" data-widget_type=\"heading.default\">\n\t\t\t\t<div class=\"elementor-widget-container\">\n\t\t\t\t\t<h2 class=\"elementor-heading-title elementor-size-default\">Reportage<\/h2>\t\t\t\t<\/div>\n\t\t\t\t<\/div>\n\t\t\t\t<div class=\"elementor-element elementor-element-167e6519 elementor-view-default elementor-widget elementor-widget-icon\" data-id=\"167e6519\" data-element_type=\"widget\" data-e-type=\"widget\" data-widget_type=\"icon.default\">\n\t\t\t\t<div class=\"elementor-widget-container\">\n\t\t\t\t\t\t\t<div class=\"elementor-icon-wrapper\">\n\t\t\t<div class=\"elementor-icon\">\n\t\t\t<svg aria-hidden=\"true\" class=\"e-font-icon-svg e-fas-quote-left\" viewBox=\"0 0 512 512\" xmlns=\"http:\/\/www.w3.org\/2000\/svg\"><path d=\"M464 256h-80v-64c0-35.3 28.7-64 64-64h8c13.3 0 24-10.7 24-24V56c0-13.3-10.7-24-24-24h-8c-88.4 0-160 71.6-160 160v240c0 26.5 21.5 48 48 48h128c26.5 0 48-21.5 48-48V304c0-26.5-21.5-48-48-48zm-288 0H96v-64c0-35.3 28.7-64 64-64h8c13.3 0 24-10.7 24-24V56c0-13.3-10.7-24-24-24h-8C71.6 32 0 103.6 0 192v240c0 26.5 21.5 48 48 48h128c26.5 0 48-21.5 48-48V304c0-26.5-21.5-48-48-48z\"><\/path><\/svg>\t\t\t<\/div>\n\t\t<\/div>\n\t\t\t\t\t\t<\/div>\n\t\t\t\t<\/div>\n\t\t\t\t<div class=\"elementor-element elementor-element-5aa95c65 elementor-widget elementor-widget-heading\" data-id=\"5aa95c65\" data-element_type=\"widget\" data-e-type=\"widget\" data-widget_type=\"heading.default\">\n\t\t\t\t<div class=\"elementor-widget-container\">\n\t\t\t\t\t<h2 class=\"elementor-heading-title elementor-size-default\">En ukrainsk barnfamiljs anpassning till Sverige<\/h2>\t\t\t\t<\/div>\n\t\t\t\t<\/div>\n\t\t\t\t<div class=\"elementor-element elementor-element-366d93f elementor-widget-divider--view-line elementor-widget elementor-widget-divider\" data-id=\"366d93f\" data-element_type=\"widget\" data-e-type=\"widget\" data-widget_type=\"divider.default\">\n\t\t\t\t<div class=\"elementor-widget-container\">\n\t\t\t\t\t\t\t<div class=\"elementor-divider\">\n\t\t\t<span class=\"elementor-divider-separator\">\n\t\t\t\t\t\t<\/span>\n\t\t<\/div>\n\t\t\t\t\t\t<\/div>\n\t\t\t\t<\/div>\n\t\t\t\t<div class=\"elementor-element elementor-element-25c5bf4a elementor-widget elementor-widget-text-editor\" data-id=\"25c5bf4a\" data-element_type=\"widget\" data-e-type=\"widget\" data-widget_type=\"text-editor.default\">\n\t\t\t\t<div class=\"elementor-widget-container\">\n\t\t\t\t\t\t\t\t\t<p>Jag k\u00e4nner mig hemma h\u00e4r i Sverige och \u00e4lskar svenskarnas fria f\u00f6rh\u00e5llningss\u00e4tt till naturen och kulturen. Att ta l\u00e5nga promenader i skogen, cykla och bes\u00f6ka simhallen \u00e4r n\u00e5gra av mina favoritsyssels\u00e4ttningar,\u201d Tetiana Hrebeniuk, \u00e4r mamma till tv\u00e5 s\u00f6ner, Nikita, 12 \u00e5r, och Svyatoslav, 5 \u00e5r, ber\u00e4ttar om sin familjs anpassning till livet i Sverige efter deras flykt fr\u00e5n kriget i Ukraina f\u00f6r \u00f6ver tv\u00e5 \u00e5r sedan.<br \/>\u201dVi har gjort v\u00e5rt b\u00e4sta f\u00f6r att hitta v\u00e5r plats h\u00e4r i Sverige. Men barnen har tagit flytten hit p\u00e5 lite olika s\u00e4tt.\u201d Hon beskriver hur Nikita snabbt har integrerat sig i det svenska samh\u00e4llet och flyttat fr\u00e5n en anpassningsklass till att nu studera tillsammans med svenska barn i samma klass.\u201d Det \u00e4r fantastiskt att se hur sj\u00e4lvs\u00e4ker och bekv\u00e4m han har blivit. Han \u00e4lskar kulturen och naturen h\u00e4r, och han gillar hur l\u00e4rarna p\u00e5 skolan respekterar barnens r\u00e4ttigheter. Ja, p\u00e5 det stora hela trivs han v\u00e4ldigt bra i sitt nya land\u201d.<\/p><p>\u201dTill en b\u00f6rjan hade Svyatoslav det lite sv\u00e5rare med allt det nya och det nya spr\u00e5ket\u201d, forts\u00e4tter Tetiana. \u201dMen under de senaste tre m\u00e5naderna har han faktiskt b\u00f6rjat uppskatta spr\u00e5kinl\u00e4rningen och l\u00e4r sig mer och mer\u201d, s\u00e4ger Tetiana stolt. F\u00f6r hennes egen del \u00e4r de svenska spr\u00e5kkurserna i kyrkan en viktig del av anpassningen till det svenska samh\u00e4llet.\u201d<\/p><p>\u201dVi har f\u00e5tt nya v\u00e4nner bland andra ukrainare h\u00e4r i Sverige, och v\u00e5ra grannar har varit fantastiska,\u201d forts\u00e4tter hon. \u00c4ven om deras deltagande i en aktivitet fr\u00e5n Svenska med baby \u2013 en gemensam utflykt till simhallen \u2013 var deras enda hittills, s\u00e5 uppskattade b\u00e5de hon och barnen det mycket och ser fram emot fler s\u00e5dana tillf\u00e4llen. Familjen har aktivt deltagit i olika organisationers aktiviteter, s\u00e5som f\u00f6retagskurser, f\u00f6r\u00e4ldraskapsprogram och olika kreativa aktiviteter. \u201dNikita gick till och med med i en schackklubb och hade s\u00e5 roligt p\u00e5 sommarl\u00e4gret som klubben anordnade.\u201d<\/p><p>\u201dVi har engagerat oss i m\u00e5nga olika aktiviteter f\u00f6r att h\u00e5lla kontakten med andra ukrainska flyktingar och att hitta ett socialt sammanhang, vilket \u00e4r v\u00e4ldigt viktigt f\u00f6r oss,\u201d till\u00e4gger hon. \u201d Jag s\u00f6ker inget jobb just nu, f\u00f6r nu \u00e4r jag fokuserad p\u00e5 frilansjobb som fotograf och kanske \u00f6ppnar jag ett eget f\u00f6retag i Stockholm\u201d, avslutar Tatiana med ett stort leende.<\/p>\t\t\t\t\t\t\t\t<\/div>\n\t\t\t\t<\/div>\n\t\t\t\t<div class=\"elementor-element elementor-element-629bad98 elementor-align-left elementor-widget elementor-widget-button\" data-id=\"629bad98\" data-element_type=\"widget\" data-e-type=\"widget\" data-widget_type=\"button.default\">\n\t\t\t\t<div class=\"elementor-widget-container\">\n\t\t\t\t\t\t\t\t\t<div class=\"elementor-button-wrapper\">\n\t\t\t\t\t<a class=\"elementor-button elementor-button-link elementor-size-sm\" href=\"https:\/\/svenskamedbaby.se\/fa_ir\/reportage\/\">\n\t\t\t\t\t\t<span class=\"elementor-button-content-wrapper\">\n\t\t\t\t\t\t\t\t\t<span class=\"elementor-button-text\">L\u00e4s fler reportage <\/span>\n\t\t\t\t\t<\/span>\n\t\t\t\t\t<\/a>\n\t\t\t\t<\/div>\n\t\t\t\t\t\t\t\t<\/div>\n\t\t\t\t<\/div>\n\t\t\t\t<\/div>\n\t\t\t\t\t<\/div>\n\t\t\t\t<\/div>\n\t\t\t\t<\/div>\n\t\t","protected":false},"excerpt":{"rendered":"<p>Reportage En ukrainsk barnfamiljs anpassning till Sverige Jag k\u00e4nner mig hemma h\u00e4r i Sverige och \u00e4lskar svenskarnas fria f\u00f6rh\u00e5llningss\u00e4tt till naturen och kulturen. Att ta l\u00e5nga promenader i skogen, cykla och bes\u00f6ka simhallen \u00e4r n\u00e5gra av mina favoritsyssels\u00e4ttningar,\u201d Tetiana Hrebeniuk, \u00e4r mamma till tv\u00e5 s\u00f6ner, Nikita, 12 \u00e5r, och Svyatoslav, 5 \u00e5r, ber\u00e4ttar om sin&#8230;<\/p>","protected":false},"author":5,"featured_media":0,"parent":0,"menu_order":0,"comment_status":"closed","ping_status":"closed","template":"","meta":{"_kad_post_transparent":"","_kad_post_title":"hide","_kad_post_layout":"fullwidth","_kad_post_sidebar_id":"","_kad_post_content_style":"unboxed","_kad_post_vertical_padding":"hide","_kad_post_feature":"hide","_kad_post_feature_position":"","_kad_post_header":false,"_kad_post_footer":false,"footnotes":""},"class_list":["post-1046","page","type-page","status-publish","hentry"],"yoast_head":"<!-- This site is optimized with the Yoast SEO plugin v27.3 - https:\/\/yoast.com\/product\/yoast-seo-wordpress\/ -->\n<title>En ukrainsk barnfamilj - Svenska med baby<\/title>\n<meta name=\"robots\" content=\"index, follow, max-snippet:-1, max-image-preview:large, max-video-preview:-1\" \/>\n<link rel=\"canonical\" href=\"https:\/\/svenskamedbaby.se\/fa_ir\/en-ukrainsk-barnfamilj\/\" \/>\n<meta property=\"og:locale\" content=\"fa_IR\" \/>\n<meta property=\"og:type\" content=\"article\" \/>\n<meta property=\"og:title\" content=\"En ukrainsk barnfamilj - Svenska med baby\" \/>\n<meta property=\"og:description\" content=\"Reportage En ukrainsk barnfamiljs anpassning till Sverige Jag k\u00e4nner mig hemma h\u00e4r i Sverige och \u00e4lskar svenskarnas fria f\u00f6rh\u00e5llningss\u00e4tt till naturen och kulturen. Att ta l\u00e5nga promenader i skogen, cykla och bes\u00f6ka simhallen \u00e4r n\u00e5gra av mina favoritsyssels\u00e4ttningar,\u201d Tetiana Hrebeniuk, \u00e4r mamma till tv\u00e5 s\u00f6ner, Nikita, 12 \u00e5r, och Svyatoslav, 5 \u00e5r, ber\u00e4ttar om sin...\" \/>\n<meta property=\"og:url\" content=\"https:\/\/svenskamedbaby.se\/fa_ir\/en-ukrainsk-barnfamilj\/\" \/>\n<meta property=\"og:site_name\" content=\"Svenska med baby\" \/>\n<meta property=\"article:publisher\" content=\"https:\/\/www.facebook.com\/svenskamedbaby\" \/>\n<meta property=\"article:modified_time\" content=\"2024-08-26T00:16:22+00:00\" \/>\n<meta property=\"og:image\" content=\"https:\/\/svenskamedbaby.se\/wp-content\/uploads\/2024\/05\/Hrebeniuk-Tetiana-2500x1843-1-500x500.jpg\" \/>\n<meta name=\"twitter:card\" content=\"summary_large_image\" \/>\n<meta name=\"twitter:label1\" content=\"\u0632\u0645\u0627\u0646 \u062a\u0642\u0631\u06cc\u0628\u06cc \u0628\u0631\u0627\u06cc \u062e\u0648\u0627\u0646\u062f\u0646\" \/>\n\t<meta name=\"twitter:data1\" content=\"3 \u062f\u0642\u06cc\u0642\u0647\" \/>\n<script type=\"application\/ld+json\" class=\"yoast-schema-graph\">{\"@context\":\"https:\\\/\\\/schema.org\",\"@graph\":[{\"@type\":\"WebPage\",\"@id\":\"https:\\\/\\\/svenskamedbaby.se\\\/en-ukrainsk-barnfamilj\\\/\",\"url\":\"https:\\\/\\\/svenskamedbaby.se\\\/en-ukrainsk-barnfamilj\\\/\",\"name\":\"En ukrainsk barnfamilj - Svenska med baby\",\"isPartOf\":{\"@id\":\"https:\\\/\\\/svenskamedbaby.se\\\/#website\"},\"primaryImageOfPage\":{\"@id\":\"https:\\\/\\\/svenskamedbaby.se\\\/en-ukrainsk-barnfamilj\\\/#primaryimage\"},\"image\":{\"@id\":\"https:\\\/\\\/svenskamedbaby.se\\\/en-ukrainsk-barnfamilj\\\/#primaryimage\"},\"thumbnailUrl\":\"https:\\\/\\\/svenskamedbaby.se\\\/wp-content\\\/uploads\\\/2024\\\/05\\\/Hrebeniuk-Tetiana-2500x1843-1-500x500.jpg\",\"datePublished\":\"2024-05-27T11:45:16+00:00\",\"dateModified\":\"2024-08-26T00:16:22+00:00\",\"breadcrumb\":{\"@id\":\"https:\\\/\\\/svenskamedbaby.se\\\/en-ukrainsk-barnfamilj\\\/#breadcrumb\"},\"inLanguage\":\"fa-IR\",\"potentialAction\":[{\"@type\":\"ReadAction\",\"target\":[\"https:\\\/\\\/svenskamedbaby.se\\\/en-ukrainsk-barnfamilj\\\/\"]}]},{\"@type\":\"ImageObject\",\"inLanguage\":\"fa-IR\",\"@id\":\"https:\\\/\\\/svenskamedbaby.se\\\/en-ukrainsk-barnfamilj\\\/#primaryimage\",\"url\":\"https:\\\/\\\/svenskamedbaby.se\\\/wp-content\\\/uploads\\\/2024\\\/05\\\/Hrebeniuk-Tetiana-2500x1843-1-500x500.jpg\",\"contentUrl\":\"https:\\\/\\\/svenskamedbaby.se\\\/wp-content\\\/uploads\\\/2024\\\/05\\\/Hrebeniuk-Tetiana-2500x1843-1-500x500.jpg\"},{\"@type\":\"BreadcrumbList\",\"@id\":\"https:\\\/\\\/svenskamedbaby.se\\\/en-ukrainsk-barnfamilj\\\/#breadcrumb\",\"itemListElement\":[{\"@type\":\"ListItem\",\"position\":1,\"name\":\"Home\",\"item\":\"https:\\\/\\\/svenskamedbaby.se\\\/\"},{\"@type\":\"ListItem\",\"position\":2,\"name\":\"En ukrainsk barnfamilj\"}]},{\"@type\":\"WebSite\",\"@id\":\"https:\\\/\\\/svenskamedbaby.se\\\/#website\",\"url\":\"https:\\\/\\\/svenskamedbaby.se\\\/\",\"name\":\"Svenska med baby\",\"description\":\"Tr\u00e4ffar f\u00f6r sm\u00e5barn och vuxna med olika bakrund\",\"publisher\":{\"@id\":\"https:\\\/\\\/svenskamedbaby.se\\\/#organization\"},\"potentialAction\":[{\"@type\":\"SearchAction\",\"target\":{\"@type\":\"EntryPoint\",\"urlTemplate\":\"https:\\\/\\\/svenskamedbaby.se\\\/?s={search_term_string}\"},\"query-input\":{\"@type\":\"PropertyValueSpecification\",\"valueRequired\":true,\"valueName\":\"search_term_string\"}}],\"inLanguage\":\"fa-IR\"},{\"@type\":\"Organization\",\"@id\":\"https:\\\/\\\/svenskamedbaby.se\\\/#organization\",\"name\":\"Svenska med baby\",\"url\":\"https:\\\/\\\/svenskamedbaby.se\\\/\",\"logo\":{\"@type\":\"ImageObject\",\"inLanguage\":\"fa-IR\",\"@id\":\"https:\\\/\\\/svenskamedbaby.se\\\/#\\\/schema\\\/logo\\\/image\\\/\",\"url\":\"https:\\\/\\\/svenskamedbaby.se\\\/wp-content\\\/uploads\\\/2024\\\/01\\\/cropped-logo-liggande_orange.png\",\"contentUrl\":\"https:\\\/\\\/svenskamedbaby.se\\\/wp-content\\\/uploads\\\/2024\\\/01\\\/cropped-logo-liggande_orange.png\",\"width\":3101,\"height\":1056,\"caption\":\"Svenska med baby\"},\"image\":{\"@id\":\"https:\\\/\\\/svenskamedbaby.se\\\/#\\\/schema\\\/logo\\\/image\\\/\"},\"sameAs\":[\"https:\\\/\\\/www.facebook.com\\\/svenskamedbaby\",\"https:\\\/\\\/www.instagram.com\\\/svenskamedbaby\\\/\",\"https:\\\/\\\/www.youtube.com\\\/@svenskamedbaby2469\"]}]}<\/script>\n<!-- \/ Yoast SEO plugin. -->","yoast_head_json":{"title":"En ukrainsk barnfamilj - Svenska med baby","robots":{"index":"index","follow":"follow","max-snippet":"max-snippet:-1","max-image-preview":"max-image-preview:large","max-video-preview":"max-video-preview:-1"},"canonical":"https:\/\/svenskamedbaby.se\/fa_ir\/en-ukrainsk-barnfamilj\/","og_locale":"fa_IR","og_type":"article","og_title":"En ukrainsk barnfamilj - Svenska med baby","og_description":"Reportage En ukrainsk barnfamiljs anpassning till Sverige Jag k\u00e4nner mig hemma h\u00e4r i Sverige och \u00e4lskar svenskarnas fria f\u00f6rh\u00e5llningss\u00e4tt till naturen och kulturen. Att ta l\u00e5nga promenader i skogen, cykla och bes\u00f6ka simhallen \u00e4r n\u00e5gra av mina favoritsyssels\u00e4ttningar,\u201d Tetiana Hrebeniuk, \u00e4r mamma till tv\u00e5 s\u00f6ner, Nikita, 12 \u00e5r, och Svyatoslav, 5 \u00e5r, ber\u00e4ttar om sin...","og_url":"https:\/\/svenskamedbaby.se\/fa_ir\/en-ukrainsk-barnfamilj\/","og_site_name":"Svenska med baby","article_publisher":"https:\/\/www.facebook.com\/svenskamedbaby","article_modified_time":"2024-08-26T00:16:22+00:00","og_image":[{"url":"https:\/\/svenskamedbaby.se\/wp-content\/uploads\/2024\/05\/Hrebeniuk-Tetiana-2500x1843-1-500x500.jpg","type":"","width":"","height":""}],"twitter_card":"summary_large_image","twitter_misc":{"\u0632\u0645\u0627\u0646 \u062a\u0642\u0631\u06cc\u0628\u06cc \u0628\u0631\u0627\u06cc \u062e\u0648\u0627\u0646\u062f\u0646":"3 \u062f\u0642\u06cc\u0642\u0647"},"schema":{"@context":"https:\/\/schema.org","@graph":[{"@type":"WebPage","@id":"https:\/\/svenskamedbaby.se\/en-ukrainsk-barnfamilj\/","url":"https:\/\/svenskamedbaby.se\/en-ukrainsk-barnfamilj\/","name":"En ukrainsk barnfamilj - Svenska med baby","isPartOf":{"@id":"https:\/\/svenskamedbaby.se\/#website"},"primaryImageOfPage":{"@id":"https:\/\/svenskamedbaby.se\/en-ukrainsk-barnfamilj\/#primaryimage"},"image":{"@id":"https:\/\/svenskamedbaby.se\/en-ukrainsk-barnfamilj\/#primaryimage"},"thumbnailUrl":"https:\/\/svenskamedbaby.se\/wp-content\/uploads\/2024\/05\/Hrebeniuk-Tetiana-2500x1843-1-500x500.jpg","datePublished":"2024-05-27T11:45:16+00:00","dateModified":"2024-08-26T00:16:22+00:00","breadcrumb":{"@id":"https:\/\/svenskamedbaby.se\/en-ukrainsk-barnfamilj\/#breadcrumb"},"inLanguage":"fa-IR","potentialAction":[{"@type":"ReadAction","target":["https:\/\/svenskamedbaby.se\/en-ukrainsk-barnfamilj\/"]}]},{"@type":"ImageObject","inLanguage":"fa-IR","@id":"https:\/\/svenskamedbaby.se\/en-ukrainsk-barnfamilj\/#primaryimage","url":"https:\/\/svenskamedbaby.se\/wp-content\/uploads\/2024\/05\/Hrebeniuk-Tetiana-2500x1843-1-500x500.jpg","contentUrl":"https:\/\/svenskamedbaby.se\/wp-content\/uploads\/2024\/05\/Hrebeniuk-Tetiana-2500x1843-1-500x500.jpg"},{"@type":"BreadcrumbList","@id":"https:\/\/svenskamedbaby.se\/en-ukrainsk-barnfamilj\/#breadcrumb","itemListElement":[{"@type":"ListItem","position":1,"name":"Home","item":"https:\/\/svenskamedbaby.se\/"},{"@type":"ListItem","position":2,"name":"En ukrainsk barnfamilj"}]},{"@type":"WebSite","@id":"https:\/\/svenskamedbaby.se\/#website","url":"https:\/\/svenskamedbaby.se\/","name":"Svenska med baby","description":"\u062c\u0644\u0633\u0627\u062a \u0628\u0631\u0627\u06cc \u06a9\u0648\u062f\u06a9\u0627\u0646 \u0646\u0648\u067e\u0627 \u0648 \u0628\u0632\u0631\u06af\u0633\u0627\u0644\u0627\u0646 \u0628\u0627 \u067e\u06cc\u0634\u06cc\u0646\u0647 \u0647\u0627\u06cc \u0645\u062e\u062a\u0644\u0641","publisher":{"@id":"https:\/\/svenskamedbaby.se\/#organization"},"potentialAction":[{"@type":"SearchAction","target":{"@type":"EntryPoint","urlTemplate":"https:\/\/svenskamedbaby.se\/?s={search_term_string}"},"query-input":{"@type":"PropertyValueSpecification","valueRequired":true,"valueName":"search_term_string"}}],"inLanguage":"fa-IR"},{"@type":"Organization","@id":"https:\/\/svenskamedbaby.se\/#organization","name":"Svenska med baby","url":"https:\/\/svenskamedbaby.se\/","logo":{"@type":"ImageObject","inLanguage":"fa-IR","@id":"https:\/\/svenskamedbaby.se\/#\/schema\/logo\/image\/","url":"https:\/\/svenskamedbaby.se\/wp-content\/uploads\/2024\/01\/cropped-logo-liggande_orange.png","contentUrl":"https:\/\/svenskamedbaby.se\/wp-content\/uploads\/2024\/01\/cropped-logo-liggande_orange.png","width":3101,"height":1056,"caption":"Svenska med baby"},"image":{"@id":"https:\/\/svenskamedbaby.se\/#\/schema\/logo\/image\/"},"sameAs":["https:\/\/www.facebook.com\/svenskamedbaby","https:\/\/www.instagram.com\/svenskamedbaby\/","https:\/\/www.youtube.com\/@svenskamedbaby2469"]}]}},"_links":{"self":[{"href":"https:\/\/svenskamedbaby.se\/fa_ir\/wp-json\/wp\/v2\/pages\/1046","targetHints":{"allow":["GET"]}}],"collection":[{"href":"https:\/\/svenskamedbaby.se\/fa_ir\/wp-json\/wp\/v2\/pages"}],"about":[{"href":"https:\/\/svenskamedbaby.se\/fa_ir\/wp-json\/wp\/v2\/types\/page"}],"author":[{"embeddable":true,"href":"https:\/\/svenskamedbaby.se\/fa_ir\/wp-json\/wp\/v2\/users\/5"}],"replies":[{"embeddable":true,"href":"https:\/\/svenskamedbaby.se\/fa_ir\/wp-json\/wp\/v2\/comments?post=1046"}],"version-history":[{"count":0,"href":"https:\/\/svenskamedbaby.se\/fa_ir\/wp-json\/wp\/v2\/pages\/1046\/revisions"}],"wp:attachment":[{"href":"https:\/\/svenskamedbaby.se\/fa_ir\/wp-json\/wp\/v2\/media?parent=1046"}],"curies":[{"name":"wp","href":"https:\/\/api.w.org\/{rel}","templated":true}]}}