{"id":3310,"date":"2025-05-20T08:27:15","date_gmt":"2025-05-20T08:27:15","guid":{"rendered":"https:\/\/svenskamedbaby.se\/?page_id=3310"},"modified":"2025-05-21T11:26:49","modified_gmt":"2025-05-21T11:26:49","slug":"en-dag-till-havs-for-att-hitta-fotfaste-i-ett-nytt-land","status":"publish","type":"page","link":"https:\/\/svenskamedbaby.se\/fa_ir\/en-dag-till-havs-for-att-hitta-fotfaste-i-ett-nytt-land\/","title":{"rendered":"En dag till havs f\u00f6r att hitta fotf\u00e4ste i ett nytt land"},"content":{"rendered":"\t\t<div data-elementor-type=\"wp-page\" data-elementor-id=\"3310\" class=\"elementor elementor-3310\" data-elementor-post-type=\"page\">\n\t\t\t\t<div class=\"elementor-element elementor-element-3aba0b65 e-flex e-con-boxed e-con e-parent\" data-id=\"3aba0b65\" data-element_type=\"container\" data-e-type=\"container\" data-settings=\"{&quot;background_background&quot;:&quot;classic&quot;}\">\n\t\t\t\t\t<div class=\"e-con-inner\">\n\t\t<div class=\"elementor-element elementor-element-3d51e702 e-con-full animated-slow e-flex elementor-invisible e-con e-child\" data-id=\"3d51e702\" data-element_type=\"container\" data-e-type=\"container\" data-settings=\"{&quot;animation&quot;:&quot;fadeIn&quot;,&quot;animation_delay&quot;:100,&quot;animation_mobile&quot;:&quot;none&quot;}\">\n\t\t\t\t<div class=\"elementor-element elementor-element-29a3fe65 elementor-widget elementor-widget-heading\" data-id=\"29a3fe65\" data-element_type=\"widget\" data-e-type=\"widget\" data-widget_type=\"heading.default\">\n\t\t\t\t<div class=\"elementor-widget-container\">\n\t\t\t\t\t<h2 class=\"elementor-heading-title elementor-size-default\">Reportage<\/h2>\t\t\t\t<\/div>\n\t\t\t\t<\/div>\n\t\t\t\t<div class=\"elementor-element elementor-element-3fa1f0f elementor-view-default elementor-widget elementor-widget-icon\" data-id=\"3fa1f0f\" data-element_type=\"widget\" data-e-type=\"widget\" data-widget_type=\"icon.default\">\n\t\t\t\t<div class=\"elementor-widget-container\">\n\t\t\t\t\t\t\t<div class=\"elementor-icon-wrapper\">\n\t\t\t<div class=\"elementor-icon\">\n\t\t\t<svg aria-hidden=\"true\" class=\"e-font-icon-svg e-fas-quote-left\" viewBox=\"0 0 512 512\" xmlns=\"http:\/\/www.w3.org\/2000\/svg\"><path d=\"M464 256h-80v-64c0-35.3 28.7-64 64-64h8c13.3 0 24-10.7 24-24V56c0-13.3-10.7-24-24-24h-8c-88.4 0-160 71.6-160 160v240c0 26.5 21.5 48 48 48h128c26.5 0 48-21.5 48-48V304c0-26.5-21.5-48-48-48zm-288 0H96v-64c0-35.3 28.7-64 64-64h8c13.3 0 24-10.7 24-24V56c0-13.3-10.7-24-24-24h-8C71.6 32 0 103.6 0 192v240c0 26.5 21.5 48 48 48h128c26.5 0 48-21.5 48-48V304c0-26.5-21.5-48-48-48z\"><\/path><\/svg>\t\t\t<\/div>\n\t\t<\/div>\n\t\t\t\t\t\t<\/div>\n\t\t\t\t<\/div>\n\t\t\t\t<div class=\"elementor-element elementor-element-71f657d1 elementor-widget elementor-widget-heading\" data-id=\"71f657d1\" data-element_type=\"widget\" data-e-type=\"widget\" data-widget_type=\"heading.default\">\n\t\t\t\t<div class=\"elementor-widget-container\">\n\t\t\t\t\t<h2 class=\"elementor-heading-title elementor-size-default\">En dag till havs f\u00f6r att hitta fotf\u00e4ste i ett nytt land<\/h2>\t\t\t\t<\/div>\n\t\t\t\t<\/div>\n\t\t\t\t<div class=\"elementor-element elementor-element-658b7be2 elementor-widget-divider--view-line elementor-widget elementor-widget-divider\" data-id=\"658b7be2\" data-element_type=\"widget\" data-e-type=\"widget\" data-widget_type=\"divider.default\">\n\t\t\t\t<div class=\"elementor-widget-container\">\n\t\t\t\t\t\t\t<div class=\"elementor-divider\">\n\t\t\t<span class=\"elementor-divider-separator\">\n\t\t\t\t\t\t<\/span>\n\t\t<\/div>\n\t\t\t\t\t\t<\/div>\n\t\t\t\t<\/div>\n\t\t\t\t<div class=\"elementor-element elementor-element-4d04b41a elementor-widget elementor-widget-text-editor\" data-id=\"4d04b41a\" data-element_type=\"widget\" data-e-type=\"widget\" data-widget_type=\"text-editor.default\">\n\t\t\t\t<div class=\"elementor-widget-container\">\n\t\t\t\t\t\t\t\t\t<p><strong><em>Idag fylls b\u00e5ten Constantina med m\u00e4nniskor som nyligen flytt fr\u00e5n Ukraina och Afghanistan. Inom ramen f\u00f6r projektet TIA \u2013 Tidiga insatser f\u00f6r asyls\u00f6kande, finansierat av L\u00e4nsstyrelsen Stockholm, kastar 40 personer, b\u00e5de barn och vuxna, loss f\u00f6r en tur p\u00e5 M\u00e4laren. F\u00f6rhoppningen \u00e4r att hinna passera sev\u00e4rdheter som Stadshuset och Drottningholm.<\/em><\/strong><\/p><p>Syftet med TIA-projektets insatser \u00e4r att erbjuda trygga m\u00f6tesplatser d\u00e4r gemenskap, samtal och \u00e5terh\u00e4mtning st\u00e5r i fokus. Alla aktiviteter \u00e4r familjev\u00e4nliga och anpassade f\u00f6r b\u00e5de sm\u00e5 och stora. M\u00e5let \u00e4r att deltagarna ska orka i l\u00e4ngden, beh\u00e5lla hoppet och motverka psykisk oh\u00e4lsa.<\/p><p>\u2013 Genom v\u00e5ra aktiviteter f\u00e5r deltagarna m\u00f6jlighet att l\u00e4ra k\u00e4nna sin nya stad och omgivning. Att tr\u00e4ffas och utbyta erfarenheter kan skapa betydelsefulla kontakter och sprida viktig information, vilket i sin tur f\u00f6rb\u00e4ttrar f\u00f6ruts\u00e4ttningarna f\u00f6r att etablera sig i samh\u00e4llet, s\u00e4ger Liza Eriksson, projektledare fr\u00e5n organisationen Svenska med baby.<\/p><p>Liza \u00e4r sj\u00e4lv fr\u00e5n Ukraina och kom till Sverige f\u00f6re krigsutbrottet \u2013 f\u00f6r k\u00e4rlekens skull. Nu projektleder hon seglingen tillsammans med sin kollega Olga, som kom som flykting f\u00f6r ett par \u00e5r sedan och idag talar svenska. Tillsammans tolkar de, serverar m\u00e5ltider och guidar deltagarna under dagens resa.<\/p><p>\u2013 Det \u00e4r ett j\u00e4tteviktigt projekt detta, att vi p\u00e5 Svenska med baby kan erbjuda helt nykomna flyktingar och asyls\u00f6kande en s\u00e5dan h\u00e4r dag \u2013 \u00e4ven om vi har otur med v\u00e4dret. Men du ser, alla \u00e4r glada \u00e4nd\u00e5, s\u00e4ger Liza och ler.<\/p><p>Ombord \u00e4r st\u00e4mningen lugn och f\u00f6rv\u00e4ntansfull. Barnen \u00e4r nyfikna och stolta i sina orangea flytv\u00e4star. Tv\u00e5 systrar i matchande kl\u00e4der kom med sin mamma fr\u00e5n Afghanistan f\u00f6r bara tv\u00e5 m\u00e5nader sedan.<\/p><p>Familjen \u2013 pappa Alexander, mamma Irene och dottern Alexandra, 11 \u2013 anl\u00e4nde fr\u00e5n s\u00f6dra Ukraina f\u00f6r bara en m\u00e5nad sedan. De beskriver det svenska mottagandet som mycket varmt.<\/p><p>\u2013 Det k\u00e4nns j\u00e4ttekul att f\u00e5 segla. Vi vilar ut fr\u00e5n sirenerna och bomberna i Ukraina, det k\u00e4nns n\u00e4stan overkligt att vara h\u00e4r. Men vi l\u00e4r oss k\u00e4nna Stockholm \u2013 just nu bor vi i \u00c5rstaberg. Det svenska mottagandet har varit j\u00e4ttebra, vi \u00e4r j\u00e4tten\u00f6jda, ber\u00e4ttar Irene. Att segla idag kommer att bli som en \u00f6verraskning, men en mycket v\u00e4lkommen s\u00e5dan.<\/p><p>F\u00f6r att n\u00e5 nyanl\u00e4nda anv\u00e4nder Svenska med baby sig av sociala medier och appen Telegram. Inf\u00f6r just den h\u00e4r b\u00e5tturen var intresset stort \u2013 m\u00e5nga ville se Stockholm fr\u00e5n vattnet. Men ett av kraven var att deltagarna skulle vara helt nya i Sverige och \u00e4nnu inte ha f\u00e5tt uppeh\u00e5llstillst\u00e5nd.<\/p><p>F\u00f6r m\u00e5nga handlar dagen om mer \u00e4n sightseeing \u2013 det \u00e4r en paus fr\u00e5n kampen, ett tillf\u00e4lle att k\u00e4nna trygghet, om s\u00e5 bara f\u00f6r n\u00e5gra timmar.<\/p><p>N\u00e4r allt skakar kan en enkel b\u00e5ttur vara det som f\u00e5r en att k\u00e4nna fast mark under f\u00f6tterna igen.<\/p>\t\t\t\t\t\t\t\t<\/div>\n\t\t\t\t<\/div>\n\t\t\t\t<div class=\"elementor-element elementor-element-4169ead7 elementor-align-left elementor-widget elementor-widget-button\" data-id=\"4169ead7\" data-element_type=\"widget\" data-e-type=\"widget\" data-widget_type=\"button.default\">\n\t\t\t\t<div class=\"elementor-widget-container\">\n\t\t\t\t\t\t\t\t\t<div class=\"elementor-button-wrapper\">\n\t\t\t\t\t<a class=\"elementor-button elementor-button-link elementor-size-sm\" href=\"https:\/\/svenskamedbaby.se\/fa_ir\/reportage\/\">\n\t\t\t\t\t\t<span class=\"elementor-button-content-wrapper\">\n\t\t\t\t\t\t\t\t\t<span class=\"elementor-button-text\">L\u00e4s fler reportage<\/span>\n\t\t\t\t\t<\/span>\n\t\t\t\t\t<\/a>\n\t\t\t\t<\/div>\n\t\t\t\t\t\t\t\t<\/div>\n\t\t\t\t<\/div>\n\t\t\t\t<\/div>\n\t\t<div class=\"elementor-element elementor-element-4aeb1c9f e-con-full elementor-hidden-mobile e-flex elementor-invisible e-con e-child\" data-id=\"4aeb1c9f\" data-element_type=\"container\" data-e-type=\"container\" data-settings=\"{&quot;animation&quot;:&quot;slideInUp&quot;}\">\n\t\t\t\t<div class=\"elementor-element elementor-element-17ce6dce elementor-widget elementor-widget-image\" data-id=\"17ce6dce\" data-element_type=\"widget\" data-e-type=\"widget\" data-settings=\"{&quot;motion_fx_motion_fx_scrolling&quot;:&quot;yes&quot;,&quot;motion_fx_translateY_effect&quot;:&quot;yes&quot;,&quot;motion_fx_translateY_speed&quot;:{&quot;unit&quot;:&quot;px&quot;,&quot;size&quot;:1.8,&quot;sizes&quot;:[]},&quot;motion_fx_translateY_affectedRange&quot;:{&quot;unit&quot;:&quot;%&quot;,&quot;size&quot;:&quot;&quot;,&quot;sizes&quot;:{&quot;start&quot;:0,&quot;end&quot;:100}},&quot;motion_fx_devices&quot;:[&quot;desktop&quot;,&quot;tablet&quot;,&quot;mobile&quot;]}\" data-widget_type=\"image.default\">\n\t\t\t\t<div class=\"elementor-widget-container\">\n\t\t\t\t\t\t\t\t\t\t\t\t\t\t\t<img fetchpriority=\"high\" decoding=\"async\" width=\"500\" height=\"500\" src=\"https:\/\/svenskamedbaby.se\/wp-content\/uploads\/2025\/05\/Bild1-500x500.jpg\" class=\"attachment-thumbrelated size-thumbrelated wp-image-3327\" alt=\"\" srcset=\"https:\/\/svenskamedbaby.se\/wp-content\/uploads\/2025\/05\/Bild1-500x500.jpg 500w, https:\/\/svenskamedbaby.se\/wp-content\/uploads\/2025\/05\/Bild1-150x150.jpg 150w, https:\/\/svenskamedbaby.se\/wp-content\/uploads\/2025\/05\/Bild1-300x300.jpg 300w\" sizes=\"(max-width: 500px) 100vw, 500px\" \/>\t\t\t\t\t\t\t\t\t\t\t\t\t\t\t<\/div>\n\t\t\t\t<\/div>\n\t\t\t\t<\/div>\n\t\t\t\t\t<\/div>\n\t\t\t\t<\/div>\n\t\t\t\t<\/div>\n\t\t","protected":false},"excerpt":{"rendered":"<p>Reportage En dag till havs f\u00f6r att hitta fotf\u00e4ste i ett nytt land Idag fylls b\u00e5ten Constantina med m\u00e4nniskor som nyligen flytt fr\u00e5n Ukraina och Afghanistan. Inom ramen f\u00f6r projektet TIA \u2013 Tidiga insatser f\u00f6r asyls\u00f6kande, finansierat av L\u00e4nsstyrelsen Stockholm, kastar 40 personer, b\u00e5de barn och vuxna, loss f\u00f6r en tur p\u00e5 M\u00e4laren. F\u00f6rhoppningen \u00e4r&#8230;<\/p>","protected":false},"author":20,"featured_media":3327,"parent":0,"menu_order":0,"comment_status":"closed","ping_status":"closed","template":"","meta":{"_kad_post_transparent":"","_kad_post_title":"hide","_kad_post_layout":"fullwidth","_kad_post_sidebar_id":"","_kad_post_content_style":"unboxed","_kad_post_vertical_padding":"hide","_kad_post_feature":"hide","_kad_post_feature_position":"","_kad_post_header":false,"_kad_post_footer":false,"footnotes":""},"class_list":["post-3310","page","type-page","status-publish","has-post-thumbnail","hentry"],"yoast_head":"<!-- This site is optimized with the Yoast SEO plugin v27.3 - https:\/\/yoast.com\/product\/yoast-seo-wordpress\/ -->\n<title>En dag till havs f\u00f6r att hitta fotf\u00e4ste i ett nytt land<\/title>\n<meta name=\"description\" content=\"Svenska med baby En dag till havs f\u00f6r att hitta fotf\u00e4ste i ett nytt land\" \/>\n<meta name=\"robots\" content=\"index, follow, max-snippet:-1, max-image-preview:large, max-video-preview:-1\" \/>\n<link rel=\"canonical\" href=\"https:\/\/svenskamedbaby.se\/fa_ir\/en-dag-till-havs-for-att-hitta-fotfaste-i-ett-nytt-land\/\" \/>\n<meta property=\"og:locale\" content=\"fa_IR\" \/>\n<meta property=\"og:type\" content=\"article\" \/>\n<meta property=\"og:title\" content=\"En dag till havs f\u00f6r att hitta fotf\u00e4ste i ett nytt land\" \/>\n<meta property=\"og:description\" content=\"Svenska med baby En dag till havs f\u00f6r att hitta fotf\u00e4ste i ett nytt land\" \/>\n<meta property=\"og:url\" content=\"https:\/\/svenskamedbaby.se\/fa_ir\/en-dag-till-havs-for-att-hitta-fotfaste-i-ett-nytt-land\/\" \/>\n<meta property=\"og:site_name\" content=\"Svenska med baby\" \/>\n<meta property=\"article:publisher\" content=\"https:\/\/www.facebook.com\/svenskamedbaby\" \/>\n<meta property=\"article:modified_time\" content=\"2025-05-21T11:26:49+00:00\" \/>\n<meta property=\"og:image\" content=\"https:\/\/svenskamedbaby.se\/wp-content\/uploads\/2025\/05\/Bild1.jpg\" \/>\n\t<meta property=\"og:image:width\" content=\"1386\" \/>\n\t<meta property=\"og:image:height\" content=\"1848\" \/>\n\t<meta property=\"og:image:type\" content=\"image\/jpeg\" \/>\n<meta name=\"twitter:card\" content=\"summary_large_image\" \/>\n<meta name=\"twitter:label1\" content=\"\u0632\u0645\u0627\u0646 \u062a\u0642\u0631\u06cc\u0628\u06cc \u0628\u0631\u0627\u06cc \u062e\u0648\u0627\u0646\u062f\u0646\" \/>\n\t<meta name=\"twitter:data1\" content=\"3 \u062f\u0642\u06cc\u0642\u0647\" \/>\n<script type=\"application\/ld+json\" class=\"yoast-schema-graph\">{\"@context\":\"https:\\\/\\\/schema.org\",\"@graph\":[{\"@type\":\"WebPage\",\"@id\":\"https:\\\/\\\/svenskamedbaby.se\\\/en-dag-till-havs-for-att-hitta-fotfaste-i-ett-nytt-land\\\/\",\"url\":\"https:\\\/\\\/svenskamedbaby.se\\\/en-dag-till-havs-for-att-hitta-fotfaste-i-ett-nytt-land\\\/\",\"name\":\"En dag till havs f\u00f6r att hitta fotf\u00e4ste i ett nytt land\",\"isPartOf\":{\"@id\":\"https:\\\/\\\/svenskamedbaby.se\\\/#website\"},\"primaryImageOfPage\":{\"@id\":\"https:\\\/\\\/svenskamedbaby.se\\\/en-dag-till-havs-for-att-hitta-fotfaste-i-ett-nytt-land\\\/#primaryimage\"},\"image\":{\"@id\":\"https:\\\/\\\/svenskamedbaby.se\\\/en-dag-till-havs-for-att-hitta-fotfaste-i-ett-nytt-land\\\/#primaryimage\"},\"thumbnailUrl\":\"https:\\\/\\\/svenskamedbaby.se\\\/wp-content\\\/uploads\\\/2025\\\/05\\\/Bild1.jpg\",\"datePublished\":\"2025-05-20T08:27:15+00:00\",\"dateModified\":\"2025-05-21T11:26:49+00:00\",\"description\":\"Svenska med baby En dag till havs f\u00f6r att hitta fotf\u00e4ste i ett nytt land\",\"breadcrumb\":{\"@id\":\"https:\\\/\\\/svenskamedbaby.se\\\/en-dag-till-havs-for-att-hitta-fotfaste-i-ett-nytt-land\\\/#breadcrumb\"},\"inLanguage\":\"fa-IR\",\"potentialAction\":[{\"@type\":\"ReadAction\",\"target\":[\"https:\\\/\\\/svenskamedbaby.se\\\/en-dag-till-havs-for-att-hitta-fotfaste-i-ett-nytt-land\\\/\"]}]},{\"@type\":\"ImageObject\",\"inLanguage\":\"fa-IR\",\"@id\":\"https:\\\/\\\/svenskamedbaby.se\\\/en-dag-till-havs-for-att-hitta-fotfaste-i-ett-nytt-land\\\/#primaryimage\",\"url\":\"https:\\\/\\\/svenskamedbaby.se\\\/wp-content\\\/uploads\\\/2025\\\/05\\\/Bild1.jpg\",\"contentUrl\":\"https:\\\/\\\/svenskamedbaby.se\\\/wp-content\\\/uploads\\\/2025\\\/05\\\/Bild1.jpg\",\"width\":1386,\"height\":1848},{\"@type\":\"BreadcrumbList\",\"@id\":\"https:\\\/\\\/svenskamedbaby.se\\\/en-dag-till-havs-for-att-hitta-fotfaste-i-ett-nytt-land\\\/#breadcrumb\",\"itemListElement\":[{\"@type\":\"ListItem\",\"position\":1,\"name\":\"Home\",\"item\":\"https:\\\/\\\/svenskamedbaby.se\\\/\"},{\"@type\":\"ListItem\",\"position\":2,\"name\":\"En dag till havs f\u00f6r att hitta fotf\u00e4ste i ett nytt land\"}]},{\"@type\":\"WebSite\",\"@id\":\"https:\\\/\\\/svenskamedbaby.se\\\/#website\",\"url\":\"https:\\\/\\\/svenskamedbaby.se\\\/\",\"name\":\"Svenska med baby\",\"description\":\"Tr\u00e4ffar f\u00f6r sm\u00e5barn och vuxna med olika bakrund\",\"publisher\":{\"@id\":\"https:\\\/\\\/svenskamedbaby.se\\\/#organization\"},\"potentialAction\":[{\"@type\":\"SearchAction\",\"target\":{\"@type\":\"EntryPoint\",\"urlTemplate\":\"https:\\\/\\\/svenskamedbaby.se\\\/?s={search_term_string}\"},\"query-input\":{\"@type\":\"PropertyValueSpecification\",\"valueRequired\":true,\"valueName\":\"search_term_string\"}}],\"inLanguage\":\"fa-IR\"},{\"@type\":\"Organization\",\"@id\":\"https:\\\/\\\/svenskamedbaby.se\\\/#organization\",\"name\":\"Svenska med baby\",\"url\":\"https:\\\/\\\/svenskamedbaby.se\\\/\",\"logo\":{\"@type\":\"ImageObject\",\"inLanguage\":\"fa-IR\",\"@id\":\"https:\\\/\\\/svenskamedbaby.se\\\/#\\\/schema\\\/logo\\\/image\\\/\",\"url\":\"https:\\\/\\\/svenskamedbaby.se\\\/wp-content\\\/uploads\\\/2024\\\/01\\\/cropped-logo-liggande_orange.png\",\"contentUrl\":\"https:\\\/\\\/svenskamedbaby.se\\\/wp-content\\\/uploads\\\/2024\\\/01\\\/cropped-logo-liggande_orange.png\",\"width\":3101,\"height\":1056,\"caption\":\"Svenska med baby\"},\"image\":{\"@id\":\"https:\\\/\\\/svenskamedbaby.se\\\/#\\\/schema\\\/logo\\\/image\\\/\"},\"sameAs\":[\"https:\\\/\\\/www.facebook.com\\\/svenskamedbaby\",\"https:\\\/\\\/www.instagram.com\\\/svenskamedbaby\\\/\",\"https:\\\/\\\/www.youtube.com\\\/@svenskamedbaby2469\"]}]}<\/script>\n<!-- \/ Yoast SEO plugin. -->","yoast_head_json":{"title":"En dag till havs f\u00f6r att hitta fotf\u00e4ste i ett nytt land","description":"Svenska med baby En dag till havs f\u00f6r att hitta fotf\u00e4ste i ett nytt land","robots":{"index":"index","follow":"follow","max-snippet":"max-snippet:-1","max-image-preview":"max-image-preview:large","max-video-preview":"max-video-preview:-1"},"canonical":"https:\/\/svenskamedbaby.se\/fa_ir\/en-dag-till-havs-for-att-hitta-fotfaste-i-ett-nytt-land\/","og_locale":"fa_IR","og_type":"article","og_title":"En dag till havs f\u00f6r att hitta fotf\u00e4ste i ett nytt land","og_description":"Svenska med baby En dag till havs f\u00f6r att hitta fotf\u00e4ste i ett nytt land","og_url":"https:\/\/svenskamedbaby.se\/fa_ir\/en-dag-till-havs-for-att-hitta-fotfaste-i-ett-nytt-land\/","og_site_name":"Svenska med baby","article_publisher":"https:\/\/www.facebook.com\/svenskamedbaby","article_modified_time":"2025-05-21T11:26:49+00:00","og_image":[{"width":1386,"height":1848,"url":"https:\/\/svenskamedbaby.se\/wp-content\/uploads\/2025\/05\/Bild1.jpg","type":"image\/jpeg"}],"twitter_card":"summary_large_image","twitter_misc":{"\u0632\u0645\u0627\u0646 \u062a\u0642\u0631\u06cc\u0628\u06cc \u0628\u0631\u0627\u06cc \u062e\u0648\u0627\u0646\u062f\u0646":"3 \u062f\u0642\u06cc\u0642\u0647"},"schema":{"@context":"https:\/\/schema.org","@graph":[{"@type":"WebPage","@id":"https:\/\/svenskamedbaby.se\/en-dag-till-havs-for-att-hitta-fotfaste-i-ett-nytt-land\/","url":"https:\/\/svenskamedbaby.se\/en-dag-till-havs-for-att-hitta-fotfaste-i-ett-nytt-land\/","name":"En dag till havs f\u00f6r att hitta fotf\u00e4ste i ett nytt land","isPartOf":{"@id":"https:\/\/svenskamedbaby.se\/#website"},"primaryImageOfPage":{"@id":"https:\/\/svenskamedbaby.se\/en-dag-till-havs-for-att-hitta-fotfaste-i-ett-nytt-land\/#primaryimage"},"image":{"@id":"https:\/\/svenskamedbaby.se\/en-dag-till-havs-for-att-hitta-fotfaste-i-ett-nytt-land\/#primaryimage"},"thumbnailUrl":"https:\/\/svenskamedbaby.se\/wp-content\/uploads\/2025\/05\/Bild1.jpg","datePublished":"2025-05-20T08:27:15+00:00","dateModified":"2025-05-21T11:26:49+00:00","description":"Svenska med baby En dag till havs f\u00f6r att hitta fotf\u00e4ste i ett nytt land","breadcrumb":{"@id":"https:\/\/svenskamedbaby.se\/en-dag-till-havs-for-att-hitta-fotfaste-i-ett-nytt-land\/#breadcrumb"},"inLanguage":"fa-IR","potentialAction":[{"@type":"ReadAction","target":["https:\/\/svenskamedbaby.se\/en-dag-till-havs-for-att-hitta-fotfaste-i-ett-nytt-land\/"]}]},{"@type":"ImageObject","inLanguage":"fa-IR","@id":"https:\/\/svenskamedbaby.se\/en-dag-till-havs-for-att-hitta-fotfaste-i-ett-nytt-land\/#primaryimage","url":"https:\/\/svenskamedbaby.se\/wp-content\/uploads\/2025\/05\/Bild1.jpg","contentUrl":"https:\/\/svenskamedbaby.se\/wp-content\/uploads\/2025\/05\/Bild1.jpg","width":1386,"height":1848},{"@type":"BreadcrumbList","@id":"https:\/\/svenskamedbaby.se\/en-dag-till-havs-for-att-hitta-fotfaste-i-ett-nytt-land\/#breadcrumb","itemListElement":[{"@type":"ListItem","position":1,"name":"Home","item":"https:\/\/svenskamedbaby.se\/"},{"@type":"ListItem","position":2,"name":"En dag till havs f\u00f6r att hitta fotf\u00e4ste i ett nytt land"}]},{"@type":"WebSite","@id":"https:\/\/svenskamedbaby.se\/#website","url":"https:\/\/svenskamedbaby.se\/","name":"Svenska med baby","description":"\u062c\u0644\u0633\u0627\u062a \u0628\u0631\u0627\u06cc \u06a9\u0648\u062f\u06a9\u0627\u0646 \u0646\u0648\u067e\u0627 \u0648 \u0628\u0632\u0631\u06af\u0633\u0627\u0644\u0627\u0646 \u0628\u0627 \u067e\u06cc\u0634\u06cc\u0646\u0647 \u0647\u0627\u06cc \u0645\u062e\u062a\u0644\u0641","publisher":{"@id":"https:\/\/svenskamedbaby.se\/#organization"},"potentialAction":[{"@type":"SearchAction","target":{"@type":"EntryPoint","urlTemplate":"https:\/\/svenskamedbaby.se\/?s={search_term_string}"},"query-input":{"@type":"PropertyValueSpecification","valueRequired":true,"valueName":"search_term_string"}}],"inLanguage":"fa-IR"},{"@type":"Organization","@id":"https:\/\/svenskamedbaby.se\/#organization","name":"Svenska med baby","url":"https:\/\/svenskamedbaby.se\/","logo":{"@type":"ImageObject","inLanguage":"fa-IR","@id":"https:\/\/svenskamedbaby.se\/#\/schema\/logo\/image\/","url":"https:\/\/svenskamedbaby.se\/wp-content\/uploads\/2024\/01\/cropped-logo-liggande_orange.png","contentUrl":"https:\/\/svenskamedbaby.se\/wp-content\/uploads\/2024\/01\/cropped-logo-liggande_orange.png","width":3101,"height":1056,"caption":"Svenska med baby"},"image":{"@id":"https:\/\/svenskamedbaby.se\/#\/schema\/logo\/image\/"},"sameAs":["https:\/\/www.facebook.com\/svenskamedbaby","https:\/\/www.instagram.com\/svenskamedbaby\/","https:\/\/www.youtube.com\/@svenskamedbaby2469"]}]}},"_links":{"self":[{"href":"https:\/\/svenskamedbaby.se\/fa_ir\/wp-json\/wp\/v2\/pages\/3310","targetHints":{"allow":["GET"]}}],"collection":[{"href":"https:\/\/svenskamedbaby.se\/fa_ir\/wp-json\/wp\/v2\/pages"}],"about":[{"href":"https:\/\/svenskamedbaby.se\/fa_ir\/wp-json\/wp\/v2\/types\/page"}],"author":[{"embeddable":true,"href":"https:\/\/svenskamedbaby.se\/fa_ir\/wp-json\/wp\/v2\/users\/20"}],"replies":[{"embeddable":true,"href":"https:\/\/svenskamedbaby.se\/fa_ir\/wp-json\/wp\/v2\/comments?post=3310"}],"version-history":[{"count":0,"href":"https:\/\/svenskamedbaby.se\/fa_ir\/wp-json\/wp\/v2\/pages\/3310\/revisions"}],"wp:featuredmedia":[{"embeddable":true,"href":"https:\/\/svenskamedbaby.se\/fa_ir\/wp-json\/wp\/v2\/media\/3327"}],"wp:attachment":[{"href":"https:\/\/svenskamedbaby.se\/fa_ir\/wp-json\/wp\/v2\/media?parent=3310"}],"curies":[{"name":"wp","href":"https:\/\/api.w.org\/{rel}","templated":true}]}}