{"id":1036,"date":"2024-05-24T13:07:09","date_gmt":"2024-05-24T13:07:09","guid":{"rendered":"https:\/\/svenskamedbaby.se\/?page_id=1036"},"modified":"2024-08-26T00:23:37","modified_gmt":"2024-08-26T00:23:37","slug":"reportage-alyas-berattelse","status":"publish","type":"page","link":"https:\/\/svenskamedbaby.se\/so\/reportage-alyas-berattelse\/","title":{"rendered":"Reportage- Alyas ber\u00e4ttelse"},"content":{"rendered":"\t\t<div data-elementor-type=\"wp-page\" data-elementor-id=\"1036\" class=\"elementor elementor-1036\" data-elementor-post-type=\"page\">\n\t\t\t\t<div class=\"elementor-element elementor-element-202b2722 e-flex e-con-boxed e-con e-parent\" data-id=\"202b2722\" data-element_type=\"container\" data-e-type=\"container\" data-settings=\"{&quot;background_background&quot;:&quot;classic&quot;}\">\n\t\t\t\t\t<div class=\"e-con-inner\">\n\t\t<div class=\"elementor-element elementor-element-58603547 e-con-full elementor-hidden-mobile e-flex elementor-invisible e-con e-child\" data-id=\"58603547\" data-element_type=\"container\" data-e-type=\"container\" data-settings=\"{&quot;animation&quot;:&quot;slideInUp&quot;}\">\n\t\t\t\t<div class=\"elementor-element elementor-element-1171c3b1 elementor-widget elementor-widget-image\" data-id=\"1171c3b1\" data-element_type=\"widget\" data-e-type=\"widget\" data-settings=\"{&quot;motion_fx_motion_fx_scrolling&quot;:&quot;yes&quot;,&quot;motion_fx_translateY_effect&quot;:&quot;yes&quot;,&quot;motion_fx_translateY_speed&quot;:{&quot;unit&quot;:&quot;px&quot;,&quot;size&quot;:1.8,&quot;sizes&quot;:[]},&quot;motion_fx_translateY_affectedRange&quot;:{&quot;unit&quot;:&quot;%&quot;,&quot;size&quot;:&quot;&quot;,&quot;sizes&quot;:{&quot;start&quot;:0,&quot;end&quot;:100}},&quot;motion_fx_devices&quot;:[&quot;desktop&quot;,&quot;tablet&quot;,&quot;mobile&quot;]}\" data-widget_type=\"image.default\">\n\t\t\t\t<div class=\"elementor-widget-container\">\n\t\t\t\t\t\t\t\t\t\t\t\t\t\t\t<img fetchpriority=\"high\" decoding=\"async\" width=\"500\" height=\"500\" src=\"https:\/\/svenskamedbaby.se\/wp-content\/uploads\/2024\/05\/20221119_140440_1-2475x2500-1-500x500.jpeg\" class=\"attachment-thumbrelated size-thumbrelated wp-image-1037\" alt=\"\" srcset=\"https:\/\/svenskamedbaby.se\/wp-content\/uploads\/2024\/05\/20221119_140440_1-2475x2500-1-500x500.jpeg 500w, https:\/\/svenskamedbaby.se\/wp-content\/uploads\/2024\/05\/20221119_140440_1-2475x2500-1-150x150.jpeg 150w, https:\/\/svenskamedbaby.se\/wp-content\/uploads\/2024\/05\/20221119_140440_1-2475x2500-1-300x300.jpeg 300w\" sizes=\"(max-width: 500px) 100vw, 500px\" \/>\t\t\t\t\t\t\t\t\t\t\t\t\t\t\t<\/div>\n\t\t\t\t<\/div>\n\t\t\t\t<\/div>\n\t\t<div class=\"elementor-element elementor-element-3edbee55 e-con-full animated-slow e-flex elementor-invisible e-con e-child\" data-id=\"3edbee55\" data-element_type=\"container\" data-e-type=\"container\" data-settings=\"{&quot;animation&quot;:&quot;fadeIn&quot;,&quot;animation_delay&quot;:100,&quot;animation_mobile&quot;:&quot;none&quot;}\">\n\t\t\t\t<div class=\"elementor-element elementor-element-116df4c4 elementor-widget elementor-widget-heading\" data-id=\"116df4c4\" data-element_type=\"widget\" data-e-type=\"widget\" data-widget_type=\"heading.default\">\n\t\t\t\t<div class=\"elementor-widget-container\">\n\t\t\t\t\t<h2 class=\"elementor-heading-title elementor-size-default\">Reportage<\/h2>\t\t\t\t<\/div>\n\t\t\t\t<\/div>\n\t\t\t\t<div class=\"elementor-element elementor-element-3c7139b2 elementor-view-default elementor-widget elementor-widget-icon\" data-id=\"3c7139b2\" data-element_type=\"widget\" data-e-type=\"widget\" data-widget_type=\"icon.default\">\n\t\t\t\t<div class=\"elementor-widget-container\">\n\t\t\t\t\t\t\t<div class=\"elementor-icon-wrapper\">\n\t\t\t<div class=\"elementor-icon\">\n\t\t\t<svg aria-hidden=\"true\" class=\"e-font-icon-svg e-fas-quote-left\" viewBox=\"0 0 512 512\" xmlns=\"http:\/\/www.w3.org\/2000\/svg\"><path d=\"M464 256h-80v-64c0-35.3 28.7-64 64-64h8c13.3 0 24-10.7 24-24V56c0-13.3-10.7-24-24-24h-8c-88.4 0-160 71.6-160 160v240c0 26.5 21.5 48 48 48h128c26.5 0 48-21.5 48-48V304c0-26.5-21.5-48-48-48zm-288 0H96v-64c0-35.3 28.7-64 64-64h8c13.3 0 24-10.7 24-24V56c0-13.3-10.7-24-24-24h-8C71.6 32 0 103.6 0 192v240c0 26.5 21.5 48 48 48h128c26.5 0 48-21.5 48-48V304c0-26.5-21.5-48-48-48z\"><\/path><\/svg>\t\t\t<\/div>\n\t\t<\/div>\n\t\t\t\t\t\t<\/div>\n\t\t\t\t<\/div>\n\t\t\t\t<div class=\"elementor-element elementor-element-3c6cd737 elementor-widget elementor-widget-heading\" data-id=\"3c6cd737\" data-element_type=\"widget\" data-e-type=\"widget\" data-widget_type=\"heading.default\">\n\t\t\t\t<div class=\"elementor-widget-container\">\n\t\t\t\t\t<h2 class=\"elementor-heading-title elementor-size-default\">Fr\u00e5n Ukraina till Sverige: Alyas ber\u00e4ttelse om flykten och livet i ett nytt land<\/h2>\t\t\t\t<\/div>\n\t\t\t\t<\/div>\n\t\t\t\t<div class=\"elementor-element elementor-element-6f6df4 elementor-widget-divider--view-line elementor-widget elementor-widget-divider\" data-id=\"6f6df4\" data-element_type=\"widget\" data-e-type=\"widget\" data-widget_type=\"divider.default\">\n\t\t\t\t<div class=\"elementor-widget-container\">\n\t\t\t\t\t\t\t<div class=\"elementor-divider\">\n\t\t\t<span class=\"elementor-divider-separator\">\n\t\t\t\t\t\t<\/span>\n\t\t<\/div>\n\t\t\t\t\t\t<\/div>\n\t\t\t\t<\/div>\n\t\t\t\t<div class=\"elementor-element elementor-element-6c192b70 elementor-widget elementor-widget-text-editor\" data-id=\"6c192b70\" data-element_type=\"widget\" data-e-type=\"widget\" data-widget_type=\"text-editor.default\">\n\t\t\t\t<div class=\"elementor-widget-container\">\n\t\t\t\t\t\t\t\t\t<p>\u201cAtt tvingas fly fr\u00e5n sitt hemland och l\u00e4mna den st\u00f6rre delen av sin familj \u00e4r v\u00e4ldigt sm\u00e4rtsamt, men jag \u00e4r tacksam gentemot Sverige f\u00f6r m\u00f6jligheten att leva i trygghet med min dotter.\u201d<\/p><p>Alya, eller Alevtyna Hryshyna som hennes fullst\u00e4ndiga namn lyder, kom till Sverige i april 2022 med sin fem\u00e5riga dotter. De flydde fr\u00e5n sitt hem i Pokrovsk, Ukraina, n\u00e4r Ryssland invaderade landet. Kvar fanns sonen, mannen, katten och hunden. Familjen. Alla de som \u00e4r n\u00e4rmast Alyas hj\u00e4rta. \u201cDen f\u00f6rsta tiden i Sverige var sv\u00e5r f\u00f6r min dotter. Hon v\u00e4grade f\u00f6rst att g\u00e5 till f\u00f6rskolan, eftersom ingen d\u00e4r kunde f\u00f6rst\u00e5 henne. Vi hade dock tur och l\u00e4rde k\u00e4nna en underbar svensk familj som gjorde allt f\u00f6r att hj\u00e4lpa oss att anpassa oss till den nya milj\u00f6n.\u201d Nu \u00e4r Alyas dotter sju \u00e5r, hon g\u00e5r i den vanliga svenska skolan och har s\u00e5v\u00e4l svenska som ukrainska v\u00e4nner.<\/p><p>Alya sj\u00e4lv g\u00e5r p\u00e5 SFI och \u00e4ven om spr\u00e5ket \u00e4r sv\u00e5rare f\u00f6r henne \u00e4n f\u00f6r hennes dotter, vet hon att det \u00e4r nyckeln till samh\u00e4llet och arbetsmarknaden.\u00a0\u201cKan man inte det blir minsta sak ett problem, som ett telefonsamtal fr\u00e5n en l\u00e4rare eller fr\u00e5n v\u00e5rdcentralen.\u201d\u00a0Alya k\u00e4nner m\u00e5nga som arbetar utan att kunna svenska, men i de allra flesta fall \u00e4r det oregelbundna arbeten, utan fasta scheman. Har man barn \u00e4r det n\u00e4rap\u00e5 en om\u00f6jlighet. Hennes fr\u00e4msta m\u00e5l \u00e4r just d\u00e4rf\u00f6r att s\u00e5 snabbt som m\u00f6jligt l\u00e4ra sig svenska.<\/p><p>Att klara sig ekonomiskt \u00e4r en utmaning. Alya och hennes dotter f\u00e5r 3200 kronor sammanlagt per m\u00e5nad. Det ska r\u00e4cka till mat, kl\u00e4der, hygienprodukter, resor, n\u00f6jen. N\u00f6jen \u00e4r det f\u00f6rst\u00e5s aldrig tal om. Den lilla summan de f\u00e5r r\u00e4cker inte ens till det mest n\u00f6dv\u00e4ndiga. Utan hj\u00e4lp fr\u00e5n folk runt omkring dem hade det inte g\u00e5tt.<\/p><h3><strong>Svensk Solidaritet och V\u00e4nlighet<\/strong><\/h3><p>\u201cJag \u00e4r imponerad \u00f6ver det svenska folkets lyh\u00f6rdhet och v\u00e4nlighet, de tycks alltid glada att hj\u00e4lpa till. \u00c4ven f\u00f6rsamlingarna och ideella organisationer hj\u00e4lper till mycket. Och kollektivtrafiken i Stockholm \u00e4r fantastisk, att den \u00e4r gratis f\u00f6r oss \u00e4r nog den viktigaste hj\u00e4lpen h\u00e4r.\u201d Det \u00e4r, trots m\u00e5nga sv\u00e5righeter f\u00f6r henne sj\u00e4lv, mycket som Alya imponeras av i Sverige. Inte minst svenskarnas inst\u00e4llning till barn. Hon f\u00f6rundras \u00f6ver hur mycket tid s\u00e5v\u00e4l mammor som pappor spenderar tillsammans med sina barn.\u00a0\u201cOch den d\u00e4r vanan som svenska f\u00f6r\u00e4ldrar tycks ha, att de alltid ler n\u00e4r man pratar med dem! Om jag \u00e4r ledsen kan jag bara g\u00e5 ut p\u00e5 stan, oftast till en lekplats, och ladda energi fr\u00e5n alla leenden runt om mig.\u201d<\/p><p>Men n\u00e4r hon \u00e4r riktigt bedr\u00f6vad, uppr\u00f6rd och m\u00e5r d\u00e5ligt \u00f6ver det som h\u00e4nder i hemlandet, \u00e4r det f\u00f6rst\u00e5s om\u00f6jligt att se n\u00e5got vackert eller bra. D\u00e5 \u00e4r allt gr\u00e5tt eller svart. Det \u00e4r d\u00e5 Alya \u00e4r extra tacksam \u00f6ver de organisationer som finns.\u201cS\u00e4rskilt de organisationer som inte bara hj\u00e4lper till med kl\u00e4der och andra materiella saker, utan de som ocks\u00e5 hj\u00e4lper till med att f\u00f6rs\u00f6ka f\u00f6rb\u00e4ttra ens m\u00e5ende, som Svenska med baby.\u201d<\/p><p>F\u00f6rsta g\u00e5ngen hon kom i kontakt med Svenska med baby var p\u00e5 ett disco f\u00f6r barn i n\u00e4rheten av d\u00e4r de bor. Efter det b\u00f6rjade hon f\u00f6lja organisationen p\u00e5 sociala medier. \u00a0\u201cJag och min dotter har g\u00e5tt p\u00e5 workshops f\u00f6r psykologiskt v\u00e4lbefinnande, p\u00e5 helgaktiviteter med pyssel och spel, p\u00e5 workshops med olika f\u00f6retag, till badhuset. Det viktigaste f\u00f6r mig som mamma \u00e4r att mitt barn kan f\u00f6lja med p\u00e5 alla evenemang. Vi kommer att forts\u00e4tta g\u00e5 p\u00e5 f\u00f6reningens aktiviteter, det ger positiv energi. Och jag vill verkligen f\u00e5 mer v\u00e4rme i sj\u00e4len, s\u00e5 att jag i min tur kan f\u00f6ra den vidare till varenda ukrainare i dessa sv\u00e5ra tider.\u201d<\/p>\t\t\t\t\t\t\t\t<\/div>\n\t\t\t\t<\/div>\n\t\t\t\t<div class=\"elementor-element elementor-element-1169b142 elementor-align-left elementor-widget elementor-widget-button\" data-id=\"1169b142\" data-element_type=\"widget\" data-e-type=\"widget\" data-widget_type=\"button.default\">\n\t\t\t\t<div class=\"elementor-widget-container\">\n\t\t\t\t\t\t\t\t\t<div class=\"elementor-button-wrapper\">\n\t\t\t\t\t<a class=\"elementor-button elementor-size-sm\" role=\"button\">\n\t\t\t\t\t\t<span class=\"elementor-button-content-wrapper\">\n\t\t\t\t\t\t\t\t\t<span class=\"elementor-button-text\">L\u00e4s fler reportage<\/span>\n\t\t\t\t\t<\/span>\n\t\t\t\t\t<\/a>\n\t\t\t\t<\/div>\n\t\t\t\t\t\t\t\t<\/div>\n\t\t\t\t<\/div>\n\t\t\t\t<\/div>\n\t\t\t\t\t<\/div>\n\t\t\t\t<\/div>\n\t\t\t\t<\/div>\n\t\t","protected":false},"excerpt":{"rendered":"<p>Reportage Fr\u00e5n Ukraina till Sverige: Alyas ber\u00e4ttelse om flykten och livet i ett nytt land \u201cAtt tvingas fly fr\u00e5n sitt hemland och l\u00e4mna den st\u00f6rre delen av sin familj \u00e4r v\u00e4ldigt sm\u00e4rtsamt, men jag \u00e4r tacksam gentemot Sverige f\u00f6r m\u00f6jligheten att leva i trygghet med min dotter.\u201d Alya, eller Alevtyna Hryshyna som hennes fullst\u00e4ndiga namn&#8230;<\/p>","protected":false},"author":5,"featured_media":0,"parent":0,"menu_order":0,"comment_status":"closed","ping_status":"closed","template":"","meta":{"_kad_post_transparent":"","_kad_post_title":"hide","_kad_post_layout":"fullwidth","_kad_post_sidebar_id":"","_kad_post_content_style":"unboxed","_kad_post_vertical_padding":"hide","_kad_post_feature":"hide","_kad_post_feature_position":"","_kad_post_header":false,"_kad_post_footer":false,"footnotes":""},"class_list":["post-1036","page","type-page","status-publish","hentry"],"yoast_head":"<!-- This site is optimized with the Yoast SEO plugin v27.3 - https:\/\/yoast.com\/product\/yoast-seo-wordpress\/ -->\n<title>Reportage- Alyas ber\u00e4ttelse - Svenska med baby<\/title>\n<meta name=\"robots\" content=\"index, follow, max-snippet:-1, max-image-preview:large, max-video-preview:-1\" \/>\n<link rel=\"canonical\" href=\"https:\/\/svenskamedbaby.se\/so\/reportage-alyas-berattelse\/\" \/>\n<meta property=\"og:locale\" content=\"so_SO\" \/>\n<meta property=\"og:type\" content=\"article\" \/>\n<meta property=\"og:title\" content=\"Reportage- Alyas ber\u00e4ttelse - Svenska med baby\" \/>\n<meta property=\"og:description\" content=\"Reportage Fr\u00e5n Ukraina till Sverige: Alyas ber\u00e4ttelse om flykten och livet i ett nytt land \u201cAtt tvingas fly fr\u00e5n sitt hemland och l\u00e4mna den st\u00f6rre delen av sin familj \u00e4r v\u00e4ldigt sm\u00e4rtsamt, men jag \u00e4r tacksam gentemot Sverige f\u00f6r m\u00f6jligheten att leva i trygghet med min dotter.\u201d Alya, eller Alevtyna Hryshyna som hennes fullst\u00e4ndiga namn...\" \/>\n<meta property=\"og:url\" content=\"https:\/\/svenskamedbaby.se\/so\/reportage-alyas-berattelse\/\" \/>\n<meta property=\"og:site_name\" content=\"Svenska med baby\" \/>\n<meta property=\"article:publisher\" content=\"https:\/\/www.facebook.com\/svenskamedbaby\" \/>\n<meta property=\"article:modified_time\" content=\"2024-08-26T00:23:37+00:00\" \/>\n<meta property=\"og:image\" content=\"https:\/\/svenskamedbaby.se\/wp-content\/uploads\/2024\/05\/20221119_140440_1-2475x2500-1-500x500.jpeg\" \/>\n<meta name=\"twitter:card\" content=\"summary_large_image\" \/>\n<meta name=\"twitter:label1\" content=\"Est. reading time\" \/>\n\t<meta name=\"twitter:data1\" content=\"4 minutes\" \/>\n<script type=\"application\/ld+json\" class=\"yoast-schema-graph\">{\"@context\":\"https:\\\/\\\/schema.org\",\"@graph\":[{\"@type\":\"WebPage\",\"@id\":\"https:\\\/\\\/svenskamedbaby.se\\\/reportage-alyas-berattelse\\\/\",\"url\":\"https:\\\/\\\/svenskamedbaby.se\\\/reportage-alyas-berattelse\\\/\",\"name\":\"Reportage- Alyas ber\u00e4ttelse - Svenska med baby\",\"isPartOf\":{\"@id\":\"https:\\\/\\\/svenskamedbaby.se\\\/#website\"},\"primaryImageOfPage\":{\"@id\":\"https:\\\/\\\/svenskamedbaby.se\\\/reportage-alyas-berattelse\\\/#primaryimage\"},\"image\":{\"@id\":\"https:\\\/\\\/svenskamedbaby.se\\\/reportage-alyas-berattelse\\\/#primaryimage\"},\"thumbnailUrl\":\"https:\\\/\\\/svenskamedbaby.se\\\/wp-content\\\/uploads\\\/2024\\\/05\\\/20221119_140440_1-2475x2500-1-500x500.jpeg\",\"datePublished\":\"2024-05-24T13:07:09+00:00\",\"dateModified\":\"2024-08-26T00:23:37+00:00\",\"breadcrumb\":{\"@id\":\"https:\\\/\\\/svenskamedbaby.se\\\/reportage-alyas-berattelse\\\/#breadcrumb\"},\"inLanguage\":\"so\",\"potentialAction\":[{\"@type\":\"ReadAction\",\"target\":[\"https:\\\/\\\/svenskamedbaby.se\\\/reportage-alyas-berattelse\\\/\"]}]},{\"@type\":\"ImageObject\",\"inLanguage\":\"so\",\"@id\":\"https:\\\/\\\/svenskamedbaby.se\\\/reportage-alyas-berattelse\\\/#primaryimage\",\"url\":\"https:\\\/\\\/svenskamedbaby.se\\\/wp-content\\\/uploads\\\/2024\\\/05\\\/20221119_140440_1-2475x2500-1-500x500.jpeg\",\"contentUrl\":\"https:\\\/\\\/svenskamedbaby.se\\\/wp-content\\\/uploads\\\/2024\\\/05\\\/20221119_140440_1-2475x2500-1-500x500.jpeg\"},{\"@type\":\"BreadcrumbList\",\"@id\":\"https:\\\/\\\/svenskamedbaby.se\\\/reportage-alyas-berattelse\\\/#breadcrumb\",\"itemListElement\":[{\"@type\":\"ListItem\",\"position\":1,\"name\":\"Home\",\"item\":\"https:\\\/\\\/svenskamedbaby.se\\\/\"},{\"@type\":\"ListItem\",\"position\":2,\"name\":\"Reportage- Alyas ber\u00e4ttelse\"}]},{\"@type\":\"WebSite\",\"@id\":\"https:\\\/\\\/svenskamedbaby.se\\\/#website\",\"url\":\"https:\\\/\\\/svenskamedbaby.se\\\/\",\"name\":\"Svenska med baby\",\"description\":\"Tr\u00e4ffar f\u00f6r sm\u00e5barn och vuxna med olika bakrund\",\"publisher\":{\"@id\":\"https:\\\/\\\/svenskamedbaby.se\\\/#organization\"},\"potentialAction\":[{\"@type\":\"SearchAction\",\"target\":{\"@type\":\"EntryPoint\",\"urlTemplate\":\"https:\\\/\\\/svenskamedbaby.se\\\/?s={search_term_string}\"},\"query-input\":{\"@type\":\"PropertyValueSpecification\",\"valueRequired\":true,\"valueName\":\"search_term_string\"}}],\"inLanguage\":\"so\"},{\"@type\":\"Organization\",\"@id\":\"https:\\\/\\\/svenskamedbaby.se\\\/#organization\",\"name\":\"Svenska med baby\",\"url\":\"https:\\\/\\\/svenskamedbaby.se\\\/\",\"logo\":{\"@type\":\"ImageObject\",\"inLanguage\":\"so\",\"@id\":\"https:\\\/\\\/svenskamedbaby.se\\\/#\\\/schema\\\/logo\\\/image\\\/\",\"url\":\"https:\\\/\\\/svenskamedbaby.se\\\/wp-content\\\/uploads\\\/2024\\\/01\\\/cropped-logo-liggande_orange.png\",\"contentUrl\":\"https:\\\/\\\/svenskamedbaby.se\\\/wp-content\\\/uploads\\\/2024\\\/01\\\/cropped-logo-liggande_orange.png\",\"width\":3101,\"height\":1056,\"caption\":\"Svenska med baby\"},\"image\":{\"@id\":\"https:\\\/\\\/svenskamedbaby.se\\\/#\\\/schema\\\/logo\\\/image\\\/\"},\"sameAs\":[\"https:\\\/\\\/www.facebook.com\\\/svenskamedbaby\",\"https:\\\/\\\/www.instagram.com\\\/svenskamedbaby\\\/\",\"https:\\\/\\\/www.youtube.com\\\/@svenskamedbaby2469\"]}]}<\/script>\n<!-- \/ Yoast SEO plugin. -->","yoast_head_json":{"title":"Reportage- Alyas ber\u00e4ttelse - Svenska med baby","robots":{"index":"index","follow":"follow","max-snippet":"max-snippet:-1","max-image-preview":"max-image-preview:large","max-video-preview":"max-video-preview:-1"},"canonical":"https:\/\/svenskamedbaby.se\/so\/reportage-alyas-berattelse\/","og_locale":"so_SO","og_type":"article","og_title":"Reportage- Alyas ber\u00e4ttelse - Svenska med baby","og_description":"Reportage Fr\u00e5n Ukraina till Sverige: Alyas ber\u00e4ttelse om flykten och livet i ett nytt land \u201cAtt tvingas fly fr\u00e5n sitt hemland och l\u00e4mna den st\u00f6rre delen av sin familj \u00e4r v\u00e4ldigt sm\u00e4rtsamt, men jag \u00e4r tacksam gentemot Sverige f\u00f6r m\u00f6jligheten att leva i trygghet med min dotter.\u201d Alya, eller Alevtyna Hryshyna som hennes fullst\u00e4ndiga namn...","og_url":"https:\/\/svenskamedbaby.se\/so\/reportage-alyas-berattelse\/","og_site_name":"Svenska med baby","article_publisher":"https:\/\/www.facebook.com\/svenskamedbaby","article_modified_time":"2024-08-26T00:23:37+00:00","og_image":[{"url":"https:\/\/svenskamedbaby.se\/wp-content\/uploads\/2024\/05\/20221119_140440_1-2475x2500-1-500x500.jpeg","type":"","width":"","height":""}],"twitter_card":"summary_large_image","twitter_misc":{"Est. reading time":"4 minutes"},"schema":{"@context":"https:\/\/schema.org","@graph":[{"@type":"WebPage","@id":"https:\/\/svenskamedbaby.se\/reportage-alyas-berattelse\/","url":"https:\/\/svenskamedbaby.se\/reportage-alyas-berattelse\/","name":"Reportage- Alyas ber\u00e4ttelse - Svenska med baby","isPartOf":{"@id":"https:\/\/svenskamedbaby.se\/#website"},"primaryImageOfPage":{"@id":"https:\/\/svenskamedbaby.se\/reportage-alyas-berattelse\/#primaryimage"},"image":{"@id":"https:\/\/svenskamedbaby.se\/reportage-alyas-berattelse\/#primaryimage"},"thumbnailUrl":"https:\/\/svenskamedbaby.se\/wp-content\/uploads\/2024\/05\/20221119_140440_1-2475x2500-1-500x500.jpeg","datePublished":"2024-05-24T13:07:09+00:00","dateModified":"2024-08-26T00:23:37+00:00","breadcrumb":{"@id":"https:\/\/svenskamedbaby.se\/reportage-alyas-berattelse\/#breadcrumb"},"inLanguage":"so","potentialAction":[{"@type":"ReadAction","target":["https:\/\/svenskamedbaby.se\/reportage-alyas-berattelse\/"]}]},{"@type":"ImageObject","inLanguage":"so","@id":"https:\/\/svenskamedbaby.se\/reportage-alyas-berattelse\/#primaryimage","url":"https:\/\/svenskamedbaby.se\/wp-content\/uploads\/2024\/05\/20221119_140440_1-2475x2500-1-500x500.jpeg","contentUrl":"https:\/\/svenskamedbaby.se\/wp-content\/uploads\/2024\/05\/20221119_140440_1-2475x2500-1-500x500.jpeg"},{"@type":"BreadcrumbList","@id":"https:\/\/svenskamedbaby.se\/reportage-alyas-berattelse\/#breadcrumb","itemListElement":[{"@type":"ListItem","position":1,"name":"Home","item":"https:\/\/svenskamedbaby.se\/"},{"@type":"ListItem","position":2,"name":"Reportage- Alyas ber\u00e4ttelse"}]},{"@type":"WebSite","@id":"https:\/\/svenskamedbaby.se\/#website","url":"https:\/\/svenskamedbaby.se\/","name":"Svenska med baby","description":"Kulamada socod-baradka iyo dadka waaweyn ee asalkoodu kala duwan yahay","publisher":{"@id":"https:\/\/svenskamedbaby.se\/#organization"},"potentialAction":[{"@type":"SearchAction","target":{"@type":"EntryPoint","urlTemplate":"https:\/\/svenskamedbaby.se\/?s={search_term_string}"},"query-input":{"@type":"PropertyValueSpecification","valueRequired":true,"valueName":"search_term_string"}}],"inLanguage":"so"},{"@type":"Organization","@id":"https:\/\/svenskamedbaby.se\/#organization","name":"Svenska med baby","url":"https:\/\/svenskamedbaby.se\/","logo":{"@type":"ImageObject","inLanguage":"so","@id":"https:\/\/svenskamedbaby.se\/#\/schema\/logo\/image\/","url":"https:\/\/svenskamedbaby.se\/wp-content\/uploads\/2024\/01\/cropped-logo-liggande_orange.png","contentUrl":"https:\/\/svenskamedbaby.se\/wp-content\/uploads\/2024\/01\/cropped-logo-liggande_orange.png","width":3101,"height":1056,"caption":"Svenska med baby"},"image":{"@id":"https:\/\/svenskamedbaby.se\/#\/schema\/logo\/image\/"},"sameAs":["https:\/\/www.facebook.com\/svenskamedbaby","https:\/\/www.instagram.com\/svenskamedbaby\/","https:\/\/www.youtube.com\/@svenskamedbaby2469"]}]}},"_links":{"self":[{"href":"https:\/\/svenskamedbaby.se\/so\/wp-json\/wp\/v2\/pages\/1036","targetHints":{"allow":["GET"]}}],"collection":[{"href":"https:\/\/svenskamedbaby.se\/so\/wp-json\/wp\/v2\/pages"}],"about":[{"href":"https:\/\/svenskamedbaby.se\/so\/wp-json\/wp\/v2\/types\/page"}],"author":[{"embeddable":true,"href":"https:\/\/svenskamedbaby.se\/so\/wp-json\/wp\/v2\/users\/5"}],"replies":[{"embeddable":true,"href":"https:\/\/svenskamedbaby.se\/so\/wp-json\/wp\/v2\/comments?post=1036"}],"version-history":[{"count":0,"href":"https:\/\/svenskamedbaby.se\/so\/wp-json\/wp\/v2\/pages\/1036\/revisions"}],"wp:attachment":[{"href":"https:\/\/svenskamedbaby.se\/so\/wp-json\/wp\/v2\/media?parent=1036"}],"curies":[{"name":"wp","href":"https:\/\/api.w.org\/{rel}","templated":true}]}}