{"id":1196,"date":"2023-11-29T13:47:41","date_gmt":"2023-11-29T13:47:41","guid":{"rendered":"https:\/\/svenskamedbaby.se\/?page_id=1196"},"modified":"2024-08-26T00:20:03","modified_gmt":"2024-08-26T00:20:03","slug":"olena-lymanska-berattar-om-livet-som-ensamstaende-mamma-i-sverige","status":"publish","type":"page","link":"https:\/\/svenskamedbaby.se\/so\/olena-lymanska-berattar-om-livet-som-ensamstaende-mamma-i-sverige\/","title":{"rendered":"Olena Lymanska waxay ka sheekaynaysaa nolosha hooyada kelidood ah ee Iswiidhan"},"content":{"rendered":"\t\t<div data-elementor-type=\"wp-page\" data-elementor-id=\"1196\" class=\"elementor elementor-1196\" data-elementor-post-type=\"page\">\n\t\t\t\t<div class=\"elementor-element elementor-element-78669b47 e-flex e-con-boxed e-con e-parent\" data-id=\"78669b47\" data-element_type=\"container\" data-e-type=\"container\" data-settings=\"{&quot;background_background&quot;:&quot;classic&quot;}\">\n\t\t\t\t\t<div class=\"e-con-inner\">\n\t\t<div class=\"elementor-element elementor-element-603555a8 e-con-full elementor-hidden-mobile e-flex elementor-invisible e-con e-child\" data-id=\"603555a8\" data-element_type=\"container\" data-e-type=\"container\" data-settings=\"{&quot;animation&quot;:&quot;slideInUp&quot;}\">\n\t\t\t\t<div class=\"elementor-element elementor-element-21bcb404 elementor-widget elementor-widget-image\" data-id=\"21bcb404\" data-element_type=\"widget\" data-e-type=\"widget\" data-settings=\"{&quot;motion_fx_motion_fx_scrolling&quot;:&quot;yes&quot;,&quot;motion_fx_translateY_effect&quot;:&quot;yes&quot;,&quot;motion_fx_translateY_speed&quot;:{&quot;unit&quot;:&quot;px&quot;,&quot;size&quot;:1.8,&quot;sizes&quot;:[]},&quot;motion_fx_translateY_affectedRange&quot;:{&quot;unit&quot;:&quot;%&quot;,&quot;size&quot;:&quot;&quot;,&quot;sizes&quot;:{&quot;start&quot;:0,&quot;end&quot;:100}},&quot;motion_fx_devices&quot;:[&quot;desktop&quot;,&quot;tablet&quot;,&quot;mobile&quot;]}\" data-widget_type=\"image.default\">\n\t\t\t\t<div class=\"elementor-widget-container\">\n\t\t\t\t\t\t\t\t\t\t\t\t\t\t\t<img fetchpriority=\"high\" decoding=\"async\" width=\"500\" height=\"500\" src=\"https:\/\/svenskamedbaby.se\/wp-content\/uploads\/2024\/06\/photo_2023-11-09_15-50-21-980x653-2-500x500.jpg\" class=\"attachment-thumbrelated size-thumbrelated wp-image-1195\" alt=\"\" srcset=\"https:\/\/svenskamedbaby.se\/wp-content\/uploads\/2024\/06\/photo_2023-11-09_15-50-21-980x653-2-500x500.jpg 500w, https:\/\/svenskamedbaby.se\/wp-content\/uploads\/2024\/06\/photo_2023-11-09_15-50-21-980x653-2-150x150.jpg 150w, https:\/\/svenskamedbaby.se\/wp-content\/uploads\/2024\/06\/photo_2023-11-09_15-50-21-980x653-2-300x300.jpg 300w\" sizes=\"(max-width: 500px) 100vw, 500px\" \/>\t\t\t\t\t\t\t\t\t\t\t\t\t\t\t<\/div>\n\t\t\t\t<\/div>\n\t\t\t\t<\/div>\n\t\t<div class=\"elementor-element elementor-element-4a1d3083 e-con-full animated-slow e-flex elementor-invisible e-con e-child\" data-id=\"4a1d3083\" data-element_type=\"container\" data-e-type=\"container\" data-settings=\"{&quot;animation&quot;:&quot;fadeIn&quot;,&quot;animation_delay&quot;:100,&quot;animation_mobile&quot;:&quot;none&quot;}\">\n\t\t\t\t<div class=\"elementor-element elementor-element-d774e9b elementor-widget elementor-widget-heading\" data-id=\"d774e9b\" data-element_type=\"widget\" data-e-type=\"widget\" data-widget_type=\"heading.default\">\n\t\t\t\t<div class=\"elementor-widget-container\">\n\t\t\t\t\t<h2 class=\"elementor-heading-title elementor-size-default\">Reportage<\/h2>\t\t\t\t<\/div>\n\t\t\t\t<\/div>\n\t\t\t\t<div class=\"elementor-element elementor-element-30cbde85 elementor-view-default elementor-widget elementor-widget-icon\" data-id=\"30cbde85\" data-element_type=\"widget\" data-e-type=\"widget\" data-widget_type=\"icon.default\">\n\t\t\t\t<div class=\"elementor-widget-container\">\n\t\t\t\t\t\t\t<div class=\"elementor-icon-wrapper\">\n\t\t\t<div class=\"elementor-icon\">\n\t\t\t<svg aria-hidden=\"true\" class=\"e-font-icon-svg e-fas-quote-left\" viewBox=\"0 0 512 512\" xmlns=\"http:\/\/www.w3.org\/2000\/svg\"><path d=\"M464 256h-80v-64c0-35.3 28.7-64 64-64h8c13.3 0 24-10.7 24-24V56c0-13.3-10.7-24-24-24h-8c-88.4 0-160 71.6-160 160v240c0 26.5 21.5 48 48 48h128c26.5 0 48-21.5 48-48V304c0-26.5-21.5-48-48-48zm-288 0H96v-64c0-35.3 28.7-64 64-64h8c13.3 0 24-10.7 24-24V56c0-13.3-10.7-24-24-24h-8C71.6 32 0 103.6 0 192v240c0 26.5 21.5 48 48 48h128c26.5 0 48-21.5 48-48V304c0-26.5-21.5-48-48-48z\"><\/path><\/svg>\t\t\t<\/div>\n\t\t<\/div>\n\t\t\t\t\t\t<\/div>\n\t\t\t\t<\/div>\n\t\t\t\t<div class=\"elementor-element elementor-element-78e46627 elementor-widget elementor-widget-heading\" data-id=\"78e46627\" data-element_type=\"widget\" data-e-type=\"widget\" data-widget_type=\"heading.default\">\n\t\t\t\t<div class=\"elementor-widget-container\">\n\t\t\t\t\t<h2 class=\"elementor-heading-title elementor-size-default\">Olena Lymanska ber\u00e4ttar om livet som ensamst\u00e5ende mamma i Sverige<\/h2>\t\t\t\t<\/div>\n\t\t\t\t<\/div>\n\t\t\t\t<div class=\"elementor-element elementor-element-e53f99a elementor-widget-divider--view-line elementor-widget elementor-widget-divider\" data-id=\"e53f99a\" data-element_type=\"widget\" data-e-type=\"widget\" data-widget_type=\"divider.default\">\n\t\t\t\t<div class=\"elementor-widget-container\">\n\t\t\t\t\t\t\t<div class=\"elementor-divider\">\n\t\t\t<span class=\"elementor-divider-separator\">\n\t\t\t\t\t\t<\/span>\n\t\t<\/div>\n\t\t\t\t\t\t<\/div>\n\t\t\t\t<\/div>\n\t\t\t\t<div class=\"elementor-element elementor-element-78ef1754 elementor-widget elementor-widget-text-editor\" data-id=\"78ef1754\" data-element_type=\"widget\" data-e-type=\"widget\" data-widget_type=\"text-editor.default\">\n\t\t\t\t<div class=\"elementor-widget-container\">\n\t\t\t\t\t\t\t\t\t<p>Jag trivs och b\u00f6rjar k\u00e4nna mig mer hemma h\u00e4r\u201d, s\u00e4ger Olena med ett stort leende. \u201dM\u00e4nniskorna i Sverige \u00e4r s\u00e5 v\u00e4nliga\u201d. Olena Lymanska \u00e4r en av alla ukrainare som kom till Sverige n\u00e4r kriget br\u00f6t ut f\u00f6r drygt tv\u00e5 \u00e5r sedan. Som ensamst\u00e5ende f\u00f6rstag\u00e5ngsmamma \u00e4r det inte helt l\u00e4tt att navigera i sitt nya hemland, men Olena k\u00e4nner \u00e4nd\u00e5 att hon b\u00f6rjar landa mer och mer och tycker verkligen om att bo h\u00e4r.<\/p><p>\u201dMin dotter \u00e4r 1 \u00e5r och 4 m\u00e5nader gammal\u201d, s\u00e4ger Olena med ett varmt leende. \u201dPlanen \u00e4r att hon ska b\u00f6rja f\u00f6rskolan n\u00e4r hon fyller tv\u00e5 \u00e5r. Just nu bes\u00f6ker vi \u00d6ppna f\u00f6rskolan flera g\u00e5nger i veckan f\u00f6r att hj\u00e4lpa henne att anpassa sig och leka med andra barn.\u201d<\/p><p>Ibland smyger sig en k\u00e4nsla av ensamhet p\u00e5. \u201dDet \u00e4r tufft att vara ensamst\u00e5ende mamma i ett nytt land och inte ha n\u00e5gon att dela vardagssysslorna med\u201d, s\u00e4ger Elena och lyfter upp sin dotter i kn\u00e4et. \u201cJag f\u00e5r s\u00e4llan chans att vara sj\u00e4lv och g\u00f6ra n\u00e5got bara f\u00f6r mig. Jag saknar min familj, s\u00e4rskilt min mamma som inte kan komma och bes\u00f6ka mig nu. Hon tar hand om min gamla mormor i Ukraina.\u201d<\/p><p>Men det \u00e4r inte sv\u00e5righeterna som definierar Olena. Hon \u00e4r en som ser det positiva i saker och ting f\u00f6rs\u00f6ker ta varje tillf\u00e4lle i akt att ta tillvara p\u00e5 de bra upplevelserna och de m\u00f6jligheter som Sverige erbjuder. \u201cDet finns mycket som jag tycker att Sverige \u00e4r s\u00e5 bra p\u00e5. Som till exempel h\u00e4lsov\u00e5rden som jag blev erbjuden n\u00e4r jag f\u00f6dde min dotter, b\u00e5de innan och efter\u00e5t. Det hade jag aldrig klarat av sj\u00e4lv. Ja, hela den st\u00f6djande samh\u00e4llsstrukturen\u201d Hon tar en paus och funderar innan hon forts\u00e4tter, \u201cP\u00e5 arbetsplatserna ser jag en stor skillnad med Ukraina. I Sverige v\u00e4rnar chefer verkligen om sina medarbetares tid och respekterar deras familjef\u00f6rh\u00e5llanden, vilket g\u00f6r att man kan skilja p\u00e5 arbetsliv och privatliv \u2014 det \u00e4r n\u00e5gra av m\u00e5nga saker som jag verkligen uppskattar med Sverige\u201d.<\/p><p>Under sin tid i Sverige har Olena nyttjat flera av de resurser och m\u00f6jligheter som har erbjudits f\u00f6r att st\u00f6tta henne.<\/p>\t\t\t\t\t\t\t\t<\/div>\n\t\t\t\t<\/div>\n\t\t\t\t<div class=\"elementor-element elementor-element-4ad3a6db elementor-align-left elementor-widget elementor-widget-button\" data-id=\"4ad3a6db\" data-element_type=\"widget\" data-e-type=\"widget\" data-widget_type=\"button.default\">\n\t\t\t\t<div class=\"elementor-widget-container\">\n\t\t\t\t\t\t\t\t\t<div class=\"elementor-button-wrapper\">\n\t\t\t\t\t<a class=\"elementor-button elementor-button-link elementor-size-sm\" href=\"https:\/\/svenskamedbaby.se\/so\/reportage\/\">\n\t\t\t\t\t\t<span class=\"elementor-button-content-wrapper\">\n\t\t\t\t\t\t\t\t\t<span class=\"elementor-button-text\">L\u00e4s fler reportage<\/span>\n\t\t\t\t\t<\/span>\n\t\t\t\t\t<\/a>\n\t\t\t\t<\/div>\n\t\t\t\t\t\t\t\t<\/div>\n\t\t\t\t<\/div>\n\t\t\t\t<\/div>\n\t\t\t\t\t<\/div>\n\t\t\t\t<\/div>\n\t\t\t\t<\/div>\n\t\t","protected":false},"excerpt":{"rendered":"<p>Reportage Olena Lymanska ber\u00e4ttar om livet som ensamst\u00e5ende mamma i Sverige Jag trivs och b\u00f6rjar k\u00e4nna mig mer hemma h\u00e4r\u201d, s\u00e4ger Olena med ett stort leende. \u201dM\u00e4nniskorna i Sverige \u00e4r s\u00e5 v\u00e4nliga\u201d. Olena Lymanska \u00e4r en av alla ukrainare som kom till Sverige n\u00e4r kriget br\u00f6t ut f\u00f6r drygt tv\u00e5 \u00e5r sedan. Som ensamst\u00e5ende f\u00f6rstag\u00e5ngsmamma&#8230;<\/p>","protected":false},"author":5,"featured_media":0,"parent":0,"menu_order":0,"comment_status":"closed","ping_status":"closed","template":"","meta":{"_kad_post_transparent":"","_kad_post_title":"hide","_kad_post_layout":"fullwidth","_kad_post_sidebar_id":"","_kad_post_content_style":"unboxed","_kad_post_vertical_padding":"hide","_kad_post_feature":"hide","_kad_post_feature_position":"","_kad_post_header":false,"_kad_post_footer":false,"footnotes":""},"class_list":["post-1196","page","type-page","status-publish","hentry"],"yoast_head":"<!-- This site is optimized with the Yoast SEO plugin v27.3 - https:\/\/yoast.com\/product\/yoast-seo-wordpress\/ -->\n<title>Olena Lymanska ber\u00e4ttar om livet som ensamst\u00e5ende mamma i Sverige - Svenska med baby<\/title>\n<meta name=\"robots\" content=\"index, follow, max-snippet:-1, max-image-preview:large, max-video-preview:-1\" \/>\n<link rel=\"canonical\" href=\"https:\/\/svenskamedbaby.se\/so\/olena-lymanska-berattar-om-livet-som-ensamstaende-mamma-i-sverige\/\" \/>\n<meta property=\"og:locale\" content=\"so_SO\" \/>\n<meta property=\"og:type\" content=\"article\" \/>\n<meta property=\"og:title\" content=\"Olena Lymanska ber\u00e4ttar om livet som ensamst\u00e5ende mamma i Sverige - Svenska med baby\" \/>\n<meta property=\"og:description\" content=\"Reportage Olena Lymanska ber\u00e4ttar om livet som ensamst\u00e5ende mamma i Sverige Jag trivs och b\u00f6rjar k\u00e4nna mig mer hemma h\u00e4r\u201d, s\u00e4ger Olena med ett stort leende. \u201dM\u00e4nniskorna i Sverige \u00e4r s\u00e5 v\u00e4nliga\u201d. Olena Lymanska \u00e4r en av alla ukrainare som kom till Sverige n\u00e4r kriget br\u00f6t ut f\u00f6r drygt tv\u00e5 \u00e5r sedan. Som ensamst\u00e5ende f\u00f6rstag\u00e5ngsmamma...\" \/>\n<meta property=\"og:url\" content=\"https:\/\/svenskamedbaby.se\/so\/olena-lymanska-berattar-om-livet-som-ensamstaende-mamma-i-sverige\/\" \/>\n<meta property=\"og:site_name\" content=\"Svenska med baby\" \/>\n<meta property=\"article:publisher\" content=\"https:\/\/www.facebook.com\/svenskamedbaby\" \/>\n<meta property=\"article:modified_time\" content=\"2024-08-26T00:20:03+00:00\" \/>\n<meta property=\"og:image\" content=\"https:\/\/svenskamedbaby.se\/wp-content\/uploads\/2024\/06\/photo_2023-11-09_15-50-21-980x653-2-500x500.jpg\" \/>\n<meta name=\"twitter:card\" content=\"summary_large_image\" \/>\n<meta name=\"twitter:label1\" content=\"Est. reading time\" \/>\n\t<meta name=\"twitter:data1\" content=\"3 minutes\" \/>\n<script type=\"application\/ld+json\" class=\"yoast-schema-graph\">{\"@context\":\"https:\\\/\\\/schema.org\",\"@graph\":[{\"@type\":\"WebPage\",\"@id\":\"https:\\\/\\\/svenskamedbaby.se\\\/olena-lymanska-berattar-om-livet-som-ensamstaende-mamma-i-sverige\\\/\",\"url\":\"https:\\\/\\\/svenskamedbaby.se\\\/olena-lymanska-berattar-om-livet-som-ensamstaende-mamma-i-sverige\\\/\",\"name\":\"Olena Lymanska ber\u00e4ttar om livet som ensamst\u00e5ende mamma i Sverige - Svenska med baby\",\"isPartOf\":{\"@id\":\"https:\\\/\\\/svenskamedbaby.se\\\/#website\"},\"primaryImageOfPage\":{\"@id\":\"https:\\\/\\\/svenskamedbaby.se\\\/olena-lymanska-berattar-om-livet-som-ensamstaende-mamma-i-sverige\\\/#primaryimage\"},\"image\":{\"@id\":\"https:\\\/\\\/svenskamedbaby.se\\\/olena-lymanska-berattar-om-livet-som-ensamstaende-mamma-i-sverige\\\/#primaryimage\"},\"thumbnailUrl\":\"https:\\\/\\\/svenskamedbaby.se\\\/wp-content\\\/uploads\\\/2024\\\/06\\\/photo_2023-11-09_15-50-21-980x653-2-500x500.jpg\",\"datePublished\":\"2023-11-29T13:47:41+00:00\",\"dateModified\":\"2024-08-26T00:20:03+00:00\",\"breadcrumb\":{\"@id\":\"https:\\\/\\\/svenskamedbaby.se\\\/olena-lymanska-berattar-om-livet-som-ensamstaende-mamma-i-sverige\\\/#breadcrumb\"},\"inLanguage\":\"so\",\"potentialAction\":[{\"@type\":\"ReadAction\",\"target\":[\"https:\\\/\\\/svenskamedbaby.se\\\/olena-lymanska-berattar-om-livet-som-ensamstaende-mamma-i-sverige\\\/\"]}]},{\"@type\":\"ImageObject\",\"inLanguage\":\"so\",\"@id\":\"https:\\\/\\\/svenskamedbaby.se\\\/olena-lymanska-berattar-om-livet-som-ensamstaende-mamma-i-sverige\\\/#primaryimage\",\"url\":\"https:\\\/\\\/svenskamedbaby.se\\\/wp-content\\\/uploads\\\/2024\\\/06\\\/photo_2023-11-09_15-50-21-980x653-2-500x500.jpg\",\"contentUrl\":\"https:\\\/\\\/svenskamedbaby.se\\\/wp-content\\\/uploads\\\/2024\\\/06\\\/photo_2023-11-09_15-50-21-980x653-2-500x500.jpg\"},{\"@type\":\"BreadcrumbList\",\"@id\":\"https:\\\/\\\/svenskamedbaby.se\\\/olena-lymanska-berattar-om-livet-som-ensamstaende-mamma-i-sverige\\\/#breadcrumb\",\"itemListElement\":[{\"@type\":\"ListItem\",\"position\":1,\"name\":\"Home\",\"item\":\"https:\\\/\\\/svenskamedbaby.se\\\/\"},{\"@type\":\"ListItem\",\"position\":2,\"name\":\"Olena Lymanska ber\u00e4ttar om livet som ensamst\u00e5ende mamma i Sverige\"}]},{\"@type\":\"WebSite\",\"@id\":\"https:\\\/\\\/svenskamedbaby.se\\\/#website\",\"url\":\"https:\\\/\\\/svenskamedbaby.se\\\/\",\"name\":\"Svenska med baby\",\"description\":\"Tr\u00e4ffar f\u00f6r sm\u00e5barn och vuxna med olika bakrund\",\"publisher\":{\"@id\":\"https:\\\/\\\/svenskamedbaby.se\\\/#organization\"},\"potentialAction\":[{\"@type\":\"SearchAction\",\"target\":{\"@type\":\"EntryPoint\",\"urlTemplate\":\"https:\\\/\\\/svenskamedbaby.se\\\/?s={search_term_string}\"},\"query-input\":{\"@type\":\"PropertyValueSpecification\",\"valueRequired\":true,\"valueName\":\"search_term_string\"}}],\"inLanguage\":\"so\"},{\"@type\":\"Organization\",\"@id\":\"https:\\\/\\\/svenskamedbaby.se\\\/#organization\",\"name\":\"Svenska med baby\",\"url\":\"https:\\\/\\\/svenskamedbaby.se\\\/\",\"logo\":{\"@type\":\"ImageObject\",\"inLanguage\":\"so\",\"@id\":\"https:\\\/\\\/svenskamedbaby.se\\\/#\\\/schema\\\/logo\\\/image\\\/\",\"url\":\"https:\\\/\\\/svenskamedbaby.se\\\/wp-content\\\/uploads\\\/2024\\\/01\\\/cropped-logo-liggande_orange.png\",\"contentUrl\":\"https:\\\/\\\/svenskamedbaby.se\\\/wp-content\\\/uploads\\\/2024\\\/01\\\/cropped-logo-liggande_orange.png\",\"width\":3101,\"height\":1056,\"caption\":\"Svenska med baby\"},\"image\":{\"@id\":\"https:\\\/\\\/svenskamedbaby.se\\\/#\\\/schema\\\/logo\\\/image\\\/\"},\"sameAs\":[\"https:\\\/\\\/www.facebook.com\\\/svenskamedbaby\",\"https:\\\/\\\/www.instagram.com\\\/svenskamedbaby\\\/\",\"https:\\\/\\\/www.youtube.com\\\/@svenskamedbaby2469\"]}]}<\/script>\n<!-- \/ Yoast SEO plugin. -->","yoast_head_json":{"title":"Olena Lymanska ber\u00e4ttar om livet som ensamst\u00e5ende mamma i Sverige - Svenska med baby","robots":{"index":"index","follow":"follow","max-snippet":"max-snippet:-1","max-image-preview":"max-image-preview:large","max-video-preview":"max-video-preview:-1"},"canonical":"https:\/\/svenskamedbaby.se\/so\/olena-lymanska-berattar-om-livet-som-ensamstaende-mamma-i-sverige\/","og_locale":"so_SO","og_type":"article","og_title":"Olena Lymanska ber\u00e4ttar om livet som ensamst\u00e5ende mamma i Sverige - Svenska med baby","og_description":"Reportage Olena Lymanska ber\u00e4ttar om livet som ensamst\u00e5ende mamma i Sverige Jag trivs och b\u00f6rjar k\u00e4nna mig mer hemma h\u00e4r\u201d, s\u00e4ger Olena med ett stort leende. \u201dM\u00e4nniskorna i Sverige \u00e4r s\u00e5 v\u00e4nliga\u201d. Olena Lymanska \u00e4r en av alla ukrainare som kom till Sverige n\u00e4r kriget br\u00f6t ut f\u00f6r drygt tv\u00e5 \u00e5r sedan. Som ensamst\u00e5ende f\u00f6rstag\u00e5ngsmamma...","og_url":"https:\/\/svenskamedbaby.se\/so\/olena-lymanska-berattar-om-livet-som-ensamstaende-mamma-i-sverige\/","og_site_name":"Svenska med baby","article_publisher":"https:\/\/www.facebook.com\/svenskamedbaby","article_modified_time":"2024-08-26T00:20:03+00:00","og_image":[{"url":"https:\/\/svenskamedbaby.se\/wp-content\/uploads\/2024\/06\/photo_2023-11-09_15-50-21-980x653-2-500x500.jpg","type":"","width":"","height":""}],"twitter_card":"summary_large_image","twitter_misc":{"Est. reading time":"3 minutes"},"schema":{"@context":"https:\/\/schema.org","@graph":[{"@type":"WebPage","@id":"https:\/\/svenskamedbaby.se\/olena-lymanska-berattar-om-livet-som-ensamstaende-mamma-i-sverige\/","url":"https:\/\/svenskamedbaby.se\/olena-lymanska-berattar-om-livet-som-ensamstaende-mamma-i-sverige\/","name":"Olena Lymanska ber\u00e4ttar om livet som ensamst\u00e5ende mamma i Sverige - Svenska med baby","isPartOf":{"@id":"https:\/\/svenskamedbaby.se\/#website"},"primaryImageOfPage":{"@id":"https:\/\/svenskamedbaby.se\/olena-lymanska-berattar-om-livet-som-ensamstaende-mamma-i-sverige\/#primaryimage"},"image":{"@id":"https:\/\/svenskamedbaby.se\/olena-lymanska-berattar-om-livet-som-ensamstaende-mamma-i-sverige\/#primaryimage"},"thumbnailUrl":"https:\/\/svenskamedbaby.se\/wp-content\/uploads\/2024\/06\/photo_2023-11-09_15-50-21-980x653-2-500x500.jpg","datePublished":"2023-11-29T13:47:41+00:00","dateModified":"2024-08-26T00:20:03+00:00","breadcrumb":{"@id":"https:\/\/svenskamedbaby.se\/olena-lymanska-berattar-om-livet-som-ensamstaende-mamma-i-sverige\/#breadcrumb"},"inLanguage":"so","potentialAction":[{"@type":"ReadAction","target":["https:\/\/svenskamedbaby.se\/olena-lymanska-berattar-om-livet-som-ensamstaende-mamma-i-sverige\/"]}]},{"@type":"ImageObject","inLanguage":"so","@id":"https:\/\/svenskamedbaby.se\/olena-lymanska-berattar-om-livet-som-ensamstaende-mamma-i-sverige\/#primaryimage","url":"https:\/\/svenskamedbaby.se\/wp-content\/uploads\/2024\/06\/photo_2023-11-09_15-50-21-980x653-2-500x500.jpg","contentUrl":"https:\/\/svenskamedbaby.se\/wp-content\/uploads\/2024\/06\/photo_2023-11-09_15-50-21-980x653-2-500x500.jpg"},{"@type":"BreadcrumbList","@id":"https:\/\/svenskamedbaby.se\/olena-lymanska-berattar-om-livet-som-ensamstaende-mamma-i-sverige\/#breadcrumb","itemListElement":[{"@type":"ListItem","position":1,"name":"Home","item":"https:\/\/svenskamedbaby.se\/"},{"@type":"ListItem","position":2,"name":"Olena Lymanska ber\u00e4ttar om livet som ensamst\u00e5ende mamma i Sverige"}]},{"@type":"WebSite","@id":"https:\/\/svenskamedbaby.se\/#website","url":"https:\/\/svenskamedbaby.se\/","name":"Svenska med baby","description":"Kulamada socod-baradka iyo dadka waaweyn ee asalkoodu kala duwan yahay","publisher":{"@id":"https:\/\/svenskamedbaby.se\/#organization"},"potentialAction":[{"@type":"SearchAction","target":{"@type":"EntryPoint","urlTemplate":"https:\/\/svenskamedbaby.se\/?s={search_term_string}"},"query-input":{"@type":"PropertyValueSpecification","valueRequired":true,"valueName":"search_term_string"}}],"inLanguage":"so"},{"@type":"Organization","@id":"https:\/\/svenskamedbaby.se\/#organization","name":"Svenska med baby","url":"https:\/\/svenskamedbaby.se\/","logo":{"@type":"ImageObject","inLanguage":"so","@id":"https:\/\/svenskamedbaby.se\/#\/schema\/logo\/image\/","url":"https:\/\/svenskamedbaby.se\/wp-content\/uploads\/2024\/01\/cropped-logo-liggande_orange.png","contentUrl":"https:\/\/svenskamedbaby.se\/wp-content\/uploads\/2024\/01\/cropped-logo-liggande_orange.png","width":3101,"height":1056,"caption":"Svenska med baby"},"image":{"@id":"https:\/\/svenskamedbaby.se\/#\/schema\/logo\/image\/"},"sameAs":["https:\/\/www.facebook.com\/svenskamedbaby","https:\/\/www.instagram.com\/svenskamedbaby\/","https:\/\/www.youtube.com\/@svenskamedbaby2469"]}]}},"_links":{"self":[{"href":"https:\/\/svenskamedbaby.se\/so\/wp-json\/wp\/v2\/pages\/1196","targetHints":{"allow":["GET"]}}],"collection":[{"href":"https:\/\/svenskamedbaby.se\/so\/wp-json\/wp\/v2\/pages"}],"about":[{"href":"https:\/\/svenskamedbaby.se\/so\/wp-json\/wp\/v2\/types\/page"}],"author":[{"embeddable":true,"href":"https:\/\/svenskamedbaby.se\/so\/wp-json\/wp\/v2\/users\/5"}],"replies":[{"embeddable":true,"href":"https:\/\/svenskamedbaby.se\/so\/wp-json\/wp\/v2\/comments?post=1196"}],"version-history":[{"count":0,"href":"https:\/\/svenskamedbaby.se\/so\/wp-json\/wp\/v2\/pages\/1196\/revisions"}],"wp:attachment":[{"href":"https:\/\/svenskamedbaby.se\/so\/wp-json\/wp\/v2\/media?parent=1196"}],"curies":[{"name":"wp","href":"https:\/\/api.w.org\/{rel}","templated":true}]}}