{"id":1798,"date":"2024-08-26T13:14:25","date_gmt":"2024-08-26T13:14:25","guid":{"rendered":"https:\/\/svenskamedbaby.se\/?page_id=1798"},"modified":"2024-09-18T09:03:47","modified_gmt":"2024-09-18T09:03:47","slug":"foralder-till-foralder-nashua","status":"publish","type":"page","link":"https:\/\/svenskamedbaby.se\/so\/foralder-till-foralder-nashua\/","title":{"rendered":"Waalid iyo waalid"},"content":{"rendered":"\t\t<div data-elementor-type=\"wp-page\" data-elementor-id=\"1798\" class=\"elementor elementor-1798\" data-elementor-post-type=\"page\">\n\t\t\t\t<div class=\"elementor-element elementor-element-1859325 e-con-full e-flex e-con e-parent\" data-id=\"1859325\" data-element_type=\"container\" data-e-type=\"container\" data-settings=\"{&quot;background_background&quot;:&quot;classic&quot;}\">\n\t\t\t\t<\/div>\n\t\t<div class=\"elementor-element elementor-element-2d0f1621 e-flex e-con-boxed e-con e-parent\" data-id=\"2d0f1621\" data-element_type=\"container\" data-e-type=\"container\" data-settings=\"{&quot;background_background&quot;:&quot;classic&quot;}\">\n\t\t\t\t\t<div class=\"e-con-inner\">\n\t\t\t\t<div class=\"elementor-element elementor-element-330b90a5 animated-slow elementor-invisible elementor-widget elementor-widget-heading\" data-id=\"330b90a5\" data-element_type=\"widget\" data-e-type=\"widget\" data-settings=\"{&quot;_animation&quot;:&quot;fadeIn&quot;,&quot;_animation_mobile&quot;:&quot;none&quot;}\" data-widget_type=\"heading.default\">\n\t\t\t\t<div class=\"elementor-widget-container\">\n\t\t\t\t\t<h2 class=\"elementor-heading-title elementor-size-default\">F\u00f6r\u00e4lder till f\u00f6r\u00e4lder <\/h2>\t\t\t\t<\/div>\n\t\t\t\t<\/div>\n\t\t\t\t\t<\/div>\n\t\t\t\t<\/div>\n\t\t<div class=\"elementor-element elementor-element-087557e e-flex e-con-boxed e-con e-parent\" data-id=\"087557e\" data-element_type=\"container\" data-e-type=\"container\" data-settings=\"{&quot;background_background&quot;:&quot;classic&quot;}\">\n\t\t\t\t\t<div class=\"e-con-inner\">\n\t\t\t\t<div class=\"elementor-element elementor-element-1b2d369 elementor-widget-divider--view-line elementor-widget elementor-widget-divider\" data-id=\"1b2d369\" data-element_type=\"widget\" data-e-type=\"widget\" data-widget_type=\"divider.default\">\n\t\t\t\t<div class=\"elementor-widget-container\">\n\t\t\t\t\t\t\t<div class=\"elementor-divider\">\n\t\t\t<span class=\"elementor-divider-separator\">\n\t\t\t\t\t\t<\/span>\n\t\t<\/div>\n\t\t\t\t\t\t<\/div>\n\t\t\t\t<\/div>\n\t\t\t\t\t<\/div>\n\t\t\t\t<\/div>\n\t\t<div class=\"elementor-element elementor-element-4ac64f0e e-flex e-con-boxed e-con e-parent\" data-id=\"4ac64f0e\" data-element_type=\"container\" data-e-type=\"container\" data-settings=\"{&quot;background_background&quot;:&quot;classic&quot;}\">\n\t\t\t\t\t<div class=\"e-con-inner\">\n\t\t<div class=\"elementor-element elementor-element-709d34db e-con-full animated-slow e-flex elementor-invisible e-con e-child\" data-id=\"709d34db\" data-element_type=\"container\" data-e-type=\"container\" data-settings=\"{&quot;animation&quot;:&quot;fadeIn&quot;,&quot;animation_delay&quot;:100,&quot;animation_mobile&quot;:&quot;none&quot;}\">\n\t\t\t\t<div class=\"elementor-element elementor-element-7fc0080b elementor-widget elementor-widget-heading\" data-id=\"7fc0080b\" data-element_type=\"widget\" data-e-type=\"widget\" data-widget_type=\"heading.default\">\n\t\t\t\t<div class=\"elementor-widget-container\">\n\t\t\t\t\t<h2 class=\"elementor-heading-title elementor-size-default\"> Tankar om vikten av f\u00f6rskola<\/h2>\t\t\t\t<\/div>\n\t\t\t\t<\/div>\n\t\t\t\t<div class=\"elementor-element elementor-element-5a7cd866 elementor-widget-divider--view-line elementor-widget elementor-widget-divider\" data-id=\"5a7cd866\" data-element_type=\"widget\" data-e-type=\"widget\" data-widget_type=\"divider.default\">\n\t\t\t\t<div class=\"elementor-widget-container\">\n\t\t\t\t\t\t\t<div class=\"elementor-divider\">\n\t\t\t<span class=\"elementor-divider-separator\">\n\t\t\t\t\t\t<\/span>\n\t\t<\/div>\n\t\t\t\t\t\t<\/div>\n\t\t\t\t<\/div>\n\t\t\t\t<div class=\"elementor-element elementor-element-6514adc7 elementor-widget__width-initial elementor-widget elementor-widget-text-editor\" data-id=\"6514adc7\" data-element_type=\"widget\" data-e-type=\"widget\" data-widget_type=\"text-editor.default\">\n\t\t\t\t<div class=\"elementor-widget-container\">\n\t\t\t\t\t\t\t\t\t<p><span style=\"font-weight: 300;\">\u201c<em>F\u00f6rskolan \u00e4r grunden f\u00f6r l\u00e4randet som forts\u00e4tter i skolan och \u00e4r f\u00f6rsta<\/em><em> st<\/em><em>eget<\/em><em> i barnens utbildning, d\u00e4rf\u00f6r \u00e4r det viktigt f\u00f6r oss att v\u00e5ra barn g\u00e5r p\u00e5 f\u00f6rskolan.<\/em>\u201d<\/span><\/p><p><span style=\"font-weight: 300;\">Nashua Mouiad har fyra barn, varav tre g\u00e5r p\u00e5 f\u00f6rskolan. Eller r\u00e4ttare sagt, den minsta h\u00e5ller just nu p\u00e5 att skolas in. Den ett\u00e5riga Yasin verkar \u00e4nnu s\u00e5 l\u00e4nge trivas, han g\u00e5r p\u00e5 samma avdelning som brorsan och Nashua tror att det g\u00f6r att han k\u00e4nner sig lite extra hemmastadd.<\/span><\/p><h5>Utveckling p\u00e5 m\u00e5nga plan<\/h5><p><span style=\"font-weight: 300;\">\u201cDe utvecklas s\u00e5 mycket p\u00e5 f\u00f6rskolan, jag m\u00e4rker till exempel p\u00e5 mina barn hur deras spr\u00e5k har utvecklats rej\u00e4lt och vilka ordf\u00f6rr\u00e5d de har samlat p\u00e5 sig. Min snart 3-\u00e5riga son pratar obehindrat, med l\u00e5nga meningar som inneh\u00e5ller sv\u00e5ra ord. Det gl\u00e4djer mig!\u201d<\/span><\/p><p><span style=\"font-weight: 300;\">Genom leken f\u00e5r de ocks\u00e5 utveckla sin fantasi, menar hon, och de st\u00e4rker sin f\u00f6rm\u00e5ga att b\u00e5de umg\u00e5s och samarbeta med sina kompisar och l\u00e4r sig att l\u00f6sa konflikter.<\/span><\/p><h5><span style=\"font-weight: 300;\">Att v\u00e4lja f\u00f6rskola<\/span><\/h5><p><span style=\"font-weight: 300;\">Att v\u00e4lja vilken f\u00f6rskola man ska s\u00f6ka till \u00e4r inte det l\u00e4ttaste. Det finns m\u00e5nga s\u00e4tt att t\u00e4nka kring det. F\u00f6r Nashua och hennes man \u00e4r det v\u00e4ldigt viktigt med bra kommunikation, att de blir informerade om hur barnens dag har varit. De har ocks\u00e5 funderat mycket \u00f6ver inriktningen p\u00e5 f\u00f6rskolan, det har varit av stor vikt n\u00e4r de har valt plats.\u00a0<\/span><\/p><p><span style=\"font-weight: 300;\">\u201cP\u00e5 barnens f\u00f6rskola samarbetar de med friluftsfr\u00e4mjandet. De spenderar mycket tid utomhus och satsar p\u00e5 utelekens och g\u00f6r mycket utflykter till skogen och naturen.&#8221;<\/span><\/p><p><span style=\"font-weight: 300;\">\u00c4ven n\u00e4r man som Nashua \u00e4r v\u00e4ldigt n\u00f6jd med hur barnen har det, finns det f\u00f6rst\u00e5s alltid sm\u00e5 orosmoln. S\u00e5dana man inte kommer ifr\u00e5n n\u00e4r man \u00e4r f\u00f6r\u00e4lder.\u00a0\u00a0<\/span><\/p><p><span style=\"font-weight: 300;\">\u201cMina barns f\u00f6rskola har slagits ihop med en annan, p\u00e5 grund av nedsk\u00e4rningar och det blev omorganisation bland pedagoger. Barnen fick nya pedagoger och jag k\u00e4nner hur det har p\u00e5verkat dem. Det kommer s\u00e4kert att bli bra om ett tag, n\u00e4r alla l\u00e4rt k\u00e4nna varandra, men du vet hur man kan bli som f\u00f6r\u00e4lder!\u201d<\/span><\/p>\t\t\t\t\t\t\t\t<\/div>\n\t\t\t\t<\/div>\n\t\t\t\t<\/div>\n\t\t<div class=\"elementor-element elementor-element-4485f134 e-con-full elementor-hidden-mobile image-500x500 e-flex elementor-invisible e-con e-child\" data-id=\"4485f134\" data-element_type=\"container\" data-e-type=\"container\" data-settings=\"{&quot;animation&quot;:&quot;slideInUp&quot;}\">\n\t\t\t\t<div class=\"elementor-element elementor-element-6f642b66 image-500x500 elementor-widget elementor-widget-image\" data-id=\"6f642b66\" data-element_type=\"widget\" data-e-type=\"widget\" data-settings=\"{&quot;motion_fx_motion_fx_scrolling&quot;:&quot;yes&quot;,&quot;motion_fx_translateY_effect&quot;:&quot;yes&quot;,&quot;motion_fx_translateY_speed&quot;:{&quot;unit&quot;:&quot;px&quot;,&quot;size&quot;:1.8,&quot;sizes&quot;:[]},&quot;motion_fx_translateY_affectedRange&quot;:{&quot;unit&quot;:&quot;%&quot;,&quot;size&quot;:&quot;&quot;,&quot;sizes&quot;:{&quot;start&quot;:0,&quot;end&quot;:100}},&quot;motion_fx_devices&quot;:[&quot;desktop&quot;,&quot;tablet&quot;,&quot;mobile&quot;]}\" data-widget_type=\"image.default\">\n\t\t\t\t<div class=\"elementor-widget-container\">\n\t\t\t\t\t\t\t\t\t\t\t\t\t\t\t<img fetchpriority=\"high\" decoding=\"async\" width=\"500\" height=\"500\" src=\"https:\/\/svenskamedbaby.se\/wp-content\/uploads\/2024\/08\/Nashua_low-500x500.jpg\" class=\"attachment-thumbrelated size-thumbrelated wp-image-1802\" alt=\"\" srcset=\"https:\/\/svenskamedbaby.se\/wp-content\/uploads\/2024\/08\/Nashua_low-500x500.jpg 500w, https:\/\/svenskamedbaby.se\/wp-content\/uploads\/2024\/08\/Nashua_low-150x150.jpg 150w, https:\/\/svenskamedbaby.se\/wp-content\/uploads\/2024\/08\/Nashua_low-300x300.jpg 300w\" sizes=\"(max-width: 500px) 100vw, 500px\" \/>\t\t\t\t\t\t\t\t\t\t\t\t\t\t\t<\/div>\n\t\t\t\t<\/div>\n\t\t\t\t<div class=\"elementor-element elementor-element-88a87ba elementor-widget__width-initial elementor-widget elementor-widget-text-editor\" data-id=\"88a87ba\" data-element_type=\"widget\" data-e-type=\"widget\" data-widget_type=\"text-editor.default\">\n\t\t\t\t<div class=\"elementor-widget-container\">\n\t\t\t\t\t\t\t\t\t<h5>Den viktiga inskolningen<\/h5><p><span style=\"font-weight: 300;\">N\u00e4r man v\u00e4l har beslutat sig f\u00f6r vilken f\u00f6rskola man vill v\u00e4lja f\u00f6r sitt barn, s\u00e5 g\u00e4ller det f\u00f6rst\u00e5s att barnet f\u00e5r en plats. Och n\u00e4r man f\u00f6rhoppningsvis har jublat \u00f6ver att barnet f\u00e5tt plats d\u00e4r man \u00f6nskat, d\u00e5 b\u00f6rjar inskolningen! Hur g\u00f6r man d\u00e5 n\u00e4r barnet ska b\u00f6rja f\u00f6r att det ska ske s\u00e5 smidigt som m\u00f6jligt? Nashua tipsar!<\/span><\/p><h5><span style=\"font-weight: 300;\">Nashuas tips f\u00f6r inskolning:<\/span><\/h5><ul><li><span style=\"font-weight: 300;\">Tr\u00e4na p\u00e5 separation fr\u00e5n f\u00f6r\u00e4ldrarna innan inskolning, till exempel genom att l\u00e4mna barnet hos mor\/farf\u00f6r\u00e4ldrar.\u00a0<\/span><\/li><li><span style=\"font-weight: 300;\">V\u00e4nj barnet att umg\u00e5s med andra, exempelvis p\u00e5 \u00f6ppna f\u00f6rskolan.<\/span><\/li><li><span style=\"font-weight: 300;\">Ta med n\u00e5got som barnet \u00e4r van vid att ha n\u00e4r hen \u00e4r ledsen, till exempel en filt eller ett gosedjur.\u00a0<\/span><\/li><li><span style=\"font-weight: 300;\">Ber\u00e4tta om ditt barns vanor f\u00f6r personalen och vad barnet gillar och blir glad av n\u00e4r hen \u00e4r ledsen.<\/span><\/li><\/ul>\t\t\t\t\t\t\t\t<\/div>\n\t\t\t\t<\/div>\n\t\t\t\t<\/div>\n\t\t\t\t\t<\/div>\n\t\t\t\t<\/div>\n\t\t<div class=\"elementor-element elementor-element-a4bac95 elementor-hidden-mobile typing-block e-flex e-con-boxed e-con e-parent\" data-id=\"a4bac95\" data-element_type=\"container\" data-e-type=\"container\" data-settings=\"{&quot;background_background&quot;:&quot;classic&quot;}\">\n\t\t\t\t\t<div class=\"e-con-inner\">\n\t\t\t\t<div class=\"elementor-element elementor-element-a72455f elementor-widget elementor-widget-heading\" data-id=\"a72455f\" data-element_type=\"widget\" data-e-type=\"widget\" data-widget_type=\"heading.default\">\n\t\t\t\t<div class=\"elementor-widget-container\">\n\t\t\t\t\t<h4 class=\"elementor-heading-title elementor-size-default\"><span class=\"typed-me\" data-string0=\"Hej och v\u00e4lkommen\" data-string1=\"\u041f\u0440\u0438\u0432\u0456\u0442 \u0456 \u043b\u0430\u0441\u043a\u0430\u0432\u043e \u043f\u0440\u043e\u0441\u0438\u043c\u043e\" data-string2=\"\u0623\u0647\u0644\u0627 \u0648\u0645\u0631\u062d\u0628\u0627\" data-string3=\"Salaan iyo soo dhawayn\" data-string4=\"Hi and welcome\" data-type-speed=\"40\" data-start-delay=\"0\" data-back-speed=\"40\" data-back-delay=\"500\" data-loop=\"1\" data-shuffle=\"1\"><\/span><\/h4>\t\t\t\t<\/div>\n\t\t\t\t<\/div>\n\t\t\t\t\t<\/div>\n\t\t\t\t<\/div>\n\t\t\t\t<\/div>\n\t\t","protected":false},"excerpt":{"rendered":"<p>F\u00f6r\u00e4lder till f\u00f6r\u00e4lder Tankar om vikten av f\u00f6rskola \u201cF\u00f6rskolan \u00e4r grunden f\u00f6r l\u00e4randet som forts\u00e4tter i skolan och \u00e4r f\u00f6rsta steget i barnens utbildning, d\u00e4rf\u00f6r \u00e4r det viktigt f\u00f6r oss att v\u00e5ra barn g\u00e5r p\u00e5 f\u00f6rskolan.\u201d Nashua Mouiad har fyra barn, varav tre g\u00e5r p\u00e5 f\u00f6rskolan. Eller r\u00e4ttare sagt, den minsta h\u00e5ller just nu p\u00e5&#8230;<\/p>","protected":false},"author":5,"featured_media":0,"parent":0,"menu_order":0,"comment_status":"closed","ping_status":"closed","template":"","meta":{"_kad_post_transparent":"","_kad_post_title":"hide","_kad_post_layout":"fullwidth","_kad_post_sidebar_id":"","_kad_post_content_style":"unboxed","_kad_post_vertical_padding":"hide","_kad_post_feature":"hide","_kad_post_feature_position":"","_kad_post_header":false,"_kad_post_footer":false,"footnotes":""},"class_list":["post-1798","page","type-page","status-publish","hentry"],"yoast_head":"<!-- This site is optimized with the Yoast SEO plugin v27.3 - https:\/\/yoast.com\/product\/yoast-seo-wordpress\/ -->\n<title>F\u00f6r\u00e4lder till f\u00f6r\u00e4lder - Svenska med baby<\/title>\n<meta name=\"robots\" content=\"index, follow, max-snippet:-1, max-image-preview:large, max-video-preview:-1\" \/>\n<link rel=\"canonical\" href=\"https:\/\/svenskamedbaby.se\/so\/foralder-till-foralder-nashua\/\" \/>\n<meta property=\"og:locale\" content=\"so_SO\" \/>\n<meta property=\"og:type\" content=\"article\" \/>\n<meta property=\"og:title\" content=\"F\u00f6r\u00e4lder till f\u00f6r\u00e4lder - Svenska med baby\" \/>\n<meta property=\"og:description\" content=\"F\u00f6r\u00e4lder till f\u00f6r\u00e4lder Tankar om vikten av f\u00f6rskola \u201cF\u00f6rskolan \u00e4r grunden f\u00f6r l\u00e4randet som forts\u00e4tter i skolan och \u00e4r f\u00f6rsta steget i barnens utbildning, d\u00e4rf\u00f6r \u00e4r det viktigt f\u00f6r oss att v\u00e5ra barn g\u00e5r p\u00e5 f\u00f6rskolan.\u201d Nashua Mouiad har fyra barn, varav tre g\u00e5r p\u00e5 f\u00f6rskolan. Eller r\u00e4ttare sagt, den minsta h\u00e5ller just nu p\u00e5...\" \/>\n<meta property=\"og:url\" content=\"https:\/\/svenskamedbaby.se\/so\/foralder-till-foralder-nashua\/\" \/>\n<meta property=\"og:site_name\" content=\"Svenska med baby\" \/>\n<meta property=\"article:publisher\" content=\"https:\/\/www.facebook.com\/svenskamedbaby\" \/>\n<meta property=\"article:modified_time\" content=\"2024-09-18T09:03:47+00:00\" \/>\n<meta property=\"og:image\" content=\"https:\/\/svenskamedbaby.se\/wp-content\/uploads\/2024\/08\/Nashua_low-500x500.jpg\" \/>\n<meta name=\"twitter:card\" content=\"summary_large_image\" \/>\n<meta name=\"twitter:label1\" content=\"Est. reading time\" \/>\n\t<meta name=\"twitter:data1\" content=\"3 minutes\" \/>\n<script type=\"application\/ld+json\" class=\"yoast-schema-graph\">{\"@context\":\"https:\\\/\\\/schema.org\",\"@graph\":[{\"@type\":\"WebPage\",\"@id\":\"https:\\\/\\\/svenskamedbaby.se\\\/foralder-till-foralder-nashua\\\/\",\"url\":\"https:\\\/\\\/svenskamedbaby.se\\\/foralder-till-foralder-nashua\\\/\",\"name\":\"F\u00f6r\u00e4lder till f\u00f6r\u00e4lder - Svenska med baby\",\"isPartOf\":{\"@id\":\"https:\\\/\\\/svenskamedbaby.se\\\/#website\"},\"primaryImageOfPage\":{\"@id\":\"https:\\\/\\\/svenskamedbaby.se\\\/foralder-till-foralder-nashua\\\/#primaryimage\"},\"image\":{\"@id\":\"https:\\\/\\\/svenskamedbaby.se\\\/foralder-till-foralder-nashua\\\/#primaryimage\"},\"thumbnailUrl\":\"https:\\\/\\\/svenskamedbaby.se\\\/wp-content\\\/uploads\\\/2024\\\/08\\\/Nashua_low-500x500.jpg\",\"datePublished\":\"2024-08-26T13:14:25+00:00\",\"dateModified\":\"2024-09-18T09:03:47+00:00\",\"breadcrumb\":{\"@id\":\"https:\\\/\\\/svenskamedbaby.se\\\/foralder-till-foralder-nashua\\\/#breadcrumb\"},\"inLanguage\":\"so\",\"potentialAction\":[{\"@type\":\"ReadAction\",\"target\":[\"https:\\\/\\\/svenskamedbaby.se\\\/foralder-till-foralder-nashua\\\/\"]}]},{\"@type\":\"ImageObject\",\"inLanguage\":\"so\",\"@id\":\"https:\\\/\\\/svenskamedbaby.se\\\/foralder-till-foralder-nashua\\\/#primaryimage\",\"url\":\"https:\\\/\\\/svenskamedbaby.se\\\/wp-content\\\/uploads\\\/2024\\\/08\\\/Nashua_low-500x500.jpg\",\"contentUrl\":\"https:\\\/\\\/svenskamedbaby.se\\\/wp-content\\\/uploads\\\/2024\\\/08\\\/Nashua_low-500x500.jpg\"},{\"@type\":\"BreadcrumbList\",\"@id\":\"https:\\\/\\\/svenskamedbaby.se\\\/foralder-till-foralder-nashua\\\/#breadcrumb\",\"itemListElement\":[{\"@type\":\"ListItem\",\"position\":1,\"name\":\"Home\",\"item\":\"https:\\\/\\\/svenskamedbaby.se\\\/\"},{\"@type\":\"ListItem\",\"position\":2,\"name\":\"F\u00f6r\u00e4lder till f\u00f6r\u00e4lder\"}]},{\"@type\":\"WebSite\",\"@id\":\"https:\\\/\\\/svenskamedbaby.se\\\/#website\",\"url\":\"https:\\\/\\\/svenskamedbaby.se\\\/\",\"name\":\"Svenska med baby\",\"description\":\"Tr\u00e4ffar f\u00f6r sm\u00e5barn och vuxna med olika bakrund\",\"publisher\":{\"@id\":\"https:\\\/\\\/svenskamedbaby.se\\\/#organization\"},\"potentialAction\":[{\"@type\":\"SearchAction\",\"target\":{\"@type\":\"EntryPoint\",\"urlTemplate\":\"https:\\\/\\\/svenskamedbaby.se\\\/?s={search_term_string}\"},\"query-input\":{\"@type\":\"PropertyValueSpecification\",\"valueRequired\":true,\"valueName\":\"search_term_string\"}}],\"inLanguage\":\"so\"},{\"@type\":\"Organization\",\"@id\":\"https:\\\/\\\/svenskamedbaby.se\\\/#organization\",\"name\":\"Svenska med baby\",\"url\":\"https:\\\/\\\/svenskamedbaby.se\\\/\",\"logo\":{\"@type\":\"ImageObject\",\"inLanguage\":\"so\",\"@id\":\"https:\\\/\\\/svenskamedbaby.se\\\/#\\\/schema\\\/logo\\\/image\\\/\",\"url\":\"https:\\\/\\\/svenskamedbaby.se\\\/wp-content\\\/uploads\\\/2024\\\/01\\\/cropped-logo-liggande_orange.png\",\"contentUrl\":\"https:\\\/\\\/svenskamedbaby.se\\\/wp-content\\\/uploads\\\/2024\\\/01\\\/cropped-logo-liggande_orange.png\",\"width\":3101,\"height\":1056,\"caption\":\"Svenska med baby\"},\"image\":{\"@id\":\"https:\\\/\\\/svenskamedbaby.se\\\/#\\\/schema\\\/logo\\\/image\\\/\"},\"sameAs\":[\"https:\\\/\\\/www.facebook.com\\\/svenskamedbaby\",\"https:\\\/\\\/www.instagram.com\\\/svenskamedbaby\\\/\",\"https:\\\/\\\/www.youtube.com\\\/@svenskamedbaby2469\"]}]}<\/script>\n<!-- \/ Yoast SEO plugin. -->","yoast_head_json":{"title":"F\u00f6r\u00e4lder till f\u00f6r\u00e4lder - Svenska med baby","robots":{"index":"index","follow":"follow","max-snippet":"max-snippet:-1","max-image-preview":"max-image-preview:large","max-video-preview":"max-video-preview:-1"},"canonical":"https:\/\/svenskamedbaby.se\/so\/foralder-till-foralder-nashua\/","og_locale":"so_SO","og_type":"article","og_title":"F\u00f6r\u00e4lder till f\u00f6r\u00e4lder - Svenska med baby","og_description":"F\u00f6r\u00e4lder till f\u00f6r\u00e4lder Tankar om vikten av f\u00f6rskola \u201cF\u00f6rskolan \u00e4r grunden f\u00f6r l\u00e4randet som forts\u00e4tter i skolan och \u00e4r f\u00f6rsta steget i barnens utbildning, d\u00e4rf\u00f6r \u00e4r det viktigt f\u00f6r oss att v\u00e5ra barn g\u00e5r p\u00e5 f\u00f6rskolan.\u201d Nashua Mouiad har fyra barn, varav tre g\u00e5r p\u00e5 f\u00f6rskolan. Eller r\u00e4ttare sagt, den minsta h\u00e5ller just nu p\u00e5...","og_url":"https:\/\/svenskamedbaby.se\/so\/foralder-till-foralder-nashua\/","og_site_name":"Svenska med baby","article_publisher":"https:\/\/www.facebook.com\/svenskamedbaby","article_modified_time":"2024-09-18T09:03:47+00:00","og_image":[{"url":"https:\/\/svenskamedbaby.se\/wp-content\/uploads\/2024\/08\/Nashua_low-500x500.jpg","type":"","width":"","height":""}],"twitter_card":"summary_large_image","twitter_misc":{"Est. reading time":"3 minutes"},"schema":{"@context":"https:\/\/schema.org","@graph":[{"@type":"WebPage","@id":"https:\/\/svenskamedbaby.se\/foralder-till-foralder-nashua\/","url":"https:\/\/svenskamedbaby.se\/foralder-till-foralder-nashua\/","name":"F\u00f6r\u00e4lder till f\u00f6r\u00e4lder - Svenska med baby","isPartOf":{"@id":"https:\/\/svenskamedbaby.se\/#website"},"primaryImageOfPage":{"@id":"https:\/\/svenskamedbaby.se\/foralder-till-foralder-nashua\/#primaryimage"},"image":{"@id":"https:\/\/svenskamedbaby.se\/foralder-till-foralder-nashua\/#primaryimage"},"thumbnailUrl":"https:\/\/svenskamedbaby.se\/wp-content\/uploads\/2024\/08\/Nashua_low-500x500.jpg","datePublished":"2024-08-26T13:14:25+00:00","dateModified":"2024-09-18T09:03:47+00:00","breadcrumb":{"@id":"https:\/\/svenskamedbaby.se\/foralder-till-foralder-nashua\/#breadcrumb"},"inLanguage":"so","potentialAction":[{"@type":"ReadAction","target":["https:\/\/svenskamedbaby.se\/foralder-till-foralder-nashua\/"]}]},{"@type":"ImageObject","inLanguage":"so","@id":"https:\/\/svenskamedbaby.se\/foralder-till-foralder-nashua\/#primaryimage","url":"https:\/\/svenskamedbaby.se\/wp-content\/uploads\/2024\/08\/Nashua_low-500x500.jpg","contentUrl":"https:\/\/svenskamedbaby.se\/wp-content\/uploads\/2024\/08\/Nashua_low-500x500.jpg"},{"@type":"BreadcrumbList","@id":"https:\/\/svenskamedbaby.se\/foralder-till-foralder-nashua\/#breadcrumb","itemListElement":[{"@type":"ListItem","position":1,"name":"Home","item":"https:\/\/svenskamedbaby.se\/"},{"@type":"ListItem","position":2,"name":"F\u00f6r\u00e4lder till f\u00f6r\u00e4lder"}]},{"@type":"WebSite","@id":"https:\/\/svenskamedbaby.se\/#website","url":"https:\/\/svenskamedbaby.se\/","name":"Svenska med baby","description":"Kulamada socod-baradka iyo dadka waaweyn ee asalkoodu kala duwan yahay","publisher":{"@id":"https:\/\/svenskamedbaby.se\/#organization"},"potentialAction":[{"@type":"SearchAction","target":{"@type":"EntryPoint","urlTemplate":"https:\/\/svenskamedbaby.se\/?s={search_term_string}"},"query-input":{"@type":"PropertyValueSpecification","valueRequired":true,"valueName":"search_term_string"}}],"inLanguage":"so"},{"@type":"Organization","@id":"https:\/\/svenskamedbaby.se\/#organization","name":"Svenska med baby","url":"https:\/\/svenskamedbaby.se\/","logo":{"@type":"ImageObject","inLanguage":"so","@id":"https:\/\/svenskamedbaby.se\/#\/schema\/logo\/image\/","url":"https:\/\/svenskamedbaby.se\/wp-content\/uploads\/2024\/01\/cropped-logo-liggande_orange.png","contentUrl":"https:\/\/svenskamedbaby.se\/wp-content\/uploads\/2024\/01\/cropped-logo-liggande_orange.png","width":3101,"height":1056,"caption":"Svenska med baby"},"image":{"@id":"https:\/\/svenskamedbaby.se\/#\/schema\/logo\/image\/"},"sameAs":["https:\/\/www.facebook.com\/svenskamedbaby","https:\/\/www.instagram.com\/svenskamedbaby\/","https:\/\/www.youtube.com\/@svenskamedbaby2469"]}]}},"_links":{"self":[{"href":"https:\/\/svenskamedbaby.se\/so\/wp-json\/wp\/v2\/pages\/1798","targetHints":{"allow":["GET"]}}],"collection":[{"href":"https:\/\/svenskamedbaby.se\/so\/wp-json\/wp\/v2\/pages"}],"about":[{"href":"https:\/\/svenskamedbaby.se\/so\/wp-json\/wp\/v2\/types\/page"}],"author":[{"embeddable":true,"href":"https:\/\/svenskamedbaby.se\/so\/wp-json\/wp\/v2\/users\/5"}],"replies":[{"embeddable":true,"href":"https:\/\/svenskamedbaby.se\/so\/wp-json\/wp\/v2\/comments?post=1798"}],"version-history":[{"count":0,"href":"https:\/\/svenskamedbaby.se\/so\/wp-json\/wp\/v2\/pages\/1798\/revisions"}],"wp:attachment":[{"href":"https:\/\/svenskamedbaby.se\/so\/wp-json\/wp\/v2\/media?parent=1798"}],"curies":[{"name":"wp","href":"https:\/\/api.w.org\/{rel}","templated":true}]}}