{"id":1906,"date":"2024-09-02T13:06:38","date_gmt":"2024-09-02T13:06:38","guid":{"rendered":"https:\/\/svenskamedbaby.se\/?page_id=1906"},"modified":"2024-09-02T13:11:10","modified_gmt":"2024-09-02T13:11:10","slug":"reportage-mariia","status":"publish","type":"page","link":"https:\/\/svenskamedbaby.se\/so\/reportage-mariia\/","title":{"rendered":"Laga soo bilaabo Kyiv ilaa Stockholm"},"content":{"rendered":"\t\t<div data-elementor-type=\"wp-page\" data-elementor-id=\"1906\" class=\"elementor elementor-1906\" data-elementor-post-type=\"page\">\n\t\t\t\t<div class=\"elementor-element elementor-element-3aba0b65 e-flex e-con-boxed e-con e-parent\" data-id=\"3aba0b65\" data-element_type=\"container\" data-e-type=\"container\" data-settings=\"{&quot;background_background&quot;:&quot;classic&quot;}\">\n\t\t\t\t\t<div class=\"e-con-inner\">\n\t\t<div class=\"elementor-element elementor-element-4aeb1c9f e-con-full elementor-hidden-mobile e-flex elementor-invisible e-con e-child\" data-id=\"4aeb1c9f\" data-element_type=\"container\" data-e-type=\"container\" data-settings=\"{&quot;animation&quot;:&quot;slideInUp&quot;}\">\n\t\t\t\t<div class=\"elementor-element elementor-element-17ce6dce elementor-widget elementor-widget-image\" data-id=\"17ce6dce\" data-element_type=\"widget\" data-e-type=\"widget\" data-settings=\"{&quot;motion_fx_motion_fx_scrolling&quot;:&quot;yes&quot;,&quot;motion_fx_translateY_effect&quot;:&quot;yes&quot;,&quot;motion_fx_translateY_speed&quot;:{&quot;unit&quot;:&quot;px&quot;,&quot;size&quot;:1.8,&quot;sizes&quot;:[]},&quot;motion_fx_translateY_affectedRange&quot;:{&quot;unit&quot;:&quot;%&quot;,&quot;size&quot;:&quot;&quot;,&quot;sizes&quot;:{&quot;start&quot;:0,&quot;end&quot;:100}},&quot;motion_fx_devices&quot;:[&quot;desktop&quot;,&quot;tablet&quot;,&quot;mobile&quot;]}\" data-widget_type=\"image.default\">\n\t\t\t\t<div class=\"elementor-widget-container\">\n\t\t\t\t\t\t\t\t\t\t\t\t\t\t\t<img fetchpriority=\"high\" decoding=\"async\" width=\"500\" height=\"500\" src=\"https:\/\/svenskamedbaby.se\/wp-content\/uploads\/2024\/03\/Svenskamedbaby-Mariia-500x500.jpg\" class=\"attachment-thumbrelated size-thumbrelated wp-image-867\" alt=\"\" srcset=\"https:\/\/svenskamedbaby.se\/wp-content\/uploads\/2024\/03\/Svenskamedbaby-Mariia-500x500.jpg 500w, https:\/\/svenskamedbaby.se\/wp-content\/uploads\/2024\/03\/Svenskamedbaby-Mariia-150x150.jpg 150w, https:\/\/svenskamedbaby.se\/wp-content\/uploads\/2024\/03\/Svenskamedbaby-Mariia-300x300.jpg 300w\" sizes=\"(max-width: 500px) 100vw, 500px\" \/>\t\t\t\t\t\t\t\t\t\t\t\t\t\t\t<\/div>\n\t\t\t\t<\/div>\n\t\t\t\t<\/div>\n\t\t<div class=\"elementor-element elementor-element-3d51e702 e-con-full animated-slow e-flex elementor-invisible e-con e-child\" data-id=\"3d51e702\" data-element_type=\"container\" data-e-type=\"container\" data-settings=\"{&quot;animation&quot;:&quot;fadeIn&quot;,&quot;animation_delay&quot;:100,&quot;animation_mobile&quot;:&quot;none&quot;}\">\n\t\t\t\t<div class=\"elementor-element elementor-element-29a3fe65 elementor-widget elementor-widget-heading\" data-id=\"29a3fe65\" data-element_type=\"widget\" data-e-type=\"widget\" data-widget_type=\"heading.default\">\n\t\t\t\t<div class=\"elementor-widget-container\">\n\t\t\t\t\t<h2 class=\"elementor-heading-title elementor-size-default\">Reportage<\/h2>\t\t\t\t<\/div>\n\t\t\t\t<\/div>\n\t\t\t\t<div class=\"elementor-element elementor-element-3fa1f0f elementor-view-default elementor-widget elementor-widget-icon\" data-id=\"3fa1f0f\" data-element_type=\"widget\" data-e-type=\"widget\" data-widget_type=\"icon.default\">\n\t\t\t\t<div class=\"elementor-widget-container\">\n\t\t\t\t\t\t\t<div class=\"elementor-icon-wrapper\">\n\t\t\t<div class=\"elementor-icon\">\n\t\t\t<svg aria-hidden=\"true\" class=\"e-font-icon-svg e-fas-quote-left\" viewBox=\"0 0 512 512\" xmlns=\"http:\/\/www.w3.org\/2000\/svg\"><path d=\"M464 256h-80v-64c0-35.3 28.7-64 64-64h8c13.3 0 24-10.7 24-24V56c0-13.3-10.7-24-24-24h-8c-88.4 0-160 71.6-160 160v240c0 26.5 21.5 48 48 48h128c26.5 0 48-21.5 48-48V304c0-26.5-21.5-48-48-48zm-288 0H96v-64c0-35.3 28.7-64 64-64h8c13.3 0 24-10.7 24-24V56c0-13.3-10.7-24-24-24h-8C71.6 32 0 103.6 0 192v240c0 26.5 21.5 48 48 48h128c26.5 0 48-21.5 48-48V304c0-26.5-21.5-48-48-48z\"><\/path><\/svg>\t\t\t<\/div>\n\t\t<\/div>\n\t\t\t\t\t\t<\/div>\n\t\t\t\t<\/div>\n\t\t\t\t<div class=\"elementor-element elementor-element-71f657d1 elementor-widget elementor-widget-heading\" data-id=\"71f657d1\" data-element_type=\"widget\" data-e-type=\"widget\" data-widget_type=\"heading.default\">\n\t\t\t\t<div class=\"elementor-widget-container\">\n\t\t\t\t\t<h2 class=\"elementor-heading-title elementor-size-default\">Fr\u00e5n Kiev till Stockholm<\/h2>\t\t\t\t<\/div>\n\t\t\t\t<\/div>\n\t\t\t\t<div class=\"elementor-element elementor-element-658b7be2 elementor-widget-divider--view-line elementor-widget elementor-widget-divider\" data-id=\"658b7be2\" data-element_type=\"widget\" data-e-type=\"widget\" data-widget_type=\"divider.default\">\n\t\t\t\t<div class=\"elementor-widget-container\">\n\t\t\t\t\t\t\t<div class=\"elementor-divider\">\n\t\t\t<span class=\"elementor-divider-separator\">\n\t\t\t\t\t\t<\/span>\n\t\t<\/div>\n\t\t\t\t\t\t<\/div>\n\t\t\t\t<\/div>\n\t\t\t\t<div class=\"elementor-element elementor-element-4d04b41a elementor-widget elementor-widget-text-editor\" data-id=\"4d04b41a\" data-element_type=\"widget\" data-e-type=\"widget\" data-widget_type=\"text-editor.default\">\n\t\t\t\t<div class=\"elementor-widget-container\">\n\t\t\t\t\t\t\t\t\t<p data-pm-slice=\"1 1 []\">&#8221;Vi blev s\u00e5 varmt v\u00e4lkomnade och st\u00f6ttade av s\u00e5 m\u00e5nga svenskar n\u00e4r vi flydde hit efter Rysslands invasion av v\u00e5rt hemland. Det betydde enormt mycket f\u00f6r oss n\u00e4r hela livet k\u00e4ndes alldeles upp och ner!&#8221; ber\u00e4ttar Mariia Kuznetsova med en r\u00f6rd ton. Hon bor i Stockholm tillsammans med sina tv\u00e5 d\u00f6ttrar, som nu \u00e4r 18 och 10 \u00e5r gamla, samt den tredje dottern som f\u00f6ddes i Sverige f\u00f6r 11 m\u00e5nader sedan.<\/p><p>I Kiev, d\u00e4r de tidigare bodde, drev Mariia sitt eget restaurangf\u00f6retag under m\u00e5nga \u00e5r, en av m\u00e5nga saker som de fick l\u00e4mna bakom sig. Att landa i den nya tillvaron har varit utmanande f\u00f6r hela familjen. Som till exempel att beh\u00f6va l\u00e4ra sig ett nytt spr\u00e5k. Men de har arbetat h\u00e5rt med det, och Mariia ber\u00e4ttar om de olika spr\u00e5kkunskaperna i familjen. Den \u00e4ldsta dottern, som nu g\u00e5r p\u00e5 gymnasiet, \u00e4r den som \u00e4r mest bekv\u00e4m med svenska och pratar flytande. Mellandottern kommunicerar b\u00e4ttre p\u00e5 engelska men f\u00f6rst\u00e5r svenska, medan hennes yngsta dotter precis har b\u00f6rjat prata, och l\u00e4r sig nya svenska ord genom bes\u00f6ken p\u00e5 \u00f6ppna f\u00f6rskolan.<br \/>&#8221;Hon \u00e4lskar &#8217;Babblarna&#8217; och imiterar dem, vilket \u00e4r s\u00e5 gulligt,&#8221; s\u00e4ger Mariia med ett leende. F\u00f6r henne sj\u00e4lv har hennes arbete varit en stor del av spr\u00e5kinl\u00e4rningsprocessen.<br \/>&#8221;Jag f\u00e5r mycket spr\u00e5ktr\u00e4ning genom att prata med kollegorna p\u00e5 jobbet,&#8221; till\u00e4gger hon.<\/p><p>Trots att vardagen i Sverige har sina utmaningar, n\u00e4mner Mariia direkt avsaknaden av ett personnummer som en av de allra st\u00f6rsta.<br \/>&#8221;Det \u00e4r n\u00e5got som alla ukrainare k\u00e4mpar med,&#8221; f\u00f6rklarar hon, &#8221;och det g\u00f6r vardagen v\u00e4ldigt sv\u00e5r och komplicerad.&#8221; Utan ett personnummer kan man till exempel inte f\u00e5 tillg\u00e5ng till Bank ID, vara f\u00f6r\u00e4ldraledig eller hantera digitala betalningar, vilket \u00e4r s\u00e5 vanligt i Sverige. F\u00f6r att f\u00e5 r\u00e5d och tips fr\u00e5n andra landsm\u00e4n att klara av alla utmaningar i ett nytt land, \u00e4r Mariia aktiv i olika ukrainska n\u00e4tverk p\u00e5 sociala medier. D\u00e4r delar de med sig av erfarenheter, kontakter och ger och tar emot st\u00f6d fr\u00e5n andra i samma situation.<\/p><p>Mariia och barnen f\u00f6rs\u00f6ker anpassa sig till det svenska samh\u00e4llet samtidigt som de bevarar sina ukrainska r\u00f6tter.<br \/>&#8221;Vi vill verkligen f\u00f6rs\u00f6ka anpassa oss till svenska seder och traditioner,&#8221; s\u00e4ger hon. &#8221;F\u00f6r mig handlar det mycket om att hj\u00e4lpa barnen att skapa en bra balans mellan att ta sig an det nya livet h\u00e4r i Sverige, samtidigt som vi beh\u00e5ller v\u00e5ra ukrainska r\u00f6tter.&#8221;<\/p><p>Hon ser, trots vissa sv\u00e5righeter, ljust p\u00e5 sin tid i Sverige och s\u00e4ger att det b\u00e4sta som definitivt har h\u00e4nt henne h\u00e4r, var n\u00e4r hennes yngsta dotter f\u00f6ddes.<br \/>&#8221;Jag fick s\u00e5 mycket fin st\u00f6ttning fr\u00e5n v\u00e5rden och myndigheterna,&#8221; s\u00e4ger hon tacksamt. Hon upplever dock att det \u00e4r lite sv\u00e5rt att skaffa nya v\u00e4nner bland svenskarna. En riktigt n\u00e4ra v\u00e4n har hon \u00e4nd\u00e5 f\u00e5tt i Kristina, en svensk kvinna som har st\u00f6ttat henne och familjen sedan deras ankomst.<br \/>&#8221;Kristina \u00e4r till och med min yngsta dotters gudmor nu,&#8221; ber\u00e4ttar Mariia stolt. &#8221;Sen har jag min syster, som ocks\u00e5 bor h\u00e4r i Sverige. Hon \u00e4r min stora st\u00f6ttepelare och b\u00e4sta v\u00e4n&#8221;.<\/p><p>Hon beskriver hur gemenskapen p\u00e5 Svenska med babys tr\u00e4ffar har varit ov\u00e4rderlig f\u00f6r henne, och ber\u00e4ttar om den familj\u00e4ra st\u00e4mningen mellan deltagarna och hur alla st\u00e4ller upp f\u00f6r varandra.<br \/>&#8221;Tr\u00e4ffarna har varit s\u00e5 v\u00e4lordnade med superroliga aktiviteter f\u00f6r mig och barnen, och seminarier som har gett mig massa nya insikter. Det \u00e4r verkligen synd att projektet snart tar slut, men jag kommer att h\u00e5lla kontakten med flera \u00e4ven efter\u00e5t, d\u00e5 vi har blivit n\u00e4ra v\u00e4nner!\u201d avslutar Mariia med ett stort leende.<\/p>\t\t\t\t\t\t\t\t<\/div>\n\t\t\t\t<\/div>\n\t\t\t\t<div class=\"elementor-element elementor-element-4169ead7 elementor-align-left elementor-widget elementor-widget-button\" data-id=\"4169ead7\" data-element_type=\"widget\" data-e-type=\"widget\" data-widget_type=\"button.default\">\n\t\t\t\t<div class=\"elementor-widget-container\">\n\t\t\t\t\t\t\t\t\t<div class=\"elementor-button-wrapper\">\n\t\t\t\t\t<a class=\"elementor-button elementor-button-link elementor-size-sm\" href=\"https:\/\/svenskamedbaby.se\/so\/reportage\/\">\n\t\t\t\t\t\t<span class=\"elementor-button-content-wrapper\">\n\t\t\t\t\t\t\t\t\t<span class=\"elementor-button-text\">L\u00e4s fler reportage<\/span>\n\t\t\t\t\t<\/span>\n\t\t\t\t\t<\/a>\n\t\t\t\t<\/div>\n\t\t\t\t\t\t\t\t<\/div>\n\t\t\t\t<\/div>\n\t\t\t\t<\/div>\n\t\t\t\t\t<\/div>\n\t\t\t\t<\/div>\n\t\t\t\t<\/div>\n\t\t","protected":false},"excerpt":{"rendered":"<p>Reportage Fr\u00e5n Kiev till Stockholm &#8221;Vi blev s\u00e5 varmt v\u00e4lkomnade och st\u00f6ttade av s\u00e5 m\u00e5nga svenskar n\u00e4r vi flydde hit efter Rysslands invasion av v\u00e5rt hemland. Det betydde enormt mycket f\u00f6r oss n\u00e4r hela livet k\u00e4ndes alldeles upp och ner!&#8221; ber\u00e4ttar Mariia Kuznetsova med en r\u00f6rd ton. Hon bor i Stockholm tillsammans med sina tv\u00e5&#8230;<\/p>","protected":false},"author":5,"featured_media":0,"parent":0,"menu_order":0,"comment_status":"closed","ping_status":"closed","template":"","meta":{"_kad_post_transparent":"","_kad_post_title":"hide","_kad_post_layout":"fullwidth","_kad_post_sidebar_id":"","_kad_post_content_style":"unboxed","_kad_post_vertical_padding":"hide","_kad_post_feature":"hide","_kad_post_feature_position":"","_kad_post_header":false,"_kad_post_footer":false,"footnotes":""},"class_list":["post-1906","page","type-page","status-publish","hentry"],"yoast_head":"<!-- This site is optimized with the Yoast SEO plugin v27.4 - https:\/\/yoast.com\/product\/yoast-seo-wordpress\/ -->\n<title>Fr\u00e5n Kiev till Stockholm - Svenska med baby<\/title>\n<meta name=\"robots\" content=\"index, follow, max-snippet:-1, max-image-preview:large, max-video-preview:-1\" \/>\n<link rel=\"canonical\" href=\"https:\/\/svenskamedbaby.se\/so\/reportage-mariia\/\" \/>\n<meta property=\"og:locale\" content=\"so_SO\" \/>\n<meta property=\"og:type\" content=\"article\" \/>\n<meta property=\"og:title\" content=\"Fr\u00e5n Kiev till Stockholm - Svenska med baby\" \/>\n<meta property=\"og:description\" content=\"Reportage Fr\u00e5n Kiev till Stockholm &#8221;Vi blev s\u00e5 varmt v\u00e4lkomnade och st\u00f6ttade av s\u00e5 m\u00e5nga svenskar n\u00e4r vi flydde hit efter Rysslands invasion av v\u00e5rt hemland. Det betydde enormt mycket f\u00f6r oss n\u00e4r hela livet k\u00e4ndes alldeles upp och ner!&#8221; ber\u00e4ttar Mariia Kuznetsova med en r\u00f6rd ton. Hon bor i Stockholm tillsammans med sina tv\u00e5...\" \/>\n<meta property=\"og:url\" content=\"https:\/\/svenskamedbaby.se\/so\/reportage-mariia\/\" \/>\n<meta property=\"og:site_name\" content=\"Svenska med baby\" \/>\n<meta property=\"article:publisher\" content=\"https:\/\/www.facebook.com\/svenskamedbaby\" \/>\n<meta property=\"article:modified_time\" content=\"2024-09-02T13:11:10+00:00\" \/>\n<meta property=\"og:image\" content=\"https:\/\/svenskamedbaby.se\/wp-content\/uploads\/2024\/03\/Svenskamedbaby-Mariia-500x500.jpg\" \/>\n<meta name=\"twitter:card\" content=\"summary_large_image\" \/>\n<script type=\"application\/ld+json\" class=\"yoast-schema-graph\">{\"@context\":\"https:\\\/\\\/schema.org\",\"@graph\":[{\"@type\":\"WebPage\",\"@id\":\"https:\\\/\\\/svenskamedbaby.se\\\/reportage-mariia\\\/\",\"url\":\"https:\\\/\\\/svenskamedbaby.se\\\/reportage-mariia\\\/\",\"name\":\"Fr\u00e5n Kiev till Stockholm - Svenska med baby\",\"isPartOf\":{\"@id\":\"https:\\\/\\\/svenskamedbaby.se\\\/#website\"},\"primaryImageOfPage\":{\"@id\":\"https:\\\/\\\/svenskamedbaby.se\\\/reportage-mariia\\\/#primaryimage\"},\"image\":{\"@id\":\"https:\\\/\\\/svenskamedbaby.se\\\/reportage-mariia\\\/#primaryimage\"},\"thumbnailUrl\":\"https:\\\/\\\/svenskamedbaby.se\\\/wp-content\\\/uploads\\\/2024\\\/03\\\/Svenskamedbaby-Mariia-500x500.jpg\",\"datePublished\":\"2024-09-02T13:06:38+00:00\",\"dateModified\":\"2024-09-02T13:11:10+00:00\",\"breadcrumb\":{\"@id\":\"https:\\\/\\\/svenskamedbaby.se\\\/reportage-mariia\\\/#breadcrumb\"},\"inLanguage\":\"so\",\"potentialAction\":[{\"@type\":\"ReadAction\",\"target\":[\"https:\\\/\\\/svenskamedbaby.se\\\/reportage-mariia\\\/\"]}]},{\"@type\":\"ImageObject\",\"inLanguage\":\"so\",\"@id\":\"https:\\\/\\\/svenskamedbaby.se\\\/reportage-mariia\\\/#primaryimage\",\"url\":\"https:\\\/\\\/svenskamedbaby.se\\\/wp-content\\\/uploads\\\/2024\\\/03\\\/Svenskamedbaby-Mariia-500x500.jpg\",\"contentUrl\":\"https:\\\/\\\/svenskamedbaby.se\\\/wp-content\\\/uploads\\\/2024\\\/03\\\/Svenskamedbaby-Mariia-500x500.jpg\"},{\"@type\":\"BreadcrumbList\",\"@id\":\"https:\\\/\\\/svenskamedbaby.se\\\/reportage-mariia\\\/#breadcrumb\",\"itemListElement\":[{\"@type\":\"ListItem\",\"position\":1,\"name\":\"Home\",\"item\":\"https:\\\/\\\/svenskamedbaby.se\\\/\"},{\"@type\":\"ListItem\",\"position\":2,\"name\":\"Fr\u00e5n Kiev till Stockholm\"}]},{\"@type\":\"WebSite\",\"@id\":\"https:\\\/\\\/svenskamedbaby.se\\\/#website\",\"url\":\"https:\\\/\\\/svenskamedbaby.se\\\/\",\"name\":\"Svenska med baby\",\"description\":\"Tr\u00e4ffar f\u00f6r sm\u00e5barn och vuxna med olika bakrund\",\"publisher\":{\"@id\":\"https:\\\/\\\/svenskamedbaby.se\\\/#organization\"},\"potentialAction\":[{\"@type\":\"SearchAction\",\"target\":{\"@type\":\"EntryPoint\",\"urlTemplate\":\"https:\\\/\\\/svenskamedbaby.se\\\/?s={search_term_string}\"},\"query-input\":{\"@type\":\"PropertyValueSpecification\",\"valueRequired\":true,\"valueName\":\"search_term_string\"}}],\"inLanguage\":\"so\"},{\"@type\":\"Organization\",\"@id\":\"https:\\\/\\\/svenskamedbaby.se\\\/#organization\",\"name\":\"Svenska med baby\",\"url\":\"https:\\\/\\\/svenskamedbaby.se\\\/\",\"logo\":{\"@type\":\"ImageObject\",\"inLanguage\":\"so\",\"@id\":\"https:\\\/\\\/svenskamedbaby.se\\\/#\\\/schema\\\/logo\\\/image\\\/\",\"url\":\"https:\\\/\\\/svenskamedbaby.se\\\/wp-content\\\/uploads\\\/2024\\\/01\\\/cropped-logo-liggande_orange.png\",\"contentUrl\":\"https:\\\/\\\/svenskamedbaby.se\\\/wp-content\\\/uploads\\\/2024\\\/01\\\/cropped-logo-liggande_orange.png\",\"width\":3101,\"height\":1056,\"caption\":\"Svenska med baby\"},\"image\":{\"@id\":\"https:\\\/\\\/svenskamedbaby.se\\\/#\\\/schema\\\/logo\\\/image\\\/\"},\"sameAs\":[\"https:\\\/\\\/www.facebook.com\\\/svenskamedbaby\",\"https:\\\/\\\/www.instagram.com\\\/svenskamedbaby\\\/\",\"https:\\\/\\\/www.youtube.com\\\/@svenskamedbaby2469\"]}]}<\/script>\n<!-- \/ Yoast SEO plugin. -->","yoast_head_json":{"title":"Fr\u00e5n Kiev till Stockholm - Svenska med baby","robots":{"index":"index","follow":"follow","max-snippet":"max-snippet:-1","max-image-preview":"max-image-preview:large","max-video-preview":"max-video-preview:-1"},"canonical":"https:\/\/svenskamedbaby.se\/so\/reportage-mariia\/","og_locale":"so_SO","og_type":"article","og_title":"Fr\u00e5n Kiev till Stockholm - Svenska med baby","og_description":"Reportage Fr\u00e5n Kiev till Stockholm &#8221;Vi blev s\u00e5 varmt v\u00e4lkomnade och st\u00f6ttade av s\u00e5 m\u00e5nga svenskar n\u00e4r vi flydde hit efter Rysslands invasion av v\u00e5rt hemland. Det betydde enormt mycket f\u00f6r oss n\u00e4r hela livet k\u00e4ndes alldeles upp och ner!&#8221; ber\u00e4ttar Mariia Kuznetsova med en r\u00f6rd ton. Hon bor i Stockholm tillsammans med sina tv\u00e5...","og_url":"https:\/\/svenskamedbaby.se\/so\/reportage-mariia\/","og_site_name":"Svenska med baby","article_publisher":"https:\/\/www.facebook.com\/svenskamedbaby","article_modified_time":"2024-09-02T13:11:10+00:00","og_image":[{"url":"https:\/\/svenskamedbaby.se\/wp-content\/uploads\/2024\/03\/Svenskamedbaby-Mariia-500x500.jpg","type":"","width":"","height":""}],"twitter_card":"summary_large_image","schema":{"@context":"https:\/\/schema.org","@graph":[{"@type":"WebPage","@id":"https:\/\/svenskamedbaby.se\/reportage-mariia\/","url":"https:\/\/svenskamedbaby.se\/reportage-mariia\/","name":"Fr\u00e5n Kiev till Stockholm - Svenska med baby","isPartOf":{"@id":"https:\/\/svenskamedbaby.se\/#website"},"primaryImageOfPage":{"@id":"https:\/\/svenskamedbaby.se\/reportage-mariia\/#primaryimage"},"image":{"@id":"https:\/\/svenskamedbaby.se\/reportage-mariia\/#primaryimage"},"thumbnailUrl":"https:\/\/svenskamedbaby.se\/wp-content\/uploads\/2024\/03\/Svenskamedbaby-Mariia-500x500.jpg","datePublished":"2024-09-02T13:06:38+00:00","dateModified":"2024-09-02T13:11:10+00:00","breadcrumb":{"@id":"https:\/\/svenskamedbaby.se\/reportage-mariia\/#breadcrumb"},"inLanguage":"so","potentialAction":[{"@type":"ReadAction","target":["https:\/\/svenskamedbaby.se\/reportage-mariia\/"]}]},{"@type":"ImageObject","inLanguage":"so","@id":"https:\/\/svenskamedbaby.se\/reportage-mariia\/#primaryimage","url":"https:\/\/svenskamedbaby.se\/wp-content\/uploads\/2024\/03\/Svenskamedbaby-Mariia-500x500.jpg","contentUrl":"https:\/\/svenskamedbaby.se\/wp-content\/uploads\/2024\/03\/Svenskamedbaby-Mariia-500x500.jpg"},{"@type":"BreadcrumbList","@id":"https:\/\/svenskamedbaby.se\/reportage-mariia\/#breadcrumb","itemListElement":[{"@type":"ListItem","position":1,"name":"Home","item":"https:\/\/svenskamedbaby.se\/"},{"@type":"ListItem","position":2,"name":"Fr\u00e5n Kiev till Stockholm"}]},{"@type":"WebSite","@id":"https:\/\/svenskamedbaby.se\/#website","url":"https:\/\/svenskamedbaby.se\/","name":"Svenska med baby","description":"Kulamada socod-baradka iyo dadka waaweyn ee asalkoodu kala duwan yahay","publisher":{"@id":"https:\/\/svenskamedbaby.se\/#organization"},"potentialAction":[{"@type":"SearchAction","target":{"@type":"EntryPoint","urlTemplate":"https:\/\/svenskamedbaby.se\/?s={search_term_string}"},"query-input":{"@type":"PropertyValueSpecification","valueRequired":true,"valueName":"search_term_string"}}],"inLanguage":"so"},{"@type":"Organization","@id":"https:\/\/svenskamedbaby.se\/#organization","name":"Svenska med baby","url":"https:\/\/svenskamedbaby.se\/","logo":{"@type":"ImageObject","inLanguage":"so","@id":"https:\/\/svenskamedbaby.se\/#\/schema\/logo\/image\/","url":"https:\/\/svenskamedbaby.se\/wp-content\/uploads\/2024\/01\/cropped-logo-liggande_orange.png","contentUrl":"https:\/\/svenskamedbaby.se\/wp-content\/uploads\/2024\/01\/cropped-logo-liggande_orange.png","width":3101,"height":1056,"caption":"Svenska med baby"},"image":{"@id":"https:\/\/svenskamedbaby.se\/#\/schema\/logo\/image\/"},"sameAs":["https:\/\/www.facebook.com\/svenskamedbaby","https:\/\/www.instagram.com\/svenskamedbaby\/","https:\/\/www.youtube.com\/@svenskamedbaby2469"]}]}},"_links":{"self":[{"href":"https:\/\/svenskamedbaby.se\/so\/wp-json\/wp\/v2\/pages\/1906","targetHints":{"allow":["GET"]}}],"collection":[{"href":"https:\/\/svenskamedbaby.se\/so\/wp-json\/wp\/v2\/pages"}],"about":[{"href":"https:\/\/svenskamedbaby.se\/so\/wp-json\/wp\/v2\/types\/page"}],"author":[{"embeddable":true,"href":"https:\/\/svenskamedbaby.se\/so\/wp-json\/wp\/v2\/users\/5"}],"replies":[{"embeddable":true,"href":"https:\/\/svenskamedbaby.se\/so\/wp-json\/wp\/v2\/comments?post=1906"}],"version-history":[{"count":0,"href":"https:\/\/svenskamedbaby.se\/so\/wp-json\/wp\/v2\/pages\/1906\/revisions"}],"wp:attachment":[{"href":"https:\/\/svenskamedbaby.se\/so\/wp-json\/wp\/v2\/media?parent=1906"}],"curies":[{"name":"wp","href":"https:\/\/api.w.org\/{rel}","templated":true}]}}