{"id":3325,"date":"2025-05-21T10:33:01","date_gmt":"2025-05-21T10:33:01","guid":{"rendered":"https:\/\/svenskamedbaby.se\/?page_id=3325"},"modified":"2025-05-21T11:29:23","modified_gmt":"2025-05-21T11:29:23","slug":"intervju-med-nashua","status":"publish","type":"page","link":"https:\/\/svenskamedbaby.se\/so\/intervju-med-nashua\/","title":{"rendered":"&#8221;Kriget bor i hj\u00e4rtat\u201d \u2013 Nashua om livet i Sverige med sorgen fr\u00e5n Gaza"},"content":{"rendered":"\t\t<div data-elementor-type=\"wp-page\" data-elementor-id=\"3325\" class=\"elementor elementor-3325\" data-elementor-post-type=\"page\">\n\t\t\t\t<div class=\"elementor-element elementor-element-3aba0b65 e-flex e-con-boxed e-con e-parent\" data-id=\"3aba0b65\" data-element_type=\"container\" data-e-type=\"container\" data-settings=\"{&quot;background_background&quot;:&quot;classic&quot;}\">\n\t\t\t\t\t<div class=\"e-con-inner\">\n\t\t<div class=\"elementor-element elementor-element-3d51e702 e-con-full animated-slow e-flex elementor-invisible e-con e-child\" data-id=\"3d51e702\" data-element_type=\"container\" data-e-type=\"container\" data-settings=\"{&quot;animation&quot;:&quot;fadeIn&quot;,&quot;animation_delay&quot;:100,&quot;animation_mobile&quot;:&quot;none&quot;}\">\n\t\t\t\t<div class=\"elementor-element elementor-element-29a3fe65 elementor-widget elementor-widget-heading\" data-id=\"29a3fe65\" data-element_type=\"widget\" data-e-type=\"widget\" data-widget_type=\"heading.default\">\n\t\t\t\t<div class=\"elementor-widget-container\">\n\t\t\t\t\t<h2 class=\"elementor-heading-title elementor-size-default\">Reportage<\/h2>\t\t\t\t<\/div>\n\t\t\t\t<\/div>\n\t\t\t\t<div class=\"elementor-element elementor-element-3fa1f0f elementor-view-default elementor-widget elementor-widget-icon\" data-id=\"3fa1f0f\" data-element_type=\"widget\" data-e-type=\"widget\" data-widget_type=\"icon.default\">\n\t\t\t\t<div class=\"elementor-widget-container\">\n\t\t\t\t\t\t\t<div class=\"elementor-icon-wrapper\">\n\t\t\t<div class=\"elementor-icon\">\n\t\t\t<svg aria-hidden=\"true\" class=\"e-font-icon-svg e-fas-quote-left\" viewBox=\"0 0 512 512\" xmlns=\"http:\/\/www.w3.org\/2000\/svg\"><path d=\"M464 256h-80v-64c0-35.3 28.7-64 64-64h8c13.3 0 24-10.7 24-24V56c0-13.3-10.7-24-24-24h-8c-88.4 0-160 71.6-160 160v240c0 26.5 21.5 48 48 48h128c26.5 0 48-21.5 48-48V304c0-26.5-21.5-48-48-48zm-288 0H96v-64c0-35.3 28.7-64 64-64h8c13.3 0 24-10.7 24-24V56c0-13.3-10.7-24-24-24h-8C71.6 32 0 103.6 0 192v240c0 26.5 21.5 48 48 48h128c26.5 0 48-21.5 48-48V304c0-26.5-21.5-48-48-48z\"><\/path><\/svg>\t\t\t<\/div>\n\t\t<\/div>\n\t\t\t\t\t\t<\/div>\n\t\t\t\t<\/div>\n\t\t\t\t<div class=\"elementor-element elementor-element-71f657d1 elementor-widget elementor-widget-heading\" data-id=\"71f657d1\" data-element_type=\"widget\" data-e-type=\"widget\" data-widget_type=\"heading.default\">\n\t\t\t\t<div class=\"elementor-widget-container\">\n\t\t\t\t\t<h2 class=\"elementor-heading-title elementor-size-default\">Kriget bor i hj\u00e4rtat\u201d \u2013 Nashua om livet i Sverige med sorgen fr\u00e5n Gaza<\/h2>\t\t\t\t<\/div>\n\t\t\t\t<\/div>\n\t\t\t\t<div class=\"elementor-element elementor-element-658b7be2 elementor-widget-divider--view-line elementor-widget elementor-widget-divider\" data-id=\"658b7be2\" data-element_type=\"widget\" data-e-type=\"widget\" data-widget_type=\"divider.default\">\n\t\t\t\t<div class=\"elementor-widget-container\">\n\t\t\t\t\t\t\t<div class=\"elementor-divider\">\n\t\t\t<span class=\"elementor-divider-separator\">\n\t\t\t\t\t\t<\/span>\n\t\t<\/div>\n\t\t\t\t\t\t<\/div>\n\t\t\t\t<\/div>\n\t\t\t\t<div class=\"elementor-element elementor-element-4d04b41a elementor-widget elementor-widget-text-editor\" data-id=\"4d04b41a\" data-element_type=\"widget\" data-e-type=\"widget\" data-widget_type=\"text-editor.default\">\n\t\t\t\t<div class=\"elementor-widget-container\">\n\t\t\t\t\t\t\t\t\t<p><em>N\u00e4r hela v\u00e4rlden tittar p\u00e5, lever jag med kriget i hj\u00e4rtat.<\/em><\/p><p><strong>Nashua \u00e4r 44 \u00e5r gammal och har bott i Sverige sedan 1990, n\u00e4stan hela livet och k\u00e4nner sig hemma i Sverige, samtidigt som hon ocks\u00e5 \u00e4r palestinier. Hon \u00e4r utbildad redovisningsekonom och arbetar idag p\u00e5 organisationen Svenska med baby som projektledare.<\/strong><\/p><p>\u2013 K\u00e4rleken tog mig till Stockholm. Vi gifte oss och under min f\u00f6r\u00e4ldraledighet med mitt f\u00f6rsta barn flyttade jag till Stockholm. Jag var helt ny i Stockholm och k\u00e4nde en stor isolering trots att jag \u00e4r v\u00e4ldigt etablerad och har spr\u00e5ket. D\u00e5 b\u00f6rjade jag kolla hur jag kunde engagera mig med min dotter f\u00f6r att l\u00e4ra k\u00e4nna m\u00e4nniskor. S\u00e5 kom jag i kontakt med Svenska med baby och b\u00f6rjade d\u00e5 direkt som gruppledare.<\/p><p>Nashua \u00e4r f\u00f6dd i ett palestinskt flyktingl\u00e4ger i Syrien \u2013 Yarmuk \u2013 en plats som existerar till namnet men som efter kriget i Syrien i stort sett \u00e4r \u00f6vergiven.<\/p><p><strong>&#8221;Det \u00e4r mitt folk&#8221;<\/strong><\/p><p>N\u00e4r den israeliska regeringen nyligen b\u00f6rjade till\u00e5ta begr\u00e4nsade hj\u00e4lps\u00e4ndningar till Gaza igen, blev det en sm\u00e4rtsam p\u00e5minnelse f\u00f6r Nashua om det m\u00e4nskliga lidandet.<\/p><p>\u2013 Fruktansv\u00e4rt att det f\u00f6rst nu sl\u00e4pper in det. Folk d\u00f6r d\u00e4r. Precis innan v\u00e5r intervju kom min sv\u00e4gerska till mig, gr\u00e5tande. Jag t\u00e4nkte att jag inte ocks\u00e5 skulle b\u00f6rja gr\u00e5ta nu, men nu g\u00f6r jag det. Min sv\u00e4gerska beh\u00f6vde ventilera \u2013 hennes mamma och syskon bor i Gaza, hennes syster har flytt fr\u00e5n t\u00e4lt till t\u00e4lt med hennes skadade man och 2 sm\u00e5 barn \u2013 och nu f\u00f6rst sl\u00e4pper Netanyahu igenom hj\u00e4lps\u00e4ndningar, n\u00e4r folk s\u00e5 l\u00e4nge har svultit, detta har p\u00e5g\u00e5tt s\u00e5 l\u00e4nge. Det kommer s\u00e5 sent! S\u00e5 sent. Ibland \u00e4r man s\u00e5 maktl\u00f6s, man vet inte ens hur man ska t\u00e4nka l\u00e4ngre.<\/p><p>\u2013 Jag \u00e4r palestinier, och Gaza \u00e4r inte bara en plats p\u00e5 kartan f\u00f6r mig. Det \u00e4r min familj, mina v\u00e4nner, m\u00e4nniskor jag k\u00e4nner personligen. Jag pratar inte bara om det m\u00e4nskliga lidandet p\u00e5 distans \u2013 det \u00e4r sm\u00e4rta jag ser med egna \u00f6gon, h\u00f6r i varje samtal, varje meddelande. Det \u00e4r mitt folk. Det r\u00f6r oss alla vi palestinier. Folk som mister sina n\u00e4rst\u00e5ende.<\/p><p>Trots att hon lever i Sverige, beskriver Nashua k\u00e4nslan av att befinna sig mitt i konflikten.<\/p><p>\u2013 Jag \u00e4r i krig, fast att jag \u00e4r i trygghet. F\u00f6rut hade jag alltid nyheterna p\u00e5, men nu p\u00e5 grund av att v\u00e5r TV g\u00e5tt s\u00f6nder har det naturligt blivit mindre. Men jag vill veta vad som h\u00e4nder. Jag tar del av nyheterna p\u00e5 andra s\u00e4tt. Jag vill se, \u00e4ven om det \u00e4r otroligt jobbigt att titta. Min erfarenhet \u00e4r \u00e4nd\u00e5 att svensk media inte visar det fruktansv\u00e4rda.<\/p><p><strong>En vardag med inre konflikt<\/strong><\/p><p>Att leva i trygghet i Sverige samtidigt som ens folk lever under konstant hot skapar starka k\u00e4nslor hos Nashua.<\/p><p>\u2013 Jag och min familj har inte upplevt krig men jag ser varje palestinier som en del av min familj, varje barn som f\u00f6rlorat sina f\u00f6r\u00e4ldrar i kriget som mitt eget, och varje mamma som miste sitt barn, det k\u00e4nns som att det kunde varit jag. Jag har m\u00e5nga omkring mig som familj, v\u00e4nner och sl\u00e4ktningar som har n\u00e4ra och k\u00e4ra i Gaza. F\u00f6r dem \u00e4r kriget inte bara en<\/p><p>nyhet p\u00e5 TV, det \u00e4r n\u00e5got som p\u00e5verkar deras vardag. Det \u00e4r sv\u00e5rt att leva ett normalt liv, att ta hand om sina barn, g\u00e5 till jobbet och f\u00f6rs\u00f6ka skratta samtidigt som man har krig inombords. Ofta kommer skuldk\u00e4nslorna att jag \u00e4r i s\u00e4kerhet medan mitt folk f\u00f6rs\u00f6ker \u00f6verleva dagen. Men trots all sm\u00e4rta ser jag en otrolig styrka i m\u00e4nniskorna som har f\u00f6rlorat n\u00e5gon n\u00e4rst\u00e5ende. F\u00f6r\u00e4ldrar som k\u00e4mpar f\u00f6r att h\u00e5lla ihop, som \u00e4nd\u00e5 f\u00f6rs\u00f6ker skapa en trygg vardag f\u00f6r sina barn mitt i all oro. Det ger mig kraft och styrka. Kriget har f\u00e5tt mig att uppskatta allt jag har. Jag \u00e4r tacksam f\u00f6r tryggheten, mitt hem, mina barns skratt, maten p\u00e5 bordet och jag f\u00f6rs\u00f6ker l\u00e4ra mina barn att g\u00f6ra samma sak \u2013 att uppskatta varje liten sak i livet.<\/p><p><strong>\u201cDet som sker \u00e4r ett folkmord\u201d<\/strong><\/p><p>N\u00e4r Nashua f\u00e5r fr\u00e5gan om hur hon skulle beskriva det som sker i Gaza idag, \u00e4r orden tunga och direkta:<\/p><p>\u2013 Eh, folkmord. Familjer som utpl\u00e5nas, barn m\u00f6rdas, hem f\u00f6rst\u00f6rs. Maktl\u00f6shet att inte kunna g\u00f6ra n\u00e5got. Sorg och ilska. Att ingen i v\u00e4rlden g\u00f6r n\u00e5gonting. Att alla \u00e4r tysta \u00f6ver det som h\u00e4nder \u2013 b\u00e5de i Sverige och i v\u00e4rlden. Det som st\u00f6r mig mest \u00e4r att Israel ockuperar hem, mark \u2013 allt \u2013 och att de p\u00e5st\u00e5r sig f\u00f6rsvara sig, samtidigt som man bombar sjukhus och barn, \u00e4r ofattbart. Mer \u00e4n 14 500 barn har m\u00f6rdats i Gaza hittills. Var finns m\u00e4nskligheten?<\/p><p><strong>En framtid byggd av folket<\/strong><\/p><p>Nashua dr\u00f6mmer om en framtid d\u00e4r palestinier f\u00e5r \u00e5terv\u00e4nda och \u00e5teruppbygga sina hem \u2013 utan yttre villkor.<\/p><p>\u2013 Om jag f\u00e5r dr\u00f6mma, f\u00e5r folk \u00e5terv\u00e4nda till sina hem. Men inte av hj\u00e4lp fr\u00e5n Trump eller israelerna, utan folket beh\u00f6ver bygga upp sj\u00e4lva. \u00c4ven om det varit mycket blod som spillts, s\u00e5 \u00e4r palestinier bra p\u00e5 att g\u00e5 vidare. De kommer att bygga upp det finare \u00e4n f\u00f6rr och k\u00e4mpa och bo kvar d\u00e4r.<\/p><p>Tv\u00e5ngsf\u00f6rflyttningarna ser hon som en del i en st\u00f6rre plan \u2013 men hon tror p\u00e5 det palestinska folkets vilja att stanna.<\/p><p>\u2013 Det \u00e4r inte f\u00f6rv\u00e5nande, m\u00e5let \u00e4r ju att rensa Gazaborna. Men jag litar p\u00e5 det palestinska folket \u2013 jag tror inte m\u00e5nga kommer att vilja l\u00e4mna sitt land. \u00c4ven om folk \u00e4r j\u00e4ttetr\u00f6tta och ledsna. Men palestinier \u00e4lskar sitt land. Skulle de ge upp, hade de gjort det f\u00f6r l\u00e4ngesen.<\/p><p><strong>Nyckeln till hoppet<\/strong><\/p><p>Trots att hon aldrig bott i Palestina, b\u00e4r Nashua p\u00e5 en konkret symbol f\u00f6r dr\u00f6mmen om \u00e5terv\u00e4ndo.<\/p><p>\u2013 Absolut. Hemma i Syrien har vi fortfarande en nyckel som mina farf\u00f6r\u00e4ldrar fick n\u00e4r de 1948 fick l\u00e4mna sina hem. Med tanken p\u00e5 att \u00e5terv\u00e4nda n\u00e5gon g\u00e5ng beh\u00f6lls nyckeln. Den finns kvar. En vacker dag kommer vi att \u00e5terv\u00e4nda. Om inte jag \u2013 s\u00e5 mina barn.<\/p><p>\u2013 Nyckeln \u00e4r v\u00e4ldigt stor, de hade st\u00f6rre d\u00f6rrar. Som till en stor tr\u00e4d\u00f6rr. Det \u00e4r m\u00e5nga palestinier i Syrien, de \u00e4ldre damerna d\u00e4r fr\u00e5n Palestina har alla sina nycklar kvar \u2013 med tanke p\u00e5 att de ska kunna \u00e5terv\u00e4nda. Och kanske \u00e4r hon en av dem som f\u00e5r \u00e5terv\u00e4nda.<\/p><p>Nashua avslutar med att \u00e5terknyta till sitt arbete.<\/p><p>\u2013 Genom mitt arbete p\u00e5 Svenska med baby ser jag hur viktigt det \u00e4r att skapa trygga rum f\u00f6r m\u00e4nniskor. Platser d\u00e4r vi kan lyssna, prata, st\u00f6tta varandra. F\u00f6r sm\u00e4rtan ska inte beh\u00f6va b\u00e4ras ensam. Att vi pratar och har k\u00e4rlek till varandra \u2013 alla. Den arenan f\u00f6r m\u00e4nniskor betyder mycket f\u00f6r mig.<\/p>\t\t\t\t\t\t\t\t<\/div>\n\t\t\t\t<\/div>\n\t\t\t\t<div class=\"elementor-element elementor-element-4169ead7 elementor-align-left elementor-widget elementor-widget-button\" data-id=\"4169ead7\" data-element_type=\"widget\" data-e-type=\"widget\" data-widget_type=\"button.default\">\n\t\t\t\t<div class=\"elementor-widget-container\">\n\t\t\t\t\t\t\t\t\t<div class=\"elementor-button-wrapper\">\n\t\t\t\t\t<a class=\"elementor-button elementor-button-link elementor-size-sm\" href=\"https:\/\/svenskamedbaby.se\/so\/reportage\/\">\n\t\t\t\t\t\t<span class=\"elementor-button-content-wrapper\">\n\t\t\t\t\t\t\t\t\t<span class=\"elementor-button-text\">L\u00e4s fler reportage<\/span>\n\t\t\t\t\t<\/span>\n\t\t\t\t\t<\/a>\n\t\t\t\t<\/div>\n\t\t\t\t\t\t\t\t<\/div>\n\t\t\t\t<\/div>\n\t\t\t\t<\/div>\n\t\t<div class=\"elementor-element elementor-element-4aeb1c9f e-con-full elementor-hidden-mobile e-flex elementor-invisible e-con e-child\" data-id=\"4aeb1c9f\" data-element_type=\"container\" data-e-type=\"container\" data-settings=\"{&quot;animation&quot;:&quot;slideInUp&quot;}\">\n\t\t\t\t<div class=\"elementor-element elementor-element-17ce6dce elementor-widget elementor-widget-image\" data-id=\"17ce6dce\" data-element_type=\"widget\" data-e-type=\"widget\" data-settings=\"{&quot;motion_fx_motion_fx_scrolling&quot;:&quot;yes&quot;,&quot;motion_fx_translateY_effect&quot;:&quot;yes&quot;,&quot;motion_fx_translateY_speed&quot;:{&quot;unit&quot;:&quot;px&quot;,&quot;size&quot;:1.8,&quot;sizes&quot;:[]},&quot;motion_fx_translateY_affectedRange&quot;:{&quot;unit&quot;:&quot;%&quot;,&quot;size&quot;:&quot;&quot;,&quot;sizes&quot;:{&quot;start&quot;:0,&quot;end&quot;:100}},&quot;motion_fx_devices&quot;:[&quot;desktop&quot;,&quot;tablet&quot;,&quot;mobile&quot;]}\" data-widget_type=\"image.default\">\n\t\t\t\t<div class=\"elementor-widget-container\">\n\t\t\t\t\t\t\t\t\t\t\t\t\t\t\t<img fetchpriority=\"high\" decoding=\"async\" width=\"500\" height=\"500\" src=\"https:\/\/svenskamedbaby.se\/wp-content\/uploads\/2025\/05\/SMB_Nashua-500x500.jpg\" class=\"attachment-thumbrelated size-thumbrelated wp-image-3323\" alt=\"\" srcset=\"https:\/\/svenskamedbaby.se\/wp-content\/uploads\/2025\/05\/SMB_Nashua-500x500.jpg 500w, https:\/\/svenskamedbaby.se\/wp-content\/uploads\/2025\/05\/SMB_Nashua-150x150.jpg 150w, https:\/\/svenskamedbaby.se\/wp-content\/uploads\/2025\/05\/SMB_Nashua-300x300.jpg 300w\" sizes=\"(max-width: 500px) 100vw, 500px\" \/>\t\t\t\t\t\t\t\t\t\t\t\t\t\t\t<\/div>\n\t\t\t\t<\/div>\n\t\t\t\t<\/div>\n\t\t\t\t\t<\/div>\n\t\t\t\t<\/div>\n\t\t\t\t<\/div>\n\t\t","protected":false},"excerpt":{"rendered":"<p>Reportage Kriget bor i hj\u00e4rtat\u201d \u2013 Nashua om livet i Sverige med sorgen fr\u00e5n Gaza N\u00e4r hela v\u00e4rlden tittar p\u00e5, lever jag med kriget i hj\u00e4rtat. Nashua \u00e4r 44 \u00e5r gammal och har bott i Sverige sedan 1990, n\u00e4stan hela livet och k\u00e4nner sig hemma i Sverige, samtidigt som hon ocks\u00e5 \u00e4r palestinier. Hon \u00e4r&#8230;<\/p>","protected":false},"author":20,"featured_media":3323,"parent":0,"menu_order":0,"comment_status":"closed","ping_status":"closed","template":"","meta":{"_kad_post_transparent":"","_kad_post_title":"hide","_kad_post_layout":"fullwidth","_kad_post_sidebar_id":"","_kad_post_content_style":"unboxed","_kad_post_vertical_padding":"hide","_kad_post_feature":"hide","_kad_post_feature_position":"","_kad_post_header":false,"_kad_post_footer":false,"footnotes":""},"class_list":["post-3325","page","type-page","status-publish","has-post-thumbnail","hentry"],"yoast_head":"<!-- This site is optimized with the Yoast SEO plugin v27.3 - https:\/\/yoast.com\/product\/yoast-seo-wordpress\/ -->\n<title>&quot;Kriget bor i hj\u00e4rtat\u201d \u2013 Nashua om livet i Sverige med sorgen fr\u00e5n Gaza<\/title>\n<meta name=\"description\" content=\"Svenska med baby &quot;Kriget bor i hj\u00e4rtat\u201d \u2013 Nashua om livet i Sverige med sorgen fr\u00e5n Gaza\" \/>\n<meta name=\"robots\" content=\"index, follow, max-snippet:-1, max-image-preview:large, max-video-preview:-1\" \/>\n<link rel=\"canonical\" href=\"https:\/\/svenskamedbaby.se\/so\/intervju-med-nashua\/\" \/>\n<meta property=\"og:locale\" content=\"so_SO\" \/>\n<meta property=\"og:type\" content=\"article\" \/>\n<meta property=\"og:title\" content=\"&quot;Kriget bor i hj\u00e4rtat\u201d \u2013 Nashua om livet i Sverige med sorgen fr\u00e5n Gaza\" \/>\n<meta property=\"og:description\" content=\"Svenska med baby &quot;Kriget bor i hj\u00e4rtat\u201d \u2013 Nashua om livet i Sverige med sorgen fr\u00e5n Gaza\" \/>\n<meta property=\"og:url\" content=\"https:\/\/svenskamedbaby.se\/so\/intervju-med-nashua\/\" \/>\n<meta property=\"og:site_name\" content=\"Svenska med baby\" \/>\n<meta property=\"article:publisher\" content=\"https:\/\/www.facebook.com\/svenskamedbaby\" \/>\n<meta property=\"article:modified_time\" content=\"2025-05-21T11:29:23+00:00\" \/>\n<meta property=\"og:image\" content=\"https:\/\/svenskamedbaby.se\/wp-content\/uploads\/2025\/05\/SMB_Nashua.jpg\" \/>\n\t<meta property=\"og:image:width\" content=\"1466\" \/>\n\t<meta property=\"og:image:height\" content=\"1800\" \/>\n\t<meta property=\"og:image:type\" content=\"image\/jpeg\" \/>\n<meta name=\"twitter:card\" content=\"summary_large_image\" \/>\n<meta name=\"twitter:label1\" content=\"Est. reading time\" \/>\n\t<meta name=\"twitter:data1\" content=\"6 minutes\" \/>\n<script type=\"application\/ld+json\" class=\"yoast-schema-graph\">{\"@context\":\"https:\\\/\\\/schema.org\",\"@graph\":[{\"@type\":\"WebPage\",\"@id\":\"https:\\\/\\\/svenskamedbaby.se\\\/intervju-med-nashua\\\/\",\"url\":\"https:\\\/\\\/svenskamedbaby.se\\\/intervju-med-nashua\\\/\",\"name\":\"\\\"Kriget bor i hj\u00e4rtat\u201d \u2013 Nashua om livet i Sverige med sorgen fr\u00e5n Gaza\",\"isPartOf\":{\"@id\":\"https:\\\/\\\/svenskamedbaby.se\\\/#website\"},\"primaryImageOfPage\":{\"@id\":\"https:\\\/\\\/svenskamedbaby.se\\\/intervju-med-nashua\\\/#primaryimage\"},\"image\":{\"@id\":\"https:\\\/\\\/svenskamedbaby.se\\\/intervju-med-nashua\\\/#primaryimage\"},\"thumbnailUrl\":\"https:\\\/\\\/svenskamedbaby.se\\\/wp-content\\\/uploads\\\/2025\\\/05\\\/SMB_Nashua.jpg\",\"datePublished\":\"2025-05-21T10:33:01+00:00\",\"dateModified\":\"2025-05-21T11:29:23+00:00\",\"description\":\"Svenska med baby \\\"Kriget bor i hj\u00e4rtat\u201d \u2013 Nashua om livet i Sverige med sorgen fr\u00e5n Gaza\",\"breadcrumb\":{\"@id\":\"https:\\\/\\\/svenskamedbaby.se\\\/intervju-med-nashua\\\/#breadcrumb\"},\"inLanguage\":\"so\",\"potentialAction\":[{\"@type\":\"ReadAction\",\"target\":[\"https:\\\/\\\/svenskamedbaby.se\\\/intervju-med-nashua\\\/\"]}]},{\"@type\":\"ImageObject\",\"inLanguage\":\"so\",\"@id\":\"https:\\\/\\\/svenskamedbaby.se\\\/intervju-med-nashua\\\/#primaryimage\",\"url\":\"https:\\\/\\\/svenskamedbaby.se\\\/wp-content\\\/uploads\\\/2025\\\/05\\\/SMB_Nashua.jpg\",\"contentUrl\":\"https:\\\/\\\/svenskamedbaby.se\\\/wp-content\\\/uploads\\\/2025\\\/05\\\/SMB_Nashua.jpg\",\"width\":1466,\"height\":1800},{\"@type\":\"BreadcrumbList\",\"@id\":\"https:\\\/\\\/svenskamedbaby.se\\\/intervju-med-nashua\\\/#breadcrumb\",\"itemListElement\":[{\"@type\":\"ListItem\",\"position\":1,\"name\":\"Home\",\"item\":\"https:\\\/\\\/svenskamedbaby.se\\\/\"},{\"@type\":\"ListItem\",\"position\":2,\"name\":\"&#8221;Kriget bor i hj\u00e4rtat\u201d \u2013 Nashua om livet i Sverige med sorgen fr\u00e5n Gaza\"}]},{\"@type\":\"WebSite\",\"@id\":\"https:\\\/\\\/svenskamedbaby.se\\\/#website\",\"url\":\"https:\\\/\\\/svenskamedbaby.se\\\/\",\"name\":\"Svenska med baby\",\"description\":\"Tr\u00e4ffar f\u00f6r sm\u00e5barn och vuxna med olika bakrund\",\"publisher\":{\"@id\":\"https:\\\/\\\/svenskamedbaby.se\\\/#organization\"},\"potentialAction\":[{\"@type\":\"SearchAction\",\"target\":{\"@type\":\"EntryPoint\",\"urlTemplate\":\"https:\\\/\\\/svenskamedbaby.se\\\/?s={search_term_string}\"},\"query-input\":{\"@type\":\"PropertyValueSpecification\",\"valueRequired\":true,\"valueName\":\"search_term_string\"}}],\"inLanguage\":\"so\"},{\"@type\":\"Organization\",\"@id\":\"https:\\\/\\\/svenskamedbaby.se\\\/#organization\",\"name\":\"Svenska med baby\",\"url\":\"https:\\\/\\\/svenskamedbaby.se\\\/\",\"logo\":{\"@type\":\"ImageObject\",\"inLanguage\":\"so\",\"@id\":\"https:\\\/\\\/svenskamedbaby.se\\\/#\\\/schema\\\/logo\\\/image\\\/\",\"url\":\"https:\\\/\\\/svenskamedbaby.se\\\/wp-content\\\/uploads\\\/2024\\\/01\\\/cropped-logo-liggande_orange.png\",\"contentUrl\":\"https:\\\/\\\/svenskamedbaby.se\\\/wp-content\\\/uploads\\\/2024\\\/01\\\/cropped-logo-liggande_orange.png\",\"width\":3101,\"height\":1056,\"caption\":\"Svenska med baby\"},\"image\":{\"@id\":\"https:\\\/\\\/svenskamedbaby.se\\\/#\\\/schema\\\/logo\\\/image\\\/\"},\"sameAs\":[\"https:\\\/\\\/www.facebook.com\\\/svenskamedbaby\",\"https:\\\/\\\/www.instagram.com\\\/svenskamedbaby\\\/\",\"https:\\\/\\\/www.youtube.com\\\/@svenskamedbaby2469\"]}]}<\/script>\n<!-- \/ Yoast SEO plugin. -->","yoast_head_json":{"title":"\"Kriget bor i hj\u00e4rtat\u201d \u2013 Nashua om livet i Sverige med sorgen fr\u00e5n Gaza","description":"Svenska med baby \"Kriget bor i hj\u00e4rtat\u201d \u2013 Nashua om livet i Sverige med sorgen fr\u00e5n Gaza","robots":{"index":"index","follow":"follow","max-snippet":"max-snippet:-1","max-image-preview":"max-image-preview:large","max-video-preview":"max-video-preview:-1"},"canonical":"https:\/\/svenskamedbaby.se\/so\/intervju-med-nashua\/","og_locale":"so_SO","og_type":"article","og_title":"\"Kriget bor i hj\u00e4rtat\u201d \u2013 Nashua om livet i Sverige med sorgen fr\u00e5n Gaza","og_description":"Svenska med baby \"Kriget bor i hj\u00e4rtat\u201d \u2013 Nashua om livet i Sverige med sorgen fr\u00e5n Gaza","og_url":"https:\/\/svenskamedbaby.se\/so\/intervju-med-nashua\/","og_site_name":"Svenska med baby","article_publisher":"https:\/\/www.facebook.com\/svenskamedbaby","article_modified_time":"2025-05-21T11:29:23+00:00","og_image":[{"width":1466,"height":1800,"url":"https:\/\/svenskamedbaby.se\/wp-content\/uploads\/2025\/05\/SMB_Nashua.jpg","type":"image\/jpeg"}],"twitter_card":"summary_large_image","twitter_misc":{"Est. reading time":"6 minutes"},"schema":{"@context":"https:\/\/schema.org","@graph":[{"@type":"WebPage","@id":"https:\/\/svenskamedbaby.se\/intervju-med-nashua\/","url":"https:\/\/svenskamedbaby.se\/intervju-med-nashua\/","name":"\"Kriget bor i hj\u00e4rtat\u201d \u2013 Nashua om livet i Sverige med sorgen fr\u00e5n Gaza","isPartOf":{"@id":"https:\/\/svenskamedbaby.se\/#website"},"primaryImageOfPage":{"@id":"https:\/\/svenskamedbaby.se\/intervju-med-nashua\/#primaryimage"},"image":{"@id":"https:\/\/svenskamedbaby.se\/intervju-med-nashua\/#primaryimage"},"thumbnailUrl":"https:\/\/svenskamedbaby.se\/wp-content\/uploads\/2025\/05\/SMB_Nashua.jpg","datePublished":"2025-05-21T10:33:01+00:00","dateModified":"2025-05-21T11:29:23+00:00","description":"Svenska med baby \"Kriget bor i hj\u00e4rtat\u201d \u2013 Nashua om livet i Sverige med sorgen fr\u00e5n Gaza","breadcrumb":{"@id":"https:\/\/svenskamedbaby.se\/intervju-med-nashua\/#breadcrumb"},"inLanguage":"so","potentialAction":[{"@type":"ReadAction","target":["https:\/\/svenskamedbaby.se\/intervju-med-nashua\/"]}]},{"@type":"ImageObject","inLanguage":"so","@id":"https:\/\/svenskamedbaby.se\/intervju-med-nashua\/#primaryimage","url":"https:\/\/svenskamedbaby.se\/wp-content\/uploads\/2025\/05\/SMB_Nashua.jpg","contentUrl":"https:\/\/svenskamedbaby.se\/wp-content\/uploads\/2025\/05\/SMB_Nashua.jpg","width":1466,"height":1800},{"@type":"BreadcrumbList","@id":"https:\/\/svenskamedbaby.se\/intervju-med-nashua\/#breadcrumb","itemListElement":[{"@type":"ListItem","position":1,"name":"Home","item":"https:\/\/svenskamedbaby.se\/"},{"@type":"ListItem","position":2,"name":"&#8221;Kriget bor i hj\u00e4rtat\u201d \u2013 Nashua om livet i Sverige med sorgen fr\u00e5n Gaza"}]},{"@type":"WebSite","@id":"https:\/\/svenskamedbaby.se\/#website","url":"https:\/\/svenskamedbaby.se\/","name":"Svenska med baby","description":"Kulamada socod-baradka iyo dadka waaweyn ee asalkoodu kala duwan yahay","publisher":{"@id":"https:\/\/svenskamedbaby.se\/#organization"},"potentialAction":[{"@type":"SearchAction","target":{"@type":"EntryPoint","urlTemplate":"https:\/\/svenskamedbaby.se\/?s={search_term_string}"},"query-input":{"@type":"PropertyValueSpecification","valueRequired":true,"valueName":"search_term_string"}}],"inLanguage":"so"},{"@type":"Organization","@id":"https:\/\/svenskamedbaby.se\/#organization","name":"Svenska med baby","url":"https:\/\/svenskamedbaby.se\/","logo":{"@type":"ImageObject","inLanguage":"so","@id":"https:\/\/svenskamedbaby.se\/#\/schema\/logo\/image\/","url":"https:\/\/svenskamedbaby.se\/wp-content\/uploads\/2024\/01\/cropped-logo-liggande_orange.png","contentUrl":"https:\/\/svenskamedbaby.se\/wp-content\/uploads\/2024\/01\/cropped-logo-liggande_orange.png","width":3101,"height":1056,"caption":"Svenska med baby"},"image":{"@id":"https:\/\/svenskamedbaby.se\/#\/schema\/logo\/image\/"},"sameAs":["https:\/\/www.facebook.com\/svenskamedbaby","https:\/\/www.instagram.com\/svenskamedbaby\/","https:\/\/www.youtube.com\/@svenskamedbaby2469"]}]}},"_links":{"self":[{"href":"https:\/\/svenskamedbaby.se\/so\/wp-json\/wp\/v2\/pages\/3325","targetHints":{"allow":["GET"]}}],"collection":[{"href":"https:\/\/svenskamedbaby.se\/so\/wp-json\/wp\/v2\/pages"}],"about":[{"href":"https:\/\/svenskamedbaby.se\/so\/wp-json\/wp\/v2\/types\/page"}],"author":[{"embeddable":true,"href":"https:\/\/svenskamedbaby.se\/so\/wp-json\/wp\/v2\/users\/20"}],"replies":[{"embeddable":true,"href":"https:\/\/svenskamedbaby.se\/so\/wp-json\/wp\/v2\/comments?post=3325"}],"version-history":[{"count":0,"href":"https:\/\/svenskamedbaby.se\/so\/wp-json\/wp\/v2\/pages\/3325\/revisions"}],"wp:featuredmedia":[{"embeddable":true,"href":"https:\/\/svenskamedbaby.se\/so\/wp-json\/wp\/v2\/media\/3323"}],"wp:attachment":[{"href":"https:\/\/svenskamedbaby.se\/so\/wp-json\/wp\/v2\/media?parent=3325"}],"curies":[{"name":"wp","href":"https:\/\/api.w.org\/{rel}","templated":true}]}}