{"id":1038,"date":"2024-05-24T13:34:34","date_gmt":"2024-05-24T13:34:34","guid":{"rendered":"https:\/\/svenskamedbaby.se\/?page_id=1038"},"modified":"2024-08-26T00:12:44","modified_gmt":"2024-08-26T00:12:44","slug":"pappapappadottrar","status":"publish","type":"page","link":"https:\/\/svenskamedbaby.se\/ti\/pappapappadottrar\/","title":{"rendered":"PappaPappaD\u00f6ttrar"},"content":{"rendered":"\t\t<div data-elementor-type=\"wp-page\" data-elementor-id=\"1038\" class=\"elementor elementor-1038\" data-elementor-post-type=\"page\">\n\t\t\t\t<div class=\"elementor-element elementor-element-5d1a198 e-flex e-con-boxed e-con e-parent\" data-id=\"5d1a198\" data-element_type=\"container\" data-e-type=\"container\" data-settings=\"{&quot;background_background&quot;:&quot;classic&quot;}\">\n\t\t\t\t\t<div class=\"e-con-inner\">\n\t\t<div class=\"elementor-element elementor-element-36ff9661 e-con-full elementor-hidden-mobile e-flex elementor-invisible e-con e-child\" data-id=\"36ff9661\" data-element_type=\"container\" data-e-type=\"container\" data-settings=\"{&quot;animation&quot;:&quot;slideInUp&quot;}\">\n\t\t\t\t<div class=\"elementor-element elementor-element-670bff4b elementor-widget elementor-widget-image\" data-id=\"670bff4b\" data-element_type=\"widget\" data-e-type=\"widget\" data-settings=\"{&quot;motion_fx_motion_fx_scrolling&quot;:&quot;yes&quot;,&quot;motion_fx_translateY_effect&quot;:&quot;yes&quot;,&quot;motion_fx_translateY_speed&quot;:{&quot;unit&quot;:&quot;px&quot;,&quot;size&quot;:1.8,&quot;sizes&quot;:[]},&quot;motion_fx_translateY_affectedRange&quot;:{&quot;unit&quot;:&quot;%&quot;,&quot;size&quot;:&quot;&quot;,&quot;sizes&quot;:{&quot;start&quot;:0,&quot;end&quot;:100}},&quot;motion_fx_devices&quot;:[&quot;desktop&quot;,&quot;tablet&quot;,&quot;mobile&quot;]}\" data-widget_type=\"image.default\">\n\t\t\t\t<div class=\"elementor-widget-container\">\n\t\t\t\t\t\t\t\t\t\t\t\t\t\t\t<img fetchpriority=\"high\" decoding=\"async\" width=\"500\" height=\"500\" src=\"https:\/\/svenskamedbaby.se\/wp-content\/uploads\/2024\/05\/johnojohan_1296x-1.jpg-500x500.webp\" class=\"attachment-thumbrelated size-thumbrelated wp-image-1039\" alt=\"\" srcset=\"https:\/\/svenskamedbaby.se\/wp-content\/uploads\/2024\/05\/johnojohan_1296x-1.jpg-500x500.webp 500w, https:\/\/svenskamedbaby.se\/wp-content\/uploads\/2024\/05\/johnojohan_1296x-1.jpg-300x300.webp 300w, https:\/\/svenskamedbaby.se\/wp-content\/uploads\/2024\/05\/johnojohan_1296x-1.jpg-150x150.webp 150w, https:\/\/svenskamedbaby.se\/wp-content\/uploads\/2024\/05\/johnojohan_1296x-1.jpg-768x768.webp 768w, https:\/\/svenskamedbaby.se\/wp-content\/uploads\/2024\/05\/johnojohan_1296x-1.jpg.webp 900w\" sizes=\"(max-width: 500px) 100vw, 500px\" \/>\t\t\t\t\t\t\t\t\t\t\t\t\t\t\t<\/div>\n\t\t\t\t<\/div>\n\t\t\t\t<\/div>\n\t\t<div class=\"elementor-element elementor-element-6dabe5f6 e-con-full animated-slow e-flex elementor-invisible e-con e-child\" data-id=\"6dabe5f6\" data-element_type=\"container\" data-e-type=\"container\" data-settings=\"{&quot;animation&quot;:&quot;fadeIn&quot;,&quot;animation_delay&quot;:100,&quot;animation_mobile&quot;:&quot;none&quot;}\">\n\t\t\t\t<div class=\"elementor-element elementor-element-e1d930e elementor-widget elementor-widget-heading\" data-id=\"e1d930e\" data-element_type=\"widget\" data-e-type=\"widget\" data-widget_type=\"heading.default\">\n\t\t\t\t<div class=\"elementor-widget-container\">\n\t\t\t\t\t<h2 class=\"elementor-heading-title elementor-size-default\">Reportage<\/h2>\t\t\t\t<\/div>\n\t\t\t\t<\/div>\n\t\t\t\t<div class=\"elementor-element elementor-element-190f9143 elementor-view-default elementor-widget elementor-widget-icon\" data-id=\"190f9143\" data-element_type=\"widget\" data-e-type=\"widget\" data-widget_type=\"icon.default\">\n\t\t\t\t<div class=\"elementor-widget-container\">\n\t\t\t\t\t\t\t<div class=\"elementor-icon-wrapper\">\n\t\t\t<div class=\"elementor-icon\">\n\t\t\t<svg aria-hidden=\"true\" class=\"e-font-icon-svg e-fas-quote-left\" viewBox=\"0 0 512 512\" xmlns=\"http:\/\/www.w3.org\/2000\/svg\"><path d=\"M464 256h-80v-64c0-35.3 28.7-64 64-64h8c13.3 0 24-10.7 24-24V56c0-13.3-10.7-24-24-24h-8c-88.4 0-160 71.6-160 160v240c0 26.5 21.5 48 48 48h128c26.5 0 48-21.5 48-48V304c0-26.5-21.5-48-48-48zm-288 0H96v-64c0-35.3 28.7-64 64-64h8c13.3 0 24-10.7 24-24V56c0-13.3-10.7-24-24-24h-8C71.6 32 0 103.6 0 192v240c0 26.5 21.5 48 48 48h128c26.5 0 48-21.5 48-48V304c0-26.5-21.5-48-48-48z\"><\/path><\/svg>\t\t\t<\/div>\n\t\t<\/div>\n\t\t\t\t\t\t<\/div>\n\t\t\t\t<\/div>\n\t\t\t\t<div class=\"elementor-element elementor-element-5d97518b elementor-widget elementor-widget-heading\" data-id=\"5d97518b\" data-element_type=\"widget\" data-e-type=\"widget\" data-widget_type=\"heading.default\">\n\t\t\t\t<div class=\"elementor-widget-container\">\n\t\t\t\t\t<h2 class=\"elementor-heading-title elementor-size-default\">PappaPappaD\u00f6ttrar ber\u00e4ttar om Boken till pappa<\/h2>\t\t\t\t<\/div>\n\t\t\t\t<\/div>\n\t\t\t\t<div class=\"elementor-element elementor-element-464a296f elementor-widget-divider--view-line elementor-widget elementor-widget-divider\" data-id=\"464a296f\" data-element_type=\"widget\" data-e-type=\"widget\" data-widget_type=\"divider.default\">\n\t\t\t\t<div class=\"elementor-widget-container\">\n\t\t\t\t\t\t\t<div class=\"elementor-divider\">\n\t\t\t<span class=\"elementor-divider-separator\">\n\t\t\t\t\t\t<\/span>\n\t\t<\/div>\n\t\t\t\t\t\t<\/div>\n\t\t\t\t<\/div>\n\t\t\t\t<div class=\"elementor-element elementor-element-6ed3d8 elementor-widget elementor-widget-text-editor\" data-id=\"6ed3d8\" data-element_type=\"widget\" data-e-type=\"widget\" data-widget_type=\"text-editor.default\">\n\t\t\t\t<div class=\"elementor-widget-container\">\n\t\t\t\t\t\t\t\t\t<div class=\"\" data-block=\"true\" data-editor=\"7ji1h\" data-offset-key=\"41ukr-0-0\"><div class=\"_1mf _1mj\" data-offset-key=\"41ukr-0-0\"><span data-offset-key=\"41ukr-0-0\">Vad har just din pappa f\u00f6r f\u00e4rg p\u00e5 h\u00e5ret? Och vilken \u00e4r hans favoritmat? Vad tycker ni om att g\u00f6ra tillsammans? John Valencia och Johan Larsson har skapat en liten fylla-i-bok f\u00f6r barn som handlar just om den egna pappan. Inspirationen kommer s\u00e5klart fr\u00e5n d\u00f6ttrarna Miriam och Astrid och av tanken p\u00e5 att sm\u00e5barnstiden \u00e4r kort och att man vill spara den b\u00e4st det g\u00e5r.<\/span><\/div><div data-offset-key=\"41ukr-0-0\">\u00a0<\/div><\/div><div class=\"\" data-block=\"true\" data-editor=\"7ji1h\" data-offset-key=\"egldh-0-0\"><div class=\"_1mf _1mj\" data-offset-key=\"egldh-0-0\"><span data-offset-key=\"egldh-0-0\">\u00a0<\/span><span style=\"font-family: var(--global-body-font-family);\">\u201cAtt bli pappa och f\u00e5 barn \u00e4r s\u00e5 mycket mer av allt, \u00e4n vad jag hade kunnat t\u00e4nka mig. Mer st\u00f6k, mer k\u00e4rlek, mer skoj och och mer bus. En intensiv upplevelse!\u201d<\/span><\/div><\/div><div class=\"\" data-block=\"true\" data-editor=\"7ji1h\" data-offset-key=\"5shvu-0-0\"><div class=\"_1mf _1mj\" data-offset-key=\"5shvu-0-0\"><span data-offset-key=\"5shvu-0-0\">John Valencia hade inte trott att det d\u00e4r med barn var n\u00e5got f\u00f6r honom, men s\u00e5 tr\u00e4ffade han k\u00e4rleken Johan Larsson. Johan var best\u00e4md p\u00e5 den punkten och till slut ins\u00e5g John att det kanske var en fin id\u00e9 \u00e4nd\u00e5. <\/span><\/div><\/div><div class=\"\" data-block=\"true\" data-editor=\"7ji1h\" data-offset-key=\"14gdm-0-0\"><div class=\"_1mf _1mj\" data-offset-key=\"14gdm-0-0\"><span data-offset-key=\"14gdm-0-0\">Nu har de en dotter som \u00e4r tre \u00e5r och en som \u00e4r sex och ett halvt. Full fart med andra ord. Innan d\u00f6ttrarna kom hade inte de tv\u00e5 papporna n\u00e5gon riktig uppfattning om hur det skulle vara att leva med barn. <\/span><\/div><\/div><div class=\"\" data-block=\"true\" data-editor=\"7ji1h\" data-offset-key=\"dtgfe-0-0\"><div class=\"_1mf _1mj\" data-offset-key=\"dtgfe-0-0\"><span data-offset-key=\"dtgfe-0-0\">John ler n\u00e4r han ber\u00e4ttar att en sak han visste var att han inte skulle bli som sina egna f\u00f6r\u00e4ldrar.<\/span><\/div><\/div><div class=\"\" data-block=\"true\" data-editor=\"7ji1h\" data-offset-key=\"7qqjb-0-0\"><div class=\"_1mf _1mj\" data-offset-key=\"7qqjb-0-0\"><span data-offset-key=\"7qqjb-0-0\">\u201cNu har jag insett att jag har blivit precis som de \u00e4r och att jag \u00e4r ganska n\u00f6jd med det.\u201d<\/span><\/div><\/div><div class=\"\" data-block=\"true\" data-editor=\"7ji1h\" data-offset-key=\"51scb-0-0\"><div class=\"_1mf _1mj\" data-offset-key=\"51scb-0-0\"><span data-offset-key=\"51scb-0-0\">\u00a0<\/span><\/div><\/div><div class=\"\" data-block=\"true\" data-editor=\"7ji1h\" data-offset-key=\"ca4jm-0-0\"><div class=\"_1mf _1mj\" data-offset-key=\"ca4jm-0-0\"><span data-offset-key=\"ca4jm-0-0\">John och Johan har instagramkontot PappaPappaDotter, d\u00e4r man f\u00e5r f\u00f6lja med familjen i deras till synes glamour\u00f6sa tillvaro. <\/span><\/div><\/div><div class=\"\" data-block=\"true\" data-editor=\"7ji1h\" data-offset-key=\"3kp16-0-0\"><div class=\"_1mf _1mj\" data-offset-key=\"3kp16-0-0\"><span data-offset-key=\"3kp16-0-0\">\u201c\u00c5h, vi har det precis som alla andra, lika m\u00e5nga br\u00e5k och varje vardagsmorgon \u00e4r det en kamp att komma i v\u00e4g till f\u00f6rskolan\u201d, s\u00e4ger John. Men han till\u00e4gger att de ocks\u00e5 \u00e4r bra p\u00e5 att ta vara p\u00e5 tiden. Han och Johan \u00e4r noga med att hitta tid f\u00f6r varandra, en kv\u00e4ll h\u00e4r eller en resa d\u00e4r. Utan den basen, deras relation, g\u00e5r det inte. I och med att de \u00e4r noga med att alltid f\u00e5 den tiden tillsammans kan de ocks\u00e5 fokusera helt p\u00e5 barnen, n\u00e4r de \u00e4r med dem, menar han.<\/span><\/div><\/div><div class=\"\" data-block=\"true\" data-editor=\"7ji1h\" data-offset-key=\"f16d7-0-0\"><div class=\"_1mf _1mj\" data-offset-key=\"f16d7-0-0\"><span data-offset-key=\"f16d7-0-0\">\u201cBarnens behov \u00e4r l\u00e4ngst upp, de \u00e4r i toppen\u201d.<\/span><\/div><div data-offset-key=\"f16d7-0-0\">\u00a0<\/div><\/div><div class=\"\" data-block=\"true\" data-editor=\"7ji1h\" data-offset-key=\"fqis0-0-0\"><p class=\"_1mf _1mj\" data-offset-key=\"fqis0-0-0\">John tror att m\u00e5nga nog k\u00e4nner d\u00e5ligt samvete om de inte hittar p\u00e5 roliga saker med barnen varje dag. Han menar att man inte beh\u00f6ver g\u00e5 all in hela tiden, man f\u00e5r helt enkelt hitta lagom, det som fungerar i vardagen. Och t\u00e4nka att alla beh\u00f6ver lugn och ro och \u00e5terh\u00e4mtning hemma.<\/p><\/div><div class=\"\" data-block=\"true\" data-editor=\"7ji1h\" data-offset-key=\"7i1m8-0-0\"><div class=\"_1mf _1mj\" data-offset-key=\"7i1m8-0-0\"><span data-offset-key=\"7i1m8-0-0\">\u201cSkola och f\u00f6rskola \u00e4r pedagogiska verksamheter, det \u00e4r mycket att ta in under en dag.\u201d<\/span><\/div><\/div><div class=\"\" data-block=\"true\" data-editor=\"7ji1h\" data-offset-key=\"fpqeh-0-0\"><div class=\"_1mf _1mj\" data-offset-key=\"fpqeh-0-0\"><span data-offset-key=\"fpqeh-0-0\">Att dra ig\u00e5ng stora projekt just n\u00e4r man kommit hem f\u00f6r dagen \u00e4r kanske inte det b\u00e4sta, d\u00e5 \u00e4r alla tr\u00f6tta och beh\u00f6ver snarare ta det lugnt f\u00f6r sig sj\u00e4lv en stund.<\/span><\/div><div data-offset-key=\"fpqeh-0-0\">\u00a0<\/div><\/div><div class=\"\" data-block=\"true\" data-editor=\"7ji1h\" data-offset-key=\"2rk9f-0-0\"><div class=\"_1mf _1mj\" data-offset-key=\"2rk9f-0-0\"><span data-offset-key=\"2rk9f-0-0\">\u201cBarnen kanske vill sitta och rita medan vi lagar mat. Eller s\u00e5 \u00e4r de med och lagar mat. Efter maten kan man g\u00f6ra n\u00e5got tillsammans ist\u00e4llet.\u201d<\/span><\/div><\/div><div class=\"\" data-block=\"true\" data-editor=\"7ji1h\" data-offset-key=\"c31k4-0-0\"><div class=\"_1mf _1mj\" data-offset-key=\"c31k4-0-0\"><span data-offset-key=\"c31k4-0-0\">Har man \u00e4nd\u00e5 sv\u00e5rt att f\u00e5 livet att g\u00e5 ihop m\u00e5ste man se sig om i n\u00e4tverket och v\u00e5ga be om hj\u00e4lp, kanske av en farmor eller farfar eller en v\u00e4n.<\/span><\/div><\/div><div class=\"\" data-block=\"true\" data-editor=\"7ji1h\" data-offset-key=\"beiiq-0-0\"><p data-offset-key=\"beiiq-0-0\">\u00a0<\/p><p class=\"_1mf _1mj\" data-offset-key=\"beiiq-0-0\">Paret har gjort tv\u00e5 b\u00f6cker tillsammans, Miriam och den magiska tr\u00f6jan och den relativt nya Boken till pappa. Den sistn\u00e4mnda \u00e4r en fylla-i-bok med m\u00e5nga rader f\u00f6r barnet att sj\u00e4lva fylla i (eller kanske med lite hj\u00e4lp) pappans olika favoritsaker, hur pappan \u00e4r, hur pappan ser ut, vad pappan tycker om att g\u00f6ra. Och lite om vad pappan g\u00f6r hemma. Diskar pappa? Lagar pappan mat? Det finns mycket att diskutera kring och mycket att uppt\u00e4cka. En v\u00e4ldigt fin bok som gjord f\u00f6r att f\u00f6rdjupa relationen mellan barnet och pappan.\u00a0<\/p><\/div>\t\t\t\t\t\t\t\t<\/div>\n\t\t\t\t<\/div>\n\t\t\t\t<div class=\"elementor-element elementor-element-55a37666 elementor-align-left elementor-widget elementor-widget-button\" data-id=\"55a37666\" data-element_type=\"widget\" data-e-type=\"widget\" data-widget_type=\"button.default\">\n\t\t\t\t<div class=\"elementor-widget-container\">\n\t\t\t\t\t\t\t\t\t<div class=\"elementor-button-wrapper\">\n\t\t\t\t\t<a class=\"elementor-button elementor-button-link elementor-size-sm\" href=\"https:\/\/svenskamedbaby.se\/ti\/reportage\/\">\n\t\t\t\t\t\t<span class=\"elementor-button-content-wrapper\">\n\t\t\t\t\t\t\t\t\t<span class=\"elementor-button-text\">L\u00e4s fler reportage<\/span>\n\t\t\t\t\t<\/span>\n\t\t\t\t\t<\/a>\n\t\t\t\t<\/div>\n\t\t\t\t\t\t\t\t<\/div>\n\t\t\t\t<\/div>\n\t\t\t\t<\/div>\n\t\t\t\t\t<\/div>\n\t\t\t\t<\/div>\n\t\t\t\t<\/div>\n\t\t","protected":false},"excerpt":{"rendered":"<p>Reportage PappaPappaD\u00f6ttrar ber\u00e4ttar om Boken till pappa Vad har just din pappa f\u00f6r f\u00e4rg p\u00e5 h\u00e5ret? Och vilken \u00e4r hans favoritmat? Vad tycker ni om att g\u00f6ra tillsammans? John Valencia och Johan Larsson har skapat en liten fylla-i-bok f\u00f6r barn som handlar just om den egna pappan. Inspirationen kommer s\u00e5klart fr\u00e5n d\u00f6ttrarna Miriam och Astrid&#8230;<\/p>","protected":false},"author":5,"featured_media":0,"parent":0,"menu_order":0,"comment_status":"closed","ping_status":"closed","template":"","meta":{"_kad_post_transparent":"","_kad_post_title":"hide","_kad_post_layout":"fullwidth","_kad_post_sidebar_id":"","_kad_post_content_style":"unboxed","_kad_post_vertical_padding":"hide","_kad_post_feature":"hide","_kad_post_feature_position":"","_kad_post_header":false,"_kad_post_footer":false,"footnotes":""},"class_list":["post-1038","page","type-page","status-publish","hentry"],"yoast_head":"<!-- This site is optimized with the Yoast SEO plugin v27.3 - https:\/\/yoast.com\/product\/yoast-seo-wordpress\/ -->\n<title>PappaPappaD\u00f6ttrar - Svenska med baby<\/title>\n<meta name=\"robots\" content=\"index, follow, max-snippet:-1, max-image-preview:large, max-video-preview:-1\" \/>\n<link rel=\"canonical\" href=\"https:\/\/svenskamedbaby.se\/ti\/pappapappadottrar\/\" \/>\n<meta property=\"og:locale\" content=\"en_US\" \/>\n<meta property=\"og:type\" content=\"article\" \/>\n<meta property=\"og:title\" content=\"PappaPappaD\u00f6ttrar - Svenska med baby\" \/>\n<meta property=\"og:description\" content=\"Reportage PappaPappaD\u00f6ttrar ber\u00e4ttar om Boken till pappa Vad har just din pappa f\u00f6r f\u00e4rg p\u00e5 h\u00e5ret? Och vilken \u00e4r hans favoritmat? Vad tycker ni om att g\u00f6ra tillsammans? John Valencia och Johan Larsson har skapat en liten fylla-i-bok f\u00f6r barn som handlar just om den egna pappan. Inspirationen kommer s\u00e5klart fr\u00e5n d\u00f6ttrarna Miriam och Astrid...\" \/>\n<meta property=\"og:url\" content=\"https:\/\/svenskamedbaby.se\/ti\/pappapappadottrar\/\" \/>\n<meta property=\"og:site_name\" content=\"Svenska med baby\" \/>\n<meta property=\"article:publisher\" content=\"https:\/\/www.facebook.com\/svenskamedbaby\" \/>\n<meta property=\"article:modified_time\" content=\"2024-08-26T00:12:44+00:00\" \/>\n<meta property=\"og:image\" content=\"https:\/\/svenskamedbaby.se\/wp-content\/uploads\/2024\/05\/johnojohan_1296x-1.jpg-500x500.webp\" \/>\n<meta name=\"twitter:card\" content=\"summary_large_image\" \/>\n<meta name=\"twitter:label1\" content=\"Est. reading time\" \/>\n\t<meta name=\"twitter:data1\" content=\"4 minutes\" \/>\n<script type=\"application\/ld+json\" class=\"yoast-schema-graph\">{\"@context\":\"https:\\\/\\\/schema.org\",\"@graph\":[{\"@type\":\"WebPage\",\"@id\":\"https:\\\/\\\/svenskamedbaby.se\\\/pappapappadottrar\\\/\",\"url\":\"https:\\\/\\\/svenskamedbaby.se\\\/pappapappadottrar\\\/\",\"name\":\"PappaPappaD\u00f6ttrar - Svenska med baby\",\"isPartOf\":{\"@id\":\"https:\\\/\\\/svenskamedbaby.se\\\/#website\"},\"primaryImageOfPage\":{\"@id\":\"https:\\\/\\\/svenskamedbaby.se\\\/pappapappadottrar\\\/#primaryimage\"},\"image\":{\"@id\":\"https:\\\/\\\/svenskamedbaby.se\\\/pappapappadottrar\\\/#primaryimage\"},\"thumbnailUrl\":\"https:\\\/\\\/svenskamedbaby.se\\\/wp-content\\\/uploads\\\/2024\\\/05\\\/johnojohan_1296x-1.jpg-500x500.webp\",\"datePublished\":\"2024-05-24T13:34:34+00:00\",\"dateModified\":\"2024-08-26T00:12:44+00:00\",\"breadcrumb\":{\"@id\":\"https:\\\/\\\/svenskamedbaby.se\\\/pappapappadottrar\\\/#breadcrumb\"},\"inLanguage\":\"ti\",\"potentialAction\":[{\"@type\":\"ReadAction\",\"target\":[\"https:\\\/\\\/svenskamedbaby.se\\\/pappapappadottrar\\\/\"]}]},{\"@type\":\"ImageObject\",\"inLanguage\":\"ti\",\"@id\":\"https:\\\/\\\/svenskamedbaby.se\\\/pappapappadottrar\\\/#primaryimage\",\"url\":\"https:\\\/\\\/svenskamedbaby.se\\\/wp-content\\\/uploads\\\/2024\\\/05\\\/johnojohan_1296x-1.jpg-500x500.webp\",\"contentUrl\":\"https:\\\/\\\/svenskamedbaby.se\\\/wp-content\\\/uploads\\\/2024\\\/05\\\/johnojohan_1296x-1.jpg-500x500.webp\"},{\"@type\":\"BreadcrumbList\",\"@id\":\"https:\\\/\\\/svenskamedbaby.se\\\/pappapappadottrar\\\/#breadcrumb\",\"itemListElement\":[{\"@type\":\"ListItem\",\"position\":1,\"name\":\"Home\",\"item\":\"https:\\\/\\\/svenskamedbaby.se\\\/\"},{\"@type\":\"ListItem\",\"position\":2,\"name\":\"PappaPappaD\u00f6ttrar\"}]},{\"@type\":\"WebSite\",\"@id\":\"https:\\\/\\\/svenskamedbaby.se\\\/#website\",\"url\":\"https:\\\/\\\/svenskamedbaby.se\\\/\",\"name\":\"Svenska med baby\",\"description\":\"Tr\u00e4ffar f\u00f6r sm\u00e5barn och vuxna med olika bakrund\",\"publisher\":{\"@id\":\"https:\\\/\\\/svenskamedbaby.se\\\/#organization\"},\"potentialAction\":[{\"@type\":\"SearchAction\",\"target\":{\"@type\":\"EntryPoint\",\"urlTemplate\":\"https:\\\/\\\/svenskamedbaby.se\\\/?s={search_term_string}\"},\"query-input\":{\"@type\":\"PropertyValueSpecification\",\"valueRequired\":true,\"valueName\":\"search_term_string\"}}],\"inLanguage\":\"ti\"},{\"@type\":\"Organization\",\"@id\":\"https:\\\/\\\/svenskamedbaby.se\\\/#organization\",\"name\":\"Svenska med baby\",\"url\":\"https:\\\/\\\/svenskamedbaby.se\\\/\",\"logo\":{\"@type\":\"ImageObject\",\"inLanguage\":\"ti\",\"@id\":\"https:\\\/\\\/svenskamedbaby.se\\\/#\\\/schema\\\/logo\\\/image\\\/\",\"url\":\"https:\\\/\\\/svenskamedbaby.se\\\/wp-content\\\/uploads\\\/2024\\\/01\\\/cropped-logo-liggande_orange.png\",\"contentUrl\":\"https:\\\/\\\/svenskamedbaby.se\\\/wp-content\\\/uploads\\\/2024\\\/01\\\/cropped-logo-liggande_orange.png\",\"width\":3101,\"height\":1056,\"caption\":\"Svenska med baby\"},\"image\":{\"@id\":\"https:\\\/\\\/svenskamedbaby.se\\\/#\\\/schema\\\/logo\\\/image\\\/\"},\"sameAs\":[\"https:\\\/\\\/www.facebook.com\\\/svenskamedbaby\",\"https:\\\/\\\/www.instagram.com\\\/svenskamedbaby\\\/\",\"https:\\\/\\\/www.youtube.com\\\/@svenskamedbaby2469\"]}]}<\/script>\n<!-- \/ Yoast SEO plugin. -->","yoast_head_json":{"title":"PappaPappaD\u00f6ttrar - Svenska med baby","robots":{"index":"index","follow":"follow","max-snippet":"max-snippet:-1","max-image-preview":"max-image-preview:large","max-video-preview":"max-video-preview:-1"},"canonical":"https:\/\/svenskamedbaby.se\/ti\/pappapappadottrar\/","og_locale":"en_US","og_type":"article","og_title":"PappaPappaD\u00f6ttrar - Svenska med baby","og_description":"Reportage PappaPappaD\u00f6ttrar ber\u00e4ttar om Boken till pappa Vad har just din pappa f\u00f6r f\u00e4rg p\u00e5 h\u00e5ret? Och vilken \u00e4r hans favoritmat? Vad tycker ni om att g\u00f6ra tillsammans? John Valencia och Johan Larsson har skapat en liten fylla-i-bok f\u00f6r barn som handlar just om den egna pappan. Inspirationen kommer s\u00e5klart fr\u00e5n d\u00f6ttrarna Miriam och Astrid...","og_url":"https:\/\/svenskamedbaby.se\/ti\/pappapappadottrar\/","og_site_name":"Svenska med baby","article_publisher":"https:\/\/www.facebook.com\/svenskamedbaby","article_modified_time":"2024-08-26T00:12:44+00:00","og_image":[{"url":"https:\/\/svenskamedbaby.se\/wp-content\/uploads\/2024\/05\/johnojohan_1296x-1.jpg-500x500.webp","type":"","width":"","height":""}],"twitter_card":"summary_large_image","twitter_misc":{"Est. reading time":"4 minutes"},"schema":{"@context":"https:\/\/schema.org","@graph":[{"@type":"WebPage","@id":"https:\/\/svenskamedbaby.se\/pappapappadottrar\/","url":"https:\/\/svenskamedbaby.se\/pappapappadottrar\/","name":"PappaPappaD\u00f6ttrar - Svenska med baby","isPartOf":{"@id":"https:\/\/svenskamedbaby.se\/#website"},"primaryImageOfPage":{"@id":"https:\/\/svenskamedbaby.se\/pappapappadottrar\/#primaryimage"},"image":{"@id":"https:\/\/svenskamedbaby.se\/pappapappadottrar\/#primaryimage"},"thumbnailUrl":"https:\/\/svenskamedbaby.se\/wp-content\/uploads\/2024\/05\/johnojohan_1296x-1.jpg-500x500.webp","datePublished":"2024-05-24T13:34:34+00:00","dateModified":"2024-08-26T00:12:44+00:00","breadcrumb":{"@id":"https:\/\/svenskamedbaby.se\/pappapappadottrar\/#breadcrumb"},"inLanguage":"ti","potentialAction":[{"@type":"ReadAction","target":["https:\/\/svenskamedbaby.se\/pappapappadottrar\/"]}]},{"@type":"ImageObject","inLanguage":"ti","@id":"https:\/\/svenskamedbaby.se\/pappapappadottrar\/#primaryimage","url":"https:\/\/svenskamedbaby.se\/wp-content\/uploads\/2024\/05\/johnojohan_1296x-1.jpg-500x500.webp","contentUrl":"https:\/\/svenskamedbaby.se\/wp-content\/uploads\/2024\/05\/johnojohan_1296x-1.jpg-500x500.webp"},{"@type":"BreadcrumbList","@id":"https:\/\/svenskamedbaby.se\/pappapappadottrar\/#breadcrumb","itemListElement":[{"@type":"ListItem","position":1,"name":"Home","item":"https:\/\/svenskamedbaby.se\/"},{"@type":"ListItem","position":2,"name":"PappaPappaD\u00f6ttrar"}]},{"@type":"WebSite","@id":"https:\/\/svenskamedbaby.se\/#website","url":"https:\/\/svenskamedbaby.se\/","name":"Svenska med baby","description":"\u12a3\u12bc\u1263\u1273\u1275 \u1295\u1205\u133b\u1293\u1275\u1295 \u12d3\u1260\u12ed\u1275\u1295 \u12dd\u1270\u1348\u120b\u1208\u12e8 \u12f5\u1215\u1228 \u1263\u12ed\u1273 \u12d8\u1208\u12ce\u121d","publisher":{"@id":"https:\/\/svenskamedbaby.se\/#organization"},"potentialAction":[{"@type":"SearchAction","target":{"@type":"EntryPoint","urlTemplate":"https:\/\/svenskamedbaby.se\/?s={search_term_string}"},"query-input":{"@type":"PropertyValueSpecification","valueRequired":true,"valueName":"search_term_string"}}],"inLanguage":"ti"},{"@type":"Organization","@id":"https:\/\/svenskamedbaby.se\/#organization","name":"Svenska med baby","url":"https:\/\/svenskamedbaby.se\/","logo":{"@type":"ImageObject","inLanguage":"ti","@id":"https:\/\/svenskamedbaby.se\/#\/schema\/logo\/image\/","url":"https:\/\/svenskamedbaby.se\/wp-content\/uploads\/2024\/01\/cropped-logo-liggande_orange.png","contentUrl":"https:\/\/svenskamedbaby.se\/wp-content\/uploads\/2024\/01\/cropped-logo-liggande_orange.png","width":3101,"height":1056,"caption":"Svenska med baby"},"image":{"@id":"https:\/\/svenskamedbaby.se\/#\/schema\/logo\/image\/"},"sameAs":["https:\/\/www.facebook.com\/svenskamedbaby","https:\/\/www.instagram.com\/svenskamedbaby\/","https:\/\/www.youtube.com\/@svenskamedbaby2469"]}]}},"_links":{"self":[{"href":"https:\/\/svenskamedbaby.se\/ti\/wp-json\/wp\/v2\/pages\/1038","targetHints":{"allow":["GET"]}}],"collection":[{"href":"https:\/\/svenskamedbaby.se\/ti\/wp-json\/wp\/v2\/pages"}],"about":[{"href":"https:\/\/svenskamedbaby.se\/ti\/wp-json\/wp\/v2\/types\/page"}],"author":[{"embeddable":true,"href":"https:\/\/svenskamedbaby.se\/ti\/wp-json\/wp\/v2\/users\/5"}],"replies":[{"embeddable":true,"href":"https:\/\/svenskamedbaby.se\/ti\/wp-json\/wp\/v2\/comments?post=1038"}],"version-history":[{"count":0,"href":"https:\/\/svenskamedbaby.se\/ti\/wp-json\/wp\/v2\/pages\/1038\/revisions"}],"wp:attachment":[{"href":"https:\/\/svenskamedbaby.se\/ti\/wp-json\/wp\/v2\/media?parent=1038"}],"curies":[{"name":"wp","href":"https:\/\/api.w.org\/{rel}","templated":true}]}}