{"id":1048,"date":"2024-05-27T11:54:55","date_gmt":"2024-05-27T11:54:55","guid":{"rendered":"https:\/\/svenskamedbaby.se\/?page_id=1048"},"modified":"2024-05-27T12:00:15","modified_gmt":"2024-05-27T12:00:15","slug":"reportage-nataliia-doroshenko","status":"publish","type":"page","link":"https:\/\/svenskamedbaby.se\/ti\/reportage-nataliia-doroshenko\/","title":{"rendered":"Reportage- Nataliia Doroshenko"},"content":{"rendered":"\t\t<div data-elementor-type=\"wp-page\" data-elementor-id=\"1048\" class=\"elementor elementor-1048\" data-elementor-post-type=\"page\">\n\t\t\t\t<div class=\"elementor-element elementor-element-492dfa40 e-flex e-con-boxed e-con e-parent\" data-id=\"492dfa40\" data-element_type=\"container\" data-e-type=\"container\" data-settings=\"{&quot;background_background&quot;:&quot;classic&quot;}\">\n\t\t\t\t\t<div class=\"e-con-inner\">\n\t\t<div class=\"elementor-element elementor-element-3a36ce74 e-con-full elementor-hidden-mobile e-flex elementor-invisible e-con e-child\" data-id=\"3a36ce74\" data-element_type=\"container\" data-e-type=\"container\" data-settings=\"{&quot;animation&quot;:&quot;slideInUp&quot;}\">\n\t\t\t\t<div class=\"elementor-element elementor-element-1e6b867a elementor-widget elementor-widget-image\" data-id=\"1e6b867a\" data-element_type=\"widget\" data-e-type=\"widget\" data-settings=\"{&quot;motion_fx_motion_fx_scrolling&quot;:&quot;yes&quot;,&quot;motion_fx_translateY_effect&quot;:&quot;yes&quot;,&quot;motion_fx_translateY_speed&quot;:{&quot;unit&quot;:&quot;px&quot;,&quot;size&quot;:1.8,&quot;sizes&quot;:[]},&quot;motion_fx_translateY_affectedRange&quot;:{&quot;unit&quot;:&quot;%&quot;,&quot;size&quot;:&quot;&quot;,&quot;sizes&quot;:{&quot;start&quot;:0,&quot;end&quot;:100}},&quot;motion_fx_devices&quot;:[&quot;desktop&quot;,&quot;tablet&quot;,&quot;mobile&quot;]}\" data-widget_type=\"image.default\">\n\t\t\t\t<div class=\"elementor-widget-container\">\n\t\t\t\t\t\t\t\t\t\t\t\t\t\t\t<img fetchpriority=\"high\" decoding=\"async\" width=\"500\" height=\"500\" src=\"https:\/\/svenskamedbaby.se\/wp-content\/uploads\/2024\/05\/DSC_2705-2500x1667-1-500x500.jpg\" class=\"attachment-thumbrelated size-thumbrelated wp-image-1049\" alt=\"\" srcset=\"https:\/\/svenskamedbaby.se\/wp-content\/uploads\/2024\/05\/DSC_2705-2500x1667-1-500x500.jpg 500w, https:\/\/svenskamedbaby.se\/wp-content\/uploads\/2024\/05\/DSC_2705-2500x1667-1-150x150.jpg 150w, https:\/\/svenskamedbaby.se\/wp-content\/uploads\/2024\/05\/DSC_2705-2500x1667-1-300x300.jpg 300w\" sizes=\"(max-width: 500px) 100vw, 500px\" \/>\t\t\t\t\t\t\t\t\t\t\t\t\t\t\t<\/div>\n\t\t\t\t<\/div>\n\t\t\t\t<\/div>\n\t\t<div class=\"elementor-element elementor-element-36a860f0 e-con-full animated-slow e-flex elementor-invisible e-con e-child\" data-id=\"36a860f0\" data-element_type=\"container\" data-e-type=\"container\" data-settings=\"{&quot;animation&quot;:&quot;fadeIn&quot;,&quot;animation_delay&quot;:100,&quot;animation_mobile&quot;:&quot;none&quot;}\">\n\t\t\t\t<div class=\"elementor-element elementor-element-7d2bdac5 elementor-view-default elementor-widget elementor-widget-icon\" data-id=\"7d2bdac5\" data-element_type=\"widget\" data-e-type=\"widget\" data-widget_type=\"icon.default\">\n\t\t\t\t<div class=\"elementor-widget-container\">\n\t\t\t\t\t\t\t<div class=\"elementor-icon-wrapper\">\n\t\t\t<div class=\"elementor-icon\">\n\t\t\t<svg aria-hidden=\"true\" class=\"e-font-icon-svg e-fas-quote-left\" viewBox=\"0 0 512 512\" xmlns=\"http:\/\/www.w3.org\/2000\/svg\"><path d=\"M464 256h-80v-64c0-35.3 28.7-64 64-64h8c13.3 0 24-10.7 24-24V56c0-13.3-10.7-24-24-24h-8c-88.4 0-160 71.6-160 160v240c0 26.5 21.5 48 48 48h128c26.5 0 48-21.5 48-48V304c0-26.5-21.5-48-48-48zm-288 0H96v-64c0-35.3 28.7-64 64-64h8c13.3 0 24-10.7 24-24V56c0-13.3-10.7-24-24-24h-8C71.6 32 0 103.6 0 192v240c0 26.5 21.5 48 48 48h128c26.5 0 48-21.5 48-48V304c0-26.5-21.5-48-48-48z\"><\/path><\/svg>\t\t\t<\/div>\n\t\t<\/div>\n\t\t\t\t\t\t<\/div>\n\t\t\t\t<\/div>\n\t\t\t\t<div class=\"elementor-element elementor-element-3c0df3a4 elementor-widget elementor-widget-heading\" data-id=\"3c0df3a4\" data-element_type=\"widget\" data-e-type=\"widget\" data-widget_type=\"heading.default\">\n\t\t\t\t<div class=\"elementor-widget-container\">\n\t\t\t\t\t<h2 class=\"elementor-heading-title elementor-size-default\">Stresshantering: R\u00e5d fr\u00e5n Nataliia Doroshenko<\/h2>\t\t\t\t<\/div>\n\t\t\t\t<\/div>\n\t\t\t\t<div class=\"elementor-element elementor-element-71f8fbd1 elementor-widget-divider--view-line elementor-widget elementor-widget-divider\" data-id=\"71f8fbd1\" data-element_type=\"widget\" data-e-type=\"widget\" data-widget_type=\"divider.default\">\n\t\t\t\t<div class=\"elementor-widget-container\">\n\t\t\t\t\t\t\t<div class=\"elementor-divider\">\n\t\t\t<span class=\"elementor-divider-separator\">\n\t\t\t\t\t\t<\/span>\n\t\t<\/div>\n\t\t\t\t\t\t<\/div>\n\t\t\t\t<\/div>\n\t\t\t\t<div class=\"elementor-element elementor-element-697a2590 elementor-widget elementor-widget-text-editor\" data-id=\"697a2590\" data-element_type=\"widget\" data-e-type=\"widget\" data-widget_type=\"text-editor.default\">\n\t\t\t\t<div class=\"elementor-widget-container\">\n\t\t\t\t\t\t\t\t\t<p>Vem har inte k\u00e4nt av stress? Sm\u00e5barnsf\u00f6r\u00e4ldrar brukar vara s\u00e4rskilt utsatta f\u00f6r det, det \u00e4r mycket som ska hinnas med och ses till, och tiden tycks ofta inte riktigt r\u00e4cka.<\/p><p>N\u00e4r vi m\u00f6ter utmaningar i livet \u00e4r stress en naturlig reaktion. Nataliia Doroshenko som \u00e4r aff\u00e4rsutbildare, coach och psykolog, h\u00e5ller f\u00f6rel\u00e4sningar om \u00e4mnet. Varje vecka leder hon en psykologisk workshop inom ramen f\u00f6r Svenska med Babys ESF-projekt, d\u00e4r hon st\u00f6der sina ukrainska landsm\u00e4n som nyligen har kommit till Sverige. Hon kom sj\u00e4lv hit fr\u00e5n Ukraina med sina tv\u00e5 barn f\u00f6r bara ett \u00e5r sedan och f\u00f6rst\u00e5r hur sv\u00e5rt det kan vara.<\/p><p>\u201cStress betraktas ofta som negativt, men det kan faktiskt vara den kraft som i vissa situationer driver oss fram\u00e5t\u201d, f\u00f6rklarar Nataliia. \u201cDet \u00e4r viktigt att l\u00e4ra sig hantera den p\u00e5 ett konstruktivt s\u00e4tt. Jag rekommenderar verkligen att man tittar p\u00e5 Kelly McGonigals inspirerande TED-talk om \u00e4mnet.\u201d<\/p><p>Nataliia delar n\u00e5gra konkreta r\u00e5d f\u00f6r att hantera stress:<\/p><p>B\u00f6rja med att ta hand om din kropp. Att r\u00f6ra p\u00e5 dig och tr\u00e4na \u00e4r till hj\u00e4lp. Det frig\u00f6r \u00e4mnen som f\u00e5r dig att m\u00e5 bra. Var medveten om dina k\u00e4nslor och f\u00f6rs\u00e4kra dig om att de \u00e4r realistiska f\u00f6r den situation som du befinner dig i. Detta kan hj\u00e4lpa dig att undvika att k\u00e4nna dig nedst\u00e4md eller ledsen.<\/p><p>En v\u00e4l utarbetad plan kan ocks\u00e5 vara till stor hj\u00e4lp. N\u00e4r du vet vad du ska g\u00f6ra k\u00e4nns det mycket mer hanterbart. Nataliia betonar ocks\u00e5 vikten av att f\u00f6rs\u00f6ka f\u00e5nga gl\u00e4djen i vardagen. St\u00e4ll dig sj\u00e4lv fr\u00e5gor som \u201dVad k\u00e4nner jag?\u201d och \u201dVad ger mig gl\u00e4dje och mening?\u201d, \u201cVad kan jag p\u00e5verka?\u201d, f\u00f6r att hj\u00e4lpa dig att hitta fram till vad du m\u00e5r bra av. Stanna upp och f\u00f6rs\u00f6k vara i nuet och hitta stunder och situationer som g\u00f6r dig glad.<\/p><p>Att f\u00f6lja sin egen v\u00e4g \u00e4r viktigt. Str\u00e4van efter lycka g\u00f6r oss ofta ist\u00e4llet olyckliga. J\u00e4mf\u00f6relse med andra likas\u00e5. Att hitta sin egen v\u00e4g kan motverka detta och kan hj\u00e4lpa dig att g\u00f6ra det r\u00e4tta oavsett k\u00e4nslor eller vad andra g\u00f6r. Fokusera p\u00e5 vad som fungerar f\u00f6r dig utifr\u00e5n dina m\u00e5l, b\u00e5de l\u00e5ngsiktiga och kortsiktiga. Det finns inget r\u00e4tt eller fel, det handlar om vad som k\u00e4nns r\u00e4tt f\u00f6r dig.<\/p>\t\t\t\t\t\t\t\t<\/div>\n\t\t\t\t<\/div>\n\t\t\t\t<div class=\"elementor-element elementor-element-99df91f elementor-align-left elementor-widget elementor-widget-button\" data-id=\"99df91f\" data-element_type=\"widget\" data-e-type=\"widget\" data-widget_type=\"button.default\">\n\t\t\t\t<div class=\"elementor-widget-container\">\n\t\t\t\t\t\t\t\t\t<div class=\"elementor-button-wrapper\">\n\t\t\t\t\t<a class=\"elementor-button elementor-size-sm\" role=\"button\">\n\t\t\t\t\t\t<span class=\"elementor-button-content-wrapper\">\n\t\t\t\t\t\t\t\t\t<span class=\"elementor-button-text\">L\u00e4s fler reportage<\/span>\n\t\t\t\t\t<\/span>\n\t\t\t\t\t<\/a>\n\t\t\t\t<\/div>\n\t\t\t\t\t\t\t\t<\/div>\n\t\t\t\t<\/div>\n\t\t\t\t<\/div>\n\t\t\t\t\t<\/div>\n\t\t\t\t<\/div>\n\t\t\t\t<\/div>\n\t\t","protected":false},"excerpt":{"rendered":"<p>Stresshantering: R\u00e5d fr\u00e5n Nataliia Doroshenko Vem har inte k\u00e4nt av stress? Sm\u00e5barnsf\u00f6r\u00e4ldrar brukar vara s\u00e4rskilt utsatta f\u00f6r det, det \u00e4r mycket som ska hinnas med och ses till, och tiden tycks ofta inte riktigt r\u00e4cka. N\u00e4r vi m\u00f6ter utmaningar i livet \u00e4r stress en naturlig reaktion. Nataliia Doroshenko som \u00e4r aff\u00e4rsutbildare, coach och psykolog, h\u00e5ller&#8230;<\/p>","protected":false},"author":5,"featured_media":0,"parent":0,"menu_order":0,"comment_status":"closed","ping_status":"closed","template":"","meta":{"_kad_post_transparent":"","_kad_post_title":"hide","_kad_post_layout":"fullwidth","_kad_post_sidebar_id":"","_kad_post_content_style":"unboxed","_kad_post_vertical_padding":"hide","_kad_post_feature":"hide","_kad_post_feature_position":"","_kad_post_header":false,"_kad_post_footer":false,"footnotes":""},"class_list":["post-1048","page","type-page","status-publish","hentry"],"yoast_head":"<!-- This site is optimized with the Yoast SEO plugin v27.3 - https:\/\/yoast.com\/product\/yoast-seo-wordpress\/ -->\n<title>Reportage- Nataliia Doroshenko - Svenska med baby<\/title>\n<meta name=\"robots\" content=\"index, follow, max-snippet:-1, max-image-preview:large, max-video-preview:-1\" \/>\n<link rel=\"canonical\" href=\"https:\/\/svenskamedbaby.se\/ti\/reportage-nataliia-doroshenko\/\" \/>\n<meta property=\"og:locale\" content=\"en_US\" \/>\n<meta property=\"og:type\" content=\"article\" \/>\n<meta property=\"og:title\" content=\"Reportage- Nataliia Doroshenko - Svenska med baby\" \/>\n<meta property=\"og:description\" content=\"Stresshantering: R\u00e5d fr\u00e5n Nataliia Doroshenko Vem har inte k\u00e4nt av stress? Sm\u00e5barnsf\u00f6r\u00e4ldrar brukar vara s\u00e4rskilt utsatta f\u00f6r det, det \u00e4r mycket som ska hinnas med och ses till, och tiden tycks ofta inte riktigt r\u00e4cka. N\u00e4r vi m\u00f6ter utmaningar i livet \u00e4r stress en naturlig reaktion. Nataliia Doroshenko som \u00e4r aff\u00e4rsutbildare, coach och psykolog, h\u00e5ller...\" \/>\n<meta property=\"og:url\" content=\"https:\/\/svenskamedbaby.se\/ti\/reportage-nataliia-doroshenko\/\" \/>\n<meta property=\"og:site_name\" content=\"Svenska med baby\" \/>\n<meta property=\"article:publisher\" content=\"https:\/\/www.facebook.com\/svenskamedbaby\" \/>\n<meta property=\"article:modified_time\" content=\"2024-05-27T12:00:15+00:00\" \/>\n<meta property=\"og:image\" content=\"https:\/\/svenskamedbaby.se\/wp-content\/uploads\/2024\/05\/DSC_2705-2500x1667-1-500x500.jpg\" \/>\n<meta name=\"twitter:card\" content=\"summary_large_image\" \/>\n<meta name=\"twitter:label1\" content=\"Est. reading time\" \/>\n\t<meta name=\"twitter:data1\" content=\"3 minutes\" \/>\n<script type=\"application\/ld+json\" class=\"yoast-schema-graph\">{\"@context\":\"https:\\\/\\\/schema.org\",\"@graph\":[{\"@type\":\"WebPage\",\"@id\":\"https:\\\/\\\/svenskamedbaby.se\\\/reportage-nataliia-doroshenko\\\/\",\"url\":\"https:\\\/\\\/svenskamedbaby.se\\\/reportage-nataliia-doroshenko\\\/\",\"name\":\"Reportage- Nataliia Doroshenko - Svenska med baby\",\"isPartOf\":{\"@id\":\"https:\\\/\\\/svenskamedbaby.se\\\/#website\"},\"primaryImageOfPage\":{\"@id\":\"https:\\\/\\\/svenskamedbaby.se\\\/reportage-nataliia-doroshenko\\\/#primaryimage\"},\"image\":{\"@id\":\"https:\\\/\\\/svenskamedbaby.se\\\/reportage-nataliia-doroshenko\\\/#primaryimage\"},\"thumbnailUrl\":\"https:\\\/\\\/svenskamedbaby.se\\\/wp-content\\\/uploads\\\/2024\\\/05\\\/DSC_2705-2500x1667-1-500x500.jpg\",\"datePublished\":\"2024-05-27T11:54:55+00:00\",\"dateModified\":\"2024-05-27T12:00:15+00:00\",\"breadcrumb\":{\"@id\":\"https:\\\/\\\/svenskamedbaby.se\\\/reportage-nataliia-doroshenko\\\/#breadcrumb\"},\"inLanguage\":\"ti\",\"potentialAction\":[{\"@type\":\"ReadAction\",\"target\":[\"https:\\\/\\\/svenskamedbaby.se\\\/reportage-nataliia-doroshenko\\\/\"]}]},{\"@type\":\"ImageObject\",\"inLanguage\":\"ti\",\"@id\":\"https:\\\/\\\/svenskamedbaby.se\\\/reportage-nataliia-doroshenko\\\/#primaryimage\",\"url\":\"https:\\\/\\\/svenskamedbaby.se\\\/wp-content\\\/uploads\\\/2024\\\/05\\\/DSC_2705-2500x1667-1-500x500.jpg\",\"contentUrl\":\"https:\\\/\\\/svenskamedbaby.se\\\/wp-content\\\/uploads\\\/2024\\\/05\\\/DSC_2705-2500x1667-1-500x500.jpg\"},{\"@type\":\"BreadcrumbList\",\"@id\":\"https:\\\/\\\/svenskamedbaby.se\\\/reportage-nataliia-doroshenko\\\/#breadcrumb\",\"itemListElement\":[{\"@type\":\"ListItem\",\"position\":1,\"name\":\"Home\",\"item\":\"https:\\\/\\\/svenskamedbaby.se\\\/\"},{\"@type\":\"ListItem\",\"position\":2,\"name\":\"Reportage- Nataliia Doroshenko\"}]},{\"@type\":\"WebSite\",\"@id\":\"https:\\\/\\\/svenskamedbaby.se\\\/#website\",\"url\":\"https:\\\/\\\/svenskamedbaby.se\\\/\",\"name\":\"Svenska med baby\",\"description\":\"Tr\u00e4ffar f\u00f6r sm\u00e5barn och vuxna med olika bakrund\",\"publisher\":{\"@id\":\"https:\\\/\\\/svenskamedbaby.se\\\/#organization\"},\"potentialAction\":[{\"@type\":\"SearchAction\",\"target\":{\"@type\":\"EntryPoint\",\"urlTemplate\":\"https:\\\/\\\/svenskamedbaby.se\\\/?s={search_term_string}\"},\"query-input\":{\"@type\":\"PropertyValueSpecification\",\"valueRequired\":true,\"valueName\":\"search_term_string\"}}],\"inLanguage\":\"ti\"},{\"@type\":\"Organization\",\"@id\":\"https:\\\/\\\/svenskamedbaby.se\\\/#organization\",\"name\":\"Svenska med baby\",\"url\":\"https:\\\/\\\/svenskamedbaby.se\\\/\",\"logo\":{\"@type\":\"ImageObject\",\"inLanguage\":\"ti\",\"@id\":\"https:\\\/\\\/svenskamedbaby.se\\\/#\\\/schema\\\/logo\\\/image\\\/\",\"url\":\"https:\\\/\\\/svenskamedbaby.se\\\/wp-content\\\/uploads\\\/2024\\\/01\\\/cropped-logo-liggande_orange.png\",\"contentUrl\":\"https:\\\/\\\/svenskamedbaby.se\\\/wp-content\\\/uploads\\\/2024\\\/01\\\/cropped-logo-liggande_orange.png\",\"width\":3101,\"height\":1056,\"caption\":\"Svenska med baby\"},\"image\":{\"@id\":\"https:\\\/\\\/svenskamedbaby.se\\\/#\\\/schema\\\/logo\\\/image\\\/\"},\"sameAs\":[\"https:\\\/\\\/www.facebook.com\\\/svenskamedbaby\",\"https:\\\/\\\/www.instagram.com\\\/svenskamedbaby\\\/\",\"https:\\\/\\\/www.youtube.com\\\/@svenskamedbaby2469\"]}]}<\/script>\n<!-- \/ Yoast SEO plugin. -->","yoast_head_json":{"title":"Reportage- Nataliia Doroshenko - Svenska med baby","robots":{"index":"index","follow":"follow","max-snippet":"max-snippet:-1","max-image-preview":"max-image-preview:large","max-video-preview":"max-video-preview:-1"},"canonical":"https:\/\/svenskamedbaby.se\/ti\/reportage-nataliia-doroshenko\/","og_locale":"en_US","og_type":"article","og_title":"Reportage- Nataliia Doroshenko - Svenska med baby","og_description":"Stresshantering: R\u00e5d fr\u00e5n Nataliia Doroshenko Vem har inte k\u00e4nt av stress? Sm\u00e5barnsf\u00f6r\u00e4ldrar brukar vara s\u00e4rskilt utsatta f\u00f6r det, det \u00e4r mycket som ska hinnas med och ses till, och tiden tycks ofta inte riktigt r\u00e4cka. N\u00e4r vi m\u00f6ter utmaningar i livet \u00e4r stress en naturlig reaktion. Nataliia Doroshenko som \u00e4r aff\u00e4rsutbildare, coach och psykolog, h\u00e5ller...","og_url":"https:\/\/svenskamedbaby.se\/ti\/reportage-nataliia-doroshenko\/","og_site_name":"Svenska med baby","article_publisher":"https:\/\/www.facebook.com\/svenskamedbaby","article_modified_time":"2024-05-27T12:00:15+00:00","og_image":[{"url":"https:\/\/svenskamedbaby.se\/wp-content\/uploads\/2024\/05\/DSC_2705-2500x1667-1-500x500.jpg","type":"","width":"","height":""}],"twitter_card":"summary_large_image","twitter_misc":{"Est. reading time":"3 minutes"},"schema":{"@context":"https:\/\/schema.org","@graph":[{"@type":"WebPage","@id":"https:\/\/svenskamedbaby.se\/reportage-nataliia-doroshenko\/","url":"https:\/\/svenskamedbaby.se\/reportage-nataliia-doroshenko\/","name":"Reportage- Nataliia Doroshenko - Svenska med baby","isPartOf":{"@id":"https:\/\/svenskamedbaby.se\/#website"},"primaryImageOfPage":{"@id":"https:\/\/svenskamedbaby.se\/reportage-nataliia-doroshenko\/#primaryimage"},"image":{"@id":"https:\/\/svenskamedbaby.se\/reportage-nataliia-doroshenko\/#primaryimage"},"thumbnailUrl":"https:\/\/svenskamedbaby.se\/wp-content\/uploads\/2024\/05\/DSC_2705-2500x1667-1-500x500.jpg","datePublished":"2024-05-27T11:54:55+00:00","dateModified":"2024-05-27T12:00:15+00:00","breadcrumb":{"@id":"https:\/\/svenskamedbaby.se\/reportage-nataliia-doroshenko\/#breadcrumb"},"inLanguage":"ti","potentialAction":[{"@type":"ReadAction","target":["https:\/\/svenskamedbaby.se\/reportage-nataliia-doroshenko\/"]}]},{"@type":"ImageObject","inLanguage":"ti","@id":"https:\/\/svenskamedbaby.se\/reportage-nataliia-doroshenko\/#primaryimage","url":"https:\/\/svenskamedbaby.se\/wp-content\/uploads\/2024\/05\/DSC_2705-2500x1667-1-500x500.jpg","contentUrl":"https:\/\/svenskamedbaby.se\/wp-content\/uploads\/2024\/05\/DSC_2705-2500x1667-1-500x500.jpg"},{"@type":"BreadcrumbList","@id":"https:\/\/svenskamedbaby.se\/reportage-nataliia-doroshenko\/#breadcrumb","itemListElement":[{"@type":"ListItem","position":1,"name":"Home","item":"https:\/\/svenskamedbaby.se\/"},{"@type":"ListItem","position":2,"name":"Reportage- Nataliia Doroshenko"}]},{"@type":"WebSite","@id":"https:\/\/svenskamedbaby.se\/#website","url":"https:\/\/svenskamedbaby.se\/","name":"Svenska med baby","description":"\u12a3\u12bc\u1263\u1273\u1275 \u1295\u1205\u133b\u1293\u1275\u1295 \u12d3\u1260\u12ed\u1275\u1295 \u12dd\u1270\u1348\u120b\u1208\u12e8 \u12f5\u1215\u1228 \u1263\u12ed\u1273 \u12d8\u1208\u12ce\u121d","publisher":{"@id":"https:\/\/svenskamedbaby.se\/#organization"},"potentialAction":[{"@type":"SearchAction","target":{"@type":"EntryPoint","urlTemplate":"https:\/\/svenskamedbaby.se\/?s={search_term_string}"},"query-input":{"@type":"PropertyValueSpecification","valueRequired":true,"valueName":"search_term_string"}}],"inLanguage":"ti"},{"@type":"Organization","@id":"https:\/\/svenskamedbaby.se\/#organization","name":"Svenska med baby","url":"https:\/\/svenskamedbaby.se\/","logo":{"@type":"ImageObject","inLanguage":"ti","@id":"https:\/\/svenskamedbaby.se\/#\/schema\/logo\/image\/","url":"https:\/\/svenskamedbaby.se\/wp-content\/uploads\/2024\/01\/cropped-logo-liggande_orange.png","contentUrl":"https:\/\/svenskamedbaby.se\/wp-content\/uploads\/2024\/01\/cropped-logo-liggande_orange.png","width":3101,"height":1056,"caption":"Svenska med baby"},"image":{"@id":"https:\/\/svenskamedbaby.se\/#\/schema\/logo\/image\/"},"sameAs":["https:\/\/www.facebook.com\/svenskamedbaby","https:\/\/www.instagram.com\/svenskamedbaby\/","https:\/\/www.youtube.com\/@svenskamedbaby2469"]}]}},"_links":{"self":[{"href":"https:\/\/svenskamedbaby.se\/ti\/wp-json\/wp\/v2\/pages\/1048","targetHints":{"allow":["GET"]}}],"collection":[{"href":"https:\/\/svenskamedbaby.se\/ti\/wp-json\/wp\/v2\/pages"}],"about":[{"href":"https:\/\/svenskamedbaby.se\/ti\/wp-json\/wp\/v2\/types\/page"}],"author":[{"embeddable":true,"href":"https:\/\/svenskamedbaby.se\/ti\/wp-json\/wp\/v2\/users\/5"}],"replies":[{"embeddable":true,"href":"https:\/\/svenskamedbaby.se\/ti\/wp-json\/wp\/v2\/comments?post=1048"}],"version-history":[{"count":0,"href":"https:\/\/svenskamedbaby.se\/ti\/wp-json\/wp\/v2\/pages\/1048\/revisions"}],"wp:attachment":[{"href":"https:\/\/svenskamedbaby.se\/ti\/wp-json\/wp\/v2\/media?parent=1048"}],"curies":[{"name":"wp","href":"https:\/\/api.w.org\/{rel}","templated":true}]}}