{"id":2377,"date":"2024-11-20T09:08:44","date_gmt":"2024-11-20T09:08:44","guid":{"rendered":"https:\/\/svenskamedbaby.se\/?page_id=2377"},"modified":"2024-12-09T14:10:36","modified_gmt":"2024-12-09T14:10:36","slug":"jag-valde-inte-uppdraget-det-kom-till-mig-hela-artikeln","status":"publish","type":"page","link":"https:\/\/svenskamedbaby.se\/ti\/jag-valde-inte-uppdraget-det-kom-till-mig-hela-artikeln\/","title":{"rendered":"Allt handlar om framtiden f\u00f6r barnen.\u201d"},"content":{"rendered":"\t\t<div data-elementor-type=\"wp-page\" data-elementor-id=\"2377\" class=\"elementor elementor-2377\" data-elementor-post-type=\"page\">\n\t\t\t\t<div class=\"elementor-element elementor-element-3aba0b65 e-flex e-con-boxed e-con e-parent\" data-id=\"3aba0b65\" data-element_type=\"container\" data-e-type=\"container\" data-settings=\"{&quot;background_background&quot;:&quot;classic&quot;}\">\n\t\t\t\t\t<div class=\"e-con-inner\">\n\t\t<div class=\"elementor-element elementor-element-3d51e702 e-con-full animated-slow e-flex elementor-invisible e-con e-child\" data-id=\"3d51e702\" data-element_type=\"container\" data-e-type=\"container\" data-settings=\"{&quot;animation&quot;:&quot;fadeIn&quot;,&quot;animation_delay&quot;:100,&quot;animation_mobile&quot;:&quot;none&quot;}\">\n\t\t\t\t<div class=\"elementor-element elementor-element-29a3fe65 elementor-widget elementor-widget-heading\" data-id=\"29a3fe65\" data-element_type=\"widget\" data-e-type=\"widget\" data-widget_type=\"heading.default\">\n\t\t\t\t<div class=\"elementor-widget-container\">\n\t\t\t\t\t<h2 class=\"elementor-heading-title elementor-size-default\">Reportage<\/h2>\t\t\t\t<\/div>\n\t\t\t\t<\/div>\n\t\t\t\t<div class=\"elementor-element elementor-element-3fa1f0f elementor-view-default elementor-widget elementor-widget-icon\" data-id=\"3fa1f0f\" data-element_type=\"widget\" data-e-type=\"widget\" data-widget_type=\"icon.default\">\n\t\t\t\t<div class=\"elementor-widget-container\">\n\t\t\t\t\t\t\t<div class=\"elementor-icon-wrapper\">\n\t\t\t<div class=\"elementor-icon\">\n\t\t\t<svg aria-hidden=\"true\" class=\"e-font-icon-svg e-fas-quote-left\" viewBox=\"0 0 512 512\" xmlns=\"http:\/\/www.w3.org\/2000\/svg\"><path d=\"M464 256h-80v-64c0-35.3 28.7-64 64-64h8c13.3 0 24-10.7 24-24V56c0-13.3-10.7-24-24-24h-8c-88.4 0-160 71.6-160 160v240c0 26.5 21.5 48 48 48h128c26.5 0 48-21.5 48-48V304c0-26.5-21.5-48-48-48zm-288 0H96v-64c0-35.3 28.7-64 64-64h8c13.3 0 24-10.7 24-24V56c0-13.3-10.7-24-24-24h-8C71.6 32 0 103.6 0 192v240c0 26.5 21.5 48 48 48h128c26.5 0 48-21.5 48-48V304c0-26.5-21.5-48-48-48z\"><\/path><\/svg>\t\t\t<\/div>\n\t\t<\/div>\n\t\t\t\t\t\t<\/div>\n\t\t\t\t<\/div>\n\t\t\t\t<div class=\"elementor-element elementor-element-71f657d1 elementor-widget elementor-widget-heading\" data-id=\"71f657d1\" data-element_type=\"widget\" data-e-type=\"widget\" data-widget_type=\"heading.default\">\n\t\t\t\t<div class=\"elementor-widget-container\">\n\t\t\t\t\t<h2 class=\"elementor-heading-title elementor-size-default\">Allt handlar om framtiden f\u00f6r barnen.\u201d<\/h2>\t\t\t\t<\/div>\n\t\t\t\t<\/div>\n\t\t\t\t<div class=\"elementor-element elementor-element-658b7be2 elementor-widget-divider--view-line elementor-widget elementor-widget-divider\" data-id=\"658b7be2\" data-element_type=\"widget\" data-e-type=\"widget\" data-widget_type=\"divider.default\">\n\t\t\t\t<div class=\"elementor-widget-container\">\n\t\t\t\t\t\t\t<div class=\"elementor-divider\">\n\t\t\t<span class=\"elementor-divider-separator\">\n\t\t\t\t\t\t<\/span>\n\t\t<\/div>\n\t\t\t\t\t\t<\/div>\n\t\t\t\t<\/div>\n\t\t\t\t<div class=\"elementor-element elementor-element-4d04b41a elementor-widget elementor-widget-text-editor\" data-id=\"4d04b41a\" data-element_type=\"widget\" data-e-type=\"widget\" data-widget_type=\"text-editor.default\">\n\t\t\t\t<div class=\"elementor-widget-container\">\n\t\t\t\t\t\t\t\t\t<p><strong>Att komma till ett nytt land som nybliven pappa \u00e4r en stor <\/strong><strong>utmaning. Sayed Mohammad Jalil, samordnare f\u00f6r Svenska med babys pappaverksamhet, arbetar f\u00f6r att skapa en <\/strong><strong>ov\u00e4rderlig gemenskap d\u00e4r pappor kan dela funderingar, <\/strong><strong>utmaningar och gl\u00e4dje\u00e4mnen, allt f\u00f6r barnens framtid.<br \/><br \/><\/strong>\u201dVi har s\u00e5 m\u00e5nga fina bevis p\u00e5 att v\u00e5rt arbete \u00e4r viktigt\u201d, s\u00e4ger Sayed Mohammad Jalil, samordnare f\u00f6r Svenska med babys pappaverksamhet. \u201dM\u00f6jligheten att tr\u00e4ffa andra pappor och prata om funderingar, utmaningar och gl\u00e4dje\u00e4mnen \u00e4r ov\u00e4rderlig.<br \/>\u201dSom samordnare f\u00f6r pappaverksamheten p\u00e5 Svenska med baby arbetar Sayed dagligen med att st\u00f6tta andra pappor i deras f\u00f6r\u00e4ldraskap. Men hans egen resa b\u00f6rjade l\u00e5ngt fr\u00e5n Sveriges gr\u00e4nser.<br \/>\u201cJag kommer fr\u00e5n Afghanistan och kom till Sverige 2018. Min fru var gravid och hon kom hit f\u00f6re mig. N\u00e4r jag anl\u00e4nde var v\u00e5r son redan tv\u00e5 \u00e5r gammal. Senare kom \u00e4ven v\u00e5r dotter.\u201d<\/p><p style=\"font-weight: 400;\">Det var ingen slump att de hamnade just h\u00e4r. Sayeds fru hade l\u00e4st p\u00e5; hon visste att Sverige \u00e4r ett bra land f\u00f6r kvinnor. H\u00e4r finns m\u00f6jligheter och r\u00e4ttigheter som inte finns p\u00e5 andra platser, det kunde hon tydligt se.<br \/>F\u00f6r\u00e4ldrarnas roller i Sverige \u00e4r v\u00e4ldigt annorlunda mot rollerna i Afghanistan. I Afghanistan \u00e4r pappans huvudsakliga uppgift att ansvara f\u00f6r familjens trygghet genom ekonomin. Sayeds egen pappa gjorde just det, men ocks\u00e5 mer. Han var en ovanlig pappa p\u00e5 det s\u00e4tt att han tog sig tid med barnen p\u00e5 ett s\u00e4tt som andra pappor inte gjorde. Relationen till honom har pr\u00e4glat Sayed djupt.<br \/>\u201cHan stod alltid bakom mig, han var ett starkt st\u00f6d f\u00f6r mig.\u201d<\/p><p style=\"font-weight: 400;\">Att komma till ett nytt land, samtidigt som man blir pappa, kan vara oerh\u00f6rt tufft. Sayed upplevde att det var sv\u00e5rt att f\u00e5 information om det mest basala, som v\u00e5rd, f\u00f6r\u00e4ldrast\u00f6d och f\u00f6rskola. Alla dessa fr\u00e5gor man har som nybliven f\u00f6r\u00e4lder, medan man ocks\u00e5 ska f\u00f6rs\u00f6ka navigera i ett helt nytt land, p\u00e5 ett helt nytt spr\u00e5k \u2013 det var \u00f6verv\u00e4ldigande. N\u00e4r han s\u00e5 sm\u00e5ningom fick jobbet som samordnare f\u00f6r pappaverksamheten p\u00e5 Svenska med baby var det som gjort f\u00f6r honom.<br \/>\u201cH\u00e4r f\u00e5r jag ge det jag sj\u00e4lv hade velat ha n\u00e4r jag kom till Sverige\u201d, f\u00f6rklarar han. \u201cVi ger st\u00f6d och r\u00e5d om allt det praktiska man undrar \u00f6ver.\u201d<\/p><p style=\"font-weight: 400;\">M\u00e5nga nyanl\u00e4nda pappor k\u00e4nner att vardagen kan vara \u00f6verm\u00e4ktig. Med os\u00e4kerhet kring uppeh\u00e5llstillst\u00e5nd, boende och ekonomi kan det vara sv\u00e5rt att fokusera p\u00e5 f\u00f6r\u00e4ldraskapet. Pappatr\u00e4ffarna \u00e4r \u00f6ppna f\u00f6r alla pappor med barn upp till fem \u00e5r. M\u00e5let \u00e4r att ungef\u00e4r h\u00e4lften av deltagarna p\u00e5 varje tr\u00e4ff \u00e4r nya i Sverige, medan den andra h\u00e4lften \u00e4r etablerade h\u00e4r. Under tr\u00e4ffarna sker ett dynamiskt erfarenhets- och kunskapsutbyte mellan papporna. Tr\u00e4ffarna erbjuder med andra ord inte bara en bas f\u00f6r information, utan ocks\u00e5 ett v\u00e4rdefullt socialt sammanhang. N\u00e5got av det b\u00e4sta Sayed vet med jobbet \u00e4r att se n\u00e4r pappor som aldrig tidigare m\u00f6tts byter kontaktuppgifter i slutet av en tr\u00e4ff. Att hitta en gemenskap och kunna bygga ett socialt n\u00e4tverk \u00e4r viktigt av s\u00e5 m\u00e5nga orsaker. Det fr\u00e4mjar f\u00f6rst\u00e5s den mentala h\u00e4lsan, men det ger ocks\u00e5 m\u00f6jligheter till kontakter p\u00e5 arbetsmarknaden, n\u00e5got vi vet \u00e4r av st\u00f6rsta vikt f\u00f6r att kunna f\u00e5 ett jobb i Sverige idag.<br \/>\u201cDessutom f\u00e5r man n\u00e5got roligt och meningsfullt att g\u00f6ra med sitt barn, vilket inte alltid \u00e4r l\u00e4tt att komma p\u00e5 n\u00e4r man \u00e4r ny i landet\u201d, till\u00e4gger Sayed.<br \/>Syftet med tr\u00e4ffarna \u00e4r allts\u00e5 m\u00e5ngfacetterat, men f\u00f6r Sayed \u00e4r m\u00e5let klart: att skapa en b\u00e4ttre framtid f\u00f6r sina barn och att hj\u00e4lpa andra pappor att g\u00f6ra detsamma.<\/p>\t\t\t\t\t\t\t\t<\/div>\n\t\t\t\t<\/div>\n\t\t\t\t<div class=\"elementor-element elementor-element-4169ead7 elementor-align-left elementor-widget elementor-widget-button\" data-id=\"4169ead7\" data-element_type=\"widget\" data-e-type=\"widget\" data-widget_type=\"button.default\">\n\t\t\t\t<div class=\"elementor-widget-container\">\n\t\t\t\t\t\t\t\t\t<div class=\"elementor-button-wrapper\">\n\t\t\t\t\t<a class=\"elementor-button elementor-button-link elementor-size-sm\" href=\"https:\/\/svenskamedbaby.se\/ti\/reportage\/\">\n\t\t\t\t\t\t<span class=\"elementor-button-content-wrapper\">\n\t\t\t\t\t\t\t\t\t<span class=\"elementor-button-text\">L\u00e4s fler reportage<\/span>\n\t\t\t\t\t<\/span>\n\t\t\t\t\t<\/a>\n\t\t\t\t<\/div>\n\t\t\t\t\t\t\t\t<\/div>\n\t\t\t\t<\/div>\n\t\t\t\t<\/div>\n\t\t<div class=\"elementor-element elementor-element-4aeb1c9f e-con-full elementor-hidden-mobile e-flex elementor-invisible e-con e-child\" data-id=\"4aeb1c9f\" data-element_type=\"container\" data-e-type=\"container\" data-settings=\"{&quot;animation&quot;:&quot;slideInUp&quot;}\">\n\t\t\t\t<div class=\"elementor-element elementor-element-17ce6dce elementor-widget elementor-widget-image\" data-id=\"17ce6dce\" data-element_type=\"widget\" data-e-type=\"widget\" data-settings=\"{&quot;motion_fx_motion_fx_scrolling&quot;:&quot;yes&quot;,&quot;motion_fx_translateY_effect&quot;:&quot;yes&quot;,&quot;motion_fx_translateY_speed&quot;:{&quot;unit&quot;:&quot;px&quot;,&quot;size&quot;:1.8,&quot;sizes&quot;:[]},&quot;motion_fx_translateY_affectedRange&quot;:{&quot;unit&quot;:&quot;%&quot;,&quot;size&quot;:&quot;&quot;,&quot;sizes&quot;:{&quot;start&quot;:0,&quot;end&quot;:100}},&quot;motion_fx_devices&quot;:[&quot;desktop&quot;,&quot;tablet&quot;,&quot;mobile&quot;]}\" data-widget_type=\"image.default\">\n\t\t\t\t<div class=\"elementor-widget-container\">\n\t\t\t\t\t\t\t\t\t\t\t\t\t\t\t<img fetchpriority=\"high\" decoding=\"async\" width=\"500\" height=\"500\" src=\"https:\/\/svenskamedbaby.se\/wp-content\/uploads\/2024\/11\/Sdayed-och-Sara-500x500.jpg\" class=\"attachment-thumbrelated size-thumbrelated wp-image-2376\" alt=\"\" srcset=\"https:\/\/svenskamedbaby.se\/wp-content\/uploads\/2024\/11\/Sdayed-och-Sara-500x500.jpg 500w, https:\/\/svenskamedbaby.se\/wp-content\/uploads\/2024\/11\/Sdayed-och-Sara-300x300.jpg 300w, https:\/\/svenskamedbaby.se\/wp-content\/uploads\/2024\/11\/Sdayed-och-Sara-1024x1024.jpg 1024w, https:\/\/svenskamedbaby.se\/wp-content\/uploads\/2024\/11\/Sdayed-och-Sara-150x150.jpg 150w, https:\/\/svenskamedbaby.se\/wp-content\/uploads\/2024\/11\/Sdayed-och-Sara-768x768.jpg 768w, https:\/\/svenskamedbaby.se\/wp-content\/uploads\/2024\/11\/Sdayed-och-Sara-1536x1536.jpg 1536w, https:\/\/svenskamedbaby.se\/wp-content\/uploads\/2024\/11\/Sdayed-och-Sara-2048x2048.jpg 2048w, https:\/\/svenskamedbaby.se\/wp-content\/uploads\/2024\/11\/Sdayed-och-Sara-12x12.jpg 12w\" sizes=\"(max-width: 500px) 100vw, 500px\" \/>\t\t\t\t\t\t\t\t\t\t\t\t\t\t\t<\/div>\n\t\t\t\t<\/div>\n\t\t\t\t<\/div>\n\t\t\t\t\t<\/div>\n\t\t\t\t<\/div>\n\t\t\t\t<\/div>\n\t\t","protected":false},"excerpt":{"rendered":"<p>Reportage Allt handlar om framtiden f\u00f6r barnen.\u201d Att komma till ett nytt land som nybliven pappa \u00e4r en stor utmaning. Sayed Mohammad Jalil, samordnare f\u00f6r Svenska med babys pappaverksamhet, arbetar f\u00f6r att skapa en ov\u00e4rderlig gemenskap d\u00e4r pappor kan dela funderingar, utmaningar och gl\u00e4dje\u00e4mnen, allt f\u00f6r barnens framtid. \u201dVi har s\u00e5 m\u00e5nga fina bevis p\u00e5&#8230;<\/p>","protected":false},"author":4,"featured_media":2376,"parent":0,"menu_order":0,"comment_status":"closed","ping_status":"closed","template":"","meta":{"_kad_post_transparent":"","_kad_post_title":"hide","_kad_post_layout":"fullwidth","_kad_post_sidebar_id":"","_kad_post_content_style":"unboxed","_kad_post_vertical_padding":"hide","_kad_post_feature":"hide","_kad_post_feature_position":"","_kad_post_header":false,"_kad_post_footer":false,"footnotes":""},"class_list":["post-2377","page","type-page","status-publish","has-post-thumbnail","hentry"],"yoast_head":"<!-- This site is optimized with the Yoast SEO plugin v27.3 - https:\/\/yoast.com\/product\/yoast-seo-wordpress\/ -->\n<title>Allt handlar om framtiden f\u00f6r barnen.\u201d<\/title>\n<meta name=\"description\" content=\"Svenska med baby Allt handlar om framtiden f\u00f6r barnen.\u201d\" \/>\n<meta name=\"robots\" content=\"index, follow, max-snippet:-1, max-image-preview:large, max-video-preview:-1\" \/>\n<link rel=\"canonical\" href=\"https:\/\/svenskamedbaby.se\/ti\/jag-valde-inte-uppdraget-det-kom-till-mig-hela-artikeln\/\" \/>\n<meta property=\"og:locale\" content=\"en_US\" \/>\n<meta property=\"og:type\" content=\"article\" \/>\n<meta property=\"og:title\" content=\"Allt handlar om framtiden f\u00f6r barnen.\u201d\" \/>\n<meta property=\"og:description\" content=\"Svenska med baby Allt handlar om framtiden f\u00f6r barnen.\u201d\" \/>\n<meta property=\"og:url\" content=\"https:\/\/svenskamedbaby.se\/ti\/jag-valde-inte-uppdraget-det-kom-till-mig-hela-artikeln\/\" \/>\n<meta property=\"og:site_name\" content=\"Svenska med baby\" \/>\n<meta property=\"article:publisher\" content=\"https:\/\/www.facebook.com\/svenskamedbaby\" \/>\n<meta property=\"article:modified_time\" content=\"2024-12-09T14:10:36+00:00\" \/>\n<meta property=\"og:image\" content=\"https:\/\/svenskamedbaby.se\/wp-content\/uploads\/2024\/11\/Sdayed-och-Sara-scaled.jpg\" \/>\n\t<meta property=\"og:image:width\" content=\"2560\" \/>\n\t<meta property=\"og:image:height\" content=\"2560\" \/>\n\t<meta property=\"og:image:type\" content=\"image\/jpeg\" \/>\n<meta name=\"twitter:card\" content=\"summary_large_image\" \/>\n<meta name=\"twitter:label1\" content=\"Est. reading time\" \/>\n\t<meta name=\"twitter:data1\" content=\"4 minutes\" \/>\n<script type=\"application\/ld+json\" class=\"yoast-schema-graph\">{\"@context\":\"https:\\\/\\\/schema.org\",\"@graph\":[{\"@type\":\"WebPage\",\"@id\":\"https:\\\/\\\/svenskamedbaby.se\\\/jag-valde-inte-uppdraget-det-kom-till-mig-hela-artikeln\\\/\",\"url\":\"https:\\\/\\\/svenskamedbaby.se\\\/jag-valde-inte-uppdraget-det-kom-till-mig-hela-artikeln\\\/\",\"name\":\"Allt handlar om framtiden f\u00f6r barnen.\u201d\",\"isPartOf\":{\"@id\":\"https:\\\/\\\/svenskamedbaby.se\\\/#website\"},\"primaryImageOfPage\":{\"@id\":\"https:\\\/\\\/svenskamedbaby.se\\\/jag-valde-inte-uppdraget-det-kom-till-mig-hela-artikeln\\\/#primaryimage\"},\"image\":{\"@id\":\"https:\\\/\\\/svenskamedbaby.se\\\/jag-valde-inte-uppdraget-det-kom-till-mig-hela-artikeln\\\/#primaryimage\"},\"thumbnailUrl\":\"https:\\\/\\\/svenskamedbaby.se\\\/wp-content\\\/uploads\\\/2024\\\/11\\\/Sdayed-och-Sara-scaled.jpg\",\"datePublished\":\"2024-11-20T09:08:44+00:00\",\"dateModified\":\"2024-12-09T14:10:36+00:00\",\"description\":\"Svenska med baby Allt handlar om framtiden f\u00f6r barnen.\u201d\",\"breadcrumb\":{\"@id\":\"https:\\\/\\\/svenskamedbaby.se\\\/jag-valde-inte-uppdraget-det-kom-till-mig-hela-artikeln\\\/#breadcrumb\"},\"inLanguage\":\"ti\",\"potentialAction\":[{\"@type\":\"ReadAction\",\"target\":[\"https:\\\/\\\/svenskamedbaby.se\\\/jag-valde-inte-uppdraget-det-kom-till-mig-hela-artikeln\\\/\"]}]},{\"@type\":\"ImageObject\",\"inLanguage\":\"ti\",\"@id\":\"https:\\\/\\\/svenskamedbaby.se\\\/jag-valde-inte-uppdraget-det-kom-till-mig-hela-artikeln\\\/#primaryimage\",\"url\":\"https:\\\/\\\/svenskamedbaby.se\\\/wp-content\\\/uploads\\\/2024\\\/11\\\/Sdayed-och-Sara-scaled.jpg\",\"contentUrl\":\"https:\\\/\\\/svenskamedbaby.se\\\/wp-content\\\/uploads\\\/2024\\\/11\\\/Sdayed-och-Sara-scaled.jpg\",\"width\":2560,\"height\":2560},{\"@type\":\"BreadcrumbList\",\"@id\":\"https:\\\/\\\/svenskamedbaby.se\\\/jag-valde-inte-uppdraget-det-kom-till-mig-hela-artikeln\\\/#breadcrumb\",\"itemListElement\":[{\"@type\":\"ListItem\",\"position\":1,\"name\":\"Home\",\"item\":\"https:\\\/\\\/svenskamedbaby.se\\\/\"},{\"@type\":\"ListItem\",\"position\":2,\"name\":\"Allt handlar om framtiden f\u00f6r barnen.\u201d\"}]},{\"@type\":\"WebSite\",\"@id\":\"https:\\\/\\\/svenskamedbaby.se\\\/#website\",\"url\":\"https:\\\/\\\/svenskamedbaby.se\\\/\",\"name\":\"Svenska med baby\",\"description\":\"Tr\u00e4ffar f\u00f6r sm\u00e5barn och vuxna med olika bakrund\",\"publisher\":{\"@id\":\"https:\\\/\\\/svenskamedbaby.se\\\/#organization\"},\"potentialAction\":[{\"@type\":\"SearchAction\",\"target\":{\"@type\":\"EntryPoint\",\"urlTemplate\":\"https:\\\/\\\/svenskamedbaby.se\\\/?s={search_term_string}\"},\"query-input\":{\"@type\":\"PropertyValueSpecification\",\"valueRequired\":true,\"valueName\":\"search_term_string\"}}],\"inLanguage\":\"ti\"},{\"@type\":\"Organization\",\"@id\":\"https:\\\/\\\/svenskamedbaby.se\\\/#organization\",\"name\":\"Svenska med baby\",\"url\":\"https:\\\/\\\/svenskamedbaby.se\\\/\",\"logo\":{\"@type\":\"ImageObject\",\"inLanguage\":\"ti\",\"@id\":\"https:\\\/\\\/svenskamedbaby.se\\\/#\\\/schema\\\/logo\\\/image\\\/\",\"url\":\"https:\\\/\\\/svenskamedbaby.se\\\/wp-content\\\/uploads\\\/2024\\\/01\\\/cropped-logo-liggande_orange.png\",\"contentUrl\":\"https:\\\/\\\/svenskamedbaby.se\\\/wp-content\\\/uploads\\\/2024\\\/01\\\/cropped-logo-liggande_orange.png\",\"width\":3101,\"height\":1056,\"caption\":\"Svenska med baby\"},\"image\":{\"@id\":\"https:\\\/\\\/svenskamedbaby.se\\\/#\\\/schema\\\/logo\\\/image\\\/\"},\"sameAs\":[\"https:\\\/\\\/www.facebook.com\\\/svenskamedbaby\",\"https:\\\/\\\/www.instagram.com\\\/svenskamedbaby\\\/\",\"https:\\\/\\\/www.youtube.com\\\/@svenskamedbaby2469\"]}]}<\/script>\n<!-- \/ Yoast SEO plugin. -->","yoast_head_json":{"title":"Allt handlar om framtiden f\u00f6r barnen.\u201d","description":"Svenska med baby Allt handlar om framtiden f\u00f6r barnen.\u201d","robots":{"index":"index","follow":"follow","max-snippet":"max-snippet:-1","max-image-preview":"max-image-preview:large","max-video-preview":"max-video-preview:-1"},"canonical":"https:\/\/svenskamedbaby.se\/ti\/jag-valde-inte-uppdraget-det-kom-till-mig-hela-artikeln\/","og_locale":"en_US","og_type":"article","og_title":"Allt handlar om framtiden f\u00f6r barnen.\u201d","og_description":"Svenska med baby Allt handlar om framtiden f\u00f6r barnen.\u201d","og_url":"https:\/\/svenskamedbaby.se\/ti\/jag-valde-inte-uppdraget-det-kom-till-mig-hela-artikeln\/","og_site_name":"Svenska med baby","article_publisher":"https:\/\/www.facebook.com\/svenskamedbaby","article_modified_time":"2024-12-09T14:10:36+00:00","og_image":[{"width":2560,"height":2560,"url":"https:\/\/svenskamedbaby.se\/wp-content\/uploads\/2024\/11\/Sdayed-och-Sara-scaled.jpg","type":"image\/jpeg"}],"twitter_card":"summary_large_image","twitter_misc":{"Est. reading time":"4 minutes"},"schema":{"@context":"https:\/\/schema.org","@graph":[{"@type":"WebPage","@id":"https:\/\/svenskamedbaby.se\/jag-valde-inte-uppdraget-det-kom-till-mig-hela-artikeln\/","url":"https:\/\/svenskamedbaby.se\/jag-valde-inte-uppdraget-det-kom-till-mig-hela-artikeln\/","name":"Allt handlar om framtiden f\u00f6r barnen.\u201d","isPartOf":{"@id":"https:\/\/svenskamedbaby.se\/#website"},"primaryImageOfPage":{"@id":"https:\/\/svenskamedbaby.se\/jag-valde-inte-uppdraget-det-kom-till-mig-hela-artikeln\/#primaryimage"},"image":{"@id":"https:\/\/svenskamedbaby.se\/jag-valde-inte-uppdraget-det-kom-till-mig-hela-artikeln\/#primaryimage"},"thumbnailUrl":"https:\/\/svenskamedbaby.se\/wp-content\/uploads\/2024\/11\/Sdayed-och-Sara-scaled.jpg","datePublished":"2024-11-20T09:08:44+00:00","dateModified":"2024-12-09T14:10:36+00:00","description":"Svenska med baby Allt handlar om framtiden f\u00f6r barnen.\u201d","breadcrumb":{"@id":"https:\/\/svenskamedbaby.se\/jag-valde-inte-uppdraget-det-kom-till-mig-hela-artikeln\/#breadcrumb"},"inLanguage":"ti","potentialAction":[{"@type":"ReadAction","target":["https:\/\/svenskamedbaby.se\/jag-valde-inte-uppdraget-det-kom-till-mig-hela-artikeln\/"]}]},{"@type":"ImageObject","inLanguage":"ti","@id":"https:\/\/svenskamedbaby.se\/jag-valde-inte-uppdraget-det-kom-till-mig-hela-artikeln\/#primaryimage","url":"https:\/\/svenskamedbaby.se\/wp-content\/uploads\/2024\/11\/Sdayed-och-Sara-scaled.jpg","contentUrl":"https:\/\/svenskamedbaby.se\/wp-content\/uploads\/2024\/11\/Sdayed-och-Sara-scaled.jpg","width":2560,"height":2560},{"@type":"BreadcrumbList","@id":"https:\/\/svenskamedbaby.se\/jag-valde-inte-uppdraget-det-kom-till-mig-hela-artikeln\/#breadcrumb","itemListElement":[{"@type":"ListItem","position":1,"name":"Home","item":"https:\/\/svenskamedbaby.se\/"},{"@type":"ListItem","position":2,"name":"Allt handlar om framtiden f\u00f6r barnen.\u201d"}]},{"@type":"WebSite","@id":"https:\/\/svenskamedbaby.se\/#website","url":"https:\/\/svenskamedbaby.se\/","name":"Svenska med baby","description":"\u12a3\u12bc\u1263\u1273\u1275 \u1295\u1205\u133b\u1293\u1275\u1295 \u12d3\u1260\u12ed\u1275\u1295 \u12dd\u1270\u1348\u120b\u1208\u12e8 \u12f5\u1215\u1228 \u1263\u12ed\u1273 \u12d8\u1208\u12ce\u121d","publisher":{"@id":"https:\/\/svenskamedbaby.se\/#organization"},"potentialAction":[{"@type":"SearchAction","target":{"@type":"EntryPoint","urlTemplate":"https:\/\/svenskamedbaby.se\/?s={search_term_string}"},"query-input":{"@type":"PropertyValueSpecification","valueRequired":true,"valueName":"search_term_string"}}],"inLanguage":"ti"},{"@type":"Organization","@id":"https:\/\/svenskamedbaby.se\/#organization","name":"Svenska med baby","url":"https:\/\/svenskamedbaby.se\/","logo":{"@type":"ImageObject","inLanguage":"ti","@id":"https:\/\/svenskamedbaby.se\/#\/schema\/logo\/image\/","url":"https:\/\/svenskamedbaby.se\/wp-content\/uploads\/2024\/01\/cropped-logo-liggande_orange.png","contentUrl":"https:\/\/svenskamedbaby.se\/wp-content\/uploads\/2024\/01\/cropped-logo-liggande_orange.png","width":3101,"height":1056,"caption":"Svenska med baby"},"image":{"@id":"https:\/\/svenskamedbaby.se\/#\/schema\/logo\/image\/"},"sameAs":["https:\/\/www.facebook.com\/svenskamedbaby","https:\/\/www.instagram.com\/svenskamedbaby\/","https:\/\/www.youtube.com\/@svenskamedbaby2469"]}]}},"_links":{"self":[{"href":"https:\/\/svenskamedbaby.se\/ti\/wp-json\/wp\/v2\/pages\/2377","targetHints":{"allow":["GET"]}}],"collection":[{"href":"https:\/\/svenskamedbaby.se\/ti\/wp-json\/wp\/v2\/pages"}],"about":[{"href":"https:\/\/svenskamedbaby.se\/ti\/wp-json\/wp\/v2\/types\/page"}],"author":[{"embeddable":true,"href":"https:\/\/svenskamedbaby.se\/ti\/wp-json\/wp\/v2\/users\/4"}],"replies":[{"embeddable":true,"href":"https:\/\/svenskamedbaby.se\/ti\/wp-json\/wp\/v2\/comments?post=2377"}],"version-history":[{"count":0,"href":"https:\/\/svenskamedbaby.se\/ti\/wp-json\/wp\/v2\/pages\/2377\/revisions"}],"wp:featuredmedia":[{"embeddable":true,"href":"https:\/\/svenskamedbaby.se\/ti\/wp-json\/wp\/v2\/media\/2376"}],"wp:attachment":[{"href":"https:\/\/svenskamedbaby.se\/ti\/wp-json\/wp\/v2\/media?parent=2377"}],"curies":[{"name":"wp","href":"https:\/\/api.w.org\/{rel}","templated":true}]}}