{"id":619,"date":"2024-02-21T12:46:14","date_gmt":"2024-02-21T12:46:14","guid":{"rendered":"https:\/\/svenskamedbaby.se\/?page_id=619"},"modified":"2026-01-26T10:51:18","modified_gmt":"2026-01-26T10:51:18","slug":"volontar-familjetraffar","status":"publish","type":"page","link":"https:\/\/svenskamedbaby.se\/ti\/volontar-familjetraffar\/","title":{"rendered":"Volont\u00e4r Familjetr\u00e4ffar"},"content":{"rendered":"\t\t<div data-elementor-type=\"wp-page\" data-elementor-id=\"619\" class=\"elementor elementor-619\" data-elementor-post-type=\"page\">\n\t\t\t\t<div class=\"elementor-element elementor-element-6b822d33 e-con-full e-flex e-con e-parent\" data-id=\"6b822d33\" data-element_type=\"container\" data-e-type=\"container\" data-settings=\"{&quot;background_background&quot;:&quot;classic&quot;}\">\n\t\t\t\t<\/div>\n\t\t<div class=\"elementor-element elementor-element-a945436 e-flex e-con-boxed e-con e-parent\" data-id=\"a945436\" data-element_type=\"container\" data-e-type=\"container\" data-settings=\"{&quot;background_background&quot;:&quot;classic&quot;}\">\n\t\t\t\t\t<div class=\"e-con-inner\">\n\t\t\t\t<div class=\"elementor-element elementor-element-9aa7fbc animated-slow elementor-invisible elementor-widget elementor-widget-heading\" data-id=\"9aa7fbc\" data-element_type=\"widget\" data-e-type=\"widget\" data-settings=\"{&quot;_animation&quot;:&quot;fadeIn&quot;,&quot;_animation_mobile&quot;:&quot;none&quot;}\" data-widget_type=\"heading.default\">\n\t\t\t\t<div class=\"elementor-widget-container\">\n\t\t\t\t\t<h2 class=\"elementor-heading-title elementor-size-default\">Bli volont\u00e4r f\u00f6r<br>familjetr\u00e4ffar eller Welcome House<\/h2>\t\t\t\t<\/div>\n\t\t\t\t<\/div>\n\t\t\t\t\t<\/div>\n\t\t\t\t<\/div>\n\t\t<div class=\"elementor-element elementor-element-20c8c6ec e-flex e-con-boxed e-con e-parent\" data-id=\"20c8c6ec\" data-element_type=\"container\" data-e-type=\"container\" data-settings=\"{&quot;background_background&quot;:&quot;classic&quot;}\">\n\t\t\t\t\t<div class=\"e-con-inner\">\n\t\t<div class=\"elementor-element elementor-element-6d67848a e-con-full elementor-hidden-mobile e-flex e-con e-child\" data-id=\"6d67848a\" data-element_type=\"container\" data-e-type=\"container\">\n\t\t\t\t<\/div>\n\t\t<div class=\"elementor-element elementor-element-7dfb3ac4 e-con-full e-flex e-con e-child\" data-id=\"7dfb3ac4\" data-element_type=\"container\" data-e-type=\"container\">\n\t\t\t\t<div class=\"elementor-element elementor-element-35593692 elementor-widget elementor-widget-text-editor\" data-id=\"35593692\" data-element_type=\"widget\" data-e-type=\"widget\" data-widget_type=\"text-editor.default\">\n\t\t\t\t<div class=\"elementor-widget-container\">\n\t\t\t\t\t\t\t\t\t<p>Med v\u00e5ra familjetr\u00e4ffar, vill vi erbjuda kulturella workshops f\u00f6r barnfamiljer och seniorer med olika bakgrund. Genom dessa st\u00e4rker vi barns och deras vuxnas delaktighet, samtidigt som vi\u00a0 erbjuder sp\u00e4nnande kulturupplevelser. Vi m\u00f6jligg\u00f6r nya sociala kontakter, d\u00e4r barn, f\u00f6r\u00e4ldrar och seniorer skapar och upplever tillsammans vid varje tr\u00e4ff. \u00a0<\/p><p>Vi s\u00f6ker dig som \u00e4r senior och vill vara med och leda dessa tr\u00e4ffar som volont\u00e4r gruppledare.\u00a0<\/p>\t\t\t\t\t\t\t\t<\/div>\n\t\t\t\t<\/div>\n\t\t\t\t<\/div>\n\t\t<div class=\"elementor-element elementor-element-1ab8daf e-con-full elementor-hidden-mobile e-flex e-con e-child\" data-id=\"1ab8daf\" data-element_type=\"container\" data-e-type=\"container\">\n\t\t\t\t<\/div>\n\t\t\t\t\t<\/div>\n\t\t\t\t<\/div>\n\t\t<div class=\"elementor-element elementor-element-1394121a e-flex e-con-boxed e-con e-parent\" data-id=\"1394121a\" data-element_type=\"container\" data-e-type=\"container\" data-settings=\"{&quot;background_background&quot;:&quot;classic&quot;}\">\n\t\t\t\t\t<div class=\"e-con-inner\">\n\t\t<div class=\"elementor-element elementor-element-77c9290a e-con-full elementor-hidden-mobile e-flex e-con e-child\" data-id=\"77c9290a\" data-element_type=\"container\" data-e-type=\"container\">\n\t\t\t\t<\/div>\n\t\t<div class=\"elementor-element elementor-element-2d9ab5cd e-con-full e-flex e-con e-child\" data-id=\"2d9ab5cd\" data-element_type=\"container\" data-e-type=\"container\">\n\t\t\t\t<div class=\"elementor-element elementor-element-12f7f756 elementor-widget elementor-widget-text-editor\" data-id=\"12f7f756\" data-element_type=\"widget\" data-e-type=\"widget\" data-widget_type=\"text-editor.default\">\n\t\t\t\t<div class=\"elementor-widget-container\">\n\t\t\t\t\t\t\t\t\t<h5>Fyll i formul\u00e4ret nedan f\u00f6r att ans\u00f6ka om att bli volont\u00e4r f\u00f6r Familjetr\u00e4ffar.<\/h5>\t\t\t\t\t\t\t\t<\/div>\n\t\t\t\t<\/div>\n\t\t\t\t<\/div>\n\t\t<div class=\"elementor-element elementor-element-3e13dcf1 e-con-full elementor-hidden-mobile e-flex e-con e-child\" data-id=\"3e13dcf1\" data-element_type=\"container\" data-e-type=\"container\">\n\t\t\t\t<\/div>\n\t\t\t\t\t<\/div>\n\t\t\t\t<\/div>\n\t\t<div class=\"elementor-element elementor-element-185d2057 e-flex e-con-boxed e-con e-parent\" data-id=\"185d2057\" data-element_type=\"container\" data-e-type=\"container\" data-settings=\"{&quot;background_background&quot;:&quot;classic&quot;}\">\n\t\t\t\t\t<div class=\"e-con-inner\">\n\t\t<div class=\"elementor-element elementor-element-197ab76 e-con-full elementor-hidden-mobile e-flex e-con e-child\" data-id=\"197ab76\" data-element_type=\"container\" data-e-type=\"container\">\n\t\t\t\t<\/div>\n\t\t<div class=\"elementor-element elementor-element-348ff8aa e-con-full e-flex e-con e-child\" data-id=\"348ff8aa\" data-element_type=\"container\" data-e-type=\"container\">\n\t\t\t\t<div class=\"elementor-element elementor-element-e2d4004 elementor-button-align-stretch elementor-widget elementor-widget-form\" data-id=\"e2d4004\" data-element_type=\"widget\" data-e-type=\"widget\" data-settings=\"{&quot;button_width&quot;:&quot;33&quot;,&quot;step_next_label&quot;:&quot;Next&quot;,&quot;step_previous_label&quot;:&quot;Previous&quot;,&quot;step_type&quot;:&quot;number_text&quot;,&quot;step_icon_shape&quot;:&quot;circle&quot;}\" data-widget_type=\"form.default\">\n\t\t\t\t<div class=\"elementor-widget-container\">\n\t\t\t\t\t\t\t<form class=\"elementor-form\" method=\"post\" name=\"New Form\" aria-label=\"New Form\">\n\t\t\t<input type=\"hidden\" name=\"post_id\" value=\"619\"\/>\n\t\t\t<input type=\"hidden\" name=\"form_id\" value=\"e2d4004\"\/>\n\t\t\t<input type=\"hidden\" name=\"referer_title\" value=\"Svenska med baby - Gruppledare f\u00f6r familjetr\u00e4ffar\" \/>\n\n\t\t\t\t\t\t\t<input type=\"hidden\" name=\"queried_id\" value=\"619\"\/>\n\t\t\t\n\t\t\t<div class=\"elementor-form-fields-wrapper elementor-labels-above\">\n\t\t\t\t\t\t\t\t<div class=\"elementor-field-type-text elementor-field-group elementor-column elementor-field-group-name elementor-col-50 elementor-field-required elementor-mark-required\">\n\t\t\t\t\t\t\t\t\t\t\t\t<label for=\"form-field-name\" class=\"elementor-field-label\">\n\t\t\t\t\t\t\t\tNamn\t\t\t\t\t\t\t<\/label>\n\t\t\t\t\t\t\t\t\t\t\t\t\t\t<input size=\"1\" type=\"text\" name=\"form_fields[name]\" id=\"form-field-name\" class=\"elementor-field elementor-size-lg  elementor-field-textual\" placeholder=\"Namn\" required=\"required\">\n\t\t\t\t\t\t\t\t\t\t\t<\/div>\n\t\t\t\t\t\t\t\t<div class=\"elementor-field-type-email elementor-field-group elementor-column elementor-field-group-email elementor-col-50 elementor-field-required elementor-mark-required\">\n\t\t\t\t\t\t\t\t\t\t\t\t<label for=\"form-field-email\" class=\"elementor-field-label\">\n\t\t\t\t\t\t\t\tEpost\t\t\t\t\t\t\t<\/label>\n\t\t\t\t\t\t\t\t\t\t\t\t\t\t<input size=\"1\" type=\"email\" name=\"form_fields[email]\" id=\"form-field-email\" class=\"elementor-field elementor-size-lg  elementor-field-textual\" placeholder=\"Epost\" required=\"required\">\n\t\t\t\t\t\t\t\t\t\t\t<\/div>\n\t\t\t\t\t\t\t\t<div class=\"elementor-field-type-tel elementor-field-group elementor-column elementor-field-group-message elementor-col-50 elementor-field-required elementor-mark-required\">\n\t\t\t\t\t\t\t\t\t\t\t\t<label for=\"form-field-message\" class=\"elementor-field-label\">\n\t\t\t\t\t\t\t\tTelefonnummer\t\t\t\t\t\t\t<\/label>\n\t\t\t\t\t\t\t\t<input size=\"1\" type=\"tel\" name=\"form_fields[message]\" id=\"form-field-message\" class=\"elementor-field elementor-size-lg  elementor-field-textual\" placeholder=\"Telefonnummer\" required=\"required\" pattern=\"[0-9()#&amp;+*-=.]+\" title=\"Only numbers and phone characters (#, -, *, etc) are accepted.\">\n\n\t\t\t\t\t\t<\/div>\n\t\t\t\t\t\t\t\t<div class=\"elementor-field-type-select elementor-field-group elementor-column elementor-field-group-field_21349dd elementor-col-50\">\n\t\t\t\t\t\t\t\t\t\t\t\t<label for=\"form-field-field_21349dd\" class=\"elementor-field-label\">\n\t\t\t\t\t\t\t\tVilket omr\u00e5de passar dig b\u00e4st?\t\t\t\t\t\t\t<\/label>\n\t\t\t\t\t\t\t\t<div class=\"elementor-field elementor-select-wrapper remove-before \">\n\t\t\t<div class=\"select-caret-down-wrapper\">\n\t\t\t\t<svg aria-hidden=\"true\" class=\"e-font-icon-svg e-eicon-caret-down\" viewBox=\"0 0 571.4 571.4\" xmlns=\"http:\/\/www.w3.org\/2000\/svg\"><path d=\"M571 393Q571 407 561 418L311 668Q300 679 286 679T261 668L11 418Q0 407 0 393T11 368 36 357H536Q550 357 561 368T571 393Z\"><\/path><\/svg>\t\t\t<\/div>\n\t\t\t<select name=\"form_fields[field_21349dd]\" id=\"form-field-field_21349dd\" class=\"elementor-field-textual elementor-size-lg\">\n\t\t\t\t\t\t\t\t\t<option value=\"H\u00e4sselby\">H\u00e4sselby<\/option>\n\t\t\t\t\t\t\t\t\t<option value=\"Welcome House - Medborgarplatsen\">Welcome House - Medborgarplatsen<\/option>\n\t\t\t\t\t\t\t<\/select>\n\t\t<\/div>\n\t\t\t\t\t\t<\/div>\n\t\t\t\t\t\t\t\t<div class=\"elementor-field-type-text elementor-field-group elementor-column elementor-field-group-field_a004c7f elementor-col-100\">\n\t\t\t\t\t\t\t\t\t\t\t\t<label for=\"form-field-field_a004c7f\" class=\"elementor-field-label\">\n\t\t\t\t\t\t\t\tVarf\u00f6r vill du bli gruppledare?\t\t\t\t\t\t\t<\/label>\n\t\t\t\t\t\t\t\t\t\t\t\t\t\t<input size=\"1\" type=\"text\" name=\"form_fields[field_a004c7f]\" id=\"form-field-field_a004c7f\" class=\"elementor-field elementor-size-lg  elementor-field-textual\" placeholder=\"Skriv\">\n\t\t\t\t\t\t\t\t\t\t\t<\/div>\n\t\t\t\t\t\t\t\t<div class=\"elementor-field-type-text elementor-field-group elementor-column elementor-field-group-field_1dc5865 elementor-col-100\">\n\t\t\t\t\t\t\t\t\t\t\t\t<label for=\"form-field-field_1dc5865\" class=\"elementor-field-label\">\n\t\t\t\t\t\t\t\tBer\u00e4tta om dig, tidigare erfaranheter, kunskap eller annat av vikt f\u00f6r ditt ideella engagemang\t\t\t\t\t\t\t<\/label>\n\t\t\t\t\t\t\t\t\t\t\t\t\t\t<input size=\"1\" type=\"text\" name=\"form_fields[field_1dc5865]\" id=\"form-field-field_1dc5865\" class=\"elementor-field elementor-size-lg  elementor-field-textual\" placeholder=\"Skriv\">\n\t\t\t\t\t\t\t\t\t\t\t<\/div>\n\t\t\t\t\t\t\t\t<div class=\"elementor-field-type-recaptcha elementor-field-group elementor-column elementor-field-group-field_116ef45 elementor-col-100\">\n\t\t\t\t\t<div class=\"elementor-field\" id=\"form-field-field_116ef45\"><div class=\"elementor-g-recaptcha\" data-sitekey=\"6LdG5zEqAAAAAPkJT8LocjMeeJJbS6BmCReIbwjw\" data-type=\"v2_checkbox\" data-theme=\"light\" data-size=\"normal\"><\/div><\/div>\t\t\t\t<\/div>\n\t\t\t\t\t\t\t\t<div class=\"elementor-field-group elementor-column elementor-field-type-submit elementor-col-33 e-form__buttons\">\n\t\t\t\t\t<button class=\"elementor-button elementor-size-md\" type=\"submit\">\n\t\t\t\t\t\t<span class=\"elementor-button-content-wrapper\">\n\t\t\t\t\t\t\t\t\t\t\t\t\t\t\t\t\t\t\t\t\t\t<span class=\"elementor-button-text\">Skicka<\/span>\n\t\t\t\t\t\t\t\t\t\t\t\t\t<\/span>\n\t\t\t\t\t<\/button>\n\t\t\t\t<\/div>\n\t\t\t<\/div>\n\t\t<\/form>\n\t\t\t\t\t\t<\/div>\n\t\t\t\t<\/div>\n\t\t\t\t<\/div>\n\t\t<div class=\"elementor-element elementor-element-72db453e e-con-full elementor-hidden-mobile e-flex e-con e-child\" data-id=\"72db453e\" data-element_type=\"container\" data-e-type=\"container\">\n\t\t\t\t<\/div>\n\t\t\t\t\t<\/div>\n\t\t\t\t<\/div>\n\t\t<div class=\"elementor-element elementor-element-6957a44 e-flex e-con-boxed e-con e-parent\" data-id=\"6957a44\" data-element_type=\"container\" data-e-type=\"container\">\n\t\t\t\t\t<div class=\"e-con-inner\">\n\t\t<div class=\"elementor-element elementor-element-5301326 e-con-full e-flex e-con e-child\" data-id=\"5301326\" data-element_type=\"container\" data-e-type=\"container\">\n\t\t<div class=\"elementor-element elementor-element-d4cea89 e-con-full animated-slow e-flex elementor-invisible e-con e-child\" data-id=\"d4cea89\" data-element_type=\"container\" data-e-type=\"container\" data-settings=\"{&quot;animation&quot;:&quot;fadeIn&quot;,&quot;animation_delay&quot;:100,&quot;animation_mobile&quot;:&quot;none&quot;}\">\n\t\t\t\t<div class=\"elementor-element elementor-element-4052bab elementor-widget elementor-widget-text-editor\" data-id=\"4052bab\" data-element_type=\"widget\" data-e-type=\"widget\" data-widget_type=\"text-editor.default\">\n\t\t\t\t<div class=\"elementor-widget-container\">\n\t\t\t\t\t\t\t\t\t<h5><span style=\"font-weight: 300;\">Vad inneb\u00e4r rollen som volont\u00e4r p\u00e5 Svenska med baby?<\/span><\/h5><p><span style=\"font-weight: 300;\">Det inneb\u00e4r att du planerar och leder tr\u00e4ffar och aktiviteter baserade p\u00e5 olika teman, cirka tv\u00e5 till tre timmar i veckan. Du f\u00e5r introduktionsutbildning och material f\u00f6r att underl\u00e4tta din roll. Dessutom har du alltid en samordnare fr\u00e5n Svenska med baby som st\u00f6d och bollplank.<\/span><\/p><h5><span style=\"font-weight: 300;\">Varf\u00f6r bli volont\u00e4r hos oss?<\/span><\/h5><p><span style=\"font-weight: 300;\">Genom att bli volont\u00e4r f\u00f6r Svenska med baby \u00e4r du delaktig i att skapa ett mer inkluderande samh\u00e4lle. Du och ditt barn f\u00e5r m\u00f6jlighet att tr\u00e4ffa andra barn och f\u00f6r\u00e4ldrar med olika bakgrunder. Det \u00e4r ocks\u00e5 en v\u00e4rdefull merit f\u00f6r ditt CV.<\/span><\/p>\t\t\t\t\t\t\t\t<\/div>\n\t\t\t\t<\/div>\n\t\t\t\t<\/div>\n\t\t\t\t<\/div>\n\t\t<div class=\"elementor-element elementor-element-43f7dda e-con-full e-flex e-con e-child\" data-id=\"43f7dda\" data-element_type=\"container\" data-e-type=\"container\">\n\t\t\t\t<div class=\"elementor-element elementor-element-696d94e elementor-widget__width-initial elementor-widget elementor-widget-video\" data-id=\"696d94e\" data-element_type=\"widget\" data-e-type=\"widget\" data-settings=\"{&quot;youtube_url&quot;:&quot;https:\\\/\\\/youtu.be\\\/YYRgwNXy80Q&quot;,&quot;loop&quot;:&quot;yes&quot;,&quot;autoplay&quot;:&quot;yes&quot;,&quot;mute&quot;:&quot;yes&quot;,&quot;play_on_mobile&quot;:&quot;yes&quot;,&quot;yt_privacy&quot;:&quot;yes&quot;,&quot;lazy_load&quot;:&quot;yes&quot;,&quot;video_type&quot;:&quot;youtube&quot;,&quot;controls&quot;:&quot;yes&quot;}\" data-widget_type=\"video.default\">\n\t\t\t\t<div class=\"elementor-widget-container\">\n\t\t\t\t\t\t\t<div class=\"elementor-wrapper elementor-open-inline\">\n\t\t\t<div class=\"elementor-video\"><\/div>\t\t<\/div>\n\t\t\t\t\t\t<\/div>\n\t\t\t\t<\/div>\n\t\t\t\t<\/div>\n\t\t\t\t\t<\/div>\n\t\t\t\t<\/div>\n\t\t<div class=\"elementor-element elementor-element-595fa001 elementor-hidden-mobile e-flex e-con-boxed e-con e-parent\" data-id=\"595fa001\" data-element_type=\"container\" data-e-type=\"container\" data-settings=\"{&quot;background_background&quot;:&quot;classic&quot;}\">\n\t\t\t\t\t<div class=\"e-con-inner\">\n\t\t\t\t<div class=\"elementor-element elementor-element-b653b83 elementor-widget elementor-widget-heading\" data-id=\"b653b83\" data-element_type=\"widget\" data-e-type=\"widget\" data-widget_type=\"heading.default\">\n\t\t\t\t<div class=\"elementor-widget-container\">\n\t\t\t\t\t<h4 class=\"elementor-heading-title elementor-size-default\"><span class=\"typed-me\" data-string0=\"Hej och v\u00e4lkommen\" data-string1=\"\u041f\u0440\u0438\u0432\u0456\u0442 \u0456 \u043b\u0430\u0441\u043a\u0430\u0432\u043e \u043f\u0440\u043e\u0441\u0438\u043c\u043e\" data-string2=\"\u0623\u0647\u0644\u0627 \u0648\u0645\u0631\u062d\u0628\u0627\" data-string3=\"Salaan iyo soo dhawayn\" data-string4=\"Hi and welcome\" data-type-speed=\"40\" data-start-delay=\"0\" data-back-speed=\"40\" data-back-delay=\"500\" data-loop=\"1\" data-shuffle=\"1\"><\/span><\/h4>\t\t\t\t<\/div>\n\t\t\t\t<\/div>\n\t\t\t\t\t<\/div>\n\t\t\t\t<\/div>\n\t\t\t\t<\/div>\n\t\t","protected":false},"excerpt":{"rendered":"<p>Bli volont\u00e4r f\u00f6rfamiljetr\u00e4ffar eller Welcome House Med v\u00e5ra familjetr\u00e4ffar, vill vi erbjuda kulturella workshops f\u00f6r barnfamiljer och seniorer med olika bakgrund. Genom dessa st\u00e4rker vi barns och deras vuxnas delaktighet, samtidigt som vi\u00a0 erbjuder sp\u00e4nnande kulturupplevelser. Vi m\u00f6jligg\u00f6r nya sociala kontakter, d\u00e4r barn, f\u00f6r\u00e4ldrar och seniorer skapar och upplever tillsammans vid varje tr\u00e4ff. \u00a0 Vi&#8230;<\/p>","protected":false},"author":2,"featured_media":0,"parent":0,"menu_order":0,"comment_status":"closed","ping_status":"closed","template":"","meta":{"_kad_post_transparent":"","_kad_post_title":"hide","_kad_post_layout":"fullwidth","_kad_post_sidebar_id":"","_kad_post_content_style":"unboxed","_kad_post_vertical_padding":"hide","_kad_post_feature":"hide","_kad_post_feature_position":"","_kad_post_header":false,"_kad_post_footer":false,"footnotes":""},"class_list":["post-619","page","type-page","status-publish","hentry"],"yoast_head":"<!-- This site is optimized with the Yoast SEO plugin v27.3 - https:\/\/yoast.com\/product\/yoast-seo-wordpress\/ -->\n<title>Svenska med baby - Gruppledare f\u00f6r familjetr\u00e4ffar<\/title>\n<meta name=\"description\" content=\"Vill du bli gruppledare f\u00f6r familjetr\u00e4ffar? H\u00e4r kan du f\u00e5 information och skicka in din anm\u00e4lan f\u00f6r att bli gruppledare. V\u00e4lkommen!\" \/>\n<meta name=\"robots\" content=\"index, follow, max-snippet:-1, max-image-preview:large, max-video-preview:-1\" \/>\n<link rel=\"canonical\" href=\"https:\/\/svenskamedbaby.se\/ti\/volontar-familjetraffar\/\" \/>\n<meta property=\"og:locale\" content=\"en_US\" \/>\n<meta property=\"og:type\" content=\"article\" \/>\n<meta property=\"og:title\" content=\"Svenska med baby - Gruppledare f\u00f6r familjetr\u00e4ffar\" \/>\n<meta property=\"og:description\" content=\"Vill du bli gruppledare f\u00f6r familjetr\u00e4ffar? H\u00e4r kan du f\u00e5 information och skicka in din anm\u00e4lan f\u00f6r att bli gruppledare. V\u00e4lkommen!\" \/>\n<meta property=\"og:url\" content=\"https:\/\/svenskamedbaby.se\/ti\/volontar-familjetraffar\/\" \/>\n<meta property=\"og:site_name\" content=\"Svenska med baby\" \/>\n<meta property=\"article:publisher\" content=\"https:\/\/www.facebook.com\/svenskamedbaby\" \/>\n<meta property=\"article:modified_time\" content=\"2026-01-26T10:51:18+00:00\" \/>\n<meta property=\"og:image\" content=\"https:\/\/svenskamedbaby.se\/wp-content\/uploads\/2024\/08\/Event_Familjetraff_familjetraff.jpg\" \/>\n\t<meta property=\"og:image:width\" content=\"2000\" \/>\n\t<meta property=\"og:image:height\" content=\"1333\" \/>\n\t<meta property=\"og:image:type\" content=\"image\/jpeg\" \/>\n<meta name=\"twitter:card\" content=\"summary_large_image\" \/>\n<meta name=\"twitter:label1\" content=\"Est. reading time\" \/>\n\t<meta name=\"twitter:data1\" content=\"2 minutes\" \/>\n<script type=\"application\/ld+json\" class=\"yoast-schema-graph\">{\"@context\":\"https:\\\/\\\/schema.org\",\"@graph\":[{\"@type\":\"WebPage\",\"@id\":\"https:\\\/\\\/svenskamedbaby.se\\\/volontar-familjetraffar\\\/\",\"url\":\"https:\\\/\\\/svenskamedbaby.se\\\/volontar-familjetraffar\\\/\",\"name\":\"Svenska med baby - Gruppledare f\u00f6r familjetr\u00e4ffar\",\"isPartOf\":{\"@id\":\"https:\\\/\\\/svenskamedbaby.se\\\/#website\"},\"datePublished\":\"2024-02-21T12:46:14+00:00\",\"dateModified\":\"2026-01-26T10:51:18+00:00\",\"description\":\"Vill du bli gruppledare f\u00f6r familjetr\u00e4ffar? H\u00e4r kan du f\u00e5 information och skicka in din anm\u00e4lan f\u00f6r att bli gruppledare. V\u00e4lkommen!\",\"breadcrumb\":{\"@id\":\"https:\\\/\\\/svenskamedbaby.se\\\/volontar-familjetraffar\\\/#breadcrumb\"},\"inLanguage\":\"ti\",\"potentialAction\":[{\"@type\":\"ReadAction\",\"target\":[\"https:\\\/\\\/svenskamedbaby.se\\\/volontar-familjetraffar\\\/\"]}]},{\"@type\":\"BreadcrumbList\",\"@id\":\"https:\\\/\\\/svenskamedbaby.se\\\/volontar-familjetraffar\\\/#breadcrumb\",\"itemListElement\":[{\"@type\":\"ListItem\",\"position\":1,\"name\":\"Home\",\"item\":\"https:\\\/\\\/svenskamedbaby.se\\\/\"},{\"@type\":\"ListItem\",\"position\":2,\"name\":\"Volont\u00e4r Familjetr\u00e4ffar\"}]},{\"@type\":\"WebSite\",\"@id\":\"https:\\\/\\\/svenskamedbaby.se\\\/#website\",\"url\":\"https:\\\/\\\/svenskamedbaby.se\\\/\",\"name\":\"Svenska med baby\",\"description\":\"Tr\u00e4ffar f\u00f6r sm\u00e5barn och vuxna med olika bakrund\",\"publisher\":{\"@id\":\"https:\\\/\\\/svenskamedbaby.se\\\/#organization\"},\"potentialAction\":[{\"@type\":\"SearchAction\",\"target\":{\"@type\":\"EntryPoint\",\"urlTemplate\":\"https:\\\/\\\/svenskamedbaby.se\\\/?s={search_term_string}\"},\"query-input\":{\"@type\":\"PropertyValueSpecification\",\"valueRequired\":true,\"valueName\":\"search_term_string\"}}],\"inLanguage\":\"ti\"},{\"@type\":\"Organization\",\"@id\":\"https:\\\/\\\/svenskamedbaby.se\\\/#organization\",\"name\":\"Svenska med baby\",\"url\":\"https:\\\/\\\/svenskamedbaby.se\\\/\",\"logo\":{\"@type\":\"ImageObject\",\"inLanguage\":\"ti\",\"@id\":\"https:\\\/\\\/svenskamedbaby.se\\\/#\\\/schema\\\/logo\\\/image\\\/\",\"url\":\"https:\\\/\\\/svenskamedbaby.se\\\/wp-content\\\/uploads\\\/2024\\\/01\\\/cropped-logo-liggande_orange.png\",\"contentUrl\":\"https:\\\/\\\/svenskamedbaby.se\\\/wp-content\\\/uploads\\\/2024\\\/01\\\/cropped-logo-liggande_orange.png\",\"width\":3101,\"height\":1056,\"caption\":\"Svenska med baby\"},\"image\":{\"@id\":\"https:\\\/\\\/svenskamedbaby.se\\\/#\\\/schema\\\/logo\\\/image\\\/\"},\"sameAs\":[\"https:\\\/\\\/www.facebook.com\\\/svenskamedbaby\",\"https:\\\/\\\/www.instagram.com\\\/svenskamedbaby\\\/\",\"https:\\\/\\\/www.youtube.com\\\/@svenskamedbaby2469\"]}]}<\/script>\n<!-- \/ Yoast SEO plugin. -->","yoast_head_json":{"title":"Svenska med baby - Gruppledare f\u00f6r familjetr\u00e4ffar","description":"Vill du bli gruppledare f\u00f6r familjetr\u00e4ffar? H\u00e4r kan du f\u00e5 information och skicka in din anm\u00e4lan f\u00f6r att bli gruppledare. V\u00e4lkommen!","robots":{"index":"index","follow":"follow","max-snippet":"max-snippet:-1","max-image-preview":"max-image-preview:large","max-video-preview":"max-video-preview:-1"},"canonical":"https:\/\/svenskamedbaby.se\/ti\/volontar-familjetraffar\/","og_locale":"en_US","og_type":"article","og_title":"Svenska med baby - Gruppledare f\u00f6r familjetr\u00e4ffar","og_description":"Vill du bli gruppledare f\u00f6r familjetr\u00e4ffar? H\u00e4r kan du f\u00e5 information och skicka in din anm\u00e4lan f\u00f6r att bli gruppledare. V\u00e4lkommen!","og_url":"https:\/\/svenskamedbaby.se\/ti\/volontar-familjetraffar\/","og_site_name":"Svenska med baby","article_publisher":"https:\/\/www.facebook.com\/svenskamedbaby","article_modified_time":"2026-01-26T10:51:18+00:00","og_image":[{"width":2000,"height":1333,"url":"https:\/\/svenskamedbaby.se\/wp-content\/uploads\/2024\/08\/Event_Familjetraff_familjetraff.jpg","type":"image\/jpeg"}],"twitter_card":"summary_large_image","twitter_misc":{"Est. reading time":"2 minutes"},"schema":{"@context":"https:\/\/schema.org","@graph":[{"@type":"WebPage","@id":"https:\/\/svenskamedbaby.se\/volontar-familjetraffar\/","url":"https:\/\/svenskamedbaby.se\/volontar-familjetraffar\/","name":"Svenska med baby - Gruppledare f\u00f6r familjetr\u00e4ffar","isPartOf":{"@id":"https:\/\/svenskamedbaby.se\/#website"},"datePublished":"2024-02-21T12:46:14+00:00","dateModified":"2026-01-26T10:51:18+00:00","description":"Vill du bli gruppledare f\u00f6r familjetr\u00e4ffar? H\u00e4r kan du f\u00e5 information och skicka in din anm\u00e4lan f\u00f6r att bli gruppledare. V\u00e4lkommen!","breadcrumb":{"@id":"https:\/\/svenskamedbaby.se\/volontar-familjetraffar\/#breadcrumb"},"inLanguage":"ti","potentialAction":[{"@type":"ReadAction","target":["https:\/\/svenskamedbaby.se\/volontar-familjetraffar\/"]}]},{"@type":"BreadcrumbList","@id":"https:\/\/svenskamedbaby.se\/volontar-familjetraffar\/#breadcrumb","itemListElement":[{"@type":"ListItem","position":1,"name":"Home","item":"https:\/\/svenskamedbaby.se\/"},{"@type":"ListItem","position":2,"name":"Volont\u00e4r Familjetr\u00e4ffar"}]},{"@type":"WebSite","@id":"https:\/\/svenskamedbaby.se\/#website","url":"https:\/\/svenskamedbaby.se\/","name":"Svenska med baby","description":"\u12a3\u12bc\u1263\u1273\u1275 \u1295\u1205\u133b\u1293\u1275\u1295 \u12d3\u1260\u12ed\u1275\u1295 \u12dd\u1270\u1348\u120b\u1208\u12e8 \u12f5\u1215\u1228 \u1263\u12ed\u1273 \u12d8\u1208\u12ce\u121d","publisher":{"@id":"https:\/\/svenskamedbaby.se\/#organization"},"potentialAction":[{"@type":"SearchAction","target":{"@type":"EntryPoint","urlTemplate":"https:\/\/svenskamedbaby.se\/?s={search_term_string}"},"query-input":{"@type":"PropertyValueSpecification","valueRequired":true,"valueName":"search_term_string"}}],"inLanguage":"ti"},{"@type":"Organization","@id":"https:\/\/svenskamedbaby.se\/#organization","name":"Svenska med baby","url":"https:\/\/svenskamedbaby.se\/","logo":{"@type":"ImageObject","inLanguage":"ti","@id":"https:\/\/svenskamedbaby.se\/#\/schema\/logo\/image\/","url":"https:\/\/svenskamedbaby.se\/wp-content\/uploads\/2024\/01\/cropped-logo-liggande_orange.png","contentUrl":"https:\/\/svenskamedbaby.se\/wp-content\/uploads\/2024\/01\/cropped-logo-liggande_orange.png","width":3101,"height":1056,"caption":"Svenska med baby"},"image":{"@id":"https:\/\/svenskamedbaby.se\/#\/schema\/logo\/image\/"},"sameAs":["https:\/\/www.facebook.com\/svenskamedbaby","https:\/\/www.instagram.com\/svenskamedbaby\/","https:\/\/www.youtube.com\/@svenskamedbaby2469"]}]}},"_links":{"self":[{"href":"https:\/\/svenskamedbaby.se\/ti\/wp-json\/wp\/v2\/pages\/619","targetHints":{"allow":["GET"]}}],"collection":[{"href":"https:\/\/svenskamedbaby.se\/ti\/wp-json\/wp\/v2\/pages"}],"about":[{"href":"https:\/\/svenskamedbaby.se\/ti\/wp-json\/wp\/v2\/types\/page"}],"author":[{"embeddable":true,"href":"https:\/\/svenskamedbaby.se\/ti\/wp-json\/wp\/v2\/users\/2"}],"replies":[{"embeddable":true,"href":"https:\/\/svenskamedbaby.se\/ti\/wp-json\/wp\/v2\/comments?post=619"}],"version-history":[{"count":0,"href":"https:\/\/svenskamedbaby.se\/ti\/wp-json\/wp\/v2\/pages\/619\/revisions"}],"wp:attachment":[{"href":"https:\/\/svenskamedbaby.se\/ti\/wp-json\/wp\/v2\/media?parent=619"}],"curies":[{"name":"wp","href":"https:\/\/api.w.org\/{rel}","templated":true}]}}