{"id":2451,"date":"2024-12-09T16:24:05","date_gmt":"2024-12-09T16:24:05","guid":{"rendered":"https:\/\/svenskamedbaby.se\/?page_id=2451"},"modified":"2024-12-09T16:39:39","modified_gmt":"2024-12-09T16:39:39","slug":"intervju-med-pappa-james","status":"publish","type":"page","link":"https:\/\/svenskamedbaby.se\/tr\/intervju-med-pappa-james\/","title":{"rendered":"&#8221;Intervju med pappa James&#8221;"},"content":{"rendered":"\t\t<div data-elementor-type=\"wp-page\" data-elementor-id=\"2451\" class=\"elementor elementor-2451\" data-elementor-post-type=\"page\">\n\t\t\t\t<div class=\"elementor-element elementor-element-3aba0b65 e-flex e-con-boxed e-con e-parent\" data-id=\"3aba0b65\" data-element_type=\"container\" data-e-type=\"container\" data-settings=\"{&quot;background_background&quot;:&quot;classic&quot;}\">\n\t\t\t\t\t<div class=\"e-con-inner\">\n\t\t<div class=\"elementor-element elementor-element-3d51e702 e-con-full animated-slow e-flex elementor-invisible e-con e-child\" data-id=\"3d51e702\" data-element_type=\"container\" data-e-type=\"container\" data-settings=\"{&quot;animation&quot;:&quot;fadeIn&quot;,&quot;animation_delay&quot;:100,&quot;animation_mobile&quot;:&quot;none&quot;}\">\n\t\t\t\t<div class=\"elementor-element elementor-element-29a3fe65 elementor-widget elementor-widget-heading\" data-id=\"29a3fe65\" data-element_type=\"widget\" data-e-type=\"widget\" data-widget_type=\"heading.default\">\n\t\t\t\t<div class=\"elementor-widget-container\">\n\t\t\t\t\t<h2 class=\"elementor-heading-title elementor-size-default\">Reportage<\/h2>\t\t\t\t<\/div>\n\t\t\t\t<\/div>\n\t\t\t\t<div class=\"elementor-element elementor-element-3fa1f0f elementor-view-default elementor-widget elementor-widget-icon\" data-id=\"3fa1f0f\" data-element_type=\"widget\" data-e-type=\"widget\" data-widget_type=\"icon.default\">\n\t\t\t\t<div class=\"elementor-widget-container\">\n\t\t\t\t\t\t\t<div class=\"elementor-icon-wrapper\">\n\t\t\t<div class=\"elementor-icon\">\n\t\t\t<svg aria-hidden=\"true\" class=\"e-font-icon-svg e-fas-quote-left\" viewBox=\"0 0 512 512\" xmlns=\"http:\/\/www.w3.org\/2000\/svg\"><path d=\"M464 256h-80v-64c0-35.3 28.7-64 64-64h8c13.3 0 24-10.7 24-24V56c0-13.3-10.7-24-24-24h-8c-88.4 0-160 71.6-160 160v240c0 26.5 21.5 48 48 48h128c26.5 0 48-21.5 48-48V304c0-26.5-21.5-48-48-48zm-288 0H96v-64c0-35.3 28.7-64 64-64h8c13.3 0 24-10.7 24-24V56c0-13.3-10.7-24-24-24h-8C71.6 32 0 103.6 0 192v240c0 26.5 21.5 48 48 48h128c26.5 0 48-21.5 48-48V304c0-26.5-21.5-48-48-48z\"><\/path><\/svg>\t\t\t<\/div>\n\t\t<\/div>\n\t\t\t\t\t\t<\/div>\n\t\t\t\t<\/div>\n\t\t\t\t<div class=\"elementor-element elementor-element-71f657d1 elementor-widget elementor-widget-heading\" data-id=\"71f657d1\" data-element_type=\"widget\" data-e-type=\"widget\" data-widget_type=\"heading.default\">\n\t\t\t\t<div class=\"elementor-widget-container\">\n\t\t\t\t\t<h2 class=\"elementor-heading-title elementor-size-default\">Jag \u00e4lskar att vara med mina barn, att spendera mycket tid med dem\".<\/h2>\t\t\t\t<\/div>\n\t\t\t\t<\/div>\n\t\t\t\t<div class=\"elementor-element elementor-element-658b7be2 elementor-widget-divider--view-line elementor-widget elementor-widget-divider\" data-id=\"658b7be2\" data-element_type=\"widget\" data-e-type=\"widget\" data-widget_type=\"divider.default\">\n\t\t\t\t<div class=\"elementor-widget-container\">\n\t\t\t\t\t\t\t<div class=\"elementor-divider\">\n\t\t\t<span class=\"elementor-divider-separator\">\n\t\t\t\t\t\t<\/span>\n\t\t<\/div>\n\t\t\t\t\t\t<\/div>\n\t\t\t\t<\/div>\n\t\t\t\t<div class=\"elementor-element elementor-element-4d04b41a elementor-widget elementor-widget-text-editor\" data-id=\"4d04b41a\" data-element_type=\"widget\" data-e-type=\"widget\" data-widget_type=\"text-editor.default\">\n\t\t\t\t<div class=\"elementor-widget-container\">\n\t\t\t\t\t\t\t\t\t<p><strong>James \u00e4r en engagerad pappa till fem barn som vill ge sina barn den trygghet och k\u00e4rlek han sj\u00e4lv saknade som barn. James \u00e4r f\u00f6dd i Sydsudan men tillbringade stora delar av sitt liv i flyktingl\u00e4ger i Uganda, d\u00e4r familjen hamnade p\u00e5 grund av kriget. Han ber\u00e4ttar om hur viktigt det \u00e4r f\u00f6r honom att tillbringa tid med sina barn och delta i deras vardag.<\/strong><\/p><p><span style=\"font-weight: 400;\">Han m\u00e4rker tydliga skillnader i hur pappor \u00e4r med sina barn h\u00e4r, j\u00e4mf\u00f6rt med i sitt hemland Sydsudan. <\/span><span style=\"font-weight: 400;\"><br \/><\/span><span style=\"font-weight: 400;\">\u201dH\u00e4r ska man till exempel g\u00e5 med sitt barn till skolan och h\u00e4mta dem. S\u00e5 \u00e4r det inte i mitt hemland. Det var sv\u00e5rt i b\u00f6rjan, men nu har det blivit normalt. Jag ser m\u00e5nga pappor som leker med sina barn, fikar och \u00e4r p\u00e5 lekplatser.\u201d <\/span><span style=\"font-weight: 400;\"><br \/><\/span><span style=\"font-weight: 400;\">James ber\u00e4ttar att han och hans fru inte bara delar ansvaret f\u00f6r barnen, de delar hush\u00e5lls- sysslorna ocks\u00e5. S\u00e5 gjorde de redan i Uganda, d\u00e4r de bodde som flyktingar. De best\u00e4mde sig tidigt f\u00f6r att jobba tillsammans. Motivationen att vara en n\u00e4rvarande pappa kommer fr\u00e5n hans egna erfarenheter av sin far, som var en fr\u00e5nvarande f\u00f6r\u00e4lder som knappt hade med barnen att g\u00f6ra alls. <\/span><span style=\"font-weight: 400;\"><br \/><\/span><span style=\"font-weight: 400;\">\u201dDet \u00e4r viktigt att vi jobbar tillsammans f\u00f6r att bygga en familj d\u00e4r alla kan v\u00e4xa och d\u00e4r det finns k\u00e4rlek. Mamma och pappa \u00e4r b\u00e5da ansvariga f\u00f6r barnens liv.\u201d <\/span><span style=\"font-weight: 400;\"><br \/><\/span><span style=\"font-weight: 400;\"><br \/><\/span><span style=\"font-weight: 400;\">James f\u00f6ddes i Sydsudan, men kriget tvingade hans familj att fly till Uganda n\u00e4r han var barn. Livet i flyktingl\u00e4gret var tufft och fullt av utmaningar. Med en pappa som inte var n\u00e4rvarande och en mamma som k\u00e4mpade f\u00f6r sina barns och sin egen \u00f6verlevnad var tillvaron h\u00e5rd. N\u00e4r pappan v\u00e4l var med familjen k\u00e4ndes han \u00e4nd\u00e5 inte n\u00e4ra. James saknade pappans k\u00e4rlek. Pappan dog senare n\u00e4r han var i arm\u00e9n, n\u00e4r James fortfarande var barn. Som vuxen tvingades James \u00e5terigen fly kriget i Sydsudan och \u00e5terv\u00e4nde till flyktingl\u00e4gren i Uganda med sin egen familj. Till slut, med hj\u00e4lp av FNs flyktingorgan UNHCR kom James, hans fru och deras barn till Sverige i september 2022 som kvotflyktingar med permanenta uppeh\u00e5llstillst\u00e5nd. <\/span><span style=\"font-weight: 400;\"><br \/><\/span><span style=\"font-weight: 400;\">\u201dVi fick ett j\u00e4ttebra mottagande n\u00e4r vi kom till Sverige. Vi blev m\u00f6tta p\u00e5 Arlanda, k\u00f6rda till v\u00e5r l\u00e4genhet och vi fick j\u00e4ttefin hj\u00e4lp.\u201d <\/span><span style=\"font-weight: 400;\"><br \/><\/span><span style=\"font-weight: 400;\"><br \/><\/span><span style=\"font-weight: 400;\">Familjens fyra \u00e4ldsta barn \u00e4r alla pojkar f\u00f6dda i Uganda och den yngsta, en flicka, f\u00f6ddes i Sverige. James fru \u00e4r nu f\u00f6r\u00e4ldraledig med dottern, medan James har pluggat klart grundkursen p\u00e5 SFI och nu utbildar sig till undersk\u00f6terska. I Sydsudan och i Uganda arbetade han som l\u00e4rare och rektor. Spr\u00e5ket \u00e4r en av de st\u00f6rsta utmaningarna i det nya landet. <\/span><span style=\"font-weight: 400;\"><br \/><\/span><span style=\"font-weight: 400;\">\u201dH\u00e4r beh\u00f6ver jag g\u00e5 p\u00e5 universitetet och studera l\u00e4nge f\u00f6r att jobba som l\u00e4rare. I Uganda fick jag jobb p\u00e5 n\u00e5gra dagar.\u201d <\/span><span style=\"font-weight: 400;\"><br \/><\/span><span style=\"font-weight: 400;\">Trots utmaningarna dr\u00f6mmer James om att hans barn ska f\u00e5 en b\u00e4ttre framtid \u00e4n han sj\u00e4lv. Han \u00e4r medveten om de faror som ungdomar kan m\u00f6ta. <\/span><span style=\"font-weight: 400;\"><br \/><\/span><span style=\"font-weight: 400;\">\u201dJag h\u00f6r fr\u00e5n min son om ungdomar som r\u00f6ker och g\u00f6r farliga saker. Vi f\u00f6r\u00e4ldrar beh\u00f6ver alltid prata, vara engagerade i olika aktiviteter och kunna ge r\u00e5d.<\/span><span style=\"font-weight: 400;\"><br \/><\/span><span style=\"font-weight: 400;\">\u201d Han tror att fler pappor kan motiveras att vara n\u00e4ra sina barn genom att tr\u00e4ffa andra f\u00f6r\u00e4ldrar och dela tankar om framtiden. <\/span><span style=\"font-weight: 400;\"><br \/><\/span><span style=\"font-weight: 400;\">\u201cVi beh\u00f6ver f\u00f6rst\u00e5 v\u00e5ra barn och hj\u00e4lpa dem att l\u00f6sa problem\u201d. <\/span><span style=\"font-weight: 400;\"><br \/><\/span><span style=\"font-weight: 400;\"><br \/><\/span><span style=\"font-weight: 400;\">F\u00f6r att vara en bra pappa i Sverige k\u00e4nner James att han beh\u00f6ver mer kunskap om vad som kr\u00e4vs, vilka regler och lagar som finns. \u00c4ven om han inte har deltagit i n\u00e5gon f\u00f6r\u00e4ldrast\u00f6djande verksamhet, har han l\u00e4rt k\u00e4nna andra f\u00f6r\u00e4ldrar genom sina barn. Genom att vara en n\u00e4rvarande och engagerad pappa hoppas James ge sina barn en trygg och k\u00e4rleksfull uppv\u00e4xt, n\u00e5got han sj\u00e4lv saknade.<\/span><span style=\"font-weight: 400;\"><br \/><\/span><span style=\"font-weight: 400;\"> \u201dDet \u00e4r viktigt att vi jobbar tillsammans f\u00f6r att bygga en familj d\u00e4r alla kan v\u00e4xa och d\u00e4r det finns k\u00e4rlek,\u201davslutar James med ett varmt leende.<\/span><span style=\"font-weight: 400;\"><br \/><\/span><\/p>\t\t\t\t\t\t\t\t<\/div>\n\t\t\t\t<\/div>\n\t\t\t\t<div class=\"elementor-element elementor-element-4169ead7 elementor-align-left elementor-widget elementor-widget-button\" data-id=\"4169ead7\" data-element_type=\"widget\" data-e-type=\"widget\" data-widget_type=\"button.default\">\n\t\t\t\t<div class=\"elementor-widget-container\">\n\t\t\t\t\t\t\t\t\t<div class=\"elementor-button-wrapper\">\n\t\t\t\t\t<a class=\"elementor-button elementor-button-link elementor-size-sm\" href=\"https:\/\/svenskamedbaby.se\/tr\/reportage\/\">\n\t\t\t\t\t\t<span class=\"elementor-button-content-wrapper\">\n\t\t\t\t\t\t\t\t\t<span class=\"elementor-button-text\">L\u00e4s fler reportage<\/span>\n\t\t\t\t\t<\/span>\n\t\t\t\t\t<\/a>\n\t\t\t\t<\/div>\n\t\t\t\t\t\t\t\t<\/div>\n\t\t\t\t<\/div>\n\t\t\t\t<\/div>\n\t\t<div class=\"elementor-element elementor-element-4aeb1c9f e-con-full elementor-hidden-mobile e-flex elementor-invisible e-con e-child\" data-id=\"4aeb1c9f\" data-element_type=\"container\" data-e-type=\"container\" data-settings=\"{&quot;animation&quot;:&quot;slideInUp&quot;}\">\n\t\t\t\t<div class=\"elementor-element elementor-element-17ce6dce elementor-widget elementor-widget-image\" data-id=\"17ce6dce\" data-element_type=\"widget\" data-e-type=\"widget\" data-settings=\"{&quot;motion_fx_motion_fx_scrolling&quot;:&quot;yes&quot;,&quot;motion_fx_translateY_effect&quot;:&quot;yes&quot;,&quot;motion_fx_translateY_speed&quot;:{&quot;unit&quot;:&quot;px&quot;,&quot;size&quot;:1.8,&quot;sizes&quot;:[]},&quot;motion_fx_translateY_affectedRange&quot;:{&quot;unit&quot;:&quot;%&quot;,&quot;size&quot;:&quot;&quot;,&quot;sizes&quot;:{&quot;start&quot;:0,&quot;end&quot;:100}},&quot;motion_fx_devices&quot;:[&quot;desktop&quot;,&quot;tablet&quot;,&quot;mobile&quot;]}\" data-widget_type=\"image.default\">\n\t\t\t\t<div class=\"elementor-widget-container\">\n\t\t\t\t\t\t\t\t\t\t\t\t\t\t\t<img fetchpriority=\"high\" decoding=\"async\" width=\"500\" height=\"500\" src=\"https:\/\/svenskamedbaby.se\/wp-content\/uploads\/2024\/12\/James_Betron-och-Erling_square-500x500.jpg\" class=\"attachment-thumbrelated size-thumbrelated wp-image-2452\" alt=\"\" srcset=\"https:\/\/svenskamedbaby.se\/wp-content\/uploads\/2024\/12\/James_Betron-och-Erling_square-500x500.jpg 500w, https:\/\/svenskamedbaby.se\/wp-content\/uploads\/2024\/12\/James_Betron-och-Erling_square-300x300.jpg 300w, https:\/\/svenskamedbaby.se\/wp-content\/uploads\/2024\/12\/James_Betron-och-Erling_square-1024x1024.jpg 1024w, https:\/\/svenskamedbaby.se\/wp-content\/uploads\/2024\/12\/James_Betron-och-Erling_square-150x150.jpg 150w, https:\/\/svenskamedbaby.se\/wp-content\/uploads\/2024\/12\/James_Betron-och-Erling_square-768x768.jpg 768w, https:\/\/svenskamedbaby.se\/wp-content\/uploads\/2024\/12\/James_Betron-och-Erling_square-1536x1536.jpg 1536w, https:\/\/svenskamedbaby.se\/wp-content\/uploads\/2024\/12\/James_Betron-och-Erling_square-2048x2048.jpg 2048w, https:\/\/svenskamedbaby.se\/wp-content\/uploads\/2024\/12\/James_Betron-och-Erling_square-12x12.jpg 12w\" sizes=\"(max-width: 500px) 100vw, 500px\" \/>\t\t\t\t\t\t\t\t\t\t\t\t\t\t\t<\/div>\n\t\t\t\t<\/div>\n\t\t\t\t<\/div>\n\t\t\t\t\t<\/div>\n\t\t\t\t<\/div>\n\t\t\t\t<\/div>\n\t\t","protected":false},"excerpt":{"rendered":"<p>Reportage Jag \u00e4lskar att vara med mina barn, att spendera mycket tid med dem&#8221;. James \u00e4r en engagerad pappa till fem barn som vill ge sina barn den trygghet och k\u00e4rlek han sj\u00e4lv saknade som barn. James \u00e4r f\u00f6dd i Sydsudan men tillbringade stora delar av sitt liv i flyktingl\u00e4ger i Uganda, d\u00e4r familjen hamnade&#8230;<\/p>","protected":false},"author":4,"featured_media":2452,"parent":0,"menu_order":0,"comment_status":"closed","ping_status":"closed","template":"","meta":{"_kad_post_transparent":"","_kad_post_title":"hide","_kad_post_layout":"fullwidth","_kad_post_sidebar_id":"","_kad_post_content_style":"unboxed","_kad_post_vertical_padding":"hide","_kad_post_feature":"hide","_kad_post_feature_position":"","_kad_post_header":false,"_kad_post_footer":false,"footnotes":""},"class_list":["post-2451","page","type-page","status-publish","has-post-thumbnail","hentry"],"yoast_head":"<!-- This site is optimized with the Yoast SEO plugin v27.4 - https:\/\/yoast.com\/product\/yoast-seo-wordpress\/ -->\n<title>&quot;Intervju med pappa James&quot;<\/title>\n<meta name=\"description\" content=\"Svenska med baby &quot;Intervju med pappa James&quot;\" \/>\n<meta name=\"robots\" content=\"index, follow, max-snippet:-1, max-image-preview:large, max-video-preview:-1\" \/>\n<link rel=\"canonical\" href=\"https:\/\/svenskamedbaby.se\/tr\/intervju-med-pappa-james\/\" \/>\n<meta property=\"og:locale\" content=\"tr_TR\" \/>\n<meta property=\"og:type\" content=\"article\" \/>\n<meta property=\"og:title\" content=\"&quot;Intervju med pappa James&quot;\" \/>\n<meta property=\"og:description\" content=\"Svenska med baby &quot;Intervju med pappa James&quot;\" \/>\n<meta property=\"og:url\" content=\"https:\/\/svenskamedbaby.se\/tr\/intervju-med-pappa-james\/\" \/>\n<meta property=\"og:site_name\" content=\"Svenska med baby\" \/>\n<meta property=\"article:publisher\" content=\"https:\/\/www.facebook.com\/svenskamedbaby\" \/>\n<meta property=\"article:modified_time\" content=\"2024-12-09T16:39:39+00:00\" \/>\n<meta property=\"og:image\" content=\"https:\/\/svenskamedbaby.se\/wp-content\/uploads\/2024\/12\/James_Betron-och-Erling_square-scaled.jpg\" \/>\n\t<meta property=\"og:image:width\" content=\"2560\" \/>\n\t<meta property=\"og:image:height\" content=\"2560\" \/>\n\t<meta property=\"og:image:type\" content=\"image\/jpeg\" \/>\n<meta name=\"twitter:card\" content=\"summary_large_image\" \/>\n<meta name=\"twitter:label1\" content=\"Tahmini okuma s\u00fcresi\" \/>\n\t<meta name=\"twitter:data1\" content=\"4 dakika\" \/>\n<script type=\"application\/ld+json\" class=\"yoast-schema-graph\">{\"@context\":\"https:\\\/\\\/schema.org\",\"@graph\":[{\"@type\":\"WebPage\",\"@id\":\"https:\\\/\\\/svenskamedbaby.se\\\/intervju-med-pappa-james\\\/\",\"url\":\"https:\\\/\\\/svenskamedbaby.se\\\/intervju-med-pappa-james\\\/\",\"name\":\"\\\"Intervju med pappa James\\\"\",\"isPartOf\":{\"@id\":\"https:\\\/\\\/svenskamedbaby.se\\\/#website\"},\"primaryImageOfPage\":{\"@id\":\"https:\\\/\\\/svenskamedbaby.se\\\/intervju-med-pappa-james\\\/#primaryimage\"},\"image\":{\"@id\":\"https:\\\/\\\/svenskamedbaby.se\\\/intervju-med-pappa-james\\\/#primaryimage\"},\"thumbnailUrl\":\"https:\\\/\\\/svenskamedbaby.se\\\/wp-content\\\/uploads\\\/2024\\\/12\\\/James_Betron-och-Erling_square-scaled.jpg\",\"datePublished\":\"2024-12-09T16:24:05+00:00\",\"dateModified\":\"2024-12-09T16:39:39+00:00\",\"description\":\"Svenska med baby \\\"Intervju med pappa James\\\"\",\"breadcrumb\":{\"@id\":\"https:\\\/\\\/svenskamedbaby.se\\\/intervju-med-pappa-james\\\/#breadcrumb\"},\"inLanguage\":\"tr\",\"potentialAction\":[{\"@type\":\"ReadAction\",\"target\":[\"https:\\\/\\\/svenskamedbaby.se\\\/intervju-med-pappa-james\\\/\"]}]},{\"@type\":\"ImageObject\",\"inLanguage\":\"tr\",\"@id\":\"https:\\\/\\\/svenskamedbaby.se\\\/intervju-med-pappa-james\\\/#primaryimage\",\"url\":\"https:\\\/\\\/svenskamedbaby.se\\\/wp-content\\\/uploads\\\/2024\\\/12\\\/James_Betron-och-Erling_square-scaled.jpg\",\"contentUrl\":\"https:\\\/\\\/svenskamedbaby.se\\\/wp-content\\\/uploads\\\/2024\\\/12\\\/James_Betron-och-Erling_square-scaled.jpg\",\"width\":2560,\"height\":2560},{\"@type\":\"BreadcrumbList\",\"@id\":\"https:\\\/\\\/svenskamedbaby.se\\\/intervju-med-pappa-james\\\/#breadcrumb\",\"itemListElement\":[{\"@type\":\"ListItem\",\"position\":1,\"name\":\"Home\",\"item\":\"https:\\\/\\\/svenskamedbaby.se\\\/\"},{\"@type\":\"ListItem\",\"position\":2,\"name\":\"&#8221;Intervju med pappa James&#8221;\"}]},{\"@type\":\"WebSite\",\"@id\":\"https:\\\/\\\/svenskamedbaby.se\\\/#website\",\"url\":\"https:\\\/\\\/svenskamedbaby.se\\\/\",\"name\":\"Svenska med baby\",\"description\":\"Tr\u00e4ffar f\u00f6r sm\u00e5barn och vuxna med olika bakrund\",\"publisher\":{\"@id\":\"https:\\\/\\\/svenskamedbaby.se\\\/#organization\"},\"potentialAction\":[{\"@type\":\"SearchAction\",\"target\":{\"@type\":\"EntryPoint\",\"urlTemplate\":\"https:\\\/\\\/svenskamedbaby.se\\\/?s={search_term_string}\"},\"query-input\":{\"@type\":\"PropertyValueSpecification\",\"valueRequired\":true,\"valueName\":\"search_term_string\"}}],\"inLanguage\":\"tr\"},{\"@type\":\"Organization\",\"@id\":\"https:\\\/\\\/svenskamedbaby.se\\\/#organization\",\"name\":\"Svenska med baby\",\"url\":\"https:\\\/\\\/svenskamedbaby.se\\\/\",\"logo\":{\"@type\":\"ImageObject\",\"inLanguage\":\"tr\",\"@id\":\"https:\\\/\\\/svenskamedbaby.se\\\/#\\\/schema\\\/logo\\\/image\\\/\",\"url\":\"https:\\\/\\\/svenskamedbaby.se\\\/wp-content\\\/uploads\\\/2024\\\/01\\\/cropped-logo-liggande_orange.png\",\"contentUrl\":\"https:\\\/\\\/svenskamedbaby.se\\\/wp-content\\\/uploads\\\/2024\\\/01\\\/cropped-logo-liggande_orange.png\",\"width\":3101,\"height\":1056,\"caption\":\"Svenska med baby\"},\"image\":{\"@id\":\"https:\\\/\\\/svenskamedbaby.se\\\/#\\\/schema\\\/logo\\\/image\\\/\"},\"sameAs\":[\"https:\\\/\\\/www.facebook.com\\\/svenskamedbaby\",\"https:\\\/\\\/www.instagram.com\\\/svenskamedbaby\\\/\",\"https:\\\/\\\/www.youtube.com\\\/@svenskamedbaby2469\"]}]}<\/script>\n<!-- \/ Yoast SEO plugin. -->","yoast_head_json":{"title":"\"Intervju med pappa James\"","description":"Svenska med baby \"Intervju med pappa James\"","robots":{"index":"index","follow":"follow","max-snippet":"max-snippet:-1","max-image-preview":"max-image-preview:large","max-video-preview":"max-video-preview:-1"},"canonical":"https:\/\/svenskamedbaby.se\/tr\/intervju-med-pappa-james\/","og_locale":"tr_TR","og_type":"article","og_title":"\"Intervju med pappa James\"","og_description":"Svenska med baby \"Intervju med pappa James\"","og_url":"https:\/\/svenskamedbaby.se\/tr\/intervju-med-pappa-james\/","og_site_name":"Svenska med baby","article_publisher":"https:\/\/www.facebook.com\/svenskamedbaby","article_modified_time":"2024-12-09T16:39:39+00:00","og_image":[{"width":2560,"height":2560,"url":"https:\/\/svenskamedbaby.se\/wp-content\/uploads\/2024\/12\/James_Betron-och-Erling_square-scaled.jpg","type":"image\/jpeg"}],"twitter_card":"summary_large_image","twitter_misc":{"Tahmini okuma s\u00fcresi":"4 dakika"},"schema":{"@context":"https:\/\/schema.org","@graph":[{"@type":"WebPage","@id":"https:\/\/svenskamedbaby.se\/intervju-med-pappa-james\/","url":"https:\/\/svenskamedbaby.se\/intervju-med-pappa-james\/","name":"\"Intervju med pappa James\"","isPartOf":{"@id":"https:\/\/svenskamedbaby.se\/#website"},"primaryImageOfPage":{"@id":"https:\/\/svenskamedbaby.se\/intervju-med-pappa-james\/#primaryimage"},"image":{"@id":"https:\/\/svenskamedbaby.se\/intervju-med-pappa-james\/#primaryimage"},"thumbnailUrl":"https:\/\/svenskamedbaby.se\/wp-content\/uploads\/2024\/12\/James_Betron-och-Erling_square-scaled.jpg","datePublished":"2024-12-09T16:24:05+00:00","dateModified":"2024-12-09T16:39:39+00:00","description":"Svenska med baby \"Intervju med pappa James\"","breadcrumb":{"@id":"https:\/\/svenskamedbaby.se\/intervju-med-pappa-james\/#breadcrumb"},"inLanguage":"tr","potentialAction":[{"@type":"ReadAction","target":["https:\/\/svenskamedbaby.se\/intervju-med-pappa-james\/"]}]},{"@type":"ImageObject","inLanguage":"tr","@id":"https:\/\/svenskamedbaby.se\/intervju-med-pappa-james\/#primaryimage","url":"https:\/\/svenskamedbaby.se\/wp-content\/uploads\/2024\/12\/James_Betron-och-Erling_square-scaled.jpg","contentUrl":"https:\/\/svenskamedbaby.se\/wp-content\/uploads\/2024\/12\/James_Betron-och-Erling_square-scaled.jpg","width":2560,"height":2560},{"@type":"BreadcrumbList","@id":"https:\/\/svenskamedbaby.se\/intervju-med-pappa-james\/#breadcrumb","itemListElement":[{"@type":"ListItem","position":1,"name":"Home","item":"https:\/\/svenskamedbaby.se\/"},{"@type":"ListItem","position":2,"name":"&#8221;Intervju med pappa James&#8221;"}]},{"@type":"WebSite","@id":"https:\/\/svenskamedbaby.se\/#website","url":"https:\/\/svenskamedbaby.se\/","name":"Svenska med baby","description":"Farkl\u0131 ge\u00e7mi\u015flerden gelen k\u00fc\u00e7\u00fck \u00e7ocuklar ve yeti\u015fkinler i\u00e7in toplant\u0131lar","publisher":{"@id":"https:\/\/svenskamedbaby.se\/#organization"},"potentialAction":[{"@type":"SearchAction","target":{"@type":"EntryPoint","urlTemplate":"https:\/\/svenskamedbaby.se\/?s={search_term_string}"},"query-input":{"@type":"PropertyValueSpecification","valueRequired":true,"valueName":"search_term_string"}}],"inLanguage":"tr"},{"@type":"Organization","@id":"https:\/\/svenskamedbaby.se\/#organization","name":"Svenska med baby","url":"https:\/\/svenskamedbaby.se\/","logo":{"@type":"ImageObject","inLanguage":"tr","@id":"https:\/\/svenskamedbaby.se\/#\/schema\/logo\/image\/","url":"https:\/\/svenskamedbaby.se\/wp-content\/uploads\/2024\/01\/cropped-logo-liggande_orange.png","contentUrl":"https:\/\/svenskamedbaby.se\/wp-content\/uploads\/2024\/01\/cropped-logo-liggande_orange.png","width":3101,"height":1056,"caption":"Svenska med baby"},"image":{"@id":"https:\/\/svenskamedbaby.se\/#\/schema\/logo\/image\/"},"sameAs":["https:\/\/www.facebook.com\/svenskamedbaby","https:\/\/www.instagram.com\/svenskamedbaby\/","https:\/\/www.youtube.com\/@svenskamedbaby2469"]}]}},"_links":{"self":[{"href":"https:\/\/svenskamedbaby.se\/tr\/wp-json\/wp\/v2\/pages\/2451","targetHints":{"allow":["GET"]}}],"collection":[{"href":"https:\/\/svenskamedbaby.se\/tr\/wp-json\/wp\/v2\/pages"}],"about":[{"href":"https:\/\/svenskamedbaby.se\/tr\/wp-json\/wp\/v2\/types\/page"}],"author":[{"embeddable":true,"href":"https:\/\/svenskamedbaby.se\/tr\/wp-json\/wp\/v2\/users\/4"}],"replies":[{"embeddable":true,"href":"https:\/\/svenskamedbaby.se\/tr\/wp-json\/wp\/v2\/comments?post=2451"}],"version-history":[{"count":0,"href":"https:\/\/svenskamedbaby.se\/tr\/wp-json\/wp\/v2\/pages\/2451\/revisions"}],"wp:featuredmedia":[{"embeddable":true,"href":"https:\/\/svenskamedbaby.se\/tr\/wp-json\/wp\/v2\/media\/2452"}],"wp:attachment":[{"href":"https:\/\/svenskamedbaby.se\/tr\/wp-json\/wp\/v2\/media?parent=2451"}],"curies":[{"name":"wp","href":"https:\/\/api.w.org\/{rel}","templated":true}]}}