{"id":3939,"date":"2025-10-02T11:24:07","date_gmt":"2025-10-02T11:24:07","guid":{"rendered":"https:\/\/svenskamedbaby.se\/?page_id=3939"},"modified":"2025-10-02T11:30:42","modified_gmt":"2025-10-02T11:30:42","slug":"en-promenad-i-narhetens-tecken","status":"publish","type":"page","link":"https:\/\/svenskamedbaby.se\/tr\/en-promenad-i-narhetens-tecken\/","title":{"rendered":"En promenad i n\u00e4rhetens tecken  \u200b"},"content":{"rendered":"\t\t<div data-elementor-type=\"wp-page\" data-elementor-id=\"3939\" class=\"elementor elementor-3939\" data-elementor-post-type=\"page\">\n\t\t\t\t<div class=\"elementor-element elementor-element-3aba0b65 e-flex e-con-boxed e-con e-parent\" data-id=\"3aba0b65\" data-element_type=\"container\" data-e-type=\"container\" data-settings=\"{&quot;background_background&quot;:&quot;classic&quot;}\">\n\t\t\t\t\t<div class=\"e-con-inner\">\n\t\t<div class=\"elementor-element elementor-element-3d51e702 e-con-full animated-slow e-flex elementor-invisible e-con e-child\" data-id=\"3d51e702\" data-element_type=\"container\" data-e-type=\"container\" data-settings=\"{&quot;animation&quot;:&quot;fadeIn&quot;,&quot;animation_delay&quot;:100,&quot;animation_mobile&quot;:&quot;none&quot;}\">\n\t\t\t\t<div class=\"elementor-element elementor-element-29a3fe65 elementor-widget elementor-widget-heading\" data-id=\"29a3fe65\" data-element_type=\"widget\" data-e-type=\"widget\" data-widget_type=\"heading.default\">\n\t\t\t\t<div class=\"elementor-widget-container\">\n\t\t\t\t\t<h2 class=\"elementor-heading-title elementor-size-default\">Reportage<\/h2>\t\t\t\t<\/div>\n\t\t\t\t<\/div>\n\t\t\t\t<div class=\"elementor-element elementor-element-3fa1f0f elementor-view-default elementor-widget elementor-widget-icon\" data-id=\"3fa1f0f\" data-element_type=\"widget\" data-e-type=\"widget\" data-widget_type=\"icon.default\">\n\t\t\t\t<div class=\"elementor-widget-container\">\n\t\t\t\t\t\t\t<div class=\"elementor-icon-wrapper\">\n\t\t\t<div class=\"elementor-icon\">\n\t\t\t<svg aria-hidden=\"true\" class=\"e-font-icon-svg e-fas-quote-left\" viewBox=\"0 0 512 512\" xmlns=\"http:\/\/www.w3.org\/2000\/svg\"><path d=\"M464 256h-80v-64c0-35.3 28.7-64 64-64h8c13.3 0 24-10.7 24-24V56c0-13.3-10.7-24-24-24h-8c-88.4 0-160 71.6-160 160v240c0 26.5 21.5 48 48 48h128c26.5 0 48-21.5 48-48V304c0-26.5-21.5-48-48-48zm-288 0H96v-64c0-35.3 28.7-64 64-64h8c13.3 0 24-10.7 24-24V56c0-13.3-10.7-24-24-24h-8C71.6 32 0 103.6 0 192v240c0 26.5 21.5 48 48 48h128c26.5 0 48-21.5 48-48V304c0-26.5-21.5-48-48-48z\"><\/path><\/svg>\t\t\t<\/div>\n\t\t<\/div>\n\t\t\t\t\t\t<\/div>\n\t\t\t\t<\/div>\n\t\t\t\t<div class=\"elementor-element elementor-element-71f657d1 elementor-widget elementor-widget-heading\" data-id=\"71f657d1\" data-element_type=\"widget\" data-e-type=\"widget\" data-widget_type=\"heading.default\">\n\t\t\t\t<div class=\"elementor-widget-container\">\n\t\t\t\t\t<h2 class=\"elementor-heading-title elementor-size-default\">En promenad i n\u00e4rhetens tecken \u2013 tack BabyBj\u00f6rn f\u00f6r ett meningsfullt samarbete\n\n\u200b<\/h2>\t\t\t\t<\/div>\n\t\t\t\t<\/div>\n\t\t\t\t<div class=\"elementor-element elementor-element-658b7be2 elementor-widget-divider--view-line elementor-widget elementor-widget-divider\" data-id=\"658b7be2\" data-element_type=\"widget\" data-e-type=\"widget\" data-widget_type=\"divider.default\">\n\t\t\t\t<div class=\"elementor-widget-container\">\n\t\t\t\t\t\t\t<div class=\"elementor-divider\">\n\t\t\t<span class=\"elementor-divider-separator\">\n\t\t\t\t\t\t<\/span>\n\t\t<\/div>\n\t\t\t\t\t\t<\/div>\n\t\t\t\t<\/div>\n\t\t\t\t<div class=\"elementor-element elementor-element-4d04b41a elementor-widget elementor-widget-text-editor\" data-id=\"4d04b41a\" data-element_type=\"widget\" data-e-type=\"widget\" data-widget_type=\"text-editor.default\">\n\t\t\t\t<div class=\"elementor-widget-container\">\n\t\t\t\t\t\t\t\t\t<p><strong><em>Den 25 september deltog Svenska med baby i <i>B\u00e4ra n\u00e4ra-promenaden<\/i>, ett initiativ arrangerat av BabyBj\u00f6rn i Hagaparken i Solna. Med h\u00f6stsolen som s\u00e4llskap samlades ett femtiotal f\u00f6r\u00e4ldrar med sina barn f\u00f6r att tillsammans promenera, umg\u00e5s och dela erfarenheter av f\u00f6r\u00e4ldraskapet \u2013 allt i b\u00e4rselens tecken.<\/em><\/strong><\/p>\n<p><span style=\"font-weight: 300;\">Promenaden \u00e4r en del av BabyBj\u00f6rns initiativ f\u00f6r att uppm\u00e4rksamma vikten av n\u00e4rhet mellan barn och vuxna. Vi p\u00e5 Svenska med baby deltog med gl\u00e4dje \u2013 f\u00f6r oss \u00e4r just n\u00e4rhet, gemenskap och inkluderande m\u00f6tesplatser k\u00e4rnan i v\u00e5r verksamhet.<\/span><\/p>\n<p><span style=\"font-weight: 300;\">&#8211; <\/span><span style=\"font-weight: 300;\">Det betyder s\u00e5 mycket att tr\u00e4ffa f\u00f6r\u00e4ldrar fr\u00e5n olika bakgrunder som delar samma vardag och utmaningar. Att kunna prata, byta tips och \u00f6va svenska g\u00f6r mig starkare i mitt f\u00f6r\u00e4ldraskap. Nu l\u00e4ngtar jag efter att komma till Farsta, d\u00e4r vi f\u00e5r tr\u00e4ffa \u00e4ldre \u2013 kanske extra mor- och farf\u00f6r\u00e4ldrar \u2013 till mina fyra barn. Det k\u00e4nns v\u00e4ldigt v\u00e4rdefullt.&#8221; s\u00e4ger Aisha deltagare p\u00e5 v\u00e5r verksamhet.<\/span><\/p>\n<p><span style=\"font-weight: 300;\">Aisha deltog tidigare i v\u00e5r \u00f6ppna f\u00f6r\u00e4ldragrupp i R\u00e5gsved med sina tidigare\u00a0 barn, och nu ser hon fram emot att b\u00f6rja i Farstas 3-generationsgrupp. F\u00f6r henne \u00e4r Svenska med baby mer \u00e4n en m\u00f6tesplats.<\/span><\/p>\n<p><span style=\"font-weight: 300;\">V\u00e5rt m\u00e5l p\u00e5 Svenska med baby \u00e4r att skapa trygga och \u00f6ppna rum d\u00e4r alla f\u00f6r\u00e4ldrar \u2013 oavsett bakgrund, spr\u00e5k eller livssituation \u2013 kan m\u00f6tas, l\u00e4ra k\u00e4nna varandra och dela det som \u00e4r b\u00e5de roligt och utmanande i f\u00f6r\u00e4ldraskapet.<\/span><\/p>\n<p><span style=\"font-weight: 300;\">Samarbetet med BabyBj\u00f6rn visar p\u00e5 kraften i att f\u00f6rena olika akt\u00f6rer kring en gemensam vision: att bygga ett mer inkluderande samh\u00e4lle fr\u00e5n b\u00f6rjan \u2013 i vardagen, p\u00e5 promenaden och i samtalet mellan m\u00e4nniskor.<\/span><\/p>\n<p><span style=\"font-weight: 300;\">Vi tackar BabyBj\u00f6rn f\u00f6r f\u00f6rtroendet och ser fram emot fler samarbeten fram\u00f6ver. Ett stort tack \u00e4ven till alla er som deltog \u2013 vi hoppas att vi ses igen p\u00e5 en av v\u00e5ra kommande tr\u00e4ffar!<\/span><\/p>\t\t\t\t\t\t\t\t<\/div>\n\t\t\t\t<\/div>\n\t\t\t\t<div class=\"elementor-element elementor-element-4169ead7 elementor-align-left elementor-widget elementor-widget-button\" data-id=\"4169ead7\" data-element_type=\"widget\" data-e-type=\"widget\" data-widget_type=\"button.default\">\n\t\t\t\t<div class=\"elementor-widget-container\">\n\t\t\t\t\t\t\t\t\t<div class=\"elementor-button-wrapper\">\n\t\t\t\t\t<a class=\"elementor-button elementor-button-link elementor-size-sm\" href=\"https:\/\/svenskamedbaby.se\/tr\/reportage\/\">\n\t\t\t\t\t\t<span class=\"elementor-button-content-wrapper\">\n\t\t\t\t\t\t\t\t\t<span class=\"elementor-button-text\">L\u00e4s fler reportage<\/span>\n\t\t\t\t\t<\/span>\n\t\t\t\t\t<\/a>\n\t\t\t\t<\/div>\n\t\t\t\t\t\t\t\t<\/div>\n\t\t\t\t<\/div>\n\t\t\t\t<\/div>\n\t\t<div class=\"elementor-element elementor-element-4aeb1c9f e-con-full elementor-hidden-mobile e-flex elementor-invisible e-con e-child\" data-id=\"4aeb1c9f\" data-element_type=\"container\" data-e-type=\"container\" data-settings=\"{&quot;animation&quot;:&quot;slideInUp&quot;}\">\n\t\t\t\t<div class=\"elementor-element elementor-element-17ce6dce elementor-widget elementor-widget-image\" data-id=\"17ce6dce\" data-element_type=\"widget\" data-e-type=\"widget\" data-settings=\"{&quot;motion_fx_motion_fx_scrolling&quot;:&quot;yes&quot;,&quot;motion_fx_translateY_effect&quot;:&quot;yes&quot;,&quot;motion_fx_translateY_speed&quot;:{&quot;unit&quot;:&quot;px&quot;,&quot;size&quot;:1.8,&quot;sizes&quot;:[]},&quot;motion_fx_translateY_affectedRange&quot;:{&quot;unit&quot;:&quot;%&quot;,&quot;size&quot;:&quot;&quot;,&quot;sizes&quot;:{&quot;start&quot;:0,&quot;end&quot;:100}},&quot;motion_fx_devices&quot;:[&quot;desktop&quot;,&quot;tablet&quot;,&quot;mobile&quot;]}\" data-widget_type=\"image.default\">\n\t\t\t\t<div class=\"elementor-widget-container\">\n\t\t\t\t\t\t\t\t\t\t\t\t\t\t\t<img fetchpriority=\"high\" decoding=\"async\" width=\"768\" height=\"1024\" src=\"https:\/\/svenskamedbaby.se\/wp-content\/uploads\/2025\/10\/IMG_0876-768x1024.jpeg\" class=\"attachment-large size-large wp-image-3937\" alt=\"\" srcset=\"https:\/\/svenskamedbaby.se\/wp-content\/uploads\/2025\/10\/IMG_0876-768x1024.jpeg 768w, https:\/\/svenskamedbaby.se\/wp-content\/uploads\/2025\/10\/IMG_0876-225x300.jpeg 225w, https:\/\/svenskamedbaby.se\/wp-content\/uploads\/2025\/10\/IMG_0876-300x400.jpeg 300w, https:\/\/svenskamedbaby.se\/wp-content\/uploads\/2025\/10\/IMG_0876-1152x1536.jpeg 1152w, https:\/\/svenskamedbaby.se\/wp-content\/uploads\/2025\/10\/IMG_0876-1536x2048.jpeg 1536w, https:\/\/svenskamedbaby.se\/wp-content\/uploads\/2025\/10\/IMG_0876-9x12.jpeg 9w, https:\/\/svenskamedbaby.se\/wp-content\/uploads\/2025\/10\/IMG_0876-scaled.jpeg 1920w\" sizes=\"(max-width: 768px) 100vw, 768px\" \/>\t\t\t\t\t\t\t\t\t\t\t\t\t\t\t<\/div>\n\t\t\t\t<\/div>\n\t\t\t\t<\/div>\n\t\t\t\t\t<\/div>\n\t\t\t\t<\/div>\n\t\t\t\t<\/div>\n\t\t","protected":false},"excerpt":{"rendered":"<p>Reportage En promenad i n\u00e4rhetens tecken \u2013 tack BabyBj\u00f6rn f\u00f6r ett meningsfullt samarbete \u200b Den 25 september deltog Svenska med baby i B\u00e4ra n\u00e4ra-promenaden, ett initiativ arrangerat av BabyBj\u00f6rn i Hagaparken i Solna. Med h\u00f6stsolen som s\u00e4llskap samlades ett femtiotal f\u00f6r\u00e4ldrar med sina barn f\u00f6r att tillsammans promenera, umg\u00e5s och dela erfarenheter av f\u00f6r\u00e4ldraskapet \u2013&#8230;<\/p>","protected":false},"author":20,"featured_media":3937,"parent":0,"menu_order":0,"comment_status":"closed","ping_status":"closed","template":"","meta":{"_kad_post_transparent":"","_kad_post_title":"hide","_kad_post_layout":"fullwidth","_kad_post_sidebar_id":"","_kad_post_content_style":"unboxed","_kad_post_vertical_padding":"hide","_kad_post_feature":"hide","_kad_post_feature_position":"","_kad_post_header":false,"_kad_post_footer":false,"footnotes":""},"class_list":["post-3939","page","type-page","status-publish","has-post-thumbnail","hentry"],"yoast_head":"<!-- This site is optimized with the Yoast SEO plugin v27.3 - https:\/\/yoast.com\/product\/yoast-seo-wordpress\/ -->\n<title>En promenad i n\u00e4rhetens tecken \u200b<\/title>\n<meta name=\"description\" content=\"Svenska med baby En promenad i n\u00e4rhetens tecken \u200b\" \/>\n<meta name=\"robots\" content=\"index, follow, max-snippet:-1, max-image-preview:large, max-video-preview:-1\" \/>\n<link rel=\"canonical\" href=\"https:\/\/svenskamedbaby.se\/tr\/en-promenad-i-narhetens-tecken\/\" \/>\n<meta property=\"og:locale\" content=\"tr_TR\" \/>\n<meta property=\"og:type\" content=\"article\" \/>\n<meta property=\"og:title\" content=\"En promenad i n\u00e4rhetens tecken \u200b\" \/>\n<meta property=\"og:description\" content=\"Svenska med baby En promenad i n\u00e4rhetens tecken \u200b\" \/>\n<meta property=\"og:url\" content=\"https:\/\/svenskamedbaby.se\/tr\/en-promenad-i-narhetens-tecken\/\" \/>\n<meta property=\"og:site_name\" content=\"Svenska med baby\" \/>\n<meta property=\"article:publisher\" content=\"https:\/\/www.facebook.com\/svenskamedbaby\" \/>\n<meta property=\"article:modified_time\" content=\"2025-10-02T11:30:42+00:00\" \/>\n<meta property=\"og:image\" content=\"https:\/\/svenskamedbaby.se\/wp-content\/uploads\/2025\/10\/IMG_0876-scaled.jpeg\" \/>\n\t<meta property=\"og:image:width\" content=\"1920\" \/>\n\t<meta property=\"og:image:height\" content=\"2560\" \/>\n\t<meta property=\"og:image:type\" content=\"image\/jpeg\" \/>\n<meta name=\"twitter:card\" content=\"summary_large_image\" \/>\n<meta name=\"twitter:label1\" content=\"Tahmini okuma s\u00fcresi\" \/>\n\t<meta name=\"twitter:data1\" content=\"2 dakika\" \/>\n<script type=\"application\/ld+json\" class=\"yoast-schema-graph\">{\"@context\":\"https:\\\/\\\/schema.org\",\"@graph\":[{\"@type\":\"WebPage\",\"@id\":\"https:\\\/\\\/svenskamedbaby.se\\\/en-promenad-i-narhetens-tecken\\\/\",\"url\":\"https:\\\/\\\/svenskamedbaby.se\\\/en-promenad-i-narhetens-tecken\\\/\",\"name\":\"En promenad i n\u00e4rhetens tecken \u200b\",\"isPartOf\":{\"@id\":\"https:\\\/\\\/svenskamedbaby.se\\\/#website\"},\"primaryImageOfPage\":{\"@id\":\"https:\\\/\\\/svenskamedbaby.se\\\/en-promenad-i-narhetens-tecken\\\/#primaryimage\"},\"image\":{\"@id\":\"https:\\\/\\\/svenskamedbaby.se\\\/en-promenad-i-narhetens-tecken\\\/#primaryimage\"},\"thumbnailUrl\":\"https:\\\/\\\/svenskamedbaby.se\\\/wp-content\\\/uploads\\\/2025\\\/10\\\/IMG_0876-scaled.jpeg\",\"datePublished\":\"2025-10-02T11:24:07+00:00\",\"dateModified\":\"2025-10-02T11:30:42+00:00\",\"description\":\"Svenska med baby En promenad i n\u00e4rhetens tecken \u200b\",\"breadcrumb\":{\"@id\":\"https:\\\/\\\/svenskamedbaby.se\\\/en-promenad-i-narhetens-tecken\\\/#breadcrumb\"},\"inLanguage\":\"tr\",\"potentialAction\":[{\"@type\":\"ReadAction\",\"target\":[\"https:\\\/\\\/svenskamedbaby.se\\\/en-promenad-i-narhetens-tecken\\\/\"]}]},{\"@type\":\"ImageObject\",\"inLanguage\":\"tr\",\"@id\":\"https:\\\/\\\/svenskamedbaby.se\\\/en-promenad-i-narhetens-tecken\\\/#primaryimage\",\"url\":\"https:\\\/\\\/svenskamedbaby.se\\\/wp-content\\\/uploads\\\/2025\\\/10\\\/IMG_0876-scaled.jpeg\",\"contentUrl\":\"https:\\\/\\\/svenskamedbaby.se\\\/wp-content\\\/uploads\\\/2025\\\/10\\\/IMG_0876-scaled.jpeg\",\"width\":1920,\"height\":2560},{\"@type\":\"BreadcrumbList\",\"@id\":\"https:\\\/\\\/svenskamedbaby.se\\\/en-promenad-i-narhetens-tecken\\\/#breadcrumb\",\"itemListElement\":[{\"@type\":\"ListItem\",\"position\":1,\"name\":\"Home\",\"item\":\"https:\\\/\\\/svenskamedbaby.se\\\/\"},{\"@type\":\"ListItem\",\"position\":2,\"name\":\"En promenad i n\u00e4rhetens tecken \u200b\"}]},{\"@type\":\"WebSite\",\"@id\":\"https:\\\/\\\/svenskamedbaby.se\\\/#website\",\"url\":\"https:\\\/\\\/svenskamedbaby.se\\\/\",\"name\":\"Svenska med baby\",\"description\":\"Tr\u00e4ffar f\u00f6r sm\u00e5barn och vuxna med olika bakrund\",\"publisher\":{\"@id\":\"https:\\\/\\\/svenskamedbaby.se\\\/#organization\"},\"potentialAction\":[{\"@type\":\"SearchAction\",\"target\":{\"@type\":\"EntryPoint\",\"urlTemplate\":\"https:\\\/\\\/svenskamedbaby.se\\\/?s={search_term_string}\"},\"query-input\":{\"@type\":\"PropertyValueSpecification\",\"valueRequired\":true,\"valueName\":\"search_term_string\"}}],\"inLanguage\":\"tr\"},{\"@type\":\"Organization\",\"@id\":\"https:\\\/\\\/svenskamedbaby.se\\\/#organization\",\"name\":\"Svenska med baby\",\"url\":\"https:\\\/\\\/svenskamedbaby.se\\\/\",\"logo\":{\"@type\":\"ImageObject\",\"inLanguage\":\"tr\",\"@id\":\"https:\\\/\\\/svenskamedbaby.se\\\/#\\\/schema\\\/logo\\\/image\\\/\",\"url\":\"https:\\\/\\\/svenskamedbaby.se\\\/wp-content\\\/uploads\\\/2024\\\/01\\\/cropped-logo-liggande_orange.png\",\"contentUrl\":\"https:\\\/\\\/svenskamedbaby.se\\\/wp-content\\\/uploads\\\/2024\\\/01\\\/cropped-logo-liggande_orange.png\",\"width\":3101,\"height\":1056,\"caption\":\"Svenska med baby\"},\"image\":{\"@id\":\"https:\\\/\\\/svenskamedbaby.se\\\/#\\\/schema\\\/logo\\\/image\\\/\"},\"sameAs\":[\"https:\\\/\\\/www.facebook.com\\\/svenskamedbaby\",\"https:\\\/\\\/www.instagram.com\\\/svenskamedbaby\\\/\",\"https:\\\/\\\/www.youtube.com\\\/@svenskamedbaby2469\"]}]}<\/script>\n<!-- \/ Yoast SEO plugin. -->","yoast_head_json":{"title":"En promenad i n\u00e4rhetens tecken \u200b","description":"Svenska med baby En promenad i n\u00e4rhetens tecken \u200b","robots":{"index":"index","follow":"follow","max-snippet":"max-snippet:-1","max-image-preview":"max-image-preview:large","max-video-preview":"max-video-preview:-1"},"canonical":"https:\/\/svenskamedbaby.se\/tr\/en-promenad-i-narhetens-tecken\/","og_locale":"tr_TR","og_type":"article","og_title":"En promenad i n\u00e4rhetens tecken \u200b","og_description":"Svenska med baby En promenad i n\u00e4rhetens tecken \u200b","og_url":"https:\/\/svenskamedbaby.se\/tr\/en-promenad-i-narhetens-tecken\/","og_site_name":"Svenska med baby","article_publisher":"https:\/\/www.facebook.com\/svenskamedbaby","article_modified_time":"2025-10-02T11:30:42+00:00","og_image":[{"width":1920,"height":2560,"url":"https:\/\/svenskamedbaby.se\/wp-content\/uploads\/2025\/10\/IMG_0876-scaled.jpeg","type":"image\/jpeg"}],"twitter_card":"summary_large_image","twitter_misc":{"Tahmini okuma s\u00fcresi":"2 dakika"},"schema":{"@context":"https:\/\/schema.org","@graph":[{"@type":"WebPage","@id":"https:\/\/svenskamedbaby.se\/en-promenad-i-narhetens-tecken\/","url":"https:\/\/svenskamedbaby.se\/en-promenad-i-narhetens-tecken\/","name":"En promenad i n\u00e4rhetens tecken \u200b","isPartOf":{"@id":"https:\/\/svenskamedbaby.se\/#website"},"primaryImageOfPage":{"@id":"https:\/\/svenskamedbaby.se\/en-promenad-i-narhetens-tecken\/#primaryimage"},"image":{"@id":"https:\/\/svenskamedbaby.se\/en-promenad-i-narhetens-tecken\/#primaryimage"},"thumbnailUrl":"https:\/\/svenskamedbaby.se\/wp-content\/uploads\/2025\/10\/IMG_0876-scaled.jpeg","datePublished":"2025-10-02T11:24:07+00:00","dateModified":"2025-10-02T11:30:42+00:00","description":"Svenska med baby En promenad i n\u00e4rhetens tecken \u200b","breadcrumb":{"@id":"https:\/\/svenskamedbaby.se\/en-promenad-i-narhetens-tecken\/#breadcrumb"},"inLanguage":"tr","potentialAction":[{"@type":"ReadAction","target":["https:\/\/svenskamedbaby.se\/en-promenad-i-narhetens-tecken\/"]}]},{"@type":"ImageObject","inLanguage":"tr","@id":"https:\/\/svenskamedbaby.se\/en-promenad-i-narhetens-tecken\/#primaryimage","url":"https:\/\/svenskamedbaby.se\/wp-content\/uploads\/2025\/10\/IMG_0876-scaled.jpeg","contentUrl":"https:\/\/svenskamedbaby.se\/wp-content\/uploads\/2025\/10\/IMG_0876-scaled.jpeg","width":1920,"height":2560},{"@type":"BreadcrumbList","@id":"https:\/\/svenskamedbaby.se\/en-promenad-i-narhetens-tecken\/#breadcrumb","itemListElement":[{"@type":"ListItem","position":1,"name":"Home","item":"https:\/\/svenskamedbaby.se\/"},{"@type":"ListItem","position":2,"name":"En promenad i n\u00e4rhetens tecken \u200b"}]},{"@type":"WebSite","@id":"https:\/\/svenskamedbaby.se\/#website","url":"https:\/\/svenskamedbaby.se\/","name":"Svenska med baby","description":"Farkl\u0131 ge\u00e7mi\u015flerden gelen k\u00fc\u00e7\u00fck \u00e7ocuklar ve yeti\u015fkinler i\u00e7in toplant\u0131lar","publisher":{"@id":"https:\/\/svenskamedbaby.se\/#organization"},"potentialAction":[{"@type":"SearchAction","target":{"@type":"EntryPoint","urlTemplate":"https:\/\/svenskamedbaby.se\/?s={search_term_string}"},"query-input":{"@type":"PropertyValueSpecification","valueRequired":true,"valueName":"search_term_string"}}],"inLanguage":"tr"},{"@type":"Organization","@id":"https:\/\/svenskamedbaby.se\/#organization","name":"Svenska med baby","url":"https:\/\/svenskamedbaby.se\/","logo":{"@type":"ImageObject","inLanguage":"tr","@id":"https:\/\/svenskamedbaby.se\/#\/schema\/logo\/image\/","url":"https:\/\/svenskamedbaby.se\/wp-content\/uploads\/2024\/01\/cropped-logo-liggande_orange.png","contentUrl":"https:\/\/svenskamedbaby.se\/wp-content\/uploads\/2024\/01\/cropped-logo-liggande_orange.png","width":3101,"height":1056,"caption":"Svenska med baby"},"image":{"@id":"https:\/\/svenskamedbaby.se\/#\/schema\/logo\/image\/"},"sameAs":["https:\/\/www.facebook.com\/svenskamedbaby","https:\/\/www.instagram.com\/svenskamedbaby\/","https:\/\/www.youtube.com\/@svenskamedbaby2469"]}]}},"_links":{"self":[{"href":"https:\/\/svenskamedbaby.se\/tr\/wp-json\/wp\/v2\/pages\/3939","targetHints":{"allow":["GET"]}}],"collection":[{"href":"https:\/\/svenskamedbaby.se\/tr\/wp-json\/wp\/v2\/pages"}],"about":[{"href":"https:\/\/svenskamedbaby.se\/tr\/wp-json\/wp\/v2\/types\/page"}],"author":[{"embeddable":true,"href":"https:\/\/svenskamedbaby.se\/tr\/wp-json\/wp\/v2\/users\/20"}],"replies":[{"embeddable":true,"href":"https:\/\/svenskamedbaby.se\/tr\/wp-json\/wp\/v2\/comments?post=3939"}],"version-history":[{"count":0,"href":"https:\/\/svenskamedbaby.se\/tr\/wp-json\/wp\/v2\/pages\/3939\/revisions"}],"wp:featuredmedia":[{"embeddable":true,"href":"https:\/\/svenskamedbaby.se\/tr\/wp-json\/wp\/v2\/media\/3937"}],"wp:attachment":[{"href":"https:\/\/svenskamedbaby.se\/tr\/wp-json\/wp\/v2\/media?parent=3939"}],"curies":[{"name":"wp","href":"https:\/\/api.w.org\/{rel}","templated":true}]}}