{"id":999,"date":"2024-05-13T14:10:28","date_gmt":"2024-05-13T14:10:28","guid":{"rendered":"https:\/\/svenskamedbaby.se\/?page_id=999"},"modified":"2026-01-26T10:53:50","modified_gmt":"2026-01-26T10:53:50","slug":"volontar-tre-generationer-mots","status":"publish","type":"page","link":"https:\/\/svenskamedbaby.se\/tr\/volontar-tre-generationer-mots\/","title":{"rendered":"Volont\u00e4r Tre generationer m\u00f6ts"},"content":{"rendered":"\t\t<div data-elementor-type=\"wp-page\" data-elementor-id=\"999\" class=\"elementor elementor-999\" data-elementor-post-type=\"page\">\n\t\t\t\t<div class=\"elementor-element elementor-element-748f4fba e-con-full e-flex e-con e-parent\" data-id=\"748f4fba\" data-element_type=\"container\" data-e-type=\"container\" data-settings=\"{&quot;background_background&quot;:&quot;classic&quot;}\">\n\t\t\t\t<\/div>\n\t\t<div class=\"elementor-element elementor-element-49eb907e e-flex e-con-boxed e-con e-parent\" data-id=\"49eb907e\" data-element_type=\"container\" data-e-type=\"container\" data-settings=\"{&quot;background_background&quot;:&quot;classic&quot;}\">\n\t\t\t\t\t<div class=\"e-con-inner\">\n\t\t\t\t<div class=\"elementor-element elementor-element-793180a9 animated-slow elementor-invisible elementor-widget elementor-widget-heading\" data-id=\"793180a9\" data-element_type=\"widget\" data-e-type=\"widget\" data-settings=\"{&quot;_animation&quot;:&quot;fadeIn&quot;,&quot;_animation_mobile&quot;:&quot;none&quot;}\" data-widget_type=\"heading.default\">\n\t\t\t\t<div class=\"elementor-widget-container\">\n\t\t\t\t\t<h2 class=\"elementor-heading-title elementor-size-default\">Bli volont\u00e4r f\u00f6r <br> Tre generationer m\u00f6ts<\/h2>\t\t\t\t<\/div>\n\t\t\t\t<\/div>\n\t\t\t\t\t<\/div>\n\t\t\t\t<\/div>\n\t\t<div class=\"elementor-element elementor-element-27cea136 e-flex e-con-boxed e-con e-parent\" data-id=\"27cea136\" data-element_type=\"container\" data-e-type=\"container\" data-settings=\"{&quot;background_background&quot;:&quot;classic&quot;}\">\n\t\t\t\t\t<div class=\"e-con-inner\">\n\t\t<div class=\"elementor-element elementor-element-5821ab e-con-full elementor-hidden-mobile e-flex e-con e-child\" data-id=\"5821ab\" data-element_type=\"container\" data-e-type=\"container\">\n\t\t\t\t<\/div>\n\t\t<div class=\"elementor-element elementor-element-7e39d4ce e-con-full e-flex e-con e-child\" data-id=\"7e39d4ce\" data-element_type=\"container\" data-e-type=\"container\">\n\t\t\t\t<div class=\"elementor-element elementor-element-611dbef8 elementor-widget elementor-widget-text-editor\" data-id=\"611dbef8\" data-element_type=\"widget\" data-e-type=\"widget\" data-widget_type=\"text-editor.default\">\n\t\t\t\t<div class=\"elementor-widget-container\">\n\t\t\t\t\t\t\t\t\t<p data-start=\"151\" data-end=\"456\">P\u00e5 Tre generationer m\u00f6ts g\u00f6r vi olika roliga aktiviteter tillsammans som passar b\u00e5de \u00e4ldre och barn (alla aktiviteter \u00e4r kostnadsfria). Ibland \u00e5ker vi till ett museum, andra g\u00e5nger stannar vi i m\u00f6teslokalen och samtalar kring olika teman som ber\u00f6r allt fr\u00e5n fritid till traditioner och samh\u00e4lle. Vi utbyter erfarenheter, fikar och tr\u00e4nar svenska tillsammans. Detta \u00e4r en trygg plats d\u00e4r gemenskap och gl\u00e4dje st\u00e5r i centrum!&nbsp;<\/p><p data-start=\"151\" data-end=\"456\" style=\"margin-bottom: 32px;\">Till Tre generationer m\u00f6ts kommer f\u00f6r\u00e4ldralediga med barn cirka 0\u20132 \u00e5r som \u00e4r nya i Sverige, etablerade f\u00f6r\u00e4ldrar fr\u00e5n Sverige med sina barn, samt seniorer.<\/p><p data-start=\"151\" data-end=\"456\">Vill du bidra med gl\u00e4dje och engagemang f\u00f6r ett mer inkluderande samh\u00e4lle? V\u00e4lkommen till oss!&nbsp;&nbsp;<\/p>\n<p data-start=\"151\" data-end=\"456\">Vi s\u00f6ker dig som \u00e4r senior eller f\u00f6r\u00e4ldraledig med barn upp till tv\u00e5 \u00e5r och vill leda dessa tr\u00e4ffar som volont\u00e4r gruppledare.<\/p>\t\t\t\t\t\t\t\t<\/div>\n\t\t\t\t<\/div>\n\t\t\t\t<\/div>\n\t\t<div class=\"elementor-element elementor-element-5739967d e-con-full elementor-hidden-mobile e-flex e-con e-child\" data-id=\"5739967d\" data-element_type=\"container\" data-e-type=\"container\">\n\t\t\t\t<\/div>\n\t\t\t\t\t<\/div>\n\t\t\t\t<\/div>\n\t\t<div class=\"elementor-element elementor-element-3a3e4c4a e-flex e-con-boxed e-con e-parent\" data-id=\"3a3e4c4a\" data-element_type=\"container\" data-e-type=\"container\" data-settings=\"{&quot;background_background&quot;:&quot;classic&quot;}\">\n\t\t\t\t\t<div class=\"e-con-inner\">\n\t\t<div class=\"elementor-element elementor-element-6ad86d25 e-con-full elementor-hidden-mobile e-flex e-con e-child\" data-id=\"6ad86d25\" data-element_type=\"container\" data-e-type=\"container\">\n\t\t\t\t<\/div>\n\t\t<div class=\"elementor-element elementor-element-4eee0207 e-con-full e-flex e-con e-child\" data-id=\"4eee0207\" data-element_type=\"container\" data-e-type=\"container\">\n\t\t\t\t<div class=\"elementor-element elementor-element-708dc90e elementor-widget elementor-widget-text-editor\" data-id=\"708dc90e\" data-element_type=\"widget\" data-e-type=\"widget\" data-widget_type=\"text-editor.default\">\n\t\t\t\t<div class=\"elementor-widget-container\">\n\t\t\t\t\t\t\t\t\t<h5>Fyll i formul\u00e4ret nedan f\u00f6r att ans\u00f6ka om att bli volont\u00e4r f\u00f6r Tre generationer m\u00f6ts.<\/h5>\t\t\t\t\t\t\t\t<\/div>\n\t\t\t\t<\/div>\n\t\t\t\t<\/div>\n\t\t<div class=\"elementor-element elementor-element-4bf14be5 e-con-full elementor-hidden-mobile e-flex e-con e-child\" data-id=\"4bf14be5\" data-element_type=\"container\" data-e-type=\"container\">\n\t\t\t\t<\/div>\n\t\t\t\t\t<\/div>\n\t\t\t\t<\/div>\n\t\t<div class=\"elementor-element elementor-element-594aab84 e-flex e-con-boxed e-con e-parent\" data-id=\"594aab84\" data-element_type=\"container\" data-e-type=\"container\" data-settings=\"{&quot;background_background&quot;:&quot;classic&quot;}\">\n\t\t\t\t\t<div class=\"e-con-inner\">\n\t\t<div class=\"elementor-element elementor-element-659fb146 e-con-full elementor-hidden-mobile e-flex e-con e-child\" data-id=\"659fb146\" data-element_type=\"container\" data-e-type=\"container\">\n\t\t\t\t<\/div>\n\t\t<div class=\"elementor-element elementor-element-732f4bc2 e-con-full e-flex e-con e-child\" data-id=\"732f4bc2\" data-element_type=\"container\" data-e-type=\"container\">\n\t\t\t\t<div class=\"elementor-element elementor-element-17fd988e elementor-button-align-stretch elementor-widget elementor-widget-form\" data-id=\"17fd988e\" data-element_type=\"widget\" data-e-type=\"widget\" data-settings=\"{&quot;button_width&quot;:&quot;33&quot;,&quot;step_next_label&quot;:&quot;Next&quot;,&quot;step_previous_label&quot;:&quot;Previous&quot;,&quot;step_type&quot;:&quot;number_text&quot;,&quot;step_icon_shape&quot;:&quot;circle&quot;}\" data-widget_type=\"form.default\">\n\t\t\t\t<div class=\"elementor-widget-container\">\n\t\t\t\t\t\t\t<form class=\"elementor-form\" method=\"post\" name=\"New Form\" aria-label=\"New Form\">\n\t\t\t<input type=\"hidden\" name=\"post_id\" value=\"999\"\/>\n\t\t\t<input type=\"hidden\" name=\"form_id\" value=\"17fd988e\"\/>\n\t\t\t<input type=\"hidden\" name=\"referer_title\" value=\"Svenska med baby - Gruppledare f\u00f6r tre generationer m\u00f6ts\" \/>\n\n\t\t\t\t\t\t\t<input type=\"hidden\" name=\"queried_id\" value=\"999\"\/>\n\t\t\t\n\t\t\t<div class=\"elementor-form-fields-wrapper elementor-labels-above\">\n\t\t\t\t\t\t\t\t<div class=\"elementor-field-type-text elementor-field-group elementor-column elementor-field-group-name elementor-col-50 elementor-field-required elementor-mark-required\">\n\t\t\t\t\t\t\t\t\t\t\t\t<label for=\"form-field-name\" class=\"elementor-field-label\">\n\t\t\t\t\t\t\t\tNamn\t\t\t\t\t\t\t<\/label>\n\t\t\t\t\t\t\t\t\t\t\t\t\t\t<input size=\"1\" type=\"text\" name=\"form_fields[name]\" id=\"form-field-name\" class=\"elementor-field elementor-size-lg  elementor-field-textual\" placeholder=\"Namn\" required=\"required\">\n\t\t\t\t\t\t\t\t\t\t\t<\/div>\n\t\t\t\t\t\t\t\t<div class=\"elementor-field-type-email elementor-field-group elementor-column elementor-field-group-email elementor-col-50 elementor-field-required elementor-mark-required\">\n\t\t\t\t\t\t\t\t\t\t\t\t<label for=\"form-field-email\" class=\"elementor-field-label\">\n\t\t\t\t\t\t\t\tEpost\t\t\t\t\t\t\t<\/label>\n\t\t\t\t\t\t\t\t\t\t\t\t\t\t<input size=\"1\" type=\"email\" name=\"form_fields[email]\" id=\"form-field-email\" class=\"elementor-field elementor-size-lg  elementor-field-textual\" placeholder=\"Epost\" required=\"required\">\n\t\t\t\t\t\t\t\t\t\t\t<\/div>\n\t\t\t\t\t\t\t\t<div class=\"elementor-field-type-tel elementor-field-group elementor-column elementor-field-group-message elementor-col-50 elementor-field-required elementor-mark-required\">\n\t\t\t\t\t\t\t\t\t\t\t\t<label for=\"form-field-message\" class=\"elementor-field-label\">\n\t\t\t\t\t\t\t\tTelefonnummer\t\t\t\t\t\t\t<\/label>\n\t\t\t\t\t\t\t\t<input size=\"1\" type=\"tel\" name=\"form_fields[message]\" id=\"form-field-message\" class=\"elementor-field elementor-size-lg  elementor-field-textual\" placeholder=\"Telefonnummer\" required=\"required\" pattern=\"[0-9()#&amp;+*-=.]+\" title=\"Only numbers and phone characters (#, -, *, etc) are accepted.\">\n\n\t\t\t\t\t\t<\/div>\n\t\t\t\t\t\t\t\t<div class=\"elementor-field-type-select elementor-field-group elementor-column elementor-field-group-field_21349dd elementor-col-50\">\n\t\t\t\t\t\t\t\t\t\t\t\t<label for=\"form-field-field_21349dd\" class=\"elementor-field-label\">\n\t\t\t\t\t\t\t\tVilket omr\u00e5de passar dig b\u00e4st?\t\t\t\t\t\t\t<\/label>\n\t\t\t\t\t\t\t\t<div class=\"elementor-field elementor-select-wrapper remove-before \">\n\t\t\t<div class=\"select-caret-down-wrapper\">\n\t\t\t\t<svg aria-hidden=\"true\" class=\"e-font-icon-svg e-eicon-caret-down\" viewBox=\"0 0 571.4 571.4\" xmlns=\"http:\/\/www.w3.org\/2000\/svg\"><path d=\"M571 393Q571 407 561 418L311 668Q300 679 286 679T261 668L11 418Q0 407 0 393T11 368 36 357H536Q550 357 561 368T571 393Z\"><\/path><\/svg>\t\t\t<\/div>\n\t\t\t<select name=\"form_fields[field_21349dd]\" id=\"form-field-field_21349dd\" class=\"elementor-field-textual elementor-size-lg\">\n\t\t\t\t\t\t\t\t\t<option value=\"Tyres\u00f6 - Gran\u00e4ngsringen\">Tyres\u00f6 - Gran\u00e4ngsringen<\/option>\n\t\t\t\t\t\t\t\t\t<option value=\"Stockholm - Farsta\">Stockholm - Farsta<\/option>\n\t\t\t\t\t\t\t\t\t<option value=\"Stockholm - Bagarmossen\">Stockholm - Bagarmossen<\/option>\n\t\t\t\t\t\t\t\t\t<option value=\"Stockholm - Tensta\">Stockholm - Tensta<\/option>\n\t\t\t\t\t\t\t\t\t<option value=\"Malm\u00f6 - Nydala\">Malm\u00f6 - Nydala<\/option>\n\t\t\t\t\t\t\t\t\t<option value=\"G\u00f6teborg - Hj\u00e4llbo\">G\u00f6teborg - Hj\u00e4llbo<\/option>\n\t\t\t\t\t\t\t\t\t<option value=\"G\u00f6teborg - Lundby (Hisingen)\">G\u00f6teborg - Lundby (Hisingen)<\/option>\n\t\t\t\t\t\t\t<\/select>\n\t\t<\/div>\n\t\t\t\t\t\t<\/div>\n\t\t\t\t\t\t\t\t<div class=\"elementor-field-type-recaptcha elementor-field-group elementor-column elementor-field-group-field_fd83844 elementor-col-100\">\n\t\t\t\t\t<div class=\"elementor-field\" id=\"form-field-field_fd83844\"><div class=\"elementor-g-recaptcha\" data-sitekey=\"6LdG5zEqAAAAAPkJT8LocjMeeJJbS6BmCReIbwjw\" data-type=\"v2_checkbox\" data-theme=\"light\" data-size=\"normal\"><\/div><\/div>\t\t\t\t<\/div>\n\t\t\t\t\t\t\t\t<div class=\"elementor-field-group elementor-column elementor-field-type-submit elementor-col-33 e-form__buttons\">\n\t\t\t\t\t<button class=\"elementor-button elementor-size-md\" type=\"submit\">\n\t\t\t\t\t\t<span class=\"elementor-button-content-wrapper\">\n\t\t\t\t\t\t\t\t\t\t\t\t\t\t\t\t\t\t\t\t\t\t<span class=\"elementor-button-text\">Skicka<\/span>\n\t\t\t\t\t\t\t\t\t\t\t\t\t<\/span>\n\t\t\t\t\t<\/button>\n\t\t\t\t<\/div>\n\t\t\t<\/div>\n\t\t<\/form>\n\t\t\t\t\t\t<\/div>\n\t\t\t\t<\/div>\n\t\t\t\t<\/div>\n\t\t<div class=\"elementor-element elementor-element-13c1976a e-con-full elementor-hidden-mobile e-flex e-con e-child\" data-id=\"13c1976a\" data-element_type=\"container\" data-e-type=\"container\">\n\t\t\t\t<\/div>\n\t\t\t\t\t<\/div>\n\t\t\t\t<\/div>\n\t\t<div class=\"elementor-element elementor-element-a43a4b6 e-flex e-con-boxed e-con e-parent\" data-id=\"a43a4b6\" data-element_type=\"container\" data-e-type=\"container\">\n\t\t\t\t\t<div class=\"e-con-inner\">\n\t\t<div class=\"elementor-element elementor-element-594ddec e-con-full e-flex e-con e-child\" data-id=\"594ddec\" data-element_type=\"container\" data-e-type=\"container\">\n\t\t<div class=\"elementor-element elementor-element-667cfa4 e-con-full animated-slow e-flex elementor-invisible e-con e-child\" data-id=\"667cfa4\" data-element_type=\"container\" data-e-type=\"container\" data-settings=\"{&quot;animation&quot;:&quot;fadeIn&quot;,&quot;animation_delay&quot;:100,&quot;animation_mobile&quot;:&quot;none&quot;}\">\n\t\t\t\t<div class=\"elementor-element elementor-element-4187bb4 elementor-widget elementor-widget-text-editor\" data-id=\"4187bb4\" data-element_type=\"widget\" data-e-type=\"widget\" data-widget_type=\"text-editor.default\">\n\t\t\t\t<div class=\"elementor-widget-container\">\n\t\t\t\t\t\t\t\t\t<h5><span style=\"font-weight: 300;\">Vad inneb\u00e4r rollen som volont\u00e4r p\u00e5 Svenska med baby?<\/span><\/h5><p><span style=\"font-weight: 300;\">Det inneb\u00e4r att du planerar och leder tr\u00e4ffar och aktiviteter baserade p\u00e5 olika teman, cirka tv\u00e5 till tre timmar i veckan. Du f\u00e5r introduktions-<br \/>utbildning och material f\u00f6r att underl\u00e4tta din roll. Dessutom har du alltid en samordnare fr\u00e5n Svenska med baby som st\u00f6d och bollplank.<\/span><\/p><h5><span style=\"font-weight: 300;\">Varf\u00f6r bli volont\u00e4r hos oss?<\/span><\/h5><p><span style=\"font-weight: 300;\">Genom att bli volont\u00e4r f\u00f6r Svenska med baby \u00e4r du delaktig i att skapa ett mer inkluderande samh\u00e4lle. Du och ditt barn f\u00e5r m\u00f6jlighet att tr\u00e4ffa andra barn och f\u00f6r\u00e4ldrar med olika bakgrunder. Det \u00e4r ocks\u00e5 en v\u00e4rdefull merit f\u00f6r ditt CV.<\/span><\/p>\t\t\t\t\t\t\t\t<\/div>\n\t\t\t\t<\/div>\n\t\t\t\t<\/div>\n\t\t\t\t<\/div>\n\t\t<div class=\"elementor-element elementor-element-34555bf e-con-full e-flex e-con e-child\" data-id=\"34555bf\" data-element_type=\"container\" data-e-type=\"container\">\n\t\t\t\t<div class=\"elementor-element elementor-element-d221d82 elementor-widget__width-initial elementor-widget elementor-widget-video\" data-id=\"d221d82\" data-element_type=\"widget\" data-e-type=\"widget\" data-settings=\"{&quot;youtube_url&quot;:&quot;https:\\\/\\\/youtu.be\\\/cFy2YKkpjvg&quot;,&quot;loop&quot;:&quot;yes&quot;,&quot;autoplay&quot;:&quot;yes&quot;,&quot;mute&quot;:&quot;yes&quot;,&quot;play_on_mobile&quot;:&quot;yes&quot;,&quot;yt_privacy&quot;:&quot;yes&quot;,&quot;lazy_load&quot;:&quot;yes&quot;,&quot;video_type&quot;:&quot;youtube&quot;,&quot;controls&quot;:&quot;yes&quot;}\" data-widget_type=\"video.default\">\n\t\t\t\t<div class=\"elementor-widget-container\">\n\t\t\t\t\t\t\t<div class=\"elementor-wrapper elementor-open-inline\">\n\t\t\t<div class=\"elementor-video\"><\/div>\t\t<\/div>\n\t\t\t\t\t\t<\/div>\n\t\t\t\t<\/div>\n\t\t\t\t<\/div>\n\t\t\t\t\t<\/div>\n\t\t\t\t<\/div>\n\t\t<div class=\"elementor-element elementor-element-6858e777 elementor-hidden-mobile e-flex e-con-boxed e-con e-parent\" data-id=\"6858e777\" data-element_type=\"container\" data-e-type=\"container\" data-settings=\"{&quot;background_background&quot;:&quot;classic&quot;}\">\n\t\t\t\t\t<div class=\"e-con-inner\">\n\t\t\t\t<div class=\"elementor-element elementor-element-7baff790 elementor-widget elementor-widget-heading\" data-id=\"7baff790\" data-element_type=\"widget\" data-e-type=\"widget\" data-widget_type=\"heading.default\">\n\t\t\t\t<div class=\"elementor-widget-container\">\n\t\t\t\t\t<h4 class=\"elementor-heading-title elementor-size-default\"><span class=\"typed-me\" data-string0=\"Hej och v\u00e4lkommen\" data-string1=\"\u041f\u0440\u0438\u0432\u0456\u0442 \u0456 \u043b\u0430\u0441\u043a\u0430\u0432\u043e \u043f\u0440\u043e\u0441\u0438\u043c\u043e\" data-string2=\"\u0623\u0647\u0644\u0627 \u0648\u0645\u0631\u062d\u0628\u0627\" data-string3=\"Salaan iyo soo dhawayn\" data-string4=\"Hi and welcome\" data-type-speed=\"40\" data-start-delay=\"0\" data-back-speed=\"40\" data-back-delay=\"500\" data-loop=\"1\" data-shuffle=\"1\"><\/span><\/h4>\t\t\t\t<\/div>\n\t\t\t\t<\/div>\n\t\t\t\t\t<\/div>\n\t\t\t\t<\/div>\n\t\t\t\t<\/div>\n\t\t","protected":false},"excerpt":{"rendered":"<p>Bli volont\u00e4r f\u00f6r Tre generationer m\u00f6ts P\u00e5 Tre generationer m\u00f6ts g\u00f6r vi olika roliga aktiviteter tillsammans som passar b\u00e5de \u00e4ldre och barn (alla aktiviteter \u00e4r kostnadsfria). Ibland \u00e5ker vi till ett museum, andra g\u00e5nger stannar vi i m\u00f6teslokalen och samtalar kring olika teman som ber\u00f6r allt fr\u00e5n fritid till traditioner och samh\u00e4lle. Vi utbyter erfarenheter,&#8230;<\/p>","protected":false},"author":5,"featured_media":0,"parent":0,"menu_order":0,"comment_status":"closed","ping_status":"closed","template":"","meta":{"_kad_post_transparent":"","_kad_post_title":"hide","_kad_post_layout":"fullwidth","_kad_post_sidebar_id":"","_kad_post_content_style":"unboxed","_kad_post_vertical_padding":"hide","_kad_post_feature":"hide","_kad_post_feature_position":"","_kad_post_header":false,"_kad_post_footer":false,"footnotes":""},"class_list":["post-999","page","type-page","status-publish","hentry"],"yoast_head":"<!-- This site is optimized with the Yoast SEO plugin v27.3 - https:\/\/yoast.com\/product\/yoast-seo-wordpress\/ -->\n<title>Svenska med baby - Gruppledare f\u00f6r tre generationer m\u00f6ts<\/title>\n<meta name=\"description\" content=\"Vill du bli gruppledare f\u00f6r tre generationer m\u00f6ts? H\u00e4r kan du f\u00e5 information och skicka in din anm\u00e4lan f\u00f6r att bli gruppledare. V\u00e4lkommen!\" \/>\n<meta name=\"robots\" content=\"index, follow, max-snippet:-1, max-image-preview:large, max-video-preview:-1\" \/>\n<link rel=\"canonical\" href=\"https:\/\/svenskamedbaby.se\/tr\/volontar-tre-generationer-mots\/\" \/>\n<meta property=\"og:locale\" content=\"tr_TR\" \/>\n<meta property=\"og:type\" content=\"article\" \/>\n<meta property=\"og:title\" content=\"Svenska med baby - Gruppledare f\u00f6r tre generationer m\u00f6ts\" \/>\n<meta property=\"og:description\" content=\"Vill du bli gruppledare f\u00f6r tre generationer m\u00f6ts? H\u00e4r kan du f\u00e5 information och skicka in din anm\u00e4lan f\u00f6r att bli gruppledare. V\u00e4lkommen!\" \/>\n<meta property=\"og:url\" content=\"https:\/\/svenskamedbaby.se\/tr\/volontar-tre-generationer-mots\/\" \/>\n<meta property=\"og:site_name\" content=\"Svenska med baby\" \/>\n<meta property=\"article:publisher\" content=\"https:\/\/www.facebook.com\/svenskamedbaby\" \/>\n<meta property=\"article:modified_time\" content=\"2026-01-26T10:53:50+00:00\" \/>\n<meta property=\"og:image\" content=\"https:\/\/svenskamedbaby.se\/wp-content\/uploads\/2024\/08\/TGM_02.jpg\" \/>\n\t<meta property=\"og:image:width\" content=\"2000\" \/>\n\t<meta property=\"og:image:height\" content=\"1333\" \/>\n\t<meta property=\"og:image:type\" content=\"image\/jpeg\" \/>\n<meta name=\"twitter:card\" content=\"summary_large_image\" \/>\n<meta name=\"twitter:label1\" content=\"Tahmini okuma s\u00fcresi\" \/>\n\t<meta name=\"twitter:data1\" content=\"2 dakika\" \/>\n<script type=\"application\/ld+json\" class=\"yoast-schema-graph\">{\"@context\":\"https:\\\/\\\/schema.org\",\"@graph\":[{\"@type\":\"WebPage\",\"@id\":\"https:\\\/\\\/svenskamedbaby.se\\\/volontar-tre-generationer-mots\\\/\",\"url\":\"https:\\\/\\\/svenskamedbaby.se\\\/volontar-tre-generationer-mots\\\/\",\"name\":\"Svenska med baby - Gruppledare f\u00f6r tre generationer m\u00f6ts\",\"isPartOf\":{\"@id\":\"https:\\\/\\\/svenskamedbaby.se\\\/#website\"},\"datePublished\":\"2024-05-13T14:10:28+00:00\",\"dateModified\":\"2026-01-26T10:53:50+00:00\",\"description\":\"Vill du bli gruppledare f\u00f6r tre generationer m\u00f6ts? H\u00e4r kan du f\u00e5 information och skicka in din anm\u00e4lan f\u00f6r att bli gruppledare. V\u00e4lkommen!\",\"breadcrumb\":{\"@id\":\"https:\\\/\\\/svenskamedbaby.se\\\/volontar-tre-generationer-mots\\\/#breadcrumb\"},\"inLanguage\":\"tr\",\"potentialAction\":[{\"@type\":\"ReadAction\",\"target\":[\"https:\\\/\\\/svenskamedbaby.se\\\/volontar-tre-generationer-mots\\\/\"]}]},{\"@type\":\"BreadcrumbList\",\"@id\":\"https:\\\/\\\/svenskamedbaby.se\\\/volontar-tre-generationer-mots\\\/#breadcrumb\",\"itemListElement\":[{\"@type\":\"ListItem\",\"position\":1,\"name\":\"Home\",\"item\":\"https:\\\/\\\/svenskamedbaby.se\\\/\"},{\"@type\":\"ListItem\",\"position\":2,\"name\":\"Volont\u00e4r Tre generationer m\u00f6ts\"}]},{\"@type\":\"WebSite\",\"@id\":\"https:\\\/\\\/svenskamedbaby.se\\\/#website\",\"url\":\"https:\\\/\\\/svenskamedbaby.se\\\/\",\"name\":\"Svenska med baby\",\"description\":\"Tr\u00e4ffar f\u00f6r sm\u00e5barn och vuxna med olika bakrund\",\"publisher\":{\"@id\":\"https:\\\/\\\/svenskamedbaby.se\\\/#organization\"},\"potentialAction\":[{\"@type\":\"SearchAction\",\"target\":{\"@type\":\"EntryPoint\",\"urlTemplate\":\"https:\\\/\\\/svenskamedbaby.se\\\/?s={search_term_string}\"},\"query-input\":{\"@type\":\"PropertyValueSpecification\",\"valueRequired\":true,\"valueName\":\"search_term_string\"}}],\"inLanguage\":\"tr\"},{\"@type\":\"Organization\",\"@id\":\"https:\\\/\\\/svenskamedbaby.se\\\/#organization\",\"name\":\"Svenska med baby\",\"url\":\"https:\\\/\\\/svenskamedbaby.se\\\/\",\"logo\":{\"@type\":\"ImageObject\",\"inLanguage\":\"tr\",\"@id\":\"https:\\\/\\\/svenskamedbaby.se\\\/#\\\/schema\\\/logo\\\/image\\\/\",\"url\":\"https:\\\/\\\/svenskamedbaby.se\\\/wp-content\\\/uploads\\\/2024\\\/01\\\/cropped-logo-liggande_orange.png\",\"contentUrl\":\"https:\\\/\\\/svenskamedbaby.se\\\/wp-content\\\/uploads\\\/2024\\\/01\\\/cropped-logo-liggande_orange.png\",\"width\":3101,\"height\":1056,\"caption\":\"Svenska med baby\"},\"image\":{\"@id\":\"https:\\\/\\\/svenskamedbaby.se\\\/#\\\/schema\\\/logo\\\/image\\\/\"},\"sameAs\":[\"https:\\\/\\\/www.facebook.com\\\/svenskamedbaby\",\"https:\\\/\\\/www.instagram.com\\\/svenskamedbaby\\\/\",\"https:\\\/\\\/www.youtube.com\\\/@svenskamedbaby2469\"]}]}<\/script>\n<!-- \/ Yoast SEO plugin. -->","yoast_head_json":{"title":"Svenska med baby - Gruppledare f\u00f6r tre generationer m\u00f6ts","description":"Vill du bli gruppledare f\u00f6r tre generationer m\u00f6ts? H\u00e4r kan du f\u00e5 information och skicka in din anm\u00e4lan f\u00f6r att bli gruppledare. V\u00e4lkommen!","robots":{"index":"index","follow":"follow","max-snippet":"max-snippet:-1","max-image-preview":"max-image-preview:large","max-video-preview":"max-video-preview:-1"},"canonical":"https:\/\/svenskamedbaby.se\/tr\/volontar-tre-generationer-mots\/","og_locale":"tr_TR","og_type":"article","og_title":"Svenska med baby - Gruppledare f\u00f6r tre generationer m\u00f6ts","og_description":"Vill du bli gruppledare f\u00f6r tre generationer m\u00f6ts? H\u00e4r kan du f\u00e5 information och skicka in din anm\u00e4lan f\u00f6r att bli gruppledare. V\u00e4lkommen!","og_url":"https:\/\/svenskamedbaby.se\/tr\/volontar-tre-generationer-mots\/","og_site_name":"Svenska med baby","article_publisher":"https:\/\/www.facebook.com\/svenskamedbaby","article_modified_time":"2026-01-26T10:53:50+00:00","og_image":[{"width":2000,"height":1333,"url":"https:\/\/svenskamedbaby.se\/wp-content\/uploads\/2024\/08\/TGM_02.jpg","type":"image\/jpeg"}],"twitter_card":"summary_large_image","twitter_misc":{"Tahmini okuma s\u00fcresi":"2 dakika"},"schema":{"@context":"https:\/\/schema.org","@graph":[{"@type":"WebPage","@id":"https:\/\/svenskamedbaby.se\/volontar-tre-generationer-mots\/","url":"https:\/\/svenskamedbaby.se\/volontar-tre-generationer-mots\/","name":"Svenska med baby - Gruppledare f\u00f6r tre generationer m\u00f6ts","isPartOf":{"@id":"https:\/\/svenskamedbaby.se\/#website"},"datePublished":"2024-05-13T14:10:28+00:00","dateModified":"2026-01-26T10:53:50+00:00","description":"Vill du bli gruppledare f\u00f6r tre generationer m\u00f6ts? H\u00e4r kan du f\u00e5 information och skicka in din anm\u00e4lan f\u00f6r att bli gruppledare. V\u00e4lkommen!","breadcrumb":{"@id":"https:\/\/svenskamedbaby.se\/volontar-tre-generationer-mots\/#breadcrumb"},"inLanguage":"tr","potentialAction":[{"@type":"ReadAction","target":["https:\/\/svenskamedbaby.se\/volontar-tre-generationer-mots\/"]}]},{"@type":"BreadcrumbList","@id":"https:\/\/svenskamedbaby.se\/volontar-tre-generationer-mots\/#breadcrumb","itemListElement":[{"@type":"ListItem","position":1,"name":"Home","item":"https:\/\/svenskamedbaby.se\/"},{"@type":"ListItem","position":2,"name":"Volont\u00e4r Tre generationer m\u00f6ts"}]},{"@type":"WebSite","@id":"https:\/\/svenskamedbaby.se\/#website","url":"https:\/\/svenskamedbaby.se\/","name":"Svenska med baby","description":"Farkl\u0131 ge\u00e7mi\u015flerden gelen k\u00fc\u00e7\u00fck \u00e7ocuklar ve yeti\u015fkinler i\u00e7in toplant\u0131lar","publisher":{"@id":"https:\/\/svenskamedbaby.se\/#organization"},"potentialAction":[{"@type":"SearchAction","target":{"@type":"EntryPoint","urlTemplate":"https:\/\/svenskamedbaby.se\/?s={search_term_string}"},"query-input":{"@type":"PropertyValueSpecification","valueRequired":true,"valueName":"search_term_string"}}],"inLanguage":"tr"},{"@type":"Organization","@id":"https:\/\/svenskamedbaby.se\/#organization","name":"Svenska med baby","url":"https:\/\/svenskamedbaby.se\/","logo":{"@type":"ImageObject","inLanguage":"tr","@id":"https:\/\/svenskamedbaby.se\/#\/schema\/logo\/image\/","url":"https:\/\/svenskamedbaby.se\/wp-content\/uploads\/2024\/01\/cropped-logo-liggande_orange.png","contentUrl":"https:\/\/svenskamedbaby.se\/wp-content\/uploads\/2024\/01\/cropped-logo-liggande_orange.png","width":3101,"height":1056,"caption":"Svenska med baby"},"image":{"@id":"https:\/\/svenskamedbaby.se\/#\/schema\/logo\/image\/"},"sameAs":["https:\/\/www.facebook.com\/svenskamedbaby","https:\/\/www.instagram.com\/svenskamedbaby\/","https:\/\/www.youtube.com\/@svenskamedbaby2469"]}]}},"_links":{"self":[{"href":"https:\/\/svenskamedbaby.se\/tr\/wp-json\/wp\/v2\/pages\/999","targetHints":{"allow":["GET"]}}],"collection":[{"href":"https:\/\/svenskamedbaby.se\/tr\/wp-json\/wp\/v2\/pages"}],"about":[{"href":"https:\/\/svenskamedbaby.se\/tr\/wp-json\/wp\/v2\/types\/page"}],"author":[{"embeddable":true,"href":"https:\/\/svenskamedbaby.se\/tr\/wp-json\/wp\/v2\/users\/5"}],"replies":[{"embeddable":true,"href":"https:\/\/svenskamedbaby.se\/tr\/wp-json\/wp\/v2\/comments?post=999"}],"version-history":[{"count":0,"href":"https:\/\/svenskamedbaby.se\/tr\/wp-json\/wp\/v2\/pages\/999\/revisions"}],"wp:attachment":[{"href":"https:\/\/svenskamedbaby.se\/tr\/wp-json\/wp\/v2\/media?parent=999"}],"curies":[{"name":"wp","href":"https:\/\/api.w.org\/{rel}","templated":true}]}}