{"id":2351,"date":"2024-11-18T11:14:21","date_gmt":"2024-11-18T11:14:21","guid":{"rendered":"https:\/\/svenskamedbaby.se\/?page_id=2351"},"modified":"2024-11-18T11:31:19","modified_gmt":"2024-11-18T11:31:19","slug":"anna-sarkadi-fullstandig-text-2","status":"publish","type":"page","link":"https:\/\/svenskamedbaby.se\/uk\/anna-sarkadi-fullstandig-text-2\/","title":{"rendered":"Det \u00e4r vi pappor, fullst\u00e4ndig text"},"content":{"rendered":"\t\t<div data-elementor-type=\"wp-page\" data-elementor-id=\"2351\" class=\"elementor elementor-2351\" data-elementor-post-type=\"page\">\n\t\t\t\t<div class=\"elementor-element elementor-element-474e230 e-flex e-con-boxed e-con e-parent\" data-id=\"474e230\" data-element_type=\"container\" data-e-type=\"container\" data-settings=\"{&quot;background_background&quot;:&quot;classic&quot;}\">\n\t\t\t\t\t<div class=\"e-con-inner\">\n\t\t<div class=\"elementor-element elementor-element-95b4d03 e-con-full animated-slow e-flex elementor-invisible e-con e-child\" data-id=\"95b4d03\" data-element_type=\"container\" data-e-type=\"container\" data-settings=\"{&quot;animation&quot;:&quot;fadeIn&quot;,&quot;animation_delay&quot;:100,&quot;animation_mobile&quot;:&quot;none&quot;}\">\n\t\t\t\t<div class=\"elementor-element elementor-element-1084ba81 elementor-view-default elementor-widget elementor-widget-icon\" data-id=\"1084ba81\" data-element_type=\"widget\" data-e-type=\"widget\" data-widget_type=\"icon.default\">\n\t\t\t\t<div class=\"elementor-widget-container\">\n\t\t\t\t\t\t\t<div class=\"elementor-icon-wrapper\">\n\t\t\t<div class=\"elementor-icon\">\n\t\t\t<svg aria-hidden=\"true\" class=\"e-font-icon-svg e-fas-quote-left\" viewBox=\"0 0 512 512\" xmlns=\"http:\/\/www.w3.org\/2000\/svg\"><path d=\"M464 256h-80v-64c0-35.3 28.7-64 64-64h8c13.3 0 24-10.7 24-24V56c0-13.3-10.7-24-24-24h-8c-88.4 0-160 71.6-160 160v240c0 26.5 21.5 48 48 48h128c26.5 0 48-21.5 48-48V304c0-26.5-21.5-48-48-48zm-288 0H96v-64c0-35.3 28.7-64 64-64h8c13.3 0 24-10.7 24-24V56c0-13.3-10.7-24-24-24h-8C71.6 32 0 103.6 0 192v240c0 26.5 21.5 48 48 48h128c26.5 0 48-21.5 48-48V304c0-26.5-21.5-48-48-48z\"><\/path><\/svg>\t\t\t<\/div>\n\t\t<\/div>\n\t\t\t\t\t\t<\/div>\n\t\t\t\t<\/div>\n\t\t\t\t<div class=\"elementor-element elementor-element-2421867c elementor-widget elementor-widget-heading\" data-id=\"2421867c\" data-element_type=\"widget\" data-e-type=\"widget\" data-widget_type=\"heading.default\">\n\t\t\t\t<div class=\"elementor-widget-container\">\n\t\t\t\t\t<h2 class=\"elementor-heading-title elementor-size-default\"><span class=\"elementor-heading-title elementor-size-default\" style=\"margin-bottom: 0.5em;white-space: normal\">Det \u00e4r vi pappor och en kopp kaffe!\"<\/span><\/h2>\t\t\t\t<\/div>\n\t\t\t\t<\/div>\n\t\t\t\t<div class=\"elementor-element elementor-element-6712e222 elementor-widget-divider--view-line elementor-widget elementor-widget-divider\" data-id=\"6712e222\" data-element_type=\"widget\" data-e-type=\"widget\" data-widget_type=\"divider.default\">\n\t\t\t\t<div class=\"elementor-widget-container\">\n\t\t\t\t\t\t\t<div class=\"elementor-divider\">\n\t\t\t<span class=\"elementor-divider-separator\">\n\t\t\t\t\t\t<\/span>\n\t\t<\/div>\n\t\t\t\t\t\t<\/div>\n\t\t\t\t<\/div>\n\t\t\t\t<div class=\"elementor-element elementor-element-6e0b430b elementor-widget elementor-widget-text-editor\" data-id=\"6e0b430b\" data-element_type=\"widget\" data-e-type=\"widget\" data-widget_type=\"text-editor.default\">\n\t\t\t\t<div class=\"elementor-widget-container\">\n\t\t\t\t\t\t\t\t\t<p style=\"font-weight: 400;\"><strong>\u201cDet b\u00e4sta med pappatr\u00e4ffarna \u00e4r att f\u00e5 tr\u00e4ffa m\u00e4nniskor fr\u00e5n olika kulturer och f\u00e5 kliva ur sin egen bubbla\u201d, s\u00e4ger Nils Mattsson.<\/strong><\/p><p style=\"font-weight: 400;\">P\u00e5 l\u00f6rdagarna samlas pappor i ett rum p\u00e5 biblioteket i Sk\u00e4rholmen. Barnen leker, medan deras pappor f\u00e5r en stund att prata om papparollen. Och n\u00e4r leken \u00e4r klar v\u00e4ntar en s\u00e5ngstund och en gemensam aktivitet, d\u00e4r b\u00e5de barn och pappor deltar. Nils har engagerat sig som volont\u00e4r i Svenska med babys pappatr\u00e4ffar i tv\u00e5 \u00e5r.<br \/><span style=\"font-family: var(--global-body-font-family);\">&#8221;Jag b\u00f6rjade g\u00e5 hit n\u00e4r jag var f\u00f6r\u00e4ldraledig med min son Josef&#8221;, ber\u00e4ttar Nils. &#8221;Tr\u00e4ffarna gav oss en helgaktivitet som vi kunde g\u00f6ra tillsammans. Sedan var steget inte l\u00e5ngt till att bli volont\u00e4r. H\u00e4r kan vi diskutera allt fr\u00e5n s\u00f6mnbrist till sk\u00e4rmtid p\u00e5 ett avslappnat s\u00e4tt.&#8221;<\/span><\/p><p style=\"font-weight: 400;\">Det som g\u00f6r pappa-tr\u00e4ffarna speciella, enligt Nils, \u00e4r att det \u00e4r s\u00e5 l\u00e5g tr\u00f6skel.<br \/><span style=\"font-family: var(--global-body-font-family);\">&#8221;Ofta beh\u00f6vs inte mycket f\u00f6r att samtalen ska komma ig\u00e5ng. Ett tema om s\u00f6mn eller jobb kan hj\u00e4lpa ibland, men oftast r\u00e4cker en enkel fr\u00e5ga.&#8221;<br \/><\/span><span style=\"font-family: var(--global-body-font-family);\">M\u00e5nga pappor k\u00e4nner ett behov av att dela sina erfarenheter med andra som kan relatera till just deras perspektiv.<br \/><\/span><span style=\"font-family: var(--global-body-font-family);\">&#8221;N\u00e4r en mamma ibland r\u00e5kar dyka upp m\u00e4rks skillnaden direkt\u201d, s\u00e4ger Nils. &#8221;Mammor \u00e4r vana vid att prata \u00f6ppet om f\u00f6r\u00e4ldraskapet, men n\u00e4r det bara \u00e4r pappor v\u00e5gar vi ta mer plats och prata fritt utan att beh\u00f6va kliva tillbaka.&#8221;<\/span><\/p><p style=\"font-weight: 400;\">Den v\u00e4lkomnande st\u00e4mningen \u00e4r det som g\u00f6r det s\u00e5 bra, tycker Nils.<br \/><span style=\"font-family: var(--global-body-font-family);\">&#8221;En gratis kaffe, lite fika och barnens lek \u2013 ingen press, bara en sk\u00f6n plats att landa p\u00e5.&#8221;<br \/><\/span><span style=\"font-family: var(--global-body-font-family);\">F\u00f6r honom och Josef har tr\u00e4ffarna blivit en uppskattad rutin.<br \/><\/span><span style=\"font-family: var(--global-body-font-family);\">&#8221;Vi \u00e4ter lunch, leker och g\u00e5r p\u00e5 pappatr\u00e4ffen. Det \u00e4r n\u00e5got vi g\u00f6r, bara vi tv\u00e5, och det k\u00e4nns fint att ha en s\u00e5dan tradition. Och som bonus f\u00e5r hans mamma lite egentid hemma&#8221;.<\/span><\/p><p style=\"font-weight: 400;\">N\u00e4r Nils och Josef l\u00e4mnar tr\u00e4ffen \u00e4r Josef tr\u00f6tt men p\u00e5 gott hum\u00f6r, och Nils k\u00e4nner att han har haft kul med sin son och samtidigt f\u00e5tt umg\u00e5tts med andra pappor.<br \/><span style=\"font-family: var(--global-body-font-family);\">&#8221;I sin enkelhet ger tr\u00e4ffarna s\u00e5 mycket\u201d, s\u00e4ger han. &#8221;De blir en plats d\u00e4r vi pappor f\u00e5r k\u00e4nna oss v\u00e4lkomna och bredda v\u00e5rt n\u00e4tverk \u2013 v\u00e4rdefullt f\u00f6r b\u00e5de oss och v\u00e5ra barn.&#8221;<\/span><\/p><p style=\"font-weight: 400;\">Vill du delta i v\u00e5ra pappatr\u00e4ffar? Bes\u00f6k\u00a0<strong><a href=\"https:\/\/svenskamedbaby.se\/aktivitetskalender\/\">v\u00e5r kalender<\/a><\/strong>\u00a0och hitta n\u00e4sta tr\u00e4ff n\u00e4ra dig!\u00a0<\/p><p style=\"font-weight: 400;\">\u00a0<\/p>\t\t\t\t\t\t\t\t<\/div>\n\t\t\t\t<\/div>\n\t\t\t\t<\/div>\n\t\t<div class=\"elementor-element elementor-element-1422b1bd e-con-full elementor-hidden-mobile image-500x500 e-flex elementor-invisible e-con e-child\" data-id=\"1422b1bd\" data-element_type=\"container\" data-e-type=\"container\" data-settings=\"{&quot;animation&quot;:&quot;slideInUp&quot;}\">\n\t\t\t\t<div class=\"elementor-element elementor-element-69606069 image-500x500 elementor-widget elementor-widget-image\" data-id=\"69606069\" data-element_type=\"widget\" data-e-type=\"widget\" data-settings=\"{&quot;motion_fx_motion_fx_scrolling&quot;:&quot;yes&quot;,&quot;motion_fx_translateY_effect&quot;:&quot;yes&quot;,&quot;motion_fx_translateY_speed&quot;:{&quot;unit&quot;:&quot;px&quot;,&quot;size&quot;:1.8,&quot;sizes&quot;:[]},&quot;motion_fx_translateY_affectedRange&quot;:{&quot;unit&quot;:&quot;%&quot;,&quot;size&quot;:&quot;&quot;,&quot;sizes&quot;:{&quot;start&quot;:0,&quot;end&quot;:100}},&quot;motion_fx_devices&quot;:[&quot;desktop&quot;,&quot;tablet&quot;,&quot;mobile&quot;]}\" data-widget_type=\"image.default\">\n\t\t\t\t<div class=\"elementor-widget-container\">\n\t\t\t\t\t\t\t\t\t\t\t\t\t\t\t<img fetchpriority=\"high\" decoding=\"async\" width=\"500\" height=\"500\" src=\"https:\/\/svenskamedbaby.se\/wp-content\/uploads\/2024\/11\/Nils-och-Josef_01_beskuren_sqare-500x500.jpg\" class=\"attachment-thumbrelated size-thumbrelated wp-image-2350\" alt=\"\" srcset=\"https:\/\/svenskamedbaby.se\/wp-content\/uploads\/2024\/11\/Nils-och-Josef_01_beskuren_sqare-500x500.jpg 500w, https:\/\/svenskamedbaby.se\/wp-content\/uploads\/2024\/11\/Nils-och-Josef_01_beskuren_sqare-300x300.jpg 300w, https:\/\/svenskamedbaby.se\/wp-content\/uploads\/2024\/11\/Nils-och-Josef_01_beskuren_sqare-1024x1024.jpg 1024w, https:\/\/svenskamedbaby.se\/wp-content\/uploads\/2024\/11\/Nils-och-Josef_01_beskuren_sqare-150x150.jpg 150w, https:\/\/svenskamedbaby.se\/wp-content\/uploads\/2024\/11\/Nils-och-Josef_01_beskuren_sqare-768x768.jpg 768w, https:\/\/svenskamedbaby.se\/wp-content\/uploads\/2024\/11\/Nils-och-Josef_01_beskuren_sqare-1536x1536.jpg 1536w, https:\/\/svenskamedbaby.se\/wp-content\/uploads\/2024\/11\/Nils-och-Josef_01_beskuren_sqare-2048x2048.jpg 2048w, https:\/\/svenskamedbaby.se\/wp-content\/uploads\/2024\/11\/Nils-och-Josef_01_beskuren_sqare-12x12.jpg 12w\" sizes=\"(max-width: 500px) 100vw, 500px\" \/>\t\t\t\t\t\t\t\t\t\t\t\t\t\t\t<\/div>\n\t\t\t\t<\/div>\n\t\t\t\t<\/div>\n\t\t\t\t\t<\/div>\n\t\t\t\t<\/div>\n\t\t\t\t<\/div>\n\t\t","protected":false},"excerpt":{"rendered":"<p>Det \u00e4r vi pappor och en kopp kaffe!&#8221; \u201cDet b\u00e4sta med pappatr\u00e4ffarna \u00e4r att f\u00e5 tr\u00e4ffa m\u00e4nniskor fr\u00e5n olika kulturer och f\u00e5 kliva ur sin egen bubbla\u201d, s\u00e4ger Nils Mattsson. P\u00e5 l\u00f6rdagarna samlas pappor i ett rum p\u00e5 biblioteket i Sk\u00e4rholmen. Barnen leker, medan deras pappor f\u00e5r en stund att prata om papparollen. Och n\u00e4r&#8230;<\/p>","protected":false},"author":4,"featured_media":0,"parent":0,"menu_order":0,"comment_status":"closed","ping_status":"closed","template":"","meta":{"_kad_post_transparent":"","_kad_post_title":"hide","_kad_post_layout":"fullwidth","_kad_post_sidebar_id":"","_kad_post_content_style":"unboxed","_kad_post_vertical_padding":"hide","_kad_post_feature":"hide","_kad_post_feature_position":"","_kad_post_header":false,"_kad_post_footer":false,"footnotes":""},"class_list":["post-2351","page","type-page","status-publish","hentry"],"yoast_head":"<!-- This site is optimized with the Yoast SEO plugin v27.3 - https:\/\/yoast.com\/product\/yoast-seo-wordpress\/ -->\n<title>Det \u00e4r vi pappor, fullst\u00e4ndig text - Svenska med baby<\/title>\n<meta name=\"robots\" content=\"index, follow, max-snippet:-1, max-image-preview:large, max-video-preview:-1\" \/>\n<link rel=\"canonical\" href=\"https:\/\/svenskamedbaby.se\/uk\/anna-sarkadi-fullstandig-text-2\/\" \/>\n<meta property=\"og:locale\" content=\"uk_UA\" \/>\n<meta property=\"og:type\" content=\"article\" \/>\n<meta property=\"og:title\" content=\"Det \u00e4r vi pappor, fullst\u00e4ndig text - Svenska med baby\" \/>\n<meta property=\"og:description\" content=\"Det \u00e4r vi pappor och en kopp kaffe!&#8221; \u201cDet b\u00e4sta med pappatr\u00e4ffarna \u00e4r att f\u00e5 tr\u00e4ffa m\u00e4nniskor fr\u00e5n olika kulturer och f\u00e5 kliva ur sin egen bubbla\u201d, s\u00e4ger Nils Mattsson. P\u00e5 l\u00f6rdagarna samlas pappor i ett rum p\u00e5 biblioteket i Sk\u00e4rholmen. Barnen leker, medan deras pappor f\u00e5r en stund att prata om papparollen. Och n\u00e4r...\" \/>\n<meta property=\"og:url\" content=\"https:\/\/svenskamedbaby.se\/uk\/anna-sarkadi-fullstandig-text-2\/\" \/>\n<meta property=\"og:site_name\" content=\"Svenska med baby\" \/>\n<meta property=\"article:publisher\" content=\"https:\/\/www.facebook.com\/svenskamedbaby\" \/>\n<meta property=\"article:modified_time\" content=\"2024-11-18T11:31:19+00:00\" \/>\n<meta property=\"og:image\" content=\"https:\/\/svenskamedbaby.se\/wp-content\/uploads\/2024\/11\/Nils-och-Josef_01_beskuren_sqare-500x500.jpg\" \/>\n<meta name=\"twitter:card\" content=\"summary_large_image\" \/>\n<meta name=\"twitter:label1\" content=\"\u041f\u0440\u0438\u0431\u043b. \u0447\u0430\u0441 \u0447\u0438\u0442\u0430\u043d\u043d\u044f\" \/>\n\t<meta name=\"twitter:data1\" content=\"3 \u0445\u0432\u0438\u043b\u0438\u043d\u0438\" \/>\n<script type=\"application\/ld+json\" class=\"yoast-schema-graph\">{\"@context\":\"https:\\\/\\\/schema.org\",\"@graph\":[{\"@type\":\"WebPage\",\"@id\":\"https:\\\/\\\/svenskamedbaby.se\\\/anna-sarkadi-fullstandig-text-2\\\/\",\"url\":\"https:\\\/\\\/svenskamedbaby.se\\\/anna-sarkadi-fullstandig-text-2\\\/\",\"name\":\"Det \u00e4r vi pappor, fullst\u00e4ndig text - Svenska med baby\",\"isPartOf\":{\"@id\":\"https:\\\/\\\/svenskamedbaby.se\\\/#website\"},\"primaryImageOfPage\":{\"@id\":\"https:\\\/\\\/svenskamedbaby.se\\\/anna-sarkadi-fullstandig-text-2\\\/#primaryimage\"},\"image\":{\"@id\":\"https:\\\/\\\/svenskamedbaby.se\\\/anna-sarkadi-fullstandig-text-2\\\/#primaryimage\"},\"thumbnailUrl\":\"https:\\\/\\\/svenskamedbaby.se\\\/wp-content\\\/uploads\\\/2024\\\/11\\\/Nils-och-Josef_01_beskuren_sqare-500x500.jpg\",\"datePublished\":\"2024-11-18T11:14:21+00:00\",\"dateModified\":\"2024-11-18T11:31:19+00:00\",\"breadcrumb\":{\"@id\":\"https:\\\/\\\/svenskamedbaby.se\\\/anna-sarkadi-fullstandig-text-2\\\/#breadcrumb\"},\"inLanguage\":\"uk\",\"potentialAction\":[{\"@type\":\"ReadAction\",\"target\":[\"https:\\\/\\\/svenskamedbaby.se\\\/anna-sarkadi-fullstandig-text-2\\\/\"]}]},{\"@type\":\"ImageObject\",\"inLanguage\":\"uk\",\"@id\":\"https:\\\/\\\/svenskamedbaby.se\\\/anna-sarkadi-fullstandig-text-2\\\/#primaryimage\",\"url\":\"https:\\\/\\\/svenskamedbaby.se\\\/wp-content\\\/uploads\\\/2024\\\/11\\\/Nils-och-Josef_01_beskuren_sqare-500x500.jpg\",\"contentUrl\":\"https:\\\/\\\/svenskamedbaby.se\\\/wp-content\\\/uploads\\\/2024\\\/11\\\/Nils-och-Josef_01_beskuren_sqare-500x500.jpg\"},{\"@type\":\"BreadcrumbList\",\"@id\":\"https:\\\/\\\/svenskamedbaby.se\\\/anna-sarkadi-fullstandig-text-2\\\/#breadcrumb\",\"itemListElement\":[{\"@type\":\"ListItem\",\"position\":1,\"name\":\"Home\",\"item\":\"https:\\\/\\\/svenskamedbaby.se\\\/\"},{\"@type\":\"ListItem\",\"position\":2,\"name\":\"Det \u00e4r vi pappor, fullst\u00e4ndig text\"}]},{\"@type\":\"WebSite\",\"@id\":\"https:\\\/\\\/svenskamedbaby.se\\\/#website\",\"url\":\"https:\\\/\\\/svenskamedbaby.se\\\/\",\"name\":\"Svenska med baby\",\"description\":\"Tr\u00e4ffar f\u00f6r sm\u00e5barn och vuxna med olika bakrund\",\"publisher\":{\"@id\":\"https:\\\/\\\/svenskamedbaby.se\\\/#organization\"},\"potentialAction\":[{\"@type\":\"SearchAction\",\"target\":{\"@type\":\"EntryPoint\",\"urlTemplate\":\"https:\\\/\\\/svenskamedbaby.se\\\/?s={search_term_string}\"},\"query-input\":{\"@type\":\"PropertyValueSpecification\",\"valueRequired\":true,\"valueName\":\"search_term_string\"}}],\"inLanguage\":\"uk\"},{\"@type\":\"Organization\",\"@id\":\"https:\\\/\\\/svenskamedbaby.se\\\/#organization\",\"name\":\"Svenska med baby\",\"url\":\"https:\\\/\\\/svenskamedbaby.se\\\/\",\"logo\":{\"@type\":\"ImageObject\",\"inLanguage\":\"uk\",\"@id\":\"https:\\\/\\\/svenskamedbaby.se\\\/#\\\/schema\\\/logo\\\/image\\\/\",\"url\":\"https:\\\/\\\/svenskamedbaby.se\\\/wp-content\\\/uploads\\\/2024\\\/01\\\/cropped-logo-liggande_orange.png\",\"contentUrl\":\"https:\\\/\\\/svenskamedbaby.se\\\/wp-content\\\/uploads\\\/2024\\\/01\\\/cropped-logo-liggande_orange.png\",\"width\":3101,\"height\":1056,\"caption\":\"Svenska med baby\"},\"image\":{\"@id\":\"https:\\\/\\\/svenskamedbaby.se\\\/#\\\/schema\\\/logo\\\/image\\\/\"},\"sameAs\":[\"https:\\\/\\\/www.facebook.com\\\/svenskamedbaby\",\"https:\\\/\\\/www.instagram.com\\\/svenskamedbaby\\\/\",\"https:\\\/\\\/www.youtube.com\\\/@svenskamedbaby2469\"]}]}<\/script>\n<!-- \/ Yoast SEO plugin. -->","yoast_head_json":{"title":"Det \u00e4r vi pappor, fullst\u00e4ndig text - Svenska med baby","robots":{"index":"index","follow":"follow","max-snippet":"max-snippet:-1","max-image-preview":"max-image-preview:large","max-video-preview":"max-video-preview:-1"},"canonical":"https:\/\/svenskamedbaby.se\/uk\/anna-sarkadi-fullstandig-text-2\/","og_locale":"uk_UA","og_type":"article","og_title":"Det \u00e4r vi pappor, fullst\u00e4ndig text - Svenska med baby","og_description":"Det \u00e4r vi pappor och en kopp kaffe!&#8221; \u201cDet b\u00e4sta med pappatr\u00e4ffarna \u00e4r att f\u00e5 tr\u00e4ffa m\u00e4nniskor fr\u00e5n olika kulturer och f\u00e5 kliva ur sin egen bubbla\u201d, s\u00e4ger Nils Mattsson. P\u00e5 l\u00f6rdagarna samlas pappor i ett rum p\u00e5 biblioteket i Sk\u00e4rholmen. Barnen leker, medan deras pappor f\u00e5r en stund att prata om papparollen. Och n\u00e4r...","og_url":"https:\/\/svenskamedbaby.se\/uk\/anna-sarkadi-fullstandig-text-2\/","og_site_name":"Svenska med baby","article_publisher":"https:\/\/www.facebook.com\/svenskamedbaby","article_modified_time":"2024-11-18T11:31:19+00:00","og_image":[{"url":"https:\/\/svenskamedbaby.se\/wp-content\/uploads\/2024\/11\/Nils-och-Josef_01_beskuren_sqare-500x500.jpg","type":"","width":"","height":""}],"twitter_card":"summary_large_image","twitter_misc":{"\u041f\u0440\u0438\u0431\u043b. \u0447\u0430\u0441 \u0447\u0438\u0442\u0430\u043d\u043d\u044f":"3 \u0445\u0432\u0438\u043b\u0438\u043d\u0438"},"schema":{"@context":"https:\/\/schema.org","@graph":[{"@type":"WebPage","@id":"https:\/\/svenskamedbaby.se\/anna-sarkadi-fullstandig-text-2\/","url":"https:\/\/svenskamedbaby.se\/anna-sarkadi-fullstandig-text-2\/","name":"Det \u00e4r vi pappor, fullst\u00e4ndig text - Svenska med baby","isPartOf":{"@id":"https:\/\/svenskamedbaby.se\/#website"},"primaryImageOfPage":{"@id":"https:\/\/svenskamedbaby.se\/anna-sarkadi-fullstandig-text-2\/#primaryimage"},"image":{"@id":"https:\/\/svenskamedbaby.se\/anna-sarkadi-fullstandig-text-2\/#primaryimage"},"thumbnailUrl":"https:\/\/svenskamedbaby.se\/wp-content\/uploads\/2024\/11\/Nils-och-Josef_01_beskuren_sqare-500x500.jpg","datePublished":"2024-11-18T11:14:21+00:00","dateModified":"2024-11-18T11:31:19+00:00","breadcrumb":{"@id":"https:\/\/svenskamedbaby.se\/anna-sarkadi-fullstandig-text-2\/#breadcrumb"},"inLanguage":"uk","potentialAction":[{"@type":"ReadAction","target":["https:\/\/svenskamedbaby.se\/anna-sarkadi-fullstandig-text-2\/"]}]},{"@type":"ImageObject","inLanguage":"uk","@id":"https:\/\/svenskamedbaby.se\/anna-sarkadi-fullstandig-text-2\/#primaryimage","url":"https:\/\/svenskamedbaby.se\/wp-content\/uploads\/2024\/11\/Nils-och-Josef_01_beskuren_sqare-500x500.jpg","contentUrl":"https:\/\/svenskamedbaby.se\/wp-content\/uploads\/2024\/11\/Nils-och-Josef_01_beskuren_sqare-500x500.jpg"},{"@type":"BreadcrumbList","@id":"https:\/\/svenskamedbaby.se\/anna-sarkadi-fullstandig-text-2\/#breadcrumb","itemListElement":[{"@type":"ListItem","position":1,"name":"Home","item":"https:\/\/svenskamedbaby.se\/"},{"@type":"ListItem","position":2,"name":"Det \u00e4r vi pappor, fullst\u00e4ndig text"}]},{"@type":"WebSite","@id":"https:\/\/svenskamedbaby.se\/#website","url":"https:\/\/svenskamedbaby.se\/","name":"Svenska med baby","description":"\u0417\u0443\u0441\u0442\u0440\u0456\u0447\u0456 \u0434\u043b\u044f \u0434\u0456\u0442\u0435\u0439 \u043c\u043e\u043b\u043e\u0434\u0448\u043e\u0433\u043e \u0432\u0456\u043a\u0443 \u0442\u0430 \u0434\u043e\u0440\u043e\u0441\u043b\u0438\u0445 \u0437 \u0440\u0456\u0437\u043d\u0438\u043c \u0434\u043e\u0441\u0432\u0456\u0434\u043e\u043c","publisher":{"@id":"https:\/\/svenskamedbaby.se\/#organization"},"potentialAction":[{"@type":"SearchAction","target":{"@type":"EntryPoint","urlTemplate":"https:\/\/svenskamedbaby.se\/?s={search_term_string}"},"query-input":{"@type":"PropertyValueSpecification","valueRequired":true,"valueName":"search_term_string"}}],"inLanguage":"uk"},{"@type":"Organization","@id":"https:\/\/svenskamedbaby.se\/#organization","name":"Svenska med baby","url":"https:\/\/svenskamedbaby.se\/","logo":{"@type":"ImageObject","inLanguage":"uk","@id":"https:\/\/svenskamedbaby.se\/#\/schema\/logo\/image\/","url":"https:\/\/svenskamedbaby.se\/wp-content\/uploads\/2024\/01\/cropped-logo-liggande_orange.png","contentUrl":"https:\/\/svenskamedbaby.se\/wp-content\/uploads\/2024\/01\/cropped-logo-liggande_orange.png","width":3101,"height":1056,"caption":"Svenska med baby"},"image":{"@id":"https:\/\/svenskamedbaby.se\/#\/schema\/logo\/image\/"},"sameAs":["https:\/\/www.facebook.com\/svenskamedbaby","https:\/\/www.instagram.com\/svenskamedbaby\/","https:\/\/www.youtube.com\/@svenskamedbaby2469"]}]}},"_links":{"self":[{"href":"https:\/\/svenskamedbaby.se\/uk\/wp-json\/wp\/v2\/pages\/2351","targetHints":{"allow":["GET"]}}],"collection":[{"href":"https:\/\/svenskamedbaby.se\/uk\/wp-json\/wp\/v2\/pages"}],"about":[{"href":"https:\/\/svenskamedbaby.se\/uk\/wp-json\/wp\/v2\/types\/page"}],"author":[{"embeddable":true,"href":"https:\/\/svenskamedbaby.se\/uk\/wp-json\/wp\/v2\/users\/4"}],"replies":[{"embeddable":true,"href":"https:\/\/svenskamedbaby.se\/uk\/wp-json\/wp\/v2\/comments?post=2351"}],"version-history":[{"count":0,"href":"https:\/\/svenskamedbaby.se\/uk\/wp-json\/wp\/v2\/pages\/2351\/revisions"}],"wp:attachment":[{"href":"https:\/\/svenskamedbaby.se\/uk\/wp-json\/wp\/v2\/media?parent=2351"}],"curies":[{"name":"wp","href":"https:\/\/api.w.org\/{rel}","templated":true}]}}