{"id":2425,"date":"2024-12-02T13:25:54","date_gmt":"2024-12-02T13:25:54","guid":{"rendered":"https:\/\/svenskamedbaby.se\/?page_id=2425"},"modified":"2024-12-09T14:37:04","modified_gmt":"2024-12-09T14:37:04","slug":"allt-handlar-om-framtiden-for-barnen","status":"publish","type":"page","link":"https:\/\/svenskamedbaby.se\/uk\/allt-handlar-om-framtiden-for-barnen\/","title":{"rendered":"&#8221;J\u00e4mst\u00e4lldhetspriset&#8221;"},"content":{"rendered":"\t\t<div data-elementor-type=\"wp-page\" data-elementor-id=\"2425\" class=\"elementor elementor-2425\" data-elementor-post-type=\"page\">\n\t\t\t\t<div class=\"elementor-element elementor-element-3aba0b65 e-flex e-con-boxed e-con e-parent\" data-id=\"3aba0b65\" data-element_type=\"container\" data-e-type=\"container\" data-settings=\"{&quot;background_background&quot;:&quot;classic&quot;}\">\n\t\t\t\t\t<div class=\"e-con-inner\">\n\t\t<div class=\"elementor-element elementor-element-3d51e702 e-con-full animated-slow e-flex elementor-invisible e-con e-child\" data-id=\"3d51e702\" data-element_type=\"container\" data-e-type=\"container\" data-settings=\"{&quot;animation&quot;:&quot;fadeIn&quot;,&quot;animation_delay&quot;:100,&quot;animation_mobile&quot;:&quot;none&quot;}\">\n\t\t\t\t<div class=\"elementor-element elementor-element-29a3fe65 elementor-widget elementor-widget-heading\" data-id=\"29a3fe65\" data-element_type=\"widget\" data-e-type=\"widget\" data-widget_type=\"heading.default\">\n\t\t\t\t<div class=\"elementor-widget-container\">\n\t\t\t\t\t<h2 class=\"elementor-heading-title elementor-size-default\">Reportage<\/h2>\t\t\t\t<\/div>\n\t\t\t\t<\/div>\n\t\t\t\t<div class=\"elementor-element elementor-element-3fa1f0f elementor-view-default elementor-widget elementor-widget-icon\" data-id=\"3fa1f0f\" data-element_type=\"widget\" data-e-type=\"widget\" data-widget_type=\"icon.default\">\n\t\t\t\t<div class=\"elementor-widget-container\">\n\t\t\t\t\t\t\t<div class=\"elementor-icon-wrapper\">\n\t\t\t<div class=\"elementor-icon\">\n\t\t\t<svg aria-hidden=\"true\" class=\"e-font-icon-svg e-fas-quote-left\" viewBox=\"0 0 512 512\" xmlns=\"http:\/\/www.w3.org\/2000\/svg\"><path d=\"M464 256h-80v-64c0-35.3 28.7-64 64-64h8c13.3 0 24-10.7 24-24V56c0-13.3-10.7-24-24-24h-8c-88.4 0-160 71.6-160 160v240c0 26.5 21.5 48 48 48h128c26.5 0 48-21.5 48-48V304c0-26.5-21.5-48-48-48zm-288 0H96v-64c0-35.3 28.7-64 64-64h8c13.3 0 24-10.7 24-24V56c0-13.3-10.7-24-24-24h-8C71.6 32 0 103.6 0 192v240c0 26.5 21.5 48 48 48h128c26.5 0 48-21.5 48-48V304c0-26.5-21.5-48-48-48z\"><\/path><\/svg>\t\t\t<\/div>\n\t\t<\/div>\n\t\t\t\t\t\t<\/div>\n\t\t\t\t<\/div>\n\t\t\t\t<div class=\"elementor-element elementor-element-71f657d1 elementor-widget elementor-widget-heading\" data-id=\"71f657d1\" data-element_type=\"widget\" data-e-type=\"widget\" data-widget_type=\"heading.default\">\n\t\t\t\t<div class=\"elementor-widget-container\">\n\t\t\t\t\t<h2 class=\"elementor-heading-title elementor-size-default\">Vi \u00e4r en av tre finalister till det svenska j\u00e4mst\u00e4lldhetspriset 2025!<\/h2>\t\t\t\t<\/div>\n\t\t\t\t<\/div>\n\t\t\t\t<div class=\"elementor-element elementor-element-658b7be2 elementor-widget-divider--view-line elementor-widget elementor-widget-divider\" data-id=\"658b7be2\" data-element_type=\"widget\" data-e-type=\"widget\" data-widget_type=\"divider.default\">\n\t\t\t\t<div class=\"elementor-widget-container\">\n\t\t\t\t\t\t\t<div class=\"elementor-divider\">\n\t\t\t<span class=\"elementor-divider-separator\">\n\t\t\t\t\t\t<\/span>\n\t\t<\/div>\n\t\t\t\t\t\t<\/div>\n\t\t\t\t<\/div>\n\t\t\t\t<div class=\"elementor-element elementor-element-4d04b41a elementor-widget elementor-widget-text-editor\" data-id=\"4d04b41a\" data-element_type=\"widget\" data-e-type=\"widget\" data-widget_type=\"text-editor.default\">\n\t\t\t\t<div class=\"elementor-widget-container\">\n\t\t\t\t\t\t\t\t\t<p><strong>Forum J\u00e4mst\u00e4lldhet, Sveriges viktigaste m\u00f6tesplats f\u00f6r alla som arbetar f\u00f6r ett j\u00e4mst\u00e4llt samh\u00e4lle, st\u00e5r bakom priset. Den 5 februari utses vinnaren, och vi \u00e4r stolta \u00f6ver att lyfta fram sm\u00e5barnspappors betydelse f\u00f6r \u00f6kad j\u00e4mst\u00e4lldhet i Sverige.<\/strong><\/p><p><span style=\"font-weight: 400;\">&#8221;F\u00f6r\u00e4ldraskapet \u00e4r en unik m\u00f6jlighet f\u00f6r f\u00f6r\u00e4ndring, s\u00e4rskilt f\u00f6r nyblivna pappor. Alla vet hur viktiga pappor \u00e4r f\u00f6r sina barn och hur mycket f\u00f6r\u00e4ldraskapet kan betyda f\u00f6r papporna sj\u00e4lva. Men omsorgen om sm\u00e5 barn domineras av kvinnor, och pappor \u2013 s\u00e4rskilt de som \u00e4r nya i Sverige \u2013 \u00e4r kraftigt underrepresenterade i alla sammanhang kring f\u00f6r\u00e4ldraskap,&#8221; s\u00e4ger Emelia Frennmark, generalsekreterare p\u00e5 Svenska med baby.<br \/><\/span><span style=\"font-weight: 400;\"><br \/><span style=\"font-family: var(--global-body-font-family);\">&#8221;Pappatr\u00e4ffarna ger pappor, s\u00e4rskilt de som \u00e4r nya i Sverige, en chans att st\u00e4rkas som n\u00e4rvarande f\u00f6r\u00e4ldrar och j\u00e4mst\u00e4llda partners. H\u00e4r m\u00f6ts sm\u00e5 barn och deras pappor fr\u00e5n olika bakgrunder f\u00f6r samtal, lek, s\u00e5ng och socialt umg\u00e4nge. Gruppen lyfter fram och normaliserar den omsorgsfulla pappan. Den tidiga kontakten l\u00e4gger grunden f\u00f6r barnets utveckling och relationer genom hela livet. K\u00e4rleksfulla pappor inspirerar ocks\u00e5 andra pappor,&#8221; s\u00e4ger Emelia.<\/span><\/span><\/p><p><span style=\"font-weight: 400;\">Genom v\u00e5ra pappatr\u00e4ffar har vi skapat en plats d\u00e4r pappor f\u00e5r v\u00e4xa i sitt f\u00f6r\u00e4ldraskap och utmana traditionella roller. P\u00e5 tr\u00e4ffarna m\u00f6jligg\u00f6rs nya sociala kontakter d\u00e4r pappor som \u00e4r nya i Sverige l\u00e4r k\u00e4nna pappor som \u00e4r f\u00f6dda eller har bott i Sverige l\u00e4nge. Sedan starten 2021 har \u00f6ver tusen pappor med bakgrund fr\u00e5n 75 olika l\u00e4nder deltagit p\u00e5 v\u00e5ra pappatr\u00e4ffar tillsammans med sina sm\u00e5 barn. F\u00f6r m\u00e5nga har tr\u00e4ffarna varit ett viktigt st\u00f6d, b\u00e5de i deras roll som f\u00f6r\u00e4ldrar och som en v\u00e4g in i det svenska samh\u00e4llet.<\/span><\/p><p><span style=\"font-weight: 400;\">&#8221;M\u00f6jligheten att tr\u00e4ffa andra pappor och prata om funderingar, utmaningar och gl\u00e4dje\u00e4mnen \u00e4r ov\u00e4rderlig,&#8221; s\u00e4ger Sayed Mohammad Jalil, samordnare f\u00f6r pappaverksamheten. Sj\u00e4lv kom han till Sverige fr\u00e5n Afghanistan och beskriver hur jobbet att skapa s\u00e4rskilda m\u00f6tesplatser f\u00f6r pappor och deras sm\u00e5 barn k\u00e4ndes som skapat f\u00f6r honom. &#8221;H\u00e4r f\u00e5r jag ge det jag sj\u00e4lv hade velat ha n\u00e4r jag kom till Sverige,&#8221; f\u00f6rklarar han. &#8221;Vi ger st\u00f6d och r\u00e5d om allt det praktiska som man undrar \u00f6ver.&#8221;<\/span><\/p><p><span style=\"font-weight: 400;\">Han ser ocks\u00e5 de utmaningar m\u00e5nga nyanl\u00e4nda pappor m\u00f6ter. Os\u00e4kerhet kring uppeh\u00e5llstillst\u00e5nd, boende och ekonomi kan g\u00f6ra att f\u00f6r\u00e4ldraskapet k\u00e4nns \u00f6verm\u00e4ktigt. Genom tr\u00e4ffarna f\u00e5r papporna verktyg f\u00f6r att hantera vardagen och skapa starkare relationer till sina barn.<\/span><\/p><p><span style=\"font-weight: 400;\">James, pappaambassad\u00f6r hos Svenska med baby, \u00e4r f\u00f6dd i Sydsudan men tillbringade stora delar av sitt liv i flyktingl\u00e4ger i Uganda. Hans egna erfarenheter av en fr\u00e5nvarande far har pr\u00e4glat honom djupt. &#8221;Det \u00e4r viktigt att vi jobbar tillsammans f\u00f6r att bygga en familj d\u00e4r alla kan v\u00e4xa och d\u00e4r det finns k\u00e4rlek. Mamma och pappa \u00e4r b\u00e5da ansvariga f\u00f6r barnens liv,&#8221; s\u00e4ger han. F\u00f6r James handlar f\u00f6r\u00e4ldraskap om att vara en n\u00e4rvarande och aktiv del av sina barns vardag.<\/span><\/p><p><span style=\"font-weight: 400;\">Nori Muhammadullah, som kom som ensamkommande fr\u00e5n Afghanistan, h\u00e5ller med. &#8221;N\u00e4r v\u00e5r dotter f\u00f6ddes var jag b\u00e5de r\u00e4dd och of\u00f6rberedd. Jag fick panik \u00f6ver hur allt skulle g\u00e5. I Afghanistan har man hela familjen runt sig, men i Sverige \u00e4r man ofta ensam som f\u00f6r\u00e4lder.&#8221;<\/span><\/p><p><span style=\"font-family: var(--global-body-font-family);\">Genom pappatr\u00e4ffarna fick Nori b\u00e5de kunskap och trygghet. &#8221;Det \u00e4r n\u00e5got helt annat att tr\u00e4ffas p\u00e5 plats och dela erfarenheter \u00e4n att bara l\u00e4sa p\u00e5 n\u00e4tet,&#8221; s\u00e4ger han. Nu \u00e4r han sj\u00e4lv pappaambassad\u00f6r och tycker om att inspirera andra. &#8221;Jag hoppas att fler pappor l\u00e4r sig att lyssna p\u00e5 sina barn, att de blir b\u00e4ttre f\u00f6rberedda p\u00e5 livets utmaningar \u2013 och att de har roligt tillsammans med sina barn!&#8221;<\/span><\/p><p><span style=\"font-family: var(--global-body-font-family);\">N\u00e4r pappor v\u00e5gar bryta normer och ta en aktiv roll i sina barns liv skapas b\u00e4ttre f\u00f6ruts\u00e4ttningar f\u00f6r b\u00e5de barnens framtid och f\u00f6r j\u00e4mst\u00e4lldhet i samh\u00e4llet.<\/span><\/p>\t\t\t\t\t\t\t\t<\/div>\n\t\t\t\t<\/div>\n\t\t\t\t<div class=\"elementor-element elementor-element-4169ead7 elementor-align-left elementor-widget elementor-widget-button\" data-id=\"4169ead7\" data-element_type=\"widget\" data-e-type=\"widget\" data-widget_type=\"button.default\">\n\t\t\t\t<div class=\"elementor-widget-container\">\n\t\t\t\t\t\t\t\t\t<div class=\"elementor-button-wrapper\">\n\t\t\t\t\t<a class=\"elementor-button elementor-button-link elementor-size-sm\" href=\"https:\/\/svenskamedbaby.se\/uk\/reportage\/\">\n\t\t\t\t\t\t<span class=\"elementor-button-content-wrapper\">\n\t\t\t\t\t\t\t\t\t<span class=\"elementor-button-text\">L\u00e4s fler reportage<\/span>\n\t\t\t\t\t<\/span>\n\t\t\t\t\t<\/a>\n\t\t\t\t<\/div>\n\t\t\t\t\t\t\t\t<\/div>\n\t\t\t\t<\/div>\n\t\t\t\t<\/div>\n\t\t<div class=\"elementor-element elementor-element-4aeb1c9f e-con-full elementor-hidden-mobile e-flex elementor-invisible e-con e-child\" data-id=\"4aeb1c9f\" data-element_type=\"container\" data-e-type=\"container\" data-settings=\"{&quot;animation&quot;:&quot;slideInUp&quot;}\">\n\t\t\t\t<div class=\"elementor-element elementor-element-17ce6dce elementor-widget elementor-widget-image\" data-id=\"17ce6dce\" data-element_type=\"widget\" data-e-type=\"widget\" data-settings=\"{&quot;motion_fx_motion_fx_scrolling&quot;:&quot;yes&quot;,&quot;motion_fx_translateY_effect&quot;:&quot;yes&quot;,&quot;motion_fx_translateY_speed&quot;:{&quot;unit&quot;:&quot;px&quot;,&quot;size&quot;:1.8,&quot;sizes&quot;:[]},&quot;motion_fx_translateY_affectedRange&quot;:{&quot;unit&quot;:&quot;%&quot;,&quot;size&quot;:&quot;&quot;,&quot;sizes&quot;:{&quot;start&quot;:0,&quot;end&quot;:100}},&quot;motion_fx_devices&quot;:[&quot;desktop&quot;,&quot;tablet&quot;,&quot;mobile&quot;]}\" data-widget_type=\"image.default\">\n\t\t\t\t<div class=\"elementor-widget-container\">\n\t\t\t\t\t\t\t\t\t\t\t\t\t\t\t<img fetchpriority=\"high\" decoding=\"async\" width=\"500\" height=\"500\" src=\"https:\/\/svenskamedbaby.se\/wp-content\/uploads\/2024\/12\/Jamstalldhet-500x500.jpg\" class=\"attachment-thumbrelated size-thumbrelated wp-image-2424\" alt=\"\" srcset=\"https:\/\/svenskamedbaby.se\/wp-content\/uploads\/2024\/12\/Jamstalldhet-500x500.jpg 500w, https:\/\/svenskamedbaby.se\/wp-content\/uploads\/2024\/12\/Jamstalldhet-300x300.jpg 300w, https:\/\/svenskamedbaby.se\/wp-content\/uploads\/2024\/12\/Jamstalldhet-1024x1024.jpg 1024w, https:\/\/svenskamedbaby.se\/wp-content\/uploads\/2024\/12\/Jamstalldhet-150x150.jpg 150w, https:\/\/svenskamedbaby.se\/wp-content\/uploads\/2024\/12\/Jamstalldhet-768x768.jpg 768w, https:\/\/svenskamedbaby.se\/wp-content\/uploads\/2024\/12\/Jamstalldhet-1536x1536.jpg 1536w, https:\/\/svenskamedbaby.se\/wp-content\/uploads\/2024\/12\/Jamstalldhet-2048x2048.jpg 2048w, https:\/\/svenskamedbaby.se\/wp-content\/uploads\/2024\/12\/Jamstalldhet-12x12.jpg 12w\" sizes=\"(max-width: 500px) 100vw, 500px\" \/>\t\t\t\t\t\t\t\t\t\t\t\t\t\t\t<\/div>\n\t\t\t\t<\/div>\n\t\t\t\t<\/div>\n\t\t\t\t\t<\/div>\n\t\t\t\t<\/div>\n\t\t\t\t<\/div>\n\t\t","protected":false},"excerpt":{"rendered":"<p>Reportage Vi \u00e4r en av tre finalister till det svenska j\u00e4mst\u00e4lldhetspriset 2025! Forum J\u00e4mst\u00e4lldhet, Sveriges viktigaste m\u00f6tesplats f\u00f6r alla som arbetar f\u00f6r ett j\u00e4mst\u00e4llt samh\u00e4lle, st\u00e5r bakom priset. Den 5 februari utses vinnaren, och vi \u00e4r stolta \u00f6ver att lyfta fram sm\u00e5barnspappors betydelse f\u00f6r \u00f6kad j\u00e4mst\u00e4lldhet i Sverige. &#8221;F\u00f6r\u00e4ldraskapet \u00e4r en unik m\u00f6jlighet f\u00f6r f\u00f6r\u00e4ndring,&#8230;<\/p>","protected":false},"author":4,"featured_media":2438,"parent":0,"menu_order":0,"comment_status":"closed","ping_status":"closed","template":"","meta":{"_kad_post_transparent":"","_kad_post_title":"hide","_kad_post_layout":"fullwidth","_kad_post_sidebar_id":"","_kad_post_content_style":"unboxed","_kad_post_vertical_padding":"hide","_kad_post_feature":"hide","_kad_post_feature_position":"","_kad_post_header":false,"_kad_post_footer":false,"footnotes":""},"class_list":["post-2425","page","type-page","status-publish","has-post-thumbnail","hentry"],"yoast_head":"<!-- This site is optimized with the Yoast SEO plugin v27.4 - https:\/\/yoast.com\/product\/yoast-seo-wordpress\/ -->\n<title>&quot;J\u00e4mst\u00e4lldhetspriset&quot;<\/title>\n<meta name=\"description\" content=\"Svenska med baby &quot;J\u00e4mst\u00e4lldhetspriset&quot;\" \/>\n<meta name=\"robots\" content=\"index, follow, max-snippet:-1, max-image-preview:large, max-video-preview:-1\" \/>\n<link rel=\"canonical\" href=\"https:\/\/svenskamedbaby.se\/uk\/allt-handlar-om-framtiden-for-barnen\/\" \/>\n<meta property=\"og:locale\" content=\"uk_UA\" \/>\n<meta property=\"og:type\" content=\"article\" \/>\n<meta property=\"og:title\" content=\"&quot;J\u00e4mst\u00e4lldhetspriset&quot;\" \/>\n<meta property=\"og:description\" content=\"Svenska med baby &quot;J\u00e4mst\u00e4lldhetspriset&quot;\" \/>\n<meta property=\"og:url\" content=\"https:\/\/svenskamedbaby.se\/uk\/allt-handlar-om-framtiden-for-barnen\/\" \/>\n<meta property=\"og:site_name\" content=\"Svenska med baby\" \/>\n<meta property=\"article:publisher\" content=\"https:\/\/www.facebook.com\/svenskamedbaby\" \/>\n<meta property=\"article:modified_time\" content=\"2024-12-09T14:37:04+00:00\" \/>\n<meta property=\"og:image\" content=\"https:\/\/svenskamedbaby.se\/wp-content\/uploads\/2024\/12\/Jamstalldhet_02-scaled.jpg\" \/>\n\t<meta property=\"og:image:width\" content=\"2560\" \/>\n\t<meta property=\"og:image:height\" content=\"1447\" \/>\n\t<meta property=\"og:image:type\" content=\"image\/jpeg\" \/>\n<meta name=\"twitter:card\" content=\"summary_large_image\" \/>\n<meta name=\"twitter:label1\" content=\"\u041f\u0440\u0438\u0431\u043b. \u0447\u0430\u0441 \u0447\u0438\u0442\u0430\u043d\u043d\u044f\" \/>\n\t<meta name=\"twitter:data1\" content=\"4 \u0445\u0432\u0438\u043b\u0438\u043d\u0438\" \/>\n<script type=\"application\/ld+json\" class=\"yoast-schema-graph\">{\"@context\":\"https:\\\/\\\/schema.org\",\"@graph\":[{\"@type\":\"WebPage\",\"@id\":\"https:\\\/\\\/svenskamedbaby.se\\\/allt-handlar-om-framtiden-for-barnen\\\/\",\"url\":\"https:\\\/\\\/svenskamedbaby.se\\\/allt-handlar-om-framtiden-for-barnen\\\/\",\"name\":\"\\\"J\u00e4mst\u00e4lldhetspriset\\\"\",\"isPartOf\":{\"@id\":\"https:\\\/\\\/svenskamedbaby.se\\\/#website\"},\"primaryImageOfPage\":{\"@id\":\"https:\\\/\\\/svenskamedbaby.se\\\/allt-handlar-om-framtiden-for-barnen\\\/#primaryimage\"},\"image\":{\"@id\":\"https:\\\/\\\/svenskamedbaby.se\\\/allt-handlar-om-framtiden-for-barnen\\\/#primaryimage\"},\"thumbnailUrl\":\"https:\\\/\\\/svenskamedbaby.se\\\/wp-content\\\/uploads\\\/2024\\\/12\\\/Jamstalldhet_02-scaled.jpg\",\"datePublished\":\"2024-12-02T13:25:54+00:00\",\"dateModified\":\"2024-12-09T14:37:04+00:00\",\"description\":\"Svenska med baby \\\"J\u00e4mst\u00e4lldhetspriset\\\"\",\"breadcrumb\":{\"@id\":\"https:\\\/\\\/svenskamedbaby.se\\\/allt-handlar-om-framtiden-for-barnen\\\/#breadcrumb\"},\"inLanguage\":\"uk\",\"potentialAction\":[{\"@type\":\"ReadAction\",\"target\":[\"https:\\\/\\\/svenskamedbaby.se\\\/allt-handlar-om-framtiden-for-barnen\\\/\"]}]},{\"@type\":\"ImageObject\",\"inLanguage\":\"uk\",\"@id\":\"https:\\\/\\\/svenskamedbaby.se\\\/allt-handlar-om-framtiden-for-barnen\\\/#primaryimage\",\"url\":\"https:\\\/\\\/svenskamedbaby.se\\\/wp-content\\\/uploads\\\/2024\\\/12\\\/Jamstalldhet_02-scaled.jpg\",\"contentUrl\":\"https:\\\/\\\/svenskamedbaby.se\\\/wp-content\\\/uploads\\\/2024\\\/12\\\/Jamstalldhet_02-scaled.jpg\",\"width\":2560,\"height\":1447},{\"@type\":\"BreadcrumbList\",\"@id\":\"https:\\\/\\\/svenskamedbaby.se\\\/allt-handlar-om-framtiden-for-barnen\\\/#breadcrumb\",\"itemListElement\":[{\"@type\":\"ListItem\",\"position\":1,\"name\":\"Home\",\"item\":\"https:\\\/\\\/svenskamedbaby.se\\\/\"},{\"@type\":\"ListItem\",\"position\":2,\"name\":\"&#8221;J\u00e4mst\u00e4lldhetspriset&#8221;\"}]},{\"@type\":\"WebSite\",\"@id\":\"https:\\\/\\\/svenskamedbaby.se\\\/#website\",\"url\":\"https:\\\/\\\/svenskamedbaby.se\\\/\",\"name\":\"Svenska med baby\",\"description\":\"Tr\u00e4ffar f\u00f6r sm\u00e5barn och vuxna med olika bakrund\",\"publisher\":{\"@id\":\"https:\\\/\\\/svenskamedbaby.se\\\/#organization\"},\"potentialAction\":[{\"@type\":\"SearchAction\",\"target\":{\"@type\":\"EntryPoint\",\"urlTemplate\":\"https:\\\/\\\/svenskamedbaby.se\\\/?s={search_term_string}\"},\"query-input\":{\"@type\":\"PropertyValueSpecification\",\"valueRequired\":true,\"valueName\":\"search_term_string\"}}],\"inLanguage\":\"uk\"},{\"@type\":\"Organization\",\"@id\":\"https:\\\/\\\/svenskamedbaby.se\\\/#organization\",\"name\":\"Svenska med baby\",\"url\":\"https:\\\/\\\/svenskamedbaby.se\\\/\",\"logo\":{\"@type\":\"ImageObject\",\"inLanguage\":\"uk\",\"@id\":\"https:\\\/\\\/svenskamedbaby.se\\\/#\\\/schema\\\/logo\\\/image\\\/\",\"url\":\"https:\\\/\\\/svenskamedbaby.se\\\/wp-content\\\/uploads\\\/2024\\\/01\\\/cropped-logo-liggande_orange.png\",\"contentUrl\":\"https:\\\/\\\/svenskamedbaby.se\\\/wp-content\\\/uploads\\\/2024\\\/01\\\/cropped-logo-liggande_orange.png\",\"width\":3101,\"height\":1056,\"caption\":\"Svenska med baby\"},\"image\":{\"@id\":\"https:\\\/\\\/svenskamedbaby.se\\\/#\\\/schema\\\/logo\\\/image\\\/\"},\"sameAs\":[\"https:\\\/\\\/www.facebook.com\\\/svenskamedbaby\",\"https:\\\/\\\/www.instagram.com\\\/svenskamedbaby\\\/\",\"https:\\\/\\\/www.youtube.com\\\/@svenskamedbaby2469\"]}]}<\/script>\n<!-- \/ Yoast SEO plugin. -->","yoast_head_json":{"title":"\"J\\u00e4mst\\u00e4lldhetspriset\"","description":"Svenska med baby \"J\u00e4mst\u00e4lldhetspriset\"","robots":{"index":"index","follow":"follow","max-snippet":"max-snippet:-1","max-image-preview":"max-image-preview:large","max-video-preview":"max-video-preview:-1"},"canonical":"https:\/\/svenskamedbaby.se\/uk\/allt-handlar-om-framtiden-for-barnen\/","og_locale":"uk_UA","og_type":"article","og_title":"\"J\u00e4mst\u00e4lldhetspriset\"","og_description":"Svenska med baby \"J\u00e4mst\u00e4lldhetspriset\"","og_url":"https:\/\/svenskamedbaby.se\/uk\/allt-handlar-om-framtiden-for-barnen\/","og_site_name":"Svenska med baby","article_publisher":"https:\/\/www.facebook.com\/svenskamedbaby","article_modified_time":"2024-12-09T14:37:04+00:00","og_image":[{"width":2560,"height":1447,"url":"https:\/\/svenskamedbaby.se\/wp-content\/uploads\/2024\/12\/Jamstalldhet_02-scaled.jpg","type":"image\/jpeg"}],"twitter_card":"summary_large_image","twitter_misc":{"\u041f\u0440\u0438\u0431\u043b. \u0447\u0430\u0441 \u0447\u0438\u0442\u0430\u043d\u043d\u044f":"4 \u0445\u0432\u0438\u043b\u0438\u043d\u0438"},"schema":{"@context":"https:\/\/schema.org","@graph":[{"@type":"WebPage","@id":"https:\/\/svenskamedbaby.se\/allt-handlar-om-framtiden-for-barnen\/","url":"https:\/\/svenskamedbaby.se\/allt-handlar-om-framtiden-for-barnen\/","name":"\"J\\u00e4mst\\u00e4lldhetspriset\"","isPartOf":{"@id":"https:\/\/svenskamedbaby.se\/#website"},"primaryImageOfPage":{"@id":"https:\/\/svenskamedbaby.se\/allt-handlar-om-framtiden-for-barnen\/#primaryimage"},"image":{"@id":"https:\/\/svenskamedbaby.se\/allt-handlar-om-framtiden-for-barnen\/#primaryimage"},"thumbnailUrl":"https:\/\/svenskamedbaby.se\/wp-content\/uploads\/2024\/12\/Jamstalldhet_02-scaled.jpg","datePublished":"2024-12-02T13:25:54+00:00","dateModified":"2024-12-09T14:37:04+00:00","description":"Svenska med baby \"J\u00e4mst\u00e4lldhetspriset\"","breadcrumb":{"@id":"https:\/\/svenskamedbaby.se\/allt-handlar-om-framtiden-for-barnen\/#breadcrumb"},"inLanguage":"uk","potentialAction":[{"@type":"ReadAction","target":["https:\/\/svenskamedbaby.se\/allt-handlar-om-framtiden-for-barnen\/"]}]},{"@type":"ImageObject","inLanguage":"uk","@id":"https:\/\/svenskamedbaby.se\/allt-handlar-om-framtiden-for-barnen\/#primaryimage","url":"https:\/\/svenskamedbaby.se\/wp-content\/uploads\/2024\/12\/Jamstalldhet_02-scaled.jpg","contentUrl":"https:\/\/svenskamedbaby.se\/wp-content\/uploads\/2024\/12\/Jamstalldhet_02-scaled.jpg","width":2560,"height":1447},{"@type":"BreadcrumbList","@id":"https:\/\/svenskamedbaby.se\/allt-handlar-om-framtiden-for-barnen\/#breadcrumb","itemListElement":[{"@type":"ListItem","position":1,"name":"Home","item":"https:\/\/svenskamedbaby.se\/"},{"@type":"ListItem","position":2,"name":"&#8221;J\u00e4mst\u00e4lldhetspriset&#8221;"}]},{"@type":"WebSite","@id":"https:\/\/svenskamedbaby.se\/#website","url":"https:\/\/svenskamedbaby.se\/","name":"Svenska med baby","description":"\u0417\u0443\u0441\u0442\u0440\u0456\u0447\u0456 \u0434\u043b\u044f \u0434\u0456\u0442\u0435\u0439 \u043c\u043e\u043b\u043e\u0434\u0448\u043e\u0433\u043e \u0432\u0456\u043a\u0443 \u0442\u0430 \u0434\u043e\u0440\u043e\u0441\u043b\u0438\u0445 \u0437 \u0440\u0456\u0437\u043d\u0438\u043c \u0434\u043e\u0441\u0432\u0456\u0434\u043e\u043c","publisher":{"@id":"https:\/\/svenskamedbaby.se\/#organization"},"potentialAction":[{"@type":"SearchAction","target":{"@type":"EntryPoint","urlTemplate":"https:\/\/svenskamedbaby.se\/?s={search_term_string}"},"query-input":{"@type":"PropertyValueSpecification","valueRequired":true,"valueName":"search_term_string"}}],"inLanguage":"uk"},{"@type":"Organization","@id":"https:\/\/svenskamedbaby.se\/#organization","name":"Svenska med baby","url":"https:\/\/svenskamedbaby.se\/","logo":{"@type":"ImageObject","inLanguage":"uk","@id":"https:\/\/svenskamedbaby.se\/#\/schema\/logo\/image\/","url":"https:\/\/svenskamedbaby.se\/wp-content\/uploads\/2024\/01\/cropped-logo-liggande_orange.png","contentUrl":"https:\/\/svenskamedbaby.se\/wp-content\/uploads\/2024\/01\/cropped-logo-liggande_orange.png","width":3101,"height":1056,"caption":"Svenska med baby"},"image":{"@id":"https:\/\/svenskamedbaby.se\/#\/schema\/logo\/image\/"},"sameAs":["https:\/\/www.facebook.com\/svenskamedbaby","https:\/\/www.instagram.com\/svenskamedbaby\/","https:\/\/www.youtube.com\/@svenskamedbaby2469"]}]}},"_links":{"self":[{"href":"https:\/\/svenskamedbaby.se\/uk\/wp-json\/wp\/v2\/pages\/2425","targetHints":{"allow":["GET"]}}],"collection":[{"href":"https:\/\/svenskamedbaby.se\/uk\/wp-json\/wp\/v2\/pages"}],"about":[{"href":"https:\/\/svenskamedbaby.se\/uk\/wp-json\/wp\/v2\/types\/page"}],"author":[{"embeddable":true,"href":"https:\/\/svenskamedbaby.se\/uk\/wp-json\/wp\/v2\/users\/4"}],"replies":[{"embeddable":true,"href":"https:\/\/svenskamedbaby.se\/uk\/wp-json\/wp\/v2\/comments?post=2425"}],"version-history":[{"count":0,"href":"https:\/\/svenskamedbaby.se\/uk\/wp-json\/wp\/v2\/pages\/2425\/revisions"}],"wp:featuredmedia":[{"embeddable":true,"href":"https:\/\/svenskamedbaby.se\/uk\/wp-json\/wp\/v2\/media\/2438"}],"wp:attachment":[{"href":"https:\/\/svenskamedbaby.se\/uk\/wp-json\/wp\/v2\/media?parent=2425"}],"curies":[{"name":"wp","href":"https:\/\/api.w.org\/{rel}","templated":true}]}}