{"id":2427,"date":"2024-12-02T13:53:42","date_gmt":"2024-12-02T13:53:42","guid":{"rendered":"https:\/\/svenskamedbaby.se\/?page_id=2427"},"modified":"2024-12-05T16:03:21","modified_gmt":"2024-12-05T16:03:21","slug":"allt-handlar-om-framtiden-for-barnen-2","status":"publish","type":"page","link":"https:\/\/svenskamedbaby.se\/uk\/allt-handlar-om-framtiden-for-barnen-2\/","title":{"rendered":"&#8221;Olekandra Stepanenko&#8221;"},"content":{"rendered":"\t\t<div data-elementor-type=\"wp-page\" data-elementor-id=\"2427\" class=\"elementor elementor-2427\" data-elementor-post-type=\"page\">\n\t\t\t\t<div class=\"elementor-element elementor-element-3aba0b65 e-flex e-con-boxed e-con e-parent\" data-id=\"3aba0b65\" data-element_type=\"container\" data-e-type=\"container\" data-settings=\"{&quot;background_background&quot;:&quot;classic&quot;}\">\n\t\t\t\t\t<div class=\"e-con-inner\">\n\t\t<div class=\"elementor-element elementor-element-3d51e702 e-con-full animated-slow e-flex elementor-invisible e-con e-child\" data-id=\"3d51e702\" data-element_type=\"container\" data-e-type=\"container\" data-settings=\"{&quot;animation&quot;:&quot;fadeIn&quot;,&quot;animation_delay&quot;:100,&quot;animation_mobile&quot;:&quot;none&quot;}\">\n\t\t\t\t<div class=\"elementor-element elementor-element-29a3fe65 elementor-widget elementor-widget-heading\" data-id=\"29a3fe65\" data-element_type=\"widget\" data-e-type=\"widget\" data-widget_type=\"heading.default\">\n\t\t\t\t<div class=\"elementor-widget-container\">\n\t\t\t\t\t<h2 class=\"elementor-heading-title elementor-size-default\">Reportage<\/h2>\t\t\t\t<\/div>\n\t\t\t\t<\/div>\n\t\t\t\t<div class=\"elementor-element elementor-element-3fa1f0f elementor-view-default elementor-widget elementor-widget-icon\" data-id=\"3fa1f0f\" data-element_type=\"widget\" data-e-type=\"widget\" data-widget_type=\"icon.default\">\n\t\t\t\t<div class=\"elementor-widget-container\">\n\t\t\t\t\t\t\t<div class=\"elementor-icon-wrapper\">\n\t\t\t<div class=\"elementor-icon\">\n\t\t\t<svg aria-hidden=\"true\" class=\"e-font-icon-svg e-fas-quote-left\" viewBox=\"0 0 512 512\" xmlns=\"http:\/\/www.w3.org\/2000\/svg\"><path d=\"M464 256h-80v-64c0-35.3 28.7-64 64-64h8c13.3 0 24-10.7 24-24V56c0-13.3-10.7-24-24-24h-8c-88.4 0-160 71.6-160 160v240c0 26.5 21.5 48 48 48h128c26.5 0 48-21.5 48-48V304c0-26.5-21.5-48-48-48zm-288 0H96v-64c0-35.3 28.7-64 64-64h8c13.3 0 24-10.7 24-24V56c0-13.3-10.7-24-24-24h-8C71.6 32 0 103.6 0 192v240c0 26.5 21.5 48 48 48h128c26.5 0 48-21.5 48-48V304c0-26.5-21.5-48-48-48z\"><\/path><\/svg>\t\t\t<\/div>\n\t\t<\/div>\n\t\t\t\t\t\t<\/div>\n\t\t\t\t<\/div>\n\t\t\t\t<div class=\"elementor-element elementor-element-71f657d1 elementor-widget elementor-widget-heading\" data-id=\"71f657d1\" data-element_type=\"widget\" data-e-type=\"widget\" data-widget_type=\"heading.default\">\n\t\t\t\t<div class=\"elementor-widget-container\">\n\t\t\t\t\t<h2 class=\"elementor-heading-title elementor-size-default\">Jag vill ge min dotter trygghet och frihet\"\n<\/h2>\t\t\t\t<\/div>\n\t\t\t\t<\/div>\n\t\t\t\t<div class=\"elementor-element elementor-element-658b7be2 elementor-widget-divider--view-line elementor-widget elementor-widget-divider\" data-id=\"658b7be2\" data-element_type=\"widget\" data-e-type=\"widget\" data-widget_type=\"divider.default\">\n\t\t\t\t<div class=\"elementor-widget-container\">\n\t\t\t\t\t\t\t<div class=\"elementor-divider\">\n\t\t\t<span class=\"elementor-divider-separator\">\n\t\t\t\t\t\t<\/span>\n\t\t<\/div>\n\t\t\t\t\t\t<\/div>\n\t\t\t\t<\/div>\n\t\t\t\t<div class=\"elementor-element elementor-element-4d04b41a elementor-widget elementor-widget-text-editor\" data-id=\"4d04b41a\" data-element_type=\"widget\" data-e-type=\"widget\" data-widget_type=\"text-editor.default\">\n\t\t\t\t<div class=\"elementor-widget-container\">\n\t\t\t\t\t\t\t\t\t<p><strong>Efter tv\u00e5 \u00e5r i krigets Ukraina tog Olekandra Stepanenko, 31, ett av sitt livs sv\u00e5raste beslut. Hon l\u00e4mnade sitt hem och sitt arbete f\u00f6r att b\u00f6rja om i Sverige, h\u00f6ggravid och p\u00e5 jakt efter s\u00e4kerhet. Nu, med sin tre m\u00e5nader gamla dotter Sofia, ser hon tillbaka p\u00e5 resan som f\u00f6r\u00e4ndrade allt.<\/strong><\/p><p><span style=\"font-weight: 400;\">N\u00e4r Olexandra anl\u00e4nde till Sverige i maj 2024 var hon gravid i sjunde m\u00e5naden. Med ett krig i ryggen klev hon av planet med en enda tanke: att ge sitt barn ett b\u00e4ttre liv.<\/span><span style=\"font-weight: 400;\"><br \/><\/span><span style=\"font-weight: 400;\"> &#8221;Jag ville ha ett normalt och tryggt liv. N\u00e4r jag blev gravid f\u00f6rstod jag att det var dags att l\u00e4mna,&#8221; s\u00e4ger hon.<\/span><\/p><p><span style=\"font-weight: 400;\">Hemma i Kharkiv hade hon tj\u00e4nstgjort i de ukrainska v\u00e4pnade styrkorna sedan 2020. F\u00f6rst under den gemensamma insatsstyrkan, senare som soldat vid frontlinjen i Donetsk och Kharkiv oblast. N\u00e4r Ryssland inledde sin fullskaliga invasion 2022 blev vardagen i uniform intensiv.<\/span><span style=\"font-weight: 400;\"><br \/><\/span><span style=\"font-weight: 400;\"> &#8221;Jag \u00e4r stolt \u00f6ver att jag gjorde min del, men n\u00e4r jag v\u00e4ntade barn var det dags att t\u00e4nka om. Jag ville ge min dotter n\u00e5got annat, ett tryggt liv d\u00e4r vi inte beh\u00f6ver vara r\u00e4dda.&#8221;<\/span><\/p><p><strong>Fr\u00e5n krig till trygghet<\/strong><\/p><p><span style=\"font-weight: 400;\">Tiden i Sverige har inte varit utan utmaningar, men det har samtidigt gett Olexandra och hennes dotter n\u00e5got hon l\u00e4nge saknat: lugn. Tillsammans med sin mamma, som kommit till Sverige tidigare, tv\u00e5 hundar och familjens katter, som ocks\u00e5 kom med fr\u00e5n Ukraina, bor de p\u00e5 Ljuster\u00f6, en liten \u00f6 i Stockholms sk\u00e4rg\u00e5rd.<\/span><span style=\"font-weight: 400;\"><br \/><\/span><span style=\"font-weight: 400;\"> &#8221;Att hitta bostad med djur \u00e4r sv\u00e5rt, men jag kan inte t\u00e4nka mig att l\u00e4mna dem. De \u00e4r en del av familjen,&#8221; s\u00e4ger hon best\u00e4mt.<\/span><\/p><p><span style=\"font-weight: 400;\">Att vara h\u00f6ggravid i ett nytt land var en utmaning, men Olexandra tog sig an det metodiskt. Hon bes\u00f6kte flera f\u00f6rlossningssjukhus och valde S\u00f6dersjukhuset, trots att det l\u00e5g l\u00e5ngt fr\u00e5n hemmet. Hon fick hj\u00e4lp av en ukrainsk doula genom ett program f\u00f6r migranter.<\/span><span style=\"font-weight: 400;\"><br \/><\/span><span style=\"font-weight: 400;\"> &#8221;Doulan och f\u00f6rlossningspersonalen var fantastiska. De gjorde allt f\u00f6r att jag skulle k\u00e4nna mig trygg,&#8221; s\u00e4ger hon.<\/span><\/p><p><span style=\"font-weight: 400;\">Men det blev inte helt sm\u00e4rtfritt. Efter tre misslyckade f\u00f6rs\u00f6k med epidural drabbades hon av komplikationer som gjorde det sv\u00e5rt att amma.<\/span><span style=\"font-weight: 400;\"><br \/><\/span><span style=\"font-weight: 400;\"> &#8221;Det var en tuff period, men jag \u00e4r s\u00e5 tacksam f\u00f6r mina svenska grannar och v\u00e5rden som hj\u00e4lpte mig. H\u00e4r k\u00e4nner man att man aldrig \u00e4r helt ensam,&#8221; s\u00e4ger hon.<\/span><\/p><p><strong>\u201dH\u00e4r f\u00f6rst\u00e5r jag att jag inte \u00e4r ensam\u201d<\/strong><\/p><p><span style=\"font-weight: 400;\">Olexandra har hittat styrka i gemenskapen med andra sm\u00e5barnsf\u00f6r\u00e4ldrar. Svenska med baby, R\u00f6da Korset och \u00f6ppna f\u00f6rskolor har blivit viktiga m\u00f6tesplatser.<\/span><span style=\"font-weight: 400;\"><br \/><\/span><span style=\"font-weight: 400;\"> &#8221;I b\u00f6rjan trodde jag att jag var ensam om att k\u00e4mpa, medan alla andra satt p\u00e5 caf\u00e9er och nj\u00f6t av livet med sina bebisar. Men h\u00e4r tr\u00e4ffar jag f\u00f6r\u00e4ldrar som g\u00e5r igenom liknande saker. Vi kan dela erfarenheter och tipsa varandra. Det betyder j\u00e4ttemycket,&#8221; s\u00e4ger hon.<\/span><\/p><p><span style=\"font-weight: 400;\">Svenska med babys projekt <\/span><i><span style=\"font-weight: 400;\">Tre generationer m\u00f6ts<\/span><\/i><span style=\"font-weight: 400;\">, d\u00e4r nyanl\u00e4nda f\u00f6r\u00e4ldrar och deras sm\u00e5 barn tr\u00e4ffar svensktalande seniorer, har ocks\u00e5 varit en positiv upplevelse.<\/span><span style=\"font-weight: 400;\"><br \/><\/span><span style=\"font-weight: 400;\"> &#8221;Det \u00e4r s\u00e5 avslappnat att prata med \u00e4ldre personer. De d\u00f6mer till exempel inte mina spr\u00e5kliga misstag och delar g\u00e4rna med sig av svenska traditioner. Det \u00e4r en j\u00e4ttebra m\u00f6jlighet att l\u00e4ra mig mer om livet h\u00e4r.&#8221;<\/span><\/p><p><strong>Dr\u00f6mmar f\u00f6r framtiden<\/strong><\/p><p><span style=\"font-weight: 400;\">Trots att vardagen i Sverige har sina utmaningar, ser Olexandra ljust p\u00e5 framtiden. Hon pluggar SFI och f\u00f6rs\u00f6ker l\u00e4ra sig s\u00e5 mycket hon kan om Sverige. Hon dr\u00f6mmer om att ge sin dotter ett eget rum \u2013 n\u00e5got hon sj\u00e4lv aldrig hade som barn \u2013 och en trygg uppv\u00e4xt utan r\u00e4dsla.<\/span><span style=\"font-weight: 400;\"><br \/><\/span><span style=\"font-weight: 400;\"> &#8221;Att arbeta \u00e4r viktigt f\u00f6r mig. Jag vill inte leva p\u00e5 bidrag, jag vill kunna bidra och k\u00e4nna stolthet. Att visa min dotter att vi kan bygga ett bra liv tillsammans \u00e4r det viktigaste f\u00f6r mig.&#8221;<\/span><\/p><p><span style=\"font-weight: 400;\">Hon saknar sina n\u00e4ra v\u00e4nner i Ukraina. Men h\u00e4r i Sverige har hon f\u00e5tt n\u00e5got annat: s\u00e4kerhet och m\u00f6jligheten att b\u00f6rja om.<\/span><span style=\"font-weight: 400;\"><br \/><\/span><span style=\"font-weight: 400;\"> &#8221;H\u00e4r kan vi leva ett kvalitativt liv, inte bara \u00f6verleva. Det \u00e4r jag evigt tacksam f\u00f6r.&#8221;<\/span><\/p><p><span style=\"font-weight: 400;\">N\u00e4r Olexandra ser p\u00e5 sin dotter, som nyfiket spanar p\u00e5 v\u00e4rlden fr\u00e5n sin filt, \u00e4r hon \u00f6vertygad om en sak. &#8221;Jag gjorde r\u00e4tt val. Jag vill ge henne trygghet och frihet. Och h\u00e4r, i Sverige, tror jag att vi har hittat det.&#8221;<\/span><\/p>\t\t\t\t\t\t\t\t<\/div>\n\t\t\t\t<\/div>\n\t\t\t\t<div class=\"elementor-element elementor-element-4169ead7 elementor-align-left elementor-widget elementor-widget-button\" data-id=\"4169ead7\" data-element_type=\"widget\" data-e-type=\"widget\" data-widget_type=\"button.default\">\n\t\t\t\t<div class=\"elementor-widget-container\">\n\t\t\t\t\t\t\t\t\t<div class=\"elementor-button-wrapper\">\n\t\t\t\t\t<a class=\"elementor-button elementor-button-link elementor-size-sm\" href=\"https:\/\/svenskamedbaby.se\/uk\/reportage\/\">\n\t\t\t\t\t\t<span class=\"elementor-button-content-wrapper\">\n\t\t\t\t\t\t\t\t\t<span class=\"elementor-button-text\">L\u00e4s fler reportage<\/span>\n\t\t\t\t\t<\/span>\n\t\t\t\t\t<\/a>\n\t\t\t\t<\/div>\n\t\t\t\t\t\t\t\t<\/div>\n\t\t\t\t<\/div>\n\t\t\t\t<\/div>\n\t\t<div class=\"elementor-element elementor-element-4aeb1c9f e-con-full elementor-hidden-mobile e-flex elementor-invisible e-con e-child\" data-id=\"4aeb1c9f\" data-element_type=\"container\" data-e-type=\"container\" data-settings=\"{&quot;animation&quot;:&quot;slideInUp&quot;}\">\n\t\t\t\t<div class=\"elementor-element elementor-element-17ce6dce elementor-widget elementor-widget-image\" data-id=\"17ce6dce\" data-element_type=\"widget\" data-e-type=\"widget\" data-settings=\"{&quot;motion_fx_motion_fx_scrolling&quot;:&quot;yes&quot;,&quot;motion_fx_translateY_effect&quot;:&quot;yes&quot;,&quot;motion_fx_translateY_speed&quot;:{&quot;unit&quot;:&quot;px&quot;,&quot;size&quot;:1.8,&quot;sizes&quot;:[]},&quot;motion_fx_translateY_affectedRange&quot;:{&quot;unit&quot;:&quot;%&quot;,&quot;size&quot;:&quot;&quot;,&quot;sizes&quot;:{&quot;start&quot;:0,&quot;end&quot;:100}},&quot;motion_fx_devices&quot;:[&quot;desktop&quot;,&quot;tablet&quot;,&quot;mobile&quot;]}\" data-widget_type=\"image.default\">\n\t\t\t\t<div class=\"elementor-widget-container\">\n\t\t\t\t\t\t\t\t\t\t\t\t\t\t\t<img fetchpriority=\"high\" decoding=\"async\" width=\"427\" height=\"427\" src=\"https:\/\/svenskamedbaby.se\/wp-content\/uploads\/2024\/12\/Oleksandra-cropped_square.jpg\" class=\"attachment-thumbrelated size-thumbrelated wp-image-2428\" alt=\"\" srcset=\"https:\/\/svenskamedbaby.se\/wp-content\/uploads\/2024\/12\/Oleksandra-cropped_square.jpg 427w, https:\/\/svenskamedbaby.se\/wp-content\/uploads\/2024\/12\/Oleksandra-cropped_square-300x300.jpg 300w, https:\/\/svenskamedbaby.se\/wp-content\/uploads\/2024\/12\/Oleksandra-cropped_square-150x150.jpg 150w, https:\/\/svenskamedbaby.se\/wp-content\/uploads\/2024\/12\/Oleksandra-cropped_square-12x12.jpg 12w\" sizes=\"(max-width: 427px) 100vw, 427px\" \/>\t\t\t\t\t\t\t\t\t\t\t\t\t\t\t<\/div>\n\t\t\t\t<\/div>\n\t\t\t\t<\/div>\n\t\t\t\t\t<\/div>\n\t\t\t\t<\/div>\n\t\t\t\t<\/div>\n\t\t","protected":false},"excerpt":{"rendered":"<p>Reportage Jag vill ge min dotter trygghet och frihet&#8221; Efter tv\u00e5 \u00e5r i krigets Ukraina tog Olekandra Stepanenko, 31, ett av sitt livs sv\u00e5raste beslut. Hon l\u00e4mnade sitt hem och sitt arbete f\u00f6r att b\u00f6rja om i Sverige, h\u00f6ggravid och p\u00e5 jakt efter s\u00e4kerhet. Nu, med sin tre m\u00e5nader gamla dotter Sofia, ser hon tillbaka&#8230;<\/p>","protected":false},"author":4,"featured_media":2428,"parent":0,"menu_order":0,"comment_status":"closed","ping_status":"closed","template":"","meta":{"_kad_post_transparent":"","_kad_post_title":"hide","_kad_post_layout":"fullwidth","_kad_post_sidebar_id":"","_kad_post_content_style":"unboxed","_kad_post_vertical_padding":"hide","_kad_post_feature":"hide","_kad_post_feature_position":"","_kad_post_header":false,"_kad_post_footer":false,"footnotes":""},"class_list":["post-2427","page","type-page","status-publish","has-post-thumbnail","hentry"],"yoast_head":"<!-- This site is optimized with the Yoast SEO plugin v27.3 - https:\/\/yoast.com\/product\/yoast-seo-wordpress\/ -->\n<title>&quot;Olekandra Stepanenko&quot;<\/title>\n<meta name=\"description\" content=\"Svenska med baby &quot;Olekandra Stepanenko&quot;\" \/>\n<meta name=\"robots\" content=\"index, follow, max-snippet:-1, max-image-preview:large, max-video-preview:-1\" \/>\n<link rel=\"canonical\" href=\"https:\/\/svenskamedbaby.se\/uk\/allt-handlar-om-framtiden-for-barnen-2\/\" \/>\n<meta property=\"og:locale\" content=\"uk_UA\" \/>\n<meta property=\"og:type\" content=\"article\" \/>\n<meta property=\"og:title\" content=\"&quot;Olekandra Stepanenko&quot;\" \/>\n<meta property=\"og:description\" content=\"Svenska med baby &quot;Olekandra Stepanenko&quot;\" \/>\n<meta property=\"og:url\" content=\"https:\/\/svenskamedbaby.se\/uk\/allt-handlar-om-framtiden-for-barnen-2\/\" \/>\n<meta property=\"og:site_name\" content=\"Svenska med baby\" \/>\n<meta property=\"article:publisher\" content=\"https:\/\/www.facebook.com\/svenskamedbaby\" \/>\n<meta property=\"article:modified_time\" content=\"2024-12-05T16:03:21+00:00\" \/>\n<meta property=\"og:image\" content=\"https:\/\/svenskamedbaby.se\/wp-content\/uploads\/2024\/12\/Oleksandra-cropped_square.jpg\" \/>\n\t<meta property=\"og:image:width\" content=\"427\" \/>\n\t<meta property=\"og:image:height\" content=\"427\" \/>\n\t<meta property=\"og:image:type\" content=\"image\/jpeg\" \/>\n<meta name=\"twitter:card\" content=\"summary_large_image\" \/>\n<meta name=\"twitter:label1\" content=\"\u041f\u0440\u0438\u0431\u043b. \u0447\u0430\u0441 \u0447\u0438\u0442\u0430\u043d\u043d\u044f\" \/>\n\t<meta name=\"twitter:data1\" content=\"4 \u0445\u0432\u0438\u043b\u0438\u043d\u0438\" \/>\n<script type=\"application\/ld+json\" class=\"yoast-schema-graph\">{\"@context\":\"https:\\\/\\\/schema.org\",\"@graph\":[{\"@type\":\"WebPage\",\"@id\":\"https:\\\/\\\/svenskamedbaby.se\\\/allt-handlar-om-framtiden-for-barnen-2\\\/\",\"url\":\"https:\\\/\\\/svenskamedbaby.se\\\/allt-handlar-om-framtiden-for-barnen-2\\\/\",\"name\":\"\\\"Olekandra Stepanenko\\\"\",\"isPartOf\":{\"@id\":\"https:\\\/\\\/svenskamedbaby.se\\\/#website\"},\"primaryImageOfPage\":{\"@id\":\"https:\\\/\\\/svenskamedbaby.se\\\/allt-handlar-om-framtiden-for-barnen-2\\\/#primaryimage\"},\"image\":{\"@id\":\"https:\\\/\\\/svenskamedbaby.se\\\/allt-handlar-om-framtiden-for-barnen-2\\\/#primaryimage\"},\"thumbnailUrl\":\"https:\\\/\\\/svenskamedbaby.se\\\/wp-content\\\/uploads\\\/2024\\\/12\\\/Oleksandra-cropped_square.jpg\",\"datePublished\":\"2024-12-02T13:53:42+00:00\",\"dateModified\":\"2024-12-05T16:03:21+00:00\",\"description\":\"Svenska med baby \\\"Olekandra Stepanenko\\\"\",\"breadcrumb\":{\"@id\":\"https:\\\/\\\/svenskamedbaby.se\\\/allt-handlar-om-framtiden-for-barnen-2\\\/#breadcrumb\"},\"inLanguage\":\"uk\",\"potentialAction\":[{\"@type\":\"ReadAction\",\"target\":[\"https:\\\/\\\/svenskamedbaby.se\\\/allt-handlar-om-framtiden-for-barnen-2\\\/\"]}]},{\"@type\":\"ImageObject\",\"inLanguage\":\"uk\",\"@id\":\"https:\\\/\\\/svenskamedbaby.se\\\/allt-handlar-om-framtiden-for-barnen-2\\\/#primaryimage\",\"url\":\"https:\\\/\\\/svenskamedbaby.se\\\/wp-content\\\/uploads\\\/2024\\\/12\\\/Oleksandra-cropped_square.jpg\",\"contentUrl\":\"https:\\\/\\\/svenskamedbaby.se\\\/wp-content\\\/uploads\\\/2024\\\/12\\\/Oleksandra-cropped_square.jpg\",\"width\":427,\"height\":427},{\"@type\":\"BreadcrumbList\",\"@id\":\"https:\\\/\\\/svenskamedbaby.se\\\/allt-handlar-om-framtiden-for-barnen-2\\\/#breadcrumb\",\"itemListElement\":[{\"@type\":\"ListItem\",\"position\":1,\"name\":\"Home\",\"item\":\"https:\\\/\\\/svenskamedbaby.se\\\/\"},{\"@type\":\"ListItem\",\"position\":2,\"name\":\"&#8221;Olekandra Stepanenko&#8221;\"}]},{\"@type\":\"WebSite\",\"@id\":\"https:\\\/\\\/svenskamedbaby.se\\\/#website\",\"url\":\"https:\\\/\\\/svenskamedbaby.se\\\/\",\"name\":\"Svenska med baby\",\"description\":\"Tr\u00e4ffar f\u00f6r sm\u00e5barn och vuxna med olika bakrund\",\"publisher\":{\"@id\":\"https:\\\/\\\/svenskamedbaby.se\\\/#organization\"},\"potentialAction\":[{\"@type\":\"SearchAction\",\"target\":{\"@type\":\"EntryPoint\",\"urlTemplate\":\"https:\\\/\\\/svenskamedbaby.se\\\/?s={search_term_string}\"},\"query-input\":{\"@type\":\"PropertyValueSpecification\",\"valueRequired\":true,\"valueName\":\"search_term_string\"}}],\"inLanguage\":\"uk\"},{\"@type\":\"Organization\",\"@id\":\"https:\\\/\\\/svenskamedbaby.se\\\/#organization\",\"name\":\"Svenska med baby\",\"url\":\"https:\\\/\\\/svenskamedbaby.se\\\/\",\"logo\":{\"@type\":\"ImageObject\",\"inLanguage\":\"uk\",\"@id\":\"https:\\\/\\\/svenskamedbaby.se\\\/#\\\/schema\\\/logo\\\/image\\\/\",\"url\":\"https:\\\/\\\/svenskamedbaby.se\\\/wp-content\\\/uploads\\\/2024\\\/01\\\/cropped-logo-liggande_orange.png\",\"contentUrl\":\"https:\\\/\\\/svenskamedbaby.se\\\/wp-content\\\/uploads\\\/2024\\\/01\\\/cropped-logo-liggande_orange.png\",\"width\":3101,\"height\":1056,\"caption\":\"Svenska med baby\"},\"image\":{\"@id\":\"https:\\\/\\\/svenskamedbaby.se\\\/#\\\/schema\\\/logo\\\/image\\\/\"},\"sameAs\":[\"https:\\\/\\\/www.facebook.com\\\/svenskamedbaby\",\"https:\\\/\\\/www.instagram.com\\\/svenskamedbaby\\\/\",\"https:\\\/\\\/www.youtube.com\\\/@svenskamedbaby2469\"]}]}<\/script>\n<!-- \/ Yoast SEO plugin. -->","yoast_head_json":{"title":"\"Olekandra Stepanenko\"","description":"Svenska med baby \"Olekandra Stepanenko\"","robots":{"index":"index","follow":"follow","max-snippet":"max-snippet:-1","max-image-preview":"max-image-preview:large","max-video-preview":"max-video-preview:-1"},"canonical":"https:\/\/svenskamedbaby.se\/uk\/allt-handlar-om-framtiden-for-barnen-2\/","og_locale":"uk_UA","og_type":"article","og_title":"\"Olekandra Stepanenko\"","og_description":"Svenska med baby \"Olekandra Stepanenko\"","og_url":"https:\/\/svenskamedbaby.se\/uk\/allt-handlar-om-framtiden-for-barnen-2\/","og_site_name":"Svenska med baby","article_publisher":"https:\/\/www.facebook.com\/svenskamedbaby","article_modified_time":"2024-12-05T16:03:21+00:00","og_image":[{"width":427,"height":427,"url":"https:\/\/svenskamedbaby.se\/wp-content\/uploads\/2024\/12\/Oleksandra-cropped_square.jpg","type":"image\/jpeg"}],"twitter_card":"summary_large_image","twitter_misc":{"\u041f\u0440\u0438\u0431\u043b. \u0447\u0430\u0441 \u0447\u0438\u0442\u0430\u043d\u043d\u044f":"4 \u0445\u0432\u0438\u043b\u0438\u043d\u0438"},"schema":{"@context":"https:\/\/schema.org","@graph":[{"@type":"WebPage","@id":"https:\/\/svenskamedbaby.se\/allt-handlar-om-framtiden-for-barnen-2\/","url":"https:\/\/svenskamedbaby.se\/allt-handlar-om-framtiden-for-barnen-2\/","name":"\"Olekandra Stepanenko\"","isPartOf":{"@id":"https:\/\/svenskamedbaby.se\/#website"},"primaryImageOfPage":{"@id":"https:\/\/svenskamedbaby.se\/allt-handlar-om-framtiden-for-barnen-2\/#primaryimage"},"image":{"@id":"https:\/\/svenskamedbaby.se\/allt-handlar-om-framtiden-for-barnen-2\/#primaryimage"},"thumbnailUrl":"https:\/\/svenskamedbaby.se\/wp-content\/uploads\/2024\/12\/Oleksandra-cropped_square.jpg","datePublished":"2024-12-02T13:53:42+00:00","dateModified":"2024-12-05T16:03:21+00:00","description":"Svenska med baby \"Olekandra Stepanenko\"","breadcrumb":{"@id":"https:\/\/svenskamedbaby.se\/allt-handlar-om-framtiden-for-barnen-2\/#breadcrumb"},"inLanguage":"uk","potentialAction":[{"@type":"ReadAction","target":["https:\/\/svenskamedbaby.se\/allt-handlar-om-framtiden-for-barnen-2\/"]}]},{"@type":"ImageObject","inLanguage":"uk","@id":"https:\/\/svenskamedbaby.se\/allt-handlar-om-framtiden-for-barnen-2\/#primaryimage","url":"https:\/\/svenskamedbaby.se\/wp-content\/uploads\/2024\/12\/Oleksandra-cropped_square.jpg","contentUrl":"https:\/\/svenskamedbaby.se\/wp-content\/uploads\/2024\/12\/Oleksandra-cropped_square.jpg","width":427,"height":427},{"@type":"BreadcrumbList","@id":"https:\/\/svenskamedbaby.se\/allt-handlar-om-framtiden-for-barnen-2\/#breadcrumb","itemListElement":[{"@type":"ListItem","position":1,"name":"Home","item":"https:\/\/svenskamedbaby.se\/"},{"@type":"ListItem","position":2,"name":"&#8221;Olekandra Stepanenko&#8221;"}]},{"@type":"WebSite","@id":"https:\/\/svenskamedbaby.se\/#website","url":"https:\/\/svenskamedbaby.se\/","name":"Svenska med baby","description":"\u0417\u0443\u0441\u0442\u0440\u0456\u0447\u0456 \u0434\u043b\u044f \u0434\u0456\u0442\u0435\u0439 \u043c\u043e\u043b\u043e\u0434\u0448\u043e\u0433\u043e \u0432\u0456\u043a\u0443 \u0442\u0430 \u0434\u043e\u0440\u043e\u0441\u043b\u0438\u0445 \u0437 \u0440\u0456\u0437\u043d\u0438\u043c \u0434\u043e\u0441\u0432\u0456\u0434\u043e\u043c","publisher":{"@id":"https:\/\/svenskamedbaby.se\/#organization"},"potentialAction":[{"@type":"SearchAction","target":{"@type":"EntryPoint","urlTemplate":"https:\/\/svenskamedbaby.se\/?s={search_term_string}"},"query-input":{"@type":"PropertyValueSpecification","valueRequired":true,"valueName":"search_term_string"}}],"inLanguage":"uk"},{"@type":"Organization","@id":"https:\/\/svenskamedbaby.se\/#organization","name":"Svenska med baby","url":"https:\/\/svenskamedbaby.se\/","logo":{"@type":"ImageObject","inLanguage":"uk","@id":"https:\/\/svenskamedbaby.se\/#\/schema\/logo\/image\/","url":"https:\/\/svenskamedbaby.se\/wp-content\/uploads\/2024\/01\/cropped-logo-liggande_orange.png","contentUrl":"https:\/\/svenskamedbaby.se\/wp-content\/uploads\/2024\/01\/cropped-logo-liggande_orange.png","width":3101,"height":1056,"caption":"Svenska med baby"},"image":{"@id":"https:\/\/svenskamedbaby.se\/#\/schema\/logo\/image\/"},"sameAs":["https:\/\/www.facebook.com\/svenskamedbaby","https:\/\/www.instagram.com\/svenskamedbaby\/","https:\/\/www.youtube.com\/@svenskamedbaby2469"]}]}},"_links":{"self":[{"href":"https:\/\/svenskamedbaby.se\/uk\/wp-json\/wp\/v2\/pages\/2427","targetHints":{"allow":["GET"]}}],"collection":[{"href":"https:\/\/svenskamedbaby.se\/uk\/wp-json\/wp\/v2\/pages"}],"about":[{"href":"https:\/\/svenskamedbaby.se\/uk\/wp-json\/wp\/v2\/types\/page"}],"author":[{"embeddable":true,"href":"https:\/\/svenskamedbaby.se\/uk\/wp-json\/wp\/v2\/users\/4"}],"replies":[{"embeddable":true,"href":"https:\/\/svenskamedbaby.se\/uk\/wp-json\/wp\/v2\/comments?post=2427"}],"version-history":[{"count":0,"href":"https:\/\/svenskamedbaby.se\/uk\/wp-json\/wp\/v2\/pages\/2427\/revisions"}],"wp:featuredmedia":[{"embeddable":true,"href":"https:\/\/svenskamedbaby.se\/uk\/wp-json\/wp\/v2\/media\/2428"}],"wp:attachment":[{"href":"https:\/\/svenskamedbaby.se\/uk\/wp-json\/wp\/v2\/media?parent=2427"}],"curies":[{"name":"wp","href":"https:\/\/api.w.org\/{rel}","templated":true}]}}