{"id":770,"date":"2024-03-06T10:27:52","date_gmt":"2024-03-06T10:27:52","guid":{"rendered":"https:\/\/svenskamedbaby.se\/?page_id=770"},"modified":"2025-11-27T08:49:25","modified_gmt":"2025-11-27T08:49:25","slug":"tacksida","status":"publish","type":"page","link":"https:\/\/svenskamedbaby.se\/uk\/tacksida\/","title":{"rendered":"Tacksida"},"content":{"rendered":"<p><img decoding=\"async\" src=\"https:\/\/svenskamedbaby.se\/wp-content\/uploads\/elementor\/thumbs\/logo-staende_orange_no-text-qj5ymsrrh5tzx06fynnftype4a374eyznbfh8q7jsk.png\" title=\"\u043b\u043e\u0433\u043e\u0442\u0438\u043f_\u0441\u0442\u043e\u044f\u0447\u0438\u0439_\u043f\u043e\u043c\u0430\u0440\u0430\u043d\u0447\u0435\u0432\u0438\u0439_\u0431\u0435\u0437 \u0442\u0435\u043a\u0441\u0442\u0443\" alt=\"\u043b\u043e\u0433\u043e\u0442\u0438\u043f_\u0441\u0442\u043e\u044f\u0447\u0438\u0439_\u043f\u043e\u043c\u0430\u0440\u0430\u043d\u0447\u0435\u0432\u0438\u0439_\u0431\u0435\u0437 \u0442\u0435\u043a\u0441\u0442\u0443\" loading=\"lazy\" \/>\t\t\t\t\t\t\t\t\t\t\t\t\t\t\t<\/p>\n<h2>Tack f\u00f6r din anm\u00e4lan!<\/h2>\n<h2>Vi har mottagit din am\u00e4lan, tack och v\u00e4lkommen!<\/h2>\n<p>\t\t\t<a role=\"button\"><br \/>\n\t\t\t\t\t\tTillbaka<br \/>\n\t\t\t\t\t<\/a><\/p>\n<h4><span class=\"typed-me\" data-string0=\"Hej och v\u00e4lkommen\" data-string1=\"\u041f\u0440\u0438\u0432\u0456\u0442 \u0456 \u043b\u0430\u0441\u043a\u0430\u0432\u043e \u043f\u0440\u043e\u0441\u0438\u043c\u043e\" data-string2=\"\u0623\u0647\u0644\u0627 \u0648\u0645\u0631\u062d\u0628\u0627\" data-string3=\"Salaan iyo soo dhawayn\" data-string4=\"Hi and welcome\" data-type-speed=\"40\" data-start-delay=\"0\" data-back-speed=\"40\" data-back-delay=\"500\" data-loop=\"1\" data-shuffle=\"1\"><\/span><\/h4>","protected":false},"excerpt":{"rendered":"<p>Tack f\u00f6r din anm\u00e4lan! Vi har mottagit din am\u00e4lan, tack och v\u00e4lkommen! Tillbaka<\/p>","protected":false},"author":2,"featured_media":0,"parent":0,"menu_order":0,"comment_status":"closed","ping_status":"closed","template":"","meta":{"_kad_post_transparent":"","_kad_post_title":"hide","_kad_post_layout":"fullwidth","_kad_post_sidebar_id":"","_kad_post_content_style":"unboxed","_kad_post_vertical_padding":"hide","_kad_post_feature":"hide","_kad_post_feature_position":"","_kad_post_header":false,"_kad_post_footer":false,"footnotes":""},"class_list":["post-770","page","type-page","status-publish","hentry"],"yoast_head":"<!-- This site is optimized with the Yoast SEO plugin v27.3 - https:\/\/yoast.com\/product\/yoast-seo-wordpress\/ -->\n<title>Tacksida - Svenska med baby<\/title>\n<meta name=\"robots\" content=\"index, follow, max-snippet:-1, max-image-preview:large, max-video-preview:-1\" \/>\n<link rel=\"canonical\" href=\"https:\/\/svenskamedbaby.se\/uk\/tacksida\/\" \/>\n<meta property=\"og:locale\" content=\"uk_UA\" \/>\n<meta property=\"og:type\" content=\"article\" \/>\n<meta property=\"og:title\" content=\"Tacksida - Svenska med baby\" \/>\n<meta property=\"og:description\" content=\"Tack f\u00f6r din anm\u00e4lan! Vi har mottagit din am\u00e4lan, tack och v\u00e4lkommen! Tillbaka\" \/>\n<meta property=\"og:url\" content=\"https:\/\/svenskamedbaby.se\/uk\/tacksida\/\" \/>\n<meta property=\"og:site_name\" content=\"Svenska med baby\" \/>\n<meta property=\"article:publisher\" content=\"https:\/\/www.facebook.com\/svenskamedbaby\" \/>\n<meta property=\"article:modified_time\" content=\"2025-11-27T08:49:25+00:00\" \/>\n<meta property=\"og:image\" content=\"https:\/\/svenskamedbaby.se\/wp-content\/uploads\/elementor\/thumbs\/logo-staende_orange_no-text-qj5ymsrrh5tzx06fynnftype4a374eyznbfh8q7jsk.png\" \/>\n<meta name=\"twitter:card\" content=\"summary_large_image\" \/>\n<meta name=\"twitter:label1\" content=\"\u041f\u0440\u0438\u0431\u043b. \u0447\u0430\u0441 \u0447\u0438\u0442\u0430\u043d\u043d\u044f\" \/>\n\t<meta name=\"twitter:data1\" content=\"1 \u0445\u0432\u0438\u043b\u0438\u043d\u0430\" \/>\n<script type=\"application\/ld+json\" class=\"yoast-schema-graph\">{\"@context\":\"https:\\\/\\\/schema.org\",\"@graph\":[{\"@type\":\"WebPage\",\"@id\":\"https:\\\/\\\/svenskamedbaby.se\\\/tacksida\\\/\",\"url\":\"https:\\\/\\\/svenskamedbaby.se\\\/tacksida\\\/\",\"name\":\"Tacksida - Svenska med baby\",\"isPartOf\":{\"@id\":\"https:\\\/\\\/svenskamedbaby.se\\\/#website\"},\"primaryImageOfPage\":{\"@id\":\"https:\\\/\\\/svenskamedbaby.se\\\/tacksida\\\/#primaryimage\"},\"image\":{\"@id\":\"https:\\\/\\\/svenskamedbaby.se\\\/tacksida\\\/#primaryimage\"},\"thumbnailUrl\":\"https:\\\/\\\/svenskamedbaby.se\\\/wp-content\\\/uploads\\\/elementor\\\/thumbs\\\/logo-staende_orange_no-text-qj5ymsrrh5tzx06fynnftype4a374eyznbfh8q7jsk.png\",\"datePublished\":\"2024-03-06T10:27:52+00:00\",\"dateModified\":\"2025-11-27T08:49:25+00:00\",\"breadcrumb\":{\"@id\":\"https:\\\/\\\/svenskamedbaby.se\\\/tacksida\\\/#breadcrumb\"},\"inLanguage\":\"uk\",\"potentialAction\":[{\"@type\":\"ReadAction\",\"target\":[\"https:\\\/\\\/svenskamedbaby.se\\\/tacksida\\\/\"]}]},{\"@type\":\"ImageObject\",\"inLanguage\":\"uk\",\"@id\":\"https:\\\/\\\/svenskamedbaby.se\\\/tacksida\\\/#primaryimage\",\"url\":\"https:\\\/\\\/svenskamedbaby.se\\\/wp-content\\\/uploads\\\/elementor\\\/thumbs\\\/logo-staende_orange_no-text-qj5ymsrrh5tzx06fynnftype4a374eyznbfh8q7jsk.png\",\"contentUrl\":\"https:\\\/\\\/svenskamedbaby.se\\\/wp-content\\\/uploads\\\/elementor\\\/thumbs\\\/logo-staende_orange_no-text-qj5ymsrrh5tzx06fynnftype4a374eyznbfh8q7jsk.png\"},{\"@type\":\"BreadcrumbList\",\"@id\":\"https:\\\/\\\/svenskamedbaby.se\\\/tacksida\\\/#breadcrumb\",\"itemListElement\":[{\"@type\":\"ListItem\",\"position\":1,\"name\":\"Home\",\"item\":\"https:\\\/\\\/svenskamedbaby.se\\\/\"},{\"@type\":\"ListItem\",\"position\":2,\"name\":\"Tacksida\"}]},{\"@type\":\"WebSite\",\"@id\":\"https:\\\/\\\/svenskamedbaby.se\\\/#website\",\"url\":\"https:\\\/\\\/svenskamedbaby.se\\\/\",\"name\":\"Svenska med baby\",\"description\":\"Tr\u00e4ffar f\u00f6r sm\u00e5barn och vuxna med olika bakrund\",\"publisher\":{\"@id\":\"https:\\\/\\\/svenskamedbaby.se\\\/#organization\"},\"potentialAction\":[{\"@type\":\"SearchAction\",\"target\":{\"@type\":\"EntryPoint\",\"urlTemplate\":\"https:\\\/\\\/svenskamedbaby.se\\\/?s={search_term_string}\"},\"query-input\":{\"@type\":\"PropertyValueSpecification\",\"valueRequired\":true,\"valueName\":\"search_term_string\"}}],\"inLanguage\":\"uk\"},{\"@type\":\"Organization\",\"@id\":\"https:\\\/\\\/svenskamedbaby.se\\\/#organization\",\"name\":\"Svenska med baby\",\"url\":\"https:\\\/\\\/svenskamedbaby.se\\\/\",\"logo\":{\"@type\":\"ImageObject\",\"inLanguage\":\"uk\",\"@id\":\"https:\\\/\\\/svenskamedbaby.se\\\/#\\\/schema\\\/logo\\\/image\\\/\",\"url\":\"https:\\\/\\\/svenskamedbaby.se\\\/wp-content\\\/uploads\\\/2024\\\/01\\\/cropped-logo-liggande_orange.png\",\"contentUrl\":\"https:\\\/\\\/svenskamedbaby.se\\\/wp-content\\\/uploads\\\/2024\\\/01\\\/cropped-logo-liggande_orange.png\",\"width\":3101,\"height\":1056,\"caption\":\"Svenska med baby\"},\"image\":{\"@id\":\"https:\\\/\\\/svenskamedbaby.se\\\/#\\\/schema\\\/logo\\\/image\\\/\"},\"sameAs\":[\"https:\\\/\\\/www.facebook.com\\\/svenskamedbaby\",\"https:\\\/\\\/www.instagram.com\\\/svenskamedbaby\\\/\",\"https:\\\/\\\/www.youtube.com\\\/@svenskamedbaby2469\"]}]}<\/script>\n<!-- \/ Yoast SEO plugin. -->","yoast_head_json":{"title":"Tacksida - Svenska med baby","robots":{"index":"index","follow":"follow","max-snippet":"max-snippet:-1","max-image-preview":"max-image-preview:large","max-video-preview":"max-video-preview:-1"},"canonical":"https:\/\/svenskamedbaby.se\/uk\/tacksida\/","og_locale":"uk_UA","og_type":"article","og_title":"Tacksida - Svenska med baby","og_description":"Tack f\u00f6r din anm\u00e4lan! Vi har mottagit din am\u00e4lan, tack och v\u00e4lkommen! Tillbaka","og_url":"https:\/\/svenskamedbaby.se\/uk\/tacksida\/","og_site_name":"Svenska med baby","article_publisher":"https:\/\/www.facebook.com\/svenskamedbaby","article_modified_time":"2025-11-27T08:49:25+00:00","og_image":[{"url":"https:\/\/svenskamedbaby.se\/wp-content\/uploads\/elementor\/thumbs\/logo-staende_orange_no-text-qj5ymsrrh5tzx06fynnftype4a374eyznbfh8q7jsk.png","type":"","width":"","height":""}],"twitter_card":"summary_large_image","twitter_misc":{"\u041f\u0440\u0438\u0431\u043b. \u0447\u0430\u0441 \u0447\u0438\u0442\u0430\u043d\u043d\u044f":"1 \u0445\u0432\u0438\u043b\u0438\u043d\u0430"},"schema":{"@context":"https:\/\/schema.org","@graph":[{"@type":"WebPage","@id":"https:\/\/svenskamedbaby.se\/tacksida\/","url":"https:\/\/svenskamedbaby.se\/tacksida\/","name":"Tacksida - Svenska med baby","isPartOf":{"@id":"https:\/\/svenskamedbaby.se\/#website"},"primaryImageOfPage":{"@id":"https:\/\/svenskamedbaby.se\/tacksida\/#primaryimage"},"image":{"@id":"https:\/\/svenskamedbaby.se\/tacksida\/#primaryimage"},"thumbnailUrl":"https:\/\/svenskamedbaby.se\/wp-content\/uploads\/elementor\/thumbs\/logo-staende_orange_no-text-qj5ymsrrh5tzx06fynnftype4a374eyznbfh8q7jsk.png","datePublished":"2024-03-06T10:27:52+00:00","dateModified":"2025-11-27T08:49:25+00:00","breadcrumb":{"@id":"https:\/\/svenskamedbaby.se\/tacksida\/#breadcrumb"},"inLanguage":"uk","potentialAction":[{"@type":"ReadAction","target":["https:\/\/svenskamedbaby.se\/tacksida\/"]}]},{"@type":"ImageObject","inLanguage":"uk","@id":"https:\/\/svenskamedbaby.se\/tacksida\/#primaryimage","url":"https:\/\/svenskamedbaby.se\/wp-content\/uploads\/elementor\/thumbs\/logo-staende_orange_no-text-qj5ymsrrh5tzx06fynnftype4a374eyznbfh8q7jsk.png","contentUrl":"https:\/\/svenskamedbaby.se\/wp-content\/uploads\/elementor\/thumbs\/logo-staende_orange_no-text-qj5ymsrrh5tzx06fynnftype4a374eyznbfh8q7jsk.png"},{"@type":"BreadcrumbList","@id":"https:\/\/svenskamedbaby.se\/tacksida\/#breadcrumb","itemListElement":[{"@type":"ListItem","position":1,"name":"Home","item":"https:\/\/svenskamedbaby.se\/"},{"@type":"ListItem","position":2,"name":"Tacksida"}]},{"@type":"WebSite","@id":"https:\/\/svenskamedbaby.se\/#website","url":"https:\/\/svenskamedbaby.se\/","name":"Svenska med baby","description":"\u0417\u0443\u0441\u0442\u0440\u0456\u0447\u0456 \u0434\u043b\u044f \u0434\u0456\u0442\u0435\u0439 \u043c\u043e\u043b\u043e\u0434\u0448\u043e\u0433\u043e \u0432\u0456\u043a\u0443 \u0442\u0430 \u0434\u043e\u0440\u043e\u0441\u043b\u0438\u0445 \u0437 \u0440\u0456\u0437\u043d\u0438\u043c \u0434\u043e\u0441\u0432\u0456\u0434\u043e\u043c","publisher":{"@id":"https:\/\/svenskamedbaby.se\/#organization"},"potentialAction":[{"@type":"SearchAction","target":{"@type":"EntryPoint","urlTemplate":"https:\/\/svenskamedbaby.se\/?s={search_term_string}"},"query-input":{"@type":"PropertyValueSpecification","valueRequired":true,"valueName":"search_term_string"}}],"inLanguage":"uk"},{"@type":"Organization","@id":"https:\/\/svenskamedbaby.se\/#organization","name":"Svenska med baby","url":"https:\/\/svenskamedbaby.se\/","logo":{"@type":"ImageObject","inLanguage":"uk","@id":"https:\/\/svenskamedbaby.se\/#\/schema\/logo\/image\/","url":"https:\/\/svenskamedbaby.se\/wp-content\/uploads\/2024\/01\/cropped-logo-liggande_orange.png","contentUrl":"https:\/\/svenskamedbaby.se\/wp-content\/uploads\/2024\/01\/cropped-logo-liggande_orange.png","width":3101,"height":1056,"caption":"Svenska med baby"},"image":{"@id":"https:\/\/svenskamedbaby.se\/#\/schema\/logo\/image\/"},"sameAs":["https:\/\/www.facebook.com\/svenskamedbaby","https:\/\/www.instagram.com\/svenskamedbaby\/","https:\/\/www.youtube.com\/@svenskamedbaby2469"]}]}},"_links":{"self":[{"href":"https:\/\/svenskamedbaby.se\/uk\/wp-json\/wp\/v2\/pages\/770","targetHints":{"allow":["GET"]}}],"collection":[{"href":"https:\/\/svenskamedbaby.se\/uk\/wp-json\/wp\/v2\/pages"}],"about":[{"href":"https:\/\/svenskamedbaby.se\/uk\/wp-json\/wp\/v2\/types\/page"}],"author":[{"embeddable":true,"href":"https:\/\/svenskamedbaby.se\/uk\/wp-json\/wp\/v2\/users\/2"}],"replies":[{"embeddable":true,"href":"https:\/\/svenskamedbaby.se\/uk\/wp-json\/wp\/v2\/comments?post=770"}],"version-history":[{"count":0,"href":"https:\/\/svenskamedbaby.se\/uk\/wp-json\/wp\/v2\/pages\/770\/revisions"}],"wp:attachment":[{"href":"https:\/\/svenskamedbaby.se\/uk\/wp-json\/wp\/v2\/media?parent=770"}],"curies":[{"name":"wp","href":"https:\/\/api.w.org\/{rel}","templated":true}]}}